{"id":26037,"date":"2025-12-12T18:23:43","date_gmt":"2025-12-12T17:23:43","guid":{"rendered":"https:\/\/test.ecbeaute.com\/?post_type=product&#038;p=26037"},"modified":"2025-12-12T18:23:47","modified_gmt":"2025-12-12T17:23:47","slug":"ducray-melascreen-eclat-spf-15-creme-riche-40-ml-3","status":"publish","type":"product","link":"https:\/\/paracherkaoui.ma\/index.php\/produit\/ducray-melascreen-eclat-spf-15-creme-riche-40-ml-3\/","title":{"rendered":"DUCRAY MELASCREEN ECLAT SPF 15+ CREME RICHE 40 ML"},"content":{"rendered":"<p>Description :<br \/>\nPour un teint uni et velout\u00e9 jour apr\u00e8s jour, MELASCREEN ECLAT Cr\u00e8me riche :<br \/>\n\u2022 l\u2019efficacit\u00e9 d\u2019un soin \u00e9claircissant,<br \/>\n\u2022 la douceur d\u2019une texture cr\u00e8me qui r\u00e9conforte et nourrit les peaux s\u00e8ches.<br \/>\nMELASCREEN ECLAT Cr\u00e8me riche clarifie et unifie le teint, favorise l\u2019\u00e9claircissement des taches brunes.<\/p>\n<p>Les points forts de MELASCREEN ECLAT Cr\u00e8me riche :<br \/>\n\u2022 Un soin qui \u00e9claircit et unifie le teint en cas de taches brunes ou de pigmentation irr\u00e9guli\u00e8re, tout en r\u00e9confortant les peaux s\u00e8ches par nature ou dess\u00e9ch\u00e9es par les frimas de l\u2019hiver.<br \/>\n\u2022 Une tr\u00e8s bonne tol\u00e9rance, m\u00eame chez les peaux tr\u00e8s fragiles telles que les peaux s\u00e8ches.<br \/>\n\u2022 Une protection SPF15 constituant une pr\u00e9vention au quotidien \u00e0 l\u2019apparition de nouvelles taches d\u2019hyperpigmentation.<br \/>\n\u2022 Une excellente base de maquillage.<br \/>\n\u2022 Un parfum l\u00e9ger et agr\u00e9able (th\u00e9 vert).<br \/>\nIndications :<br \/>\nSoin quotidien \u00e9claircissant pour peaux s\u00e8ches<br \/>\nFormule :<br \/>\nComplexe de deux actifs synergiques concentr\u00e9s :<br \/>\n\u2022 Niacinamide : blocage du transfert des m\u00e9lanosomes remplis de m\u00e9lanine aux k\u00e9ratinocytes*.<br \/>\n\u2022 Vitamine C \u00e0 lib\u00e9ration prolong\u00e9e (LP) :<br \/>\n\u2022 Activit\u00e9 anti-oxydante qui limite la coloration en surface des m\u00e9lanosomes*.<br \/>\n\u2022 Inhibition de la synth\u00e8se de m\u00e9lanine par blocage de l\u2019enzyme tyrosinase*.<br \/>\n\u2022 Action lissante de la couche corn\u00e9e*.<\/p>\n<p>* Test\u00e9 in vitro.<br \/>\nConseils d&rsquo;utilisation :<br \/>\nMatin et \/ ou soir sur l&rsquo;ensemble du visage et du cou.<br \/>\nEviter le contact avec les yeux.<br \/>\nNon com\u00e9dog\u00e8ne.<\/p>\n","protected":false},"excerpt":{"rendered":"<p>Description : Pour un teint uni et velout\u00e9 jour apr\u00e8s jour, MELASCREEN ECLAT Cr\u00e8me riche : \u2022 l\u2019efficacit\u00e9 d\u2019un soin<\/p>\n","protected":false},"featured_media":11954,"comment_status":"open","ping_status":"closed","template":"","meta":[],"product_brand":[138],"product_cat":[502],"product_tag":[],"class_list":{"0":"post-26037","1":"product","2":"type-product","3":"status-publish","4":"has-post-thumbnail","6":"product_brand-ducray","7":"product_cat-soins-anti-imperfections","9":"first","10":"instock","11":"sale","12":"shipping-taxable","13":"purchasable","14":"product-type-simple"},"yoast_head":"<!-- This site is optimized with the Yoast SEO plugin v26.6 - https:\/\/yoast.com\/wordpress\/plugins\/seo\/ -->\r\n<title>DUCRAY MELASCREEN ECLAT SPF 15+ CREME RICHE 40 ML - Paracherkaoui.ma<\/title>\r\n<meta name=\"robots\" content=\"index, follow, max-snippet:-1, max-image-preview:large, max-video-preview:-1\" \/>\r\n<link rel=\"canonical\" href=\"https:\/\/paracherkaoui.ma\/index.php\/produit\/ducray-melascreen-eclat-spf-15-creme-riche-40-ml-3\/\" \/>\r\n<meta property=\"og:locale\" content=\"fr_FR\" \/>\r\n<meta property=\"og:type\" content=\"article\" \/>\r\n<meta property=\"og:title\" content=\"DUCRAY MELASCREEN ECLAT SPF 15+ CREME RICHE 40 ML - Paracherkaoui.ma\" \/>\r\n<meta property=\"og:description\" content=\"Description : Pour un teint uni et velout\u00e9 jour apr\u00e8s jour, MELASCREEN ECLAT Cr\u00e8me riche : \u2022 l\u2019efficacit\u00e9 d\u2019un soin\" \/>\r\n<meta property=\"og:url\" content=\"https:\/\/paracherkaoui.ma\/index.php\/produit\/ducray-melascreen-eclat-spf-15-creme-riche-40-ml-3\/\" \/>\r\n<meta property=\"og:site_name\" content=\"Paracherkaoui.ma\" \/>\r\n<meta property=\"article:modified_time\" content=\"2025-12-12T17:23:47+00:00\" \/>\r\n<meta property=\"og:image\" content=\"https:\/\/paracherkaoui.ma\/wp-content\/uploads\/2025\/12\/ducray-ducray-melascreen-eclat-spf-15-creme-riche-40-ml-cremes-jour.jpg\" \/>\r\n\t<meta property=\"og:image:width\" content=\"700\" \/>\r\n\t<meta property=\"og:image:height\" content=\"700\" \/>\r\n\t<meta property=\"og:image:type\" content=\"image\/jpeg\" \/>\r\n<meta name=\"twitter:card\" content=\"summary_large_image\" \/>\r\n<meta name=\"twitter:label1\" content=\"Dur\u00e9e de lecture estim\u00e9e\" \/>\n\t<meta name=\"twitter:data1\" content=\"1 minute\" \/>\r\n<script type=\"application\/ld+json\" class=\"yoast-schema-graph\">{\"@context\":\"https:\/\/schema.org\",\"@graph\":[{\"@type\":\"WebPage\",\"@id\":\"https:\/\/paracherkaoui.ma\/index.php\/produit\/ducray-melascreen-eclat-spf-15-creme-riche-40-ml-3\/\",\"url\":\"https:\/\/paracherkaoui.ma\/index.php\/produit\/ducray-melascreen-eclat-spf-15-creme-riche-40-ml-3\/\",\"name\":\"DUCRAY MELASCREEN ECLAT SPF 15+ CREME RICHE 40 ML - Paracherkaoui.ma\",\"isPartOf\":{\"@id\":\"https:\/\/paracherkaoui.ma\/#website\"},\"primaryImageOfPage\":{\"@id\":\"https:\/\/paracherkaoui.ma\/index.php\/produit\/ducray-melascreen-eclat-spf-15-creme-riche-40-ml-3\/#primaryimage\"},\"image\":{\"@id\":\"https:\/\/paracherkaoui.ma\/index.php\/produit\/ducray-melascreen-eclat-spf-15-creme-riche-40-ml-3\/#primaryimage\"},\"thumbnailUrl\":\"https:\/\/paracherkaoui.ma\/wp-content\/uploads\/2025\/12\/ducray-ducray-melascreen-eclat-spf-15-creme-riche-40-ml-cremes-jour.jpg\",\"datePublished\":\"2025-12-12T17:23:43+00:00\",\"dateModified\":\"2025-12-12T17:23:47+00:00\",\"breadcrumb\":{\"@id\":\"https:\/\/paracherkaoui.ma\/index.php\/produit\/ducray-melascreen-eclat-spf-15-creme-riche-40-ml-3\/#breadcrumb\"},\"inLanguage\":\"fr-FR\",\"potentialAction\":[{\"@type\":\"ReadAction\",\"target\":[\"https:\/\/paracherkaoui.ma\/index.php\/produit\/ducray-melascreen-eclat-spf-15-creme-riche-40-ml-3\/\"]}]},{\"@type\":\"ImageObject\",\"inLanguage\":\"fr-FR\",\"@id\":\"https:\/\/paracherkaoui.ma\/index.php\/produit\/ducray-melascreen-eclat-spf-15-creme-riche-40-ml-3\/#primaryimage\",\"url\":\"https:\/\/paracherkaoui.ma\/wp-content\/uploads\/2025\/12\/ducray-ducray-melascreen-eclat-spf-15-creme-riche-40-ml-cremes-jour.jpg\",\"contentUrl\":\"https:\/\/paracherkaoui.ma\/wp-content\/uploads\/2025\/12\/ducray-ducray-melascreen-eclat-spf-15-creme-riche-40-ml-cremes-jour.jpg\",\"width\":700,\"height\":700},{\"@type\":\"BreadcrumbList\",\"@id\":\"https:\/\/paracherkaoui.ma\/index.php\/produit\/ducray-melascreen-eclat-spf-15-creme-riche-40-ml-3\/#breadcrumb\",\"itemListElement\":[{\"@type\":\"ListItem\",\"position\":1,\"name\":\"Accueil\",\"item\":\"https:\/\/paracherkaoui.ma\/\"},{\"@type\":\"ListItem\",\"position\":2,\"name\":\"Boutique\",\"item\":\"https:\/\/paracherkaoui.ma\/index.php\/boutique\/\"},{\"@type\":\"ListItem\",\"position\":3,\"name\":\"DUCRAY MELASCREEN ECLAT SPF 15+ CREME RICHE 40 ML\"}]},{\"@type\":\"WebSite\",\"@id\":\"https:\/\/paracherkaoui.ma\/#website\",\"url\":\"https:\/\/paracherkaoui.ma\/\",\"name\":\"Paracherkaoui.ma\",\"description\":\"Achetez en ligne sur Paracherkaoui.ma\",\"potentialAction\":[{\"@type\":\"SearchAction\",\"target\":{\"@type\":\"EntryPoint\",\"urlTemplate\":\"https:\/\/paracherkaoui.ma\/?s={search_term_string}\"},\"query-input\":{\"@type\":\"PropertyValueSpecification\",\"valueRequired\":true,\"valueName\":\"search_term_string\"}}],\"inLanguage\":\"fr-FR\"}]}<\/script>\r\n<!-- \/ Yoast SEO plugin. -->","yoast_head_json":{"title":"DUCRAY MELASCREEN ECLAT SPF 15+ CREME RICHE 40 ML - Paracherkaoui.ma","robots":{"index":"index","follow":"follow","max-snippet":"max-snippet:-1","max-image-preview":"max-image-preview:large","max-video-preview":"max-video-preview:-1"},"canonical":"https:\/\/paracherkaoui.ma\/index.php\/produit\/ducray-melascreen-eclat-spf-15-creme-riche-40-ml-3\/","og_locale":"fr_FR","og_type":"article","og_title":"DUCRAY MELASCREEN ECLAT SPF 15+ CREME RICHE 40 ML - Paracherkaoui.ma","og_description":"Description : Pour un teint uni et velout\u00e9 jour apr\u00e8s jour, MELASCREEN ECLAT Cr\u00e8me riche : \u2022 l\u2019efficacit\u00e9 d\u2019un soin","og_url":"https:\/\/paracherkaoui.ma\/index.php\/produit\/ducray-melascreen-eclat-spf-15-creme-riche-40-ml-3\/","og_site_name":"Paracherkaoui.ma","article_modified_time":"2025-12-12T17:23:47+00:00","og_image":[{"width":700,"height":700,"url":"https:\/\/paracherkaoui.ma\/wp-content\/uploads\/2025\/12\/ducray-ducray-melascreen-eclat-spf-15-creme-riche-40-ml-cremes-jour.jpg","type":"image\/jpeg"}],"twitter_card":"summary_large_image","twitter_misc":{"Dur\u00e9e de lecture estim\u00e9e":"1 minute"},"schema":{"@context":"https:\/\/schema.org","@graph":[{"@type":"WebPage","@id":"https:\/\/paracherkaoui.ma\/index.php\/produit\/ducray-melascreen-eclat-spf-15-creme-riche-40-ml-3\/","url":"https:\/\/paracherkaoui.ma\/index.php\/produit\/ducray-melascreen-eclat-spf-15-creme-riche-40-ml-3\/","name":"DUCRAY MELASCREEN ECLAT SPF 15+ CREME RICHE 40 ML - Paracherkaoui.ma","isPartOf":{"@id":"https:\/\/paracherkaoui.ma\/#website"},"primaryImageOfPage":{"@id":"https:\/\/paracherkaoui.ma\/index.php\/produit\/ducray-melascreen-eclat-spf-15-creme-riche-40-ml-3\/#primaryimage"},"image":{"@id":"https:\/\/paracherkaoui.ma\/index.php\/produit\/ducray-melascreen-eclat-spf-15-creme-riche-40-ml-3\/#primaryimage"},"thumbnailUrl":"https:\/\/paracherkaoui.ma\/wp-content\/uploads\/2025\/12\/ducray-ducray-melascreen-eclat-spf-15-creme-riche-40-ml-cremes-jour.jpg","datePublished":"2025-12-12T17:23:43+00:00","dateModified":"2025-12-12T17:23:47+00:00","breadcrumb":{"@id":"https:\/\/paracherkaoui.ma\/index.php\/produit\/ducray-melascreen-eclat-spf-15-creme-riche-40-ml-3\/#breadcrumb"},"inLanguage":"fr-FR","potentialAction":[{"@type":"ReadAction","target":["https:\/\/paracherkaoui.ma\/index.php\/produit\/ducray-melascreen-eclat-spf-15-creme-riche-40-ml-3\/"]}]},{"@type":"ImageObject","inLanguage":"fr-FR","@id":"https:\/\/paracherkaoui.ma\/index.php\/produit\/ducray-melascreen-eclat-spf-15-creme-riche-40-ml-3\/#primaryimage","url":"https:\/\/paracherkaoui.ma\/wp-content\/uploads\/2025\/12\/ducray-ducray-melascreen-eclat-spf-15-creme-riche-40-ml-cremes-jour.jpg","contentUrl":"https:\/\/paracherkaoui.ma\/wp-content\/uploads\/2025\/12\/ducray-ducray-melascreen-eclat-spf-15-creme-riche-40-ml-cremes-jour.jpg","width":700,"height":700},{"@type":"BreadcrumbList","@id":"https:\/\/paracherkaoui.ma\/index.php\/produit\/ducray-melascreen-eclat-spf-15-creme-riche-40-ml-3\/#breadcrumb","itemListElement":[{"@type":"ListItem","position":1,"name":"Accueil","item":"https:\/\/paracherkaoui.ma\/"},{"@type":"ListItem","position":2,"name":"Boutique","item":"https:\/\/paracherkaoui.ma\/index.php\/boutique\/"},{"@type":"ListItem","position":3,"name":"DUCRAY MELASCREEN ECLAT SPF 15+ CREME RICHE 40 ML"}]},{"@type":"WebSite","@id":"https:\/\/paracherkaoui.ma\/#website","url":"https:\/\/paracherkaoui.ma\/","name":"Paracherkaoui.ma","description":"Achetez en ligne sur Paracherkaoui.ma","potentialAction":[{"@type":"SearchAction","target":{"@type":"EntryPoint","urlTemplate":"https:\/\/paracherkaoui.ma\/?s={search_term_string}"},"query-input":{"@type":"PropertyValueSpecification","valueRequired":true,"valueName":"search_term_string"}}],"inLanguage":"fr-FR"}]}},"_links":{"self":[{"href":"https:\/\/paracherkaoui.ma\/index.php\/wp-json\/wp\/v2\/product\/26037","targetHints":{"allow":["GET"]}}],"collection":[{"href":"https:\/\/paracherkaoui.ma\/index.php\/wp-json\/wp\/v2\/product"}],"about":[{"href":"https:\/\/paracherkaoui.ma\/index.php\/wp-json\/wp\/v2\/types\/product"}],"replies":[{"embeddable":true,"href":"https:\/\/paracherkaoui.ma\/index.php\/wp-json\/wp\/v2\/comments?post=26037"}],"version-history":[{"count":1,"href":"https:\/\/paracherkaoui.ma\/index.php\/wp-json\/wp\/v2\/product\/26037\/revisions"}],"predecessor-version":[{"id":26077,"href":"https:\/\/paracherkaoui.ma\/index.php\/wp-json\/wp\/v2\/product\/26037\/revisions\/26077"}],"wp:featuredmedia":[{"embeddable":true,"href":"https:\/\/paracherkaoui.ma\/index.php\/wp-json\/wp\/v2\/media\/11954"}],"wp:attachment":[{"href":"https:\/\/paracherkaoui.ma\/index.php\/wp-json\/wp\/v2\/media?parent=26037"}],"wp:term":[{"taxonomy":"product_brand","embeddable":true,"href":"https:\/\/paracherkaoui.ma\/index.php\/wp-json\/wp\/v2\/product_brand?post=26037"},{"taxonomy":"product_cat","embeddable":true,"href":"https:\/\/paracherkaoui.ma\/index.php\/wp-json\/wp\/v2\/product_cat?post=26037"},{"taxonomy":"product_tag","embeddable":true,"href":"https:\/\/paracherkaoui.ma\/index.php\/wp-json\/wp\/v2\/product_tag?post=26037"}],"curies":[{"name":"wp","href":"https:\/\/api.w.org\/{rel}","templated":true}]}}