{"id":26035,"date":"2025-12-12T18:23:43","date_gmt":"2025-12-12T17:23:43","guid":{"rendered":"https:\/\/test.ecbeaute.com\/?post_type=product&#038;p=26035"},"modified":"2025-12-12T18:23:47","modified_gmt":"2025-12-12T17:23:47","slug":"acm-depiwhite-active-gel-unifiant-anti-taches-40ml-3","status":"publish","type":"product","link":"https:\/\/paracherkaoui.ma\/index.php\/produit\/acm-depiwhite-active-gel-unifiant-anti-taches-40ml-3\/","title":{"rendered":"ACM DEPIWHITE ACTIVE GEL UNIFIANT ANTI TACHES 40ML"},"content":{"rendered":"<p>Description:<br \/>\nGr\u00e2ce \u00e0 son complexe Lumi-OX, association d\u2019actifs d\u00e9pigmentants et anti-oxydants qui limite la production de m\u00e9lanine et acc\u00e9l\u00e8re le processus naturel de d\u00e9gradation de la m\u00e9lanine, D\u00e9piwhite ActiveGel favorise la disparition des taches et pr\u00e9vient l\u2019apparition de nouvelles taches tout en prot\u00e9geant la peau des radicaux libres. Le teint est unifi\u00e9 et plus lumineux. Avec sa texture l\u00e9g\u00e8re et fondante, il p\u00e9n\u00e8tre rapidement et laisse la peau douce, plus \u00e9clatante et sans brillance pour r\u00e9pondre au besoin des peaux mixtes \u00e0 grasses.<br \/>\nConseils d\u2019utilisation:<br \/>\nAppliquer 1 \u00e0 2 fois par jour<\/p>\n","protected":false},"excerpt":{"rendered":"<p>Description: Gr\u00e2ce \u00e0 son complexe Lumi-OX, association d\u2019actifs d\u00e9pigmentants et anti-oxydants qui limite la production de m\u00e9lanine et acc\u00e9l\u00e8re le<\/p>\n","protected":false},"featured_media":11965,"comment_status":"open","ping_status":"closed","template":"","meta":[],"product_brand":[142],"product_cat":[502],"product_tag":[],"class_list":{"0":"post-26035","1":"product","2":"type-product","3":"status-publish","4":"has-post-thumbnail","6":"product_brand-acm","7":"product_cat-soins-anti-imperfections","9":"first","10":"instock","11":"sale","12":"shipping-taxable","13":"purchasable","14":"product-type-simple"},"yoast_head":"<!-- This site is optimized with the Yoast SEO plugin v26.6 - https:\/\/yoast.com\/wordpress\/plugins\/seo\/ -->\r\n<title>ACM DEPIWHITE ACTIVE GEL UNIFIANT ANTI TACHES 40ML - Paracherkaoui.ma<\/title>\r\n<meta name=\"robots\" content=\"index, follow, max-snippet:-1, max-image-preview:large, max-video-preview:-1\" \/>\r\n<link rel=\"canonical\" href=\"https:\/\/paracherkaoui.ma\/index.php\/produit\/acm-depiwhite-active-gel-unifiant-anti-taches-40ml-3\/\" \/>\r\n<meta property=\"og:locale\" content=\"fr_FR\" \/>\r\n<meta property=\"og:type\" content=\"article\" \/>\r\n<meta property=\"og:title\" content=\"ACM DEPIWHITE ACTIVE GEL UNIFIANT ANTI TACHES 40ML - Paracherkaoui.ma\" \/>\r\n<meta property=\"og:description\" content=\"Description: Gr\u00e2ce \u00e0 son complexe Lumi-OX, association d\u2019actifs d\u00e9pigmentants et anti-oxydants qui limite la production de m\u00e9lanine et acc\u00e9l\u00e8re le\" \/>\r\n<meta property=\"og:url\" content=\"https:\/\/paracherkaoui.ma\/index.php\/produit\/acm-depiwhite-active-gel-unifiant-anti-taches-40ml-3\/\" \/>\r\n<meta property=\"og:site_name\" content=\"Paracherkaoui.ma\" \/>\r\n<meta property=\"article:modified_time\" content=\"2025-12-12T17:23:47+00:00\" \/>\r\n<meta property=\"og:image\" content=\"https:\/\/paracherkaoui.ma\/wp-content\/uploads\/2025\/12\/acm-acm-depiwhite-active-gel-unifiant-anti-taches-40ml-cremes-depigmentantes.jpg\" \/>\r\n\t<meta property=\"og:image:width\" content=\"700\" \/>\r\n\t<meta property=\"og:image:height\" content=\"700\" \/>\r\n\t<meta property=\"og:image:type\" content=\"image\/jpeg\" \/>\r\n<meta name=\"twitter:card\" content=\"summary_large_image\" \/>\r\n<meta name=\"twitter:label1\" content=\"Dur\u00e9e de lecture estim\u00e9e\" \/>\n\t<meta name=\"twitter:data1\" content=\"1 minute\" \/>\r\n<script type=\"application\/ld+json\" class=\"yoast-schema-graph\">{\"@context\":\"https:\/\/schema.org\",\"@graph\":[{\"@type\":\"WebPage\",\"@id\":\"https:\/\/paracherkaoui.ma\/index.php\/produit\/acm-depiwhite-active-gel-unifiant-anti-taches-40ml-3\/\",\"url\":\"https:\/\/paracherkaoui.ma\/index.php\/produit\/acm-depiwhite-active-gel-unifiant-anti-taches-40ml-3\/\",\"name\":\"ACM DEPIWHITE ACTIVE GEL UNIFIANT ANTI TACHES 40ML - Paracherkaoui.ma\",\"isPartOf\":{\"@id\":\"https:\/\/paracherkaoui.ma\/#website\"},\"primaryImageOfPage\":{\"@id\":\"https:\/\/paracherkaoui.ma\/index.php\/produit\/acm-depiwhite-active-gel-unifiant-anti-taches-40ml-3\/#primaryimage\"},\"image\":{\"@id\":\"https:\/\/paracherkaoui.ma\/index.php\/produit\/acm-depiwhite-active-gel-unifiant-anti-taches-40ml-3\/#primaryimage\"},\"thumbnailUrl\":\"https:\/\/paracherkaoui.ma\/wp-content\/uploads\/2025\/12\/acm-acm-depiwhite-active-gel-unifiant-anti-taches-40ml-cremes-depigmentantes.jpg\",\"datePublished\":\"2025-12-12T17:23:43+00:00\",\"dateModified\":\"2025-12-12T17:23:47+00:00\",\"breadcrumb\":{\"@id\":\"https:\/\/paracherkaoui.ma\/index.php\/produit\/acm-depiwhite-active-gel-unifiant-anti-taches-40ml-3\/#breadcrumb\"},\"inLanguage\":\"fr-FR\",\"potentialAction\":[{\"@type\":\"ReadAction\",\"target\":[\"https:\/\/paracherkaoui.ma\/index.php\/produit\/acm-depiwhite-active-gel-unifiant-anti-taches-40ml-3\/\"]}]},{\"@type\":\"ImageObject\",\"inLanguage\":\"fr-FR\",\"@id\":\"https:\/\/paracherkaoui.ma\/index.php\/produit\/acm-depiwhite-active-gel-unifiant-anti-taches-40ml-3\/#primaryimage\",\"url\":\"https:\/\/paracherkaoui.ma\/wp-content\/uploads\/2025\/12\/acm-acm-depiwhite-active-gel-unifiant-anti-taches-40ml-cremes-depigmentantes.jpg\",\"contentUrl\":\"https:\/\/paracherkaoui.ma\/wp-content\/uploads\/2025\/12\/acm-acm-depiwhite-active-gel-unifiant-anti-taches-40ml-cremes-depigmentantes.jpg\",\"width\":700,\"height\":700},{\"@type\":\"BreadcrumbList\",\"@id\":\"https:\/\/paracherkaoui.ma\/index.php\/produit\/acm-depiwhite-active-gel-unifiant-anti-taches-40ml-3\/#breadcrumb\",\"itemListElement\":[{\"@type\":\"ListItem\",\"position\":1,\"name\":\"Accueil\",\"item\":\"https:\/\/paracherkaoui.ma\/\"},{\"@type\":\"ListItem\",\"position\":2,\"name\":\"Boutique\",\"item\":\"https:\/\/paracherkaoui.ma\/index.php\/boutique\/\"},{\"@type\":\"ListItem\",\"position\":3,\"name\":\"ACM DEPIWHITE ACTIVE GEL UNIFIANT ANTI TACHES 40ML\"}]},{\"@type\":\"WebSite\",\"@id\":\"https:\/\/paracherkaoui.ma\/#website\",\"url\":\"https:\/\/paracherkaoui.ma\/\",\"name\":\"Paracherkaoui.ma\",\"description\":\"Achetez en ligne sur Paracherkaoui.ma\",\"potentialAction\":[{\"@type\":\"SearchAction\",\"target\":{\"@type\":\"EntryPoint\",\"urlTemplate\":\"https:\/\/paracherkaoui.ma\/?s={search_term_string}\"},\"query-input\":{\"@type\":\"PropertyValueSpecification\",\"valueRequired\":true,\"valueName\":\"search_term_string\"}}],\"inLanguage\":\"fr-FR\"}]}<\/script>\r\n<!-- \/ Yoast SEO plugin. -->","yoast_head_json":{"title":"ACM DEPIWHITE ACTIVE GEL UNIFIANT ANTI TACHES 40ML - Paracherkaoui.ma","robots":{"index":"index","follow":"follow","max-snippet":"max-snippet:-1","max-image-preview":"max-image-preview:large","max-video-preview":"max-video-preview:-1"},"canonical":"https:\/\/paracherkaoui.ma\/index.php\/produit\/acm-depiwhite-active-gel-unifiant-anti-taches-40ml-3\/","og_locale":"fr_FR","og_type":"article","og_title":"ACM DEPIWHITE ACTIVE GEL UNIFIANT ANTI TACHES 40ML - Paracherkaoui.ma","og_description":"Description: Gr\u00e2ce \u00e0 son complexe Lumi-OX, association d\u2019actifs d\u00e9pigmentants et anti-oxydants qui limite la production de m\u00e9lanine et acc\u00e9l\u00e8re le","og_url":"https:\/\/paracherkaoui.ma\/index.php\/produit\/acm-depiwhite-active-gel-unifiant-anti-taches-40ml-3\/","og_site_name":"Paracherkaoui.ma","article_modified_time":"2025-12-12T17:23:47+00:00","og_image":[{"width":700,"height":700,"url":"https:\/\/paracherkaoui.ma\/wp-content\/uploads\/2025\/12\/acm-acm-depiwhite-active-gel-unifiant-anti-taches-40ml-cremes-depigmentantes.jpg","type":"image\/jpeg"}],"twitter_card":"summary_large_image","twitter_misc":{"Dur\u00e9e de lecture estim\u00e9e":"1 minute"},"schema":{"@context":"https:\/\/schema.org","@graph":[{"@type":"WebPage","@id":"https:\/\/paracherkaoui.ma\/index.php\/produit\/acm-depiwhite-active-gel-unifiant-anti-taches-40ml-3\/","url":"https:\/\/paracherkaoui.ma\/index.php\/produit\/acm-depiwhite-active-gel-unifiant-anti-taches-40ml-3\/","name":"ACM DEPIWHITE ACTIVE GEL UNIFIANT ANTI TACHES 40ML - Paracherkaoui.ma","isPartOf":{"@id":"https:\/\/paracherkaoui.ma\/#website"},"primaryImageOfPage":{"@id":"https:\/\/paracherkaoui.ma\/index.php\/produit\/acm-depiwhite-active-gel-unifiant-anti-taches-40ml-3\/#primaryimage"},"image":{"@id":"https:\/\/paracherkaoui.ma\/index.php\/produit\/acm-depiwhite-active-gel-unifiant-anti-taches-40ml-3\/#primaryimage"},"thumbnailUrl":"https:\/\/paracherkaoui.ma\/wp-content\/uploads\/2025\/12\/acm-acm-depiwhite-active-gel-unifiant-anti-taches-40ml-cremes-depigmentantes.jpg","datePublished":"2025-12-12T17:23:43+00:00","dateModified":"2025-12-12T17:23:47+00:00","breadcrumb":{"@id":"https:\/\/paracherkaoui.ma\/index.php\/produit\/acm-depiwhite-active-gel-unifiant-anti-taches-40ml-3\/#breadcrumb"},"inLanguage":"fr-FR","potentialAction":[{"@type":"ReadAction","target":["https:\/\/paracherkaoui.ma\/index.php\/produit\/acm-depiwhite-active-gel-unifiant-anti-taches-40ml-3\/"]}]},{"@type":"ImageObject","inLanguage":"fr-FR","@id":"https:\/\/paracherkaoui.ma\/index.php\/produit\/acm-depiwhite-active-gel-unifiant-anti-taches-40ml-3\/#primaryimage","url":"https:\/\/paracherkaoui.ma\/wp-content\/uploads\/2025\/12\/acm-acm-depiwhite-active-gel-unifiant-anti-taches-40ml-cremes-depigmentantes.jpg","contentUrl":"https:\/\/paracherkaoui.ma\/wp-content\/uploads\/2025\/12\/acm-acm-depiwhite-active-gel-unifiant-anti-taches-40ml-cremes-depigmentantes.jpg","width":700,"height":700},{"@type":"BreadcrumbList","@id":"https:\/\/paracherkaoui.ma\/index.php\/produit\/acm-depiwhite-active-gel-unifiant-anti-taches-40ml-3\/#breadcrumb","itemListElement":[{"@type":"ListItem","position":1,"name":"Accueil","item":"https:\/\/paracherkaoui.ma\/"},{"@type":"ListItem","position":2,"name":"Boutique","item":"https:\/\/paracherkaoui.ma\/index.php\/boutique\/"},{"@type":"ListItem","position":3,"name":"ACM DEPIWHITE ACTIVE GEL UNIFIANT ANTI TACHES 40ML"}]},{"@type":"WebSite","@id":"https:\/\/paracherkaoui.ma\/#website","url":"https:\/\/paracherkaoui.ma\/","name":"Paracherkaoui.ma","description":"Achetez en ligne sur Paracherkaoui.ma","potentialAction":[{"@type":"SearchAction","target":{"@type":"EntryPoint","urlTemplate":"https:\/\/paracherkaoui.ma\/?s={search_term_string}"},"query-input":{"@type":"PropertyValueSpecification","valueRequired":true,"valueName":"search_term_string"}}],"inLanguage":"fr-FR"}]}},"_links":{"self":[{"href":"https:\/\/paracherkaoui.ma\/index.php\/wp-json\/wp\/v2\/product\/26035","targetHints":{"allow":["GET"]}}],"collection":[{"href":"https:\/\/paracherkaoui.ma\/index.php\/wp-json\/wp\/v2\/product"}],"about":[{"href":"https:\/\/paracherkaoui.ma\/index.php\/wp-json\/wp\/v2\/types\/product"}],"replies":[{"embeddable":true,"href":"https:\/\/paracherkaoui.ma\/index.php\/wp-json\/wp\/v2\/comments?post=26035"}],"version-history":[{"count":1,"href":"https:\/\/paracherkaoui.ma\/index.php\/wp-json\/wp\/v2\/product\/26035\/revisions"}],"predecessor-version":[{"id":26075,"href":"https:\/\/paracherkaoui.ma\/index.php\/wp-json\/wp\/v2\/product\/26035\/revisions\/26075"}],"wp:featuredmedia":[{"embeddable":true,"href":"https:\/\/paracherkaoui.ma\/index.php\/wp-json\/wp\/v2\/media\/11965"}],"wp:attachment":[{"href":"https:\/\/paracherkaoui.ma\/index.php\/wp-json\/wp\/v2\/media?parent=26035"}],"wp:term":[{"taxonomy":"product_brand","embeddable":true,"href":"https:\/\/paracherkaoui.ma\/index.php\/wp-json\/wp\/v2\/product_brand?post=26035"},{"taxonomy":"product_cat","embeddable":true,"href":"https:\/\/paracherkaoui.ma\/index.php\/wp-json\/wp\/v2\/product_cat?post=26035"},{"taxonomy":"product_tag","embeddable":true,"href":"https:\/\/paracherkaoui.ma\/index.php\/wp-json\/wp\/v2\/product_tag?post=26035"}],"curies":[{"name":"wp","href":"https:\/\/api.w.org\/{rel}","templated":true}]}}