{"id":26031,"date":"2025-12-12T18:23:43","date_gmt":"2025-12-12T17:23:43","guid":{"rendered":"https:\/\/test.ecbeaute.com\/?post_type=product&#038;p=26031"},"modified":"2025-12-12T18:23:46","modified_gmt":"2025-12-12T17:23:46","slug":"vichy-normaderm-fluide-double-correction-hydratant-50-ml-2","status":"publish","type":"product","link":"https:\/\/paracherkaoui.ma\/index.php\/produit\/vichy-normaderm-fluide-double-correction-hydratant-50-ml-2\/","title":{"rendered":"VICHY NORMADERM FLUIDE DOUBLE CORRECTION HYDRATANT 50 ML"},"content":{"rendered":"<p>Enrichi en acide salicylique \u00e0 2%, il exfolie en douceur pour d\u00e9sincruster les pores et lisser le grain de peau. L\u2019acide hyaluronique hydrate intens\u00e9ment pendant 24 heures, repulpe la peau et pr\u00e9vient la d\u00e9shydratation. Le phycosaccharide r\u00e9duit significativement la production de s\u00e9bum, limitant ainsi la brillance et les nouvelles \u00e9ruptions. Enfin, un extrait probiotique favorise la r\u00e9g\u00e9n\u00e9ration cutan\u00e9e pour une peau plus saine et \u00e9quilibr\u00e9e.<br \/>\nCe fluide l\u00e9ger p\u00e9n\u00e8tre rapidement sans effet gras ni collant, pour un fini mat et confortable. En seulement quelques semaines, les r\u00e9sultats sont visibles :<br \/>\n-42% de boutons<br \/>\n-37% de points noirs<br \/>\n-62% de marques d\u2019acn\u00e9<br \/>\n+26% d\u2019\u00e9clat<br \/>\nTest\u00e9 dermatologiquement, hypoallerg\u00e9nique et non-com\u00e9dog\u00e8ne, ce soin convient m\u00eame aux peaux sensibles.<br \/>\nConseils d\u2019utilisation<br \/>\nAppliquer matin et soir sur une peau propre et s\u00e8che. R\u00e9partir uniform\u00e9ment sur l\u2019ensemble du visage en \u00e9vitant le contour des yeux. Peut \u00eatre utilis\u00e9 seul ou sous une cr\u00e8me solaire.<br \/>\nComposition<br \/>\nAqua \/ Water, Glycerin, Salicylic Acid, Isononyl Isononanoate, Butylene Glycol, Kaolin, Zinc Sulfate, Bifida Ferment Lysate, Sodium Hydroxide, Sodium Polyacrylate, Sodium Hyaluronate, Sodium Benzoate, Phenoxyethanol, Ascorbyl Glucoside, Caprylyl Glycol, Hydrolyzed Algin, Trisodium Ethylenediamine Disuccinate, Biosaccharide Gum-1, Acrylates\/C10-30 Alkyl Acrylate Crosspolymer, Parfum \/ Fragrance<\/p>\n","protected":false},"excerpt":{"rendered":"<p>Enrichi en acide salicylique \u00e0 2%, il exfolie en douceur pour d\u00e9sincruster les pores et lisser le grain de peau.<\/p>\n","protected":false},"featured_media":14040,"comment_status":"open","ping_status":"closed","template":"","meta":[],"product_brand":[139],"product_cat":[502],"product_tag":[],"class_list":{"0":"post-26031","1":"product","2":"type-product","3":"status-publish","4":"has-post-thumbnail","6":"product_brand-vichy","7":"product_cat-soins-anti-imperfections","9":"first","10":"instock","11":"sale","12":"shipping-taxable","13":"purchasable","14":"product-type-simple"},"yoast_head":"<!-- This site is optimized with the Yoast SEO plugin v26.6 - https:\/\/yoast.com\/wordpress\/plugins\/seo\/ -->\r\n<title>VICHY NORMADERM FLUIDE DOUBLE CORRECTION HYDRATANT 50 ML - Paracherkaoui.ma<\/title>\r\n<meta name=\"robots\" content=\"index, follow, max-snippet:-1, max-image-preview:large, max-video-preview:-1\" \/>\r\n<link rel=\"canonical\" href=\"https:\/\/paracherkaoui.ma\/index.php\/produit\/vichy-normaderm-fluide-double-correction-hydratant-50-ml-2\/\" \/>\r\n<meta property=\"og:locale\" content=\"fr_FR\" \/>\r\n<meta property=\"og:type\" content=\"article\" \/>\r\n<meta property=\"og:title\" content=\"VICHY NORMADERM FLUIDE DOUBLE CORRECTION HYDRATANT 50 ML - Paracherkaoui.ma\" \/>\r\n<meta property=\"og:description\" content=\"Enrichi en acide salicylique \u00e0 2%, il exfolie en douceur pour d\u00e9sincruster les pores et lisser le grain de peau.\" \/>\r\n<meta property=\"og:url\" content=\"https:\/\/paracherkaoui.ma\/index.php\/produit\/vichy-normaderm-fluide-double-correction-hydratant-50-ml-2\/\" \/>\r\n<meta property=\"og:site_name\" content=\"Paracherkaoui.ma\" \/>\r\n<meta property=\"article:modified_time\" content=\"2025-12-12T17:23:46+00:00\" \/>\r\n<meta property=\"og:image\" content=\"https:\/\/paracherkaoui.ma\/wp-content\/uploads\/2025\/12\/vichy-vichy-normaderm-fluide-double-correction-hydratant-50-ml-soins-anti-imperfections.jpg\" \/>\r\n\t<meta property=\"og:image:width\" content=\"700\" \/>\r\n\t<meta property=\"og:image:height\" content=\"700\" \/>\r\n\t<meta property=\"og:image:type\" content=\"image\/jpeg\" \/>\r\n<meta name=\"twitter:card\" content=\"summary_large_image\" \/>\r\n<meta name=\"twitter:label1\" content=\"Dur\u00e9e de lecture estim\u00e9e\" \/>\n\t<meta name=\"twitter:data1\" content=\"1 minute\" \/>\r\n<script type=\"application\/ld+json\" class=\"yoast-schema-graph\">{\"@context\":\"https:\/\/schema.org\",\"@graph\":[{\"@type\":\"WebPage\",\"@id\":\"https:\/\/paracherkaoui.ma\/index.php\/produit\/vichy-normaderm-fluide-double-correction-hydratant-50-ml-2\/\",\"url\":\"https:\/\/paracherkaoui.ma\/index.php\/produit\/vichy-normaderm-fluide-double-correction-hydratant-50-ml-2\/\",\"name\":\"VICHY NORMADERM FLUIDE DOUBLE CORRECTION HYDRATANT 50 ML - Paracherkaoui.ma\",\"isPartOf\":{\"@id\":\"https:\/\/paracherkaoui.ma\/#website\"},\"primaryImageOfPage\":{\"@id\":\"https:\/\/paracherkaoui.ma\/index.php\/produit\/vichy-normaderm-fluide-double-correction-hydratant-50-ml-2\/#primaryimage\"},\"image\":{\"@id\":\"https:\/\/paracherkaoui.ma\/index.php\/produit\/vichy-normaderm-fluide-double-correction-hydratant-50-ml-2\/#primaryimage\"},\"thumbnailUrl\":\"https:\/\/paracherkaoui.ma\/wp-content\/uploads\/2025\/12\/vichy-vichy-normaderm-fluide-double-correction-hydratant-50-ml-soins-anti-imperfections.jpg\",\"datePublished\":\"2025-12-12T17:23:43+00:00\",\"dateModified\":\"2025-12-12T17:23:46+00:00\",\"breadcrumb\":{\"@id\":\"https:\/\/paracherkaoui.ma\/index.php\/produit\/vichy-normaderm-fluide-double-correction-hydratant-50-ml-2\/#breadcrumb\"},\"inLanguage\":\"fr-FR\",\"potentialAction\":[{\"@type\":\"ReadAction\",\"target\":[\"https:\/\/paracherkaoui.ma\/index.php\/produit\/vichy-normaderm-fluide-double-correction-hydratant-50-ml-2\/\"]}]},{\"@type\":\"ImageObject\",\"inLanguage\":\"fr-FR\",\"@id\":\"https:\/\/paracherkaoui.ma\/index.php\/produit\/vichy-normaderm-fluide-double-correction-hydratant-50-ml-2\/#primaryimage\",\"url\":\"https:\/\/paracherkaoui.ma\/wp-content\/uploads\/2025\/12\/vichy-vichy-normaderm-fluide-double-correction-hydratant-50-ml-soins-anti-imperfections.jpg\",\"contentUrl\":\"https:\/\/paracherkaoui.ma\/wp-content\/uploads\/2025\/12\/vichy-vichy-normaderm-fluide-double-correction-hydratant-50-ml-soins-anti-imperfections.jpg\",\"width\":700,\"height\":700},{\"@type\":\"BreadcrumbList\",\"@id\":\"https:\/\/paracherkaoui.ma\/index.php\/produit\/vichy-normaderm-fluide-double-correction-hydratant-50-ml-2\/#breadcrumb\",\"itemListElement\":[{\"@type\":\"ListItem\",\"position\":1,\"name\":\"Accueil\",\"item\":\"https:\/\/paracherkaoui.ma\/\"},{\"@type\":\"ListItem\",\"position\":2,\"name\":\"Boutique\",\"item\":\"https:\/\/paracherkaoui.ma\/index.php\/boutique\/\"},{\"@type\":\"ListItem\",\"position\":3,\"name\":\"VICHY NORMADERM FLUIDE DOUBLE CORRECTION HYDRATANT 50 ML\"}]},{\"@type\":\"WebSite\",\"@id\":\"https:\/\/paracherkaoui.ma\/#website\",\"url\":\"https:\/\/paracherkaoui.ma\/\",\"name\":\"Paracherkaoui.ma\",\"description\":\"Achetez en ligne sur Paracherkaoui.ma\",\"potentialAction\":[{\"@type\":\"SearchAction\",\"target\":{\"@type\":\"EntryPoint\",\"urlTemplate\":\"https:\/\/paracherkaoui.ma\/?s={search_term_string}\"},\"query-input\":{\"@type\":\"PropertyValueSpecification\",\"valueRequired\":true,\"valueName\":\"search_term_string\"}}],\"inLanguage\":\"fr-FR\"}]}<\/script>\r\n<!-- \/ Yoast SEO plugin. -->","yoast_head_json":{"title":"VICHY NORMADERM FLUIDE DOUBLE CORRECTION HYDRATANT 50 ML - Paracherkaoui.ma","robots":{"index":"index","follow":"follow","max-snippet":"max-snippet:-1","max-image-preview":"max-image-preview:large","max-video-preview":"max-video-preview:-1"},"canonical":"https:\/\/paracherkaoui.ma\/index.php\/produit\/vichy-normaderm-fluide-double-correction-hydratant-50-ml-2\/","og_locale":"fr_FR","og_type":"article","og_title":"VICHY NORMADERM FLUIDE DOUBLE CORRECTION HYDRATANT 50 ML - Paracherkaoui.ma","og_description":"Enrichi en acide salicylique \u00e0 2%, il exfolie en douceur pour d\u00e9sincruster les pores et lisser le grain de peau.","og_url":"https:\/\/paracherkaoui.ma\/index.php\/produit\/vichy-normaderm-fluide-double-correction-hydratant-50-ml-2\/","og_site_name":"Paracherkaoui.ma","article_modified_time":"2025-12-12T17:23:46+00:00","og_image":[{"width":700,"height":700,"url":"https:\/\/paracherkaoui.ma\/wp-content\/uploads\/2025\/12\/vichy-vichy-normaderm-fluide-double-correction-hydratant-50-ml-soins-anti-imperfections.jpg","type":"image\/jpeg"}],"twitter_card":"summary_large_image","twitter_misc":{"Dur\u00e9e de lecture estim\u00e9e":"1 minute"},"schema":{"@context":"https:\/\/schema.org","@graph":[{"@type":"WebPage","@id":"https:\/\/paracherkaoui.ma\/index.php\/produit\/vichy-normaderm-fluide-double-correction-hydratant-50-ml-2\/","url":"https:\/\/paracherkaoui.ma\/index.php\/produit\/vichy-normaderm-fluide-double-correction-hydratant-50-ml-2\/","name":"VICHY NORMADERM FLUIDE DOUBLE CORRECTION HYDRATANT 50 ML - Paracherkaoui.ma","isPartOf":{"@id":"https:\/\/paracherkaoui.ma\/#website"},"primaryImageOfPage":{"@id":"https:\/\/paracherkaoui.ma\/index.php\/produit\/vichy-normaderm-fluide-double-correction-hydratant-50-ml-2\/#primaryimage"},"image":{"@id":"https:\/\/paracherkaoui.ma\/index.php\/produit\/vichy-normaderm-fluide-double-correction-hydratant-50-ml-2\/#primaryimage"},"thumbnailUrl":"https:\/\/paracherkaoui.ma\/wp-content\/uploads\/2025\/12\/vichy-vichy-normaderm-fluide-double-correction-hydratant-50-ml-soins-anti-imperfections.jpg","datePublished":"2025-12-12T17:23:43+00:00","dateModified":"2025-12-12T17:23:46+00:00","breadcrumb":{"@id":"https:\/\/paracherkaoui.ma\/index.php\/produit\/vichy-normaderm-fluide-double-correction-hydratant-50-ml-2\/#breadcrumb"},"inLanguage":"fr-FR","potentialAction":[{"@type":"ReadAction","target":["https:\/\/paracherkaoui.ma\/index.php\/produit\/vichy-normaderm-fluide-double-correction-hydratant-50-ml-2\/"]}]},{"@type":"ImageObject","inLanguage":"fr-FR","@id":"https:\/\/paracherkaoui.ma\/index.php\/produit\/vichy-normaderm-fluide-double-correction-hydratant-50-ml-2\/#primaryimage","url":"https:\/\/paracherkaoui.ma\/wp-content\/uploads\/2025\/12\/vichy-vichy-normaderm-fluide-double-correction-hydratant-50-ml-soins-anti-imperfections.jpg","contentUrl":"https:\/\/paracherkaoui.ma\/wp-content\/uploads\/2025\/12\/vichy-vichy-normaderm-fluide-double-correction-hydratant-50-ml-soins-anti-imperfections.jpg","width":700,"height":700},{"@type":"BreadcrumbList","@id":"https:\/\/paracherkaoui.ma\/index.php\/produit\/vichy-normaderm-fluide-double-correction-hydratant-50-ml-2\/#breadcrumb","itemListElement":[{"@type":"ListItem","position":1,"name":"Accueil","item":"https:\/\/paracherkaoui.ma\/"},{"@type":"ListItem","position":2,"name":"Boutique","item":"https:\/\/paracherkaoui.ma\/index.php\/boutique\/"},{"@type":"ListItem","position":3,"name":"VICHY NORMADERM FLUIDE DOUBLE CORRECTION HYDRATANT 50 ML"}]},{"@type":"WebSite","@id":"https:\/\/paracherkaoui.ma\/#website","url":"https:\/\/paracherkaoui.ma\/","name":"Paracherkaoui.ma","description":"Achetez en ligne sur Paracherkaoui.ma","potentialAction":[{"@type":"SearchAction","target":{"@type":"EntryPoint","urlTemplate":"https:\/\/paracherkaoui.ma\/?s={search_term_string}"},"query-input":{"@type":"PropertyValueSpecification","valueRequired":true,"valueName":"search_term_string"}}],"inLanguage":"fr-FR"}]}},"_links":{"self":[{"href":"https:\/\/paracherkaoui.ma\/index.php\/wp-json\/wp\/v2\/product\/26031","targetHints":{"allow":["GET"]}}],"collection":[{"href":"https:\/\/paracherkaoui.ma\/index.php\/wp-json\/wp\/v2\/product"}],"about":[{"href":"https:\/\/paracherkaoui.ma\/index.php\/wp-json\/wp\/v2\/types\/product"}],"replies":[{"embeddable":true,"href":"https:\/\/paracherkaoui.ma\/index.php\/wp-json\/wp\/v2\/comments?post=26031"}],"version-history":[{"count":1,"href":"https:\/\/paracherkaoui.ma\/index.php\/wp-json\/wp\/v2\/product\/26031\/revisions"}],"predecessor-version":[{"id":26068,"href":"https:\/\/paracherkaoui.ma\/index.php\/wp-json\/wp\/v2\/product\/26031\/revisions\/26068"}],"wp:featuredmedia":[{"embeddable":true,"href":"https:\/\/paracherkaoui.ma\/index.php\/wp-json\/wp\/v2\/media\/14040"}],"wp:attachment":[{"href":"https:\/\/paracherkaoui.ma\/index.php\/wp-json\/wp\/v2\/media?parent=26031"}],"wp:term":[{"taxonomy":"product_brand","embeddable":true,"href":"https:\/\/paracherkaoui.ma\/index.php\/wp-json\/wp\/v2\/product_brand?post=26031"},{"taxonomy":"product_cat","embeddable":true,"href":"https:\/\/paracherkaoui.ma\/index.php\/wp-json\/wp\/v2\/product_cat?post=26031"},{"taxonomy":"product_tag","embeddable":true,"href":"https:\/\/paracherkaoui.ma\/index.php\/wp-json\/wp\/v2\/product_tag?post=26031"}],"curies":[{"name":"wp","href":"https:\/\/api.w.org\/{rel}","templated":true}]}}