{"id":26018,"date":"2025-12-12T18:23:43","date_gmt":"2025-12-12T17:23:43","guid":{"rendered":"https:\/\/test.ecbeaute.com\/?post_type=product&#038;p=26018"},"modified":"2025-12-12T18:23:44","modified_gmt":"2025-12-12T17:23:44","slug":"isdin-isdinceutics-pigment-expert-30-ampoules-3","status":"publish","type":"product","link":"https:\/\/paracherkaoui.ma\/index.php\/produit\/isdin-isdinceutics-pigment-expert-30-ampoules-3\/","title":{"rendered":"ISDIN ISDINCEUTICS PIGMENT EXPERT 30 AMPOULES"},"content":{"rendered":"<p>S\u00e9rum correcteur d\u00e9pigmentant anti-taches qui pr\u00e9vient et traite les imperfections cutan\u00e9es contribuant \u00e0 unifier le teint de la peau. Il aide \u00e0 pr\u00e9venir et traiter la taille et le nombre de taches gr\u00e2ce \u00e0 une combinaison d&rsquo;ingr\u00e9dients aux propri\u00e9t\u00e9s d\u00e9pigmentantes (PBlock). Il agit contre les signes du photovieillissement d\u00fb \u00e0 l&rsquo;acide glycolique (GAc), qui aide \u00e0 stimuler la production de collag\u00e8ne.<br \/>\nRestaure la souplesse de la peau gr\u00e2ce \u00e0 sa teneur en glycyrrhinate dipotassique (DpG), qui maintient la teneur en acide hyaluronique.<br \/>\nLe r\u00e9sultat: un teint uniforme et rajeuni.<br \/>\nMode d&rsquo;utilisation: Appliquez PIGMENT EXPERT le matin comme premi\u00e8re \u00e9tape de la routine du visage anti-taches, juste apr\u00e8s le nettoyage. Appliquer sur une peau propre et s\u00e8che du visage, des mains, du cou et \/ ou du d\u00e9collet\u00e9, en \u00e9vitant le contour des yeux.<br \/>\nContinuez ensuite avec la routine faciale habituelle. Il est recommand\u00e9 d&rsquo;utiliser un photoprotecteur avec un indice de protection solaire tr\u00e8s \u00e9lev\u00e9.<\/p>\n","protected":false},"excerpt":{"rendered":"<p>S\u00e9rum correcteur d\u00e9pigmentant anti-taches qui pr\u00e9vient et traite les imperfections cutan\u00e9es contribuant \u00e0 unifier le teint de la peau. Il<\/p>\n","protected":false},"featured_media":11961,"comment_status":"open","ping_status":"closed","template":"","meta":[],"product_brand":[135],"product_cat":[502],"product_tag":[],"class_list":{"0":"post-26018","1":"product","2":"type-product","3":"status-publish","4":"has-post-thumbnail","6":"product_brand-isdin","7":"product_cat-soins-anti-imperfections","9":"first","10":"instock","11":"sale","12":"shipping-taxable","13":"purchasable","14":"product-type-simple"},"yoast_head":"<!-- This site is optimized with the Yoast SEO plugin v26.6 - https:\/\/yoast.com\/wordpress\/plugins\/seo\/ -->\r\n<title>ISDIN ISDINCEUTICS PIGMENT EXPERT 30 AMPOULES - Paracherkaoui.ma<\/title>\r\n<meta name=\"robots\" content=\"index, follow, max-snippet:-1, max-image-preview:large, max-video-preview:-1\" \/>\r\n<link rel=\"canonical\" href=\"https:\/\/paracherkaoui.ma\/index.php\/produit\/isdin-isdinceutics-pigment-expert-30-ampoules-3\/\" \/>\r\n<meta property=\"og:locale\" content=\"fr_FR\" \/>\r\n<meta property=\"og:type\" content=\"article\" \/>\r\n<meta property=\"og:title\" content=\"ISDIN ISDINCEUTICS PIGMENT EXPERT 30 AMPOULES - Paracherkaoui.ma\" \/>\r\n<meta property=\"og:description\" content=\"S\u00e9rum correcteur d\u00e9pigmentant anti-taches qui pr\u00e9vient et traite les imperfections cutan\u00e9es contribuant \u00e0 unifier le teint de la peau. Il\" \/>\r\n<meta property=\"og:url\" content=\"https:\/\/paracherkaoui.ma\/index.php\/produit\/isdin-isdinceutics-pigment-expert-30-ampoules-3\/\" \/>\r\n<meta property=\"og:site_name\" content=\"Paracherkaoui.ma\" \/>\r\n<meta property=\"article:modified_time\" content=\"2025-12-12T17:23:44+00:00\" \/>\r\n<meta property=\"og:image\" content=\"https:\/\/paracherkaoui.ma\/wp-content\/uploads\/2025\/12\/isdin-isdinceutics-pigment-expert-30-ampoules.jpg\" \/>\r\n\t<meta property=\"og:image:width\" content=\"700\" \/>\r\n\t<meta property=\"og:image:height\" content=\"700\" \/>\r\n\t<meta property=\"og:image:type\" content=\"image\/jpeg\" \/>\r\n<meta name=\"twitter:card\" content=\"summary_large_image\" \/>\r\n<meta name=\"twitter:label1\" content=\"Dur\u00e9e de lecture estim\u00e9e\" \/>\n\t<meta name=\"twitter:data1\" content=\"1 minute\" \/>\r\n<script type=\"application\/ld+json\" class=\"yoast-schema-graph\">{\"@context\":\"https:\/\/schema.org\",\"@graph\":[{\"@type\":\"WebPage\",\"@id\":\"https:\/\/paracherkaoui.ma\/index.php\/produit\/isdin-isdinceutics-pigment-expert-30-ampoules-3\/\",\"url\":\"https:\/\/paracherkaoui.ma\/index.php\/produit\/isdin-isdinceutics-pigment-expert-30-ampoules-3\/\",\"name\":\"ISDIN ISDINCEUTICS PIGMENT EXPERT 30 AMPOULES - Paracherkaoui.ma\",\"isPartOf\":{\"@id\":\"https:\/\/paracherkaoui.ma\/#website\"},\"primaryImageOfPage\":{\"@id\":\"https:\/\/paracherkaoui.ma\/index.php\/produit\/isdin-isdinceutics-pigment-expert-30-ampoules-3\/#primaryimage\"},\"image\":{\"@id\":\"https:\/\/paracherkaoui.ma\/index.php\/produit\/isdin-isdinceutics-pigment-expert-30-ampoules-3\/#primaryimage\"},\"thumbnailUrl\":\"https:\/\/paracherkaoui.ma\/wp-content\/uploads\/2025\/12\/isdin-isdinceutics-pigment-expert-30-ampoules.jpg\",\"datePublished\":\"2025-12-12T17:23:43+00:00\",\"dateModified\":\"2025-12-12T17:23:44+00:00\",\"breadcrumb\":{\"@id\":\"https:\/\/paracherkaoui.ma\/index.php\/produit\/isdin-isdinceutics-pigment-expert-30-ampoules-3\/#breadcrumb\"},\"inLanguage\":\"fr-FR\",\"potentialAction\":[{\"@type\":\"ReadAction\",\"target\":[\"https:\/\/paracherkaoui.ma\/index.php\/produit\/isdin-isdinceutics-pigment-expert-30-ampoules-3\/\"]}]},{\"@type\":\"ImageObject\",\"inLanguage\":\"fr-FR\",\"@id\":\"https:\/\/paracherkaoui.ma\/index.php\/produit\/isdin-isdinceutics-pigment-expert-30-ampoules-3\/#primaryimage\",\"url\":\"https:\/\/paracherkaoui.ma\/wp-content\/uploads\/2025\/12\/isdin-isdinceutics-pigment-expert-30-ampoules.jpg\",\"contentUrl\":\"https:\/\/paracherkaoui.ma\/wp-content\/uploads\/2025\/12\/isdin-isdinceutics-pigment-expert-30-ampoules.jpg\",\"width\":700,\"height\":700},{\"@type\":\"BreadcrumbList\",\"@id\":\"https:\/\/paracherkaoui.ma\/index.php\/produit\/isdin-isdinceutics-pigment-expert-30-ampoules-3\/#breadcrumb\",\"itemListElement\":[{\"@type\":\"ListItem\",\"position\":1,\"name\":\"Accueil\",\"item\":\"https:\/\/paracherkaoui.ma\/\"},{\"@type\":\"ListItem\",\"position\":2,\"name\":\"Boutique\",\"item\":\"https:\/\/paracherkaoui.ma\/index.php\/boutique\/\"},{\"@type\":\"ListItem\",\"position\":3,\"name\":\"ISDIN ISDINCEUTICS PIGMENT EXPERT 30 AMPOULES\"}]},{\"@type\":\"WebSite\",\"@id\":\"https:\/\/paracherkaoui.ma\/#website\",\"url\":\"https:\/\/paracherkaoui.ma\/\",\"name\":\"Paracherkaoui.ma\",\"description\":\"Achetez en ligne sur Paracherkaoui.ma\",\"potentialAction\":[{\"@type\":\"SearchAction\",\"target\":{\"@type\":\"EntryPoint\",\"urlTemplate\":\"https:\/\/paracherkaoui.ma\/?s={search_term_string}\"},\"query-input\":{\"@type\":\"PropertyValueSpecification\",\"valueRequired\":true,\"valueName\":\"search_term_string\"}}],\"inLanguage\":\"fr-FR\"}]}<\/script>\r\n<!-- \/ Yoast SEO plugin. -->","yoast_head_json":{"title":"ISDIN ISDINCEUTICS PIGMENT EXPERT 30 AMPOULES - Paracherkaoui.ma","robots":{"index":"index","follow":"follow","max-snippet":"max-snippet:-1","max-image-preview":"max-image-preview:large","max-video-preview":"max-video-preview:-1"},"canonical":"https:\/\/paracherkaoui.ma\/index.php\/produit\/isdin-isdinceutics-pigment-expert-30-ampoules-3\/","og_locale":"fr_FR","og_type":"article","og_title":"ISDIN ISDINCEUTICS PIGMENT EXPERT 30 AMPOULES - Paracherkaoui.ma","og_description":"S\u00e9rum correcteur d\u00e9pigmentant anti-taches qui pr\u00e9vient et traite les imperfections cutan\u00e9es contribuant \u00e0 unifier le teint de la peau. Il","og_url":"https:\/\/paracherkaoui.ma\/index.php\/produit\/isdin-isdinceutics-pigment-expert-30-ampoules-3\/","og_site_name":"Paracherkaoui.ma","article_modified_time":"2025-12-12T17:23:44+00:00","og_image":[{"width":700,"height":700,"url":"https:\/\/paracherkaoui.ma\/wp-content\/uploads\/2025\/12\/isdin-isdinceutics-pigment-expert-30-ampoules.jpg","type":"image\/jpeg"}],"twitter_card":"summary_large_image","twitter_misc":{"Dur\u00e9e de lecture estim\u00e9e":"1 minute"},"schema":{"@context":"https:\/\/schema.org","@graph":[{"@type":"WebPage","@id":"https:\/\/paracherkaoui.ma\/index.php\/produit\/isdin-isdinceutics-pigment-expert-30-ampoules-3\/","url":"https:\/\/paracherkaoui.ma\/index.php\/produit\/isdin-isdinceutics-pigment-expert-30-ampoules-3\/","name":"ISDIN ISDINCEUTICS PIGMENT EXPERT 30 AMPOULES - Paracherkaoui.ma","isPartOf":{"@id":"https:\/\/paracherkaoui.ma\/#website"},"primaryImageOfPage":{"@id":"https:\/\/paracherkaoui.ma\/index.php\/produit\/isdin-isdinceutics-pigment-expert-30-ampoules-3\/#primaryimage"},"image":{"@id":"https:\/\/paracherkaoui.ma\/index.php\/produit\/isdin-isdinceutics-pigment-expert-30-ampoules-3\/#primaryimage"},"thumbnailUrl":"https:\/\/paracherkaoui.ma\/wp-content\/uploads\/2025\/12\/isdin-isdinceutics-pigment-expert-30-ampoules.jpg","datePublished":"2025-12-12T17:23:43+00:00","dateModified":"2025-12-12T17:23:44+00:00","breadcrumb":{"@id":"https:\/\/paracherkaoui.ma\/index.php\/produit\/isdin-isdinceutics-pigment-expert-30-ampoules-3\/#breadcrumb"},"inLanguage":"fr-FR","potentialAction":[{"@type":"ReadAction","target":["https:\/\/paracherkaoui.ma\/index.php\/produit\/isdin-isdinceutics-pigment-expert-30-ampoules-3\/"]}]},{"@type":"ImageObject","inLanguage":"fr-FR","@id":"https:\/\/paracherkaoui.ma\/index.php\/produit\/isdin-isdinceutics-pigment-expert-30-ampoules-3\/#primaryimage","url":"https:\/\/paracherkaoui.ma\/wp-content\/uploads\/2025\/12\/isdin-isdinceutics-pigment-expert-30-ampoules.jpg","contentUrl":"https:\/\/paracherkaoui.ma\/wp-content\/uploads\/2025\/12\/isdin-isdinceutics-pigment-expert-30-ampoules.jpg","width":700,"height":700},{"@type":"BreadcrumbList","@id":"https:\/\/paracherkaoui.ma\/index.php\/produit\/isdin-isdinceutics-pigment-expert-30-ampoules-3\/#breadcrumb","itemListElement":[{"@type":"ListItem","position":1,"name":"Accueil","item":"https:\/\/paracherkaoui.ma\/"},{"@type":"ListItem","position":2,"name":"Boutique","item":"https:\/\/paracherkaoui.ma\/index.php\/boutique\/"},{"@type":"ListItem","position":3,"name":"ISDIN ISDINCEUTICS PIGMENT EXPERT 30 AMPOULES"}]},{"@type":"WebSite","@id":"https:\/\/paracherkaoui.ma\/#website","url":"https:\/\/paracherkaoui.ma\/","name":"Paracherkaoui.ma","description":"Achetez en ligne sur Paracherkaoui.ma","potentialAction":[{"@type":"SearchAction","target":{"@type":"EntryPoint","urlTemplate":"https:\/\/paracherkaoui.ma\/?s={search_term_string}"},"query-input":{"@type":"PropertyValueSpecification","valueRequired":true,"valueName":"search_term_string"}}],"inLanguage":"fr-FR"}]}},"_links":{"self":[{"href":"https:\/\/paracherkaoui.ma\/index.php\/wp-json\/wp\/v2\/product\/26018","targetHints":{"allow":["GET"]}}],"collection":[{"href":"https:\/\/paracherkaoui.ma\/index.php\/wp-json\/wp\/v2\/product"}],"about":[{"href":"https:\/\/paracherkaoui.ma\/index.php\/wp-json\/wp\/v2\/types\/product"}],"replies":[{"embeddable":true,"href":"https:\/\/paracherkaoui.ma\/index.php\/wp-json\/wp\/v2\/comments?post=26018"}],"version-history":[{"count":1,"href":"https:\/\/paracherkaoui.ma\/index.php\/wp-json\/wp\/v2\/product\/26018\/revisions"}],"predecessor-version":[{"id":26049,"href":"https:\/\/paracherkaoui.ma\/index.php\/wp-json\/wp\/v2\/product\/26018\/revisions\/26049"}],"wp:featuredmedia":[{"embeddable":true,"href":"https:\/\/paracherkaoui.ma\/index.php\/wp-json\/wp\/v2\/media\/11961"}],"wp:attachment":[{"href":"https:\/\/paracherkaoui.ma\/index.php\/wp-json\/wp\/v2\/media?parent=26018"}],"wp:term":[{"taxonomy":"product_brand","embeddable":true,"href":"https:\/\/paracherkaoui.ma\/index.php\/wp-json\/wp\/v2\/product_brand?post=26018"},{"taxonomy":"product_cat","embeddable":true,"href":"https:\/\/paracherkaoui.ma\/index.php\/wp-json\/wp\/v2\/product_cat?post=26018"},{"taxonomy":"product_tag","embeddable":true,"href":"https:\/\/paracherkaoui.ma\/index.php\/wp-json\/wp\/v2\/product_tag?post=26018"}],"curies":[{"name":"wp","href":"https:\/\/api.w.org\/{rel}","templated":true}]}}