{"id":25959,"date":"2025-12-12T18:23:37","date_gmt":"2025-12-12T17:23:37","guid":{"rendered":"https:\/\/test.ecbeaute.com\/?post_type=product&#038;p=25959"},"modified":"2025-12-12T18:23:41","modified_gmt":"2025-12-12T17:23:41","slug":"uriage-hyseac-pain-dermatologique-2","status":"publish","type":"product","link":"https:\/\/paracherkaoui.ma\/index.php\/produit\/uriage-hyseac-pain-dermatologique-2\/","title":{"rendered":"URIAGE HYSEAC PAIN DERMATOLOGIQUE"},"content":{"rendered":"<p>HYS\u00c9AC Pain Dermatologique \u00e9limine les impuret\u00e9s et l&rsquo;exc\u00e8s de s\u00e9bum, tout en respectant parfaitement l\u2019\u00e9piderme. Sa haute rin\u00e7abilit\u00e9, son aspect moussant au contact de l\u2019eau et son l\u00e9ger parfum caract\u00e9ristique de la gamme de soins HYS\u00c9AC en font un produit tr\u00e8s agr\u00e9able \u00e0 utiliser au quotidien. La peau est plus nette, plus saine, plus fra\u00eeche.<br \/>\nNettoie<br \/>\nUn nettoyage ultra doux sans savon qui se rince \u00e0 l\u2019eau.<br \/>\nPurifie et assainit<br \/>\nFormul\u00e9 sp\u00e9cialement pour les peaux mixtes \u00e0 grasses, le pain dermatologique \u00e9limine les impuret\u00e9s et exc\u00e8s de s\u00e9bum.<\/p>\n","protected":false},"excerpt":{"rendered":"<p>HYS\u00c9AC Pain Dermatologique \u00e9limine les impuret\u00e9s et l&rsquo;exc\u00e8s de s\u00e9bum, tout en respectant parfaitement l\u2019\u00e9piderme. Sa haute rin\u00e7abilit\u00e9, son aspect<\/p>\n","protected":false},"featured_media":12590,"comment_status":"open","ping_status":"closed","template":"","meta":[],"product_brand":[130],"product_cat":[502],"product_tag":[],"class_list":{"0":"post-25959","1":"product","2":"type-product","3":"status-publish","4":"has-post-thumbnail","6":"product_brand-uriage","7":"product_cat-soins-anti-imperfections","9":"first","10":"instock","11":"sale","12":"shipping-taxable","13":"purchasable","14":"product-type-simple"},"yoast_head":"<!-- This site is optimized with the Yoast SEO plugin v26.6 - https:\/\/yoast.com\/wordpress\/plugins\/seo\/ -->\r\n<title>URIAGE HYSEAC PAIN DERMATOLOGIQUE - Paracherkaoui.ma<\/title>\r\n<meta name=\"robots\" content=\"index, follow, max-snippet:-1, max-image-preview:large, max-video-preview:-1\" \/>\r\n<link rel=\"canonical\" href=\"https:\/\/paracherkaoui.ma\/index.php\/produit\/uriage-hyseac-pain-dermatologique-2\/\" \/>\r\n<meta property=\"og:locale\" content=\"fr_FR\" \/>\r\n<meta property=\"og:type\" content=\"article\" \/>\r\n<meta property=\"og:title\" content=\"URIAGE HYSEAC PAIN DERMATOLOGIQUE - Paracherkaoui.ma\" \/>\r\n<meta property=\"og:description\" content=\"HYS\u00c9AC Pain Dermatologique \u00e9limine les impuret\u00e9s et l&rsquo;exc\u00e8s de s\u00e9bum, tout en respectant parfaitement l\u2019\u00e9piderme. Sa haute rin\u00e7abilit\u00e9, son aspect\" \/>\r\n<meta property=\"og:url\" content=\"https:\/\/paracherkaoui.ma\/index.php\/produit\/uriage-hyseac-pain-dermatologique-2\/\" \/>\r\n<meta property=\"og:site_name\" content=\"Paracherkaoui.ma\" \/>\r\n<meta property=\"article:modified_time\" content=\"2025-12-12T17:23:41+00:00\" \/>\r\n<meta property=\"og:image\" content=\"https:\/\/paracherkaoui.ma\/wp-content\/uploads\/2025\/12\/uriage-hyseac-pain-dermatologique.jpg\" \/>\r\n\t<meta property=\"og:image:width\" content=\"700\" \/>\r\n\t<meta property=\"og:image:height\" content=\"700\" \/>\r\n\t<meta property=\"og:image:type\" content=\"image\/jpeg\" \/>\r\n<meta name=\"twitter:card\" content=\"summary_large_image\" \/>\r\n<meta name=\"twitter:label1\" content=\"Dur\u00e9e de lecture estim\u00e9e\" \/>\n\t<meta name=\"twitter:data1\" content=\"1 minute\" \/>\r\n<script type=\"application\/ld+json\" class=\"yoast-schema-graph\">{\"@context\":\"https:\/\/schema.org\",\"@graph\":[{\"@type\":\"WebPage\",\"@id\":\"https:\/\/paracherkaoui.ma\/index.php\/produit\/uriage-hyseac-pain-dermatologique-2\/\",\"url\":\"https:\/\/paracherkaoui.ma\/index.php\/produit\/uriage-hyseac-pain-dermatologique-2\/\",\"name\":\"URIAGE HYSEAC PAIN DERMATOLOGIQUE - Paracherkaoui.ma\",\"isPartOf\":{\"@id\":\"https:\/\/paracherkaoui.ma\/#website\"},\"primaryImageOfPage\":{\"@id\":\"https:\/\/paracherkaoui.ma\/index.php\/produit\/uriage-hyseac-pain-dermatologique-2\/#primaryimage\"},\"image\":{\"@id\":\"https:\/\/paracherkaoui.ma\/index.php\/produit\/uriage-hyseac-pain-dermatologique-2\/#primaryimage\"},\"thumbnailUrl\":\"https:\/\/paracherkaoui.ma\/wp-content\/uploads\/2025\/12\/uriage-hyseac-pain-dermatologique.jpg\",\"datePublished\":\"2025-12-12T17:23:37+00:00\",\"dateModified\":\"2025-12-12T17:23:41+00:00\",\"breadcrumb\":{\"@id\":\"https:\/\/paracherkaoui.ma\/index.php\/produit\/uriage-hyseac-pain-dermatologique-2\/#breadcrumb\"},\"inLanguage\":\"fr-FR\",\"potentialAction\":[{\"@type\":\"ReadAction\",\"target\":[\"https:\/\/paracherkaoui.ma\/index.php\/produit\/uriage-hyseac-pain-dermatologique-2\/\"]}]},{\"@type\":\"ImageObject\",\"inLanguage\":\"fr-FR\",\"@id\":\"https:\/\/paracherkaoui.ma\/index.php\/produit\/uriage-hyseac-pain-dermatologique-2\/#primaryimage\",\"url\":\"https:\/\/paracherkaoui.ma\/wp-content\/uploads\/2025\/12\/uriage-hyseac-pain-dermatologique.jpg\",\"contentUrl\":\"https:\/\/paracherkaoui.ma\/wp-content\/uploads\/2025\/12\/uriage-hyseac-pain-dermatologique.jpg\",\"width\":700,\"height\":700},{\"@type\":\"BreadcrumbList\",\"@id\":\"https:\/\/paracherkaoui.ma\/index.php\/produit\/uriage-hyseac-pain-dermatologique-2\/#breadcrumb\",\"itemListElement\":[{\"@type\":\"ListItem\",\"position\":1,\"name\":\"Accueil\",\"item\":\"https:\/\/paracherkaoui.ma\/\"},{\"@type\":\"ListItem\",\"position\":2,\"name\":\"Boutique\",\"item\":\"https:\/\/paracherkaoui.ma\/index.php\/boutique\/\"},{\"@type\":\"ListItem\",\"position\":3,\"name\":\"URIAGE HYSEAC PAIN DERMATOLOGIQUE\"}]},{\"@type\":\"WebSite\",\"@id\":\"https:\/\/paracherkaoui.ma\/#website\",\"url\":\"https:\/\/paracherkaoui.ma\/\",\"name\":\"Paracherkaoui.ma\",\"description\":\"Achetez en ligne sur Paracherkaoui.ma\",\"potentialAction\":[{\"@type\":\"SearchAction\",\"target\":{\"@type\":\"EntryPoint\",\"urlTemplate\":\"https:\/\/paracherkaoui.ma\/?s={search_term_string}\"},\"query-input\":{\"@type\":\"PropertyValueSpecification\",\"valueRequired\":true,\"valueName\":\"search_term_string\"}}],\"inLanguage\":\"fr-FR\"}]}<\/script>\r\n<!-- \/ Yoast SEO plugin. -->","yoast_head_json":{"title":"URIAGE HYSEAC PAIN DERMATOLOGIQUE - Paracherkaoui.ma","robots":{"index":"index","follow":"follow","max-snippet":"max-snippet:-1","max-image-preview":"max-image-preview:large","max-video-preview":"max-video-preview:-1"},"canonical":"https:\/\/paracherkaoui.ma\/index.php\/produit\/uriage-hyseac-pain-dermatologique-2\/","og_locale":"fr_FR","og_type":"article","og_title":"URIAGE HYSEAC PAIN DERMATOLOGIQUE - Paracherkaoui.ma","og_description":"HYS\u00c9AC Pain Dermatologique \u00e9limine les impuret\u00e9s et l&rsquo;exc\u00e8s de s\u00e9bum, tout en respectant parfaitement l\u2019\u00e9piderme. Sa haute rin\u00e7abilit\u00e9, son aspect","og_url":"https:\/\/paracherkaoui.ma\/index.php\/produit\/uriage-hyseac-pain-dermatologique-2\/","og_site_name":"Paracherkaoui.ma","article_modified_time":"2025-12-12T17:23:41+00:00","og_image":[{"width":700,"height":700,"url":"https:\/\/paracherkaoui.ma\/wp-content\/uploads\/2025\/12\/uriage-hyseac-pain-dermatologique.jpg","type":"image\/jpeg"}],"twitter_card":"summary_large_image","twitter_misc":{"Dur\u00e9e de lecture estim\u00e9e":"1 minute"},"schema":{"@context":"https:\/\/schema.org","@graph":[{"@type":"WebPage","@id":"https:\/\/paracherkaoui.ma\/index.php\/produit\/uriage-hyseac-pain-dermatologique-2\/","url":"https:\/\/paracherkaoui.ma\/index.php\/produit\/uriage-hyseac-pain-dermatologique-2\/","name":"URIAGE HYSEAC PAIN DERMATOLOGIQUE - Paracherkaoui.ma","isPartOf":{"@id":"https:\/\/paracherkaoui.ma\/#website"},"primaryImageOfPage":{"@id":"https:\/\/paracherkaoui.ma\/index.php\/produit\/uriage-hyseac-pain-dermatologique-2\/#primaryimage"},"image":{"@id":"https:\/\/paracherkaoui.ma\/index.php\/produit\/uriage-hyseac-pain-dermatologique-2\/#primaryimage"},"thumbnailUrl":"https:\/\/paracherkaoui.ma\/wp-content\/uploads\/2025\/12\/uriage-hyseac-pain-dermatologique.jpg","datePublished":"2025-12-12T17:23:37+00:00","dateModified":"2025-12-12T17:23:41+00:00","breadcrumb":{"@id":"https:\/\/paracherkaoui.ma\/index.php\/produit\/uriage-hyseac-pain-dermatologique-2\/#breadcrumb"},"inLanguage":"fr-FR","potentialAction":[{"@type":"ReadAction","target":["https:\/\/paracherkaoui.ma\/index.php\/produit\/uriage-hyseac-pain-dermatologique-2\/"]}]},{"@type":"ImageObject","inLanguage":"fr-FR","@id":"https:\/\/paracherkaoui.ma\/index.php\/produit\/uriage-hyseac-pain-dermatologique-2\/#primaryimage","url":"https:\/\/paracherkaoui.ma\/wp-content\/uploads\/2025\/12\/uriage-hyseac-pain-dermatologique.jpg","contentUrl":"https:\/\/paracherkaoui.ma\/wp-content\/uploads\/2025\/12\/uriage-hyseac-pain-dermatologique.jpg","width":700,"height":700},{"@type":"BreadcrumbList","@id":"https:\/\/paracherkaoui.ma\/index.php\/produit\/uriage-hyseac-pain-dermatologique-2\/#breadcrumb","itemListElement":[{"@type":"ListItem","position":1,"name":"Accueil","item":"https:\/\/paracherkaoui.ma\/"},{"@type":"ListItem","position":2,"name":"Boutique","item":"https:\/\/paracherkaoui.ma\/index.php\/boutique\/"},{"@type":"ListItem","position":3,"name":"URIAGE HYSEAC PAIN DERMATOLOGIQUE"}]},{"@type":"WebSite","@id":"https:\/\/paracherkaoui.ma\/#website","url":"https:\/\/paracherkaoui.ma\/","name":"Paracherkaoui.ma","description":"Achetez en ligne sur Paracherkaoui.ma","potentialAction":[{"@type":"SearchAction","target":{"@type":"EntryPoint","urlTemplate":"https:\/\/paracherkaoui.ma\/?s={search_term_string}"},"query-input":{"@type":"PropertyValueSpecification","valueRequired":true,"valueName":"search_term_string"}}],"inLanguage":"fr-FR"}]}},"_links":{"self":[{"href":"https:\/\/paracherkaoui.ma\/index.php\/wp-json\/wp\/v2\/product\/25959","targetHints":{"allow":["GET"]}}],"collection":[{"href":"https:\/\/paracherkaoui.ma\/index.php\/wp-json\/wp\/v2\/product"}],"about":[{"href":"https:\/\/paracherkaoui.ma\/index.php\/wp-json\/wp\/v2\/types\/product"}],"replies":[{"embeddable":true,"href":"https:\/\/paracherkaoui.ma\/index.php\/wp-json\/wp\/v2\/comments?post=25959"}],"version-history":[{"count":1,"href":"https:\/\/paracherkaoui.ma\/index.php\/wp-json\/wp\/v2\/product\/25959\/revisions"}],"predecessor-version":[{"id":26007,"href":"https:\/\/paracherkaoui.ma\/index.php\/wp-json\/wp\/v2\/product\/25959\/revisions\/26007"}],"wp:featuredmedia":[{"embeddable":true,"href":"https:\/\/paracherkaoui.ma\/index.php\/wp-json\/wp\/v2\/media\/12590"}],"wp:attachment":[{"href":"https:\/\/paracherkaoui.ma\/index.php\/wp-json\/wp\/v2\/media?parent=25959"}],"wp:term":[{"taxonomy":"product_brand","embeddable":true,"href":"https:\/\/paracherkaoui.ma\/index.php\/wp-json\/wp\/v2\/product_brand?post=25959"},{"taxonomy":"product_cat","embeddable":true,"href":"https:\/\/paracherkaoui.ma\/index.php\/wp-json\/wp\/v2\/product_cat?post=25959"},{"taxonomy":"product_tag","embeddable":true,"href":"https:\/\/paracherkaoui.ma\/index.php\/wp-json\/wp\/v2\/product_tag?post=25959"}],"curies":[{"name":"wp","href":"https:\/\/api.w.org\/{rel}","templated":true}]}}