{"id":25873,"date":"2025-12-12T18:23:26","date_gmt":"2025-12-12T17:23:26","guid":{"rendered":"https:\/\/test.ecbeaute.com\/?post_type=product&#038;p=25873"},"modified":"2025-12-12T18:23:34","modified_gmt":"2025-12-12T17:23:34","slug":"cebelia-soin-extreme-gel-creme-75ml","status":"publish","type":"product","link":"https:\/\/paracherkaoui.ma\/index.php\/produit\/cebelia-soin-extreme-gel-creme-75ml\/","title":{"rendered":"CEBELIA SOIN EXTREME GEL CREME 75ML"},"content":{"rendered":"<p>CEBELIA Soin Extr\u00eame est un soin complet apaisant et hydratant pour le visage et pour le corps.<br \/>\nCon\u00e7u pour apaiser la peau apr\u00e8s des proc\u00e9dures esth\u00e9tiques telles que le laser, c&rsquo;est le soin SOS qui rafraichit l&rsquo;\u00e9piderme et calme imm\u00e9diatement les peaux r\u00e9actives et agress\u00e9es.<br \/>\nSes principes actifs diminuent les rougeurs, font baisser la temp\u00e9rature cutan\u00e9e, r\u00e9hydratent et favorisent la r\u00e9paration \u00e9pidermique.<br \/>\nSa texture gel-cr\u00e8me s&rsquo;\u00e9tale facilement et p\u00e9n\u00e8tre rapidement avec un effet rafraichissant imm\u00e9diat.<br \/>\nCe soin apaisant pour le visage et pour le corps apaise les rougeurs, les \u00e9chauffements et les gonflements.<br \/>\nIl renforce l&rsquo;hydratation de la peau en compensant les pertes en eau de fa\u00e7on r\u00e9gul\u00e9e et proportionnelle pour enfin favoriser la r\u00e9paration \u00e9pidermique gr\u00e2ce \u00e0 la Cebeline.<br \/>\nD\u00e8s l&rsquo;application, il apporte une sensation de fra\u00eecheur pour un soulagement imm\u00e9diat.<br \/>\nConseils d&rsquo;utilisation<br \/>\nAppliquer CEBELIA Soin Extr\u00eame aussi souvent que n\u00e9cessaire sur la zone concern\u00e9e (visage ou corps).<br \/>\nPour un effet rafraichissant intense, conserver le tube au frigo avant l&rsquo;application.<br \/>\nPour apaiser et hydrater sa peau en profondeur, utiliser en masque : appliquer en couche \u00e9paisse sur le visage, laisser pauser 15min puis rincer l&rsquo;exc\u00e9dent \u00e0 l&rsquo;eau.<br \/>\nId\u00e9al pour les peaux tr\u00e8s sensibles et intol\u00e9rantes.<\/p>\n","protected":false},"excerpt":{"rendered":"<p>CEBELIA Soin Extr\u00eame est un soin complet apaisant et hydratant pour le visage et pour le corps. Con\u00e7u pour apaiser<\/p>\n","protected":false},"featured_media":25921,"comment_status":"open","ping_status":"closed","template":"","meta":[],"product_brand":[364],"product_cat":[502],"product_tag":[],"class_list":{"0":"post-25873","1":"product","2":"type-product","3":"status-publish","4":"has-post-thumbnail","6":"product_brand-cebelia","7":"product_cat-soins-anti-imperfections","9":"first","10":"instock","11":"sale","12":"shipping-taxable","13":"purchasable","14":"product-type-simple"},"yoast_head":"<!-- This site is optimized with the Yoast SEO plugin v26.6 - https:\/\/yoast.com\/wordpress\/plugins\/seo\/ -->\r\n<title>CEBELIA SOIN EXTREME GEL CREME 75ML - Paracherkaoui.ma<\/title>\r\n<meta name=\"robots\" content=\"index, follow, max-snippet:-1, max-image-preview:large, max-video-preview:-1\" \/>\r\n<link rel=\"canonical\" href=\"https:\/\/paracherkaoui.ma\/index.php\/produit\/cebelia-soin-extreme-gel-creme-75ml\/\" \/>\r\n<meta property=\"og:locale\" content=\"fr_FR\" \/>\r\n<meta property=\"og:type\" content=\"article\" \/>\r\n<meta property=\"og:title\" content=\"CEBELIA SOIN EXTREME GEL CREME 75ML - Paracherkaoui.ma\" \/>\r\n<meta property=\"og:description\" content=\"CEBELIA Soin Extr\u00eame est un soin complet apaisant et hydratant pour le visage et pour le corps. Con\u00e7u pour apaiser\" \/>\r\n<meta property=\"og:url\" content=\"https:\/\/paracherkaoui.ma\/index.php\/produit\/cebelia-soin-extreme-gel-creme-75ml\/\" \/>\r\n<meta property=\"og:site_name\" content=\"Paracherkaoui.ma\" \/>\r\n<meta property=\"article:modified_time\" content=\"2025-12-12T17:23:34+00:00\" \/>\r\n<meta property=\"og:image\" content=\"https:\/\/paracherkaoui.ma\/wp-content\/uploads\/2025\/12\/cebelia-cebelia-soin-extreme-gel-creme-75ml-soins-anti-rougeurs.jpg\" \/>\r\n\t<meta property=\"og:image:width\" content=\"700\" \/>\r\n\t<meta property=\"og:image:height\" content=\"700\" \/>\r\n\t<meta property=\"og:image:type\" content=\"image\/jpeg\" \/>\r\n<meta name=\"twitter:card\" content=\"summary_large_image\" \/>\r\n<meta name=\"twitter:label1\" content=\"Dur\u00e9e de lecture estim\u00e9e\" \/>\n\t<meta name=\"twitter:data1\" content=\"1 minute\" \/>\r\n<script type=\"application\/ld+json\" class=\"yoast-schema-graph\">{\"@context\":\"https:\/\/schema.org\",\"@graph\":[{\"@type\":\"WebPage\",\"@id\":\"https:\/\/paracherkaoui.ma\/index.php\/produit\/cebelia-soin-extreme-gel-creme-75ml\/\",\"url\":\"https:\/\/paracherkaoui.ma\/index.php\/produit\/cebelia-soin-extreme-gel-creme-75ml\/\",\"name\":\"CEBELIA SOIN EXTREME GEL CREME 75ML - Paracherkaoui.ma\",\"isPartOf\":{\"@id\":\"https:\/\/paracherkaoui.ma\/#website\"},\"primaryImageOfPage\":{\"@id\":\"https:\/\/paracherkaoui.ma\/index.php\/produit\/cebelia-soin-extreme-gel-creme-75ml\/#primaryimage\"},\"image\":{\"@id\":\"https:\/\/paracherkaoui.ma\/index.php\/produit\/cebelia-soin-extreme-gel-creme-75ml\/#primaryimage\"},\"thumbnailUrl\":\"https:\/\/paracherkaoui.ma\/wp-content\/uploads\/2025\/12\/cebelia-cebelia-soin-extreme-gel-creme-75ml-soins-anti-rougeurs.jpg\",\"datePublished\":\"2025-12-12T17:23:26+00:00\",\"dateModified\":\"2025-12-12T17:23:34+00:00\",\"breadcrumb\":{\"@id\":\"https:\/\/paracherkaoui.ma\/index.php\/produit\/cebelia-soin-extreme-gel-creme-75ml\/#breadcrumb\"},\"inLanguage\":\"fr-FR\",\"potentialAction\":[{\"@type\":\"ReadAction\",\"target\":[\"https:\/\/paracherkaoui.ma\/index.php\/produit\/cebelia-soin-extreme-gel-creme-75ml\/\"]}]},{\"@type\":\"ImageObject\",\"inLanguage\":\"fr-FR\",\"@id\":\"https:\/\/paracherkaoui.ma\/index.php\/produit\/cebelia-soin-extreme-gel-creme-75ml\/#primaryimage\",\"url\":\"https:\/\/paracherkaoui.ma\/wp-content\/uploads\/2025\/12\/cebelia-cebelia-soin-extreme-gel-creme-75ml-soins-anti-rougeurs.jpg\",\"contentUrl\":\"https:\/\/paracherkaoui.ma\/wp-content\/uploads\/2025\/12\/cebelia-cebelia-soin-extreme-gel-creme-75ml-soins-anti-rougeurs.jpg\",\"width\":700,\"height\":700},{\"@type\":\"BreadcrumbList\",\"@id\":\"https:\/\/paracherkaoui.ma\/index.php\/produit\/cebelia-soin-extreme-gel-creme-75ml\/#breadcrumb\",\"itemListElement\":[{\"@type\":\"ListItem\",\"position\":1,\"name\":\"Accueil\",\"item\":\"https:\/\/paracherkaoui.ma\/\"},{\"@type\":\"ListItem\",\"position\":2,\"name\":\"Boutique\",\"item\":\"https:\/\/paracherkaoui.ma\/index.php\/boutique\/\"},{\"@type\":\"ListItem\",\"position\":3,\"name\":\"CEBELIA SOIN EXTREME GEL CREME 75ML\"}]},{\"@type\":\"WebSite\",\"@id\":\"https:\/\/paracherkaoui.ma\/#website\",\"url\":\"https:\/\/paracherkaoui.ma\/\",\"name\":\"Paracherkaoui.ma\",\"description\":\"Achetez en ligne sur Paracherkaoui.ma\",\"potentialAction\":[{\"@type\":\"SearchAction\",\"target\":{\"@type\":\"EntryPoint\",\"urlTemplate\":\"https:\/\/paracherkaoui.ma\/?s={search_term_string}\"},\"query-input\":{\"@type\":\"PropertyValueSpecification\",\"valueRequired\":true,\"valueName\":\"search_term_string\"}}],\"inLanguage\":\"fr-FR\"}]}<\/script>\r\n<!-- \/ Yoast SEO plugin. -->","yoast_head_json":{"title":"CEBELIA SOIN EXTREME GEL CREME 75ML - Paracherkaoui.ma","robots":{"index":"index","follow":"follow","max-snippet":"max-snippet:-1","max-image-preview":"max-image-preview:large","max-video-preview":"max-video-preview:-1"},"canonical":"https:\/\/paracherkaoui.ma\/index.php\/produit\/cebelia-soin-extreme-gel-creme-75ml\/","og_locale":"fr_FR","og_type":"article","og_title":"CEBELIA SOIN EXTREME GEL CREME 75ML - Paracherkaoui.ma","og_description":"CEBELIA Soin Extr\u00eame est un soin complet apaisant et hydratant pour le visage et pour le corps. Con\u00e7u pour apaiser","og_url":"https:\/\/paracherkaoui.ma\/index.php\/produit\/cebelia-soin-extreme-gel-creme-75ml\/","og_site_name":"Paracherkaoui.ma","article_modified_time":"2025-12-12T17:23:34+00:00","og_image":[{"width":700,"height":700,"url":"https:\/\/paracherkaoui.ma\/wp-content\/uploads\/2025\/12\/cebelia-cebelia-soin-extreme-gel-creme-75ml-soins-anti-rougeurs.jpg","type":"image\/jpeg"}],"twitter_card":"summary_large_image","twitter_misc":{"Dur\u00e9e de lecture estim\u00e9e":"1 minute"},"schema":{"@context":"https:\/\/schema.org","@graph":[{"@type":"WebPage","@id":"https:\/\/paracherkaoui.ma\/index.php\/produit\/cebelia-soin-extreme-gel-creme-75ml\/","url":"https:\/\/paracherkaoui.ma\/index.php\/produit\/cebelia-soin-extreme-gel-creme-75ml\/","name":"CEBELIA SOIN EXTREME GEL CREME 75ML - Paracherkaoui.ma","isPartOf":{"@id":"https:\/\/paracherkaoui.ma\/#website"},"primaryImageOfPage":{"@id":"https:\/\/paracherkaoui.ma\/index.php\/produit\/cebelia-soin-extreme-gel-creme-75ml\/#primaryimage"},"image":{"@id":"https:\/\/paracherkaoui.ma\/index.php\/produit\/cebelia-soin-extreme-gel-creme-75ml\/#primaryimage"},"thumbnailUrl":"https:\/\/paracherkaoui.ma\/wp-content\/uploads\/2025\/12\/cebelia-cebelia-soin-extreme-gel-creme-75ml-soins-anti-rougeurs.jpg","datePublished":"2025-12-12T17:23:26+00:00","dateModified":"2025-12-12T17:23:34+00:00","breadcrumb":{"@id":"https:\/\/paracherkaoui.ma\/index.php\/produit\/cebelia-soin-extreme-gel-creme-75ml\/#breadcrumb"},"inLanguage":"fr-FR","potentialAction":[{"@type":"ReadAction","target":["https:\/\/paracherkaoui.ma\/index.php\/produit\/cebelia-soin-extreme-gel-creme-75ml\/"]}]},{"@type":"ImageObject","inLanguage":"fr-FR","@id":"https:\/\/paracherkaoui.ma\/index.php\/produit\/cebelia-soin-extreme-gel-creme-75ml\/#primaryimage","url":"https:\/\/paracherkaoui.ma\/wp-content\/uploads\/2025\/12\/cebelia-cebelia-soin-extreme-gel-creme-75ml-soins-anti-rougeurs.jpg","contentUrl":"https:\/\/paracherkaoui.ma\/wp-content\/uploads\/2025\/12\/cebelia-cebelia-soin-extreme-gel-creme-75ml-soins-anti-rougeurs.jpg","width":700,"height":700},{"@type":"BreadcrumbList","@id":"https:\/\/paracherkaoui.ma\/index.php\/produit\/cebelia-soin-extreme-gel-creme-75ml\/#breadcrumb","itemListElement":[{"@type":"ListItem","position":1,"name":"Accueil","item":"https:\/\/paracherkaoui.ma\/"},{"@type":"ListItem","position":2,"name":"Boutique","item":"https:\/\/paracherkaoui.ma\/index.php\/boutique\/"},{"@type":"ListItem","position":3,"name":"CEBELIA SOIN EXTREME GEL CREME 75ML"}]},{"@type":"WebSite","@id":"https:\/\/paracherkaoui.ma\/#website","url":"https:\/\/paracherkaoui.ma\/","name":"Paracherkaoui.ma","description":"Achetez en ligne sur Paracherkaoui.ma","potentialAction":[{"@type":"SearchAction","target":{"@type":"EntryPoint","urlTemplate":"https:\/\/paracherkaoui.ma\/?s={search_term_string}"},"query-input":{"@type":"PropertyValueSpecification","valueRequired":true,"valueName":"search_term_string"}}],"inLanguage":"fr-FR"}]}},"_links":{"self":[{"href":"https:\/\/paracherkaoui.ma\/index.php\/wp-json\/wp\/v2\/product\/25873","targetHints":{"allow":["GET"]}}],"collection":[{"href":"https:\/\/paracherkaoui.ma\/index.php\/wp-json\/wp\/v2\/product"}],"about":[{"href":"https:\/\/paracherkaoui.ma\/index.php\/wp-json\/wp\/v2\/types\/product"}],"replies":[{"embeddable":true,"href":"https:\/\/paracherkaoui.ma\/index.php\/wp-json\/wp\/v2\/comments?post=25873"}],"version-history":[{"count":1,"href":"https:\/\/paracherkaoui.ma\/index.php\/wp-json\/wp\/v2\/product\/25873\/revisions"}],"predecessor-version":[{"id":25922,"href":"https:\/\/paracherkaoui.ma\/index.php\/wp-json\/wp\/v2\/product\/25873\/revisions\/25922"}],"wp:featuredmedia":[{"embeddable":true,"href":"https:\/\/paracherkaoui.ma\/index.php\/wp-json\/wp\/v2\/media\/25921"}],"wp:attachment":[{"href":"https:\/\/paracherkaoui.ma\/index.php\/wp-json\/wp\/v2\/media?parent=25873"}],"wp:term":[{"taxonomy":"product_brand","embeddable":true,"href":"https:\/\/paracherkaoui.ma\/index.php\/wp-json\/wp\/v2\/product_brand?post=25873"},{"taxonomy":"product_cat","embeddable":true,"href":"https:\/\/paracherkaoui.ma\/index.php\/wp-json\/wp\/v2\/product_cat?post=25873"},{"taxonomy":"product_tag","embeddable":true,"href":"https:\/\/paracherkaoui.ma\/index.php\/wp-json\/wp\/v2\/product_tag?post=25873"}],"curies":[{"name":"wp","href":"https:\/\/api.w.org\/{rel}","templated":true}]}}