{"id":25863,"date":"2025-12-12T18:23:26","date_gmt":"2025-12-12T17:23:26","guid":{"rendered":"https:\/\/test.ecbeaute.com\/?post_type=product&#038;p=25863"},"modified":"2025-12-12T18:23:32","modified_gmt":"2025-12-12T17:23:32","slug":"orpin-creme-anti-rougeurs-30-ml","status":"publish","type":"product","link":"https:\/\/paracherkaoui.ma\/index.php\/produit\/orpin-creme-anti-rougeurs-30-ml\/","title":{"rendered":"ORPIN CREME ANTI ROUGEURS 30 ML"},"content":{"rendered":"<p>Ces ingr\u00e9dients naturels agissent en synergie avec les huiles essentielles de g\u00e9ranium et de cypr\u00e8s, ainsi que d&rsquo;autres complexes m\u00e9dicaux, pour offrir une solution apaisante int\u00e9gr\u00e9e dans votre routine de soins cutan\u00e9s.<br \/>\nElle r\u00e9duit efficacement les rougeurs et convient parfaitement aux peaux sensibles \u00e0 tendance couperosique, procurant un soulagement imm\u00e9diat et durable. Adoptez la Cr\u00e8me Anti-Rougeurs ORPIN pour une peau apais\u00e9e et visiblement plus saine.<br \/>\nCONSEIL D&rsquo;UTILISATION<br \/>\nSur une peau parfaitement propre et s\u00e8che, appliquez une petite quantit\u00e9 de cr\u00e8me. Massez doucement en effectuant des mouvements circulaires jusqu&rsquo;\u00e0 ce que la cr\u00e8me soit compl\u00e8tement absorb\u00e9e. Utilisez ce soin matin et soir, ou selon vos besoins, pour obtenir des r\u00e9sultats optimaux. Ce produit est \u00e9galement adapt\u00e9 pour \u00eatre utilis\u00e9 sous le maquillage.<\/p>\n","protected":false},"excerpt":{"rendered":"<p>Ces ingr\u00e9dients naturels agissent en synergie avec les huiles essentielles de g\u00e9ranium et de cypr\u00e8s, ainsi que d&rsquo;autres complexes m\u00e9dicaux,<\/p>\n","protected":false},"featured_media":25905,"comment_status":"open","ping_status":"closed","template":"","meta":[],"product_brand":[268],"product_cat":[502],"product_tag":[],"class_list":{"0":"post-25863","1":"product","2":"type-product","3":"status-publish","4":"has-post-thumbnail","6":"product_brand-orpin","7":"product_cat-soins-anti-imperfections","9":"first","10":"instock","11":"sale","12":"shipping-taxable","13":"purchasable","14":"product-type-simple"},"yoast_head":"<!-- This site is optimized with the Yoast SEO plugin v26.6 - https:\/\/yoast.com\/wordpress\/plugins\/seo\/ -->\r\n<title>ORPIN CREME ANTI ROUGEURS 30 ML - Paracherkaoui.ma<\/title>\r\n<meta name=\"robots\" content=\"index, follow, max-snippet:-1, max-image-preview:large, max-video-preview:-1\" \/>\r\n<link rel=\"canonical\" href=\"https:\/\/paracherkaoui.ma\/index.php\/produit\/orpin-creme-anti-rougeurs-30-ml\/\" \/>\r\n<meta property=\"og:locale\" content=\"fr_FR\" \/>\r\n<meta property=\"og:type\" content=\"article\" \/>\r\n<meta property=\"og:title\" content=\"ORPIN CREME ANTI ROUGEURS 30 ML - Paracherkaoui.ma\" \/>\r\n<meta property=\"og:description\" content=\"Ces ingr\u00e9dients naturels agissent en synergie avec les huiles essentielles de g\u00e9ranium et de cypr\u00e8s, ainsi que d&rsquo;autres complexes m\u00e9dicaux,\" \/>\r\n<meta property=\"og:url\" content=\"https:\/\/paracherkaoui.ma\/index.php\/produit\/orpin-creme-anti-rougeurs-30-ml\/\" \/>\r\n<meta property=\"og:site_name\" content=\"Paracherkaoui.ma\" \/>\r\n<meta property=\"article:modified_time\" content=\"2025-12-12T17:23:32+00:00\" \/>\r\n<meta property=\"og:image\" content=\"https:\/\/paracherkaoui.ma\/wp-content\/uploads\/2025\/12\/orpin-orpin-creme-anti-rougeurs-30-ml-soins-anti-rougeurs.jpg\" \/>\r\n\t<meta property=\"og:image:width\" content=\"700\" \/>\r\n\t<meta property=\"og:image:height\" content=\"700\" \/>\r\n\t<meta property=\"og:image:type\" content=\"image\/jpeg\" \/>\r\n<meta name=\"twitter:card\" content=\"summary_large_image\" \/>\r\n<meta name=\"twitter:label1\" content=\"Dur\u00e9e de lecture estim\u00e9e\" \/>\n\t<meta name=\"twitter:data1\" content=\"1 minute\" \/>\r\n<script type=\"application\/ld+json\" class=\"yoast-schema-graph\">{\"@context\":\"https:\/\/schema.org\",\"@graph\":[{\"@type\":\"WebPage\",\"@id\":\"https:\/\/paracherkaoui.ma\/index.php\/produit\/orpin-creme-anti-rougeurs-30-ml\/\",\"url\":\"https:\/\/paracherkaoui.ma\/index.php\/produit\/orpin-creme-anti-rougeurs-30-ml\/\",\"name\":\"ORPIN CREME ANTI ROUGEURS 30 ML - Paracherkaoui.ma\",\"isPartOf\":{\"@id\":\"https:\/\/paracherkaoui.ma\/#website\"},\"primaryImageOfPage\":{\"@id\":\"https:\/\/paracherkaoui.ma\/index.php\/produit\/orpin-creme-anti-rougeurs-30-ml\/#primaryimage\"},\"image\":{\"@id\":\"https:\/\/paracherkaoui.ma\/index.php\/produit\/orpin-creme-anti-rougeurs-30-ml\/#primaryimage\"},\"thumbnailUrl\":\"https:\/\/paracherkaoui.ma\/wp-content\/uploads\/2025\/12\/orpin-orpin-creme-anti-rougeurs-30-ml-soins-anti-rougeurs.jpg\",\"datePublished\":\"2025-12-12T17:23:26+00:00\",\"dateModified\":\"2025-12-12T17:23:32+00:00\",\"breadcrumb\":{\"@id\":\"https:\/\/paracherkaoui.ma\/index.php\/produit\/orpin-creme-anti-rougeurs-30-ml\/#breadcrumb\"},\"inLanguage\":\"fr-FR\",\"potentialAction\":[{\"@type\":\"ReadAction\",\"target\":[\"https:\/\/paracherkaoui.ma\/index.php\/produit\/orpin-creme-anti-rougeurs-30-ml\/\"]}]},{\"@type\":\"ImageObject\",\"inLanguage\":\"fr-FR\",\"@id\":\"https:\/\/paracherkaoui.ma\/index.php\/produit\/orpin-creme-anti-rougeurs-30-ml\/#primaryimage\",\"url\":\"https:\/\/paracherkaoui.ma\/wp-content\/uploads\/2025\/12\/orpin-orpin-creme-anti-rougeurs-30-ml-soins-anti-rougeurs.jpg\",\"contentUrl\":\"https:\/\/paracherkaoui.ma\/wp-content\/uploads\/2025\/12\/orpin-orpin-creme-anti-rougeurs-30-ml-soins-anti-rougeurs.jpg\",\"width\":700,\"height\":700},{\"@type\":\"BreadcrumbList\",\"@id\":\"https:\/\/paracherkaoui.ma\/index.php\/produit\/orpin-creme-anti-rougeurs-30-ml\/#breadcrumb\",\"itemListElement\":[{\"@type\":\"ListItem\",\"position\":1,\"name\":\"Accueil\",\"item\":\"https:\/\/paracherkaoui.ma\/\"},{\"@type\":\"ListItem\",\"position\":2,\"name\":\"Boutique\",\"item\":\"https:\/\/paracherkaoui.ma\/index.php\/boutique\/\"},{\"@type\":\"ListItem\",\"position\":3,\"name\":\"ORPIN CREME ANTI ROUGEURS 30 ML\"}]},{\"@type\":\"WebSite\",\"@id\":\"https:\/\/paracherkaoui.ma\/#website\",\"url\":\"https:\/\/paracherkaoui.ma\/\",\"name\":\"Paracherkaoui.ma\",\"description\":\"Achetez en ligne sur Paracherkaoui.ma\",\"potentialAction\":[{\"@type\":\"SearchAction\",\"target\":{\"@type\":\"EntryPoint\",\"urlTemplate\":\"https:\/\/paracherkaoui.ma\/?s={search_term_string}\"},\"query-input\":{\"@type\":\"PropertyValueSpecification\",\"valueRequired\":true,\"valueName\":\"search_term_string\"}}],\"inLanguage\":\"fr-FR\"}]}<\/script>\r\n<!-- \/ Yoast SEO plugin. -->","yoast_head_json":{"title":"ORPIN CREME ANTI ROUGEURS 30 ML - Paracherkaoui.ma","robots":{"index":"index","follow":"follow","max-snippet":"max-snippet:-1","max-image-preview":"max-image-preview:large","max-video-preview":"max-video-preview:-1"},"canonical":"https:\/\/paracherkaoui.ma\/index.php\/produit\/orpin-creme-anti-rougeurs-30-ml\/","og_locale":"fr_FR","og_type":"article","og_title":"ORPIN CREME ANTI ROUGEURS 30 ML - Paracherkaoui.ma","og_description":"Ces ingr\u00e9dients naturels agissent en synergie avec les huiles essentielles de g\u00e9ranium et de cypr\u00e8s, ainsi que d&rsquo;autres complexes m\u00e9dicaux,","og_url":"https:\/\/paracherkaoui.ma\/index.php\/produit\/orpin-creme-anti-rougeurs-30-ml\/","og_site_name":"Paracherkaoui.ma","article_modified_time":"2025-12-12T17:23:32+00:00","og_image":[{"width":700,"height":700,"url":"https:\/\/paracherkaoui.ma\/wp-content\/uploads\/2025\/12\/orpin-orpin-creme-anti-rougeurs-30-ml-soins-anti-rougeurs.jpg","type":"image\/jpeg"}],"twitter_card":"summary_large_image","twitter_misc":{"Dur\u00e9e de lecture estim\u00e9e":"1 minute"},"schema":{"@context":"https:\/\/schema.org","@graph":[{"@type":"WebPage","@id":"https:\/\/paracherkaoui.ma\/index.php\/produit\/orpin-creme-anti-rougeurs-30-ml\/","url":"https:\/\/paracherkaoui.ma\/index.php\/produit\/orpin-creme-anti-rougeurs-30-ml\/","name":"ORPIN CREME ANTI ROUGEURS 30 ML - Paracherkaoui.ma","isPartOf":{"@id":"https:\/\/paracherkaoui.ma\/#website"},"primaryImageOfPage":{"@id":"https:\/\/paracherkaoui.ma\/index.php\/produit\/orpin-creme-anti-rougeurs-30-ml\/#primaryimage"},"image":{"@id":"https:\/\/paracherkaoui.ma\/index.php\/produit\/orpin-creme-anti-rougeurs-30-ml\/#primaryimage"},"thumbnailUrl":"https:\/\/paracherkaoui.ma\/wp-content\/uploads\/2025\/12\/orpin-orpin-creme-anti-rougeurs-30-ml-soins-anti-rougeurs.jpg","datePublished":"2025-12-12T17:23:26+00:00","dateModified":"2025-12-12T17:23:32+00:00","breadcrumb":{"@id":"https:\/\/paracherkaoui.ma\/index.php\/produit\/orpin-creme-anti-rougeurs-30-ml\/#breadcrumb"},"inLanguage":"fr-FR","potentialAction":[{"@type":"ReadAction","target":["https:\/\/paracherkaoui.ma\/index.php\/produit\/orpin-creme-anti-rougeurs-30-ml\/"]}]},{"@type":"ImageObject","inLanguage":"fr-FR","@id":"https:\/\/paracherkaoui.ma\/index.php\/produit\/orpin-creme-anti-rougeurs-30-ml\/#primaryimage","url":"https:\/\/paracherkaoui.ma\/wp-content\/uploads\/2025\/12\/orpin-orpin-creme-anti-rougeurs-30-ml-soins-anti-rougeurs.jpg","contentUrl":"https:\/\/paracherkaoui.ma\/wp-content\/uploads\/2025\/12\/orpin-orpin-creme-anti-rougeurs-30-ml-soins-anti-rougeurs.jpg","width":700,"height":700},{"@type":"BreadcrumbList","@id":"https:\/\/paracherkaoui.ma\/index.php\/produit\/orpin-creme-anti-rougeurs-30-ml\/#breadcrumb","itemListElement":[{"@type":"ListItem","position":1,"name":"Accueil","item":"https:\/\/paracherkaoui.ma\/"},{"@type":"ListItem","position":2,"name":"Boutique","item":"https:\/\/paracherkaoui.ma\/index.php\/boutique\/"},{"@type":"ListItem","position":3,"name":"ORPIN CREME ANTI ROUGEURS 30 ML"}]},{"@type":"WebSite","@id":"https:\/\/paracherkaoui.ma\/#website","url":"https:\/\/paracherkaoui.ma\/","name":"Paracherkaoui.ma","description":"Achetez en ligne sur Paracherkaoui.ma","potentialAction":[{"@type":"SearchAction","target":{"@type":"EntryPoint","urlTemplate":"https:\/\/paracherkaoui.ma\/?s={search_term_string}"},"query-input":{"@type":"PropertyValueSpecification","valueRequired":true,"valueName":"search_term_string"}}],"inLanguage":"fr-FR"}]}},"_links":{"self":[{"href":"https:\/\/paracherkaoui.ma\/index.php\/wp-json\/wp\/v2\/product\/25863","targetHints":{"allow":["GET"]}}],"collection":[{"href":"https:\/\/paracherkaoui.ma\/index.php\/wp-json\/wp\/v2\/product"}],"about":[{"href":"https:\/\/paracherkaoui.ma\/index.php\/wp-json\/wp\/v2\/types\/product"}],"replies":[{"embeddable":true,"href":"https:\/\/paracherkaoui.ma\/index.php\/wp-json\/wp\/v2\/comments?post=25863"}],"version-history":[{"count":1,"href":"https:\/\/paracherkaoui.ma\/index.php\/wp-json\/wp\/v2\/product\/25863\/revisions"}],"predecessor-version":[{"id":25906,"href":"https:\/\/paracherkaoui.ma\/index.php\/wp-json\/wp\/v2\/product\/25863\/revisions\/25906"}],"wp:featuredmedia":[{"embeddable":true,"href":"https:\/\/paracherkaoui.ma\/index.php\/wp-json\/wp\/v2\/media\/25905"}],"wp:attachment":[{"href":"https:\/\/paracherkaoui.ma\/index.php\/wp-json\/wp\/v2\/media?parent=25863"}],"wp:term":[{"taxonomy":"product_brand","embeddable":true,"href":"https:\/\/paracherkaoui.ma\/index.php\/wp-json\/wp\/v2\/product_brand?post=25863"},{"taxonomy":"product_cat","embeddable":true,"href":"https:\/\/paracherkaoui.ma\/index.php\/wp-json\/wp\/v2\/product_cat?post=25863"},{"taxonomy":"product_tag","embeddable":true,"href":"https:\/\/paracherkaoui.ma\/index.php\/wp-json\/wp\/v2\/product_tag?post=25863"}],"curies":[{"name":"wp","href":"https:\/\/api.w.org\/{rel}","templated":true}]}}