{"id":25861,"date":"2025-12-12T18:23:26","date_gmt":"2025-12-12T17:23:26","guid":{"rendered":"https:\/\/test.ecbeaute.com\/?post_type=product&#038;p=25861"},"modified":"2025-12-12T18:23:31","modified_gmt":"2025-12-12T17:23:31","slug":"evawin-rosawin-mdz-creme-40ml","status":"publish","type":"product","link":"https:\/\/paracherkaoui.ma\/index.php\/produit\/evawin-rosawin-mdz-creme-40ml\/","title":{"rendered":"EVAWIN ROSAWIN MDZ CREME 40ml"},"content":{"rendered":"<p>La Cr\u00e8me ROSAWIN MDZ, diminue l\u2019intensit\u00e9 et pr\u00e9vient l\u2019apparition des rougeurs de la rosac\u00e9e.<br \/>\nUn complexe d\u2019actifs apaisants intenses comme Le m\u00e9tronidazole, les extraits de poivre de Tasmanie, de calendula, d\u2019Aloe Vera, d\u2019hamam\u00e9lis, les Huiles essentiels de cypr\u00e8s, de G\u00e9ranium, et de chanvre ainsi que le bisabolol et les Niacinamides Vit-B3 qui diminuent les sensations d\u2019\u00e9chauffement et de tiraillements.<br \/>\nUne formule unique pour une action renforc\u00e9e :<br \/>\nLe m\u00e9tronidazole est un antibact\u00e9rien, antiparasitaire et anti-inflammatoire.<br \/>\nHuile essentiel de cypr\u00e8s renforce les parois veineuses.<br \/>\ndiminuent les rougeurs en favorisant la microcirculation veineuse et \u00e9claircit le teint.<br \/>\nCONSEILS D&rsquo;UTILISATION :<br \/>\nAppliquez le Soin ROSAWIN MDZ sur une peau propre matin et soir, Peut \u00eatre utilis\u00e9 comme base de maquillage.<\/p>\n","protected":false},"excerpt":{"rendered":"<p>La Cr\u00e8me ROSAWIN MDZ, diminue l\u2019intensit\u00e9 et pr\u00e9vient l\u2019apparition des rougeurs de la rosac\u00e9e. Un complexe d\u2019actifs apaisants intenses comme<\/p>\n","protected":false},"featured_media":25902,"comment_status":"open","ping_status":"closed","template":"","meta":[],"product_brand":[309],"product_cat":[502],"product_tag":[],"class_list":{"0":"post-25861","1":"product","2":"type-product","3":"status-publish","4":"has-post-thumbnail","6":"product_brand-evawin-pharma","7":"product_cat-soins-anti-imperfections","9":"first","10":"instock","11":"sale","12":"shipping-taxable","13":"purchasable","14":"product-type-simple"},"yoast_head":"<!-- This site is optimized with the Yoast SEO plugin v26.6 - https:\/\/yoast.com\/wordpress\/plugins\/seo\/ -->\r\n<title>EVAWIN ROSAWIN MDZ CREME 40ml - Paracherkaoui.ma<\/title>\r\n<meta name=\"robots\" content=\"index, follow, max-snippet:-1, max-image-preview:large, max-video-preview:-1\" \/>\r\n<link rel=\"canonical\" href=\"https:\/\/paracherkaoui.ma\/index.php\/produit\/evawin-rosawin-mdz-creme-40ml\/\" \/>\r\n<meta property=\"og:locale\" content=\"fr_FR\" \/>\r\n<meta property=\"og:type\" content=\"article\" \/>\r\n<meta property=\"og:title\" content=\"EVAWIN ROSAWIN MDZ CREME 40ml - Paracherkaoui.ma\" \/>\r\n<meta property=\"og:description\" content=\"La Cr\u00e8me ROSAWIN MDZ, diminue l\u2019intensit\u00e9 et pr\u00e9vient l\u2019apparition des rougeurs de la rosac\u00e9e. Un complexe d\u2019actifs apaisants intenses comme\" \/>\r\n<meta property=\"og:url\" content=\"https:\/\/paracherkaoui.ma\/index.php\/produit\/evawin-rosawin-mdz-creme-40ml\/\" \/>\r\n<meta property=\"og:site_name\" content=\"Paracherkaoui.ma\" \/>\r\n<meta property=\"article:modified_time\" content=\"2025-12-12T17:23:31+00:00\" \/>\r\n<meta property=\"og:image\" content=\"https:\/\/paracherkaoui.ma\/wp-content\/uploads\/2025\/12\/evawin-pharma-evawin-rosawin-mdz-creme-40ml-soins-anti-rougeurs.jpg\" \/>\r\n\t<meta property=\"og:image:width\" content=\"700\" \/>\r\n\t<meta property=\"og:image:height\" content=\"700\" \/>\r\n\t<meta property=\"og:image:type\" content=\"image\/jpeg\" \/>\r\n<meta name=\"twitter:card\" content=\"summary_large_image\" \/>\r\n<meta name=\"twitter:label1\" content=\"Dur\u00e9e de lecture estim\u00e9e\" \/>\n\t<meta name=\"twitter:data1\" content=\"1 minute\" \/>\r\n<script type=\"application\/ld+json\" class=\"yoast-schema-graph\">{\"@context\":\"https:\/\/schema.org\",\"@graph\":[{\"@type\":\"WebPage\",\"@id\":\"https:\/\/paracherkaoui.ma\/index.php\/produit\/evawin-rosawin-mdz-creme-40ml\/\",\"url\":\"https:\/\/paracherkaoui.ma\/index.php\/produit\/evawin-rosawin-mdz-creme-40ml\/\",\"name\":\"EVAWIN ROSAWIN MDZ CREME 40ml - Paracherkaoui.ma\",\"isPartOf\":{\"@id\":\"https:\/\/paracherkaoui.ma\/#website\"},\"primaryImageOfPage\":{\"@id\":\"https:\/\/paracherkaoui.ma\/index.php\/produit\/evawin-rosawin-mdz-creme-40ml\/#primaryimage\"},\"image\":{\"@id\":\"https:\/\/paracherkaoui.ma\/index.php\/produit\/evawin-rosawin-mdz-creme-40ml\/#primaryimage\"},\"thumbnailUrl\":\"https:\/\/paracherkaoui.ma\/wp-content\/uploads\/2025\/12\/evawin-pharma-evawin-rosawin-mdz-creme-40ml-soins-anti-rougeurs.jpg\",\"datePublished\":\"2025-12-12T17:23:26+00:00\",\"dateModified\":\"2025-12-12T17:23:31+00:00\",\"breadcrumb\":{\"@id\":\"https:\/\/paracherkaoui.ma\/index.php\/produit\/evawin-rosawin-mdz-creme-40ml\/#breadcrumb\"},\"inLanguage\":\"fr-FR\",\"potentialAction\":[{\"@type\":\"ReadAction\",\"target\":[\"https:\/\/paracherkaoui.ma\/index.php\/produit\/evawin-rosawin-mdz-creme-40ml\/\"]}]},{\"@type\":\"ImageObject\",\"inLanguage\":\"fr-FR\",\"@id\":\"https:\/\/paracherkaoui.ma\/index.php\/produit\/evawin-rosawin-mdz-creme-40ml\/#primaryimage\",\"url\":\"https:\/\/paracherkaoui.ma\/wp-content\/uploads\/2025\/12\/evawin-pharma-evawin-rosawin-mdz-creme-40ml-soins-anti-rougeurs.jpg\",\"contentUrl\":\"https:\/\/paracherkaoui.ma\/wp-content\/uploads\/2025\/12\/evawin-pharma-evawin-rosawin-mdz-creme-40ml-soins-anti-rougeurs.jpg\",\"width\":700,\"height\":700},{\"@type\":\"BreadcrumbList\",\"@id\":\"https:\/\/paracherkaoui.ma\/index.php\/produit\/evawin-rosawin-mdz-creme-40ml\/#breadcrumb\",\"itemListElement\":[{\"@type\":\"ListItem\",\"position\":1,\"name\":\"Accueil\",\"item\":\"https:\/\/paracherkaoui.ma\/\"},{\"@type\":\"ListItem\",\"position\":2,\"name\":\"Boutique\",\"item\":\"https:\/\/paracherkaoui.ma\/index.php\/boutique\/\"},{\"@type\":\"ListItem\",\"position\":3,\"name\":\"EVAWIN ROSAWIN MDZ CREME 40ml\"}]},{\"@type\":\"WebSite\",\"@id\":\"https:\/\/paracherkaoui.ma\/#website\",\"url\":\"https:\/\/paracherkaoui.ma\/\",\"name\":\"Paracherkaoui.ma\",\"description\":\"Achetez en ligne sur Paracherkaoui.ma\",\"potentialAction\":[{\"@type\":\"SearchAction\",\"target\":{\"@type\":\"EntryPoint\",\"urlTemplate\":\"https:\/\/paracherkaoui.ma\/?s={search_term_string}\"},\"query-input\":{\"@type\":\"PropertyValueSpecification\",\"valueRequired\":true,\"valueName\":\"search_term_string\"}}],\"inLanguage\":\"fr-FR\"}]}<\/script>\r\n<!-- \/ Yoast SEO plugin. -->","yoast_head_json":{"title":"EVAWIN ROSAWIN MDZ CREME 40ml - Paracherkaoui.ma","robots":{"index":"index","follow":"follow","max-snippet":"max-snippet:-1","max-image-preview":"max-image-preview:large","max-video-preview":"max-video-preview:-1"},"canonical":"https:\/\/paracherkaoui.ma\/index.php\/produit\/evawin-rosawin-mdz-creme-40ml\/","og_locale":"fr_FR","og_type":"article","og_title":"EVAWIN ROSAWIN MDZ CREME 40ml - Paracherkaoui.ma","og_description":"La Cr\u00e8me ROSAWIN MDZ, diminue l\u2019intensit\u00e9 et pr\u00e9vient l\u2019apparition des rougeurs de la rosac\u00e9e. Un complexe d\u2019actifs apaisants intenses comme","og_url":"https:\/\/paracherkaoui.ma\/index.php\/produit\/evawin-rosawin-mdz-creme-40ml\/","og_site_name":"Paracherkaoui.ma","article_modified_time":"2025-12-12T17:23:31+00:00","og_image":[{"width":700,"height":700,"url":"https:\/\/paracherkaoui.ma\/wp-content\/uploads\/2025\/12\/evawin-pharma-evawin-rosawin-mdz-creme-40ml-soins-anti-rougeurs.jpg","type":"image\/jpeg"}],"twitter_card":"summary_large_image","twitter_misc":{"Dur\u00e9e de lecture estim\u00e9e":"1 minute"},"schema":{"@context":"https:\/\/schema.org","@graph":[{"@type":"WebPage","@id":"https:\/\/paracherkaoui.ma\/index.php\/produit\/evawin-rosawin-mdz-creme-40ml\/","url":"https:\/\/paracherkaoui.ma\/index.php\/produit\/evawin-rosawin-mdz-creme-40ml\/","name":"EVAWIN ROSAWIN MDZ CREME 40ml - Paracherkaoui.ma","isPartOf":{"@id":"https:\/\/paracherkaoui.ma\/#website"},"primaryImageOfPage":{"@id":"https:\/\/paracherkaoui.ma\/index.php\/produit\/evawin-rosawin-mdz-creme-40ml\/#primaryimage"},"image":{"@id":"https:\/\/paracherkaoui.ma\/index.php\/produit\/evawin-rosawin-mdz-creme-40ml\/#primaryimage"},"thumbnailUrl":"https:\/\/paracherkaoui.ma\/wp-content\/uploads\/2025\/12\/evawin-pharma-evawin-rosawin-mdz-creme-40ml-soins-anti-rougeurs.jpg","datePublished":"2025-12-12T17:23:26+00:00","dateModified":"2025-12-12T17:23:31+00:00","breadcrumb":{"@id":"https:\/\/paracherkaoui.ma\/index.php\/produit\/evawin-rosawin-mdz-creme-40ml\/#breadcrumb"},"inLanguage":"fr-FR","potentialAction":[{"@type":"ReadAction","target":["https:\/\/paracherkaoui.ma\/index.php\/produit\/evawin-rosawin-mdz-creme-40ml\/"]}]},{"@type":"ImageObject","inLanguage":"fr-FR","@id":"https:\/\/paracherkaoui.ma\/index.php\/produit\/evawin-rosawin-mdz-creme-40ml\/#primaryimage","url":"https:\/\/paracherkaoui.ma\/wp-content\/uploads\/2025\/12\/evawin-pharma-evawin-rosawin-mdz-creme-40ml-soins-anti-rougeurs.jpg","contentUrl":"https:\/\/paracherkaoui.ma\/wp-content\/uploads\/2025\/12\/evawin-pharma-evawin-rosawin-mdz-creme-40ml-soins-anti-rougeurs.jpg","width":700,"height":700},{"@type":"BreadcrumbList","@id":"https:\/\/paracherkaoui.ma\/index.php\/produit\/evawin-rosawin-mdz-creme-40ml\/#breadcrumb","itemListElement":[{"@type":"ListItem","position":1,"name":"Accueil","item":"https:\/\/paracherkaoui.ma\/"},{"@type":"ListItem","position":2,"name":"Boutique","item":"https:\/\/paracherkaoui.ma\/index.php\/boutique\/"},{"@type":"ListItem","position":3,"name":"EVAWIN ROSAWIN MDZ CREME 40ml"}]},{"@type":"WebSite","@id":"https:\/\/paracherkaoui.ma\/#website","url":"https:\/\/paracherkaoui.ma\/","name":"Paracherkaoui.ma","description":"Achetez en ligne sur Paracherkaoui.ma","potentialAction":[{"@type":"SearchAction","target":{"@type":"EntryPoint","urlTemplate":"https:\/\/paracherkaoui.ma\/?s={search_term_string}"},"query-input":{"@type":"PropertyValueSpecification","valueRequired":true,"valueName":"search_term_string"}}],"inLanguage":"fr-FR"}]}},"_links":{"self":[{"href":"https:\/\/paracherkaoui.ma\/index.php\/wp-json\/wp\/v2\/product\/25861","targetHints":{"allow":["GET"]}}],"collection":[{"href":"https:\/\/paracherkaoui.ma\/index.php\/wp-json\/wp\/v2\/product"}],"about":[{"href":"https:\/\/paracherkaoui.ma\/index.php\/wp-json\/wp\/v2\/types\/product"}],"replies":[{"embeddable":true,"href":"https:\/\/paracherkaoui.ma\/index.php\/wp-json\/wp\/v2\/comments?post=25861"}],"version-history":[{"count":1,"href":"https:\/\/paracherkaoui.ma\/index.php\/wp-json\/wp\/v2\/product\/25861\/revisions"}],"predecessor-version":[{"id":25903,"href":"https:\/\/paracherkaoui.ma\/index.php\/wp-json\/wp\/v2\/product\/25861\/revisions\/25903"}],"wp:featuredmedia":[{"embeddable":true,"href":"https:\/\/paracherkaoui.ma\/index.php\/wp-json\/wp\/v2\/media\/25902"}],"wp:attachment":[{"href":"https:\/\/paracherkaoui.ma\/index.php\/wp-json\/wp\/v2\/media?parent=25861"}],"wp:term":[{"taxonomy":"product_brand","embeddable":true,"href":"https:\/\/paracherkaoui.ma\/index.php\/wp-json\/wp\/v2\/product_brand?post=25861"},{"taxonomy":"product_cat","embeddable":true,"href":"https:\/\/paracherkaoui.ma\/index.php\/wp-json\/wp\/v2\/product_cat?post=25861"},{"taxonomy":"product_tag","embeddable":true,"href":"https:\/\/paracherkaoui.ma\/index.php\/wp-json\/wp\/v2\/product_tag?post=25861"}],"curies":[{"name":"wp","href":"https:\/\/api.w.org\/{rel}","templated":true}]}}