{"id":25860,"date":"2025-12-12T18:23:26","date_gmt":"2025-12-12T17:23:26","guid":{"rendered":"https:\/\/test.ecbeaute.com\/?post_type=product&#038;p=25860"},"modified":"2025-12-12T18:23:30","modified_gmt":"2025-12-12T17:23:30","slug":"fiderma-soin-traitant-peaux-mixtes-a-grasses-50-ml","status":"publish","type":"product","link":"https:\/\/paracherkaoui.ma\/index.php\/produit\/fiderma-soin-traitant-peaux-mixtes-a-grasses-50-ml\/","title":{"rendered":"FIDERMA SOIN TRAITANT PEAUX MIXTES A GRASSES 50 ML"},"content":{"rendered":"<p>FIDERMA SOIN TRAITANT PEAUX MIXTES \u00e0 GRASSES traitement cibl\u00e9 pour les peaux grasses \u00e0 imperfections qui aide \u00e0 neutraliser tous les facteurs responsables, r\u00e9duit la production excessive de s\u00e9bum, r\u00e9gularise la diff\u00e9rentiation keratinocytaire et contr\u00f4le la prolif\u00e9ration bact\u00e9rienne, Avec un effet exfoliant doux, sa formule \u00e9quilibr\u00e9e assure une parfaite hydratation et apaise les irritations, Sans parfums ni parabens,<br \/>\nConseils d&rsquo;utilisation:<br \/>\nappliquer une fois par jour, par un leger massage jusqu&rsquo;\u00e0 absorption compl\u00e8te, En cas de contact avec les yeux, rincer \u00e0 l&rsquo;eau,<\/p>\n","protected":false},"excerpt":{"rendered":"<p>FIDERMA SOIN TRAITANT PEAUX MIXTES \u00e0 GRASSES traitement cibl\u00e9 pour les peaux grasses \u00e0 imperfections qui aide \u00e0 neutraliser tous<\/p>\n","protected":false},"featured_media":25900,"comment_status":"open","ping_status":"closed","template":"","meta":[],"product_brand":[305],"product_cat":[502],"product_tag":[],"class_list":{"0":"post-25860","1":"product","2":"type-product","3":"status-publish","4":"has-post-thumbnail","6":"product_brand-fiderma","7":"product_cat-soins-anti-imperfections","9":"first","10":"instock","11":"sale","12":"shipping-taxable","13":"purchasable","14":"product-type-simple"},"yoast_head":"<!-- This site is optimized with the Yoast SEO plugin v26.6 - https:\/\/yoast.com\/wordpress\/plugins\/seo\/ -->\r\n<title>FIDERMA SOIN TRAITANT PEAUX MIXTES A GRASSES 50 ML - Paracherkaoui.ma<\/title>\r\n<meta name=\"robots\" content=\"index, follow, max-snippet:-1, max-image-preview:large, max-video-preview:-1\" \/>\r\n<link rel=\"canonical\" href=\"https:\/\/paracherkaoui.ma\/index.php\/produit\/fiderma-soin-traitant-peaux-mixtes-a-grasses-50-ml\/\" \/>\r\n<meta property=\"og:locale\" content=\"fr_FR\" \/>\r\n<meta property=\"og:type\" content=\"article\" \/>\r\n<meta property=\"og:title\" content=\"FIDERMA SOIN TRAITANT PEAUX MIXTES A GRASSES 50 ML - Paracherkaoui.ma\" \/>\r\n<meta property=\"og:description\" content=\"FIDERMA SOIN TRAITANT PEAUX MIXTES \u00e0 GRASSES traitement cibl\u00e9 pour les peaux grasses \u00e0 imperfections qui aide \u00e0 neutraliser tous\" \/>\r\n<meta property=\"og:url\" content=\"https:\/\/paracherkaoui.ma\/index.php\/produit\/fiderma-soin-traitant-peaux-mixtes-a-grasses-50-ml\/\" \/>\r\n<meta property=\"og:site_name\" content=\"Paracherkaoui.ma\" \/>\r\n<meta property=\"article:modified_time\" content=\"2025-12-12T17:23:30+00:00\" \/>\r\n<meta property=\"og:image\" content=\"https:\/\/paracherkaoui.ma\/wp-content\/uploads\/2025\/12\/fiderma-fiderma-soin-traitant-peaux-mixtes-a-grasses-50-ml-soins-anti-imperfections.jpg\" \/>\r\n\t<meta property=\"og:image:width\" content=\"700\" \/>\r\n\t<meta property=\"og:image:height\" content=\"700\" \/>\r\n\t<meta property=\"og:image:type\" content=\"image\/jpeg\" \/>\r\n<meta name=\"twitter:card\" content=\"summary_large_image\" \/>\r\n<script type=\"application\/ld+json\" class=\"yoast-schema-graph\">{\"@context\":\"https:\/\/schema.org\",\"@graph\":[{\"@type\":\"WebPage\",\"@id\":\"https:\/\/paracherkaoui.ma\/index.php\/produit\/fiderma-soin-traitant-peaux-mixtes-a-grasses-50-ml\/\",\"url\":\"https:\/\/paracherkaoui.ma\/index.php\/produit\/fiderma-soin-traitant-peaux-mixtes-a-grasses-50-ml\/\",\"name\":\"FIDERMA SOIN TRAITANT PEAUX MIXTES A GRASSES 50 ML - Paracherkaoui.ma\",\"isPartOf\":{\"@id\":\"https:\/\/paracherkaoui.ma\/#website\"},\"primaryImageOfPage\":{\"@id\":\"https:\/\/paracherkaoui.ma\/index.php\/produit\/fiderma-soin-traitant-peaux-mixtes-a-grasses-50-ml\/#primaryimage\"},\"image\":{\"@id\":\"https:\/\/paracherkaoui.ma\/index.php\/produit\/fiderma-soin-traitant-peaux-mixtes-a-grasses-50-ml\/#primaryimage\"},\"thumbnailUrl\":\"https:\/\/paracherkaoui.ma\/wp-content\/uploads\/2025\/12\/fiderma-fiderma-soin-traitant-peaux-mixtes-a-grasses-50-ml-soins-anti-imperfections.jpg\",\"datePublished\":\"2025-12-12T17:23:26+00:00\",\"dateModified\":\"2025-12-12T17:23:30+00:00\",\"breadcrumb\":{\"@id\":\"https:\/\/paracherkaoui.ma\/index.php\/produit\/fiderma-soin-traitant-peaux-mixtes-a-grasses-50-ml\/#breadcrumb\"},\"inLanguage\":\"fr-FR\",\"potentialAction\":[{\"@type\":\"ReadAction\",\"target\":[\"https:\/\/paracherkaoui.ma\/index.php\/produit\/fiderma-soin-traitant-peaux-mixtes-a-grasses-50-ml\/\"]}]},{\"@type\":\"ImageObject\",\"inLanguage\":\"fr-FR\",\"@id\":\"https:\/\/paracherkaoui.ma\/index.php\/produit\/fiderma-soin-traitant-peaux-mixtes-a-grasses-50-ml\/#primaryimage\",\"url\":\"https:\/\/paracherkaoui.ma\/wp-content\/uploads\/2025\/12\/fiderma-fiderma-soin-traitant-peaux-mixtes-a-grasses-50-ml-soins-anti-imperfections.jpg\",\"contentUrl\":\"https:\/\/paracherkaoui.ma\/wp-content\/uploads\/2025\/12\/fiderma-fiderma-soin-traitant-peaux-mixtes-a-grasses-50-ml-soins-anti-imperfections.jpg\",\"width\":700,\"height\":700},{\"@type\":\"BreadcrumbList\",\"@id\":\"https:\/\/paracherkaoui.ma\/index.php\/produit\/fiderma-soin-traitant-peaux-mixtes-a-grasses-50-ml\/#breadcrumb\",\"itemListElement\":[{\"@type\":\"ListItem\",\"position\":1,\"name\":\"Accueil\",\"item\":\"https:\/\/paracherkaoui.ma\/\"},{\"@type\":\"ListItem\",\"position\":2,\"name\":\"Boutique\",\"item\":\"https:\/\/paracherkaoui.ma\/index.php\/boutique\/\"},{\"@type\":\"ListItem\",\"position\":3,\"name\":\"FIDERMA SOIN TRAITANT PEAUX MIXTES A GRASSES 50 ML\"}]},{\"@type\":\"WebSite\",\"@id\":\"https:\/\/paracherkaoui.ma\/#website\",\"url\":\"https:\/\/paracherkaoui.ma\/\",\"name\":\"Paracherkaoui.ma\",\"description\":\"Achetez en ligne sur Paracherkaoui.ma\",\"potentialAction\":[{\"@type\":\"SearchAction\",\"target\":{\"@type\":\"EntryPoint\",\"urlTemplate\":\"https:\/\/paracherkaoui.ma\/?s={search_term_string}\"},\"query-input\":{\"@type\":\"PropertyValueSpecification\",\"valueRequired\":true,\"valueName\":\"search_term_string\"}}],\"inLanguage\":\"fr-FR\"}]}<\/script>\r\n<!-- \/ Yoast SEO plugin. -->","yoast_head_json":{"title":"FIDERMA SOIN TRAITANT PEAUX MIXTES A GRASSES 50 ML - Paracherkaoui.ma","robots":{"index":"index","follow":"follow","max-snippet":"max-snippet:-1","max-image-preview":"max-image-preview:large","max-video-preview":"max-video-preview:-1"},"canonical":"https:\/\/paracherkaoui.ma\/index.php\/produit\/fiderma-soin-traitant-peaux-mixtes-a-grasses-50-ml\/","og_locale":"fr_FR","og_type":"article","og_title":"FIDERMA SOIN TRAITANT PEAUX MIXTES A GRASSES 50 ML - Paracherkaoui.ma","og_description":"FIDERMA SOIN TRAITANT PEAUX MIXTES \u00e0 GRASSES traitement cibl\u00e9 pour les peaux grasses \u00e0 imperfections qui aide \u00e0 neutraliser tous","og_url":"https:\/\/paracherkaoui.ma\/index.php\/produit\/fiderma-soin-traitant-peaux-mixtes-a-grasses-50-ml\/","og_site_name":"Paracherkaoui.ma","article_modified_time":"2025-12-12T17:23:30+00:00","og_image":[{"width":700,"height":700,"url":"https:\/\/paracherkaoui.ma\/wp-content\/uploads\/2025\/12\/fiderma-fiderma-soin-traitant-peaux-mixtes-a-grasses-50-ml-soins-anti-imperfections.jpg","type":"image\/jpeg"}],"twitter_card":"summary_large_image","schema":{"@context":"https:\/\/schema.org","@graph":[{"@type":"WebPage","@id":"https:\/\/paracherkaoui.ma\/index.php\/produit\/fiderma-soin-traitant-peaux-mixtes-a-grasses-50-ml\/","url":"https:\/\/paracherkaoui.ma\/index.php\/produit\/fiderma-soin-traitant-peaux-mixtes-a-grasses-50-ml\/","name":"FIDERMA SOIN TRAITANT PEAUX MIXTES A GRASSES 50 ML - Paracherkaoui.ma","isPartOf":{"@id":"https:\/\/paracherkaoui.ma\/#website"},"primaryImageOfPage":{"@id":"https:\/\/paracherkaoui.ma\/index.php\/produit\/fiderma-soin-traitant-peaux-mixtes-a-grasses-50-ml\/#primaryimage"},"image":{"@id":"https:\/\/paracherkaoui.ma\/index.php\/produit\/fiderma-soin-traitant-peaux-mixtes-a-grasses-50-ml\/#primaryimage"},"thumbnailUrl":"https:\/\/paracherkaoui.ma\/wp-content\/uploads\/2025\/12\/fiderma-fiderma-soin-traitant-peaux-mixtes-a-grasses-50-ml-soins-anti-imperfections.jpg","datePublished":"2025-12-12T17:23:26+00:00","dateModified":"2025-12-12T17:23:30+00:00","breadcrumb":{"@id":"https:\/\/paracherkaoui.ma\/index.php\/produit\/fiderma-soin-traitant-peaux-mixtes-a-grasses-50-ml\/#breadcrumb"},"inLanguage":"fr-FR","potentialAction":[{"@type":"ReadAction","target":["https:\/\/paracherkaoui.ma\/index.php\/produit\/fiderma-soin-traitant-peaux-mixtes-a-grasses-50-ml\/"]}]},{"@type":"ImageObject","inLanguage":"fr-FR","@id":"https:\/\/paracherkaoui.ma\/index.php\/produit\/fiderma-soin-traitant-peaux-mixtes-a-grasses-50-ml\/#primaryimage","url":"https:\/\/paracherkaoui.ma\/wp-content\/uploads\/2025\/12\/fiderma-fiderma-soin-traitant-peaux-mixtes-a-grasses-50-ml-soins-anti-imperfections.jpg","contentUrl":"https:\/\/paracherkaoui.ma\/wp-content\/uploads\/2025\/12\/fiderma-fiderma-soin-traitant-peaux-mixtes-a-grasses-50-ml-soins-anti-imperfections.jpg","width":700,"height":700},{"@type":"BreadcrumbList","@id":"https:\/\/paracherkaoui.ma\/index.php\/produit\/fiderma-soin-traitant-peaux-mixtes-a-grasses-50-ml\/#breadcrumb","itemListElement":[{"@type":"ListItem","position":1,"name":"Accueil","item":"https:\/\/paracherkaoui.ma\/"},{"@type":"ListItem","position":2,"name":"Boutique","item":"https:\/\/paracherkaoui.ma\/index.php\/boutique\/"},{"@type":"ListItem","position":3,"name":"FIDERMA SOIN TRAITANT PEAUX MIXTES A GRASSES 50 ML"}]},{"@type":"WebSite","@id":"https:\/\/paracherkaoui.ma\/#website","url":"https:\/\/paracherkaoui.ma\/","name":"Paracherkaoui.ma","description":"Achetez en ligne sur Paracherkaoui.ma","potentialAction":[{"@type":"SearchAction","target":{"@type":"EntryPoint","urlTemplate":"https:\/\/paracherkaoui.ma\/?s={search_term_string}"},"query-input":{"@type":"PropertyValueSpecification","valueRequired":true,"valueName":"search_term_string"}}],"inLanguage":"fr-FR"}]}},"_links":{"self":[{"href":"https:\/\/paracherkaoui.ma\/index.php\/wp-json\/wp\/v2\/product\/25860","targetHints":{"allow":["GET"]}}],"collection":[{"href":"https:\/\/paracherkaoui.ma\/index.php\/wp-json\/wp\/v2\/product"}],"about":[{"href":"https:\/\/paracherkaoui.ma\/index.php\/wp-json\/wp\/v2\/types\/product"}],"replies":[{"embeddable":true,"href":"https:\/\/paracherkaoui.ma\/index.php\/wp-json\/wp\/v2\/comments?post=25860"}],"version-history":[{"count":1,"href":"https:\/\/paracherkaoui.ma\/index.php\/wp-json\/wp\/v2\/product\/25860\/revisions"}],"predecessor-version":[{"id":25901,"href":"https:\/\/paracherkaoui.ma\/index.php\/wp-json\/wp\/v2\/product\/25860\/revisions\/25901"}],"wp:featuredmedia":[{"embeddable":true,"href":"https:\/\/paracherkaoui.ma\/index.php\/wp-json\/wp\/v2\/media\/25900"}],"wp:attachment":[{"href":"https:\/\/paracherkaoui.ma\/index.php\/wp-json\/wp\/v2\/media?parent=25860"}],"wp:term":[{"taxonomy":"product_brand","embeddable":true,"href":"https:\/\/paracherkaoui.ma\/index.php\/wp-json\/wp\/v2\/product_brand?post=25860"},{"taxonomy":"product_cat","embeddable":true,"href":"https:\/\/paracherkaoui.ma\/index.php\/wp-json\/wp\/v2\/product_cat?post=25860"},{"taxonomy":"product_tag","embeddable":true,"href":"https:\/\/paracherkaoui.ma\/index.php\/wp-json\/wp\/v2\/product_tag?post=25860"}],"curies":[{"name":"wp","href":"https:\/\/api.w.org\/{rel}","templated":true}]}}