{"id":25851,"date":"2025-12-12T18:23:25","date_gmt":"2025-12-12T17:23:25","guid":{"rendered":"https:\/\/test.ecbeaute.com\/?post_type=product&#038;p=25851"},"modified":"2025-12-12T18:23:27","modified_gmt":"2025-12-12T17:23:27","slug":"patyka-lift-essentiel-creme-lift-eclat-fermete-jour-50-ml","status":"publish","type":"product","link":"https:\/\/paracherkaoui.ma\/index.php\/produit\/patyka-lift-essentiel-creme-lift-eclat-fermete-jour-50-ml\/","title":{"rendered":"PATYKA LIFT ESSENTIEL CREME LIFT ECLAT FERMETE JOUR 50 ML"},"content":{"rendered":"<p>L&rsquo;ang\u00e9lique, une plante aux propri\u00e9t\u00e9s revitalisantes, agit en profondeur pour r\u00e9veiller la jeunesse de votre peau, tandis que le r\u00e9tinol-like v\u00e9g\u00e9tal stimule l&rsquo;\u00e9lasticit\u00e9 et la fermet\u00e9 cutan\u00e9e, combattant ainsi les signes du vieillissement. En compl\u00e9ment, le pissenlit joue un r\u00f4le protecteur contre les radicaux libres, cons\u00e9quence de la pollution, limitant ainsi l&rsquo;oxydation cellulaire. L&rsquo;engelhardia est un autre alli\u00e9 pr\u00e9cieux qui pr\u00e9serve la peau de la perte d&rsquo;\u00e9lasticit\u00e9, garantissant une texture plus ferme et tonique.<br \/>\nL&rsquo;hydratation optimale est assur\u00e9e gr\u00e2ce \u00e0 l&rsquo;acide hyaluronique de bas poids mol\u00e9culaire, qui p\u00e9n\u00e8tre profond\u00e9ment pour nourrir la peau en continu. De plus, l&rsquo;eau florale de rose de Damas apporte une touche de douceur, pr\u00e9venant le vieillissement pr\u00e9matur\u00e9 tout en offrant une hydratation intense. Les r\u00e9sultats sont imm\u00e9diats : la peau est intens\u00e9ment hydrat\u00e9e, plus belle, et les signes de fatigue s&rsquo;estompent.<br \/>\nTest\u00e9e sous contr\u00f4le dermatologique, cette cr\u00e8me est \u00e9galement vegan et fabriqu\u00e9e en France, garantissant un produit respectueux de l&rsquo;environnement. Avec 99,9 % d&rsquo;ingr\u00e9dients d&rsquo;origine naturelle et 40,5 % issus de l&rsquo;Agriculture Biologique, vous pouvez l&rsquo;appliquer en toute confiance, en sachant qu&rsquo;elle respecte votre peau et la plan\u00e8te.<br \/>\nComposition<br \/>\nAqua (Water), Rosa Damascena Flower Water, Glycerin, Alcohol Denat., Helianthus Annuus (Sunflower) Seed Oil, Coco-Caprylate, Glyceryl Stearate Citrate, Microcrystalline Cellulose, Caprylic\/Capric Triglyceride, Coco-Caprylate\/Caprate, Parfum (Fragrance), Cetearyl Alcohol, Sodium Hyaluronate, Engelhardtia Chrysolepis Leaf Extract, Taraxacum Officinale (Dandelion) Rhizome\/Root Extract, Angelica Archangelica Callus Extract, Glyceryl Caprylate, Sodium Stearoyl Glutamate, Limonene, Levulinic Acid, Vigna Aconitifolia Seed Extract, Chondrus Crispus (Carrageenan) Powder, Sclerotium Gum, Sodium Levulinate, Cellulose Gum, Xanthan Gum, Tocopherol, Pentylene Glycol, Sodium Phytate, Maltodextrin, Sodium Hydroxide, Linalool, Citronellol.<br \/>\nConseils d&rsquo;utilisation<br \/>\nPour maximiser les bienfaits de la cr\u00e8me, appliquez chaque matin une noisette de Patyka Lift Essentiel sur l&rsquo;ensemble du visage, du cou et du d\u00e9collet\u00e9, apr\u00e8s avoir utilis\u00e9 votre s\u00e9rum. Ce geste simple revitalisera votre peau, la rendant plus ferme et \u00e9clatante au quotidien.<\/p>\n","protected":false},"excerpt":{"rendered":"<p>L&rsquo;ang\u00e9lique, une plante aux propri\u00e9t\u00e9s revitalisantes, agit en profondeur pour r\u00e9veiller la jeunesse de votre peau, tandis que le r\u00e9tinol-like<\/p>\n","protected":false},"featured_media":25882,"comment_status":"open","ping_status":"closed","template":"","meta":[],"product_brand":[443],"product_cat":[502],"product_tag":[],"class_list":{"0":"post-25851","1":"product","2":"type-product","3":"status-publish","4":"has-post-thumbnail","6":"product_brand-patyka","7":"product_cat-soins-anti-imperfections","9":"first","10":"instock","11":"sale","12":"shipping-taxable","13":"purchasable","14":"product-type-simple"},"yoast_head":"<!-- This site is optimized with the Yoast SEO plugin v26.6 - https:\/\/yoast.com\/wordpress\/plugins\/seo\/ -->\r\n<title>PATYKA LIFT ESSENTIEL CREME LIFT ECLAT FERMETE JOUR 50 ML - Paracherkaoui.ma<\/title>\r\n<meta name=\"robots\" content=\"index, follow, max-snippet:-1, max-image-preview:large, max-video-preview:-1\" \/>\r\n<link rel=\"canonical\" href=\"https:\/\/paracherkaoui.ma\/index.php\/produit\/patyka-lift-essentiel-creme-lift-eclat-fermete-jour-50-ml\/\" \/>\r\n<meta property=\"og:locale\" content=\"fr_FR\" \/>\r\n<meta property=\"og:type\" content=\"article\" \/>\r\n<meta property=\"og:title\" content=\"PATYKA LIFT ESSENTIEL CREME LIFT ECLAT FERMETE JOUR 50 ML - Paracherkaoui.ma\" \/>\r\n<meta property=\"og:description\" content=\"L&rsquo;ang\u00e9lique, une plante aux propri\u00e9t\u00e9s revitalisantes, agit en profondeur pour r\u00e9veiller la jeunesse de votre peau, tandis que le r\u00e9tinol-like\" \/>\r\n<meta property=\"og:url\" content=\"https:\/\/paracherkaoui.ma\/index.php\/produit\/patyka-lift-essentiel-creme-lift-eclat-fermete-jour-50-ml\/\" \/>\r\n<meta property=\"og:site_name\" content=\"Paracherkaoui.ma\" \/>\r\n<meta property=\"article:modified_time\" content=\"2025-12-12T17:23:27+00:00\" \/>\r\n<meta property=\"og:image\" content=\"https:\/\/paracherkaoui.ma\/wp-content\/uploads\/2025\/12\/patyka-patyka-lift-essentiel-creme-lift-eclat-fermete-jour-50-ml-soins-eclat-et-anti-taches.jpg\" \/>\r\n\t<meta property=\"og:image:width\" content=\"700\" \/>\r\n\t<meta property=\"og:image:height\" content=\"700\" \/>\r\n\t<meta property=\"og:image:type\" content=\"image\/jpeg\" \/>\r\n<meta name=\"twitter:card\" content=\"summary_large_image\" \/>\r\n<meta name=\"twitter:label1\" content=\"Dur\u00e9e de lecture estim\u00e9e\" \/>\n\t<meta name=\"twitter:data1\" content=\"2 minutes\" \/>\r\n<script type=\"application\/ld+json\" class=\"yoast-schema-graph\">{\"@context\":\"https:\/\/schema.org\",\"@graph\":[{\"@type\":\"WebPage\",\"@id\":\"https:\/\/paracherkaoui.ma\/index.php\/produit\/patyka-lift-essentiel-creme-lift-eclat-fermete-jour-50-ml\/\",\"url\":\"https:\/\/paracherkaoui.ma\/index.php\/produit\/patyka-lift-essentiel-creme-lift-eclat-fermete-jour-50-ml\/\",\"name\":\"PATYKA LIFT ESSENTIEL CREME LIFT ECLAT FERMETE JOUR 50 ML - Paracherkaoui.ma\",\"isPartOf\":{\"@id\":\"https:\/\/paracherkaoui.ma\/#website\"},\"primaryImageOfPage\":{\"@id\":\"https:\/\/paracherkaoui.ma\/index.php\/produit\/patyka-lift-essentiel-creme-lift-eclat-fermete-jour-50-ml\/#primaryimage\"},\"image\":{\"@id\":\"https:\/\/paracherkaoui.ma\/index.php\/produit\/patyka-lift-essentiel-creme-lift-eclat-fermete-jour-50-ml\/#primaryimage\"},\"thumbnailUrl\":\"https:\/\/paracherkaoui.ma\/wp-content\/uploads\/2025\/12\/patyka-patyka-lift-essentiel-creme-lift-eclat-fermete-jour-50-ml-soins-eclat-et-anti-taches.jpg\",\"datePublished\":\"2025-12-12T17:23:25+00:00\",\"dateModified\":\"2025-12-12T17:23:27+00:00\",\"breadcrumb\":{\"@id\":\"https:\/\/paracherkaoui.ma\/index.php\/produit\/patyka-lift-essentiel-creme-lift-eclat-fermete-jour-50-ml\/#breadcrumb\"},\"inLanguage\":\"fr-FR\",\"potentialAction\":[{\"@type\":\"ReadAction\",\"target\":[\"https:\/\/paracherkaoui.ma\/index.php\/produit\/patyka-lift-essentiel-creme-lift-eclat-fermete-jour-50-ml\/\"]}]},{\"@type\":\"ImageObject\",\"inLanguage\":\"fr-FR\",\"@id\":\"https:\/\/paracherkaoui.ma\/index.php\/produit\/patyka-lift-essentiel-creme-lift-eclat-fermete-jour-50-ml\/#primaryimage\",\"url\":\"https:\/\/paracherkaoui.ma\/wp-content\/uploads\/2025\/12\/patyka-patyka-lift-essentiel-creme-lift-eclat-fermete-jour-50-ml-soins-eclat-et-anti-taches.jpg\",\"contentUrl\":\"https:\/\/paracherkaoui.ma\/wp-content\/uploads\/2025\/12\/patyka-patyka-lift-essentiel-creme-lift-eclat-fermete-jour-50-ml-soins-eclat-et-anti-taches.jpg\",\"width\":700,\"height\":700},{\"@type\":\"BreadcrumbList\",\"@id\":\"https:\/\/paracherkaoui.ma\/index.php\/produit\/patyka-lift-essentiel-creme-lift-eclat-fermete-jour-50-ml\/#breadcrumb\",\"itemListElement\":[{\"@type\":\"ListItem\",\"position\":1,\"name\":\"Accueil\",\"item\":\"https:\/\/paracherkaoui.ma\/\"},{\"@type\":\"ListItem\",\"position\":2,\"name\":\"Boutique\",\"item\":\"https:\/\/paracherkaoui.ma\/index.php\/boutique\/\"},{\"@type\":\"ListItem\",\"position\":3,\"name\":\"PATYKA LIFT ESSENTIEL CREME LIFT ECLAT FERMETE JOUR 50 ML\"}]},{\"@type\":\"WebSite\",\"@id\":\"https:\/\/paracherkaoui.ma\/#website\",\"url\":\"https:\/\/paracherkaoui.ma\/\",\"name\":\"Paracherkaoui.ma\",\"description\":\"Achetez en ligne sur Paracherkaoui.ma\",\"potentialAction\":[{\"@type\":\"SearchAction\",\"target\":{\"@type\":\"EntryPoint\",\"urlTemplate\":\"https:\/\/paracherkaoui.ma\/?s={search_term_string}\"},\"query-input\":{\"@type\":\"PropertyValueSpecification\",\"valueRequired\":true,\"valueName\":\"search_term_string\"}}],\"inLanguage\":\"fr-FR\"}]}<\/script>\r\n<!-- \/ Yoast SEO plugin. -->","yoast_head_json":{"title":"PATYKA LIFT ESSENTIEL CREME LIFT ECLAT FERMETE JOUR 50 ML - Paracherkaoui.ma","robots":{"index":"index","follow":"follow","max-snippet":"max-snippet:-1","max-image-preview":"max-image-preview:large","max-video-preview":"max-video-preview:-1"},"canonical":"https:\/\/paracherkaoui.ma\/index.php\/produit\/patyka-lift-essentiel-creme-lift-eclat-fermete-jour-50-ml\/","og_locale":"fr_FR","og_type":"article","og_title":"PATYKA LIFT ESSENTIEL CREME LIFT ECLAT FERMETE JOUR 50 ML - Paracherkaoui.ma","og_description":"L&rsquo;ang\u00e9lique, une plante aux propri\u00e9t\u00e9s revitalisantes, agit en profondeur pour r\u00e9veiller la jeunesse de votre peau, tandis que le r\u00e9tinol-like","og_url":"https:\/\/paracherkaoui.ma\/index.php\/produit\/patyka-lift-essentiel-creme-lift-eclat-fermete-jour-50-ml\/","og_site_name":"Paracherkaoui.ma","article_modified_time":"2025-12-12T17:23:27+00:00","og_image":[{"width":700,"height":700,"url":"https:\/\/paracherkaoui.ma\/wp-content\/uploads\/2025\/12\/patyka-patyka-lift-essentiel-creme-lift-eclat-fermete-jour-50-ml-soins-eclat-et-anti-taches.jpg","type":"image\/jpeg"}],"twitter_card":"summary_large_image","twitter_misc":{"Dur\u00e9e de lecture estim\u00e9e":"2 minutes"},"schema":{"@context":"https:\/\/schema.org","@graph":[{"@type":"WebPage","@id":"https:\/\/paracherkaoui.ma\/index.php\/produit\/patyka-lift-essentiel-creme-lift-eclat-fermete-jour-50-ml\/","url":"https:\/\/paracherkaoui.ma\/index.php\/produit\/patyka-lift-essentiel-creme-lift-eclat-fermete-jour-50-ml\/","name":"PATYKA LIFT ESSENTIEL CREME LIFT ECLAT FERMETE JOUR 50 ML - Paracherkaoui.ma","isPartOf":{"@id":"https:\/\/paracherkaoui.ma\/#website"},"primaryImageOfPage":{"@id":"https:\/\/paracherkaoui.ma\/index.php\/produit\/patyka-lift-essentiel-creme-lift-eclat-fermete-jour-50-ml\/#primaryimage"},"image":{"@id":"https:\/\/paracherkaoui.ma\/index.php\/produit\/patyka-lift-essentiel-creme-lift-eclat-fermete-jour-50-ml\/#primaryimage"},"thumbnailUrl":"https:\/\/paracherkaoui.ma\/wp-content\/uploads\/2025\/12\/patyka-patyka-lift-essentiel-creme-lift-eclat-fermete-jour-50-ml-soins-eclat-et-anti-taches.jpg","datePublished":"2025-12-12T17:23:25+00:00","dateModified":"2025-12-12T17:23:27+00:00","breadcrumb":{"@id":"https:\/\/paracherkaoui.ma\/index.php\/produit\/patyka-lift-essentiel-creme-lift-eclat-fermete-jour-50-ml\/#breadcrumb"},"inLanguage":"fr-FR","potentialAction":[{"@type":"ReadAction","target":["https:\/\/paracherkaoui.ma\/index.php\/produit\/patyka-lift-essentiel-creme-lift-eclat-fermete-jour-50-ml\/"]}]},{"@type":"ImageObject","inLanguage":"fr-FR","@id":"https:\/\/paracherkaoui.ma\/index.php\/produit\/patyka-lift-essentiel-creme-lift-eclat-fermete-jour-50-ml\/#primaryimage","url":"https:\/\/paracherkaoui.ma\/wp-content\/uploads\/2025\/12\/patyka-patyka-lift-essentiel-creme-lift-eclat-fermete-jour-50-ml-soins-eclat-et-anti-taches.jpg","contentUrl":"https:\/\/paracherkaoui.ma\/wp-content\/uploads\/2025\/12\/patyka-patyka-lift-essentiel-creme-lift-eclat-fermete-jour-50-ml-soins-eclat-et-anti-taches.jpg","width":700,"height":700},{"@type":"BreadcrumbList","@id":"https:\/\/paracherkaoui.ma\/index.php\/produit\/patyka-lift-essentiel-creme-lift-eclat-fermete-jour-50-ml\/#breadcrumb","itemListElement":[{"@type":"ListItem","position":1,"name":"Accueil","item":"https:\/\/paracherkaoui.ma\/"},{"@type":"ListItem","position":2,"name":"Boutique","item":"https:\/\/paracherkaoui.ma\/index.php\/boutique\/"},{"@type":"ListItem","position":3,"name":"PATYKA LIFT ESSENTIEL CREME LIFT ECLAT FERMETE JOUR 50 ML"}]},{"@type":"WebSite","@id":"https:\/\/paracherkaoui.ma\/#website","url":"https:\/\/paracherkaoui.ma\/","name":"Paracherkaoui.ma","description":"Achetez en ligne sur Paracherkaoui.ma","potentialAction":[{"@type":"SearchAction","target":{"@type":"EntryPoint","urlTemplate":"https:\/\/paracherkaoui.ma\/?s={search_term_string}"},"query-input":{"@type":"PropertyValueSpecification","valueRequired":true,"valueName":"search_term_string"}}],"inLanguage":"fr-FR"}]}},"_links":{"self":[{"href":"https:\/\/paracherkaoui.ma\/index.php\/wp-json\/wp\/v2\/product\/25851","targetHints":{"allow":["GET"]}}],"collection":[{"href":"https:\/\/paracherkaoui.ma\/index.php\/wp-json\/wp\/v2\/product"}],"about":[{"href":"https:\/\/paracherkaoui.ma\/index.php\/wp-json\/wp\/v2\/types\/product"}],"replies":[{"embeddable":true,"href":"https:\/\/paracherkaoui.ma\/index.php\/wp-json\/wp\/v2\/comments?post=25851"}],"version-history":[{"count":1,"href":"https:\/\/paracherkaoui.ma\/index.php\/wp-json\/wp\/v2\/product\/25851\/revisions"}],"predecessor-version":[{"id":25883,"href":"https:\/\/paracherkaoui.ma\/index.php\/wp-json\/wp\/v2\/product\/25851\/revisions\/25883"}],"wp:featuredmedia":[{"embeddable":true,"href":"https:\/\/paracherkaoui.ma\/index.php\/wp-json\/wp\/v2\/media\/25882"}],"wp:attachment":[{"href":"https:\/\/paracherkaoui.ma\/index.php\/wp-json\/wp\/v2\/media?parent=25851"}],"wp:term":[{"taxonomy":"product_brand","embeddable":true,"href":"https:\/\/paracherkaoui.ma\/index.php\/wp-json\/wp\/v2\/product_brand?post=25851"},{"taxonomy":"product_cat","embeddable":true,"href":"https:\/\/paracherkaoui.ma\/index.php\/wp-json\/wp\/v2\/product_cat?post=25851"},{"taxonomy":"product_tag","embeddable":true,"href":"https:\/\/paracherkaoui.ma\/index.php\/wp-json\/wp\/v2\/product_tag?post=25851"}],"curies":[{"name":"wp","href":"https:\/\/api.w.org\/{rel}","templated":true}]}}