{"id":25794,"date":"2025-12-12T18:23:19","date_gmt":"2025-12-12T17:23:19","guid":{"rendered":"https:\/\/test.ecbeaute.com\/?post_type=product&#038;p=25794"},"modified":"2025-12-12T18:23:25","modified_gmt":"2025-12-12T17:23:25","slug":"dermo-z-50-uree-gel-zones-localisees-40-ml","status":"publish","type":"product","link":"https:\/\/paracherkaoui.ma\/index.php\/produit\/dermo-z-50-uree-gel-zones-localisees-40-ml\/","title":{"rendered":"DERMO Z 50% UREE GEL ZONES LOCALISEES 40 ML"},"content":{"rendered":"<p>DERMOZ ur\u00e9e 50% combine une action k\u00e9ratolytique intense et une hydratation durable sp\u00e9cialement pour les peaux tr\u00e8s s\u00e8ches comportant des hyperk\u00e9ratoses localis\u00e9es. Cette cr\u00e8me \u00e9limine efficacement les squames et r\u00e9duit les zones rugueuses tout en contribuant \u00e0 r\u00e9tablir la barri\u00e8re cutan\u00e9e.<br \/>\nConseils d\u2019utilisation:<br \/>\nApplication matin et\/ou soir sur peaux pr\u00e9alablement s\u00e9ch\u00e9es. \u00c9viter l\u2019exposition au soleil.<\/p>\n","protected":false},"excerpt":{"rendered":"<p>DERMOZ ur\u00e9e 50% combine une action k\u00e9ratolytique intense et une hydratation durable sp\u00e9cialement pour les peaux tr\u00e8s s\u00e8ches comportant des<\/p>\n","protected":false},"featured_media":25846,"comment_status":"open","ping_status":"closed","template":"","meta":[],"product_brand":[422],"product_cat":[502],"product_tag":[],"class_list":{"0":"post-25794","1":"product","2":"type-product","3":"status-publish","4":"has-post-thumbnail","6":"product_brand-dermo-z","7":"product_cat-soins-anti-imperfections","9":"first","10":"instock","11":"sale","12":"shipping-taxable","13":"purchasable","14":"product-type-simple"},"yoast_head":"<!-- This site is optimized with the Yoast SEO plugin v26.6 - https:\/\/yoast.com\/wordpress\/plugins\/seo\/ -->\r\n<title>DERMO Z 50% UREE GEL ZONES LOCALISEES 40 ML - Paracherkaoui.ma<\/title>\r\n<meta name=\"robots\" content=\"index, follow, max-snippet:-1, max-image-preview:large, max-video-preview:-1\" \/>\r\n<link rel=\"canonical\" href=\"https:\/\/paracherkaoui.ma\/index.php\/produit\/dermo-z-50-uree-gel-zones-localisees-40-ml\/\" \/>\r\n<meta property=\"og:locale\" content=\"fr_FR\" \/>\r\n<meta property=\"og:type\" content=\"article\" \/>\r\n<meta property=\"og:title\" content=\"DERMO Z 50% UREE GEL ZONES LOCALISEES 40 ML - Paracherkaoui.ma\" \/>\r\n<meta property=\"og:description\" content=\"DERMOZ ur\u00e9e 50% combine une action k\u00e9ratolytique intense et une hydratation durable sp\u00e9cialement pour les peaux tr\u00e8s s\u00e8ches comportant des\" \/>\r\n<meta property=\"og:url\" content=\"https:\/\/paracherkaoui.ma\/index.php\/produit\/dermo-z-50-uree-gel-zones-localisees-40-ml\/\" \/>\r\n<meta property=\"og:site_name\" content=\"Paracherkaoui.ma\" \/>\r\n<meta property=\"article:modified_time\" content=\"2025-12-12T17:23:25+00:00\" \/>\r\n<meta property=\"og:image\" content=\"https:\/\/paracherkaoui.ma\/wp-content\/uploads\/2025\/12\/dermo-z-dermo-z-50-uree-gel-zones-localisees-40-ml-soins-anti-imperfections.jpg\" \/>\r\n\t<meta property=\"og:image:width\" content=\"700\" \/>\r\n\t<meta property=\"og:image:height\" content=\"700\" \/>\r\n\t<meta property=\"og:image:type\" content=\"image\/jpeg\" \/>\r\n<meta name=\"twitter:card\" content=\"summary_large_image\" \/>\r\n<script type=\"application\/ld+json\" class=\"yoast-schema-graph\">{\"@context\":\"https:\/\/schema.org\",\"@graph\":[{\"@type\":\"WebPage\",\"@id\":\"https:\/\/paracherkaoui.ma\/index.php\/produit\/dermo-z-50-uree-gel-zones-localisees-40-ml\/\",\"url\":\"https:\/\/paracherkaoui.ma\/index.php\/produit\/dermo-z-50-uree-gel-zones-localisees-40-ml\/\",\"name\":\"DERMO Z 50% UREE GEL ZONES LOCALISEES 40 ML - Paracherkaoui.ma\",\"isPartOf\":{\"@id\":\"https:\/\/paracherkaoui.ma\/#website\"},\"primaryImageOfPage\":{\"@id\":\"https:\/\/paracherkaoui.ma\/index.php\/produit\/dermo-z-50-uree-gel-zones-localisees-40-ml\/#primaryimage\"},\"image\":{\"@id\":\"https:\/\/paracherkaoui.ma\/index.php\/produit\/dermo-z-50-uree-gel-zones-localisees-40-ml\/#primaryimage\"},\"thumbnailUrl\":\"https:\/\/paracherkaoui.ma\/wp-content\/uploads\/2025\/12\/dermo-z-dermo-z-50-uree-gel-zones-localisees-40-ml-soins-anti-imperfections.jpg\",\"datePublished\":\"2025-12-12T17:23:19+00:00\",\"dateModified\":\"2025-12-12T17:23:25+00:00\",\"breadcrumb\":{\"@id\":\"https:\/\/paracherkaoui.ma\/index.php\/produit\/dermo-z-50-uree-gel-zones-localisees-40-ml\/#breadcrumb\"},\"inLanguage\":\"fr-FR\",\"potentialAction\":[{\"@type\":\"ReadAction\",\"target\":[\"https:\/\/paracherkaoui.ma\/index.php\/produit\/dermo-z-50-uree-gel-zones-localisees-40-ml\/\"]}]},{\"@type\":\"ImageObject\",\"inLanguage\":\"fr-FR\",\"@id\":\"https:\/\/paracherkaoui.ma\/index.php\/produit\/dermo-z-50-uree-gel-zones-localisees-40-ml\/#primaryimage\",\"url\":\"https:\/\/paracherkaoui.ma\/wp-content\/uploads\/2025\/12\/dermo-z-dermo-z-50-uree-gel-zones-localisees-40-ml-soins-anti-imperfections.jpg\",\"contentUrl\":\"https:\/\/paracherkaoui.ma\/wp-content\/uploads\/2025\/12\/dermo-z-dermo-z-50-uree-gel-zones-localisees-40-ml-soins-anti-imperfections.jpg\",\"width\":700,\"height\":700},{\"@type\":\"BreadcrumbList\",\"@id\":\"https:\/\/paracherkaoui.ma\/index.php\/produit\/dermo-z-50-uree-gel-zones-localisees-40-ml\/#breadcrumb\",\"itemListElement\":[{\"@type\":\"ListItem\",\"position\":1,\"name\":\"Accueil\",\"item\":\"https:\/\/paracherkaoui.ma\/\"},{\"@type\":\"ListItem\",\"position\":2,\"name\":\"Boutique\",\"item\":\"https:\/\/paracherkaoui.ma\/index.php\/boutique\/\"},{\"@type\":\"ListItem\",\"position\":3,\"name\":\"DERMO Z 50% UREE GEL ZONES LOCALISEES 40 ML\"}]},{\"@type\":\"WebSite\",\"@id\":\"https:\/\/paracherkaoui.ma\/#website\",\"url\":\"https:\/\/paracherkaoui.ma\/\",\"name\":\"Paracherkaoui.ma\",\"description\":\"Achetez en ligne sur Paracherkaoui.ma\",\"potentialAction\":[{\"@type\":\"SearchAction\",\"target\":{\"@type\":\"EntryPoint\",\"urlTemplate\":\"https:\/\/paracherkaoui.ma\/?s={search_term_string}\"},\"query-input\":{\"@type\":\"PropertyValueSpecification\",\"valueRequired\":true,\"valueName\":\"search_term_string\"}}],\"inLanguage\":\"fr-FR\"}]}<\/script>\r\n<!-- \/ Yoast SEO plugin. -->","yoast_head_json":{"title":"DERMO Z 50% UREE GEL ZONES LOCALISEES 40 ML - Paracherkaoui.ma","robots":{"index":"index","follow":"follow","max-snippet":"max-snippet:-1","max-image-preview":"max-image-preview:large","max-video-preview":"max-video-preview:-1"},"canonical":"https:\/\/paracherkaoui.ma\/index.php\/produit\/dermo-z-50-uree-gel-zones-localisees-40-ml\/","og_locale":"fr_FR","og_type":"article","og_title":"DERMO Z 50% UREE GEL ZONES LOCALISEES 40 ML - Paracherkaoui.ma","og_description":"DERMOZ ur\u00e9e 50% combine une action k\u00e9ratolytique intense et une hydratation durable sp\u00e9cialement pour les peaux tr\u00e8s s\u00e8ches comportant des","og_url":"https:\/\/paracherkaoui.ma\/index.php\/produit\/dermo-z-50-uree-gel-zones-localisees-40-ml\/","og_site_name":"Paracherkaoui.ma","article_modified_time":"2025-12-12T17:23:25+00:00","og_image":[{"width":700,"height":700,"url":"https:\/\/paracherkaoui.ma\/wp-content\/uploads\/2025\/12\/dermo-z-dermo-z-50-uree-gel-zones-localisees-40-ml-soins-anti-imperfections.jpg","type":"image\/jpeg"}],"twitter_card":"summary_large_image","schema":{"@context":"https:\/\/schema.org","@graph":[{"@type":"WebPage","@id":"https:\/\/paracherkaoui.ma\/index.php\/produit\/dermo-z-50-uree-gel-zones-localisees-40-ml\/","url":"https:\/\/paracherkaoui.ma\/index.php\/produit\/dermo-z-50-uree-gel-zones-localisees-40-ml\/","name":"DERMO Z 50% UREE GEL ZONES LOCALISEES 40 ML - Paracherkaoui.ma","isPartOf":{"@id":"https:\/\/paracherkaoui.ma\/#website"},"primaryImageOfPage":{"@id":"https:\/\/paracherkaoui.ma\/index.php\/produit\/dermo-z-50-uree-gel-zones-localisees-40-ml\/#primaryimage"},"image":{"@id":"https:\/\/paracherkaoui.ma\/index.php\/produit\/dermo-z-50-uree-gel-zones-localisees-40-ml\/#primaryimage"},"thumbnailUrl":"https:\/\/paracherkaoui.ma\/wp-content\/uploads\/2025\/12\/dermo-z-dermo-z-50-uree-gel-zones-localisees-40-ml-soins-anti-imperfections.jpg","datePublished":"2025-12-12T17:23:19+00:00","dateModified":"2025-12-12T17:23:25+00:00","breadcrumb":{"@id":"https:\/\/paracherkaoui.ma\/index.php\/produit\/dermo-z-50-uree-gel-zones-localisees-40-ml\/#breadcrumb"},"inLanguage":"fr-FR","potentialAction":[{"@type":"ReadAction","target":["https:\/\/paracherkaoui.ma\/index.php\/produit\/dermo-z-50-uree-gel-zones-localisees-40-ml\/"]}]},{"@type":"ImageObject","inLanguage":"fr-FR","@id":"https:\/\/paracherkaoui.ma\/index.php\/produit\/dermo-z-50-uree-gel-zones-localisees-40-ml\/#primaryimage","url":"https:\/\/paracherkaoui.ma\/wp-content\/uploads\/2025\/12\/dermo-z-dermo-z-50-uree-gel-zones-localisees-40-ml-soins-anti-imperfections.jpg","contentUrl":"https:\/\/paracherkaoui.ma\/wp-content\/uploads\/2025\/12\/dermo-z-dermo-z-50-uree-gel-zones-localisees-40-ml-soins-anti-imperfections.jpg","width":700,"height":700},{"@type":"BreadcrumbList","@id":"https:\/\/paracherkaoui.ma\/index.php\/produit\/dermo-z-50-uree-gel-zones-localisees-40-ml\/#breadcrumb","itemListElement":[{"@type":"ListItem","position":1,"name":"Accueil","item":"https:\/\/paracherkaoui.ma\/"},{"@type":"ListItem","position":2,"name":"Boutique","item":"https:\/\/paracherkaoui.ma\/index.php\/boutique\/"},{"@type":"ListItem","position":3,"name":"DERMO Z 50% UREE GEL ZONES LOCALISEES 40 ML"}]},{"@type":"WebSite","@id":"https:\/\/paracherkaoui.ma\/#website","url":"https:\/\/paracherkaoui.ma\/","name":"Paracherkaoui.ma","description":"Achetez en ligne sur Paracherkaoui.ma","potentialAction":[{"@type":"SearchAction","target":{"@type":"EntryPoint","urlTemplate":"https:\/\/paracherkaoui.ma\/?s={search_term_string}"},"query-input":{"@type":"PropertyValueSpecification","valueRequired":true,"valueName":"search_term_string"}}],"inLanguage":"fr-FR"}]}},"_links":{"self":[{"href":"https:\/\/paracherkaoui.ma\/index.php\/wp-json\/wp\/v2\/product\/25794","targetHints":{"allow":["GET"]}}],"collection":[{"href":"https:\/\/paracherkaoui.ma\/index.php\/wp-json\/wp\/v2\/product"}],"about":[{"href":"https:\/\/paracherkaoui.ma\/index.php\/wp-json\/wp\/v2\/types\/product"}],"replies":[{"embeddable":true,"href":"https:\/\/paracherkaoui.ma\/index.php\/wp-json\/wp\/v2\/comments?post=25794"}],"version-history":[{"count":1,"href":"https:\/\/paracherkaoui.ma\/index.php\/wp-json\/wp\/v2\/product\/25794\/revisions"}],"predecessor-version":[{"id":25847,"href":"https:\/\/paracherkaoui.ma\/index.php\/wp-json\/wp\/v2\/product\/25794\/revisions\/25847"}],"wp:featuredmedia":[{"embeddable":true,"href":"https:\/\/paracherkaoui.ma\/index.php\/wp-json\/wp\/v2\/media\/25846"}],"wp:attachment":[{"href":"https:\/\/paracherkaoui.ma\/index.php\/wp-json\/wp\/v2\/media?parent=25794"}],"wp:term":[{"taxonomy":"product_brand","embeddable":true,"href":"https:\/\/paracherkaoui.ma\/index.php\/wp-json\/wp\/v2\/product_brand?post=25794"},{"taxonomy":"product_cat","embeddable":true,"href":"https:\/\/paracherkaoui.ma\/index.php\/wp-json\/wp\/v2\/product_cat?post=25794"},{"taxonomy":"product_tag","embeddable":true,"href":"https:\/\/paracherkaoui.ma\/index.php\/wp-json\/wp\/v2\/product_tag?post=25794"}],"curies":[{"name":"wp","href":"https:\/\/api.w.org\/{rel}","templated":true}]}}