{"id":25787,"date":"2025-12-12T18:23:19","date_gmt":"2025-12-12T17:23:19","guid":{"rendered":"https:\/\/test.ecbeaute.com\/?post_type=product&#038;p=25787"},"modified":"2025-12-12T18:23:23","modified_gmt":"2025-12-12T17:23:23","slug":"noreva-exfoliac-creme-reparatrice-40-ml","status":"publish","type":"product","link":"https:\/\/paracherkaoui.ma\/index.php\/produit\/noreva-exfoliac-creme-reparatrice-40-ml\/","title":{"rendered":"NOREVA EXFOLIAC CR\u00c8ME R\u00c9PARATRICE 40 ML"},"content":{"rendered":"<p>RESTRUCTURE &#8211; APAISE &#8211; HYDRATE &#8211; ANTI-MARQUES<br \/>\nD\u00e9velopp\u00e9e sp\u00e9cifiquement pour restaurer les peaux ass\u00e9ch\u00e9es par des traitements m\u00e9dicamenteux irritants,\u00a0Exfoliac\u00a0Cr\u00e8me r\u00e9paratrice apaise et hydrate intens\u00e9ment la peau du visage.Elle r\u00e9pare le film hydro-lipidique et restaure la barri\u00e8re cutan\u00e9e.\u00a0Les sensations d\u2019irritation et de tiraillement sont imm\u00e9diatement supprim\u00e9es,\u00a0procurant ainsi un confort et un apaisement instantan\u00e9s.<br \/>\nConseil d&rsquo;utilisation:<br \/>\nAppliquer la Cr\u00e8me R\u00e9paratrice matin et soir sur une peau\u00a0pr\u00e9alablement nettoy\u00e9e avec le Gel moussant intensif.<br \/>\nComposition:<br \/>\nAQUA (WATER), SQUALANE, GLYCERIN, BUTYROSPERMUM PARKII (SHEA) BUTTER,\u00a0 ISONONYL ISONONANOATE, ISOHEXADECANE, CETYL ALCOHOL,\u00a0ALUMINUM STARCH OCTENYLSUCCINATE, HYDROXYETHYL ACRYLATE\/SODIUM ACRYLOYLDIMETHYL TAURATE COPOLYMER,\u00a0CERA ALBA (BEESWAX), GLYCERYL STEARATE, PEG-100 STEARATE, BUTYLENE GLYCOL, BISABOLOL,BENZYL ALCOHOL, POLYSORBATE 60, PARFUM (FRAGRANCE), CHOLESTEROL, CHLORPHENESIN,\u00a0 TOCOPHERYL ACETATE, TOCOPHERYL LINOLEATE, CERAMIDE 2, DISODIUM EDTA, SALICYLIC ACID,\u00a0SORBITAN ISOSTEARATE, SODIUM HYALURONATE, HEXYL CINNAMAL, LINALOOL, SODIUM HYDROXIDE,\u00a0BUTYLPHENYL METHYLPROPIONAL, SORBIC ACID, BENZYL SALICYLATE, CITRONELLOL,\u00a0ALTEROMONAS FERMENT EXTRACT, ALPHA-ISOMETHYL IONONE.<\/p>\n","protected":false},"excerpt":{"rendered":"<p>RESTRUCTURE &#8211; APAISE &#8211; HYDRATE &#8211; ANTI-MARQUES D\u00e9velopp\u00e9e sp\u00e9cifiquement pour restaurer les peaux ass\u00e9ch\u00e9es par des traitements m\u00e9dicamenteux irritants,\u00a0Exfoliac\u00a0Cr\u00e8me r\u00e9paratrice<\/p>\n","protected":false},"featured_media":25834,"comment_status":"open","ping_status":"closed","template":"","meta":[],"product_brand":[403],"product_cat":[502],"product_tag":[],"class_list":{"0":"post-25787","1":"product","2":"type-product","3":"status-publish","4":"has-post-thumbnail","6":"product_brand-noreva","7":"product_cat-soins-anti-imperfections","9":"first","10":"instock","11":"sale","12":"shipping-taxable","13":"purchasable","14":"product-type-simple"},"yoast_head":"<!-- This site is optimized with the Yoast SEO plugin v26.6 - https:\/\/yoast.com\/wordpress\/plugins\/seo\/ -->\r\n<title>NOREVA EXFOLIAC CR\u00c8ME R\u00c9PARATRICE 40 ML - Paracherkaoui.ma<\/title>\r\n<meta name=\"robots\" content=\"index, follow, max-snippet:-1, max-image-preview:large, max-video-preview:-1\" \/>\r\n<link rel=\"canonical\" href=\"https:\/\/paracherkaoui.ma\/index.php\/produit\/noreva-exfoliac-creme-reparatrice-40-ml\/\" \/>\r\n<meta property=\"og:locale\" content=\"fr_FR\" \/>\r\n<meta property=\"og:type\" content=\"article\" \/>\r\n<meta property=\"og:title\" content=\"NOREVA EXFOLIAC CR\u00c8ME R\u00c9PARATRICE 40 ML - Paracherkaoui.ma\" \/>\r\n<meta property=\"og:description\" content=\"RESTRUCTURE &#8211; APAISE &#8211; HYDRATE &#8211; ANTI-MARQUES D\u00e9velopp\u00e9e sp\u00e9cifiquement pour restaurer les peaux ass\u00e9ch\u00e9es par des traitements m\u00e9dicamenteux irritants,\u00a0Exfoliac\u00a0Cr\u00e8me r\u00e9paratrice\" \/>\r\n<meta property=\"og:url\" content=\"https:\/\/paracherkaoui.ma\/index.php\/produit\/noreva-exfoliac-creme-reparatrice-40-ml\/\" \/>\r\n<meta property=\"og:site_name\" content=\"Paracherkaoui.ma\" \/>\r\n<meta property=\"article:modified_time\" content=\"2025-12-12T17:23:23+00:00\" \/>\r\n<meta property=\"og:image\" content=\"https:\/\/paracherkaoui.ma\/wp-content\/uploads\/2025\/12\/noreva-noreva-exfoliac-creme-reparatrice-40-ml-soins-anti-imperfections.jpg\" \/>\r\n\t<meta property=\"og:image:width\" content=\"700\" \/>\r\n\t<meta property=\"og:image:height\" content=\"700\" \/>\r\n\t<meta property=\"og:image:type\" content=\"image\/jpeg\" \/>\r\n<meta name=\"twitter:card\" content=\"summary_large_image\" \/>\r\n<meta name=\"twitter:label1\" content=\"Dur\u00e9e de lecture estim\u00e9e\" \/>\n\t<meta name=\"twitter:data1\" content=\"1 minute\" \/>\r\n<script type=\"application\/ld+json\" class=\"yoast-schema-graph\">{\"@context\":\"https:\/\/schema.org\",\"@graph\":[{\"@type\":\"WebPage\",\"@id\":\"https:\/\/paracherkaoui.ma\/index.php\/produit\/noreva-exfoliac-creme-reparatrice-40-ml\/\",\"url\":\"https:\/\/paracherkaoui.ma\/index.php\/produit\/noreva-exfoliac-creme-reparatrice-40-ml\/\",\"name\":\"NOREVA EXFOLIAC CR\u00c8ME R\u00c9PARATRICE 40 ML - Paracherkaoui.ma\",\"isPartOf\":{\"@id\":\"https:\/\/paracherkaoui.ma\/#website\"},\"primaryImageOfPage\":{\"@id\":\"https:\/\/paracherkaoui.ma\/index.php\/produit\/noreva-exfoliac-creme-reparatrice-40-ml\/#primaryimage\"},\"image\":{\"@id\":\"https:\/\/paracherkaoui.ma\/index.php\/produit\/noreva-exfoliac-creme-reparatrice-40-ml\/#primaryimage\"},\"thumbnailUrl\":\"https:\/\/paracherkaoui.ma\/wp-content\/uploads\/2025\/12\/noreva-noreva-exfoliac-creme-reparatrice-40-ml-soins-anti-imperfections.jpg\",\"datePublished\":\"2025-12-12T17:23:19+00:00\",\"dateModified\":\"2025-12-12T17:23:23+00:00\",\"breadcrumb\":{\"@id\":\"https:\/\/paracherkaoui.ma\/index.php\/produit\/noreva-exfoliac-creme-reparatrice-40-ml\/#breadcrumb\"},\"inLanguage\":\"fr-FR\",\"potentialAction\":[{\"@type\":\"ReadAction\",\"target\":[\"https:\/\/paracherkaoui.ma\/index.php\/produit\/noreva-exfoliac-creme-reparatrice-40-ml\/\"]}]},{\"@type\":\"ImageObject\",\"inLanguage\":\"fr-FR\",\"@id\":\"https:\/\/paracherkaoui.ma\/index.php\/produit\/noreva-exfoliac-creme-reparatrice-40-ml\/#primaryimage\",\"url\":\"https:\/\/paracherkaoui.ma\/wp-content\/uploads\/2025\/12\/noreva-noreva-exfoliac-creme-reparatrice-40-ml-soins-anti-imperfections.jpg\",\"contentUrl\":\"https:\/\/paracherkaoui.ma\/wp-content\/uploads\/2025\/12\/noreva-noreva-exfoliac-creme-reparatrice-40-ml-soins-anti-imperfections.jpg\",\"width\":700,\"height\":700},{\"@type\":\"BreadcrumbList\",\"@id\":\"https:\/\/paracherkaoui.ma\/index.php\/produit\/noreva-exfoliac-creme-reparatrice-40-ml\/#breadcrumb\",\"itemListElement\":[{\"@type\":\"ListItem\",\"position\":1,\"name\":\"Accueil\",\"item\":\"https:\/\/paracherkaoui.ma\/\"},{\"@type\":\"ListItem\",\"position\":2,\"name\":\"Boutique\",\"item\":\"https:\/\/paracherkaoui.ma\/index.php\/boutique\/\"},{\"@type\":\"ListItem\",\"position\":3,\"name\":\"NOREVA EXFOLIAC CR\u00c8ME R\u00c9PARATRICE 40 ML\"}]},{\"@type\":\"WebSite\",\"@id\":\"https:\/\/paracherkaoui.ma\/#website\",\"url\":\"https:\/\/paracherkaoui.ma\/\",\"name\":\"Paracherkaoui.ma\",\"description\":\"Achetez en ligne sur Paracherkaoui.ma\",\"potentialAction\":[{\"@type\":\"SearchAction\",\"target\":{\"@type\":\"EntryPoint\",\"urlTemplate\":\"https:\/\/paracherkaoui.ma\/?s={search_term_string}\"},\"query-input\":{\"@type\":\"PropertyValueSpecification\",\"valueRequired\":true,\"valueName\":\"search_term_string\"}}],\"inLanguage\":\"fr-FR\"}]}<\/script>\r\n<!-- \/ Yoast SEO plugin. -->","yoast_head_json":{"title":"NOREVA EXFOLIAC CR\u00c8ME R\u00c9PARATRICE 40 ML - Paracherkaoui.ma","robots":{"index":"index","follow":"follow","max-snippet":"max-snippet:-1","max-image-preview":"max-image-preview:large","max-video-preview":"max-video-preview:-1"},"canonical":"https:\/\/paracherkaoui.ma\/index.php\/produit\/noreva-exfoliac-creme-reparatrice-40-ml\/","og_locale":"fr_FR","og_type":"article","og_title":"NOREVA EXFOLIAC CR\u00c8ME R\u00c9PARATRICE 40 ML - Paracherkaoui.ma","og_description":"RESTRUCTURE &#8211; APAISE &#8211; HYDRATE &#8211; ANTI-MARQUES D\u00e9velopp\u00e9e sp\u00e9cifiquement pour restaurer les peaux ass\u00e9ch\u00e9es par des traitements m\u00e9dicamenteux irritants,\u00a0Exfoliac\u00a0Cr\u00e8me r\u00e9paratrice","og_url":"https:\/\/paracherkaoui.ma\/index.php\/produit\/noreva-exfoliac-creme-reparatrice-40-ml\/","og_site_name":"Paracherkaoui.ma","article_modified_time":"2025-12-12T17:23:23+00:00","og_image":[{"width":700,"height":700,"url":"https:\/\/paracherkaoui.ma\/wp-content\/uploads\/2025\/12\/noreva-noreva-exfoliac-creme-reparatrice-40-ml-soins-anti-imperfections.jpg","type":"image\/jpeg"}],"twitter_card":"summary_large_image","twitter_misc":{"Dur\u00e9e de lecture estim\u00e9e":"1 minute"},"schema":{"@context":"https:\/\/schema.org","@graph":[{"@type":"WebPage","@id":"https:\/\/paracherkaoui.ma\/index.php\/produit\/noreva-exfoliac-creme-reparatrice-40-ml\/","url":"https:\/\/paracherkaoui.ma\/index.php\/produit\/noreva-exfoliac-creme-reparatrice-40-ml\/","name":"NOREVA EXFOLIAC CR\u00c8ME R\u00c9PARATRICE 40 ML - Paracherkaoui.ma","isPartOf":{"@id":"https:\/\/paracherkaoui.ma\/#website"},"primaryImageOfPage":{"@id":"https:\/\/paracherkaoui.ma\/index.php\/produit\/noreva-exfoliac-creme-reparatrice-40-ml\/#primaryimage"},"image":{"@id":"https:\/\/paracherkaoui.ma\/index.php\/produit\/noreva-exfoliac-creme-reparatrice-40-ml\/#primaryimage"},"thumbnailUrl":"https:\/\/paracherkaoui.ma\/wp-content\/uploads\/2025\/12\/noreva-noreva-exfoliac-creme-reparatrice-40-ml-soins-anti-imperfections.jpg","datePublished":"2025-12-12T17:23:19+00:00","dateModified":"2025-12-12T17:23:23+00:00","breadcrumb":{"@id":"https:\/\/paracherkaoui.ma\/index.php\/produit\/noreva-exfoliac-creme-reparatrice-40-ml\/#breadcrumb"},"inLanguage":"fr-FR","potentialAction":[{"@type":"ReadAction","target":["https:\/\/paracherkaoui.ma\/index.php\/produit\/noreva-exfoliac-creme-reparatrice-40-ml\/"]}]},{"@type":"ImageObject","inLanguage":"fr-FR","@id":"https:\/\/paracherkaoui.ma\/index.php\/produit\/noreva-exfoliac-creme-reparatrice-40-ml\/#primaryimage","url":"https:\/\/paracherkaoui.ma\/wp-content\/uploads\/2025\/12\/noreva-noreva-exfoliac-creme-reparatrice-40-ml-soins-anti-imperfections.jpg","contentUrl":"https:\/\/paracherkaoui.ma\/wp-content\/uploads\/2025\/12\/noreva-noreva-exfoliac-creme-reparatrice-40-ml-soins-anti-imperfections.jpg","width":700,"height":700},{"@type":"BreadcrumbList","@id":"https:\/\/paracherkaoui.ma\/index.php\/produit\/noreva-exfoliac-creme-reparatrice-40-ml\/#breadcrumb","itemListElement":[{"@type":"ListItem","position":1,"name":"Accueil","item":"https:\/\/paracherkaoui.ma\/"},{"@type":"ListItem","position":2,"name":"Boutique","item":"https:\/\/paracherkaoui.ma\/index.php\/boutique\/"},{"@type":"ListItem","position":3,"name":"NOREVA EXFOLIAC CR\u00c8ME R\u00c9PARATRICE 40 ML"}]},{"@type":"WebSite","@id":"https:\/\/paracherkaoui.ma\/#website","url":"https:\/\/paracherkaoui.ma\/","name":"Paracherkaoui.ma","description":"Achetez en ligne sur Paracherkaoui.ma","potentialAction":[{"@type":"SearchAction","target":{"@type":"EntryPoint","urlTemplate":"https:\/\/paracherkaoui.ma\/?s={search_term_string}"},"query-input":{"@type":"PropertyValueSpecification","valueRequired":true,"valueName":"search_term_string"}}],"inLanguage":"fr-FR"}]}},"_links":{"self":[{"href":"https:\/\/paracherkaoui.ma\/index.php\/wp-json\/wp\/v2\/product\/25787","targetHints":{"allow":["GET"]}}],"collection":[{"href":"https:\/\/paracherkaoui.ma\/index.php\/wp-json\/wp\/v2\/product"}],"about":[{"href":"https:\/\/paracherkaoui.ma\/index.php\/wp-json\/wp\/v2\/types\/product"}],"replies":[{"embeddable":true,"href":"https:\/\/paracherkaoui.ma\/index.php\/wp-json\/wp\/v2\/comments?post=25787"}],"version-history":[{"count":1,"href":"https:\/\/paracherkaoui.ma\/index.php\/wp-json\/wp\/v2\/product\/25787\/revisions"}],"predecessor-version":[{"id":25835,"href":"https:\/\/paracherkaoui.ma\/index.php\/wp-json\/wp\/v2\/product\/25787\/revisions\/25835"}],"wp:featuredmedia":[{"embeddable":true,"href":"https:\/\/paracherkaoui.ma\/index.php\/wp-json\/wp\/v2\/media\/25834"}],"wp:attachment":[{"href":"https:\/\/paracherkaoui.ma\/index.php\/wp-json\/wp\/v2\/media?parent=25787"}],"wp:term":[{"taxonomy":"product_brand","embeddable":true,"href":"https:\/\/paracherkaoui.ma\/index.php\/wp-json\/wp\/v2\/product_brand?post=25787"},{"taxonomy":"product_cat","embeddable":true,"href":"https:\/\/paracherkaoui.ma\/index.php\/wp-json\/wp\/v2\/product_cat?post=25787"},{"taxonomy":"product_tag","embeddable":true,"href":"https:\/\/paracherkaoui.ma\/index.php\/wp-json\/wp\/v2\/product_tag?post=25787"}],"curies":[{"name":"wp","href":"https:\/\/api.w.org\/{rel}","templated":true}]}}