{"id":25777,"date":"2025-12-12T18:23:19","date_gmt":"2025-12-12T17:23:19","guid":{"rendered":"https:\/\/test.ecbeaute.com\/?post_type=product&#038;p=25777"},"modified":"2025-12-12T18:23:22","modified_gmt":"2025-12-12T17:23:22","slug":"caudalie-kit-de-demarrage-vinopure","status":"publish","type":"product","link":"https:\/\/paracherkaoui.ma\/index.php\/produit\/caudalie-kit-de-demarrage-vinopure\/","title":{"rendered":"CAUDALIE KIT DE DEMARRAGE VINOPURE"},"content":{"rendered":"<p>Chaque produit est con\u00e7u autour de l\u2019ingr\u00e9dient star : l\u2019acide salicylique d\u2019origine 100 % naturelle, reconnu pour son pouvoir exfoliant profond qui d\u00e9sincruste les pores tout en att\u00e9nuant les imperfections. Formul\u00e9 avec expertise, ce kit combine \u00e9galement des extraits de polyph\u00e9nols de vigne antioxydants, des eaux florales apaisantes (eau de rose, eau de raisin) et des huiles essentielles (menthe poivr\u00e9e, romarin\u2026), offrant ainsi une action purifiante et \u00e9quilibrante, sans dess\u00e9cher votre peau.<br \/>\nId\u00e9al pour les peaux grasses ou \u00e0 tendance acn\u00e9ique, les formules sont non com\u00e9dog\u00e8nes, v\u00e9ganes, et suffisamment douces pour un usage matin et soir, en routine compl\u00e8te ou en utilisation cibl\u00e9e. Gr\u00e2ce \u00e0 leur texture l\u00e9g\u00e8re et agr\u00e9able, chaque \u00e9tape glisse magnifiquement sur la peau : glisse gel pour le nettoyant, fra\u00eecheur tonique pour la lotion, fluide satin\u00e9 pour le s\u00e9rum, et fini mat subtil pour le fluide hydratant.<br \/>\nVous adoptez un rituel simple, sensoriel et efficace : une peau purifi\u00e9e, un teint plus frais, des pores resserr\u00e9s et un grain de peau affin\u00e9 d\u00e8s la premi\u00e8re semaine d\u2019utilisation.<br \/>\nConseils d\u2019utilisation<br \/>\nD\u2019apr\u00e8s la version anglaise du site Sephora UK pour le Starter Kit :<br \/>\nMatin et soir, commencez par masser le Gel Nettoyant Purifiant sur peau humide jusqu\u2019\u00e0 l\u00e9g\u00e8re mousse, puis rincez.<br \/>\nAppliquez la Lotion Purifiante \u00e0 l\u2019aide d\u2019un coton ou des doigts, sans rincer.<br \/>\nPuis, d\u00e9posez le S\u00e9rum Salicylique Blemish Control (anti-imperfections).<br \/>\nTerminez avec le Fluide Hydratant Matifiant<br \/>\nSi la peau devenait trop s\u00e8che, r\u00e9duisez l\u2019usage du s\u00e9rum \u00e0 une fois par jour ou appliquez-le seulement localement sur les imperfections<br \/>\nComposition<br \/>\nNettoyant Purifiant (Gel Cleanser)<br \/>\naqua\/water\/eau, vitis vinifera (grape) fruit water*, decyl glucoside, glycerin, sodium cocoyl glutamate, sucrose cocoate, acacia senegal gum, xanthan gum, propylene glycol, citric acid, aloe barbadensis leaf powder*, salicylic acid, vitis vinifera (grape) juice*, sodium benzoate, pelargonium graveolens flower oil*, mentha piperita (peppermint) oil*, citral, cymbopogon citratus leaf oil*, rosmarinus officinalis (rosemary) leaf oil*, citronellol, geraniol, potassium sorbate, linalool, lavandula hybrida oil*, melissa officinalis leaf oil.<br \/>\nLotion Purifiante (Toner)<br \/>\naqua\/water\/eau, alcohol denat., rosa damascena flower water, vitis vinifera (grape) fruit water*, caprylyl\/capryl glucoside, arginine, salicylic acid, vitis vinifera (grape) juice*, citric acid, pelargonium graveolens flower oil*, mentha piperita (peppermint) oil*, citral, cymbopogon citratus leaf oil*, rosmarinus officinalis (rosemary) leaf oil*, sodium benzoate, citronellol, sodium phytate, geraniol, potassium sorbate, linalool, lavandula hybrida oil*, melissa officinalis leaf oil*, limonene<br \/>\nS\u00e9rum Salicylique Blemish Control (Blemish Control Serum)<br \/>\naqua\/water\/eau, rosa damascena flower water, alcohol, niacinamide, triethyl citrate, citric acid, butylene glycol, gluconolactone, sodium citrate, palmitoyl grape seed extract, xanthan gum, salicylic acid, sodium hydroxide, sodium hyaluronate, helianthus annuus (sunflower) seed oil, tocopherol, pelargonium graveolens flower oil, mentha piperita (peppermint) oil, citral, cymbopogon citratus leaf oil, rosmarinus officinalis (rosemary) leaf oil, citronellol, geraniol, sodium phytate, linalool, lavandula hybrida oil, melissa officinalis leaf oil, limonene<br \/>\nFluide Hydratant Matifiant (Moisturizing Mattifying Fluid)<br \/>\naqua\/water\/eau, butylene glycol, coco-caprylate\/caprate, vitis vinifera (grape) fruit water, silica, squalane, glycerin, tapioca starch, glyceryl stearate, isostearyl isostearate, palmitoyl grape seed extract, alcohol denat., acrylates\/c10-30 alkyl acrylate crosspolymer, caprylyl glycol, xanthan gum, enantia chlorantha bark extract, pentylene glycol, potassium cetyl phosphate, vitis vinifera (grape) juice, tocopherol, helianthus annuus (sunflower) seed oil, sodium phytate, citric acid, pelargonium graveolens flower oil, sodium hydroxide, sodium carboxymethyl beta-glucan, mentha piperita (peppermint) oil, citral, cymbopogon citratus leaf oil, sodium benzoate, rosmarinus officinalis (rosemary) leaf oil, citronellol, maltodextrin, orthosiphon stamineus extract, potassium sorbate, lavandula hybrida oil, melissa officinalis leaf oil, oleanolic acid, geraniol, linalool, limonene<\/p>\n","protected":false},"excerpt":{"rendered":"<p>Chaque produit est con\u00e7u autour de l\u2019ingr\u00e9dient star : l\u2019acide salicylique d\u2019origine 100 % naturelle, reconnu pour son pouvoir exfoliant<\/p>\n","protected":false},"featured_media":25818,"comment_status":"open","ping_status":"closed","template":"","meta":[],"product_brand":[358],"product_cat":[502],"product_tag":[],"class_list":{"0":"post-25777","1":"product","2":"type-product","3":"status-publish","4":"has-post-thumbnail","6":"product_brand-caudalie","7":"product_cat-soins-anti-imperfections","9":"first","10":"instock","11":"shipping-taxable","12":"purchasable","13":"product-type-simple"},"yoast_head":"<!-- This site is optimized with the Yoast SEO plugin v26.6 - https:\/\/yoast.com\/wordpress\/plugins\/seo\/ -->\r\n<title>CAUDALIE KIT DE DEMARRAGE VINOPURE - Paracherkaoui.ma<\/title>\r\n<meta name=\"robots\" content=\"index, follow, max-snippet:-1, max-image-preview:large, max-video-preview:-1\" \/>\r\n<link rel=\"canonical\" href=\"https:\/\/paracherkaoui.ma\/index.php\/produit\/caudalie-kit-de-demarrage-vinopure\/\" \/>\r\n<meta property=\"og:locale\" content=\"fr_FR\" \/>\r\n<meta property=\"og:type\" content=\"article\" \/>\r\n<meta property=\"og:title\" content=\"CAUDALIE KIT DE DEMARRAGE VINOPURE - Paracherkaoui.ma\" \/>\r\n<meta property=\"og:description\" content=\"Chaque produit est con\u00e7u autour de l\u2019ingr\u00e9dient star : l\u2019acide salicylique d\u2019origine 100 % naturelle, reconnu pour son pouvoir exfoliant\" \/>\r\n<meta property=\"og:url\" content=\"https:\/\/paracherkaoui.ma\/index.php\/produit\/caudalie-kit-de-demarrage-vinopure\/\" \/>\r\n<meta property=\"og:site_name\" content=\"Paracherkaoui.ma\" \/>\r\n<meta property=\"article:modified_time\" content=\"2025-12-12T17:23:22+00:00\" \/>\r\n<meta property=\"og:image\" content=\"https:\/\/paracherkaoui.ma\/wp-content\/uploads\/2025\/12\/caudalie-caudalie-kit-de-demarrage-vinopure-soins-anti-imperfections.jpg\" \/>\r\n\t<meta property=\"og:image:width\" content=\"700\" \/>\r\n\t<meta property=\"og:image:height\" content=\"700\" \/>\r\n\t<meta property=\"og:image:type\" content=\"image\/jpeg\" \/>\r\n<meta name=\"twitter:card\" content=\"summary_large_image\" \/>\r\n<meta name=\"twitter:label1\" content=\"Dur\u00e9e de lecture estim\u00e9e\" \/>\n\t<meta name=\"twitter:data1\" content=\"3 minutes\" \/>\r\n<script type=\"application\/ld+json\" class=\"yoast-schema-graph\">{\"@context\":\"https:\/\/schema.org\",\"@graph\":[{\"@type\":\"WebPage\",\"@id\":\"https:\/\/paracherkaoui.ma\/index.php\/produit\/caudalie-kit-de-demarrage-vinopure\/\",\"url\":\"https:\/\/paracherkaoui.ma\/index.php\/produit\/caudalie-kit-de-demarrage-vinopure\/\",\"name\":\"CAUDALIE KIT DE DEMARRAGE VINOPURE - Paracherkaoui.ma\",\"isPartOf\":{\"@id\":\"https:\/\/paracherkaoui.ma\/#website\"},\"primaryImageOfPage\":{\"@id\":\"https:\/\/paracherkaoui.ma\/index.php\/produit\/caudalie-kit-de-demarrage-vinopure\/#primaryimage\"},\"image\":{\"@id\":\"https:\/\/paracherkaoui.ma\/index.php\/produit\/caudalie-kit-de-demarrage-vinopure\/#primaryimage\"},\"thumbnailUrl\":\"https:\/\/paracherkaoui.ma\/wp-content\/uploads\/2025\/12\/caudalie-caudalie-kit-de-demarrage-vinopure-soins-anti-imperfections.jpg\",\"datePublished\":\"2025-12-12T17:23:19+00:00\",\"dateModified\":\"2025-12-12T17:23:22+00:00\",\"breadcrumb\":{\"@id\":\"https:\/\/paracherkaoui.ma\/index.php\/produit\/caudalie-kit-de-demarrage-vinopure\/#breadcrumb\"},\"inLanguage\":\"fr-FR\",\"potentialAction\":[{\"@type\":\"ReadAction\",\"target\":[\"https:\/\/paracherkaoui.ma\/index.php\/produit\/caudalie-kit-de-demarrage-vinopure\/\"]}]},{\"@type\":\"ImageObject\",\"inLanguage\":\"fr-FR\",\"@id\":\"https:\/\/paracherkaoui.ma\/index.php\/produit\/caudalie-kit-de-demarrage-vinopure\/#primaryimage\",\"url\":\"https:\/\/paracherkaoui.ma\/wp-content\/uploads\/2025\/12\/caudalie-caudalie-kit-de-demarrage-vinopure-soins-anti-imperfections.jpg\",\"contentUrl\":\"https:\/\/paracherkaoui.ma\/wp-content\/uploads\/2025\/12\/caudalie-caudalie-kit-de-demarrage-vinopure-soins-anti-imperfections.jpg\",\"width\":700,\"height\":700},{\"@type\":\"BreadcrumbList\",\"@id\":\"https:\/\/paracherkaoui.ma\/index.php\/produit\/caudalie-kit-de-demarrage-vinopure\/#breadcrumb\",\"itemListElement\":[{\"@type\":\"ListItem\",\"position\":1,\"name\":\"Accueil\",\"item\":\"https:\/\/paracherkaoui.ma\/\"},{\"@type\":\"ListItem\",\"position\":2,\"name\":\"Boutique\",\"item\":\"https:\/\/paracherkaoui.ma\/index.php\/boutique\/\"},{\"@type\":\"ListItem\",\"position\":3,\"name\":\"CAUDALIE KIT DE DEMARRAGE VINOPURE\"}]},{\"@type\":\"WebSite\",\"@id\":\"https:\/\/paracherkaoui.ma\/#website\",\"url\":\"https:\/\/paracherkaoui.ma\/\",\"name\":\"Paracherkaoui.ma\",\"description\":\"Achetez en ligne sur Paracherkaoui.ma\",\"potentialAction\":[{\"@type\":\"SearchAction\",\"target\":{\"@type\":\"EntryPoint\",\"urlTemplate\":\"https:\/\/paracherkaoui.ma\/?s={search_term_string}\"},\"query-input\":{\"@type\":\"PropertyValueSpecification\",\"valueRequired\":true,\"valueName\":\"search_term_string\"}}],\"inLanguage\":\"fr-FR\"}]}<\/script>\r\n<!-- \/ Yoast SEO plugin. -->","yoast_head_json":{"title":"CAUDALIE KIT DE DEMARRAGE VINOPURE - Paracherkaoui.ma","robots":{"index":"index","follow":"follow","max-snippet":"max-snippet:-1","max-image-preview":"max-image-preview:large","max-video-preview":"max-video-preview:-1"},"canonical":"https:\/\/paracherkaoui.ma\/index.php\/produit\/caudalie-kit-de-demarrage-vinopure\/","og_locale":"fr_FR","og_type":"article","og_title":"CAUDALIE KIT DE DEMARRAGE VINOPURE - Paracherkaoui.ma","og_description":"Chaque produit est con\u00e7u autour de l\u2019ingr\u00e9dient star : l\u2019acide salicylique d\u2019origine 100 % naturelle, reconnu pour son pouvoir exfoliant","og_url":"https:\/\/paracherkaoui.ma\/index.php\/produit\/caudalie-kit-de-demarrage-vinopure\/","og_site_name":"Paracherkaoui.ma","article_modified_time":"2025-12-12T17:23:22+00:00","og_image":[{"width":700,"height":700,"url":"https:\/\/paracherkaoui.ma\/wp-content\/uploads\/2025\/12\/caudalie-caudalie-kit-de-demarrage-vinopure-soins-anti-imperfections.jpg","type":"image\/jpeg"}],"twitter_card":"summary_large_image","twitter_misc":{"Dur\u00e9e de lecture estim\u00e9e":"3 minutes"},"schema":{"@context":"https:\/\/schema.org","@graph":[{"@type":"WebPage","@id":"https:\/\/paracherkaoui.ma\/index.php\/produit\/caudalie-kit-de-demarrage-vinopure\/","url":"https:\/\/paracherkaoui.ma\/index.php\/produit\/caudalie-kit-de-demarrage-vinopure\/","name":"CAUDALIE KIT DE DEMARRAGE VINOPURE - Paracherkaoui.ma","isPartOf":{"@id":"https:\/\/paracherkaoui.ma\/#website"},"primaryImageOfPage":{"@id":"https:\/\/paracherkaoui.ma\/index.php\/produit\/caudalie-kit-de-demarrage-vinopure\/#primaryimage"},"image":{"@id":"https:\/\/paracherkaoui.ma\/index.php\/produit\/caudalie-kit-de-demarrage-vinopure\/#primaryimage"},"thumbnailUrl":"https:\/\/paracherkaoui.ma\/wp-content\/uploads\/2025\/12\/caudalie-caudalie-kit-de-demarrage-vinopure-soins-anti-imperfections.jpg","datePublished":"2025-12-12T17:23:19+00:00","dateModified":"2025-12-12T17:23:22+00:00","breadcrumb":{"@id":"https:\/\/paracherkaoui.ma\/index.php\/produit\/caudalie-kit-de-demarrage-vinopure\/#breadcrumb"},"inLanguage":"fr-FR","potentialAction":[{"@type":"ReadAction","target":["https:\/\/paracherkaoui.ma\/index.php\/produit\/caudalie-kit-de-demarrage-vinopure\/"]}]},{"@type":"ImageObject","inLanguage":"fr-FR","@id":"https:\/\/paracherkaoui.ma\/index.php\/produit\/caudalie-kit-de-demarrage-vinopure\/#primaryimage","url":"https:\/\/paracherkaoui.ma\/wp-content\/uploads\/2025\/12\/caudalie-caudalie-kit-de-demarrage-vinopure-soins-anti-imperfections.jpg","contentUrl":"https:\/\/paracherkaoui.ma\/wp-content\/uploads\/2025\/12\/caudalie-caudalie-kit-de-demarrage-vinopure-soins-anti-imperfections.jpg","width":700,"height":700},{"@type":"BreadcrumbList","@id":"https:\/\/paracherkaoui.ma\/index.php\/produit\/caudalie-kit-de-demarrage-vinopure\/#breadcrumb","itemListElement":[{"@type":"ListItem","position":1,"name":"Accueil","item":"https:\/\/paracherkaoui.ma\/"},{"@type":"ListItem","position":2,"name":"Boutique","item":"https:\/\/paracherkaoui.ma\/index.php\/boutique\/"},{"@type":"ListItem","position":3,"name":"CAUDALIE KIT DE DEMARRAGE VINOPURE"}]},{"@type":"WebSite","@id":"https:\/\/paracherkaoui.ma\/#website","url":"https:\/\/paracherkaoui.ma\/","name":"Paracherkaoui.ma","description":"Achetez en ligne sur Paracherkaoui.ma","potentialAction":[{"@type":"SearchAction","target":{"@type":"EntryPoint","urlTemplate":"https:\/\/paracherkaoui.ma\/?s={search_term_string}"},"query-input":{"@type":"PropertyValueSpecification","valueRequired":true,"valueName":"search_term_string"}}],"inLanguage":"fr-FR"}]}},"_links":{"self":[{"href":"https:\/\/paracherkaoui.ma\/index.php\/wp-json\/wp\/v2\/product\/25777","targetHints":{"allow":["GET"]}}],"collection":[{"href":"https:\/\/paracherkaoui.ma\/index.php\/wp-json\/wp\/v2\/product"}],"about":[{"href":"https:\/\/paracherkaoui.ma\/index.php\/wp-json\/wp\/v2\/types\/product"}],"replies":[{"embeddable":true,"href":"https:\/\/paracherkaoui.ma\/index.php\/wp-json\/wp\/v2\/comments?post=25777"}],"version-history":[{"count":1,"href":"https:\/\/paracherkaoui.ma\/index.php\/wp-json\/wp\/v2\/product\/25777\/revisions"}],"predecessor-version":[{"id":25819,"href":"https:\/\/paracherkaoui.ma\/index.php\/wp-json\/wp\/v2\/product\/25777\/revisions\/25819"}],"wp:featuredmedia":[{"embeddable":true,"href":"https:\/\/paracherkaoui.ma\/index.php\/wp-json\/wp\/v2\/media\/25818"}],"wp:attachment":[{"href":"https:\/\/paracherkaoui.ma\/index.php\/wp-json\/wp\/v2\/media?parent=25777"}],"wp:term":[{"taxonomy":"product_brand","embeddable":true,"href":"https:\/\/paracherkaoui.ma\/index.php\/wp-json\/wp\/v2\/product_brand?post=25777"},{"taxonomy":"product_cat","embeddable":true,"href":"https:\/\/paracherkaoui.ma\/index.php\/wp-json\/wp\/v2\/product_cat?post=25777"},{"taxonomy":"product_tag","embeddable":true,"href":"https:\/\/paracherkaoui.ma\/index.php\/wp-json\/wp\/v2\/product_tag?post=25777"}],"curies":[{"name":"wp","href":"https:\/\/api.w.org\/{rel}","templated":true}]}}