{"id":25776,"date":"2025-12-12T18:23:19","date_gmt":"2025-12-12T17:23:19","guid":{"rendered":"https:\/\/test.ecbeaute.com\/?post_type=product&#038;p=25776"},"modified":"2025-12-12T18:23:22","modified_gmt":"2025-12-12T17:23:22","slug":"dermadoc-skin-care-creme-anti-age-40ml","status":"publish","type":"product","link":"https:\/\/paracherkaoui.ma\/index.php\/produit\/dermadoc-skin-care-creme-anti-age-40ml\/","title":{"rendered":"DERMADOC SKIN CARE CREME ANTI AGE 40ML"},"content":{"rendered":"<p>Dermadoc, expert en soins dermo-cosm\u00e9tiques, a formul\u00e9 cette cr\u00e8me pour une action compl\u00e8te et une efficacit\u00e9 prouv\u00e9e :<br \/>\nLe Pouvoir du R\u00e9tinol Pur : L&rsquo;Actif Anti-\u00c2ge par Excellence ! La force de ce produit r\u00e9side dans son ingr\u00e9dient principal : le r\u00e9tinol pur. Le r\u00e9tinol est une forme de vitamine A, reconnue comme l&rsquo;un des actifs les plus efficaces pour lutter contre les signes du vieillissement. Il agit en profondeur pour r\u00e9duire visiblement les rides et am\u00e9liorer l\u2019\u00e9lasticit\u00e9 de la peau. En stimulant la production de collag\u00e8ne, il redonne \u00e0 la peau sa fermet\u00e9 et sa densit\u00e9.<br \/>\nUne Action Compl\u00e8te pour un R\u00e9sultat Spectaculaire : Cette cr\u00e8me ne se contente pas de lisser les rides. Sa formule avanc\u00e9e a une action globale pour une transformation visible. Elle affine le grain de peau, la rendant plus douce au toucher et plus uniforme. Elle resserre les pores, ce qui est id\u00e9al pour les peaux mixtes ou grasses. Enfin, elle stimule le renouvellement cellulaire, aidant \u00e0 \u00e9liminer les cellules mortes en surface et \u00e0 r\u00e9v\u00e9ler un teint frais et lumineux.<br \/>\nCon\u00e7ue pour Tous les Types de Peau : Malgr\u00e9 la puissance du r\u00e9tinol, cette cr\u00e8me est formul\u00e9e pour \u00eatre id\u00e9ale pour tous les types de peau. Elle est con\u00e7ue pour s&rsquo;int\u00e9grer facilement \u00e0 votre routine de soins, en agissant pendant votre sommeil, le moment o\u00f9 la peau se r\u00e9g\u00e9n\u00e8re le plus activement. Vous vous r\u00e9veillez avec une peau visiblement plus lisse, plus repos\u00e9e et plus \u00e9clatante.<br \/>\nUn Geste Simple pour une Transformation Quotidienne : Avec son format pratique de 40ml, cette cr\u00e8me est un soin efficace et durable. Son utilisation est simple et son action est puissante. Elle est l&rsquo;investissement parfait pour votre peau, un soin expert qui vous permet de prendre le contr\u00f4le du temps et de retrouver une peau qui rayonne de jeunesse.<br \/>\nAvec la DERMADOC SKIN CARE Cr\u00e8me Anti-\u00c2ge au R\u00e9tinol Pur, faites le choix d&rsquo;une solution puissante et scientifiquement prouv\u00e9e pour rajeunir votre peau. Dites adieu aux rides et au teint terne, et bonjour \u00e0 une peau plus lisse, plus ferme et pleine de vitalit\u00e9.<br \/>\nConseils d&rsquo;utilisation :<br \/>\nAppliquez la cr\u00e8me uniquement le soir, sur une peau parfaitement propre et s\u00e8che.<\/p>\n","protected":false},"excerpt":{"rendered":"<p>Dermadoc, expert en soins dermo-cosm\u00e9tiques, a formul\u00e9 cette cr\u00e8me pour une action compl\u00e8te et une efficacit\u00e9 prouv\u00e9e : Le Pouvoir<\/p>\n","protected":false},"featured_media":25816,"comment_status":"open","ping_status":"closed","template":"","meta":[],"product_brand":[450],"product_cat":[502],"product_tag":[],"class_list":{"0":"post-25776","1":"product","2":"type-product","3":"status-publish","4":"has-post-thumbnail","6":"product_brand-dermadoc","7":"product_cat-soins-anti-imperfections","9":"first","10":"instock","11":"sale","12":"shipping-taxable","13":"purchasable","14":"product-type-simple"},"yoast_head":"<!-- This site is optimized with the Yoast SEO plugin v26.6 - https:\/\/yoast.com\/wordpress\/plugins\/seo\/ -->\r\n<title>DERMADOC SKIN CARE CREME ANTI AGE 40ML - Paracherkaoui.ma<\/title>\r\n<meta name=\"robots\" content=\"index, follow, max-snippet:-1, max-image-preview:large, max-video-preview:-1\" \/>\r\n<link rel=\"canonical\" href=\"https:\/\/paracherkaoui.ma\/index.php\/produit\/dermadoc-skin-care-creme-anti-age-40ml\/\" \/>\r\n<meta property=\"og:locale\" content=\"fr_FR\" \/>\r\n<meta property=\"og:type\" content=\"article\" \/>\r\n<meta property=\"og:title\" content=\"DERMADOC SKIN CARE CREME ANTI AGE 40ML - Paracherkaoui.ma\" \/>\r\n<meta property=\"og:description\" content=\"Dermadoc, expert en soins dermo-cosm\u00e9tiques, a formul\u00e9 cette cr\u00e8me pour une action compl\u00e8te et une efficacit\u00e9 prouv\u00e9e : Le Pouvoir\" \/>\r\n<meta property=\"og:url\" content=\"https:\/\/paracherkaoui.ma\/index.php\/produit\/dermadoc-skin-care-creme-anti-age-40ml\/\" \/>\r\n<meta property=\"og:site_name\" content=\"Paracherkaoui.ma\" \/>\r\n<meta property=\"article:modified_time\" content=\"2025-12-12T17:23:22+00:00\" \/>\r\n<meta property=\"og:image\" content=\"https:\/\/paracherkaoui.ma\/wp-content\/uploads\/2025\/12\/dermadoc-skin-care-creme-anti-age-40ml.jpg\" \/>\r\n\t<meta property=\"og:image:width\" content=\"700\" \/>\r\n\t<meta property=\"og:image:height\" content=\"700\" \/>\r\n\t<meta property=\"og:image:type\" content=\"image\/jpeg\" \/>\r\n<meta name=\"twitter:card\" content=\"summary_large_image\" \/>\r\n<meta name=\"twitter:label1\" content=\"Dur\u00e9e de lecture estim\u00e9e\" \/>\n\t<meta name=\"twitter:data1\" content=\"2 minutes\" \/>\r\n<script type=\"application\/ld+json\" class=\"yoast-schema-graph\">{\"@context\":\"https:\/\/schema.org\",\"@graph\":[{\"@type\":\"WebPage\",\"@id\":\"https:\/\/paracherkaoui.ma\/index.php\/produit\/dermadoc-skin-care-creme-anti-age-40ml\/\",\"url\":\"https:\/\/paracherkaoui.ma\/index.php\/produit\/dermadoc-skin-care-creme-anti-age-40ml\/\",\"name\":\"DERMADOC SKIN CARE CREME ANTI AGE 40ML - Paracherkaoui.ma\",\"isPartOf\":{\"@id\":\"https:\/\/paracherkaoui.ma\/#website\"},\"primaryImageOfPage\":{\"@id\":\"https:\/\/paracherkaoui.ma\/index.php\/produit\/dermadoc-skin-care-creme-anti-age-40ml\/#primaryimage\"},\"image\":{\"@id\":\"https:\/\/paracherkaoui.ma\/index.php\/produit\/dermadoc-skin-care-creme-anti-age-40ml\/#primaryimage\"},\"thumbnailUrl\":\"https:\/\/paracherkaoui.ma\/wp-content\/uploads\/2025\/12\/dermadoc-skin-care-creme-anti-age-40ml.jpg\",\"datePublished\":\"2025-12-12T17:23:19+00:00\",\"dateModified\":\"2025-12-12T17:23:22+00:00\",\"breadcrumb\":{\"@id\":\"https:\/\/paracherkaoui.ma\/index.php\/produit\/dermadoc-skin-care-creme-anti-age-40ml\/#breadcrumb\"},\"inLanguage\":\"fr-FR\",\"potentialAction\":[{\"@type\":\"ReadAction\",\"target\":[\"https:\/\/paracherkaoui.ma\/index.php\/produit\/dermadoc-skin-care-creme-anti-age-40ml\/\"]}]},{\"@type\":\"ImageObject\",\"inLanguage\":\"fr-FR\",\"@id\":\"https:\/\/paracherkaoui.ma\/index.php\/produit\/dermadoc-skin-care-creme-anti-age-40ml\/#primaryimage\",\"url\":\"https:\/\/paracherkaoui.ma\/wp-content\/uploads\/2025\/12\/dermadoc-skin-care-creme-anti-age-40ml.jpg\",\"contentUrl\":\"https:\/\/paracherkaoui.ma\/wp-content\/uploads\/2025\/12\/dermadoc-skin-care-creme-anti-age-40ml.jpg\",\"width\":700,\"height\":700},{\"@type\":\"BreadcrumbList\",\"@id\":\"https:\/\/paracherkaoui.ma\/index.php\/produit\/dermadoc-skin-care-creme-anti-age-40ml\/#breadcrumb\",\"itemListElement\":[{\"@type\":\"ListItem\",\"position\":1,\"name\":\"Accueil\",\"item\":\"https:\/\/paracherkaoui.ma\/\"},{\"@type\":\"ListItem\",\"position\":2,\"name\":\"Boutique\",\"item\":\"https:\/\/paracherkaoui.ma\/index.php\/boutique\/\"},{\"@type\":\"ListItem\",\"position\":3,\"name\":\"DERMADOC SKIN CARE CREME ANTI AGE 40ML\"}]},{\"@type\":\"WebSite\",\"@id\":\"https:\/\/paracherkaoui.ma\/#website\",\"url\":\"https:\/\/paracherkaoui.ma\/\",\"name\":\"Paracherkaoui.ma\",\"description\":\"Achetez en ligne sur Paracherkaoui.ma\",\"potentialAction\":[{\"@type\":\"SearchAction\",\"target\":{\"@type\":\"EntryPoint\",\"urlTemplate\":\"https:\/\/paracherkaoui.ma\/?s={search_term_string}\"},\"query-input\":{\"@type\":\"PropertyValueSpecification\",\"valueRequired\":true,\"valueName\":\"search_term_string\"}}],\"inLanguage\":\"fr-FR\"}]}<\/script>\r\n<!-- \/ Yoast SEO plugin. -->","yoast_head_json":{"title":"DERMADOC SKIN CARE CREME ANTI AGE 40ML - Paracherkaoui.ma","robots":{"index":"index","follow":"follow","max-snippet":"max-snippet:-1","max-image-preview":"max-image-preview:large","max-video-preview":"max-video-preview:-1"},"canonical":"https:\/\/paracherkaoui.ma\/index.php\/produit\/dermadoc-skin-care-creme-anti-age-40ml\/","og_locale":"fr_FR","og_type":"article","og_title":"DERMADOC SKIN CARE CREME ANTI AGE 40ML - Paracherkaoui.ma","og_description":"Dermadoc, expert en soins dermo-cosm\u00e9tiques, a formul\u00e9 cette cr\u00e8me pour une action compl\u00e8te et une efficacit\u00e9 prouv\u00e9e : Le Pouvoir","og_url":"https:\/\/paracherkaoui.ma\/index.php\/produit\/dermadoc-skin-care-creme-anti-age-40ml\/","og_site_name":"Paracherkaoui.ma","article_modified_time":"2025-12-12T17:23:22+00:00","og_image":[{"width":700,"height":700,"url":"https:\/\/paracherkaoui.ma\/wp-content\/uploads\/2025\/12\/dermadoc-skin-care-creme-anti-age-40ml.jpg","type":"image\/jpeg"}],"twitter_card":"summary_large_image","twitter_misc":{"Dur\u00e9e de lecture estim\u00e9e":"2 minutes"},"schema":{"@context":"https:\/\/schema.org","@graph":[{"@type":"WebPage","@id":"https:\/\/paracherkaoui.ma\/index.php\/produit\/dermadoc-skin-care-creme-anti-age-40ml\/","url":"https:\/\/paracherkaoui.ma\/index.php\/produit\/dermadoc-skin-care-creme-anti-age-40ml\/","name":"DERMADOC SKIN CARE CREME ANTI AGE 40ML - Paracherkaoui.ma","isPartOf":{"@id":"https:\/\/paracherkaoui.ma\/#website"},"primaryImageOfPage":{"@id":"https:\/\/paracherkaoui.ma\/index.php\/produit\/dermadoc-skin-care-creme-anti-age-40ml\/#primaryimage"},"image":{"@id":"https:\/\/paracherkaoui.ma\/index.php\/produit\/dermadoc-skin-care-creme-anti-age-40ml\/#primaryimage"},"thumbnailUrl":"https:\/\/paracherkaoui.ma\/wp-content\/uploads\/2025\/12\/dermadoc-skin-care-creme-anti-age-40ml.jpg","datePublished":"2025-12-12T17:23:19+00:00","dateModified":"2025-12-12T17:23:22+00:00","breadcrumb":{"@id":"https:\/\/paracherkaoui.ma\/index.php\/produit\/dermadoc-skin-care-creme-anti-age-40ml\/#breadcrumb"},"inLanguage":"fr-FR","potentialAction":[{"@type":"ReadAction","target":["https:\/\/paracherkaoui.ma\/index.php\/produit\/dermadoc-skin-care-creme-anti-age-40ml\/"]}]},{"@type":"ImageObject","inLanguage":"fr-FR","@id":"https:\/\/paracherkaoui.ma\/index.php\/produit\/dermadoc-skin-care-creme-anti-age-40ml\/#primaryimage","url":"https:\/\/paracherkaoui.ma\/wp-content\/uploads\/2025\/12\/dermadoc-skin-care-creme-anti-age-40ml.jpg","contentUrl":"https:\/\/paracherkaoui.ma\/wp-content\/uploads\/2025\/12\/dermadoc-skin-care-creme-anti-age-40ml.jpg","width":700,"height":700},{"@type":"BreadcrumbList","@id":"https:\/\/paracherkaoui.ma\/index.php\/produit\/dermadoc-skin-care-creme-anti-age-40ml\/#breadcrumb","itemListElement":[{"@type":"ListItem","position":1,"name":"Accueil","item":"https:\/\/paracherkaoui.ma\/"},{"@type":"ListItem","position":2,"name":"Boutique","item":"https:\/\/paracherkaoui.ma\/index.php\/boutique\/"},{"@type":"ListItem","position":3,"name":"DERMADOC SKIN CARE CREME ANTI AGE 40ML"}]},{"@type":"WebSite","@id":"https:\/\/paracherkaoui.ma\/#website","url":"https:\/\/paracherkaoui.ma\/","name":"Paracherkaoui.ma","description":"Achetez en ligne sur Paracherkaoui.ma","potentialAction":[{"@type":"SearchAction","target":{"@type":"EntryPoint","urlTemplate":"https:\/\/paracherkaoui.ma\/?s={search_term_string}"},"query-input":{"@type":"PropertyValueSpecification","valueRequired":true,"valueName":"search_term_string"}}],"inLanguage":"fr-FR"}]}},"_links":{"self":[{"href":"https:\/\/paracherkaoui.ma\/index.php\/wp-json\/wp\/v2\/product\/25776","targetHints":{"allow":["GET"]}}],"collection":[{"href":"https:\/\/paracherkaoui.ma\/index.php\/wp-json\/wp\/v2\/product"}],"about":[{"href":"https:\/\/paracherkaoui.ma\/index.php\/wp-json\/wp\/v2\/types\/product"}],"replies":[{"embeddable":true,"href":"https:\/\/paracherkaoui.ma\/index.php\/wp-json\/wp\/v2\/comments?post=25776"}],"version-history":[{"count":1,"href":"https:\/\/paracherkaoui.ma\/index.php\/wp-json\/wp\/v2\/product\/25776\/revisions"}],"predecessor-version":[{"id":25817,"href":"https:\/\/paracherkaoui.ma\/index.php\/wp-json\/wp\/v2\/product\/25776\/revisions\/25817"}],"wp:featuredmedia":[{"embeddable":true,"href":"https:\/\/paracherkaoui.ma\/index.php\/wp-json\/wp\/v2\/media\/25816"}],"wp:attachment":[{"href":"https:\/\/paracherkaoui.ma\/index.php\/wp-json\/wp\/v2\/media?parent=25776"}],"wp:term":[{"taxonomy":"product_brand","embeddable":true,"href":"https:\/\/paracherkaoui.ma\/index.php\/wp-json\/wp\/v2\/product_brand?post=25776"},{"taxonomy":"product_cat","embeddable":true,"href":"https:\/\/paracherkaoui.ma\/index.php\/wp-json\/wp\/v2\/product_cat?post=25776"},{"taxonomy":"product_tag","embeddable":true,"href":"https:\/\/paracherkaoui.ma\/index.php\/wp-json\/wp\/v2\/product_tag?post=25776"}],"curies":[{"name":"wp","href":"https:\/\/api.w.org\/{rel}","templated":true}]}}