{"id":25773,"date":"2025-12-12T18:23:19","date_gmt":"2025-12-12T17:23:19","guid":{"rendered":"https:\/\/test.ecbeaute.com\/?post_type=product&#038;p=25773"},"modified":"2025-12-12T18:23:21","modified_gmt":"2025-12-12T17:23:21","slug":"bioderma-offre-sebium-pore-refiner-30ml-eau-micellaire-250ml-offert","status":"publish","type":"product","link":"https:\/\/paracherkaoui.ma\/index.php\/produit\/bioderma-offre-sebium-pore-refiner-30ml-eau-micellaire-250ml-offert\/","title":{"rendered":"BIODERMA OFFRE SEBIUM PORE REFINER 30ML + EAU MICELLAIRE 250ML OFFERT"},"content":{"rendered":"<p>Les peaux mixtes \u00e0 grasses sont constamment soumises \u00e0 des facteurs qui peuvent alt\u00e9rer leur aspect : exc\u00e8s de s\u00e9bum, stress, tabac, pollution&#8230; Autant d&rsquo;agresseurs responsables de la dilatation et de la d\u00e9formation des pores. Ces pores dilat\u00e9s donnent un aspect irr\u00e9gulier au grain de peau et favorisent l&rsquo;apparition d&rsquo;imperfections. Heureusement, BIODERMA, expert en biologie cutan\u00e9e, a innov\u00e9 pour cr\u00e9er S\u00e9bium Pore Refiner, un concentr\u00e9 correcteur qui agit en profondeur pour rectifier ces d\u00e9s\u00e9quilibres.<br \/>\nCe concentr\u00e9 est un v\u00e9ritable magicien pour votre \u00e9piderme : il am\u00e9liore drastiquement l&rsquo;aspect de la peau. D\u00e8s les premi\u00e8res applications, vous remarquerez que son grain est plus fin, plus r\u00e9gulier, plus net. Les pores, autrefois visibles et dilat\u00e9s, sont d\u00e9sormais resserr\u00e9s et moins apparents. Votre peau retrouve une texture uniforme, douce au toucher et visuellement impeccable.<br \/>\nLe secret de son efficacit\u00e9 r\u00e9side dans des technologies de pointe :<br \/>\nLe complexe exclusif brevet\u00e9 Fluidactiv\u00ae est une innovation majeure de BIODERMA. Il ne se contente pas de r\u00e9duire l&rsquo;exc\u00e8s de s\u00e9bum, il agit en amont en maintenant la qualit\u00e9 du s\u00e9bum et pr\u00e9vient ainsi l&rsquo;obstruction des pores. En r\u00e9gulant et en fluidifiant le s\u00e9bum, il emp\u00eache la formation de com\u00e9dons, r\u00e9duisant ainsi le risque d&rsquo;imperfections.<br \/>\nLes agents anti-oxydants pr\u00e9sents dans la formule jouent un r\u00f4le crucial. Ils prot\u00e8gent la peau des agressions ext\u00e9rieures et des radicaux libres, qui peuvent ternir le teint et acc\u00e9l\u00e9rer le vieillissement cutan\u00e9. Gr\u00e2ce \u00e0 eux, l&rsquo;\u00e9clat naturel de la peau est pr\u00e9serv\u00e9, lui conf\u00e9rant une luminosit\u00e9 saine et durable.<br \/>\nConseils d&rsquo;utilisation<br \/>\n\u2022\u00a0Appliquez S\u00e9bium Pore Refiner\u00a0une \u00e0 deux fois par jour, seul ou avant votre cr\u00e8me de soin, soit sur la zone T (menton-nez-front) pour les peaux mixtes, soit sur l&rsquo;ensemble du visage pour les peaux \u00e0 tendance grasse,<br \/>\n\u2022\u00a0S\u00e9bium Pore Refiner\u00a0constitue une excellente base pour un maquillage uniforme<\/p>\n","protected":false},"excerpt":{"rendered":"<p>Les peaux mixtes \u00e0 grasses sont constamment soumises \u00e0 des facteurs qui peuvent alt\u00e9rer leur aspect : exc\u00e8s de s\u00e9bum,<\/p>\n","protected":false},"featured_media":25810,"comment_status":"open","ping_status":"closed","template":"","meta":[],"product_brand":[137],"product_cat":[502],"product_tag":[],"class_list":{"0":"post-25773","1":"product","2":"type-product","3":"status-publish","4":"has-post-thumbnail","6":"product_brand-bioderma","7":"product_cat-soins-anti-imperfections","9":"first","10":"instock","11":"sale","12":"shipping-taxable","13":"purchasable","14":"product-type-simple"},"yoast_head":"<!-- This site is optimized with the Yoast SEO plugin v26.6 - https:\/\/yoast.com\/wordpress\/plugins\/seo\/ -->\r\n<title>BIODERMA OFFRE SEBIUM PORE REFINER 30ML + EAU MICELLAIRE 250ML OFFERT - Paracherkaoui.ma<\/title>\r\n<meta name=\"robots\" content=\"index, follow, max-snippet:-1, max-image-preview:large, max-video-preview:-1\" \/>\r\n<link rel=\"canonical\" href=\"https:\/\/paracherkaoui.ma\/index.php\/produit\/bioderma-offre-sebium-pore-refiner-30ml-eau-micellaire-250ml-offert\/\" \/>\r\n<meta property=\"og:locale\" content=\"fr_FR\" \/>\r\n<meta property=\"og:type\" content=\"article\" \/>\r\n<meta property=\"og:title\" content=\"BIODERMA OFFRE SEBIUM PORE REFINER 30ML + EAU MICELLAIRE 250ML OFFERT - Paracherkaoui.ma\" \/>\r\n<meta property=\"og:description\" content=\"Les peaux mixtes \u00e0 grasses sont constamment soumises \u00e0 des facteurs qui peuvent alt\u00e9rer leur aspect : exc\u00e8s de s\u00e9bum,\" \/>\r\n<meta property=\"og:url\" content=\"https:\/\/paracherkaoui.ma\/index.php\/produit\/bioderma-offre-sebium-pore-refiner-30ml-eau-micellaire-250ml-offert\/\" \/>\r\n<meta property=\"og:site_name\" content=\"Paracherkaoui.ma\" \/>\r\n<meta property=\"article:modified_time\" content=\"2025-12-12T17:23:21+00:00\" \/>\r\n<meta property=\"og:image\" content=\"https:\/\/paracherkaoui.ma\/wp-content\/uploads\/2025\/12\/bioderma-offre-sebium-pore-refiner-30ml-eau-micellaire-250ml-offert.jpg\" \/>\r\n\t<meta property=\"og:image:width\" content=\"700\" \/>\r\n\t<meta property=\"og:image:height\" content=\"700\" \/>\r\n\t<meta property=\"og:image:type\" content=\"image\/jpeg\" \/>\r\n<meta name=\"twitter:card\" content=\"summary_large_image\" \/>\r\n<meta name=\"twitter:label1\" content=\"Dur\u00e9e de lecture estim\u00e9e\" \/>\n\t<meta name=\"twitter:data1\" content=\"2 minutes\" \/>\r\n<script type=\"application\/ld+json\" class=\"yoast-schema-graph\">{\"@context\":\"https:\/\/schema.org\",\"@graph\":[{\"@type\":\"WebPage\",\"@id\":\"https:\/\/paracherkaoui.ma\/index.php\/produit\/bioderma-offre-sebium-pore-refiner-30ml-eau-micellaire-250ml-offert\/\",\"url\":\"https:\/\/paracherkaoui.ma\/index.php\/produit\/bioderma-offre-sebium-pore-refiner-30ml-eau-micellaire-250ml-offert\/\",\"name\":\"BIODERMA OFFRE SEBIUM PORE REFINER 30ML + EAU MICELLAIRE 250ML OFFERT - Paracherkaoui.ma\",\"isPartOf\":{\"@id\":\"https:\/\/paracherkaoui.ma\/#website\"},\"primaryImageOfPage\":{\"@id\":\"https:\/\/paracherkaoui.ma\/index.php\/produit\/bioderma-offre-sebium-pore-refiner-30ml-eau-micellaire-250ml-offert\/#primaryimage\"},\"image\":{\"@id\":\"https:\/\/paracherkaoui.ma\/index.php\/produit\/bioderma-offre-sebium-pore-refiner-30ml-eau-micellaire-250ml-offert\/#primaryimage\"},\"thumbnailUrl\":\"https:\/\/paracherkaoui.ma\/wp-content\/uploads\/2025\/12\/bioderma-offre-sebium-pore-refiner-30ml-eau-micellaire-250ml-offert.jpg\",\"datePublished\":\"2025-12-12T17:23:19+00:00\",\"dateModified\":\"2025-12-12T17:23:21+00:00\",\"breadcrumb\":{\"@id\":\"https:\/\/paracherkaoui.ma\/index.php\/produit\/bioderma-offre-sebium-pore-refiner-30ml-eau-micellaire-250ml-offert\/#breadcrumb\"},\"inLanguage\":\"fr-FR\",\"potentialAction\":[{\"@type\":\"ReadAction\",\"target\":[\"https:\/\/paracherkaoui.ma\/index.php\/produit\/bioderma-offre-sebium-pore-refiner-30ml-eau-micellaire-250ml-offert\/\"]}]},{\"@type\":\"ImageObject\",\"inLanguage\":\"fr-FR\",\"@id\":\"https:\/\/paracherkaoui.ma\/index.php\/produit\/bioderma-offre-sebium-pore-refiner-30ml-eau-micellaire-250ml-offert\/#primaryimage\",\"url\":\"https:\/\/paracherkaoui.ma\/wp-content\/uploads\/2025\/12\/bioderma-offre-sebium-pore-refiner-30ml-eau-micellaire-250ml-offert.jpg\",\"contentUrl\":\"https:\/\/paracherkaoui.ma\/wp-content\/uploads\/2025\/12\/bioderma-offre-sebium-pore-refiner-30ml-eau-micellaire-250ml-offert.jpg\",\"width\":700,\"height\":700},{\"@type\":\"BreadcrumbList\",\"@id\":\"https:\/\/paracherkaoui.ma\/index.php\/produit\/bioderma-offre-sebium-pore-refiner-30ml-eau-micellaire-250ml-offert\/#breadcrumb\",\"itemListElement\":[{\"@type\":\"ListItem\",\"position\":1,\"name\":\"Accueil\",\"item\":\"https:\/\/paracherkaoui.ma\/\"},{\"@type\":\"ListItem\",\"position\":2,\"name\":\"Boutique\",\"item\":\"https:\/\/paracherkaoui.ma\/index.php\/boutique\/\"},{\"@type\":\"ListItem\",\"position\":3,\"name\":\"BIODERMA OFFRE SEBIUM PORE REFINER 30ML + EAU MICELLAIRE 250ML OFFERT\"}]},{\"@type\":\"WebSite\",\"@id\":\"https:\/\/paracherkaoui.ma\/#website\",\"url\":\"https:\/\/paracherkaoui.ma\/\",\"name\":\"Paracherkaoui.ma\",\"description\":\"Achetez en ligne sur Paracherkaoui.ma\",\"potentialAction\":[{\"@type\":\"SearchAction\",\"target\":{\"@type\":\"EntryPoint\",\"urlTemplate\":\"https:\/\/paracherkaoui.ma\/?s={search_term_string}\"},\"query-input\":{\"@type\":\"PropertyValueSpecification\",\"valueRequired\":true,\"valueName\":\"search_term_string\"}}],\"inLanguage\":\"fr-FR\"}]}<\/script>\r\n<!-- \/ Yoast SEO plugin. -->","yoast_head_json":{"title":"BIODERMA OFFRE SEBIUM PORE REFINER 30ML + EAU MICELLAIRE 250ML OFFERT - Paracherkaoui.ma","robots":{"index":"index","follow":"follow","max-snippet":"max-snippet:-1","max-image-preview":"max-image-preview:large","max-video-preview":"max-video-preview:-1"},"canonical":"https:\/\/paracherkaoui.ma\/index.php\/produit\/bioderma-offre-sebium-pore-refiner-30ml-eau-micellaire-250ml-offert\/","og_locale":"fr_FR","og_type":"article","og_title":"BIODERMA OFFRE SEBIUM PORE REFINER 30ML + EAU MICELLAIRE 250ML OFFERT - Paracherkaoui.ma","og_description":"Les peaux mixtes \u00e0 grasses sont constamment soumises \u00e0 des facteurs qui peuvent alt\u00e9rer leur aspect : exc\u00e8s de s\u00e9bum,","og_url":"https:\/\/paracherkaoui.ma\/index.php\/produit\/bioderma-offre-sebium-pore-refiner-30ml-eau-micellaire-250ml-offert\/","og_site_name":"Paracherkaoui.ma","article_modified_time":"2025-12-12T17:23:21+00:00","og_image":[{"width":700,"height":700,"url":"https:\/\/paracherkaoui.ma\/wp-content\/uploads\/2025\/12\/bioderma-offre-sebium-pore-refiner-30ml-eau-micellaire-250ml-offert.jpg","type":"image\/jpeg"}],"twitter_card":"summary_large_image","twitter_misc":{"Dur\u00e9e de lecture estim\u00e9e":"2 minutes"},"schema":{"@context":"https:\/\/schema.org","@graph":[{"@type":"WebPage","@id":"https:\/\/paracherkaoui.ma\/index.php\/produit\/bioderma-offre-sebium-pore-refiner-30ml-eau-micellaire-250ml-offert\/","url":"https:\/\/paracherkaoui.ma\/index.php\/produit\/bioderma-offre-sebium-pore-refiner-30ml-eau-micellaire-250ml-offert\/","name":"BIODERMA OFFRE SEBIUM PORE REFINER 30ML + EAU MICELLAIRE 250ML OFFERT - Paracherkaoui.ma","isPartOf":{"@id":"https:\/\/paracherkaoui.ma\/#website"},"primaryImageOfPage":{"@id":"https:\/\/paracherkaoui.ma\/index.php\/produit\/bioderma-offre-sebium-pore-refiner-30ml-eau-micellaire-250ml-offert\/#primaryimage"},"image":{"@id":"https:\/\/paracherkaoui.ma\/index.php\/produit\/bioderma-offre-sebium-pore-refiner-30ml-eau-micellaire-250ml-offert\/#primaryimage"},"thumbnailUrl":"https:\/\/paracherkaoui.ma\/wp-content\/uploads\/2025\/12\/bioderma-offre-sebium-pore-refiner-30ml-eau-micellaire-250ml-offert.jpg","datePublished":"2025-12-12T17:23:19+00:00","dateModified":"2025-12-12T17:23:21+00:00","breadcrumb":{"@id":"https:\/\/paracherkaoui.ma\/index.php\/produit\/bioderma-offre-sebium-pore-refiner-30ml-eau-micellaire-250ml-offert\/#breadcrumb"},"inLanguage":"fr-FR","potentialAction":[{"@type":"ReadAction","target":["https:\/\/paracherkaoui.ma\/index.php\/produit\/bioderma-offre-sebium-pore-refiner-30ml-eau-micellaire-250ml-offert\/"]}]},{"@type":"ImageObject","inLanguage":"fr-FR","@id":"https:\/\/paracherkaoui.ma\/index.php\/produit\/bioderma-offre-sebium-pore-refiner-30ml-eau-micellaire-250ml-offert\/#primaryimage","url":"https:\/\/paracherkaoui.ma\/wp-content\/uploads\/2025\/12\/bioderma-offre-sebium-pore-refiner-30ml-eau-micellaire-250ml-offert.jpg","contentUrl":"https:\/\/paracherkaoui.ma\/wp-content\/uploads\/2025\/12\/bioderma-offre-sebium-pore-refiner-30ml-eau-micellaire-250ml-offert.jpg","width":700,"height":700},{"@type":"BreadcrumbList","@id":"https:\/\/paracherkaoui.ma\/index.php\/produit\/bioderma-offre-sebium-pore-refiner-30ml-eau-micellaire-250ml-offert\/#breadcrumb","itemListElement":[{"@type":"ListItem","position":1,"name":"Accueil","item":"https:\/\/paracherkaoui.ma\/"},{"@type":"ListItem","position":2,"name":"Boutique","item":"https:\/\/paracherkaoui.ma\/index.php\/boutique\/"},{"@type":"ListItem","position":3,"name":"BIODERMA OFFRE SEBIUM PORE REFINER 30ML + EAU MICELLAIRE 250ML OFFERT"}]},{"@type":"WebSite","@id":"https:\/\/paracherkaoui.ma\/#website","url":"https:\/\/paracherkaoui.ma\/","name":"Paracherkaoui.ma","description":"Achetez en ligne sur Paracherkaoui.ma","potentialAction":[{"@type":"SearchAction","target":{"@type":"EntryPoint","urlTemplate":"https:\/\/paracherkaoui.ma\/?s={search_term_string}"},"query-input":{"@type":"PropertyValueSpecification","valueRequired":true,"valueName":"search_term_string"}}],"inLanguage":"fr-FR"}]}},"_links":{"self":[{"href":"https:\/\/paracherkaoui.ma\/index.php\/wp-json\/wp\/v2\/product\/25773","targetHints":{"allow":["GET"]}}],"collection":[{"href":"https:\/\/paracherkaoui.ma\/index.php\/wp-json\/wp\/v2\/product"}],"about":[{"href":"https:\/\/paracherkaoui.ma\/index.php\/wp-json\/wp\/v2\/types\/product"}],"replies":[{"embeddable":true,"href":"https:\/\/paracherkaoui.ma\/index.php\/wp-json\/wp\/v2\/comments?post=25773"}],"version-history":[{"count":1,"href":"https:\/\/paracherkaoui.ma\/index.php\/wp-json\/wp\/v2\/product\/25773\/revisions"}],"predecessor-version":[{"id":25811,"href":"https:\/\/paracherkaoui.ma\/index.php\/wp-json\/wp\/v2\/product\/25773\/revisions\/25811"}],"wp:featuredmedia":[{"embeddable":true,"href":"https:\/\/paracherkaoui.ma\/index.php\/wp-json\/wp\/v2\/media\/25810"}],"wp:attachment":[{"href":"https:\/\/paracherkaoui.ma\/index.php\/wp-json\/wp\/v2\/media?parent=25773"}],"wp:term":[{"taxonomy":"product_brand","embeddable":true,"href":"https:\/\/paracherkaoui.ma\/index.php\/wp-json\/wp\/v2\/product_brand?post=25773"},{"taxonomy":"product_cat","embeddable":true,"href":"https:\/\/paracherkaoui.ma\/index.php\/wp-json\/wp\/v2\/product_cat?post=25773"},{"taxonomy":"product_tag","embeddable":true,"href":"https:\/\/paracherkaoui.ma\/index.php\/wp-json\/wp\/v2\/product_tag?post=25773"}],"curies":[{"name":"wp","href":"https:\/\/api.w.org\/{rel}","templated":true}]}}