{"id":25702,"date":"2025-12-12T18:23:11","date_gmt":"2025-12-12T17:23:11","guid":{"rendered":"https:\/\/test.ecbeaute.com\/?post_type=product&#038;p=25702"},"modified":"2025-12-12T18:23:16","modified_gmt":"2025-12-12T17:23:16","slug":"bionike-defence-b-lucent-anti-taches-15-ml","status":"publish","type":"product","link":"https:\/\/paracherkaoui.ma\/index.php\/produit\/bionike-defence-b-lucent-anti-taches-15-ml\/","title":{"rendered":"BIONIKE DEFENCE B-LUCENT ANTI TACHES 15 ML"},"content":{"rendered":"<p>Sa texture gel l\u00e9g\u00e8re \u00e0 s\u00e9chage rapide facilite son usage au quotidien et garantit un confort imm\u00e9diat. L\u2019efficacit\u00e9 du produit repose sur une synergie d\u2019actifs puissants. Les AHA (acides alpha-hydroxyl\u00e9s) et PHA (acides polyhydroxyl\u00e9s) exfolient en douceur, acc\u00e9l\u00e8rent le renouvellement cellulaire et favorisent un teint uniforme. En parall\u00e8le, les PHA hydratent durablement et offrent une protection antioxydante.<br \/>\nCe soin int\u00e8gre \u00e9galement du gentisate de m\u00e9thyle, un extrait naturel de gentiane reconnu pour son action \u00e9claircissante sur la m\u00e9lanine en inhibant l\u2019enzyme tyrosinase. Pour une performance encore renforc\u00e9e, un peptide biomim\u00e9tique intervient \u00e0 double niveau : il freine le signal d\u00e9clencheur de la production de m\u00e9lanine et inhibe les enzymes cl\u00e9s de la m\u00e9lanogen\u00e8se.<br \/>\nId\u00e9al pour les peaux sensibles, le soin Defence B-Lucent Drop On Focus est formul\u00e9 pour corriger les taches sans agresser la peau. Utilis\u00e9 r\u00e9guli\u00e8rement, il r\u00e9v\u00e8le un teint visiblement plus homog\u00e8ne, \u00e9clatant et rajeuni.<br \/>\nConseils d&rsquo;utilisation<br \/>\n\u00c0 utiliser le soir, sur une peau propre et s\u00e8che.<br \/>\nAppliquer une goutte du produit sur le bout du doigt ou un coton-tige.<br \/>\nTapoter d\u00e9licatement directement sur la tache brune.<br \/>\nNe pas \u00e9tendre sur la peau saine autour pour \u00e9viter tout \u00e9claircissement.<br \/>\nSuivre avec une cr\u00e8me hydratante et apaisante, comme Defense Hydra5 Opthydra, pour apaiser la peau apr\u00e8s l&rsquo;exfoliation.<br \/>\n\u00c9viter l\u2019exposition directe au soleil pendant le traitement.<br \/>\nComposition<br \/>\naqua (water), propylene glycol, glycolic acid, xanthan gum, lactic acid, methyl gentisate, gluconolactone, lactobionic acid, benzophenone-4, alcohol denat., potassium hydroxide, polyquaternium-7, butylene glycol, oligopeptide-68, glycerin, glycine soja oil, hydrogenated lecithin, sodium oleate, fragrance (parfum), disodium EDTA<\/p>\n","protected":false},"excerpt":{"rendered":"<p>Sa texture gel l\u00e9g\u00e8re \u00e0 s\u00e9chage rapide facilite son usage au quotidien et garantit un confort imm\u00e9diat. L\u2019efficacit\u00e9 du produit<\/p>\n","protected":false},"featured_media":25749,"comment_status":"open","ping_status":"closed","template":"","meta":[],"product_brand":[369],"product_cat":[502],"product_tag":[],"class_list":{"0":"post-25702","1":"product","2":"type-product","3":"status-publish","4":"has-post-thumbnail","6":"product_brand-bionike","7":"product_cat-soins-anti-imperfections","9":"first","10":"instock","11":"sale","12":"shipping-taxable","13":"purchasable","14":"product-type-simple"},"yoast_head":"<!-- This site is optimized with the Yoast SEO plugin v26.6 - https:\/\/yoast.com\/wordpress\/plugins\/seo\/ -->\r\n<title>BIONIKE DEFENCE B-LUCENT ANTI TACHES 15 ML - Paracherkaoui.ma<\/title>\r\n<meta name=\"robots\" content=\"index, follow, max-snippet:-1, max-image-preview:large, max-video-preview:-1\" \/>\r\n<link rel=\"canonical\" href=\"https:\/\/paracherkaoui.ma\/index.php\/produit\/bionike-defence-b-lucent-anti-taches-15-ml\/\" \/>\r\n<meta property=\"og:locale\" content=\"fr_FR\" \/>\r\n<meta property=\"og:type\" content=\"article\" \/>\r\n<meta property=\"og:title\" content=\"BIONIKE DEFENCE B-LUCENT ANTI TACHES 15 ML - Paracherkaoui.ma\" \/>\r\n<meta property=\"og:description\" content=\"Sa texture gel l\u00e9g\u00e8re \u00e0 s\u00e9chage rapide facilite son usage au quotidien et garantit un confort imm\u00e9diat. L\u2019efficacit\u00e9 du produit\" \/>\r\n<meta property=\"og:url\" content=\"https:\/\/paracherkaoui.ma\/index.php\/produit\/bionike-defence-b-lucent-anti-taches-15-ml\/\" \/>\r\n<meta property=\"og:site_name\" content=\"Paracherkaoui.ma\" \/>\r\n<meta property=\"article:modified_time\" content=\"2025-12-12T17:23:16+00:00\" \/>\r\n<meta property=\"og:image\" content=\"https:\/\/paracherkaoui.ma\/wp-content\/uploads\/2025\/12\/bionike-bionike-defence-b-lucent-anti-taches-15-ml-soins-eclat-et-anti-taches.jpg\" \/>\r\n\t<meta property=\"og:image:width\" content=\"700\" \/>\r\n\t<meta property=\"og:image:height\" content=\"700\" \/>\r\n\t<meta property=\"og:image:type\" content=\"image\/jpeg\" \/>\r\n<meta name=\"twitter:card\" content=\"summary_large_image\" \/>\r\n<meta name=\"twitter:label1\" content=\"Dur\u00e9e de lecture estim\u00e9e\" \/>\n\t<meta name=\"twitter:data1\" content=\"1 minute\" \/>\r\n<script type=\"application\/ld+json\" class=\"yoast-schema-graph\">{\"@context\":\"https:\/\/schema.org\",\"@graph\":[{\"@type\":\"WebPage\",\"@id\":\"https:\/\/paracherkaoui.ma\/index.php\/produit\/bionike-defence-b-lucent-anti-taches-15-ml\/\",\"url\":\"https:\/\/paracherkaoui.ma\/index.php\/produit\/bionike-defence-b-lucent-anti-taches-15-ml\/\",\"name\":\"BIONIKE DEFENCE B-LUCENT ANTI TACHES 15 ML - Paracherkaoui.ma\",\"isPartOf\":{\"@id\":\"https:\/\/paracherkaoui.ma\/#website\"},\"primaryImageOfPage\":{\"@id\":\"https:\/\/paracherkaoui.ma\/index.php\/produit\/bionike-defence-b-lucent-anti-taches-15-ml\/#primaryimage\"},\"image\":{\"@id\":\"https:\/\/paracherkaoui.ma\/index.php\/produit\/bionike-defence-b-lucent-anti-taches-15-ml\/#primaryimage\"},\"thumbnailUrl\":\"https:\/\/paracherkaoui.ma\/wp-content\/uploads\/2025\/12\/bionike-bionike-defence-b-lucent-anti-taches-15-ml-soins-eclat-et-anti-taches.jpg\",\"datePublished\":\"2025-12-12T17:23:11+00:00\",\"dateModified\":\"2025-12-12T17:23:16+00:00\",\"breadcrumb\":{\"@id\":\"https:\/\/paracherkaoui.ma\/index.php\/produit\/bionike-defence-b-lucent-anti-taches-15-ml\/#breadcrumb\"},\"inLanguage\":\"fr-FR\",\"potentialAction\":[{\"@type\":\"ReadAction\",\"target\":[\"https:\/\/paracherkaoui.ma\/index.php\/produit\/bionike-defence-b-lucent-anti-taches-15-ml\/\"]}]},{\"@type\":\"ImageObject\",\"inLanguage\":\"fr-FR\",\"@id\":\"https:\/\/paracherkaoui.ma\/index.php\/produit\/bionike-defence-b-lucent-anti-taches-15-ml\/#primaryimage\",\"url\":\"https:\/\/paracherkaoui.ma\/wp-content\/uploads\/2025\/12\/bionike-bionike-defence-b-lucent-anti-taches-15-ml-soins-eclat-et-anti-taches.jpg\",\"contentUrl\":\"https:\/\/paracherkaoui.ma\/wp-content\/uploads\/2025\/12\/bionike-bionike-defence-b-lucent-anti-taches-15-ml-soins-eclat-et-anti-taches.jpg\",\"width\":700,\"height\":700},{\"@type\":\"BreadcrumbList\",\"@id\":\"https:\/\/paracherkaoui.ma\/index.php\/produit\/bionike-defence-b-lucent-anti-taches-15-ml\/#breadcrumb\",\"itemListElement\":[{\"@type\":\"ListItem\",\"position\":1,\"name\":\"Accueil\",\"item\":\"https:\/\/paracherkaoui.ma\/\"},{\"@type\":\"ListItem\",\"position\":2,\"name\":\"Boutique\",\"item\":\"https:\/\/paracherkaoui.ma\/index.php\/boutique\/\"},{\"@type\":\"ListItem\",\"position\":3,\"name\":\"BIONIKE DEFENCE B-LUCENT ANTI TACHES 15 ML\"}]},{\"@type\":\"WebSite\",\"@id\":\"https:\/\/paracherkaoui.ma\/#website\",\"url\":\"https:\/\/paracherkaoui.ma\/\",\"name\":\"Paracherkaoui.ma\",\"description\":\"Achetez en ligne sur Paracherkaoui.ma\",\"potentialAction\":[{\"@type\":\"SearchAction\",\"target\":{\"@type\":\"EntryPoint\",\"urlTemplate\":\"https:\/\/paracherkaoui.ma\/?s={search_term_string}\"},\"query-input\":{\"@type\":\"PropertyValueSpecification\",\"valueRequired\":true,\"valueName\":\"search_term_string\"}}],\"inLanguage\":\"fr-FR\"}]}<\/script>\r\n<!-- \/ Yoast SEO plugin. -->","yoast_head_json":{"title":"BIONIKE DEFENCE B-LUCENT ANTI TACHES 15 ML - Paracherkaoui.ma","robots":{"index":"index","follow":"follow","max-snippet":"max-snippet:-1","max-image-preview":"max-image-preview:large","max-video-preview":"max-video-preview:-1"},"canonical":"https:\/\/paracherkaoui.ma\/index.php\/produit\/bionike-defence-b-lucent-anti-taches-15-ml\/","og_locale":"fr_FR","og_type":"article","og_title":"BIONIKE DEFENCE B-LUCENT ANTI TACHES 15 ML - Paracherkaoui.ma","og_description":"Sa texture gel l\u00e9g\u00e8re \u00e0 s\u00e9chage rapide facilite son usage au quotidien et garantit un confort imm\u00e9diat. L\u2019efficacit\u00e9 du produit","og_url":"https:\/\/paracherkaoui.ma\/index.php\/produit\/bionike-defence-b-lucent-anti-taches-15-ml\/","og_site_name":"Paracherkaoui.ma","article_modified_time":"2025-12-12T17:23:16+00:00","og_image":[{"width":700,"height":700,"url":"https:\/\/paracherkaoui.ma\/wp-content\/uploads\/2025\/12\/bionike-bionike-defence-b-lucent-anti-taches-15-ml-soins-eclat-et-anti-taches.jpg","type":"image\/jpeg"}],"twitter_card":"summary_large_image","twitter_misc":{"Dur\u00e9e de lecture estim\u00e9e":"1 minute"},"schema":{"@context":"https:\/\/schema.org","@graph":[{"@type":"WebPage","@id":"https:\/\/paracherkaoui.ma\/index.php\/produit\/bionike-defence-b-lucent-anti-taches-15-ml\/","url":"https:\/\/paracherkaoui.ma\/index.php\/produit\/bionike-defence-b-lucent-anti-taches-15-ml\/","name":"BIONIKE DEFENCE B-LUCENT ANTI TACHES 15 ML - Paracherkaoui.ma","isPartOf":{"@id":"https:\/\/paracherkaoui.ma\/#website"},"primaryImageOfPage":{"@id":"https:\/\/paracherkaoui.ma\/index.php\/produit\/bionike-defence-b-lucent-anti-taches-15-ml\/#primaryimage"},"image":{"@id":"https:\/\/paracherkaoui.ma\/index.php\/produit\/bionike-defence-b-lucent-anti-taches-15-ml\/#primaryimage"},"thumbnailUrl":"https:\/\/paracherkaoui.ma\/wp-content\/uploads\/2025\/12\/bionike-bionike-defence-b-lucent-anti-taches-15-ml-soins-eclat-et-anti-taches.jpg","datePublished":"2025-12-12T17:23:11+00:00","dateModified":"2025-12-12T17:23:16+00:00","breadcrumb":{"@id":"https:\/\/paracherkaoui.ma\/index.php\/produit\/bionike-defence-b-lucent-anti-taches-15-ml\/#breadcrumb"},"inLanguage":"fr-FR","potentialAction":[{"@type":"ReadAction","target":["https:\/\/paracherkaoui.ma\/index.php\/produit\/bionike-defence-b-lucent-anti-taches-15-ml\/"]}]},{"@type":"ImageObject","inLanguage":"fr-FR","@id":"https:\/\/paracherkaoui.ma\/index.php\/produit\/bionike-defence-b-lucent-anti-taches-15-ml\/#primaryimage","url":"https:\/\/paracherkaoui.ma\/wp-content\/uploads\/2025\/12\/bionike-bionike-defence-b-lucent-anti-taches-15-ml-soins-eclat-et-anti-taches.jpg","contentUrl":"https:\/\/paracherkaoui.ma\/wp-content\/uploads\/2025\/12\/bionike-bionike-defence-b-lucent-anti-taches-15-ml-soins-eclat-et-anti-taches.jpg","width":700,"height":700},{"@type":"BreadcrumbList","@id":"https:\/\/paracherkaoui.ma\/index.php\/produit\/bionike-defence-b-lucent-anti-taches-15-ml\/#breadcrumb","itemListElement":[{"@type":"ListItem","position":1,"name":"Accueil","item":"https:\/\/paracherkaoui.ma\/"},{"@type":"ListItem","position":2,"name":"Boutique","item":"https:\/\/paracherkaoui.ma\/index.php\/boutique\/"},{"@type":"ListItem","position":3,"name":"BIONIKE DEFENCE B-LUCENT ANTI TACHES 15 ML"}]},{"@type":"WebSite","@id":"https:\/\/paracherkaoui.ma\/#website","url":"https:\/\/paracherkaoui.ma\/","name":"Paracherkaoui.ma","description":"Achetez en ligne sur Paracherkaoui.ma","potentialAction":[{"@type":"SearchAction","target":{"@type":"EntryPoint","urlTemplate":"https:\/\/paracherkaoui.ma\/?s={search_term_string}"},"query-input":{"@type":"PropertyValueSpecification","valueRequired":true,"valueName":"search_term_string"}}],"inLanguage":"fr-FR"}]}},"_links":{"self":[{"href":"https:\/\/paracherkaoui.ma\/index.php\/wp-json\/wp\/v2\/product\/25702","targetHints":{"allow":["GET"]}}],"collection":[{"href":"https:\/\/paracherkaoui.ma\/index.php\/wp-json\/wp\/v2\/product"}],"about":[{"href":"https:\/\/paracherkaoui.ma\/index.php\/wp-json\/wp\/v2\/types\/product"}],"replies":[{"embeddable":true,"href":"https:\/\/paracherkaoui.ma\/index.php\/wp-json\/wp\/v2\/comments?post=25702"}],"version-history":[{"count":1,"href":"https:\/\/paracherkaoui.ma\/index.php\/wp-json\/wp\/v2\/product\/25702\/revisions"}],"predecessor-version":[{"id":25750,"href":"https:\/\/paracherkaoui.ma\/index.php\/wp-json\/wp\/v2\/product\/25702\/revisions\/25750"}],"wp:featuredmedia":[{"embeddable":true,"href":"https:\/\/paracherkaoui.ma\/index.php\/wp-json\/wp\/v2\/media\/25749"}],"wp:attachment":[{"href":"https:\/\/paracherkaoui.ma\/index.php\/wp-json\/wp\/v2\/media?parent=25702"}],"wp:term":[{"taxonomy":"product_brand","embeddable":true,"href":"https:\/\/paracherkaoui.ma\/index.php\/wp-json\/wp\/v2\/product_brand?post=25702"},{"taxonomy":"product_cat","embeddable":true,"href":"https:\/\/paracherkaoui.ma\/index.php\/wp-json\/wp\/v2\/product_cat?post=25702"},{"taxonomy":"product_tag","embeddable":true,"href":"https:\/\/paracherkaoui.ma\/index.php\/wp-json\/wp\/v2\/product_tag?post=25702"}],"curies":[{"name":"wp","href":"https:\/\/api.w.org\/{rel}","templated":true}]}}