{"id":25684,"date":"2025-12-12T18:23:10","date_gmt":"2025-12-12T17:23:10","guid":{"rendered":"https:\/\/test.ecbeaute.com\/?post_type=product&#038;p=25684"},"modified":"2025-12-12T18:23:13","modified_gmt":"2025-12-12T17:23:13","slug":"noreva-pack-zeniac-gel-nettoyant-purifiant-200ml-haute-tolerance-visage-et-corps-200ml-brosse-de-nettoyage-offerte-2","status":"publish","type":"product","link":"https:\/\/paracherkaoui.ma\/index.php\/produit\/noreva-pack-zeniac-gel-nettoyant-purifiant-200ml-haute-tolerance-visage-et-corps-200ml-brosse-de-nettoyage-offerte-2\/","title":{"rendered":"NOREVA PACK ZENIAC GEL NETTOYANT PURIFIANT 200ML HAUTE TOLERANCE VISAGE ET CORPS 200ML + BROSSE DE NETTOYAGE OFFERTE"},"content":{"rendered":"<p>Noreva Zeniac Gel Nettoyant Purifiant 200 ml est un gel haute tol\u00e9rance recommand\u00e9 pour nettoyer,\u00a0r\u00e9guler, apaiser les peaux grasses r\u00e9actives et fragilis\u00e9es par les traitements anti-acn\u00e9iques.Sans savon, sans paraben, sa formule nettoie en douceur, limite la s\u00e9cr\u00e9tion s\u00e9bac\u00e9e et r\u00e9gule la flore bact\u00e9rienne.<br \/>\nConseil d&rsquo;utilisation<br \/>\nFaire mousser et rincer abondamment apr\u00e8s utilisation.<br \/>\nComposition<br \/>\nAqua (Water), Glycerin, Peg-40 Glyceryl Cocoate, Cocamidopropyl Betaine, Ceteareth-60 Myrsityl Glycol, Decyl Glucoside, Peg-7 Glyceryl Cocoate, Sodium Coceth Sulfate, Parfum (Fragrance), Sodium Benzoate, Coconut Acid, Potassium Sorbate, Caprylyl Glycol, Tocopheryl Acetate,Disodium Edta, Propylene Glycol, Arctium Lappa Root Extract, Sodium Chloride, Sodium Methyl Cocoyl Taurate, Salvia Officinalis (Sage) Leaf Extract, Citric Acid, Nasturtium Officinale Leaf Extract, Linalool<\/p>\n","protected":false},"excerpt":{"rendered":"<p>Noreva Zeniac Gel Nettoyant Purifiant 200 ml est un gel haute tol\u00e9rance recommand\u00e9 pour nettoyer,\u00a0r\u00e9guler, apaiser les peaux grasses r\u00e9actives<\/p>\n","protected":false},"featured_media":21263,"comment_status":"open","ping_status":"closed","template":"","meta":[],"product_brand":[403],"product_cat":[502],"product_tag":[],"class_list":{"0":"post-25684","1":"product","2":"type-product","3":"status-publish","4":"has-post-thumbnail","6":"product_brand-noreva","7":"product_cat-soins-anti-imperfections","9":"first","10":"instock","11":"sale","12":"shipping-taxable","13":"purchasable","14":"product-type-simple"},"yoast_head":"<!-- This site is optimized with the Yoast SEO plugin v26.6 - https:\/\/yoast.com\/wordpress\/plugins\/seo\/ -->\r\n<title>NOREVA PACK ZENIAC GEL NETTOYANT PURIFIANT 200ML HAUTE TOLERANCE VISAGE ET CORPS 200ML + BROSSE DE NETTOYAGE OFFERTE - Paracherkaoui.ma<\/title>\r\n<meta name=\"robots\" content=\"index, follow, max-snippet:-1, max-image-preview:large, max-video-preview:-1\" \/>\r\n<link rel=\"canonical\" href=\"https:\/\/paracherkaoui.ma\/index.php\/produit\/noreva-pack-zeniac-gel-nettoyant-purifiant-200ml-haute-tolerance-visage-et-corps-200ml-brosse-de-nettoyage-offerte-2\/\" \/>\r\n<meta property=\"og:locale\" content=\"fr_FR\" \/>\r\n<meta property=\"og:type\" content=\"article\" \/>\r\n<meta property=\"og:title\" content=\"NOREVA PACK ZENIAC GEL NETTOYANT PURIFIANT 200ML HAUTE TOLERANCE VISAGE ET CORPS 200ML + BROSSE DE NETTOYAGE OFFERTE - Paracherkaoui.ma\" \/>\r\n<meta property=\"og:description\" content=\"Noreva Zeniac Gel Nettoyant Purifiant 200 ml est un gel haute tol\u00e9rance recommand\u00e9 pour nettoyer,\u00a0r\u00e9guler, apaiser les peaux grasses r\u00e9actives\" \/>\r\n<meta property=\"og:url\" content=\"https:\/\/paracherkaoui.ma\/index.php\/produit\/noreva-pack-zeniac-gel-nettoyant-purifiant-200ml-haute-tolerance-visage-et-corps-200ml-brosse-de-nettoyage-offerte-2\/\" \/>\r\n<meta property=\"og:site_name\" content=\"Paracherkaoui.ma\" \/>\r\n<meta property=\"article:modified_time\" content=\"2025-12-12T17:23:13+00:00\" \/>\r\n<meta property=\"og:image\" content=\"https:\/\/paracherkaoui.ma\/wp-content\/uploads\/2025\/12\/noreva-pack-zeniac-gel-nettoyant-purifiant-200ml-haute-tolerance-visage-et-corps-200ml-brosse-de-nettoyage-offerte.jpg\" \/>\r\n\t<meta property=\"og:image:width\" content=\"700\" \/>\r\n\t<meta property=\"og:image:height\" content=\"700\" \/>\r\n\t<meta property=\"og:image:type\" content=\"image\/jpeg\" \/>\r\n<meta name=\"twitter:card\" content=\"summary_large_image\" \/>\r\n<meta name=\"twitter:label1\" content=\"Dur\u00e9e de lecture estim\u00e9e\" \/>\n\t<meta name=\"twitter:data1\" content=\"1 minute\" \/>\r\n<script type=\"application\/ld+json\" class=\"yoast-schema-graph\">{\"@context\":\"https:\/\/schema.org\",\"@graph\":[{\"@type\":\"WebPage\",\"@id\":\"https:\/\/paracherkaoui.ma\/index.php\/produit\/noreva-pack-zeniac-gel-nettoyant-purifiant-200ml-haute-tolerance-visage-et-corps-200ml-brosse-de-nettoyage-offerte-2\/\",\"url\":\"https:\/\/paracherkaoui.ma\/index.php\/produit\/noreva-pack-zeniac-gel-nettoyant-purifiant-200ml-haute-tolerance-visage-et-corps-200ml-brosse-de-nettoyage-offerte-2\/\",\"name\":\"NOREVA PACK ZENIAC GEL NETTOYANT PURIFIANT 200ML HAUTE TOLERANCE VISAGE ET CORPS 200ML + BROSSE DE NETTOYAGE OFFERTE - Paracherkaoui.ma\",\"isPartOf\":{\"@id\":\"https:\/\/paracherkaoui.ma\/#website\"},\"primaryImageOfPage\":{\"@id\":\"https:\/\/paracherkaoui.ma\/index.php\/produit\/noreva-pack-zeniac-gel-nettoyant-purifiant-200ml-haute-tolerance-visage-et-corps-200ml-brosse-de-nettoyage-offerte-2\/#primaryimage\"},\"image\":{\"@id\":\"https:\/\/paracherkaoui.ma\/index.php\/produit\/noreva-pack-zeniac-gel-nettoyant-purifiant-200ml-haute-tolerance-visage-et-corps-200ml-brosse-de-nettoyage-offerte-2\/#primaryimage\"},\"thumbnailUrl\":\"https:\/\/paracherkaoui.ma\/wp-content\/uploads\/2025\/12\/noreva-pack-zeniac-gel-nettoyant-purifiant-200ml-haute-tolerance-visage-et-corps-200ml-brosse-de-nettoyage-offerte.jpg\",\"datePublished\":\"2025-12-12T17:23:10+00:00\",\"dateModified\":\"2025-12-12T17:23:13+00:00\",\"breadcrumb\":{\"@id\":\"https:\/\/paracherkaoui.ma\/index.php\/produit\/noreva-pack-zeniac-gel-nettoyant-purifiant-200ml-haute-tolerance-visage-et-corps-200ml-brosse-de-nettoyage-offerte-2\/#breadcrumb\"},\"inLanguage\":\"fr-FR\",\"potentialAction\":[{\"@type\":\"ReadAction\",\"target\":[\"https:\/\/paracherkaoui.ma\/index.php\/produit\/noreva-pack-zeniac-gel-nettoyant-purifiant-200ml-haute-tolerance-visage-et-corps-200ml-brosse-de-nettoyage-offerte-2\/\"]}]},{\"@type\":\"ImageObject\",\"inLanguage\":\"fr-FR\",\"@id\":\"https:\/\/paracherkaoui.ma\/index.php\/produit\/noreva-pack-zeniac-gel-nettoyant-purifiant-200ml-haute-tolerance-visage-et-corps-200ml-brosse-de-nettoyage-offerte-2\/#primaryimage\",\"url\":\"https:\/\/paracherkaoui.ma\/wp-content\/uploads\/2025\/12\/noreva-pack-zeniac-gel-nettoyant-purifiant-200ml-haute-tolerance-visage-et-corps-200ml-brosse-de-nettoyage-offerte.jpg\",\"contentUrl\":\"https:\/\/paracherkaoui.ma\/wp-content\/uploads\/2025\/12\/noreva-pack-zeniac-gel-nettoyant-purifiant-200ml-haute-tolerance-visage-et-corps-200ml-brosse-de-nettoyage-offerte.jpg\",\"width\":700,\"height\":700},{\"@type\":\"BreadcrumbList\",\"@id\":\"https:\/\/paracherkaoui.ma\/index.php\/produit\/noreva-pack-zeniac-gel-nettoyant-purifiant-200ml-haute-tolerance-visage-et-corps-200ml-brosse-de-nettoyage-offerte-2\/#breadcrumb\",\"itemListElement\":[{\"@type\":\"ListItem\",\"position\":1,\"name\":\"Accueil\",\"item\":\"https:\/\/paracherkaoui.ma\/\"},{\"@type\":\"ListItem\",\"position\":2,\"name\":\"Boutique\",\"item\":\"https:\/\/paracherkaoui.ma\/index.php\/boutique\/\"},{\"@type\":\"ListItem\",\"position\":3,\"name\":\"NOREVA PACK ZENIAC GEL NETTOYANT PURIFIANT 200ML HAUTE TOLERANCE VISAGE ET CORPS 200ML + BROSSE DE NETTOYAGE OFFERTE\"}]},{\"@type\":\"WebSite\",\"@id\":\"https:\/\/paracherkaoui.ma\/#website\",\"url\":\"https:\/\/paracherkaoui.ma\/\",\"name\":\"Paracherkaoui.ma\",\"description\":\"Achetez en ligne sur Paracherkaoui.ma\",\"potentialAction\":[{\"@type\":\"SearchAction\",\"target\":{\"@type\":\"EntryPoint\",\"urlTemplate\":\"https:\/\/paracherkaoui.ma\/?s={search_term_string}\"},\"query-input\":{\"@type\":\"PropertyValueSpecification\",\"valueRequired\":true,\"valueName\":\"search_term_string\"}}],\"inLanguage\":\"fr-FR\"}]}<\/script>\r\n<!-- \/ Yoast SEO plugin. -->","yoast_head_json":{"title":"NOREVA PACK ZENIAC GEL NETTOYANT PURIFIANT 200ML HAUTE TOLERANCE VISAGE ET CORPS 200ML + BROSSE DE NETTOYAGE OFFERTE - Paracherkaoui.ma","robots":{"index":"index","follow":"follow","max-snippet":"max-snippet:-1","max-image-preview":"max-image-preview:large","max-video-preview":"max-video-preview:-1"},"canonical":"https:\/\/paracherkaoui.ma\/index.php\/produit\/noreva-pack-zeniac-gel-nettoyant-purifiant-200ml-haute-tolerance-visage-et-corps-200ml-brosse-de-nettoyage-offerte-2\/","og_locale":"fr_FR","og_type":"article","og_title":"NOREVA PACK ZENIAC GEL NETTOYANT PURIFIANT 200ML HAUTE TOLERANCE VISAGE ET CORPS 200ML + BROSSE DE NETTOYAGE OFFERTE - Paracherkaoui.ma","og_description":"Noreva Zeniac Gel Nettoyant Purifiant 200 ml est un gel haute tol\u00e9rance recommand\u00e9 pour nettoyer,\u00a0r\u00e9guler, apaiser les peaux grasses r\u00e9actives","og_url":"https:\/\/paracherkaoui.ma\/index.php\/produit\/noreva-pack-zeniac-gel-nettoyant-purifiant-200ml-haute-tolerance-visage-et-corps-200ml-brosse-de-nettoyage-offerte-2\/","og_site_name":"Paracherkaoui.ma","article_modified_time":"2025-12-12T17:23:13+00:00","og_image":[{"width":700,"height":700,"url":"https:\/\/paracherkaoui.ma\/wp-content\/uploads\/2025\/12\/noreva-pack-zeniac-gel-nettoyant-purifiant-200ml-haute-tolerance-visage-et-corps-200ml-brosse-de-nettoyage-offerte.jpg","type":"image\/jpeg"}],"twitter_card":"summary_large_image","twitter_misc":{"Dur\u00e9e de lecture estim\u00e9e":"1 minute"},"schema":{"@context":"https:\/\/schema.org","@graph":[{"@type":"WebPage","@id":"https:\/\/paracherkaoui.ma\/index.php\/produit\/noreva-pack-zeniac-gel-nettoyant-purifiant-200ml-haute-tolerance-visage-et-corps-200ml-brosse-de-nettoyage-offerte-2\/","url":"https:\/\/paracherkaoui.ma\/index.php\/produit\/noreva-pack-zeniac-gel-nettoyant-purifiant-200ml-haute-tolerance-visage-et-corps-200ml-brosse-de-nettoyage-offerte-2\/","name":"NOREVA PACK ZENIAC GEL NETTOYANT PURIFIANT 200ML HAUTE TOLERANCE VISAGE ET CORPS 200ML + BROSSE DE NETTOYAGE OFFERTE - Paracherkaoui.ma","isPartOf":{"@id":"https:\/\/paracherkaoui.ma\/#website"},"primaryImageOfPage":{"@id":"https:\/\/paracherkaoui.ma\/index.php\/produit\/noreva-pack-zeniac-gel-nettoyant-purifiant-200ml-haute-tolerance-visage-et-corps-200ml-brosse-de-nettoyage-offerte-2\/#primaryimage"},"image":{"@id":"https:\/\/paracherkaoui.ma\/index.php\/produit\/noreva-pack-zeniac-gel-nettoyant-purifiant-200ml-haute-tolerance-visage-et-corps-200ml-brosse-de-nettoyage-offerte-2\/#primaryimage"},"thumbnailUrl":"https:\/\/paracherkaoui.ma\/wp-content\/uploads\/2025\/12\/noreva-pack-zeniac-gel-nettoyant-purifiant-200ml-haute-tolerance-visage-et-corps-200ml-brosse-de-nettoyage-offerte.jpg","datePublished":"2025-12-12T17:23:10+00:00","dateModified":"2025-12-12T17:23:13+00:00","breadcrumb":{"@id":"https:\/\/paracherkaoui.ma\/index.php\/produit\/noreva-pack-zeniac-gel-nettoyant-purifiant-200ml-haute-tolerance-visage-et-corps-200ml-brosse-de-nettoyage-offerte-2\/#breadcrumb"},"inLanguage":"fr-FR","potentialAction":[{"@type":"ReadAction","target":["https:\/\/paracherkaoui.ma\/index.php\/produit\/noreva-pack-zeniac-gel-nettoyant-purifiant-200ml-haute-tolerance-visage-et-corps-200ml-brosse-de-nettoyage-offerte-2\/"]}]},{"@type":"ImageObject","inLanguage":"fr-FR","@id":"https:\/\/paracherkaoui.ma\/index.php\/produit\/noreva-pack-zeniac-gel-nettoyant-purifiant-200ml-haute-tolerance-visage-et-corps-200ml-brosse-de-nettoyage-offerte-2\/#primaryimage","url":"https:\/\/paracherkaoui.ma\/wp-content\/uploads\/2025\/12\/noreva-pack-zeniac-gel-nettoyant-purifiant-200ml-haute-tolerance-visage-et-corps-200ml-brosse-de-nettoyage-offerte.jpg","contentUrl":"https:\/\/paracherkaoui.ma\/wp-content\/uploads\/2025\/12\/noreva-pack-zeniac-gel-nettoyant-purifiant-200ml-haute-tolerance-visage-et-corps-200ml-brosse-de-nettoyage-offerte.jpg","width":700,"height":700},{"@type":"BreadcrumbList","@id":"https:\/\/paracherkaoui.ma\/index.php\/produit\/noreva-pack-zeniac-gel-nettoyant-purifiant-200ml-haute-tolerance-visage-et-corps-200ml-brosse-de-nettoyage-offerte-2\/#breadcrumb","itemListElement":[{"@type":"ListItem","position":1,"name":"Accueil","item":"https:\/\/paracherkaoui.ma\/"},{"@type":"ListItem","position":2,"name":"Boutique","item":"https:\/\/paracherkaoui.ma\/index.php\/boutique\/"},{"@type":"ListItem","position":3,"name":"NOREVA PACK ZENIAC GEL NETTOYANT PURIFIANT 200ML HAUTE TOLERANCE VISAGE ET CORPS 200ML + BROSSE DE NETTOYAGE OFFERTE"}]},{"@type":"WebSite","@id":"https:\/\/paracherkaoui.ma\/#website","url":"https:\/\/paracherkaoui.ma\/","name":"Paracherkaoui.ma","description":"Achetez en ligne sur Paracherkaoui.ma","potentialAction":[{"@type":"SearchAction","target":{"@type":"EntryPoint","urlTemplate":"https:\/\/paracherkaoui.ma\/?s={search_term_string}"},"query-input":{"@type":"PropertyValueSpecification","valueRequired":true,"valueName":"search_term_string"}}],"inLanguage":"fr-FR"}]}},"_links":{"self":[{"href":"https:\/\/paracherkaoui.ma\/index.php\/wp-json\/wp\/v2\/product\/25684","targetHints":{"allow":["GET"]}}],"collection":[{"href":"https:\/\/paracherkaoui.ma\/index.php\/wp-json\/wp\/v2\/product"}],"about":[{"href":"https:\/\/paracherkaoui.ma\/index.php\/wp-json\/wp\/v2\/types\/product"}],"replies":[{"embeddable":true,"href":"https:\/\/paracherkaoui.ma\/index.php\/wp-json\/wp\/v2\/comments?post=25684"}],"version-history":[{"count":1,"href":"https:\/\/paracherkaoui.ma\/index.php\/wp-json\/wp\/v2\/product\/25684\/revisions"}],"predecessor-version":[{"id":25717,"href":"https:\/\/paracherkaoui.ma\/index.php\/wp-json\/wp\/v2\/product\/25684\/revisions\/25717"}],"wp:featuredmedia":[{"embeddable":true,"href":"https:\/\/paracherkaoui.ma\/index.php\/wp-json\/wp\/v2\/media\/21263"}],"wp:attachment":[{"href":"https:\/\/paracherkaoui.ma\/index.php\/wp-json\/wp\/v2\/media?parent=25684"}],"wp:term":[{"taxonomy":"product_brand","embeddable":true,"href":"https:\/\/paracherkaoui.ma\/index.php\/wp-json\/wp\/v2\/product_brand?post=25684"},{"taxonomy":"product_cat","embeddable":true,"href":"https:\/\/paracherkaoui.ma\/index.php\/wp-json\/wp\/v2\/product_cat?post=25684"},{"taxonomy":"product_tag","embeddable":true,"href":"https:\/\/paracherkaoui.ma\/index.php\/wp-json\/wp\/v2\/product_tag?post=25684"}],"curies":[{"name":"wp","href":"https:\/\/api.w.org\/{rel}","templated":true}]}}