{"id":25566,"date":"2025-12-12T18:22:46","date_gmt":"2025-12-12T17:22:46","guid":{"rendered":"https:\/\/test.ecbeaute.com\/?post_type=product&#038;p=25566"},"modified":"2025-12-12T18:22:51","modified_gmt":"2025-12-12T17:22:51","slug":"recuderm-creme-anti-rougeurs-40-ml","status":"publish","type":"product","link":"https:\/\/paracherkaoui.ma\/index.php\/produit\/recuderm-creme-anti-rougeurs-40-ml\/","title":{"rendered":"RECUDERM CREME ANTI ROUGEURS 40 ML"},"content":{"rendered":"<p>La cr\u00e8me recuderm anti rougeurs est un soin destin\u00e9 aux peaux sujettes aux rougeurs \u00e0 tendance couperosique.<br \/>\nLa cr\u00e8me recuderm anti rougeurs offre une haute protection contre les rougeurs qu\u2019elles soient de nature permanente ou passag\u00e8re gr\u00e2ce \u00e0 sa formule enrichie en actifs performants rigoureusement s\u00e9lectionn\u00e9s pour leur efficacit\u00e9 .<br \/>\nConseils d&rsquo;utilisation:<br \/>\nAppliquer une dose suffisante et homog\u00e8ne sur le visage<\/p>\n","protected":false},"excerpt":{"rendered":"<p>La cr\u00e8me recuderm anti rougeurs est un soin destin\u00e9 aux peaux sujettes aux rougeurs \u00e0 tendance couperosique. La cr\u00e8me recuderm<\/p>\n","protected":false},"featured_media":25612,"comment_status":"open","ping_status":"closed","template":"","meta":[],"product_brand":[512],"product_cat":[502],"product_tag":[],"class_list":{"0":"post-25566","1":"product","2":"type-product","3":"status-publish","4":"has-post-thumbnail","6":"product_brand-recuderm","7":"product_cat-soins-anti-imperfections","9":"first","10":"instock","11":"sale","12":"shipping-taxable","13":"purchasable","14":"product-type-simple"},"yoast_head":"<!-- This site is optimized with the Yoast SEO plugin v26.6 - https:\/\/yoast.com\/wordpress\/plugins\/seo\/ -->\r\n<title>RECUDERM CREME ANTI ROUGEURS 40 ML - Paracherkaoui.ma<\/title>\r\n<meta name=\"robots\" content=\"index, follow, max-snippet:-1, max-image-preview:large, max-video-preview:-1\" \/>\r\n<link rel=\"canonical\" href=\"https:\/\/paracherkaoui.ma\/index.php\/produit\/recuderm-creme-anti-rougeurs-40-ml\/\" \/>\r\n<meta property=\"og:locale\" content=\"fr_FR\" \/>\r\n<meta property=\"og:type\" content=\"article\" \/>\r\n<meta property=\"og:title\" content=\"RECUDERM CREME ANTI ROUGEURS 40 ML - Paracherkaoui.ma\" \/>\r\n<meta property=\"og:description\" content=\"La cr\u00e8me recuderm anti rougeurs est un soin destin\u00e9 aux peaux sujettes aux rougeurs \u00e0 tendance couperosique. La cr\u00e8me recuderm\" \/>\r\n<meta property=\"og:url\" content=\"https:\/\/paracherkaoui.ma\/index.php\/produit\/recuderm-creme-anti-rougeurs-40-ml\/\" \/>\r\n<meta property=\"og:site_name\" content=\"Paracherkaoui.ma\" \/>\r\n<meta property=\"article:modified_time\" content=\"2025-12-12T17:22:51+00:00\" \/>\r\n<meta property=\"og:image\" content=\"https:\/\/paracherkaoui.ma\/wp-content\/uploads\/2025\/12\/recuderm-recuderm-creme-anti-rougeurs-40-ml-soins-anti-rougeurs.jpg\" \/>\r\n\t<meta property=\"og:image:width\" content=\"700\" \/>\r\n\t<meta property=\"og:image:height\" content=\"700\" \/>\r\n\t<meta property=\"og:image:type\" content=\"image\/jpeg\" \/>\r\n<meta name=\"twitter:card\" content=\"summary_large_image\" \/>\r\n<script type=\"application\/ld+json\" class=\"yoast-schema-graph\">{\"@context\":\"https:\/\/schema.org\",\"@graph\":[{\"@type\":\"WebPage\",\"@id\":\"https:\/\/paracherkaoui.ma\/index.php\/produit\/recuderm-creme-anti-rougeurs-40-ml\/\",\"url\":\"https:\/\/paracherkaoui.ma\/index.php\/produit\/recuderm-creme-anti-rougeurs-40-ml\/\",\"name\":\"RECUDERM CREME ANTI ROUGEURS 40 ML - Paracherkaoui.ma\",\"isPartOf\":{\"@id\":\"https:\/\/paracherkaoui.ma\/#website\"},\"primaryImageOfPage\":{\"@id\":\"https:\/\/paracherkaoui.ma\/index.php\/produit\/recuderm-creme-anti-rougeurs-40-ml\/#primaryimage\"},\"image\":{\"@id\":\"https:\/\/paracherkaoui.ma\/index.php\/produit\/recuderm-creme-anti-rougeurs-40-ml\/#primaryimage\"},\"thumbnailUrl\":\"https:\/\/paracherkaoui.ma\/wp-content\/uploads\/2025\/12\/recuderm-recuderm-creme-anti-rougeurs-40-ml-soins-anti-rougeurs.jpg\",\"datePublished\":\"2025-12-12T17:22:46+00:00\",\"dateModified\":\"2025-12-12T17:22:51+00:00\",\"breadcrumb\":{\"@id\":\"https:\/\/paracherkaoui.ma\/index.php\/produit\/recuderm-creme-anti-rougeurs-40-ml\/#breadcrumb\"},\"inLanguage\":\"fr-FR\",\"potentialAction\":[{\"@type\":\"ReadAction\",\"target\":[\"https:\/\/paracherkaoui.ma\/index.php\/produit\/recuderm-creme-anti-rougeurs-40-ml\/\"]}]},{\"@type\":\"ImageObject\",\"inLanguage\":\"fr-FR\",\"@id\":\"https:\/\/paracherkaoui.ma\/index.php\/produit\/recuderm-creme-anti-rougeurs-40-ml\/#primaryimage\",\"url\":\"https:\/\/paracherkaoui.ma\/wp-content\/uploads\/2025\/12\/recuderm-recuderm-creme-anti-rougeurs-40-ml-soins-anti-rougeurs.jpg\",\"contentUrl\":\"https:\/\/paracherkaoui.ma\/wp-content\/uploads\/2025\/12\/recuderm-recuderm-creme-anti-rougeurs-40-ml-soins-anti-rougeurs.jpg\",\"width\":700,\"height\":700},{\"@type\":\"BreadcrumbList\",\"@id\":\"https:\/\/paracherkaoui.ma\/index.php\/produit\/recuderm-creme-anti-rougeurs-40-ml\/#breadcrumb\",\"itemListElement\":[{\"@type\":\"ListItem\",\"position\":1,\"name\":\"Accueil\",\"item\":\"https:\/\/paracherkaoui.ma\/\"},{\"@type\":\"ListItem\",\"position\":2,\"name\":\"Boutique\",\"item\":\"https:\/\/paracherkaoui.ma\/index.php\/boutique\/\"},{\"@type\":\"ListItem\",\"position\":3,\"name\":\"RECUDERM CREME ANTI ROUGEURS 40 ML\"}]},{\"@type\":\"WebSite\",\"@id\":\"https:\/\/paracherkaoui.ma\/#website\",\"url\":\"https:\/\/paracherkaoui.ma\/\",\"name\":\"Paracherkaoui.ma\",\"description\":\"Achetez en ligne sur Paracherkaoui.ma\",\"potentialAction\":[{\"@type\":\"SearchAction\",\"target\":{\"@type\":\"EntryPoint\",\"urlTemplate\":\"https:\/\/paracherkaoui.ma\/?s={search_term_string}\"},\"query-input\":{\"@type\":\"PropertyValueSpecification\",\"valueRequired\":true,\"valueName\":\"search_term_string\"}}],\"inLanguage\":\"fr-FR\"}]}<\/script>\r\n<!-- \/ Yoast SEO plugin. -->","yoast_head_json":{"title":"RECUDERM CREME ANTI ROUGEURS 40 ML - Paracherkaoui.ma","robots":{"index":"index","follow":"follow","max-snippet":"max-snippet:-1","max-image-preview":"max-image-preview:large","max-video-preview":"max-video-preview:-1"},"canonical":"https:\/\/paracherkaoui.ma\/index.php\/produit\/recuderm-creme-anti-rougeurs-40-ml\/","og_locale":"fr_FR","og_type":"article","og_title":"RECUDERM CREME ANTI ROUGEURS 40 ML - Paracherkaoui.ma","og_description":"La cr\u00e8me recuderm anti rougeurs est un soin destin\u00e9 aux peaux sujettes aux rougeurs \u00e0 tendance couperosique. La cr\u00e8me recuderm","og_url":"https:\/\/paracherkaoui.ma\/index.php\/produit\/recuderm-creme-anti-rougeurs-40-ml\/","og_site_name":"Paracherkaoui.ma","article_modified_time":"2025-12-12T17:22:51+00:00","og_image":[{"width":700,"height":700,"url":"https:\/\/paracherkaoui.ma\/wp-content\/uploads\/2025\/12\/recuderm-recuderm-creme-anti-rougeurs-40-ml-soins-anti-rougeurs.jpg","type":"image\/jpeg"}],"twitter_card":"summary_large_image","schema":{"@context":"https:\/\/schema.org","@graph":[{"@type":"WebPage","@id":"https:\/\/paracherkaoui.ma\/index.php\/produit\/recuderm-creme-anti-rougeurs-40-ml\/","url":"https:\/\/paracherkaoui.ma\/index.php\/produit\/recuderm-creme-anti-rougeurs-40-ml\/","name":"RECUDERM CREME ANTI ROUGEURS 40 ML - Paracherkaoui.ma","isPartOf":{"@id":"https:\/\/paracherkaoui.ma\/#website"},"primaryImageOfPage":{"@id":"https:\/\/paracherkaoui.ma\/index.php\/produit\/recuderm-creme-anti-rougeurs-40-ml\/#primaryimage"},"image":{"@id":"https:\/\/paracherkaoui.ma\/index.php\/produit\/recuderm-creme-anti-rougeurs-40-ml\/#primaryimage"},"thumbnailUrl":"https:\/\/paracherkaoui.ma\/wp-content\/uploads\/2025\/12\/recuderm-recuderm-creme-anti-rougeurs-40-ml-soins-anti-rougeurs.jpg","datePublished":"2025-12-12T17:22:46+00:00","dateModified":"2025-12-12T17:22:51+00:00","breadcrumb":{"@id":"https:\/\/paracherkaoui.ma\/index.php\/produit\/recuderm-creme-anti-rougeurs-40-ml\/#breadcrumb"},"inLanguage":"fr-FR","potentialAction":[{"@type":"ReadAction","target":["https:\/\/paracherkaoui.ma\/index.php\/produit\/recuderm-creme-anti-rougeurs-40-ml\/"]}]},{"@type":"ImageObject","inLanguage":"fr-FR","@id":"https:\/\/paracherkaoui.ma\/index.php\/produit\/recuderm-creme-anti-rougeurs-40-ml\/#primaryimage","url":"https:\/\/paracherkaoui.ma\/wp-content\/uploads\/2025\/12\/recuderm-recuderm-creme-anti-rougeurs-40-ml-soins-anti-rougeurs.jpg","contentUrl":"https:\/\/paracherkaoui.ma\/wp-content\/uploads\/2025\/12\/recuderm-recuderm-creme-anti-rougeurs-40-ml-soins-anti-rougeurs.jpg","width":700,"height":700},{"@type":"BreadcrumbList","@id":"https:\/\/paracherkaoui.ma\/index.php\/produit\/recuderm-creme-anti-rougeurs-40-ml\/#breadcrumb","itemListElement":[{"@type":"ListItem","position":1,"name":"Accueil","item":"https:\/\/paracherkaoui.ma\/"},{"@type":"ListItem","position":2,"name":"Boutique","item":"https:\/\/paracherkaoui.ma\/index.php\/boutique\/"},{"@type":"ListItem","position":3,"name":"RECUDERM CREME ANTI ROUGEURS 40 ML"}]},{"@type":"WebSite","@id":"https:\/\/paracherkaoui.ma\/#website","url":"https:\/\/paracherkaoui.ma\/","name":"Paracherkaoui.ma","description":"Achetez en ligne sur Paracherkaoui.ma","potentialAction":[{"@type":"SearchAction","target":{"@type":"EntryPoint","urlTemplate":"https:\/\/paracherkaoui.ma\/?s={search_term_string}"},"query-input":{"@type":"PropertyValueSpecification","valueRequired":true,"valueName":"search_term_string"}}],"inLanguage":"fr-FR"}]}},"_links":{"self":[{"href":"https:\/\/paracherkaoui.ma\/index.php\/wp-json\/wp\/v2\/product\/25566","targetHints":{"allow":["GET"]}}],"collection":[{"href":"https:\/\/paracherkaoui.ma\/index.php\/wp-json\/wp\/v2\/product"}],"about":[{"href":"https:\/\/paracherkaoui.ma\/index.php\/wp-json\/wp\/v2\/types\/product"}],"replies":[{"embeddable":true,"href":"https:\/\/paracherkaoui.ma\/index.php\/wp-json\/wp\/v2\/comments?post=25566"}],"version-history":[{"count":1,"href":"https:\/\/paracherkaoui.ma\/index.php\/wp-json\/wp\/v2\/product\/25566\/revisions"}],"predecessor-version":[{"id":25613,"href":"https:\/\/paracherkaoui.ma\/index.php\/wp-json\/wp\/v2\/product\/25566\/revisions\/25613"}],"wp:featuredmedia":[{"embeddable":true,"href":"https:\/\/paracherkaoui.ma\/index.php\/wp-json\/wp\/v2\/media\/25612"}],"wp:attachment":[{"href":"https:\/\/paracherkaoui.ma\/index.php\/wp-json\/wp\/v2\/media?parent=25566"}],"wp:term":[{"taxonomy":"product_brand","embeddable":true,"href":"https:\/\/paracherkaoui.ma\/index.php\/wp-json\/wp\/v2\/product_brand?post=25566"},{"taxonomy":"product_cat","embeddable":true,"href":"https:\/\/paracherkaoui.ma\/index.php\/wp-json\/wp\/v2\/product_cat?post=25566"},{"taxonomy":"product_tag","embeddable":true,"href":"https:\/\/paracherkaoui.ma\/index.php\/wp-json\/wp\/v2\/product_tag?post=25566"}],"curies":[{"name":"wp","href":"https:\/\/api.w.org\/{rel}","templated":true}]}}