{"id":25555,"date":"2025-12-12T18:22:46","date_gmt":"2025-12-12T17:22:46","guid":{"rendered":"https:\/\/test.ecbeaute.com\/?post_type=product&#038;p=25555"},"modified":"2025-12-12T18:22:49","modified_gmt":"2025-12-12T17:22:49","slug":"placentor-serum-correcteur-anti-imperfections-30-ml","status":"publish","type":"product","link":"https:\/\/paracherkaoui.ma\/index.php\/produit\/placentor-serum-correcteur-anti-imperfections-30-ml\/","title":{"rendered":"PLACENTOR SERUM CORRECTEUR ANTI IMPERFECTIONS 30 ML"},"content":{"rendered":"<p>Associant un effet peeling et une action apaisante, le s\u00e9rum anti-imperfections Placentor vous aide \u00e0 faire peau neuve.<br \/>\nIl att\u00e9nue visiblement toutes les imperfections : pores apparents, boutons, points noirs, marques, brillances et rougeurs.<br \/>\nDe plus, il affine le grain de peau, uniformise le teint et lui redonne de l&rsquo;\u00e9clat.<br \/>\nLa formule ce s\u00e9rum Placentor s&rsquo;appuie sur des AHA \u00e0 lib\u00e9ration progressive (acides glycolique, lactique et citrique) et de l&rsquo;acide glycolique pur. Ensemble, ces ingr\u00e9dients vont am\u00e9liorer la texture de la peau, att\u00e9nuer l&rsquo;apparence des marques d&rsquo;acn\u00e9 et booster l&rsquo;\u00e9clat.<br \/>\nOn retrouve ensuite du niacinamide d&rsquo;origine naturelle qui apporte ses vertus anti-inflammatoires, apaisantes et r\u00e9g\u00e9n\u00e9rantes.<br \/>\nL&rsquo;allanto\u00efne vient renforcer l&rsquo;effet apaisant tandis que les poudres matifiantes contribuent \u00e0 \u00e9viter les brillances induites par l&rsquo;exc\u00e8s de s\u00e9bum. Finalement, le s\u00e9rum correcteur anti-imperfections Placentor renferme des pr\u00e9biotiques issus de l&rsquo;\u00e9pilobe et un complexe d&rsquo;acides amin\u00e9s.<br \/>\nConseils d&rsquo;utilisation:<br \/>\nAppliquer matin et\/ou soir sur le visage.<\/p>\n","protected":false},"excerpt":{"rendered":"<p>Associant un effet peeling et une action apaisante, le s\u00e9rum anti-imperfections Placentor vous aide \u00e0 faire peau neuve. Il att\u00e9nue<\/p>\n","protected":false},"featured_media":25592,"comment_status":"open","ping_status":"closed","template":"","meta":[],"product_brand":[244],"product_cat":[502],"product_tag":[],"class_list":{"0":"post-25555","1":"product","2":"type-product","3":"status-publish","4":"has-post-thumbnail","6":"product_brand-placentor","7":"product_cat-soins-anti-imperfections","9":"first","10":"instock","11":"sale","12":"shipping-taxable","13":"purchasable","14":"product-type-simple"},"yoast_head":"<!-- This site is optimized with the Yoast SEO plugin v26.6 - https:\/\/yoast.com\/wordpress\/plugins\/seo\/ -->\r\n<title>PLACENTOR SERUM CORRECTEUR ANTI IMPERFECTIONS 30 ML - Paracherkaoui.ma<\/title>\r\n<meta name=\"robots\" content=\"index, follow, max-snippet:-1, max-image-preview:large, max-video-preview:-1\" \/>\r\n<link rel=\"canonical\" href=\"https:\/\/paracherkaoui.ma\/index.php\/produit\/placentor-serum-correcteur-anti-imperfections-30-ml\/\" \/>\r\n<meta property=\"og:locale\" content=\"fr_FR\" \/>\r\n<meta property=\"og:type\" content=\"article\" \/>\r\n<meta property=\"og:title\" content=\"PLACENTOR SERUM CORRECTEUR ANTI IMPERFECTIONS 30 ML - Paracherkaoui.ma\" \/>\r\n<meta property=\"og:description\" content=\"Associant un effet peeling et une action apaisante, le s\u00e9rum anti-imperfections Placentor vous aide \u00e0 faire peau neuve. Il att\u00e9nue\" \/>\r\n<meta property=\"og:url\" content=\"https:\/\/paracherkaoui.ma\/index.php\/produit\/placentor-serum-correcteur-anti-imperfections-30-ml\/\" \/>\r\n<meta property=\"og:site_name\" content=\"Paracherkaoui.ma\" \/>\r\n<meta property=\"article:modified_time\" content=\"2025-12-12T17:22:49+00:00\" \/>\r\n<meta property=\"og:image\" content=\"https:\/\/paracherkaoui.ma\/wp-content\/uploads\/2025\/12\/placentor-placentor-serum-correcteur-anti-imperfections-30-ml-soins-anti-imperfections.jpg\" \/>\r\n\t<meta property=\"og:image:width\" content=\"700\" \/>\r\n\t<meta property=\"og:image:height\" content=\"700\" \/>\r\n\t<meta property=\"og:image:type\" content=\"image\/jpeg\" \/>\r\n<meta name=\"twitter:card\" content=\"summary_large_image\" \/>\r\n<meta name=\"twitter:label1\" content=\"Dur\u00e9e de lecture estim\u00e9e\" \/>\n\t<meta name=\"twitter:data1\" content=\"1 minute\" \/>\r\n<script type=\"application\/ld+json\" class=\"yoast-schema-graph\">{\"@context\":\"https:\/\/schema.org\",\"@graph\":[{\"@type\":\"WebPage\",\"@id\":\"https:\/\/paracherkaoui.ma\/index.php\/produit\/placentor-serum-correcteur-anti-imperfections-30-ml\/\",\"url\":\"https:\/\/paracherkaoui.ma\/index.php\/produit\/placentor-serum-correcteur-anti-imperfections-30-ml\/\",\"name\":\"PLACENTOR SERUM CORRECTEUR ANTI IMPERFECTIONS 30 ML - Paracherkaoui.ma\",\"isPartOf\":{\"@id\":\"https:\/\/paracherkaoui.ma\/#website\"},\"primaryImageOfPage\":{\"@id\":\"https:\/\/paracherkaoui.ma\/index.php\/produit\/placentor-serum-correcteur-anti-imperfections-30-ml\/#primaryimage\"},\"image\":{\"@id\":\"https:\/\/paracherkaoui.ma\/index.php\/produit\/placentor-serum-correcteur-anti-imperfections-30-ml\/#primaryimage\"},\"thumbnailUrl\":\"https:\/\/paracherkaoui.ma\/wp-content\/uploads\/2025\/12\/placentor-placentor-serum-correcteur-anti-imperfections-30-ml-soins-anti-imperfections.jpg\",\"datePublished\":\"2025-12-12T17:22:46+00:00\",\"dateModified\":\"2025-12-12T17:22:49+00:00\",\"breadcrumb\":{\"@id\":\"https:\/\/paracherkaoui.ma\/index.php\/produit\/placentor-serum-correcteur-anti-imperfections-30-ml\/#breadcrumb\"},\"inLanguage\":\"fr-FR\",\"potentialAction\":[{\"@type\":\"ReadAction\",\"target\":[\"https:\/\/paracherkaoui.ma\/index.php\/produit\/placentor-serum-correcteur-anti-imperfections-30-ml\/\"]}]},{\"@type\":\"ImageObject\",\"inLanguage\":\"fr-FR\",\"@id\":\"https:\/\/paracherkaoui.ma\/index.php\/produit\/placentor-serum-correcteur-anti-imperfections-30-ml\/#primaryimage\",\"url\":\"https:\/\/paracherkaoui.ma\/wp-content\/uploads\/2025\/12\/placentor-placentor-serum-correcteur-anti-imperfections-30-ml-soins-anti-imperfections.jpg\",\"contentUrl\":\"https:\/\/paracherkaoui.ma\/wp-content\/uploads\/2025\/12\/placentor-placentor-serum-correcteur-anti-imperfections-30-ml-soins-anti-imperfections.jpg\",\"width\":700,\"height\":700},{\"@type\":\"BreadcrumbList\",\"@id\":\"https:\/\/paracherkaoui.ma\/index.php\/produit\/placentor-serum-correcteur-anti-imperfections-30-ml\/#breadcrumb\",\"itemListElement\":[{\"@type\":\"ListItem\",\"position\":1,\"name\":\"Accueil\",\"item\":\"https:\/\/paracherkaoui.ma\/\"},{\"@type\":\"ListItem\",\"position\":2,\"name\":\"Boutique\",\"item\":\"https:\/\/paracherkaoui.ma\/index.php\/boutique\/\"},{\"@type\":\"ListItem\",\"position\":3,\"name\":\"PLACENTOR SERUM CORRECTEUR ANTI IMPERFECTIONS 30 ML\"}]},{\"@type\":\"WebSite\",\"@id\":\"https:\/\/paracherkaoui.ma\/#website\",\"url\":\"https:\/\/paracherkaoui.ma\/\",\"name\":\"Paracherkaoui.ma\",\"description\":\"Achetez en ligne sur Paracherkaoui.ma\",\"potentialAction\":[{\"@type\":\"SearchAction\",\"target\":{\"@type\":\"EntryPoint\",\"urlTemplate\":\"https:\/\/paracherkaoui.ma\/?s={search_term_string}\"},\"query-input\":{\"@type\":\"PropertyValueSpecification\",\"valueRequired\":true,\"valueName\":\"search_term_string\"}}],\"inLanguage\":\"fr-FR\"}]}<\/script>\r\n<!-- \/ Yoast SEO plugin. -->","yoast_head_json":{"title":"PLACENTOR SERUM CORRECTEUR ANTI IMPERFECTIONS 30 ML - Paracherkaoui.ma","robots":{"index":"index","follow":"follow","max-snippet":"max-snippet:-1","max-image-preview":"max-image-preview:large","max-video-preview":"max-video-preview:-1"},"canonical":"https:\/\/paracherkaoui.ma\/index.php\/produit\/placentor-serum-correcteur-anti-imperfections-30-ml\/","og_locale":"fr_FR","og_type":"article","og_title":"PLACENTOR SERUM CORRECTEUR ANTI IMPERFECTIONS 30 ML - Paracherkaoui.ma","og_description":"Associant un effet peeling et une action apaisante, le s\u00e9rum anti-imperfections Placentor vous aide \u00e0 faire peau neuve. Il att\u00e9nue","og_url":"https:\/\/paracherkaoui.ma\/index.php\/produit\/placentor-serum-correcteur-anti-imperfections-30-ml\/","og_site_name":"Paracherkaoui.ma","article_modified_time":"2025-12-12T17:22:49+00:00","og_image":[{"width":700,"height":700,"url":"https:\/\/paracherkaoui.ma\/wp-content\/uploads\/2025\/12\/placentor-placentor-serum-correcteur-anti-imperfections-30-ml-soins-anti-imperfections.jpg","type":"image\/jpeg"}],"twitter_card":"summary_large_image","twitter_misc":{"Dur\u00e9e de lecture estim\u00e9e":"1 minute"},"schema":{"@context":"https:\/\/schema.org","@graph":[{"@type":"WebPage","@id":"https:\/\/paracherkaoui.ma\/index.php\/produit\/placentor-serum-correcteur-anti-imperfections-30-ml\/","url":"https:\/\/paracherkaoui.ma\/index.php\/produit\/placentor-serum-correcteur-anti-imperfections-30-ml\/","name":"PLACENTOR SERUM CORRECTEUR ANTI IMPERFECTIONS 30 ML - Paracherkaoui.ma","isPartOf":{"@id":"https:\/\/paracherkaoui.ma\/#website"},"primaryImageOfPage":{"@id":"https:\/\/paracherkaoui.ma\/index.php\/produit\/placentor-serum-correcteur-anti-imperfections-30-ml\/#primaryimage"},"image":{"@id":"https:\/\/paracherkaoui.ma\/index.php\/produit\/placentor-serum-correcteur-anti-imperfections-30-ml\/#primaryimage"},"thumbnailUrl":"https:\/\/paracherkaoui.ma\/wp-content\/uploads\/2025\/12\/placentor-placentor-serum-correcteur-anti-imperfections-30-ml-soins-anti-imperfections.jpg","datePublished":"2025-12-12T17:22:46+00:00","dateModified":"2025-12-12T17:22:49+00:00","breadcrumb":{"@id":"https:\/\/paracherkaoui.ma\/index.php\/produit\/placentor-serum-correcteur-anti-imperfections-30-ml\/#breadcrumb"},"inLanguage":"fr-FR","potentialAction":[{"@type":"ReadAction","target":["https:\/\/paracherkaoui.ma\/index.php\/produit\/placentor-serum-correcteur-anti-imperfections-30-ml\/"]}]},{"@type":"ImageObject","inLanguage":"fr-FR","@id":"https:\/\/paracherkaoui.ma\/index.php\/produit\/placentor-serum-correcteur-anti-imperfections-30-ml\/#primaryimage","url":"https:\/\/paracherkaoui.ma\/wp-content\/uploads\/2025\/12\/placentor-placentor-serum-correcteur-anti-imperfections-30-ml-soins-anti-imperfections.jpg","contentUrl":"https:\/\/paracherkaoui.ma\/wp-content\/uploads\/2025\/12\/placentor-placentor-serum-correcteur-anti-imperfections-30-ml-soins-anti-imperfections.jpg","width":700,"height":700},{"@type":"BreadcrumbList","@id":"https:\/\/paracherkaoui.ma\/index.php\/produit\/placentor-serum-correcteur-anti-imperfections-30-ml\/#breadcrumb","itemListElement":[{"@type":"ListItem","position":1,"name":"Accueil","item":"https:\/\/paracherkaoui.ma\/"},{"@type":"ListItem","position":2,"name":"Boutique","item":"https:\/\/paracherkaoui.ma\/index.php\/boutique\/"},{"@type":"ListItem","position":3,"name":"PLACENTOR SERUM CORRECTEUR ANTI IMPERFECTIONS 30 ML"}]},{"@type":"WebSite","@id":"https:\/\/paracherkaoui.ma\/#website","url":"https:\/\/paracherkaoui.ma\/","name":"Paracherkaoui.ma","description":"Achetez en ligne sur Paracherkaoui.ma","potentialAction":[{"@type":"SearchAction","target":{"@type":"EntryPoint","urlTemplate":"https:\/\/paracherkaoui.ma\/?s={search_term_string}"},"query-input":{"@type":"PropertyValueSpecification","valueRequired":true,"valueName":"search_term_string"}}],"inLanguage":"fr-FR"}]}},"_links":{"self":[{"href":"https:\/\/paracherkaoui.ma\/index.php\/wp-json\/wp\/v2\/product\/25555","targetHints":{"allow":["GET"]}}],"collection":[{"href":"https:\/\/paracherkaoui.ma\/index.php\/wp-json\/wp\/v2\/product"}],"about":[{"href":"https:\/\/paracherkaoui.ma\/index.php\/wp-json\/wp\/v2\/types\/product"}],"replies":[{"embeddable":true,"href":"https:\/\/paracherkaoui.ma\/index.php\/wp-json\/wp\/v2\/comments?post=25555"}],"version-history":[{"count":1,"href":"https:\/\/paracherkaoui.ma\/index.php\/wp-json\/wp\/v2\/product\/25555\/revisions"}],"predecessor-version":[{"id":25593,"href":"https:\/\/paracherkaoui.ma\/index.php\/wp-json\/wp\/v2\/product\/25555\/revisions\/25593"}],"wp:featuredmedia":[{"embeddable":true,"href":"https:\/\/paracherkaoui.ma\/index.php\/wp-json\/wp\/v2\/media\/25592"}],"wp:attachment":[{"href":"https:\/\/paracherkaoui.ma\/index.php\/wp-json\/wp\/v2\/media?parent=25555"}],"wp:term":[{"taxonomy":"product_brand","embeddable":true,"href":"https:\/\/paracherkaoui.ma\/index.php\/wp-json\/wp\/v2\/product_brand?post=25555"},{"taxonomy":"product_cat","embeddable":true,"href":"https:\/\/paracherkaoui.ma\/index.php\/wp-json\/wp\/v2\/product_cat?post=25555"},{"taxonomy":"product_tag","embeddable":true,"href":"https:\/\/paracherkaoui.ma\/index.php\/wp-json\/wp\/v2\/product_tag?post=25555"}],"curies":[{"name":"wp","href":"https:\/\/api.w.org\/{rel}","templated":true}]}}