{"id":25549,"date":"2025-12-12T18:22:45","date_gmt":"2025-12-12T17:22:45","guid":{"rendered":"https:\/\/test.ecbeaute.com\/?post_type=product&#038;p=25549"},"modified":"2025-12-12T18:22:48","modified_gmt":"2025-12-12T17:22:48","slug":"eneomey-purify-gel-sebo-regulateur-30ml","status":"publish","type":"product","link":"https:\/\/paracherkaoui.ma\/index.php\/produit\/eneomey-purify-gel-sebo-regulateur-30ml\/","title":{"rendered":"ENEOMEY PURIFY GEL SEBO REGULATEUR 30ML"},"content":{"rendered":"<p>Purify Gel S\u00e9bo-r\u00e9gulateur est un soin concentr\u00e9 en acide glycolique sp\u00e9cialement formul\u00e9 pour d\u00e9sincruster, \u00e9liminer les cellules mortes et l\u2019exc\u00e8s de s\u00e9bum, et r\u00e9guler la s\u00e9borrh\u00e9e des peaux grasses et mixtes. La peau d\u00e9barrass\u00e9e du s\u00e9bum en trop grande quantit\u00e9, retrouve un grain uniforme. Elle est nette et le teint unifi\u00e9 devient \u00e9clatant.<br \/>\nS\u2019utilise matin et soir sur une peau propre et s\u00e8che. Masser d\u00e9licatement jusqu\u2019\u00e0 p\u00e9n\u00e9tration totale sur l\u2019ensemble du visage.<\/p>\n","protected":false},"excerpt":{"rendered":"<p>Purify Gel S\u00e9bo-r\u00e9gulateur est un soin concentr\u00e9 en acide glycolique sp\u00e9cialement formul\u00e9 pour d\u00e9sincruster, \u00e9liminer les cellules mortes et l\u2019exc\u00e8s<\/p>\n","protected":false},"featured_media":25581,"comment_status":"open","ping_status":"closed","template":"","meta":[],"product_brand":[412],"product_cat":[502],"product_tag":[],"class_list":{"0":"post-25549","1":"product","2":"type-product","3":"status-publish","4":"has-post-thumbnail","6":"product_brand-eneomey","7":"product_cat-soins-anti-imperfections","9":"first","10":"instock","11":"sale","12":"shipping-taxable","13":"purchasable","14":"product-type-simple"},"yoast_head":"<!-- This site is optimized with the Yoast SEO plugin v26.6 - https:\/\/yoast.com\/wordpress\/plugins\/seo\/ -->\r\n<title>ENEOMEY PURIFY GEL SEBO REGULATEUR 30ML - Paracherkaoui.ma<\/title>\r\n<meta name=\"robots\" content=\"index, follow, max-snippet:-1, max-image-preview:large, max-video-preview:-1\" \/>\r\n<link rel=\"canonical\" href=\"https:\/\/paracherkaoui.ma\/index.php\/produit\/eneomey-purify-gel-sebo-regulateur-30ml\/\" \/>\r\n<meta property=\"og:locale\" content=\"fr_FR\" \/>\r\n<meta property=\"og:type\" content=\"article\" \/>\r\n<meta property=\"og:title\" content=\"ENEOMEY PURIFY GEL SEBO REGULATEUR 30ML - Paracherkaoui.ma\" \/>\r\n<meta property=\"og:description\" content=\"Purify Gel S\u00e9bo-r\u00e9gulateur est un soin concentr\u00e9 en acide glycolique sp\u00e9cialement formul\u00e9 pour d\u00e9sincruster, \u00e9liminer les cellules mortes et l\u2019exc\u00e8s\" \/>\r\n<meta property=\"og:url\" content=\"https:\/\/paracherkaoui.ma\/index.php\/produit\/eneomey-purify-gel-sebo-regulateur-30ml\/\" \/>\r\n<meta property=\"og:site_name\" content=\"Paracherkaoui.ma\" \/>\r\n<meta property=\"article:modified_time\" content=\"2025-12-12T17:22:48+00:00\" \/>\r\n<meta property=\"og:image\" content=\"https:\/\/paracherkaoui.ma\/wp-content\/uploads\/2025\/12\/eneomey-eneomey-purify-gel-sebo-regulateur-30ml-soins-anti-imperfections.jpg\" \/>\r\n\t<meta property=\"og:image:width\" content=\"700\" \/>\r\n\t<meta property=\"og:image:height\" content=\"700\" \/>\r\n\t<meta property=\"og:image:type\" content=\"image\/jpeg\" \/>\r\n<meta name=\"twitter:card\" content=\"summary_large_image\" \/>\r\n<script type=\"application\/ld+json\" class=\"yoast-schema-graph\">{\"@context\":\"https:\/\/schema.org\",\"@graph\":[{\"@type\":\"WebPage\",\"@id\":\"https:\/\/paracherkaoui.ma\/index.php\/produit\/eneomey-purify-gel-sebo-regulateur-30ml\/\",\"url\":\"https:\/\/paracherkaoui.ma\/index.php\/produit\/eneomey-purify-gel-sebo-regulateur-30ml\/\",\"name\":\"ENEOMEY PURIFY GEL SEBO REGULATEUR 30ML - Paracherkaoui.ma\",\"isPartOf\":{\"@id\":\"https:\/\/paracherkaoui.ma\/#website\"},\"primaryImageOfPage\":{\"@id\":\"https:\/\/paracherkaoui.ma\/index.php\/produit\/eneomey-purify-gel-sebo-regulateur-30ml\/#primaryimage\"},\"image\":{\"@id\":\"https:\/\/paracherkaoui.ma\/index.php\/produit\/eneomey-purify-gel-sebo-regulateur-30ml\/#primaryimage\"},\"thumbnailUrl\":\"https:\/\/paracherkaoui.ma\/wp-content\/uploads\/2025\/12\/eneomey-eneomey-purify-gel-sebo-regulateur-30ml-soins-anti-imperfections.jpg\",\"datePublished\":\"2025-12-12T17:22:45+00:00\",\"dateModified\":\"2025-12-12T17:22:48+00:00\",\"breadcrumb\":{\"@id\":\"https:\/\/paracherkaoui.ma\/index.php\/produit\/eneomey-purify-gel-sebo-regulateur-30ml\/#breadcrumb\"},\"inLanguage\":\"fr-FR\",\"potentialAction\":[{\"@type\":\"ReadAction\",\"target\":[\"https:\/\/paracherkaoui.ma\/index.php\/produit\/eneomey-purify-gel-sebo-regulateur-30ml\/\"]}]},{\"@type\":\"ImageObject\",\"inLanguage\":\"fr-FR\",\"@id\":\"https:\/\/paracherkaoui.ma\/index.php\/produit\/eneomey-purify-gel-sebo-regulateur-30ml\/#primaryimage\",\"url\":\"https:\/\/paracherkaoui.ma\/wp-content\/uploads\/2025\/12\/eneomey-eneomey-purify-gel-sebo-regulateur-30ml-soins-anti-imperfections.jpg\",\"contentUrl\":\"https:\/\/paracherkaoui.ma\/wp-content\/uploads\/2025\/12\/eneomey-eneomey-purify-gel-sebo-regulateur-30ml-soins-anti-imperfections.jpg\",\"width\":700,\"height\":700},{\"@type\":\"BreadcrumbList\",\"@id\":\"https:\/\/paracherkaoui.ma\/index.php\/produit\/eneomey-purify-gel-sebo-regulateur-30ml\/#breadcrumb\",\"itemListElement\":[{\"@type\":\"ListItem\",\"position\":1,\"name\":\"Accueil\",\"item\":\"https:\/\/paracherkaoui.ma\/\"},{\"@type\":\"ListItem\",\"position\":2,\"name\":\"Boutique\",\"item\":\"https:\/\/paracherkaoui.ma\/index.php\/boutique\/\"},{\"@type\":\"ListItem\",\"position\":3,\"name\":\"ENEOMEY PURIFY GEL SEBO REGULATEUR 30ML\"}]},{\"@type\":\"WebSite\",\"@id\":\"https:\/\/paracherkaoui.ma\/#website\",\"url\":\"https:\/\/paracherkaoui.ma\/\",\"name\":\"Paracherkaoui.ma\",\"description\":\"Achetez en ligne sur Paracherkaoui.ma\",\"potentialAction\":[{\"@type\":\"SearchAction\",\"target\":{\"@type\":\"EntryPoint\",\"urlTemplate\":\"https:\/\/paracherkaoui.ma\/?s={search_term_string}\"},\"query-input\":{\"@type\":\"PropertyValueSpecification\",\"valueRequired\":true,\"valueName\":\"search_term_string\"}}],\"inLanguage\":\"fr-FR\"}]}<\/script>\r\n<!-- \/ Yoast SEO plugin. -->","yoast_head_json":{"title":"ENEOMEY PURIFY GEL SEBO REGULATEUR 30ML - Paracherkaoui.ma","robots":{"index":"index","follow":"follow","max-snippet":"max-snippet:-1","max-image-preview":"max-image-preview:large","max-video-preview":"max-video-preview:-1"},"canonical":"https:\/\/paracherkaoui.ma\/index.php\/produit\/eneomey-purify-gel-sebo-regulateur-30ml\/","og_locale":"fr_FR","og_type":"article","og_title":"ENEOMEY PURIFY GEL SEBO REGULATEUR 30ML - Paracherkaoui.ma","og_description":"Purify Gel S\u00e9bo-r\u00e9gulateur est un soin concentr\u00e9 en acide glycolique sp\u00e9cialement formul\u00e9 pour d\u00e9sincruster, \u00e9liminer les cellules mortes et l\u2019exc\u00e8s","og_url":"https:\/\/paracherkaoui.ma\/index.php\/produit\/eneomey-purify-gel-sebo-regulateur-30ml\/","og_site_name":"Paracherkaoui.ma","article_modified_time":"2025-12-12T17:22:48+00:00","og_image":[{"width":700,"height":700,"url":"https:\/\/paracherkaoui.ma\/wp-content\/uploads\/2025\/12\/eneomey-eneomey-purify-gel-sebo-regulateur-30ml-soins-anti-imperfections.jpg","type":"image\/jpeg"}],"twitter_card":"summary_large_image","schema":{"@context":"https:\/\/schema.org","@graph":[{"@type":"WebPage","@id":"https:\/\/paracherkaoui.ma\/index.php\/produit\/eneomey-purify-gel-sebo-regulateur-30ml\/","url":"https:\/\/paracherkaoui.ma\/index.php\/produit\/eneomey-purify-gel-sebo-regulateur-30ml\/","name":"ENEOMEY PURIFY GEL SEBO REGULATEUR 30ML - Paracherkaoui.ma","isPartOf":{"@id":"https:\/\/paracherkaoui.ma\/#website"},"primaryImageOfPage":{"@id":"https:\/\/paracherkaoui.ma\/index.php\/produit\/eneomey-purify-gel-sebo-regulateur-30ml\/#primaryimage"},"image":{"@id":"https:\/\/paracherkaoui.ma\/index.php\/produit\/eneomey-purify-gel-sebo-regulateur-30ml\/#primaryimage"},"thumbnailUrl":"https:\/\/paracherkaoui.ma\/wp-content\/uploads\/2025\/12\/eneomey-eneomey-purify-gel-sebo-regulateur-30ml-soins-anti-imperfections.jpg","datePublished":"2025-12-12T17:22:45+00:00","dateModified":"2025-12-12T17:22:48+00:00","breadcrumb":{"@id":"https:\/\/paracherkaoui.ma\/index.php\/produit\/eneomey-purify-gel-sebo-regulateur-30ml\/#breadcrumb"},"inLanguage":"fr-FR","potentialAction":[{"@type":"ReadAction","target":["https:\/\/paracherkaoui.ma\/index.php\/produit\/eneomey-purify-gel-sebo-regulateur-30ml\/"]}]},{"@type":"ImageObject","inLanguage":"fr-FR","@id":"https:\/\/paracherkaoui.ma\/index.php\/produit\/eneomey-purify-gel-sebo-regulateur-30ml\/#primaryimage","url":"https:\/\/paracherkaoui.ma\/wp-content\/uploads\/2025\/12\/eneomey-eneomey-purify-gel-sebo-regulateur-30ml-soins-anti-imperfections.jpg","contentUrl":"https:\/\/paracherkaoui.ma\/wp-content\/uploads\/2025\/12\/eneomey-eneomey-purify-gel-sebo-regulateur-30ml-soins-anti-imperfections.jpg","width":700,"height":700},{"@type":"BreadcrumbList","@id":"https:\/\/paracherkaoui.ma\/index.php\/produit\/eneomey-purify-gel-sebo-regulateur-30ml\/#breadcrumb","itemListElement":[{"@type":"ListItem","position":1,"name":"Accueil","item":"https:\/\/paracherkaoui.ma\/"},{"@type":"ListItem","position":2,"name":"Boutique","item":"https:\/\/paracherkaoui.ma\/index.php\/boutique\/"},{"@type":"ListItem","position":3,"name":"ENEOMEY PURIFY GEL SEBO REGULATEUR 30ML"}]},{"@type":"WebSite","@id":"https:\/\/paracherkaoui.ma\/#website","url":"https:\/\/paracherkaoui.ma\/","name":"Paracherkaoui.ma","description":"Achetez en ligne sur Paracherkaoui.ma","potentialAction":[{"@type":"SearchAction","target":{"@type":"EntryPoint","urlTemplate":"https:\/\/paracherkaoui.ma\/?s={search_term_string}"},"query-input":{"@type":"PropertyValueSpecification","valueRequired":true,"valueName":"search_term_string"}}],"inLanguage":"fr-FR"}]}},"_links":{"self":[{"href":"https:\/\/paracherkaoui.ma\/index.php\/wp-json\/wp\/v2\/product\/25549","targetHints":{"allow":["GET"]}}],"collection":[{"href":"https:\/\/paracherkaoui.ma\/index.php\/wp-json\/wp\/v2\/product"}],"about":[{"href":"https:\/\/paracherkaoui.ma\/index.php\/wp-json\/wp\/v2\/types\/product"}],"replies":[{"embeddable":true,"href":"https:\/\/paracherkaoui.ma\/index.php\/wp-json\/wp\/v2\/comments?post=25549"}],"version-history":[{"count":1,"href":"https:\/\/paracherkaoui.ma\/index.php\/wp-json\/wp\/v2\/product\/25549\/revisions"}],"predecessor-version":[{"id":25582,"href":"https:\/\/paracherkaoui.ma\/index.php\/wp-json\/wp\/v2\/product\/25549\/revisions\/25582"}],"wp:featuredmedia":[{"embeddable":true,"href":"https:\/\/paracherkaoui.ma\/index.php\/wp-json\/wp\/v2\/media\/25581"}],"wp:attachment":[{"href":"https:\/\/paracherkaoui.ma\/index.php\/wp-json\/wp\/v2\/media?parent=25549"}],"wp:term":[{"taxonomy":"product_brand","embeddable":true,"href":"https:\/\/paracherkaoui.ma\/index.php\/wp-json\/wp\/v2\/product_brand?post=25549"},{"taxonomy":"product_cat","embeddable":true,"href":"https:\/\/paracherkaoui.ma\/index.php\/wp-json\/wp\/v2\/product_cat?post=25549"},{"taxonomy":"product_tag","embeddable":true,"href":"https:\/\/paracherkaoui.ma\/index.php\/wp-json\/wp\/v2\/product_tag?post=25549"}],"curies":[{"name":"wp","href":"https:\/\/api.w.org\/{rel}","templated":true}]}}