{"id":25544,"date":"2025-12-12T18:22:45","date_gmt":"2025-12-12T17:22:45","guid":{"rendered":"https:\/\/test.ecbeaute.com\/?post_type=product&#038;p=25544"},"modified":"2025-12-12T18:22:47","modified_gmt":"2025-12-12T17:22:47","slug":"acm-boreade-global-soin-complet-anti-imperfections-40-ml-2","status":"publish","type":"product","link":"https:\/\/paracherkaoui.ma\/index.php\/produit\/acm-boreade-global-soin-complet-anti-imperfections-40-ml-2\/","title":{"rendered":"ACM BOREADE GLOBAL SOIN COMPLET ANTI IMPERFECTIONS 40 ML"},"content":{"rendered":"<p>CE SOIN COMPLET CORRIGE EFFICACEMENT LES IMPERFECTIONS CUTAN\u00c9ES D\u00c8S 6 SEMAINES ET AIDE\u00a0\u00c0 PR\u00c9VENIR LEUR R\u00c9APPARITION POUR UNE PEAU ASSAINIE ET UN RELIEF PLUS R\u00c9GULIER.<br \/>\nGr\u00e2ce \u00e0 son complexe S.M.A associ\u00e9 \u00e0 des AHA \u00e0 lib\u00e9ration prolong\u00e9e et de l\u2019acide salicylique, Bor\u00e9ade Global pr\u00e9vient l\u2019apparition des imperfections et favorise la disparition des boutons et des points noirs. Il affine le grain de peau et resserre les pores. Il neutralise la brillance\u00a0tout en hydratant la peau.<br \/>\nCe soin contient \u00e9galement des peptides de lupin et des peptides de quinoa issus du commerce \u00e9quitable reconnus pour leur propri\u00e9t\u00e9s apaisantes et anti-irritantes.<br \/>\nJour apr\u00e8s jour, la peau est apais\u00e9e et assainie sans \u00eatre dess\u00e9ch\u00e9e, son relief est plus r\u00e9gulier et le teint est unifi\u00e9.<br \/>\nType de peau A tendance acn\u00e9ique<br \/>\nTexture Cr\u00e8me<br \/>\nQuand Matin et Soir<br \/>\nB\u00e9n\u00e9fices Favorise la disparition des boutons et points noirs, limite leur r\u00e9apparition<br \/>\nPr\u00e9sentation Tube 40 ml<\/p>\n","protected":false},"excerpt":{"rendered":"<p>CE SOIN COMPLET CORRIGE EFFICACEMENT LES IMPERFECTIONS CUTAN\u00c9ES D\u00c8S 6 SEMAINES ET AIDE\u00a0\u00c0 PR\u00c9VENIR LEUR R\u00c9APPARITION POUR UNE PEAU ASSAINIE<\/p>\n","protected":false},"featured_media":13911,"comment_status":"open","ping_status":"closed","template":"","meta":[],"product_brand":[142],"product_cat":[502],"product_tag":[],"class_list":{"0":"post-25544","1":"product","2":"type-product","3":"status-publish","4":"has-post-thumbnail","6":"product_brand-acm","7":"product_cat-soins-anti-imperfections","9":"first","10":"instock","11":"sale","12":"shipping-taxable","13":"purchasable","14":"product-type-simple"},"yoast_head":"<!-- This site is optimized with the Yoast SEO plugin v26.6 - https:\/\/yoast.com\/wordpress\/plugins\/seo\/ -->\r\n<title>ACM BOREADE GLOBAL SOIN COMPLET ANTI IMPERFECTIONS 40 ML - Paracherkaoui.ma<\/title>\r\n<meta name=\"robots\" content=\"index, follow, max-snippet:-1, max-image-preview:large, max-video-preview:-1\" \/>\r\n<link rel=\"canonical\" href=\"https:\/\/paracherkaoui.ma\/index.php\/produit\/acm-boreade-global-soin-complet-anti-imperfections-40-ml-2\/\" \/>\r\n<meta property=\"og:locale\" content=\"fr_FR\" \/>\r\n<meta property=\"og:type\" content=\"article\" \/>\r\n<meta property=\"og:title\" content=\"ACM BOREADE GLOBAL SOIN COMPLET ANTI IMPERFECTIONS 40 ML - Paracherkaoui.ma\" \/>\r\n<meta property=\"og:description\" content=\"CE SOIN COMPLET CORRIGE EFFICACEMENT LES IMPERFECTIONS CUTAN\u00c9ES D\u00c8S 6 SEMAINES ET AIDE\u00a0\u00c0 PR\u00c9VENIR LEUR R\u00c9APPARITION POUR UNE PEAU ASSAINIE\" \/>\r\n<meta property=\"og:url\" content=\"https:\/\/paracherkaoui.ma\/index.php\/produit\/acm-boreade-global-soin-complet-anti-imperfections-40-ml-2\/\" \/>\r\n<meta property=\"og:site_name\" content=\"Paracherkaoui.ma\" \/>\r\n<meta property=\"article:modified_time\" content=\"2025-12-12T17:22:47+00:00\" \/>\r\n<meta property=\"og:image\" content=\"https:\/\/paracherkaoui.ma\/wp-content\/uploads\/2025\/12\/acm-acm-boreade-global-soin-complet-anti-imperfections-40-ml-soins-anti-imperfections.jpg\" \/>\r\n\t<meta property=\"og:image:width\" content=\"700\" \/>\r\n\t<meta property=\"og:image:height\" content=\"700\" \/>\r\n\t<meta property=\"og:image:type\" content=\"image\/jpeg\" \/>\r\n<meta name=\"twitter:card\" content=\"summary_large_image\" \/>\r\n<meta name=\"twitter:label1\" content=\"Dur\u00e9e de lecture estim\u00e9e\" \/>\n\t<meta name=\"twitter:data1\" content=\"1 minute\" \/>\r\n<script type=\"application\/ld+json\" class=\"yoast-schema-graph\">{\"@context\":\"https:\/\/schema.org\",\"@graph\":[{\"@type\":\"WebPage\",\"@id\":\"https:\/\/paracherkaoui.ma\/index.php\/produit\/acm-boreade-global-soin-complet-anti-imperfections-40-ml-2\/\",\"url\":\"https:\/\/paracherkaoui.ma\/index.php\/produit\/acm-boreade-global-soin-complet-anti-imperfections-40-ml-2\/\",\"name\":\"ACM BOREADE GLOBAL SOIN COMPLET ANTI IMPERFECTIONS 40 ML - Paracherkaoui.ma\",\"isPartOf\":{\"@id\":\"https:\/\/paracherkaoui.ma\/#website\"},\"primaryImageOfPage\":{\"@id\":\"https:\/\/paracherkaoui.ma\/index.php\/produit\/acm-boreade-global-soin-complet-anti-imperfections-40-ml-2\/#primaryimage\"},\"image\":{\"@id\":\"https:\/\/paracherkaoui.ma\/index.php\/produit\/acm-boreade-global-soin-complet-anti-imperfections-40-ml-2\/#primaryimage\"},\"thumbnailUrl\":\"https:\/\/paracherkaoui.ma\/wp-content\/uploads\/2025\/12\/acm-acm-boreade-global-soin-complet-anti-imperfections-40-ml-soins-anti-imperfections.jpg\",\"datePublished\":\"2025-12-12T17:22:45+00:00\",\"dateModified\":\"2025-12-12T17:22:47+00:00\",\"breadcrumb\":{\"@id\":\"https:\/\/paracherkaoui.ma\/index.php\/produit\/acm-boreade-global-soin-complet-anti-imperfections-40-ml-2\/#breadcrumb\"},\"inLanguage\":\"fr-FR\",\"potentialAction\":[{\"@type\":\"ReadAction\",\"target\":[\"https:\/\/paracherkaoui.ma\/index.php\/produit\/acm-boreade-global-soin-complet-anti-imperfections-40-ml-2\/\"]}]},{\"@type\":\"ImageObject\",\"inLanguage\":\"fr-FR\",\"@id\":\"https:\/\/paracherkaoui.ma\/index.php\/produit\/acm-boreade-global-soin-complet-anti-imperfections-40-ml-2\/#primaryimage\",\"url\":\"https:\/\/paracherkaoui.ma\/wp-content\/uploads\/2025\/12\/acm-acm-boreade-global-soin-complet-anti-imperfections-40-ml-soins-anti-imperfections.jpg\",\"contentUrl\":\"https:\/\/paracherkaoui.ma\/wp-content\/uploads\/2025\/12\/acm-acm-boreade-global-soin-complet-anti-imperfections-40-ml-soins-anti-imperfections.jpg\",\"width\":700,\"height\":700},{\"@type\":\"BreadcrumbList\",\"@id\":\"https:\/\/paracherkaoui.ma\/index.php\/produit\/acm-boreade-global-soin-complet-anti-imperfections-40-ml-2\/#breadcrumb\",\"itemListElement\":[{\"@type\":\"ListItem\",\"position\":1,\"name\":\"Accueil\",\"item\":\"https:\/\/paracherkaoui.ma\/\"},{\"@type\":\"ListItem\",\"position\":2,\"name\":\"Boutique\",\"item\":\"https:\/\/paracherkaoui.ma\/index.php\/boutique\/\"},{\"@type\":\"ListItem\",\"position\":3,\"name\":\"ACM BOREADE GLOBAL SOIN COMPLET ANTI IMPERFECTIONS 40 ML\"}]},{\"@type\":\"WebSite\",\"@id\":\"https:\/\/paracherkaoui.ma\/#website\",\"url\":\"https:\/\/paracherkaoui.ma\/\",\"name\":\"Paracherkaoui.ma\",\"description\":\"Achetez en ligne sur Paracherkaoui.ma\",\"potentialAction\":[{\"@type\":\"SearchAction\",\"target\":{\"@type\":\"EntryPoint\",\"urlTemplate\":\"https:\/\/paracherkaoui.ma\/?s={search_term_string}\"},\"query-input\":{\"@type\":\"PropertyValueSpecification\",\"valueRequired\":true,\"valueName\":\"search_term_string\"}}],\"inLanguage\":\"fr-FR\"}]}<\/script>\r\n<!-- \/ Yoast SEO plugin. -->","yoast_head_json":{"title":"ACM BOREADE GLOBAL SOIN COMPLET ANTI IMPERFECTIONS 40 ML - Paracherkaoui.ma","robots":{"index":"index","follow":"follow","max-snippet":"max-snippet:-1","max-image-preview":"max-image-preview:large","max-video-preview":"max-video-preview:-1"},"canonical":"https:\/\/paracherkaoui.ma\/index.php\/produit\/acm-boreade-global-soin-complet-anti-imperfections-40-ml-2\/","og_locale":"fr_FR","og_type":"article","og_title":"ACM BOREADE GLOBAL SOIN COMPLET ANTI IMPERFECTIONS 40 ML - Paracherkaoui.ma","og_description":"CE SOIN COMPLET CORRIGE EFFICACEMENT LES IMPERFECTIONS CUTAN\u00c9ES D\u00c8S 6 SEMAINES ET AIDE\u00a0\u00c0 PR\u00c9VENIR LEUR R\u00c9APPARITION POUR UNE PEAU ASSAINIE","og_url":"https:\/\/paracherkaoui.ma\/index.php\/produit\/acm-boreade-global-soin-complet-anti-imperfections-40-ml-2\/","og_site_name":"Paracherkaoui.ma","article_modified_time":"2025-12-12T17:22:47+00:00","og_image":[{"width":700,"height":700,"url":"https:\/\/paracherkaoui.ma\/wp-content\/uploads\/2025\/12\/acm-acm-boreade-global-soin-complet-anti-imperfections-40-ml-soins-anti-imperfections.jpg","type":"image\/jpeg"}],"twitter_card":"summary_large_image","twitter_misc":{"Dur\u00e9e de lecture estim\u00e9e":"1 minute"},"schema":{"@context":"https:\/\/schema.org","@graph":[{"@type":"WebPage","@id":"https:\/\/paracherkaoui.ma\/index.php\/produit\/acm-boreade-global-soin-complet-anti-imperfections-40-ml-2\/","url":"https:\/\/paracherkaoui.ma\/index.php\/produit\/acm-boreade-global-soin-complet-anti-imperfections-40-ml-2\/","name":"ACM BOREADE GLOBAL SOIN COMPLET ANTI IMPERFECTIONS 40 ML - Paracherkaoui.ma","isPartOf":{"@id":"https:\/\/paracherkaoui.ma\/#website"},"primaryImageOfPage":{"@id":"https:\/\/paracherkaoui.ma\/index.php\/produit\/acm-boreade-global-soin-complet-anti-imperfections-40-ml-2\/#primaryimage"},"image":{"@id":"https:\/\/paracherkaoui.ma\/index.php\/produit\/acm-boreade-global-soin-complet-anti-imperfections-40-ml-2\/#primaryimage"},"thumbnailUrl":"https:\/\/paracherkaoui.ma\/wp-content\/uploads\/2025\/12\/acm-acm-boreade-global-soin-complet-anti-imperfections-40-ml-soins-anti-imperfections.jpg","datePublished":"2025-12-12T17:22:45+00:00","dateModified":"2025-12-12T17:22:47+00:00","breadcrumb":{"@id":"https:\/\/paracherkaoui.ma\/index.php\/produit\/acm-boreade-global-soin-complet-anti-imperfections-40-ml-2\/#breadcrumb"},"inLanguage":"fr-FR","potentialAction":[{"@type":"ReadAction","target":["https:\/\/paracherkaoui.ma\/index.php\/produit\/acm-boreade-global-soin-complet-anti-imperfections-40-ml-2\/"]}]},{"@type":"ImageObject","inLanguage":"fr-FR","@id":"https:\/\/paracherkaoui.ma\/index.php\/produit\/acm-boreade-global-soin-complet-anti-imperfections-40-ml-2\/#primaryimage","url":"https:\/\/paracherkaoui.ma\/wp-content\/uploads\/2025\/12\/acm-acm-boreade-global-soin-complet-anti-imperfections-40-ml-soins-anti-imperfections.jpg","contentUrl":"https:\/\/paracherkaoui.ma\/wp-content\/uploads\/2025\/12\/acm-acm-boreade-global-soin-complet-anti-imperfections-40-ml-soins-anti-imperfections.jpg","width":700,"height":700},{"@type":"BreadcrumbList","@id":"https:\/\/paracherkaoui.ma\/index.php\/produit\/acm-boreade-global-soin-complet-anti-imperfections-40-ml-2\/#breadcrumb","itemListElement":[{"@type":"ListItem","position":1,"name":"Accueil","item":"https:\/\/paracherkaoui.ma\/"},{"@type":"ListItem","position":2,"name":"Boutique","item":"https:\/\/paracherkaoui.ma\/index.php\/boutique\/"},{"@type":"ListItem","position":3,"name":"ACM BOREADE GLOBAL SOIN COMPLET ANTI IMPERFECTIONS 40 ML"}]},{"@type":"WebSite","@id":"https:\/\/paracherkaoui.ma\/#website","url":"https:\/\/paracherkaoui.ma\/","name":"Paracherkaoui.ma","description":"Achetez en ligne sur Paracherkaoui.ma","potentialAction":[{"@type":"SearchAction","target":{"@type":"EntryPoint","urlTemplate":"https:\/\/paracherkaoui.ma\/?s={search_term_string}"},"query-input":{"@type":"PropertyValueSpecification","valueRequired":true,"valueName":"search_term_string"}}],"inLanguage":"fr-FR"}]}},"_links":{"self":[{"href":"https:\/\/paracherkaoui.ma\/index.php\/wp-json\/wp\/v2\/product\/25544","targetHints":{"allow":["GET"]}}],"collection":[{"href":"https:\/\/paracherkaoui.ma\/index.php\/wp-json\/wp\/v2\/product"}],"about":[{"href":"https:\/\/paracherkaoui.ma\/index.php\/wp-json\/wp\/v2\/types\/product"}],"replies":[{"embeddable":true,"href":"https:\/\/paracherkaoui.ma\/index.php\/wp-json\/wp\/v2\/comments?post=25544"}],"version-history":[{"count":1,"href":"https:\/\/paracherkaoui.ma\/index.php\/wp-json\/wp\/v2\/product\/25544\/revisions"}],"predecessor-version":[{"id":25574,"href":"https:\/\/paracherkaoui.ma\/index.php\/wp-json\/wp\/v2\/product\/25544\/revisions\/25574"}],"wp:featuredmedia":[{"embeddable":true,"href":"https:\/\/paracherkaoui.ma\/index.php\/wp-json\/wp\/v2\/media\/13911"}],"wp:attachment":[{"href":"https:\/\/paracherkaoui.ma\/index.php\/wp-json\/wp\/v2\/media?parent=25544"}],"wp:term":[{"taxonomy":"product_brand","embeddable":true,"href":"https:\/\/paracherkaoui.ma\/index.php\/wp-json\/wp\/v2\/product_brand?post=25544"},{"taxonomy":"product_cat","embeddable":true,"href":"https:\/\/paracherkaoui.ma\/index.php\/wp-json\/wp\/v2\/product_cat?post=25544"},{"taxonomy":"product_tag","embeddable":true,"href":"https:\/\/paracherkaoui.ma\/index.php\/wp-json\/wp\/v2\/product_tag?post=25544"}],"curies":[{"name":"wp","href":"https:\/\/api.w.org\/{rel}","templated":true}]}}