{"id":25485,"date":"2025-12-12T18:22:38","date_gmt":"2025-12-12T17:22:38","guid":{"rendered":"https:\/\/test.ecbeaute.com\/?post_type=product&#038;p=25485"},"modified":"2025-12-12T18:22:44","modified_gmt":"2025-12-12T17:22:44","slug":"neostrata-enlighten-gel-anti-tache","status":"publish","type":"product","link":"https:\/\/paracherkaoui.ma\/index.php\/produit\/neostrata-enlighten-gel-anti-tache\/","title":{"rendered":"NEOSTRATA ENLIGHTEN GEL ANTI-TACHE"},"content":{"rendered":"<p>Description:<br \/>\nLe gel \u00e9claircissant NeoStrata Enlighten aide \u00e0 r\u00e9duire les taches pigmentaires existantes, mais aussi \u00e0 \u00e9viter l\u2019apparition de nouvelles.Le complexe d\u2019acides AHA\/PHA assure un gommage respectueux de la peau pour favoriser son renouvellement rapide. Le r\u00e9sultat est une peau \u00e9claircie et unifi\u00e9e qui para\u00eet beaucoup plus jeune.<br \/>\nConseils d&rsquo;utilisation:<br \/>\nAppliquez le gel NeoStrata Enlighten Pigment Lightening chaque soir pendant 2 semaines directement sur les zones pigment\u00e9es de la peau. Massez d\u00e9licatement une petite quantit\u00e9 de produit sur la peau propre et s\u00e8che. Si votre peau supporte bien ce gel, augmentez la fr\u00e9quence d\u2019application en utilisant ce gel matin et soir. N<\/p>\n","protected":false},"excerpt":{"rendered":"<p>Description: Le gel \u00e9claircissant NeoStrata Enlighten aide \u00e0 r\u00e9duire les taches pigmentaires existantes, mais aussi \u00e0 \u00e9viter l\u2019apparition de nouvelles.Le<\/p>\n","protected":false},"featured_media":25542,"comment_status":"open","ping_status":"closed","template":"","meta":[],"product_brand":[404],"product_cat":[502],"product_tag":[],"class_list":{"0":"post-25485","1":"product","2":"type-product","3":"status-publish","4":"has-post-thumbnail","6":"product_brand-neostrata","7":"product_cat-soins-anti-imperfections","9":"first","10":"instock","11":"sale","12":"shipping-taxable","13":"purchasable","14":"product-type-simple"},"yoast_head":"<!-- This site is optimized with the Yoast SEO plugin v26.6 - https:\/\/yoast.com\/wordpress\/plugins\/seo\/ -->\r\n<title>NEOSTRATA ENLIGHTEN GEL ANTI-TACHE - Paracherkaoui.ma<\/title>\r\n<meta name=\"robots\" content=\"index, follow, max-snippet:-1, max-image-preview:large, max-video-preview:-1\" \/>\r\n<link rel=\"canonical\" href=\"https:\/\/paracherkaoui.ma\/index.php\/produit\/neostrata-enlighten-gel-anti-tache\/\" \/>\r\n<meta property=\"og:locale\" content=\"fr_FR\" \/>\r\n<meta property=\"og:type\" content=\"article\" \/>\r\n<meta property=\"og:title\" content=\"NEOSTRATA ENLIGHTEN GEL ANTI-TACHE - Paracherkaoui.ma\" \/>\r\n<meta property=\"og:description\" content=\"Description: Le gel \u00e9claircissant NeoStrata Enlighten aide \u00e0 r\u00e9duire les taches pigmentaires existantes, mais aussi \u00e0 \u00e9viter l\u2019apparition de nouvelles.Le\" \/>\r\n<meta property=\"og:url\" content=\"https:\/\/paracherkaoui.ma\/index.php\/produit\/neostrata-enlighten-gel-anti-tache\/\" \/>\r\n<meta property=\"og:site_name\" content=\"Paracherkaoui.ma\" \/>\r\n<meta property=\"article:modified_time\" content=\"2025-12-12T17:22:44+00:00\" \/>\r\n<meta property=\"og:image\" content=\"https:\/\/paracherkaoui.ma\/wp-content\/uploads\/2025\/12\/neostrata-neostrata-enlighten-gel-anti-tache-soins-anti-imperfections.jpg\" \/>\r\n\t<meta property=\"og:image:width\" content=\"700\" \/>\r\n\t<meta property=\"og:image:height\" content=\"700\" \/>\r\n\t<meta property=\"og:image:type\" content=\"image\/jpeg\" \/>\r\n<meta name=\"twitter:card\" content=\"summary_large_image\" \/>\r\n<meta name=\"twitter:label1\" content=\"Dur\u00e9e de lecture estim\u00e9e\" \/>\n\t<meta name=\"twitter:data1\" content=\"1 minute\" \/>\r\n<script type=\"application\/ld+json\" class=\"yoast-schema-graph\">{\"@context\":\"https:\/\/schema.org\",\"@graph\":[{\"@type\":\"WebPage\",\"@id\":\"https:\/\/paracherkaoui.ma\/index.php\/produit\/neostrata-enlighten-gel-anti-tache\/\",\"url\":\"https:\/\/paracherkaoui.ma\/index.php\/produit\/neostrata-enlighten-gel-anti-tache\/\",\"name\":\"NEOSTRATA ENLIGHTEN GEL ANTI-TACHE - Paracherkaoui.ma\",\"isPartOf\":{\"@id\":\"https:\/\/paracherkaoui.ma\/#website\"},\"primaryImageOfPage\":{\"@id\":\"https:\/\/paracherkaoui.ma\/index.php\/produit\/neostrata-enlighten-gel-anti-tache\/#primaryimage\"},\"image\":{\"@id\":\"https:\/\/paracherkaoui.ma\/index.php\/produit\/neostrata-enlighten-gel-anti-tache\/#primaryimage\"},\"thumbnailUrl\":\"https:\/\/paracherkaoui.ma\/wp-content\/uploads\/2025\/12\/neostrata-neostrata-enlighten-gel-anti-tache-soins-anti-imperfections.jpg\",\"datePublished\":\"2025-12-12T17:22:38+00:00\",\"dateModified\":\"2025-12-12T17:22:44+00:00\",\"breadcrumb\":{\"@id\":\"https:\/\/paracherkaoui.ma\/index.php\/produit\/neostrata-enlighten-gel-anti-tache\/#breadcrumb\"},\"inLanguage\":\"fr-FR\",\"potentialAction\":[{\"@type\":\"ReadAction\",\"target\":[\"https:\/\/paracherkaoui.ma\/index.php\/produit\/neostrata-enlighten-gel-anti-tache\/\"]}]},{\"@type\":\"ImageObject\",\"inLanguage\":\"fr-FR\",\"@id\":\"https:\/\/paracherkaoui.ma\/index.php\/produit\/neostrata-enlighten-gel-anti-tache\/#primaryimage\",\"url\":\"https:\/\/paracherkaoui.ma\/wp-content\/uploads\/2025\/12\/neostrata-neostrata-enlighten-gel-anti-tache-soins-anti-imperfections.jpg\",\"contentUrl\":\"https:\/\/paracherkaoui.ma\/wp-content\/uploads\/2025\/12\/neostrata-neostrata-enlighten-gel-anti-tache-soins-anti-imperfections.jpg\",\"width\":700,\"height\":700},{\"@type\":\"BreadcrumbList\",\"@id\":\"https:\/\/paracherkaoui.ma\/index.php\/produit\/neostrata-enlighten-gel-anti-tache\/#breadcrumb\",\"itemListElement\":[{\"@type\":\"ListItem\",\"position\":1,\"name\":\"Accueil\",\"item\":\"https:\/\/paracherkaoui.ma\/\"},{\"@type\":\"ListItem\",\"position\":2,\"name\":\"Boutique\",\"item\":\"https:\/\/paracherkaoui.ma\/index.php\/boutique\/\"},{\"@type\":\"ListItem\",\"position\":3,\"name\":\"NEOSTRATA ENLIGHTEN GEL ANTI-TACHE\"}]},{\"@type\":\"WebSite\",\"@id\":\"https:\/\/paracherkaoui.ma\/#website\",\"url\":\"https:\/\/paracherkaoui.ma\/\",\"name\":\"Paracherkaoui.ma\",\"description\":\"Achetez en ligne sur Paracherkaoui.ma\",\"potentialAction\":[{\"@type\":\"SearchAction\",\"target\":{\"@type\":\"EntryPoint\",\"urlTemplate\":\"https:\/\/paracherkaoui.ma\/?s={search_term_string}\"},\"query-input\":{\"@type\":\"PropertyValueSpecification\",\"valueRequired\":true,\"valueName\":\"search_term_string\"}}],\"inLanguage\":\"fr-FR\"}]}<\/script>\r\n<!-- \/ Yoast SEO plugin. -->","yoast_head_json":{"title":"NEOSTRATA ENLIGHTEN GEL ANTI-TACHE - Paracherkaoui.ma","robots":{"index":"index","follow":"follow","max-snippet":"max-snippet:-1","max-image-preview":"max-image-preview:large","max-video-preview":"max-video-preview:-1"},"canonical":"https:\/\/paracherkaoui.ma\/index.php\/produit\/neostrata-enlighten-gel-anti-tache\/","og_locale":"fr_FR","og_type":"article","og_title":"NEOSTRATA ENLIGHTEN GEL ANTI-TACHE - Paracherkaoui.ma","og_description":"Description: Le gel \u00e9claircissant NeoStrata Enlighten aide \u00e0 r\u00e9duire les taches pigmentaires existantes, mais aussi \u00e0 \u00e9viter l\u2019apparition de nouvelles.Le","og_url":"https:\/\/paracherkaoui.ma\/index.php\/produit\/neostrata-enlighten-gel-anti-tache\/","og_site_name":"Paracherkaoui.ma","article_modified_time":"2025-12-12T17:22:44+00:00","og_image":[{"width":700,"height":700,"url":"https:\/\/paracherkaoui.ma\/wp-content\/uploads\/2025\/12\/neostrata-neostrata-enlighten-gel-anti-tache-soins-anti-imperfections.jpg","type":"image\/jpeg"}],"twitter_card":"summary_large_image","twitter_misc":{"Dur\u00e9e de lecture estim\u00e9e":"1 minute"},"schema":{"@context":"https:\/\/schema.org","@graph":[{"@type":"WebPage","@id":"https:\/\/paracherkaoui.ma\/index.php\/produit\/neostrata-enlighten-gel-anti-tache\/","url":"https:\/\/paracherkaoui.ma\/index.php\/produit\/neostrata-enlighten-gel-anti-tache\/","name":"NEOSTRATA ENLIGHTEN GEL ANTI-TACHE - Paracherkaoui.ma","isPartOf":{"@id":"https:\/\/paracherkaoui.ma\/#website"},"primaryImageOfPage":{"@id":"https:\/\/paracherkaoui.ma\/index.php\/produit\/neostrata-enlighten-gel-anti-tache\/#primaryimage"},"image":{"@id":"https:\/\/paracherkaoui.ma\/index.php\/produit\/neostrata-enlighten-gel-anti-tache\/#primaryimage"},"thumbnailUrl":"https:\/\/paracherkaoui.ma\/wp-content\/uploads\/2025\/12\/neostrata-neostrata-enlighten-gel-anti-tache-soins-anti-imperfections.jpg","datePublished":"2025-12-12T17:22:38+00:00","dateModified":"2025-12-12T17:22:44+00:00","breadcrumb":{"@id":"https:\/\/paracherkaoui.ma\/index.php\/produit\/neostrata-enlighten-gel-anti-tache\/#breadcrumb"},"inLanguage":"fr-FR","potentialAction":[{"@type":"ReadAction","target":["https:\/\/paracherkaoui.ma\/index.php\/produit\/neostrata-enlighten-gel-anti-tache\/"]}]},{"@type":"ImageObject","inLanguage":"fr-FR","@id":"https:\/\/paracherkaoui.ma\/index.php\/produit\/neostrata-enlighten-gel-anti-tache\/#primaryimage","url":"https:\/\/paracherkaoui.ma\/wp-content\/uploads\/2025\/12\/neostrata-neostrata-enlighten-gel-anti-tache-soins-anti-imperfections.jpg","contentUrl":"https:\/\/paracherkaoui.ma\/wp-content\/uploads\/2025\/12\/neostrata-neostrata-enlighten-gel-anti-tache-soins-anti-imperfections.jpg","width":700,"height":700},{"@type":"BreadcrumbList","@id":"https:\/\/paracherkaoui.ma\/index.php\/produit\/neostrata-enlighten-gel-anti-tache\/#breadcrumb","itemListElement":[{"@type":"ListItem","position":1,"name":"Accueil","item":"https:\/\/paracherkaoui.ma\/"},{"@type":"ListItem","position":2,"name":"Boutique","item":"https:\/\/paracherkaoui.ma\/index.php\/boutique\/"},{"@type":"ListItem","position":3,"name":"NEOSTRATA ENLIGHTEN GEL ANTI-TACHE"}]},{"@type":"WebSite","@id":"https:\/\/paracherkaoui.ma\/#website","url":"https:\/\/paracherkaoui.ma\/","name":"Paracherkaoui.ma","description":"Achetez en ligne sur Paracherkaoui.ma","potentialAction":[{"@type":"SearchAction","target":{"@type":"EntryPoint","urlTemplate":"https:\/\/paracherkaoui.ma\/?s={search_term_string}"},"query-input":{"@type":"PropertyValueSpecification","valueRequired":true,"valueName":"search_term_string"}}],"inLanguage":"fr-FR"}]}},"_links":{"self":[{"href":"https:\/\/paracherkaoui.ma\/index.php\/wp-json\/wp\/v2\/product\/25485","targetHints":{"allow":["GET"]}}],"collection":[{"href":"https:\/\/paracherkaoui.ma\/index.php\/wp-json\/wp\/v2\/product"}],"about":[{"href":"https:\/\/paracherkaoui.ma\/index.php\/wp-json\/wp\/v2\/types\/product"}],"replies":[{"embeddable":true,"href":"https:\/\/paracherkaoui.ma\/index.php\/wp-json\/wp\/v2\/comments?post=25485"}],"version-history":[{"count":1,"href":"https:\/\/paracherkaoui.ma\/index.php\/wp-json\/wp\/v2\/product\/25485\/revisions"}],"predecessor-version":[{"id":25543,"href":"https:\/\/paracherkaoui.ma\/index.php\/wp-json\/wp\/v2\/product\/25485\/revisions\/25543"}],"wp:featuredmedia":[{"embeddable":true,"href":"https:\/\/paracherkaoui.ma\/index.php\/wp-json\/wp\/v2\/media\/25542"}],"wp:attachment":[{"href":"https:\/\/paracherkaoui.ma\/index.php\/wp-json\/wp\/v2\/media?parent=25485"}],"wp:term":[{"taxonomy":"product_brand","embeddable":true,"href":"https:\/\/paracherkaoui.ma\/index.php\/wp-json\/wp\/v2\/product_brand?post=25485"},{"taxonomy":"product_cat","embeddable":true,"href":"https:\/\/paracherkaoui.ma\/index.php\/wp-json\/wp\/v2\/product_cat?post=25485"},{"taxonomy":"product_tag","embeddable":true,"href":"https:\/\/paracherkaoui.ma\/index.php\/wp-json\/wp\/v2\/product_tag?post=25485"}],"curies":[{"name":"wp","href":"https:\/\/api.w.org\/{rel}","templated":true}]}}