{"id":25472,"date":"2025-12-12T18:22:38","date_gmt":"2025-12-12T17:22:38","guid":{"rendered":"https:\/\/test.ecbeaute.com\/?post_type=product&#038;p=25472"},"modified":"2025-12-12T18:22:42","modified_gmt":"2025-12-12T17:22:42","slug":"depilia-depiskin-creme-depigmentante-hq-50-ml","status":"publish","type":"product","link":"https:\/\/paracherkaoui.ma\/index.php\/produit\/depilia-depiskin-creme-depigmentante-hq-50-ml\/","title":{"rendered":"DEPILIA DEPISKIN CREME DEPIGMENTANTE HQ 50 ML"},"content":{"rendered":"<p>Description<br \/>\nDEPISKIN\u00ae HQ est une cr\u00e8me d\u00e9pigmentante qui unie le teint, \u00e9limine les taches brunes et pr\u00e9vient leurs r\u00e9apparitions. DEPISKIN\u00ae HQ plus la Vitamine C, Alpha arbutine, Niacinamide et Dermawhite. Des actifs \u00e9claircissants et d\u00e9pigmentants qui bloquent la m\u00e9lanogen\u00e8se et \u00e9claircissent les taches. Ainsi l\u2019hyper pigmentation de l\u2019\u00e9piderme est r\u00e9duite et le teint est uniforme. R\u00e9sultat : Une peau nee, taches estomp\u00e9es et un teint uniforme.<br \/>\nConseils d`utilisation<br \/>\nAppliquer la cr\u00e8me matin et soir, sur le visage et le cou pr\u00e9alablement neoy\u00e9s. Une protection solaire est obligatoire.<\/p>\n","protected":false},"excerpt":{"rendered":"<p>Description DEPISKIN\u00ae HQ est une cr\u00e8me d\u00e9pigmentante qui unie le teint, \u00e9limine les taches brunes et pr\u00e9vient leurs r\u00e9apparitions. DEPISKIN\u00ae<\/p>\n","protected":false},"featured_media":25517,"comment_status":"open","ping_status":"closed","template":"","meta":[],"product_brand":[428],"product_cat":[502],"product_tag":[],"class_list":{"0":"post-25472","1":"product","2":"type-product","3":"status-publish","4":"has-post-thumbnail","6":"product_brand-depilia","7":"product_cat-soins-anti-imperfections","9":"first","10":"instock","11":"sale","12":"shipping-taxable","13":"purchasable","14":"product-type-simple"},"yoast_head":"<!-- This site is optimized with the Yoast SEO plugin v26.6 - https:\/\/yoast.com\/wordpress\/plugins\/seo\/ -->\r\n<title>DEPILIA DEPISKIN CREME DEPIGMENTANTE HQ 50 ML - Paracherkaoui.ma<\/title>\r\n<meta name=\"robots\" content=\"index, follow, max-snippet:-1, max-image-preview:large, max-video-preview:-1\" \/>\r\n<link rel=\"canonical\" href=\"https:\/\/paracherkaoui.ma\/index.php\/produit\/depilia-depiskin-creme-depigmentante-hq-50-ml\/\" \/>\r\n<meta property=\"og:locale\" content=\"fr_FR\" \/>\r\n<meta property=\"og:type\" content=\"article\" \/>\r\n<meta property=\"og:title\" content=\"DEPILIA DEPISKIN CREME DEPIGMENTANTE HQ 50 ML - Paracherkaoui.ma\" \/>\r\n<meta property=\"og:description\" content=\"Description DEPISKIN\u00ae HQ est une cr\u00e8me d\u00e9pigmentante qui unie le teint, \u00e9limine les taches brunes et pr\u00e9vient leurs r\u00e9apparitions. DEPISKIN\u00ae\" \/>\r\n<meta property=\"og:url\" content=\"https:\/\/paracherkaoui.ma\/index.php\/produit\/depilia-depiskin-creme-depigmentante-hq-50-ml\/\" \/>\r\n<meta property=\"og:site_name\" content=\"Paracherkaoui.ma\" \/>\r\n<meta property=\"article:modified_time\" content=\"2025-12-12T17:22:42+00:00\" \/>\r\n<meta property=\"og:image\" content=\"https:\/\/paracherkaoui.ma\/wp-content\/uploads\/2025\/12\/depilia-depilia-depiskin-creme-depigmentante-hq-50-ml-soins-anti-imperfections.jpg\" \/>\r\n\t<meta property=\"og:image:width\" content=\"700\" \/>\r\n\t<meta property=\"og:image:height\" content=\"700\" \/>\r\n\t<meta property=\"og:image:type\" content=\"image\/jpeg\" \/>\r\n<meta name=\"twitter:card\" content=\"summary_large_image\" \/>\r\n<meta name=\"twitter:label1\" content=\"Dur\u00e9e de lecture estim\u00e9e\" \/>\n\t<meta name=\"twitter:data1\" content=\"1 minute\" \/>\r\n<script type=\"application\/ld+json\" class=\"yoast-schema-graph\">{\"@context\":\"https:\/\/schema.org\",\"@graph\":[{\"@type\":\"WebPage\",\"@id\":\"https:\/\/paracherkaoui.ma\/index.php\/produit\/depilia-depiskin-creme-depigmentante-hq-50-ml\/\",\"url\":\"https:\/\/paracherkaoui.ma\/index.php\/produit\/depilia-depiskin-creme-depigmentante-hq-50-ml\/\",\"name\":\"DEPILIA DEPISKIN CREME DEPIGMENTANTE HQ 50 ML - Paracherkaoui.ma\",\"isPartOf\":{\"@id\":\"https:\/\/paracherkaoui.ma\/#website\"},\"primaryImageOfPage\":{\"@id\":\"https:\/\/paracherkaoui.ma\/index.php\/produit\/depilia-depiskin-creme-depigmentante-hq-50-ml\/#primaryimage\"},\"image\":{\"@id\":\"https:\/\/paracherkaoui.ma\/index.php\/produit\/depilia-depiskin-creme-depigmentante-hq-50-ml\/#primaryimage\"},\"thumbnailUrl\":\"https:\/\/paracherkaoui.ma\/wp-content\/uploads\/2025\/12\/depilia-depilia-depiskin-creme-depigmentante-hq-50-ml-soins-anti-imperfections.jpg\",\"datePublished\":\"2025-12-12T17:22:38+00:00\",\"dateModified\":\"2025-12-12T17:22:42+00:00\",\"breadcrumb\":{\"@id\":\"https:\/\/paracherkaoui.ma\/index.php\/produit\/depilia-depiskin-creme-depigmentante-hq-50-ml\/#breadcrumb\"},\"inLanguage\":\"fr-FR\",\"potentialAction\":[{\"@type\":\"ReadAction\",\"target\":[\"https:\/\/paracherkaoui.ma\/index.php\/produit\/depilia-depiskin-creme-depigmentante-hq-50-ml\/\"]}]},{\"@type\":\"ImageObject\",\"inLanguage\":\"fr-FR\",\"@id\":\"https:\/\/paracherkaoui.ma\/index.php\/produit\/depilia-depiskin-creme-depigmentante-hq-50-ml\/#primaryimage\",\"url\":\"https:\/\/paracherkaoui.ma\/wp-content\/uploads\/2025\/12\/depilia-depilia-depiskin-creme-depigmentante-hq-50-ml-soins-anti-imperfections.jpg\",\"contentUrl\":\"https:\/\/paracherkaoui.ma\/wp-content\/uploads\/2025\/12\/depilia-depilia-depiskin-creme-depigmentante-hq-50-ml-soins-anti-imperfections.jpg\",\"width\":700,\"height\":700},{\"@type\":\"BreadcrumbList\",\"@id\":\"https:\/\/paracherkaoui.ma\/index.php\/produit\/depilia-depiskin-creme-depigmentante-hq-50-ml\/#breadcrumb\",\"itemListElement\":[{\"@type\":\"ListItem\",\"position\":1,\"name\":\"Accueil\",\"item\":\"https:\/\/paracherkaoui.ma\/\"},{\"@type\":\"ListItem\",\"position\":2,\"name\":\"Boutique\",\"item\":\"https:\/\/paracherkaoui.ma\/index.php\/boutique\/\"},{\"@type\":\"ListItem\",\"position\":3,\"name\":\"DEPILIA DEPISKIN CREME DEPIGMENTANTE HQ 50 ML\"}]},{\"@type\":\"WebSite\",\"@id\":\"https:\/\/paracherkaoui.ma\/#website\",\"url\":\"https:\/\/paracherkaoui.ma\/\",\"name\":\"Paracherkaoui.ma\",\"description\":\"Achetez en ligne sur Paracherkaoui.ma\",\"potentialAction\":[{\"@type\":\"SearchAction\",\"target\":{\"@type\":\"EntryPoint\",\"urlTemplate\":\"https:\/\/paracherkaoui.ma\/?s={search_term_string}\"},\"query-input\":{\"@type\":\"PropertyValueSpecification\",\"valueRequired\":true,\"valueName\":\"search_term_string\"}}],\"inLanguage\":\"fr-FR\"}]}<\/script>\r\n<!-- \/ Yoast SEO plugin. -->","yoast_head_json":{"title":"DEPILIA DEPISKIN CREME DEPIGMENTANTE HQ 50 ML - Paracherkaoui.ma","robots":{"index":"index","follow":"follow","max-snippet":"max-snippet:-1","max-image-preview":"max-image-preview:large","max-video-preview":"max-video-preview:-1"},"canonical":"https:\/\/paracherkaoui.ma\/index.php\/produit\/depilia-depiskin-creme-depigmentante-hq-50-ml\/","og_locale":"fr_FR","og_type":"article","og_title":"DEPILIA DEPISKIN CREME DEPIGMENTANTE HQ 50 ML - Paracherkaoui.ma","og_description":"Description DEPISKIN\u00ae HQ est une cr\u00e8me d\u00e9pigmentante qui unie le teint, \u00e9limine les taches brunes et pr\u00e9vient leurs r\u00e9apparitions. DEPISKIN\u00ae","og_url":"https:\/\/paracherkaoui.ma\/index.php\/produit\/depilia-depiskin-creme-depigmentante-hq-50-ml\/","og_site_name":"Paracherkaoui.ma","article_modified_time":"2025-12-12T17:22:42+00:00","og_image":[{"width":700,"height":700,"url":"https:\/\/paracherkaoui.ma\/wp-content\/uploads\/2025\/12\/depilia-depilia-depiskin-creme-depigmentante-hq-50-ml-soins-anti-imperfections.jpg","type":"image\/jpeg"}],"twitter_card":"summary_large_image","twitter_misc":{"Dur\u00e9e de lecture estim\u00e9e":"1 minute"},"schema":{"@context":"https:\/\/schema.org","@graph":[{"@type":"WebPage","@id":"https:\/\/paracherkaoui.ma\/index.php\/produit\/depilia-depiskin-creme-depigmentante-hq-50-ml\/","url":"https:\/\/paracherkaoui.ma\/index.php\/produit\/depilia-depiskin-creme-depigmentante-hq-50-ml\/","name":"DEPILIA DEPISKIN CREME DEPIGMENTANTE HQ 50 ML - Paracherkaoui.ma","isPartOf":{"@id":"https:\/\/paracherkaoui.ma\/#website"},"primaryImageOfPage":{"@id":"https:\/\/paracherkaoui.ma\/index.php\/produit\/depilia-depiskin-creme-depigmentante-hq-50-ml\/#primaryimage"},"image":{"@id":"https:\/\/paracherkaoui.ma\/index.php\/produit\/depilia-depiskin-creme-depigmentante-hq-50-ml\/#primaryimage"},"thumbnailUrl":"https:\/\/paracherkaoui.ma\/wp-content\/uploads\/2025\/12\/depilia-depilia-depiskin-creme-depigmentante-hq-50-ml-soins-anti-imperfections.jpg","datePublished":"2025-12-12T17:22:38+00:00","dateModified":"2025-12-12T17:22:42+00:00","breadcrumb":{"@id":"https:\/\/paracherkaoui.ma\/index.php\/produit\/depilia-depiskin-creme-depigmentante-hq-50-ml\/#breadcrumb"},"inLanguage":"fr-FR","potentialAction":[{"@type":"ReadAction","target":["https:\/\/paracherkaoui.ma\/index.php\/produit\/depilia-depiskin-creme-depigmentante-hq-50-ml\/"]}]},{"@type":"ImageObject","inLanguage":"fr-FR","@id":"https:\/\/paracherkaoui.ma\/index.php\/produit\/depilia-depiskin-creme-depigmentante-hq-50-ml\/#primaryimage","url":"https:\/\/paracherkaoui.ma\/wp-content\/uploads\/2025\/12\/depilia-depilia-depiskin-creme-depigmentante-hq-50-ml-soins-anti-imperfections.jpg","contentUrl":"https:\/\/paracherkaoui.ma\/wp-content\/uploads\/2025\/12\/depilia-depilia-depiskin-creme-depigmentante-hq-50-ml-soins-anti-imperfections.jpg","width":700,"height":700},{"@type":"BreadcrumbList","@id":"https:\/\/paracherkaoui.ma\/index.php\/produit\/depilia-depiskin-creme-depigmentante-hq-50-ml\/#breadcrumb","itemListElement":[{"@type":"ListItem","position":1,"name":"Accueil","item":"https:\/\/paracherkaoui.ma\/"},{"@type":"ListItem","position":2,"name":"Boutique","item":"https:\/\/paracherkaoui.ma\/index.php\/boutique\/"},{"@type":"ListItem","position":3,"name":"DEPILIA DEPISKIN CREME DEPIGMENTANTE HQ 50 ML"}]},{"@type":"WebSite","@id":"https:\/\/paracherkaoui.ma\/#website","url":"https:\/\/paracherkaoui.ma\/","name":"Paracherkaoui.ma","description":"Achetez en ligne sur Paracherkaoui.ma","potentialAction":[{"@type":"SearchAction","target":{"@type":"EntryPoint","urlTemplate":"https:\/\/paracherkaoui.ma\/?s={search_term_string}"},"query-input":{"@type":"PropertyValueSpecification","valueRequired":true,"valueName":"search_term_string"}}],"inLanguage":"fr-FR"}]}},"_links":{"self":[{"href":"https:\/\/paracherkaoui.ma\/index.php\/wp-json\/wp\/v2\/product\/25472","targetHints":{"allow":["GET"]}}],"collection":[{"href":"https:\/\/paracherkaoui.ma\/index.php\/wp-json\/wp\/v2\/product"}],"about":[{"href":"https:\/\/paracherkaoui.ma\/index.php\/wp-json\/wp\/v2\/types\/product"}],"replies":[{"embeddable":true,"href":"https:\/\/paracherkaoui.ma\/index.php\/wp-json\/wp\/v2\/comments?post=25472"}],"version-history":[{"count":1,"href":"https:\/\/paracherkaoui.ma\/index.php\/wp-json\/wp\/v2\/product\/25472\/revisions"}],"predecessor-version":[{"id":25518,"href":"https:\/\/paracherkaoui.ma\/index.php\/wp-json\/wp\/v2\/product\/25472\/revisions\/25518"}],"wp:featuredmedia":[{"embeddable":true,"href":"https:\/\/paracherkaoui.ma\/index.php\/wp-json\/wp\/v2\/media\/25517"}],"wp:attachment":[{"href":"https:\/\/paracherkaoui.ma\/index.php\/wp-json\/wp\/v2\/media?parent=25472"}],"wp:term":[{"taxonomy":"product_brand","embeddable":true,"href":"https:\/\/paracherkaoui.ma\/index.php\/wp-json\/wp\/v2\/product_brand?post=25472"},{"taxonomy":"product_cat","embeddable":true,"href":"https:\/\/paracherkaoui.ma\/index.php\/wp-json\/wp\/v2\/product_cat?post=25472"},{"taxonomy":"product_tag","embeddable":true,"href":"https:\/\/paracherkaoui.ma\/index.php\/wp-json\/wp\/v2\/product_tag?post=25472"}],"curies":[{"name":"wp","href":"https:\/\/api.w.org\/{rel}","templated":true}]}}