{"id":25384,"date":"2025-12-12T18:22:30","date_gmt":"2025-12-12T17:22:30","guid":{"rendered":"https:\/\/test.ecbeaute.com\/?post_type=product&#038;p=25384"},"modified":"2025-12-12T18:22:34","modified_gmt":"2025-12-12T17:22:34","slug":"heliabrine-soin-hydratant-matifiant-peaux-mixtes-a-grasses","status":"publish","type":"product","link":"https:\/\/paracherkaoui.ma\/index.php\/produit\/heliabrine-soin-hydratant-matifiant-peaux-mixtes-a-grasses\/","title":{"rendered":"HELIABRINE SOIN HYDRATANT MATIFIANT PEAUX MIXTES A GRASSES"},"content":{"rendered":"<p>Ce soin quotidien \u00e0 la texture fra\u00eeche et l\u00e9g\u00e8re hydrate, matifie et apaise d\u00e8s la premi\u00e8re application les peaux mixtes ou grasses. Il contient un actif brev et\u00e9 le Lipester\u00aeCSS qui aide \u00e0 lutter contre le d\u00e9veloppement microbien et assainir la peau. Des poudres matifiantes SOFT FOCUS offrent un toucher velout\u00e9, estompent les imperfections et absorbent l&rsquo;exc\u00e8s de s\u00e9bum. La peau retrouve rapidement douceur et souplesse, les sensations d\u2019inconfort s\u2019att\u00e9nuent et les pores se resserrent. Excellente base de maquillage gr\u00e2ce \u00e0 son fini mat et son action anti-brillance. Formule non grasse. Le soin hydratant matifiant HELIABRINE est \u00e9galement recommand\u00e9 pour les peaux masculines.<br \/>\nConseils d&rsquo;utilisation:<br \/>\nMatin et soir, proc\u00e9der \u00e0 la toilette du visage \u00e0 l\u2019aide du Gel Nettoyant Moussant.<\/p>\n","protected":false},"excerpt":{"rendered":"<p>Ce soin quotidien \u00e0 la texture fra\u00eeche et l\u00e9g\u00e8re hydrate, matifie et apaise d\u00e8s la premi\u00e8re application les peaux mixtes<\/p>\n","protected":false},"featured_media":25430,"comment_status":"open","ping_status":"closed","template":"","meta":[],"product_brand":[360],"product_cat":[502],"product_tag":[],"class_list":{"0":"post-25384","1":"product","2":"type-product","3":"status-publish","4":"has-post-thumbnail","6":"product_brand-heliabrine","7":"product_cat-soins-anti-imperfections","9":"first","10":"instock","11":"sale","12":"shipping-taxable","13":"purchasable","14":"product-type-simple"},"yoast_head":"<!-- This site is optimized with the Yoast SEO plugin v26.6 - https:\/\/yoast.com\/wordpress\/plugins\/seo\/ -->\r\n<title>HELIABRINE SOIN HYDRATANT MATIFIANT PEAUX MIXTES A GRASSES - Paracherkaoui.ma<\/title>\r\n<meta name=\"robots\" content=\"index, follow, max-snippet:-1, max-image-preview:large, max-video-preview:-1\" \/>\r\n<link rel=\"canonical\" href=\"https:\/\/paracherkaoui.ma\/index.php\/produit\/heliabrine-soin-hydratant-matifiant-peaux-mixtes-a-grasses\/\" \/>\r\n<meta property=\"og:locale\" content=\"fr_FR\" \/>\r\n<meta property=\"og:type\" content=\"article\" \/>\r\n<meta property=\"og:title\" content=\"HELIABRINE SOIN HYDRATANT MATIFIANT PEAUX MIXTES A GRASSES - Paracherkaoui.ma\" \/>\r\n<meta property=\"og:description\" content=\"Ce soin quotidien \u00e0 la texture fra\u00eeche et l\u00e9g\u00e8re hydrate, matifie et apaise d\u00e8s la premi\u00e8re application les peaux mixtes\" \/>\r\n<meta property=\"og:url\" content=\"https:\/\/paracherkaoui.ma\/index.php\/produit\/heliabrine-soin-hydratant-matifiant-peaux-mixtes-a-grasses\/\" \/>\r\n<meta property=\"og:site_name\" content=\"Paracherkaoui.ma\" \/>\r\n<meta property=\"article:modified_time\" content=\"2025-12-12T17:22:34+00:00\" \/>\r\n<meta property=\"og:image\" content=\"https:\/\/paracherkaoui.ma\/wp-content\/uploads\/2025\/12\/heliabrine-heliabrine-soin-hydratant-matifiant-peaux-mixtes-a-grasses-soins-anti-imperfections.jpg\" \/>\r\n\t<meta property=\"og:image:width\" content=\"700\" \/>\r\n\t<meta property=\"og:image:height\" content=\"700\" \/>\r\n\t<meta property=\"og:image:type\" content=\"image\/jpeg\" \/>\r\n<meta name=\"twitter:card\" content=\"summary_large_image\" \/>\r\n<meta name=\"twitter:label1\" content=\"Dur\u00e9e de lecture estim\u00e9e\" \/>\n\t<meta name=\"twitter:data1\" content=\"1 minute\" \/>\r\n<script type=\"application\/ld+json\" class=\"yoast-schema-graph\">{\"@context\":\"https:\/\/schema.org\",\"@graph\":[{\"@type\":\"WebPage\",\"@id\":\"https:\/\/paracherkaoui.ma\/index.php\/produit\/heliabrine-soin-hydratant-matifiant-peaux-mixtes-a-grasses\/\",\"url\":\"https:\/\/paracherkaoui.ma\/index.php\/produit\/heliabrine-soin-hydratant-matifiant-peaux-mixtes-a-grasses\/\",\"name\":\"HELIABRINE SOIN HYDRATANT MATIFIANT PEAUX MIXTES A GRASSES - Paracherkaoui.ma\",\"isPartOf\":{\"@id\":\"https:\/\/paracherkaoui.ma\/#website\"},\"primaryImageOfPage\":{\"@id\":\"https:\/\/paracherkaoui.ma\/index.php\/produit\/heliabrine-soin-hydratant-matifiant-peaux-mixtes-a-grasses\/#primaryimage\"},\"image\":{\"@id\":\"https:\/\/paracherkaoui.ma\/index.php\/produit\/heliabrine-soin-hydratant-matifiant-peaux-mixtes-a-grasses\/#primaryimage\"},\"thumbnailUrl\":\"https:\/\/paracherkaoui.ma\/wp-content\/uploads\/2025\/12\/heliabrine-heliabrine-soin-hydratant-matifiant-peaux-mixtes-a-grasses-soins-anti-imperfections.jpg\",\"datePublished\":\"2025-12-12T17:22:30+00:00\",\"dateModified\":\"2025-12-12T17:22:34+00:00\",\"breadcrumb\":{\"@id\":\"https:\/\/paracherkaoui.ma\/index.php\/produit\/heliabrine-soin-hydratant-matifiant-peaux-mixtes-a-grasses\/#breadcrumb\"},\"inLanguage\":\"fr-FR\",\"potentialAction\":[{\"@type\":\"ReadAction\",\"target\":[\"https:\/\/paracherkaoui.ma\/index.php\/produit\/heliabrine-soin-hydratant-matifiant-peaux-mixtes-a-grasses\/\"]}]},{\"@type\":\"ImageObject\",\"inLanguage\":\"fr-FR\",\"@id\":\"https:\/\/paracherkaoui.ma\/index.php\/produit\/heliabrine-soin-hydratant-matifiant-peaux-mixtes-a-grasses\/#primaryimage\",\"url\":\"https:\/\/paracherkaoui.ma\/wp-content\/uploads\/2025\/12\/heliabrine-heliabrine-soin-hydratant-matifiant-peaux-mixtes-a-grasses-soins-anti-imperfections.jpg\",\"contentUrl\":\"https:\/\/paracherkaoui.ma\/wp-content\/uploads\/2025\/12\/heliabrine-heliabrine-soin-hydratant-matifiant-peaux-mixtes-a-grasses-soins-anti-imperfections.jpg\",\"width\":700,\"height\":700},{\"@type\":\"BreadcrumbList\",\"@id\":\"https:\/\/paracherkaoui.ma\/index.php\/produit\/heliabrine-soin-hydratant-matifiant-peaux-mixtes-a-grasses\/#breadcrumb\",\"itemListElement\":[{\"@type\":\"ListItem\",\"position\":1,\"name\":\"Accueil\",\"item\":\"https:\/\/paracherkaoui.ma\/\"},{\"@type\":\"ListItem\",\"position\":2,\"name\":\"Boutique\",\"item\":\"https:\/\/paracherkaoui.ma\/index.php\/boutique\/\"},{\"@type\":\"ListItem\",\"position\":3,\"name\":\"HELIABRINE SOIN HYDRATANT MATIFIANT PEAUX MIXTES A GRASSES\"}]},{\"@type\":\"WebSite\",\"@id\":\"https:\/\/paracherkaoui.ma\/#website\",\"url\":\"https:\/\/paracherkaoui.ma\/\",\"name\":\"Paracherkaoui.ma\",\"description\":\"Achetez en ligne sur Paracherkaoui.ma\",\"potentialAction\":[{\"@type\":\"SearchAction\",\"target\":{\"@type\":\"EntryPoint\",\"urlTemplate\":\"https:\/\/paracherkaoui.ma\/?s={search_term_string}\"},\"query-input\":{\"@type\":\"PropertyValueSpecification\",\"valueRequired\":true,\"valueName\":\"search_term_string\"}}],\"inLanguage\":\"fr-FR\"}]}<\/script>\r\n<!-- \/ Yoast SEO plugin. -->","yoast_head_json":{"title":"HELIABRINE SOIN HYDRATANT MATIFIANT PEAUX MIXTES A GRASSES - Paracherkaoui.ma","robots":{"index":"index","follow":"follow","max-snippet":"max-snippet:-1","max-image-preview":"max-image-preview:large","max-video-preview":"max-video-preview:-1"},"canonical":"https:\/\/paracherkaoui.ma\/index.php\/produit\/heliabrine-soin-hydratant-matifiant-peaux-mixtes-a-grasses\/","og_locale":"fr_FR","og_type":"article","og_title":"HELIABRINE SOIN HYDRATANT MATIFIANT PEAUX MIXTES A GRASSES - Paracherkaoui.ma","og_description":"Ce soin quotidien \u00e0 la texture fra\u00eeche et l\u00e9g\u00e8re hydrate, matifie et apaise d\u00e8s la premi\u00e8re application les peaux mixtes","og_url":"https:\/\/paracherkaoui.ma\/index.php\/produit\/heliabrine-soin-hydratant-matifiant-peaux-mixtes-a-grasses\/","og_site_name":"Paracherkaoui.ma","article_modified_time":"2025-12-12T17:22:34+00:00","og_image":[{"width":700,"height":700,"url":"https:\/\/paracherkaoui.ma\/wp-content\/uploads\/2025\/12\/heliabrine-heliabrine-soin-hydratant-matifiant-peaux-mixtes-a-grasses-soins-anti-imperfections.jpg","type":"image\/jpeg"}],"twitter_card":"summary_large_image","twitter_misc":{"Dur\u00e9e de lecture estim\u00e9e":"1 minute"},"schema":{"@context":"https:\/\/schema.org","@graph":[{"@type":"WebPage","@id":"https:\/\/paracherkaoui.ma\/index.php\/produit\/heliabrine-soin-hydratant-matifiant-peaux-mixtes-a-grasses\/","url":"https:\/\/paracherkaoui.ma\/index.php\/produit\/heliabrine-soin-hydratant-matifiant-peaux-mixtes-a-grasses\/","name":"HELIABRINE SOIN HYDRATANT MATIFIANT PEAUX MIXTES A GRASSES - Paracherkaoui.ma","isPartOf":{"@id":"https:\/\/paracherkaoui.ma\/#website"},"primaryImageOfPage":{"@id":"https:\/\/paracherkaoui.ma\/index.php\/produit\/heliabrine-soin-hydratant-matifiant-peaux-mixtes-a-grasses\/#primaryimage"},"image":{"@id":"https:\/\/paracherkaoui.ma\/index.php\/produit\/heliabrine-soin-hydratant-matifiant-peaux-mixtes-a-grasses\/#primaryimage"},"thumbnailUrl":"https:\/\/paracherkaoui.ma\/wp-content\/uploads\/2025\/12\/heliabrine-heliabrine-soin-hydratant-matifiant-peaux-mixtes-a-grasses-soins-anti-imperfections.jpg","datePublished":"2025-12-12T17:22:30+00:00","dateModified":"2025-12-12T17:22:34+00:00","breadcrumb":{"@id":"https:\/\/paracherkaoui.ma\/index.php\/produit\/heliabrine-soin-hydratant-matifiant-peaux-mixtes-a-grasses\/#breadcrumb"},"inLanguage":"fr-FR","potentialAction":[{"@type":"ReadAction","target":["https:\/\/paracherkaoui.ma\/index.php\/produit\/heliabrine-soin-hydratant-matifiant-peaux-mixtes-a-grasses\/"]}]},{"@type":"ImageObject","inLanguage":"fr-FR","@id":"https:\/\/paracherkaoui.ma\/index.php\/produit\/heliabrine-soin-hydratant-matifiant-peaux-mixtes-a-grasses\/#primaryimage","url":"https:\/\/paracherkaoui.ma\/wp-content\/uploads\/2025\/12\/heliabrine-heliabrine-soin-hydratant-matifiant-peaux-mixtes-a-grasses-soins-anti-imperfections.jpg","contentUrl":"https:\/\/paracherkaoui.ma\/wp-content\/uploads\/2025\/12\/heliabrine-heliabrine-soin-hydratant-matifiant-peaux-mixtes-a-grasses-soins-anti-imperfections.jpg","width":700,"height":700},{"@type":"BreadcrumbList","@id":"https:\/\/paracherkaoui.ma\/index.php\/produit\/heliabrine-soin-hydratant-matifiant-peaux-mixtes-a-grasses\/#breadcrumb","itemListElement":[{"@type":"ListItem","position":1,"name":"Accueil","item":"https:\/\/paracherkaoui.ma\/"},{"@type":"ListItem","position":2,"name":"Boutique","item":"https:\/\/paracherkaoui.ma\/index.php\/boutique\/"},{"@type":"ListItem","position":3,"name":"HELIABRINE SOIN HYDRATANT MATIFIANT PEAUX MIXTES A GRASSES"}]},{"@type":"WebSite","@id":"https:\/\/paracherkaoui.ma\/#website","url":"https:\/\/paracherkaoui.ma\/","name":"Paracherkaoui.ma","description":"Achetez en ligne sur Paracherkaoui.ma","potentialAction":[{"@type":"SearchAction","target":{"@type":"EntryPoint","urlTemplate":"https:\/\/paracherkaoui.ma\/?s={search_term_string}"},"query-input":{"@type":"PropertyValueSpecification","valueRequired":true,"valueName":"search_term_string"}}],"inLanguage":"fr-FR"}]}},"_links":{"self":[{"href":"https:\/\/paracherkaoui.ma\/index.php\/wp-json\/wp\/v2\/product\/25384","targetHints":{"allow":["GET"]}}],"collection":[{"href":"https:\/\/paracherkaoui.ma\/index.php\/wp-json\/wp\/v2\/product"}],"about":[{"href":"https:\/\/paracherkaoui.ma\/index.php\/wp-json\/wp\/v2\/types\/product"}],"replies":[{"embeddable":true,"href":"https:\/\/paracherkaoui.ma\/index.php\/wp-json\/wp\/v2\/comments?post=25384"}],"version-history":[{"count":1,"href":"https:\/\/paracherkaoui.ma\/index.php\/wp-json\/wp\/v2\/product\/25384\/revisions"}],"predecessor-version":[{"id":25431,"href":"https:\/\/paracherkaoui.ma\/index.php\/wp-json\/wp\/v2\/product\/25384\/revisions\/25431"}],"wp:featuredmedia":[{"embeddable":true,"href":"https:\/\/paracherkaoui.ma\/index.php\/wp-json\/wp\/v2\/media\/25430"}],"wp:attachment":[{"href":"https:\/\/paracherkaoui.ma\/index.php\/wp-json\/wp\/v2\/media?parent=25384"}],"wp:term":[{"taxonomy":"product_brand","embeddable":true,"href":"https:\/\/paracherkaoui.ma\/index.php\/wp-json\/wp\/v2\/product_brand?post=25384"},{"taxonomy":"product_cat","embeddable":true,"href":"https:\/\/paracherkaoui.ma\/index.php\/wp-json\/wp\/v2\/product_cat?post=25384"},{"taxonomy":"product_tag","embeddable":true,"href":"https:\/\/paracherkaoui.ma\/index.php\/wp-json\/wp\/v2\/product_tag?post=25384"}],"curies":[{"name":"wp","href":"https:\/\/api.w.org\/{rel}","templated":true}]}}