{"id":25378,"date":"2025-12-12T18:22:30","date_gmt":"2025-12-12T17:22:30","guid":{"rendered":"https:\/\/test.ecbeaute.com\/?post_type=product&#038;p=25378"},"modified":"2025-12-12T18:22:33","modified_gmt":"2025-12-12T17:22:33","slug":"dermeden-concentre-anti-taches-cure-3-mois","status":"publish","type":"product","link":"https:\/\/paracherkaoui.ma\/index.php\/produit\/dermeden-concentre-anti-taches-cure-3-mois\/","title":{"rendered":"DERMEDEN CONCENTRE ANTI TACHES CURE 3 MOIS"},"content":{"rendered":"<p>Cette cure de 3 mois agit durablement sur les taches et zones pigmentaires existantes et celles en \u00e9volution.<br \/>\nElle associe la Niacinamide pure, un actif anti-taches de r\u00e9f\u00e9rence en tr\u00e8s haute concentration \u00e0 l\u2019Acide Tranexamique, la derni\u00e8re mol\u00e9cule anti-taches pl\u00e9bisict\u00e9e par les dermatologues, pour r\u00e9duire la lib\u00e9ration de la m\u00e9lanine (pigment responsable des taches).<br \/>\nEn dermatologie, pour traiter l&rsquo;hyperpigmentation sans m\u00e9dicaments, on privil\u00e9gie la Niacinamide (\u00e0 5% au moins) pour bloquer efficacement le transfert de m\u00e9lanine. Une nouvelle mol\u00e9cule, l&rsquo;Acide Tranexamique, montre des propri\u00e9t\u00e9s \u00e9claircissantes similaires \u00e0 l&rsquo;hydroquinone. Son action intervient au d\u00e9but de l&rsquo;hyperpigmentation, compl\u00e9mentant la Niacinamide, qui agit en fin de processus.<br \/>\nNotre Concentr\u00e9 Anti-taches contient 5% d&rsquo;Acide Tranexamique et 10% de Niacinamide, une solution concentr\u00e9e pour traiter l&rsquo;hyperpigmentation.<br \/>\n5% Acide Tranexamique<br \/>\n10% Niacinamide<br \/>\nComposition\u00a0:<br \/>\nAqua (water), niacinamide, tranexamic acid, propanediol, xanthan gum, ethylhexyl glycerin, chlorphenesin, citric acid, tocopherol.<br \/>\nConseils d&rsquo;utilisation:<br \/>\nEn application cutan\u00e9e localis\u00e9e, d\u00e9poser 1 \u00e0 2 gouttes, selon la s\u00e9v\u00e9rit\u00e9 des sympt\u00f4mes, sur les zones hyperpigment\u00e9es. Cette cure est \u00e0 appliquer 2 fois par jour pendant 12 semaines : le matin avant la cr\u00e8me de soin et le soir sur une peau propre.<\/p>\n","protected":false},"excerpt":{"rendered":"<p>Cette cure de 3 mois agit durablement sur les taches et zones pigmentaires existantes et celles en \u00e9volution. Elle associe<\/p>\n","protected":false},"featured_media":25418,"comment_status":"open","ping_status":"closed","template":"","meta":[],"product_brand":[470],"product_cat":[502],"product_tag":[],"class_list":{"0":"post-25378","1":"product","2":"type-product","3":"status-publish","4":"has-post-thumbnail","6":"product_brand-dermeden","7":"product_cat-soins-anti-imperfections","9":"first","10":"instock","11":"sale","12":"shipping-taxable","13":"purchasable","14":"product-type-simple"},"yoast_head":"<!-- This site is optimized with the Yoast SEO plugin v26.6 - https:\/\/yoast.com\/wordpress\/plugins\/seo\/ -->\r\n<title>DERMEDEN CONCENTRE ANTI TACHES CURE 3 MOIS - Paracherkaoui.ma<\/title>\r\n<meta name=\"robots\" content=\"index, follow, max-snippet:-1, max-image-preview:large, max-video-preview:-1\" \/>\r\n<link rel=\"canonical\" href=\"https:\/\/paracherkaoui.ma\/index.php\/produit\/dermeden-concentre-anti-taches-cure-3-mois\/\" \/>\r\n<meta property=\"og:locale\" content=\"fr_FR\" \/>\r\n<meta property=\"og:type\" content=\"article\" \/>\r\n<meta property=\"og:title\" content=\"DERMEDEN CONCENTRE ANTI TACHES CURE 3 MOIS - Paracherkaoui.ma\" \/>\r\n<meta property=\"og:description\" content=\"Cette cure de 3 mois agit durablement sur les taches et zones pigmentaires existantes et celles en \u00e9volution. Elle associe\" \/>\r\n<meta property=\"og:url\" content=\"https:\/\/paracherkaoui.ma\/index.php\/produit\/dermeden-concentre-anti-taches-cure-3-mois\/\" \/>\r\n<meta property=\"og:site_name\" content=\"Paracherkaoui.ma\" \/>\r\n<meta property=\"article:modified_time\" content=\"2025-12-12T17:22:33+00:00\" \/>\r\n<meta property=\"og:image\" content=\"https:\/\/paracherkaoui.ma\/wp-content\/uploads\/2025\/12\/dermeden-dermeden-concentre-anti-taches-cure-3-mois-soins-anti-imperfections.jpg\" \/>\r\n\t<meta property=\"og:image:width\" content=\"700\" \/>\r\n\t<meta property=\"og:image:height\" content=\"700\" \/>\r\n\t<meta property=\"og:image:type\" content=\"image\/jpeg\" \/>\r\n<meta name=\"twitter:card\" content=\"summary_large_image\" \/>\r\n<meta name=\"twitter:label1\" content=\"Dur\u00e9e de lecture estim\u00e9e\" \/>\n\t<meta name=\"twitter:data1\" content=\"1 minute\" \/>\r\n<script type=\"application\/ld+json\" class=\"yoast-schema-graph\">{\"@context\":\"https:\/\/schema.org\",\"@graph\":[{\"@type\":\"WebPage\",\"@id\":\"https:\/\/paracherkaoui.ma\/index.php\/produit\/dermeden-concentre-anti-taches-cure-3-mois\/\",\"url\":\"https:\/\/paracherkaoui.ma\/index.php\/produit\/dermeden-concentre-anti-taches-cure-3-mois\/\",\"name\":\"DERMEDEN CONCENTRE ANTI TACHES CURE 3 MOIS - Paracherkaoui.ma\",\"isPartOf\":{\"@id\":\"https:\/\/paracherkaoui.ma\/#website\"},\"primaryImageOfPage\":{\"@id\":\"https:\/\/paracherkaoui.ma\/index.php\/produit\/dermeden-concentre-anti-taches-cure-3-mois\/#primaryimage\"},\"image\":{\"@id\":\"https:\/\/paracherkaoui.ma\/index.php\/produit\/dermeden-concentre-anti-taches-cure-3-mois\/#primaryimage\"},\"thumbnailUrl\":\"https:\/\/paracherkaoui.ma\/wp-content\/uploads\/2025\/12\/dermeden-dermeden-concentre-anti-taches-cure-3-mois-soins-anti-imperfections.jpg\",\"datePublished\":\"2025-12-12T17:22:30+00:00\",\"dateModified\":\"2025-12-12T17:22:33+00:00\",\"breadcrumb\":{\"@id\":\"https:\/\/paracherkaoui.ma\/index.php\/produit\/dermeden-concentre-anti-taches-cure-3-mois\/#breadcrumb\"},\"inLanguage\":\"fr-FR\",\"potentialAction\":[{\"@type\":\"ReadAction\",\"target\":[\"https:\/\/paracherkaoui.ma\/index.php\/produit\/dermeden-concentre-anti-taches-cure-3-mois\/\"]}]},{\"@type\":\"ImageObject\",\"inLanguage\":\"fr-FR\",\"@id\":\"https:\/\/paracherkaoui.ma\/index.php\/produit\/dermeden-concentre-anti-taches-cure-3-mois\/#primaryimage\",\"url\":\"https:\/\/paracherkaoui.ma\/wp-content\/uploads\/2025\/12\/dermeden-dermeden-concentre-anti-taches-cure-3-mois-soins-anti-imperfections.jpg\",\"contentUrl\":\"https:\/\/paracherkaoui.ma\/wp-content\/uploads\/2025\/12\/dermeden-dermeden-concentre-anti-taches-cure-3-mois-soins-anti-imperfections.jpg\",\"width\":700,\"height\":700},{\"@type\":\"BreadcrumbList\",\"@id\":\"https:\/\/paracherkaoui.ma\/index.php\/produit\/dermeden-concentre-anti-taches-cure-3-mois\/#breadcrumb\",\"itemListElement\":[{\"@type\":\"ListItem\",\"position\":1,\"name\":\"Accueil\",\"item\":\"https:\/\/paracherkaoui.ma\/\"},{\"@type\":\"ListItem\",\"position\":2,\"name\":\"Boutique\",\"item\":\"https:\/\/paracherkaoui.ma\/index.php\/boutique\/\"},{\"@type\":\"ListItem\",\"position\":3,\"name\":\"DERMEDEN CONCENTRE ANTI TACHES CURE 3 MOIS\"}]},{\"@type\":\"WebSite\",\"@id\":\"https:\/\/paracherkaoui.ma\/#website\",\"url\":\"https:\/\/paracherkaoui.ma\/\",\"name\":\"Paracherkaoui.ma\",\"description\":\"Achetez en ligne sur Paracherkaoui.ma\",\"potentialAction\":[{\"@type\":\"SearchAction\",\"target\":{\"@type\":\"EntryPoint\",\"urlTemplate\":\"https:\/\/paracherkaoui.ma\/?s={search_term_string}\"},\"query-input\":{\"@type\":\"PropertyValueSpecification\",\"valueRequired\":true,\"valueName\":\"search_term_string\"}}],\"inLanguage\":\"fr-FR\"}]}<\/script>\r\n<!-- \/ Yoast SEO plugin. -->","yoast_head_json":{"title":"DERMEDEN CONCENTRE ANTI TACHES CURE 3 MOIS - Paracherkaoui.ma","robots":{"index":"index","follow":"follow","max-snippet":"max-snippet:-1","max-image-preview":"max-image-preview:large","max-video-preview":"max-video-preview:-1"},"canonical":"https:\/\/paracherkaoui.ma\/index.php\/produit\/dermeden-concentre-anti-taches-cure-3-mois\/","og_locale":"fr_FR","og_type":"article","og_title":"DERMEDEN CONCENTRE ANTI TACHES CURE 3 MOIS - Paracherkaoui.ma","og_description":"Cette cure de 3 mois agit durablement sur les taches et zones pigmentaires existantes et celles en \u00e9volution. Elle associe","og_url":"https:\/\/paracherkaoui.ma\/index.php\/produit\/dermeden-concentre-anti-taches-cure-3-mois\/","og_site_name":"Paracherkaoui.ma","article_modified_time":"2025-12-12T17:22:33+00:00","og_image":[{"width":700,"height":700,"url":"https:\/\/paracherkaoui.ma\/wp-content\/uploads\/2025\/12\/dermeden-dermeden-concentre-anti-taches-cure-3-mois-soins-anti-imperfections.jpg","type":"image\/jpeg"}],"twitter_card":"summary_large_image","twitter_misc":{"Dur\u00e9e de lecture estim\u00e9e":"1 minute"},"schema":{"@context":"https:\/\/schema.org","@graph":[{"@type":"WebPage","@id":"https:\/\/paracherkaoui.ma\/index.php\/produit\/dermeden-concentre-anti-taches-cure-3-mois\/","url":"https:\/\/paracherkaoui.ma\/index.php\/produit\/dermeden-concentre-anti-taches-cure-3-mois\/","name":"DERMEDEN CONCENTRE ANTI TACHES CURE 3 MOIS - Paracherkaoui.ma","isPartOf":{"@id":"https:\/\/paracherkaoui.ma\/#website"},"primaryImageOfPage":{"@id":"https:\/\/paracherkaoui.ma\/index.php\/produit\/dermeden-concentre-anti-taches-cure-3-mois\/#primaryimage"},"image":{"@id":"https:\/\/paracherkaoui.ma\/index.php\/produit\/dermeden-concentre-anti-taches-cure-3-mois\/#primaryimage"},"thumbnailUrl":"https:\/\/paracherkaoui.ma\/wp-content\/uploads\/2025\/12\/dermeden-dermeden-concentre-anti-taches-cure-3-mois-soins-anti-imperfections.jpg","datePublished":"2025-12-12T17:22:30+00:00","dateModified":"2025-12-12T17:22:33+00:00","breadcrumb":{"@id":"https:\/\/paracherkaoui.ma\/index.php\/produit\/dermeden-concentre-anti-taches-cure-3-mois\/#breadcrumb"},"inLanguage":"fr-FR","potentialAction":[{"@type":"ReadAction","target":["https:\/\/paracherkaoui.ma\/index.php\/produit\/dermeden-concentre-anti-taches-cure-3-mois\/"]}]},{"@type":"ImageObject","inLanguage":"fr-FR","@id":"https:\/\/paracherkaoui.ma\/index.php\/produit\/dermeden-concentre-anti-taches-cure-3-mois\/#primaryimage","url":"https:\/\/paracherkaoui.ma\/wp-content\/uploads\/2025\/12\/dermeden-dermeden-concentre-anti-taches-cure-3-mois-soins-anti-imperfections.jpg","contentUrl":"https:\/\/paracherkaoui.ma\/wp-content\/uploads\/2025\/12\/dermeden-dermeden-concentre-anti-taches-cure-3-mois-soins-anti-imperfections.jpg","width":700,"height":700},{"@type":"BreadcrumbList","@id":"https:\/\/paracherkaoui.ma\/index.php\/produit\/dermeden-concentre-anti-taches-cure-3-mois\/#breadcrumb","itemListElement":[{"@type":"ListItem","position":1,"name":"Accueil","item":"https:\/\/paracherkaoui.ma\/"},{"@type":"ListItem","position":2,"name":"Boutique","item":"https:\/\/paracherkaoui.ma\/index.php\/boutique\/"},{"@type":"ListItem","position":3,"name":"DERMEDEN CONCENTRE ANTI TACHES CURE 3 MOIS"}]},{"@type":"WebSite","@id":"https:\/\/paracherkaoui.ma\/#website","url":"https:\/\/paracherkaoui.ma\/","name":"Paracherkaoui.ma","description":"Achetez en ligne sur Paracherkaoui.ma","potentialAction":[{"@type":"SearchAction","target":{"@type":"EntryPoint","urlTemplate":"https:\/\/paracherkaoui.ma\/?s={search_term_string}"},"query-input":{"@type":"PropertyValueSpecification","valueRequired":true,"valueName":"search_term_string"}}],"inLanguage":"fr-FR"}]}},"_links":{"self":[{"href":"https:\/\/paracherkaoui.ma\/index.php\/wp-json\/wp\/v2\/product\/25378","targetHints":{"allow":["GET"]}}],"collection":[{"href":"https:\/\/paracherkaoui.ma\/index.php\/wp-json\/wp\/v2\/product"}],"about":[{"href":"https:\/\/paracherkaoui.ma\/index.php\/wp-json\/wp\/v2\/types\/product"}],"replies":[{"embeddable":true,"href":"https:\/\/paracherkaoui.ma\/index.php\/wp-json\/wp\/v2\/comments?post=25378"}],"version-history":[{"count":1,"href":"https:\/\/paracherkaoui.ma\/index.php\/wp-json\/wp\/v2\/product\/25378\/revisions"}],"predecessor-version":[{"id":25419,"href":"https:\/\/paracherkaoui.ma\/index.php\/wp-json\/wp\/v2\/product\/25378\/revisions\/25419"}],"wp:featuredmedia":[{"embeddable":true,"href":"https:\/\/paracherkaoui.ma\/index.php\/wp-json\/wp\/v2\/media\/25418"}],"wp:attachment":[{"href":"https:\/\/paracherkaoui.ma\/index.php\/wp-json\/wp\/v2\/media?parent=25378"}],"wp:term":[{"taxonomy":"product_brand","embeddable":true,"href":"https:\/\/paracherkaoui.ma\/index.php\/wp-json\/wp\/v2\/product_brand?post=25378"},{"taxonomy":"product_cat","embeddable":true,"href":"https:\/\/paracherkaoui.ma\/index.php\/wp-json\/wp\/v2\/product_cat?post=25378"},{"taxonomy":"product_tag","embeddable":true,"href":"https:\/\/paracherkaoui.ma\/index.php\/wp-json\/wp\/v2\/product_tag?post=25378"}],"curies":[{"name":"wp","href":"https:\/\/api.w.org\/{rel}","templated":true}]}}