{"id":25369,"date":"2025-12-12T18:22:29","date_gmt":"2025-12-12T17:22:29","guid":{"rendered":"https:\/\/test.ecbeaute.com\/?post_type=product&#038;p=25369"},"modified":"2025-12-12T18:22:31","modified_gmt":"2025-12-12T17:22:31","slug":"placentor-fluide-hydratant-peau-normal-a-mixte-40-ml","status":"publish","type":"product","link":"https:\/\/paracherkaoui.ma\/index.php\/produit\/placentor-fluide-hydratant-peau-normal-a-mixte-40-ml\/","title":{"rendered":"PLACENTOR FLUIDE HYDRATANT PEAU NORMAL A MIXTE 40 ML"},"content":{"rendered":"<p>Placentor V\u00e9g\u00e9tal Fluide Hydratant Peaux Normales et Mixtes 40 ml est un soin \u00e0 la texture l\u00e9g\u00e8re et fra\u00eeche qui hydrate durablement les peaux normales \u00e0 mixtes. L&rsquo;huile d&rsquo;abricot apporte douceur et confort. Le zinc, associ\u00e9 \u00e0 des poudres min\u00e9rales absorbantes, matifie les brillances de la zone T. Hydratation longue dur\u00e9e cliniquement prouv\u00e9e.Tol\u00e9rance test\u00e9e sous contr\u00f4le dermatologique. Non com\u00e9dog\u00e8ne. 0% Paraben.<br \/>\nConseils d&rsquo;utilisation<br \/>\nAppliquer matin et soir sur le visage et le cou pr\u00e9alablement nettoy\u00e9s.<\/p>\n","protected":false},"excerpt":{"rendered":"<p>Placentor V\u00e9g\u00e9tal Fluide Hydratant Peaux Normales et Mixtes 40 ml est un soin \u00e0 la texture l\u00e9g\u00e8re et fra\u00eeche qui<\/p>\n","protected":false},"featured_media":25401,"comment_status":"open","ping_status":"closed","template":"","meta":[],"product_brand":[244],"product_cat":[502],"product_tag":[],"class_list":{"0":"post-25369","1":"product","2":"type-product","3":"status-publish","4":"has-post-thumbnail","6":"product_brand-placentor","7":"product_cat-soins-anti-imperfections","9":"first","10":"instock","11":"sale","12":"shipping-taxable","13":"purchasable","14":"product-type-simple"},"yoast_head":"<!-- This site is optimized with the Yoast SEO plugin v26.6 - https:\/\/yoast.com\/wordpress\/plugins\/seo\/ -->\r\n<title>PLACENTOR FLUIDE HYDRATANT PEAU NORMAL A MIXTE 40 ML - Paracherkaoui.ma<\/title>\r\n<meta name=\"robots\" content=\"index, follow, max-snippet:-1, max-image-preview:large, max-video-preview:-1\" \/>\r\n<link rel=\"canonical\" href=\"https:\/\/paracherkaoui.ma\/index.php\/produit\/placentor-fluide-hydratant-peau-normal-a-mixte-40-ml\/\" \/>\r\n<meta property=\"og:locale\" content=\"fr_FR\" \/>\r\n<meta property=\"og:type\" content=\"article\" \/>\r\n<meta property=\"og:title\" content=\"PLACENTOR FLUIDE HYDRATANT PEAU NORMAL A MIXTE 40 ML - Paracherkaoui.ma\" \/>\r\n<meta property=\"og:description\" content=\"Placentor V\u00e9g\u00e9tal Fluide Hydratant Peaux Normales et Mixtes 40 ml est un soin \u00e0 la texture l\u00e9g\u00e8re et fra\u00eeche qui\" \/>\r\n<meta property=\"og:url\" content=\"https:\/\/paracherkaoui.ma\/index.php\/produit\/placentor-fluide-hydratant-peau-normal-a-mixte-40-ml\/\" \/>\r\n<meta property=\"og:site_name\" content=\"Paracherkaoui.ma\" \/>\r\n<meta property=\"article:modified_time\" content=\"2025-12-12T17:22:31+00:00\" \/>\r\n<meta property=\"og:image\" content=\"https:\/\/paracherkaoui.ma\/wp-content\/uploads\/2025\/12\/placentor-fluide-hydratant-peau-normal-a-mixte-40-ml.jpg\" \/>\r\n\t<meta property=\"og:image:width\" content=\"700\" \/>\r\n\t<meta property=\"og:image:height\" content=\"700\" \/>\r\n\t<meta property=\"og:image:type\" content=\"image\/jpeg\" \/>\r\n<meta name=\"twitter:card\" content=\"summary_large_image\" \/>\r\n<script type=\"application\/ld+json\" class=\"yoast-schema-graph\">{\"@context\":\"https:\/\/schema.org\",\"@graph\":[{\"@type\":\"WebPage\",\"@id\":\"https:\/\/paracherkaoui.ma\/index.php\/produit\/placentor-fluide-hydratant-peau-normal-a-mixte-40-ml\/\",\"url\":\"https:\/\/paracherkaoui.ma\/index.php\/produit\/placentor-fluide-hydratant-peau-normal-a-mixte-40-ml\/\",\"name\":\"PLACENTOR FLUIDE HYDRATANT PEAU NORMAL A MIXTE 40 ML - Paracherkaoui.ma\",\"isPartOf\":{\"@id\":\"https:\/\/paracherkaoui.ma\/#website\"},\"primaryImageOfPage\":{\"@id\":\"https:\/\/paracherkaoui.ma\/index.php\/produit\/placentor-fluide-hydratant-peau-normal-a-mixte-40-ml\/#primaryimage\"},\"image\":{\"@id\":\"https:\/\/paracherkaoui.ma\/index.php\/produit\/placentor-fluide-hydratant-peau-normal-a-mixte-40-ml\/#primaryimage\"},\"thumbnailUrl\":\"https:\/\/paracherkaoui.ma\/wp-content\/uploads\/2025\/12\/placentor-fluide-hydratant-peau-normal-a-mixte-40-ml.jpg\",\"datePublished\":\"2025-12-12T17:22:29+00:00\",\"dateModified\":\"2025-12-12T17:22:31+00:00\",\"breadcrumb\":{\"@id\":\"https:\/\/paracherkaoui.ma\/index.php\/produit\/placentor-fluide-hydratant-peau-normal-a-mixte-40-ml\/#breadcrumb\"},\"inLanguage\":\"fr-FR\",\"potentialAction\":[{\"@type\":\"ReadAction\",\"target\":[\"https:\/\/paracherkaoui.ma\/index.php\/produit\/placentor-fluide-hydratant-peau-normal-a-mixte-40-ml\/\"]}]},{\"@type\":\"ImageObject\",\"inLanguage\":\"fr-FR\",\"@id\":\"https:\/\/paracherkaoui.ma\/index.php\/produit\/placentor-fluide-hydratant-peau-normal-a-mixte-40-ml\/#primaryimage\",\"url\":\"https:\/\/paracherkaoui.ma\/wp-content\/uploads\/2025\/12\/placentor-fluide-hydratant-peau-normal-a-mixte-40-ml.jpg\",\"contentUrl\":\"https:\/\/paracherkaoui.ma\/wp-content\/uploads\/2025\/12\/placentor-fluide-hydratant-peau-normal-a-mixte-40-ml.jpg\",\"width\":700,\"height\":700},{\"@type\":\"BreadcrumbList\",\"@id\":\"https:\/\/paracherkaoui.ma\/index.php\/produit\/placentor-fluide-hydratant-peau-normal-a-mixte-40-ml\/#breadcrumb\",\"itemListElement\":[{\"@type\":\"ListItem\",\"position\":1,\"name\":\"Accueil\",\"item\":\"https:\/\/paracherkaoui.ma\/\"},{\"@type\":\"ListItem\",\"position\":2,\"name\":\"Boutique\",\"item\":\"https:\/\/paracherkaoui.ma\/index.php\/boutique\/\"},{\"@type\":\"ListItem\",\"position\":3,\"name\":\"PLACENTOR FLUIDE HYDRATANT PEAU NORMAL A MIXTE 40 ML\"}]},{\"@type\":\"WebSite\",\"@id\":\"https:\/\/paracherkaoui.ma\/#website\",\"url\":\"https:\/\/paracherkaoui.ma\/\",\"name\":\"Paracherkaoui.ma\",\"description\":\"Achetez en ligne sur Paracherkaoui.ma\",\"potentialAction\":[{\"@type\":\"SearchAction\",\"target\":{\"@type\":\"EntryPoint\",\"urlTemplate\":\"https:\/\/paracherkaoui.ma\/?s={search_term_string}\"},\"query-input\":{\"@type\":\"PropertyValueSpecification\",\"valueRequired\":true,\"valueName\":\"search_term_string\"}}],\"inLanguage\":\"fr-FR\"}]}<\/script>\r\n<!-- \/ Yoast SEO plugin. -->","yoast_head_json":{"title":"PLACENTOR FLUIDE HYDRATANT PEAU NORMAL A MIXTE 40 ML - Paracherkaoui.ma","robots":{"index":"index","follow":"follow","max-snippet":"max-snippet:-1","max-image-preview":"max-image-preview:large","max-video-preview":"max-video-preview:-1"},"canonical":"https:\/\/paracherkaoui.ma\/index.php\/produit\/placentor-fluide-hydratant-peau-normal-a-mixte-40-ml\/","og_locale":"fr_FR","og_type":"article","og_title":"PLACENTOR FLUIDE HYDRATANT PEAU NORMAL A MIXTE 40 ML - Paracherkaoui.ma","og_description":"Placentor V\u00e9g\u00e9tal Fluide Hydratant Peaux Normales et Mixtes 40 ml est un soin \u00e0 la texture l\u00e9g\u00e8re et fra\u00eeche qui","og_url":"https:\/\/paracherkaoui.ma\/index.php\/produit\/placentor-fluide-hydratant-peau-normal-a-mixte-40-ml\/","og_site_name":"Paracherkaoui.ma","article_modified_time":"2025-12-12T17:22:31+00:00","og_image":[{"width":700,"height":700,"url":"https:\/\/paracherkaoui.ma\/wp-content\/uploads\/2025\/12\/placentor-fluide-hydratant-peau-normal-a-mixte-40-ml.jpg","type":"image\/jpeg"}],"twitter_card":"summary_large_image","schema":{"@context":"https:\/\/schema.org","@graph":[{"@type":"WebPage","@id":"https:\/\/paracherkaoui.ma\/index.php\/produit\/placentor-fluide-hydratant-peau-normal-a-mixte-40-ml\/","url":"https:\/\/paracherkaoui.ma\/index.php\/produit\/placentor-fluide-hydratant-peau-normal-a-mixte-40-ml\/","name":"PLACENTOR FLUIDE HYDRATANT PEAU NORMAL A MIXTE 40 ML - Paracherkaoui.ma","isPartOf":{"@id":"https:\/\/paracherkaoui.ma\/#website"},"primaryImageOfPage":{"@id":"https:\/\/paracherkaoui.ma\/index.php\/produit\/placentor-fluide-hydratant-peau-normal-a-mixte-40-ml\/#primaryimage"},"image":{"@id":"https:\/\/paracherkaoui.ma\/index.php\/produit\/placentor-fluide-hydratant-peau-normal-a-mixte-40-ml\/#primaryimage"},"thumbnailUrl":"https:\/\/paracherkaoui.ma\/wp-content\/uploads\/2025\/12\/placentor-fluide-hydratant-peau-normal-a-mixte-40-ml.jpg","datePublished":"2025-12-12T17:22:29+00:00","dateModified":"2025-12-12T17:22:31+00:00","breadcrumb":{"@id":"https:\/\/paracherkaoui.ma\/index.php\/produit\/placentor-fluide-hydratant-peau-normal-a-mixte-40-ml\/#breadcrumb"},"inLanguage":"fr-FR","potentialAction":[{"@type":"ReadAction","target":["https:\/\/paracherkaoui.ma\/index.php\/produit\/placentor-fluide-hydratant-peau-normal-a-mixte-40-ml\/"]}]},{"@type":"ImageObject","inLanguage":"fr-FR","@id":"https:\/\/paracherkaoui.ma\/index.php\/produit\/placentor-fluide-hydratant-peau-normal-a-mixte-40-ml\/#primaryimage","url":"https:\/\/paracherkaoui.ma\/wp-content\/uploads\/2025\/12\/placentor-fluide-hydratant-peau-normal-a-mixte-40-ml.jpg","contentUrl":"https:\/\/paracherkaoui.ma\/wp-content\/uploads\/2025\/12\/placentor-fluide-hydratant-peau-normal-a-mixte-40-ml.jpg","width":700,"height":700},{"@type":"BreadcrumbList","@id":"https:\/\/paracherkaoui.ma\/index.php\/produit\/placentor-fluide-hydratant-peau-normal-a-mixte-40-ml\/#breadcrumb","itemListElement":[{"@type":"ListItem","position":1,"name":"Accueil","item":"https:\/\/paracherkaoui.ma\/"},{"@type":"ListItem","position":2,"name":"Boutique","item":"https:\/\/paracherkaoui.ma\/index.php\/boutique\/"},{"@type":"ListItem","position":3,"name":"PLACENTOR FLUIDE HYDRATANT PEAU NORMAL A MIXTE 40 ML"}]},{"@type":"WebSite","@id":"https:\/\/paracherkaoui.ma\/#website","url":"https:\/\/paracherkaoui.ma\/","name":"Paracherkaoui.ma","description":"Achetez en ligne sur Paracherkaoui.ma","potentialAction":[{"@type":"SearchAction","target":{"@type":"EntryPoint","urlTemplate":"https:\/\/paracherkaoui.ma\/?s={search_term_string}"},"query-input":{"@type":"PropertyValueSpecification","valueRequired":true,"valueName":"search_term_string"}}],"inLanguage":"fr-FR"}]}},"_links":{"self":[{"href":"https:\/\/paracherkaoui.ma\/index.php\/wp-json\/wp\/v2\/product\/25369","targetHints":{"allow":["GET"]}}],"collection":[{"href":"https:\/\/paracherkaoui.ma\/index.php\/wp-json\/wp\/v2\/product"}],"about":[{"href":"https:\/\/paracherkaoui.ma\/index.php\/wp-json\/wp\/v2\/types\/product"}],"replies":[{"embeddable":true,"href":"https:\/\/paracherkaoui.ma\/index.php\/wp-json\/wp\/v2\/comments?post=25369"}],"version-history":[{"count":1,"href":"https:\/\/paracherkaoui.ma\/index.php\/wp-json\/wp\/v2\/product\/25369\/revisions"}],"predecessor-version":[{"id":25402,"href":"https:\/\/paracherkaoui.ma\/index.php\/wp-json\/wp\/v2\/product\/25369\/revisions\/25402"}],"wp:featuredmedia":[{"embeddable":true,"href":"https:\/\/paracherkaoui.ma\/index.php\/wp-json\/wp\/v2\/media\/25401"}],"wp:attachment":[{"href":"https:\/\/paracherkaoui.ma\/index.php\/wp-json\/wp\/v2\/media?parent=25369"}],"wp:term":[{"taxonomy":"product_brand","embeddable":true,"href":"https:\/\/paracherkaoui.ma\/index.php\/wp-json\/wp\/v2\/product_brand?post=25369"},{"taxonomy":"product_cat","embeddable":true,"href":"https:\/\/paracherkaoui.ma\/index.php\/wp-json\/wp\/v2\/product_cat?post=25369"},{"taxonomy":"product_tag","embeddable":true,"href":"https:\/\/paracherkaoui.ma\/index.php\/wp-json\/wp\/v2\/product_tag?post=25369"}],"curies":[{"name":"wp","href":"https:\/\/api.w.org\/{rel}","templated":true}]}}