{"id":25305,"date":"2025-12-12T18:22:22","date_gmt":"2025-12-12T17:22:22","guid":{"rendered":"https:\/\/test.ecbeaute.com\/?post_type=product&#038;p=25305"},"modified":"2025-12-12T18:22:27","modified_gmt":"2025-12-12T17:22:27","slug":"noreva-exfoliac-global-6-soin-global-intensif-30-ml","status":"publish","type":"product","link":"https:\/\/paracherkaoui.ma\/index.php\/produit\/noreva-exfoliac-global-6-soin-global-intensif-30-ml\/","title":{"rendered":"NOREVA EXFOLIAC GLOBAL 6 SOIN GLOBAL INTENSIF 30 ML"},"content":{"rendered":"<p>Exfoliac\u00a0Global 6, soin traitant nouvelle g\u00e9n\u00e9ration cible 6 actions en 1 seul geste :Exfolie la peau en surface pour obtenir un grain de peau plus lisse \/ Lutte contre la prolif\u00e9ration bact\u00e9rienne\u00a0\/ Apaise les zones inflamm\u00e9es \/ R\u00e9gule la s\u00e9cr\u00e9tion de s\u00e9bum pour un effet matifiant imm\u00e9diat \/\u00a0Limite la formation de cicatrices \/ Favorise l\u2019\u00e9limination des points noirs et des boutons<br \/>\nConseils d&rsquo;utilisation:<br \/>\nAppliquer le Roll&rsquo;on directement sur les imperfections plusieurs fois par jour sur une peau pr\u00e9alablement nettoy\u00e9e avec le Gel moussant Doux.\u00a0Enfin, appliquer Global 6 matin et\/ou soir.<br \/>\nComposition:<br \/>\nAQUA (WATER), ISOAMYL COCOATE, SILICA, HYDROLYZED CORN STARCH,\u00a0STEARETH-2, STEARETH-21, SALICYLIC ACID, CETEARYL ALCOHOL,\u00a0COCAMIDOPROPYL DIMETHYLAMINE, BAKUCHIOL, DIMETHICONE,\u00a0HYDROXYPROPYL STARCH PHOSPHATE, HYDROXYETHYLCELLULOSE,\u00a0PARFUM (FRAGRANCE), BENZYL ALCOHOL, XANTHAN GUM, SODIUM HYDROXIDE,\u00a0CHLORPHENESIN, HYDRATED SILICA, POLYQUATERNIUM-67, DISODIUM EDTA,\u00a0HYDROLYZED HYALURONIC ACID, BUTYLENE GLYCOL, SODIUM NITRATE, GLYCERIN,<br \/>\nSORBIC ACID, GLYOXAL, 10-HYDROXYDECANOIC ACID, SEBACIC ACID, 1,10-DECANEDIOL.<\/p>\n","protected":false},"excerpt":{"rendered":"<p>Exfoliac\u00a0Global 6, soin traitant nouvelle g\u00e9n\u00e9ration cible 6 actions en 1 seul geste :Exfolie la peau en surface pour obtenir<\/p>\n","protected":false},"featured_media":25351,"comment_status":"open","ping_status":"closed","template":"","meta":[],"product_brand":[403],"product_cat":[502],"product_tag":[],"class_list":{"0":"post-25305","1":"product","2":"type-product","3":"status-publish","4":"has-post-thumbnail","6":"product_brand-noreva","7":"product_cat-soins-anti-imperfections","9":"first","10":"instock","11":"sale","12":"shipping-taxable","13":"purchasable","14":"product-type-simple"},"yoast_head":"<!-- This site is optimized with the Yoast SEO plugin v26.6 - https:\/\/yoast.com\/wordpress\/plugins\/seo\/ -->\r\n<title>NOREVA EXFOLIAC GLOBAL 6 SOIN GLOBAL INTENSIF 30 ML - Paracherkaoui.ma<\/title>\r\n<meta name=\"robots\" content=\"index, follow, max-snippet:-1, max-image-preview:large, max-video-preview:-1\" \/>\r\n<link rel=\"canonical\" href=\"https:\/\/paracherkaoui.ma\/index.php\/produit\/noreva-exfoliac-global-6-soin-global-intensif-30-ml\/\" \/>\r\n<meta property=\"og:locale\" content=\"fr_FR\" \/>\r\n<meta property=\"og:type\" content=\"article\" \/>\r\n<meta property=\"og:title\" content=\"NOREVA EXFOLIAC GLOBAL 6 SOIN GLOBAL INTENSIF 30 ML - Paracherkaoui.ma\" \/>\r\n<meta property=\"og:description\" content=\"Exfoliac\u00a0Global 6, soin traitant nouvelle g\u00e9n\u00e9ration cible 6 actions en 1 seul geste :Exfolie la peau en surface pour obtenir\" \/>\r\n<meta property=\"og:url\" content=\"https:\/\/paracherkaoui.ma\/index.php\/produit\/noreva-exfoliac-global-6-soin-global-intensif-30-ml\/\" \/>\r\n<meta property=\"og:site_name\" content=\"Paracherkaoui.ma\" \/>\r\n<meta property=\"article:modified_time\" content=\"2025-12-12T17:22:27+00:00\" \/>\r\n<meta property=\"og:image\" content=\"https:\/\/paracherkaoui.ma\/wp-content\/uploads\/2025\/12\/noreva-noreva-exfoliac-global-6-soin-global-intensif-30-ml-soins-anti-imperfections.jpg\" \/>\r\n\t<meta property=\"og:image:width\" content=\"700\" \/>\r\n\t<meta property=\"og:image:height\" content=\"700\" \/>\r\n\t<meta property=\"og:image:type\" content=\"image\/jpeg\" \/>\r\n<meta name=\"twitter:card\" content=\"summary_large_image\" \/>\r\n<meta name=\"twitter:label1\" content=\"Dur\u00e9e de lecture estim\u00e9e\" \/>\n\t<meta name=\"twitter:data1\" content=\"1 minute\" \/>\r\n<script type=\"application\/ld+json\" class=\"yoast-schema-graph\">{\"@context\":\"https:\/\/schema.org\",\"@graph\":[{\"@type\":\"WebPage\",\"@id\":\"https:\/\/paracherkaoui.ma\/index.php\/produit\/noreva-exfoliac-global-6-soin-global-intensif-30-ml\/\",\"url\":\"https:\/\/paracherkaoui.ma\/index.php\/produit\/noreva-exfoliac-global-6-soin-global-intensif-30-ml\/\",\"name\":\"NOREVA EXFOLIAC GLOBAL 6 SOIN GLOBAL INTENSIF 30 ML - Paracherkaoui.ma\",\"isPartOf\":{\"@id\":\"https:\/\/paracherkaoui.ma\/#website\"},\"primaryImageOfPage\":{\"@id\":\"https:\/\/paracherkaoui.ma\/index.php\/produit\/noreva-exfoliac-global-6-soin-global-intensif-30-ml\/#primaryimage\"},\"image\":{\"@id\":\"https:\/\/paracherkaoui.ma\/index.php\/produit\/noreva-exfoliac-global-6-soin-global-intensif-30-ml\/#primaryimage\"},\"thumbnailUrl\":\"https:\/\/paracherkaoui.ma\/wp-content\/uploads\/2025\/12\/noreva-noreva-exfoliac-global-6-soin-global-intensif-30-ml-soins-anti-imperfections.jpg\",\"datePublished\":\"2025-12-12T17:22:22+00:00\",\"dateModified\":\"2025-12-12T17:22:27+00:00\",\"breadcrumb\":{\"@id\":\"https:\/\/paracherkaoui.ma\/index.php\/produit\/noreva-exfoliac-global-6-soin-global-intensif-30-ml\/#breadcrumb\"},\"inLanguage\":\"fr-FR\",\"potentialAction\":[{\"@type\":\"ReadAction\",\"target\":[\"https:\/\/paracherkaoui.ma\/index.php\/produit\/noreva-exfoliac-global-6-soin-global-intensif-30-ml\/\"]}]},{\"@type\":\"ImageObject\",\"inLanguage\":\"fr-FR\",\"@id\":\"https:\/\/paracherkaoui.ma\/index.php\/produit\/noreva-exfoliac-global-6-soin-global-intensif-30-ml\/#primaryimage\",\"url\":\"https:\/\/paracherkaoui.ma\/wp-content\/uploads\/2025\/12\/noreva-noreva-exfoliac-global-6-soin-global-intensif-30-ml-soins-anti-imperfections.jpg\",\"contentUrl\":\"https:\/\/paracherkaoui.ma\/wp-content\/uploads\/2025\/12\/noreva-noreva-exfoliac-global-6-soin-global-intensif-30-ml-soins-anti-imperfections.jpg\",\"width\":700,\"height\":700},{\"@type\":\"BreadcrumbList\",\"@id\":\"https:\/\/paracherkaoui.ma\/index.php\/produit\/noreva-exfoliac-global-6-soin-global-intensif-30-ml\/#breadcrumb\",\"itemListElement\":[{\"@type\":\"ListItem\",\"position\":1,\"name\":\"Accueil\",\"item\":\"https:\/\/paracherkaoui.ma\/\"},{\"@type\":\"ListItem\",\"position\":2,\"name\":\"Boutique\",\"item\":\"https:\/\/paracherkaoui.ma\/index.php\/boutique\/\"},{\"@type\":\"ListItem\",\"position\":3,\"name\":\"NOREVA EXFOLIAC GLOBAL 6 SOIN GLOBAL INTENSIF 30 ML\"}]},{\"@type\":\"WebSite\",\"@id\":\"https:\/\/paracherkaoui.ma\/#website\",\"url\":\"https:\/\/paracherkaoui.ma\/\",\"name\":\"Paracherkaoui.ma\",\"description\":\"Achetez en ligne sur Paracherkaoui.ma\",\"potentialAction\":[{\"@type\":\"SearchAction\",\"target\":{\"@type\":\"EntryPoint\",\"urlTemplate\":\"https:\/\/paracherkaoui.ma\/?s={search_term_string}\"},\"query-input\":{\"@type\":\"PropertyValueSpecification\",\"valueRequired\":true,\"valueName\":\"search_term_string\"}}],\"inLanguage\":\"fr-FR\"}]}<\/script>\r\n<!-- \/ Yoast SEO plugin. -->","yoast_head_json":{"title":"NOREVA EXFOLIAC GLOBAL 6 SOIN GLOBAL INTENSIF 30 ML - Paracherkaoui.ma","robots":{"index":"index","follow":"follow","max-snippet":"max-snippet:-1","max-image-preview":"max-image-preview:large","max-video-preview":"max-video-preview:-1"},"canonical":"https:\/\/paracherkaoui.ma\/index.php\/produit\/noreva-exfoliac-global-6-soin-global-intensif-30-ml\/","og_locale":"fr_FR","og_type":"article","og_title":"NOREVA EXFOLIAC GLOBAL 6 SOIN GLOBAL INTENSIF 30 ML - Paracherkaoui.ma","og_description":"Exfoliac\u00a0Global 6, soin traitant nouvelle g\u00e9n\u00e9ration cible 6 actions en 1 seul geste :Exfolie la peau en surface pour obtenir","og_url":"https:\/\/paracherkaoui.ma\/index.php\/produit\/noreva-exfoliac-global-6-soin-global-intensif-30-ml\/","og_site_name":"Paracherkaoui.ma","article_modified_time":"2025-12-12T17:22:27+00:00","og_image":[{"width":700,"height":700,"url":"https:\/\/paracherkaoui.ma\/wp-content\/uploads\/2025\/12\/noreva-noreva-exfoliac-global-6-soin-global-intensif-30-ml-soins-anti-imperfections.jpg","type":"image\/jpeg"}],"twitter_card":"summary_large_image","twitter_misc":{"Dur\u00e9e de lecture estim\u00e9e":"1 minute"},"schema":{"@context":"https:\/\/schema.org","@graph":[{"@type":"WebPage","@id":"https:\/\/paracherkaoui.ma\/index.php\/produit\/noreva-exfoliac-global-6-soin-global-intensif-30-ml\/","url":"https:\/\/paracherkaoui.ma\/index.php\/produit\/noreva-exfoliac-global-6-soin-global-intensif-30-ml\/","name":"NOREVA EXFOLIAC GLOBAL 6 SOIN GLOBAL INTENSIF 30 ML - Paracherkaoui.ma","isPartOf":{"@id":"https:\/\/paracherkaoui.ma\/#website"},"primaryImageOfPage":{"@id":"https:\/\/paracherkaoui.ma\/index.php\/produit\/noreva-exfoliac-global-6-soin-global-intensif-30-ml\/#primaryimage"},"image":{"@id":"https:\/\/paracherkaoui.ma\/index.php\/produit\/noreva-exfoliac-global-6-soin-global-intensif-30-ml\/#primaryimage"},"thumbnailUrl":"https:\/\/paracherkaoui.ma\/wp-content\/uploads\/2025\/12\/noreva-noreva-exfoliac-global-6-soin-global-intensif-30-ml-soins-anti-imperfections.jpg","datePublished":"2025-12-12T17:22:22+00:00","dateModified":"2025-12-12T17:22:27+00:00","breadcrumb":{"@id":"https:\/\/paracherkaoui.ma\/index.php\/produit\/noreva-exfoliac-global-6-soin-global-intensif-30-ml\/#breadcrumb"},"inLanguage":"fr-FR","potentialAction":[{"@type":"ReadAction","target":["https:\/\/paracherkaoui.ma\/index.php\/produit\/noreva-exfoliac-global-6-soin-global-intensif-30-ml\/"]}]},{"@type":"ImageObject","inLanguage":"fr-FR","@id":"https:\/\/paracherkaoui.ma\/index.php\/produit\/noreva-exfoliac-global-6-soin-global-intensif-30-ml\/#primaryimage","url":"https:\/\/paracherkaoui.ma\/wp-content\/uploads\/2025\/12\/noreva-noreva-exfoliac-global-6-soin-global-intensif-30-ml-soins-anti-imperfections.jpg","contentUrl":"https:\/\/paracherkaoui.ma\/wp-content\/uploads\/2025\/12\/noreva-noreva-exfoliac-global-6-soin-global-intensif-30-ml-soins-anti-imperfections.jpg","width":700,"height":700},{"@type":"BreadcrumbList","@id":"https:\/\/paracherkaoui.ma\/index.php\/produit\/noreva-exfoliac-global-6-soin-global-intensif-30-ml\/#breadcrumb","itemListElement":[{"@type":"ListItem","position":1,"name":"Accueil","item":"https:\/\/paracherkaoui.ma\/"},{"@type":"ListItem","position":2,"name":"Boutique","item":"https:\/\/paracherkaoui.ma\/index.php\/boutique\/"},{"@type":"ListItem","position":3,"name":"NOREVA EXFOLIAC GLOBAL 6 SOIN GLOBAL INTENSIF 30 ML"}]},{"@type":"WebSite","@id":"https:\/\/paracherkaoui.ma\/#website","url":"https:\/\/paracherkaoui.ma\/","name":"Paracherkaoui.ma","description":"Achetez en ligne sur Paracherkaoui.ma","potentialAction":[{"@type":"SearchAction","target":{"@type":"EntryPoint","urlTemplate":"https:\/\/paracherkaoui.ma\/?s={search_term_string}"},"query-input":{"@type":"PropertyValueSpecification","valueRequired":true,"valueName":"search_term_string"}}],"inLanguage":"fr-FR"}]}},"_links":{"self":[{"href":"https:\/\/paracherkaoui.ma\/index.php\/wp-json\/wp\/v2\/product\/25305","targetHints":{"allow":["GET"]}}],"collection":[{"href":"https:\/\/paracherkaoui.ma\/index.php\/wp-json\/wp\/v2\/product"}],"about":[{"href":"https:\/\/paracherkaoui.ma\/index.php\/wp-json\/wp\/v2\/types\/product"}],"replies":[{"embeddable":true,"href":"https:\/\/paracherkaoui.ma\/index.php\/wp-json\/wp\/v2\/comments?post=25305"}],"version-history":[{"count":1,"href":"https:\/\/paracherkaoui.ma\/index.php\/wp-json\/wp\/v2\/product\/25305\/revisions"}],"predecessor-version":[{"id":25352,"href":"https:\/\/paracherkaoui.ma\/index.php\/wp-json\/wp\/v2\/product\/25305\/revisions\/25352"}],"wp:featuredmedia":[{"embeddable":true,"href":"https:\/\/paracherkaoui.ma\/index.php\/wp-json\/wp\/v2\/media\/25351"}],"wp:attachment":[{"href":"https:\/\/paracherkaoui.ma\/index.php\/wp-json\/wp\/v2\/media?parent=25305"}],"wp:term":[{"taxonomy":"product_brand","embeddable":true,"href":"https:\/\/paracherkaoui.ma\/index.php\/wp-json\/wp\/v2\/product_brand?post=25305"},{"taxonomy":"product_cat","embeddable":true,"href":"https:\/\/paracherkaoui.ma\/index.php\/wp-json\/wp\/v2\/product_cat?post=25305"},{"taxonomy":"product_tag","embeddable":true,"href":"https:\/\/paracherkaoui.ma\/index.php\/wp-json\/wp\/v2\/product_tag?post=25305"}],"curies":[{"name":"wp","href":"https:\/\/api.w.org\/{rel}","templated":true}]}}