{"id":25299,"date":"2025-12-12T18:22:21","date_gmt":"2025-12-12T17:22:21","guid":{"rendered":"https:\/\/test.ecbeaute.com\/?post_type=product&#038;p=25299"},"modified":"2025-12-12T18:22:25","modified_gmt":"2025-12-12T17:22:25","slug":"lca-pharma-aknorm-gel-moussant-purifiant-peaux-grasses-200-ml","status":"publish","type":"product","link":"https:\/\/paracherkaoui.ma\/index.php\/produit\/lca-pharma-aknorm-gel-moussant-purifiant-peaux-grasses-200-ml\/","title":{"rendered":"LCA PHARMA AKNORM GEL MOUSSANT PURIFIANT PEAUX GRASSES 200 ML"},"content":{"rendered":"<p>Le gel moussant purifiant AKNORM b\u00e9n\u00e9ficie d\u2019une base lavante douce sans savon qui nettoie en douceur sans dess\u00e9cher. Sa mousse onctueuse \u00e9limine les impuret\u00e9s et l\u2019exc\u00e8s de s\u00e9bum tout en respectant l\u2019\u00e9piderme. Facile \u00e0 rincer et agr\u00e9ablement parfum\u00e9, il laisse la peau parfaitement nette, fra\u00eeche et purifi\u00e9e.<br \/>\nSans savon<br \/>\nNon dess\u00e9chants<br \/>\nHaute rin\u00e7abilit\u00e9<br \/>\nVisage et corps<\/p>\n","protected":false},"excerpt":{"rendered":"<p>Le gel moussant purifiant AKNORM b\u00e9n\u00e9ficie d\u2019une base lavante douce sans savon qui nettoie en douceur sans dess\u00e9cher. Sa mousse<\/p>\n","protected":false},"featured_media":25341,"comment_status":"open","ping_status":"closed","template":"","meta":[],"product_brand":[397],"product_cat":[502],"product_tag":[],"class_list":{"0":"post-25299","1":"product","2":"type-product","3":"status-publish","4":"has-post-thumbnail","6":"product_brand-lca-pharma","7":"product_cat-soins-anti-imperfections","9":"first","10":"instock","11":"sale","12":"shipping-taxable","13":"purchasable","14":"product-type-simple"},"yoast_head":"<!-- This site is optimized with the Yoast SEO plugin v26.6 - https:\/\/yoast.com\/wordpress\/plugins\/seo\/ -->\r\n<title>LCA PHARMA AKNORM GEL MOUSSANT PURIFIANT PEAUX GRASSES 200 ML - Paracherkaoui.ma<\/title>\r\n<meta name=\"robots\" content=\"index, follow, max-snippet:-1, max-image-preview:large, max-video-preview:-1\" \/>\r\n<link rel=\"canonical\" href=\"https:\/\/paracherkaoui.ma\/index.php\/produit\/lca-pharma-aknorm-gel-moussant-purifiant-peaux-grasses-200-ml\/\" \/>\r\n<meta property=\"og:locale\" content=\"fr_FR\" \/>\r\n<meta property=\"og:type\" content=\"article\" \/>\r\n<meta property=\"og:title\" content=\"LCA PHARMA AKNORM GEL MOUSSANT PURIFIANT PEAUX GRASSES 200 ML - Paracherkaoui.ma\" \/>\r\n<meta property=\"og:description\" content=\"Le gel moussant purifiant AKNORM b\u00e9n\u00e9ficie d\u2019une base lavante douce sans savon qui nettoie en douceur sans dess\u00e9cher. Sa mousse\" \/>\r\n<meta property=\"og:url\" content=\"https:\/\/paracherkaoui.ma\/index.php\/produit\/lca-pharma-aknorm-gel-moussant-purifiant-peaux-grasses-200-ml\/\" \/>\r\n<meta property=\"og:site_name\" content=\"Paracherkaoui.ma\" \/>\r\n<meta property=\"article:modified_time\" content=\"2025-12-12T17:22:25+00:00\" \/>\r\n<meta property=\"og:image\" content=\"https:\/\/paracherkaoui.ma\/wp-content\/uploads\/2025\/12\/lca-pharma-lca-pharma-aknorm-gel-moussant-purifiant-peaux-grasses-200-ml-soins-anti-imperfections.jpg\" \/>\r\n\t<meta property=\"og:image:width\" content=\"700\" \/>\r\n\t<meta property=\"og:image:height\" content=\"700\" \/>\r\n\t<meta property=\"og:image:type\" content=\"image\/jpeg\" \/>\r\n<meta name=\"twitter:card\" content=\"summary_large_image\" \/>\r\n<script type=\"application\/ld+json\" class=\"yoast-schema-graph\">{\"@context\":\"https:\/\/schema.org\",\"@graph\":[{\"@type\":\"WebPage\",\"@id\":\"https:\/\/paracherkaoui.ma\/index.php\/produit\/lca-pharma-aknorm-gel-moussant-purifiant-peaux-grasses-200-ml\/\",\"url\":\"https:\/\/paracherkaoui.ma\/index.php\/produit\/lca-pharma-aknorm-gel-moussant-purifiant-peaux-grasses-200-ml\/\",\"name\":\"LCA PHARMA AKNORM GEL MOUSSANT PURIFIANT PEAUX GRASSES 200 ML - Paracherkaoui.ma\",\"isPartOf\":{\"@id\":\"https:\/\/paracherkaoui.ma\/#website\"},\"primaryImageOfPage\":{\"@id\":\"https:\/\/paracherkaoui.ma\/index.php\/produit\/lca-pharma-aknorm-gel-moussant-purifiant-peaux-grasses-200-ml\/#primaryimage\"},\"image\":{\"@id\":\"https:\/\/paracherkaoui.ma\/index.php\/produit\/lca-pharma-aknorm-gel-moussant-purifiant-peaux-grasses-200-ml\/#primaryimage\"},\"thumbnailUrl\":\"https:\/\/paracherkaoui.ma\/wp-content\/uploads\/2025\/12\/lca-pharma-lca-pharma-aknorm-gel-moussant-purifiant-peaux-grasses-200-ml-soins-anti-imperfections.jpg\",\"datePublished\":\"2025-12-12T17:22:21+00:00\",\"dateModified\":\"2025-12-12T17:22:25+00:00\",\"breadcrumb\":{\"@id\":\"https:\/\/paracherkaoui.ma\/index.php\/produit\/lca-pharma-aknorm-gel-moussant-purifiant-peaux-grasses-200-ml\/#breadcrumb\"},\"inLanguage\":\"fr-FR\",\"potentialAction\":[{\"@type\":\"ReadAction\",\"target\":[\"https:\/\/paracherkaoui.ma\/index.php\/produit\/lca-pharma-aknorm-gel-moussant-purifiant-peaux-grasses-200-ml\/\"]}]},{\"@type\":\"ImageObject\",\"inLanguage\":\"fr-FR\",\"@id\":\"https:\/\/paracherkaoui.ma\/index.php\/produit\/lca-pharma-aknorm-gel-moussant-purifiant-peaux-grasses-200-ml\/#primaryimage\",\"url\":\"https:\/\/paracherkaoui.ma\/wp-content\/uploads\/2025\/12\/lca-pharma-lca-pharma-aknorm-gel-moussant-purifiant-peaux-grasses-200-ml-soins-anti-imperfections.jpg\",\"contentUrl\":\"https:\/\/paracherkaoui.ma\/wp-content\/uploads\/2025\/12\/lca-pharma-lca-pharma-aknorm-gel-moussant-purifiant-peaux-grasses-200-ml-soins-anti-imperfections.jpg\",\"width\":700,\"height\":700},{\"@type\":\"BreadcrumbList\",\"@id\":\"https:\/\/paracherkaoui.ma\/index.php\/produit\/lca-pharma-aknorm-gel-moussant-purifiant-peaux-grasses-200-ml\/#breadcrumb\",\"itemListElement\":[{\"@type\":\"ListItem\",\"position\":1,\"name\":\"Accueil\",\"item\":\"https:\/\/paracherkaoui.ma\/\"},{\"@type\":\"ListItem\",\"position\":2,\"name\":\"Boutique\",\"item\":\"https:\/\/paracherkaoui.ma\/index.php\/boutique\/\"},{\"@type\":\"ListItem\",\"position\":3,\"name\":\"LCA PHARMA AKNORM GEL MOUSSANT PURIFIANT PEAUX GRASSES 200 ML\"}]},{\"@type\":\"WebSite\",\"@id\":\"https:\/\/paracherkaoui.ma\/#website\",\"url\":\"https:\/\/paracherkaoui.ma\/\",\"name\":\"Paracherkaoui.ma\",\"description\":\"Achetez en ligne sur Paracherkaoui.ma\",\"potentialAction\":[{\"@type\":\"SearchAction\",\"target\":{\"@type\":\"EntryPoint\",\"urlTemplate\":\"https:\/\/paracherkaoui.ma\/?s={search_term_string}\"},\"query-input\":{\"@type\":\"PropertyValueSpecification\",\"valueRequired\":true,\"valueName\":\"search_term_string\"}}],\"inLanguage\":\"fr-FR\"}]}<\/script>\r\n<!-- \/ Yoast SEO plugin. -->","yoast_head_json":{"title":"LCA PHARMA AKNORM GEL MOUSSANT PURIFIANT PEAUX GRASSES 200 ML - Paracherkaoui.ma","robots":{"index":"index","follow":"follow","max-snippet":"max-snippet:-1","max-image-preview":"max-image-preview:large","max-video-preview":"max-video-preview:-1"},"canonical":"https:\/\/paracherkaoui.ma\/index.php\/produit\/lca-pharma-aknorm-gel-moussant-purifiant-peaux-grasses-200-ml\/","og_locale":"fr_FR","og_type":"article","og_title":"LCA PHARMA AKNORM GEL MOUSSANT PURIFIANT PEAUX GRASSES 200 ML - Paracherkaoui.ma","og_description":"Le gel moussant purifiant AKNORM b\u00e9n\u00e9ficie d\u2019une base lavante douce sans savon qui nettoie en douceur sans dess\u00e9cher. Sa mousse","og_url":"https:\/\/paracherkaoui.ma\/index.php\/produit\/lca-pharma-aknorm-gel-moussant-purifiant-peaux-grasses-200-ml\/","og_site_name":"Paracherkaoui.ma","article_modified_time":"2025-12-12T17:22:25+00:00","og_image":[{"width":700,"height":700,"url":"https:\/\/paracherkaoui.ma\/wp-content\/uploads\/2025\/12\/lca-pharma-lca-pharma-aknorm-gel-moussant-purifiant-peaux-grasses-200-ml-soins-anti-imperfections.jpg","type":"image\/jpeg"}],"twitter_card":"summary_large_image","schema":{"@context":"https:\/\/schema.org","@graph":[{"@type":"WebPage","@id":"https:\/\/paracherkaoui.ma\/index.php\/produit\/lca-pharma-aknorm-gel-moussant-purifiant-peaux-grasses-200-ml\/","url":"https:\/\/paracherkaoui.ma\/index.php\/produit\/lca-pharma-aknorm-gel-moussant-purifiant-peaux-grasses-200-ml\/","name":"LCA PHARMA AKNORM GEL MOUSSANT PURIFIANT PEAUX GRASSES 200 ML - Paracherkaoui.ma","isPartOf":{"@id":"https:\/\/paracherkaoui.ma\/#website"},"primaryImageOfPage":{"@id":"https:\/\/paracherkaoui.ma\/index.php\/produit\/lca-pharma-aknorm-gel-moussant-purifiant-peaux-grasses-200-ml\/#primaryimage"},"image":{"@id":"https:\/\/paracherkaoui.ma\/index.php\/produit\/lca-pharma-aknorm-gel-moussant-purifiant-peaux-grasses-200-ml\/#primaryimage"},"thumbnailUrl":"https:\/\/paracherkaoui.ma\/wp-content\/uploads\/2025\/12\/lca-pharma-lca-pharma-aknorm-gel-moussant-purifiant-peaux-grasses-200-ml-soins-anti-imperfections.jpg","datePublished":"2025-12-12T17:22:21+00:00","dateModified":"2025-12-12T17:22:25+00:00","breadcrumb":{"@id":"https:\/\/paracherkaoui.ma\/index.php\/produit\/lca-pharma-aknorm-gel-moussant-purifiant-peaux-grasses-200-ml\/#breadcrumb"},"inLanguage":"fr-FR","potentialAction":[{"@type":"ReadAction","target":["https:\/\/paracherkaoui.ma\/index.php\/produit\/lca-pharma-aknorm-gel-moussant-purifiant-peaux-grasses-200-ml\/"]}]},{"@type":"ImageObject","inLanguage":"fr-FR","@id":"https:\/\/paracherkaoui.ma\/index.php\/produit\/lca-pharma-aknorm-gel-moussant-purifiant-peaux-grasses-200-ml\/#primaryimage","url":"https:\/\/paracherkaoui.ma\/wp-content\/uploads\/2025\/12\/lca-pharma-lca-pharma-aknorm-gel-moussant-purifiant-peaux-grasses-200-ml-soins-anti-imperfections.jpg","contentUrl":"https:\/\/paracherkaoui.ma\/wp-content\/uploads\/2025\/12\/lca-pharma-lca-pharma-aknorm-gel-moussant-purifiant-peaux-grasses-200-ml-soins-anti-imperfections.jpg","width":700,"height":700},{"@type":"BreadcrumbList","@id":"https:\/\/paracherkaoui.ma\/index.php\/produit\/lca-pharma-aknorm-gel-moussant-purifiant-peaux-grasses-200-ml\/#breadcrumb","itemListElement":[{"@type":"ListItem","position":1,"name":"Accueil","item":"https:\/\/paracherkaoui.ma\/"},{"@type":"ListItem","position":2,"name":"Boutique","item":"https:\/\/paracherkaoui.ma\/index.php\/boutique\/"},{"@type":"ListItem","position":3,"name":"LCA PHARMA AKNORM GEL MOUSSANT PURIFIANT PEAUX GRASSES 200 ML"}]},{"@type":"WebSite","@id":"https:\/\/paracherkaoui.ma\/#website","url":"https:\/\/paracherkaoui.ma\/","name":"Paracherkaoui.ma","description":"Achetez en ligne sur Paracherkaoui.ma","potentialAction":[{"@type":"SearchAction","target":{"@type":"EntryPoint","urlTemplate":"https:\/\/paracherkaoui.ma\/?s={search_term_string}"},"query-input":{"@type":"PropertyValueSpecification","valueRequired":true,"valueName":"search_term_string"}}],"inLanguage":"fr-FR"}]}},"_links":{"self":[{"href":"https:\/\/paracherkaoui.ma\/index.php\/wp-json\/wp\/v2\/product\/25299","targetHints":{"allow":["GET"]}}],"collection":[{"href":"https:\/\/paracherkaoui.ma\/index.php\/wp-json\/wp\/v2\/product"}],"about":[{"href":"https:\/\/paracherkaoui.ma\/index.php\/wp-json\/wp\/v2\/types\/product"}],"replies":[{"embeddable":true,"href":"https:\/\/paracherkaoui.ma\/index.php\/wp-json\/wp\/v2\/comments?post=25299"}],"version-history":[{"count":1,"href":"https:\/\/paracherkaoui.ma\/index.php\/wp-json\/wp\/v2\/product\/25299\/revisions"}],"predecessor-version":[{"id":25342,"href":"https:\/\/paracherkaoui.ma\/index.php\/wp-json\/wp\/v2\/product\/25299\/revisions\/25342"}],"wp:featuredmedia":[{"embeddable":true,"href":"https:\/\/paracherkaoui.ma\/index.php\/wp-json\/wp\/v2\/media\/25341"}],"wp:attachment":[{"href":"https:\/\/paracherkaoui.ma\/index.php\/wp-json\/wp\/v2\/media?parent=25299"}],"wp:term":[{"taxonomy":"product_brand","embeddable":true,"href":"https:\/\/paracherkaoui.ma\/index.php\/wp-json\/wp\/v2\/product_brand?post=25299"},{"taxonomy":"product_cat","embeddable":true,"href":"https:\/\/paracherkaoui.ma\/index.php\/wp-json\/wp\/v2\/product_cat?post=25299"},{"taxonomy":"product_tag","embeddable":true,"href":"https:\/\/paracherkaoui.ma\/index.php\/wp-json\/wp\/v2\/product_tag?post=25299"}],"curies":[{"name":"wp","href":"https:\/\/api.w.org\/{rel}","templated":true}]}}