{"id":25290,"date":"2025-12-12T18:22:21","date_gmt":"2025-12-12T17:22:21","guid":{"rendered":"https:\/\/test.ecbeaute.com\/?post_type=product&#038;p=25290"},"modified":"2025-12-12T18:22:24","modified_gmt":"2025-12-12T17:22:24","slug":"neostrata-redness-neutralizing-serum","status":"publish","type":"product","link":"https:\/\/paracherkaoui.ma\/index.php\/produit\/neostrata-redness-neutralizing-serum\/","title":{"rendered":"NEOSTRATA REDNESS NEUTRALIZING SERUM"},"content":{"rendered":"<p>Ce s\u00e9rum l\u00e9g\u00e8rement rafra\u00eechissant est formul\u00e9 avec le complexe NeoStrata BioCalm contenant des ingr\u00e9dients bioactifs b\u00e9n\u00e9fiques qui aident \u00e0 interrompre l\u2019inflammation, \u00e0 am\u00e9liorer la r\u00e9silience de la peau et \u00e0 r\u00e9duire l&rsquo;apparence des bouff\u00e9es congestives, tout en r\u00e9duisant le risque de futurs d\u00e9clencheurs induisant des rougeurs.<br \/>\nLa formule Bionic\/PHA aide \u00e0 restaurer et \u00e0 renforcer la barri\u00e8re protectrice de la peau, tandis que la vitamine E et l&rsquo;extrait de th\u00e9 blanc aident \u00e0 d\u00e9samorcer les dommages caus\u00e9s par les rayons UV caus\u00e9s par le stress oxydatif.<\/p>\n","protected":false},"excerpt":{"rendered":"<p>Ce s\u00e9rum l\u00e9g\u00e8rement rafra\u00eechissant est formul\u00e9 avec le complexe NeoStrata BioCalm contenant des ingr\u00e9dients bioactifs b\u00e9n\u00e9fiques qui aident \u00e0 interrompre<\/p>\n","protected":false},"featured_media":25327,"comment_status":"open","ping_status":"closed","template":"","meta":[],"product_brand":[404],"product_cat":[502],"product_tag":[],"class_list":{"0":"post-25290","1":"product","2":"type-product","3":"status-publish","4":"has-post-thumbnail","6":"product_brand-neostrata","7":"product_cat-soins-anti-imperfections","9":"first","10":"instock","11":"sale","12":"shipping-taxable","13":"purchasable","14":"product-type-simple"},"yoast_head":"<!-- This site is optimized with the Yoast SEO plugin v26.6 - https:\/\/yoast.com\/wordpress\/plugins\/seo\/ -->\r\n<title>NEOSTRATA REDNESS NEUTRALIZING SERUM - Paracherkaoui.ma<\/title>\r\n<meta name=\"robots\" content=\"index, follow, max-snippet:-1, max-image-preview:large, max-video-preview:-1\" \/>\r\n<link rel=\"canonical\" href=\"https:\/\/paracherkaoui.ma\/index.php\/produit\/neostrata-redness-neutralizing-serum\/\" \/>\r\n<meta property=\"og:locale\" content=\"fr_FR\" \/>\r\n<meta property=\"og:type\" content=\"article\" \/>\r\n<meta property=\"og:title\" content=\"NEOSTRATA REDNESS NEUTRALIZING SERUM - Paracherkaoui.ma\" \/>\r\n<meta property=\"og:description\" content=\"Ce s\u00e9rum l\u00e9g\u00e8rement rafra\u00eechissant est formul\u00e9 avec le complexe NeoStrata BioCalm contenant des ingr\u00e9dients bioactifs b\u00e9n\u00e9fiques qui aident \u00e0 interrompre\" \/>\r\n<meta property=\"og:url\" content=\"https:\/\/paracherkaoui.ma\/index.php\/produit\/neostrata-redness-neutralizing-serum\/\" \/>\r\n<meta property=\"og:site_name\" content=\"Paracherkaoui.ma\" \/>\r\n<meta property=\"article:modified_time\" content=\"2025-12-12T17:22:24+00:00\" \/>\r\n<meta property=\"og:image\" content=\"https:\/\/paracherkaoui.ma\/wp-content\/uploads\/2025\/12\/neostrata-neostrata-redness-neutralizing-serum-soins-anti-rougeurs.jpg\" \/>\r\n\t<meta property=\"og:image:width\" content=\"700\" \/>\r\n\t<meta property=\"og:image:height\" content=\"700\" \/>\r\n\t<meta property=\"og:image:type\" content=\"image\/jpeg\" \/>\r\n<meta name=\"twitter:card\" content=\"summary_large_image\" \/>\r\n<script type=\"application\/ld+json\" class=\"yoast-schema-graph\">{\"@context\":\"https:\/\/schema.org\",\"@graph\":[{\"@type\":\"WebPage\",\"@id\":\"https:\/\/paracherkaoui.ma\/index.php\/produit\/neostrata-redness-neutralizing-serum\/\",\"url\":\"https:\/\/paracherkaoui.ma\/index.php\/produit\/neostrata-redness-neutralizing-serum\/\",\"name\":\"NEOSTRATA REDNESS NEUTRALIZING SERUM - Paracherkaoui.ma\",\"isPartOf\":{\"@id\":\"https:\/\/paracherkaoui.ma\/#website\"},\"primaryImageOfPage\":{\"@id\":\"https:\/\/paracherkaoui.ma\/index.php\/produit\/neostrata-redness-neutralizing-serum\/#primaryimage\"},\"image\":{\"@id\":\"https:\/\/paracherkaoui.ma\/index.php\/produit\/neostrata-redness-neutralizing-serum\/#primaryimage\"},\"thumbnailUrl\":\"https:\/\/paracherkaoui.ma\/wp-content\/uploads\/2025\/12\/neostrata-neostrata-redness-neutralizing-serum-soins-anti-rougeurs.jpg\",\"datePublished\":\"2025-12-12T17:22:21+00:00\",\"dateModified\":\"2025-12-12T17:22:24+00:00\",\"breadcrumb\":{\"@id\":\"https:\/\/paracherkaoui.ma\/index.php\/produit\/neostrata-redness-neutralizing-serum\/#breadcrumb\"},\"inLanguage\":\"fr-FR\",\"potentialAction\":[{\"@type\":\"ReadAction\",\"target\":[\"https:\/\/paracherkaoui.ma\/index.php\/produit\/neostrata-redness-neutralizing-serum\/\"]}]},{\"@type\":\"ImageObject\",\"inLanguage\":\"fr-FR\",\"@id\":\"https:\/\/paracherkaoui.ma\/index.php\/produit\/neostrata-redness-neutralizing-serum\/#primaryimage\",\"url\":\"https:\/\/paracherkaoui.ma\/wp-content\/uploads\/2025\/12\/neostrata-neostrata-redness-neutralizing-serum-soins-anti-rougeurs.jpg\",\"contentUrl\":\"https:\/\/paracherkaoui.ma\/wp-content\/uploads\/2025\/12\/neostrata-neostrata-redness-neutralizing-serum-soins-anti-rougeurs.jpg\",\"width\":700,\"height\":700},{\"@type\":\"BreadcrumbList\",\"@id\":\"https:\/\/paracherkaoui.ma\/index.php\/produit\/neostrata-redness-neutralizing-serum\/#breadcrumb\",\"itemListElement\":[{\"@type\":\"ListItem\",\"position\":1,\"name\":\"Accueil\",\"item\":\"https:\/\/paracherkaoui.ma\/\"},{\"@type\":\"ListItem\",\"position\":2,\"name\":\"Boutique\",\"item\":\"https:\/\/paracherkaoui.ma\/index.php\/boutique\/\"},{\"@type\":\"ListItem\",\"position\":3,\"name\":\"NEOSTRATA REDNESS NEUTRALIZING SERUM\"}]},{\"@type\":\"WebSite\",\"@id\":\"https:\/\/paracherkaoui.ma\/#website\",\"url\":\"https:\/\/paracherkaoui.ma\/\",\"name\":\"Paracherkaoui.ma\",\"description\":\"Achetez en ligne sur Paracherkaoui.ma\",\"potentialAction\":[{\"@type\":\"SearchAction\",\"target\":{\"@type\":\"EntryPoint\",\"urlTemplate\":\"https:\/\/paracherkaoui.ma\/?s={search_term_string}\"},\"query-input\":{\"@type\":\"PropertyValueSpecification\",\"valueRequired\":true,\"valueName\":\"search_term_string\"}}],\"inLanguage\":\"fr-FR\"}]}<\/script>\r\n<!-- \/ Yoast SEO plugin. -->","yoast_head_json":{"title":"NEOSTRATA REDNESS NEUTRALIZING SERUM - Paracherkaoui.ma","robots":{"index":"index","follow":"follow","max-snippet":"max-snippet:-1","max-image-preview":"max-image-preview:large","max-video-preview":"max-video-preview:-1"},"canonical":"https:\/\/paracherkaoui.ma\/index.php\/produit\/neostrata-redness-neutralizing-serum\/","og_locale":"fr_FR","og_type":"article","og_title":"NEOSTRATA REDNESS NEUTRALIZING SERUM - Paracherkaoui.ma","og_description":"Ce s\u00e9rum l\u00e9g\u00e8rement rafra\u00eechissant est formul\u00e9 avec le complexe NeoStrata BioCalm contenant des ingr\u00e9dients bioactifs b\u00e9n\u00e9fiques qui aident \u00e0 interrompre","og_url":"https:\/\/paracherkaoui.ma\/index.php\/produit\/neostrata-redness-neutralizing-serum\/","og_site_name":"Paracherkaoui.ma","article_modified_time":"2025-12-12T17:22:24+00:00","og_image":[{"width":700,"height":700,"url":"https:\/\/paracherkaoui.ma\/wp-content\/uploads\/2025\/12\/neostrata-neostrata-redness-neutralizing-serum-soins-anti-rougeurs.jpg","type":"image\/jpeg"}],"twitter_card":"summary_large_image","schema":{"@context":"https:\/\/schema.org","@graph":[{"@type":"WebPage","@id":"https:\/\/paracherkaoui.ma\/index.php\/produit\/neostrata-redness-neutralizing-serum\/","url":"https:\/\/paracherkaoui.ma\/index.php\/produit\/neostrata-redness-neutralizing-serum\/","name":"NEOSTRATA REDNESS NEUTRALIZING SERUM - Paracherkaoui.ma","isPartOf":{"@id":"https:\/\/paracherkaoui.ma\/#website"},"primaryImageOfPage":{"@id":"https:\/\/paracherkaoui.ma\/index.php\/produit\/neostrata-redness-neutralizing-serum\/#primaryimage"},"image":{"@id":"https:\/\/paracherkaoui.ma\/index.php\/produit\/neostrata-redness-neutralizing-serum\/#primaryimage"},"thumbnailUrl":"https:\/\/paracherkaoui.ma\/wp-content\/uploads\/2025\/12\/neostrata-neostrata-redness-neutralizing-serum-soins-anti-rougeurs.jpg","datePublished":"2025-12-12T17:22:21+00:00","dateModified":"2025-12-12T17:22:24+00:00","breadcrumb":{"@id":"https:\/\/paracherkaoui.ma\/index.php\/produit\/neostrata-redness-neutralizing-serum\/#breadcrumb"},"inLanguage":"fr-FR","potentialAction":[{"@type":"ReadAction","target":["https:\/\/paracherkaoui.ma\/index.php\/produit\/neostrata-redness-neutralizing-serum\/"]}]},{"@type":"ImageObject","inLanguage":"fr-FR","@id":"https:\/\/paracherkaoui.ma\/index.php\/produit\/neostrata-redness-neutralizing-serum\/#primaryimage","url":"https:\/\/paracherkaoui.ma\/wp-content\/uploads\/2025\/12\/neostrata-neostrata-redness-neutralizing-serum-soins-anti-rougeurs.jpg","contentUrl":"https:\/\/paracherkaoui.ma\/wp-content\/uploads\/2025\/12\/neostrata-neostrata-redness-neutralizing-serum-soins-anti-rougeurs.jpg","width":700,"height":700},{"@type":"BreadcrumbList","@id":"https:\/\/paracherkaoui.ma\/index.php\/produit\/neostrata-redness-neutralizing-serum\/#breadcrumb","itemListElement":[{"@type":"ListItem","position":1,"name":"Accueil","item":"https:\/\/paracherkaoui.ma\/"},{"@type":"ListItem","position":2,"name":"Boutique","item":"https:\/\/paracherkaoui.ma\/index.php\/boutique\/"},{"@type":"ListItem","position":3,"name":"NEOSTRATA REDNESS NEUTRALIZING SERUM"}]},{"@type":"WebSite","@id":"https:\/\/paracherkaoui.ma\/#website","url":"https:\/\/paracherkaoui.ma\/","name":"Paracherkaoui.ma","description":"Achetez en ligne sur Paracherkaoui.ma","potentialAction":[{"@type":"SearchAction","target":{"@type":"EntryPoint","urlTemplate":"https:\/\/paracherkaoui.ma\/?s={search_term_string}"},"query-input":{"@type":"PropertyValueSpecification","valueRequired":true,"valueName":"search_term_string"}}],"inLanguage":"fr-FR"}]}},"_links":{"self":[{"href":"https:\/\/paracherkaoui.ma\/index.php\/wp-json\/wp\/v2\/product\/25290","targetHints":{"allow":["GET"]}}],"collection":[{"href":"https:\/\/paracherkaoui.ma\/index.php\/wp-json\/wp\/v2\/product"}],"about":[{"href":"https:\/\/paracherkaoui.ma\/index.php\/wp-json\/wp\/v2\/types\/product"}],"replies":[{"embeddable":true,"href":"https:\/\/paracherkaoui.ma\/index.php\/wp-json\/wp\/v2\/comments?post=25290"}],"version-history":[{"count":1,"href":"https:\/\/paracherkaoui.ma\/index.php\/wp-json\/wp\/v2\/product\/25290\/revisions"}],"predecessor-version":[{"id":25328,"href":"https:\/\/paracherkaoui.ma\/index.php\/wp-json\/wp\/v2\/product\/25290\/revisions\/25328"}],"wp:featuredmedia":[{"embeddable":true,"href":"https:\/\/paracherkaoui.ma\/index.php\/wp-json\/wp\/v2\/media\/25327"}],"wp:attachment":[{"href":"https:\/\/paracherkaoui.ma\/index.php\/wp-json\/wp\/v2\/media?parent=25290"}],"wp:term":[{"taxonomy":"product_brand","embeddable":true,"href":"https:\/\/paracherkaoui.ma\/index.php\/wp-json\/wp\/v2\/product_brand?post=25290"},{"taxonomy":"product_cat","embeddable":true,"href":"https:\/\/paracherkaoui.ma\/index.php\/wp-json\/wp\/v2\/product_cat?post=25290"},{"taxonomy":"product_tag","embeddable":true,"href":"https:\/\/paracherkaoui.ma\/index.php\/wp-json\/wp\/v2\/product_tag?post=25290"}],"curies":[{"name":"wp","href":"https:\/\/api.w.org\/{rel}","templated":true}]}}