{"id":25284,"date":"2025-12-12T18:22:21","date_gmt":"2025-12-12T17:22:21","guid":{"rendered":"https:\/\/test.ecbeaute.com\/?post_type=product&#038;p=25284"},"modified":"2025-12-12T18:22:22","modified_gmt":"2025-12-12T17:22:22","slug":"cantabria-neoretin-ultra-emulsion-30-ml","status":"publish","type":"product","link":"https:\/\/paracherkaoui.ma\/index.php\/produit\/cantabria-neoretin-ultra-emulsion-30-ml\/","title":{"rendered":"CANTABRIA NEORETIN ULTRA EMULSION 30 ML"},"content":{"rendered":"<p>Description:<br \/>\nNeoretin Discrom Control Transition Cream Pigment Lightener\u00a0est une cr\u00e8me de lissage non com\u00e9dog\u00e8ne \u00e0 utiliser en alternance avec l\u2019\u00e9claireur pigmentaire en \u00e9mulsion Neoretin Discrom Control Ultra. Cette cr\u00e8me de confort contient une formulation d\u2019acide tranexamique (0,5%) et de niacinamide qui sont des agents d\u00e9pigmentants qui r\u00e9tablissent \u00e9galement l\u2019\u00e9quilibre physiologique de la peau, renfor\u00e7ant ainsi sa fonction de barri\u00e8re. De plus, sa composition est enrichie avec la technologie RetinSphere\u00ae qui donnera \u00e0 la peau une texture plus \u00e9lastique et plus ferme. Enfin, EDAFENCE\u00ae prot\u00e8ge la peau de la pollution et des agressions environnementales. Ce produit test\u00e9 dermatologiquement et ophtalmologiquement optimise les processus de r\u00e9tinisation et assure une tol\u00e9rance optimale sur la peau. Dans l\u2019ensemble, cette cr\u00e8me agit comme un maintien des r\u00e9sultats apr\u00e8s l\u2019utilisation du Pigment Lightener Neoretin Discrom Control Ultra ou d\u2019autres traitements d\u00e9pigmentants.<br \/>\nConseils d\u2019Utilisation :<br \/>\nAppliquez le soir le Neoretin Discrom Control Transition Cream Pigment Lightener le soir sur une peau propre du visage et du cou, conform\u00e9ment au sch\u00e9ma posologique de Neoretin Discrom Control fourni dans la notice ou aux instructions de votre professionnel de la sant\u00e9. Pour usage externe uniquement. De plus, \u00e9vitez le contact direct avec les yeux et les muqueuses. De plus, une l\u00e9g\u00e8re sensation de br\u00fblure et un pelage sont normaux lors des premi\u00e8res applications. En cas d\u2019irritation persistante, veuillez interrompre l\u2019application. \u00c9vitez \u00e9galement l\u2019exposition directe au soleil et utilisez une protection solaire \u00e0 large spectre pendant l\u2019utilisation. Conservez le produit en dessous de 40\u00baC<\/p>\n","protected":false},"excerpt":{"rendered":"<p>Description: Neoretin Discrom Control Transition Cream Pigment Lightener\u00a0est une cr\u00e8me de lissage non com\u00e9dog\u00e8ne \u00e0 utiliser en alternance avec l\u2019\u00e9claireur<\/p>\n","protected":false},"featured_media":25315,"comment_status":"open","ping_status":"closed","template":"","meta":[],"product_brand":[147],"product_cat":[502],"product_tag":[],"class_list":{"0":"post-25284","1":"product","2":"type-product","3":"status-publish","4":"has-post-thumbnail","6":"product_brand-cantabria","7":"product_cat-soins-anti-imperfections","9":"first","10":"instock","11":"sale","12":"shipping-taxable","13":"purchasable","14":"product-type-simple"},"yoast_head":"<!-- This site is optimized with the Yoast SEO plugin v26.6 - https:\/\/yoast.com\/wordpress\/plugins\/seo\/ -->\r\n<title>CANTABRIA NEORETIN ULTRA EMULSION 30 ML - Paracherkaoui.ma<\/title>\r\n<meta name=\"robots\" content=\"index, follow, max-snippet:-1, max-image-preview:large, max-video-preview:-1\" \/>\r\n<link rel=\"canonical\" href=\"https:\/\/paracherkaoui.ma\/index.php\/produit\/cantabria-neoretin-ultra-emulsion-30-ml\/\" \/>\r\n<meta property=\"og:locale\" content=\"fr_FR\" \/>\r\n<meta property=\"og:type\" content=\"article\" \/>\r\n<meta property=\"og:title\" content=\"CANTABRIA NEORETIN ULTRA EMULSION 30 ML - Paracherkaoui.ma\" \/>\r\n<meta property=\"og:description\" content=\"Description: Neoretin Discrom Control Transition Cream Pigment Lightener\u00a0est une cr\u00e8me de lissage non com\u00e9dog\u00e8ne \u00e0 utiliser en alternance avec l\u2019\u00e9claireur\" \/>\r\n<meta property=\"og:url\" content=\"https:\/\/paracherkaoui.ma\/index.php\/produit\/cantabria-neoretin-ultra-emulsion-30-ml\/\" \/>\r\n<meta property=\"og:site_name\" content=\"Paracherkaoui.ma\" \/>\r\n<meta property=\"article:modified_time\" content=\"2025-12-12T17:22:22+00:00\" \/>\r\n<meta property=\"og:image\" content=\"https:\/\/paracherkaoui.ma\/wp-content\/uploads\/2025\/12\/cantabria-cantabria-neoretin-ultra-emulsion-30-ml-soins-anti-imperfections.jpg\" \/>\r\n\t<meta property=\"og:image:width\" content=\"700\" \/>\r\n\t<meta property=\"og:image:height\" content=\"700\" \/>\r\n\t<meta property=\"og:image:type\" content=\"image\/jpeg\" \/>\r\n<meta name=\"twitter:card\" content=\"summary_large_image\" \/>\r\n<meta name=\"twitter:label1\" content=\"Dur\u00e9e de lecture estim\u00e9e\" \/>\n\t<meta name=\"twitter:data1\" content=\"1 minute\" \/>\r\n<script type=\"application\/ld+json\" class=\"yoast-schema-graph\">{\"@context\":\"https:\/\/schema.org\",\"@graph\":[{\"@type\":\"WebPage\",\"@id\":\"https:\/\/paracherkaoui.ma\/index.php\/produit\/cantabria-neoretin-ultra-emulsion-30-ml\/\",\"url\":\"https:\/\/paracherkaoui.ma\/index.php\/produit\/cantabria-neoretin-ultra-emulsion-30-ml\/\",\"name\":\"CANTABRIA NEORETIN ULTRA EMULSION 30 ML - Paracherkaoui.ma\",\"isPartOf\":{\"@id\":\"https:\/\/paracherkaoui.ma\/#website\"},\"primaryImageOfPage\":{\"@id\":\"https:\/\/paracherkaoui.ma\/index.php\/produit\/cantabria-neoretin-ultra-emulsion-30-ml\/#primaryimage\"},\"image\":{\"@id\":\"https:\/\/paracherkaoui.ma\/index.php\/produit\/cantabria-neoretin-ultra-emulsion-30-ml\/#primaryimage\"},\"thumbnailUrl\":\"https:\/\/paracherkaoui.ma\/wp-content\/uploads\/2025\/12\/cantabria-cantabria-neoretin-ultra-emulsion-30-ml-soins-anti-imperfections.jpg\",\"datePublished\":\"2025-12-12T17:22:21+00:00\",\"dateModified\":\"2025-12-12T17:22:22+00:00\",\"breadcrumb\":{\"@id\":\"https:\/\/paracherkaoui.ma\/index.php\/produit\/cantabria-neoretin-ultra-emulsion-30-ml\/#breadcrumb\"},\"inLanguage\":\"fr-FR\",\"potentialAction\":[{\"@type\":\"ReadAction\",\"target\":[\"https:\/\/paracherkaoui.ma\/index.php\/produit\/cantabria-neoretin-ultra-emulsion-30-ml\/\"]}]},{\"@type\":\"ImageObject\",\"inLanguage\":\"fr-FR\",\"@id\":\"https:\/\/paracherkaoui.ma\/index.php\/produit\/cantabria-neoretin-ultra-emulsion-30-ml\/#primaryimage\",\"url\":\"https:\/\/paracherkaoui.ma\/wp-content\/uploads\/2025\/12\/cantabria-cantabria-neoretin-ultra-emulsion-30-ml-soins-anti-imperfections.jpg\",\"contentUrl\":\"https:\/\/paracherkaoui.ma\/wp-content\/uploads\/2025\/12\/cantabria-cantabria-neoretin-ultra-emulsion-30-ml-soins-anti-imperfections.jpg\",\"width\":700,\"height\":700},{\"@type\":\"BreadcrumbList\",\"@id\":\"https:\/\/paracherkaoui.ma\/index.php\/produit\/cantabria-neoretin-ultra-emulsion-30-ml\/#breadcrumb\",\"itemListElement\":[{\"@type\":\"ListItem\",\"position\":1,\"name\":\"Accueil\",\"item\":\"https:\/\/paracherkaoui.ma\/\"},{\"@type\":\"ListItem\",\"position\":2,\"name\":\"Boutique\",\"item\":\"https:\/\/paracherkaoui.ma\/index.php\/boutique\/\"},{\"@type\":\"ListItem\",\"position\":3,\"name\":\"CANTABRIA NEORETIN ULTRA EMULSION 30 ML\"}]},{\"@type\":\"WebSite\",\"@id\":\"https:\/\/paracherkaoui.ma\/#website\",\"url\":\"https:\/\/paracherkaoui.ma\/\",\"name\":\"Paracherkaoui.ma\",\"description\":\"Achetez en ligne sur Paracherkaoui.ma\",\"potentialAction\":[{\"@type\":\"SearchAction\",\"target\":{\"@type\":\"EntryPoint\",\"urlTemplate\":\"https:\/\/paracherkaoui.ma\/?s={search_term_string}\"},\"query-input\":{\"@type\":\"PropertyValueSpecification\",\"valueRequired\":true,\"valueName\":\"search_term_string\"}}],\"inLanguage\":\"fr-FR\"}]}<\/script>\r\n<!-- \/ Yoast SEO plugin. -->","yoast_head_json":{"title":"CANTABRIA NEORETIN ULTRA EMULSION 30 ML - Paracherkaoui.ma","robots":{"index":"index","follow":"follow","max-snippet":"max-snippet:-1","max-image-preview":"max-image-preview:large","max-video-preview":"max-video-preview:-1"},"canonical":"https:\/\/paracherkaoui.ma\/index.php\/produit\/cantabria-neoretin-ultra-emulsion-30-ml\/","og_locale":"fr_FR","og_type":"article","og_title":"CANTABRIA NEORETIN ULTRA EMULSION 30 ML - Paracherkaoui.ma","og_description":"Description: Neoretin Discrom Control Transition Cream Pigment Lightener\u00a0est une cr\u00e8me de lissage non com\u00e9dog\u00e8ne \u00e0 utiliser en alternance avec l\u2019\u00e9claireur","og_url":"https:\/\/paracherkaoui.ma\/index.php\/produit\/cantabria-neoretin-ultra-emulsion-30-ml\/","og_site_name":"Paracherkaoui.ma","article_modified_time":"2025-12-12T17:22:22+00:00","og_image":[{"width":700,"height":700,"url":"https:\/\/paracherkaoui.ma\/wp-content\/uploads\/2025\/12\/cantabria-cantabria-neoretin-ultra-emulsion-30-ml-soins-anti-imperfections.jpg","type":"image\/jpeg"}],"twitter_card":"summary_large_image","twitter_misc":{"Dur\u00e9e de lecture estim\u00e9e":"1 minute"},"schema":{"@context":"https:\/\/schema.org","@graph":[{"@type":"WebPage","@id":"https:\/\/paracherkaoui.ma\/index.php\/produit\/cantabria-neoretin-ultra-emulsion-30-ml\/","url":"https:\/\/paracherkaoui.ma\/index.php\/produit\/cantabria-neoretin-ultra-emulsion-30-ml\/","name":"CANTABRIA NEORETIN ULTRA EMULSION 30 ML - Paracherkaoui.ma","isPartOf":{"@id":"https:\/\/paracherkaoui.ma\/#website"},"primaryImageOfPage":{"@id":"https:\/\/paracherkaoui.ma\/index.php\/produit\/cantabria-neoretin-ultra-emulsion-30-ml\/#primaryimage"},"image":{"@id":"https:\/\/paracherkaoui.ma\/index.php\/produit\/cantabria-neoretin-ultra-emulsion-30-ml\/#primaryimage"},"thumbnailUrl":"https:\/\/paracherkaoui.ma\/wp-content\/uploads\/2025\/12\/cantabria-cantabria-neoretin-ultra-emulsion-30-ml-soins-anti-imperfections.jpg","datePublished":"2025-12-12T17:22:21+00:00","dateModified":"2025-12-12T17:22:22+00:00","breadcrumb":{"@id":"https:\/\/paracherkaoui.ma\/index.php\/produit\/cantabria-neoretin-ultra-emulsion-30-ml\/#breadcrumb"},"inLanguage":"fr-FR","potentialAction":[{"@type":"ReadAction","target":["https:\/\/paracherkaoui.ma\/index.php\/produit\/cantabria-neoretin-ultra-emulsion-30-ml\/"]}]},{"@type":"ImageObject","inLanguage":"fr-FR","@id":"https:\/\/paracherkaoui.ma\/index.php\/produit\/cantabria-neoretin-ultra-emulsion-30-ml\/#primaryimage","url":"https:\/\/paracherkaoui.ma\/wp-content\/uploads\/2025\/12\/cantabria-cantabria-neoretin-ultra-emulsion-30-ml-soins-anti-imperfections.jpg","contentUrl":"https:\/\/paracherkaoui.ma\/wp-content\/uploads\/2025\/12\/cantabria-cantabria-neoretin-ultra-emulsion-30-ml-soins-anti-imperfections.jpg","width":700,"height":700},{"@type":"BreadcrumbList","@id":"https:\/\/paracherkaoui.ma\/index.php\/produit\/cantabria-neoretin-ultra-emulsion-30-ml\/#breadcrumb","itemListElement":[{"@type":"ListItem","position":1,"name":"Accueil","item":"https:\/\/paracherkaoui.ma\/"},{"@type":"ListItem","position":2,"name":"Boutique","item":"https:\/\/paracherkaoui.ma\/index.php\/boutique\/"},{"@type":"ListItem","position":3,"name":"CANTABRIA NEORETIN ULTRA EMULSION 30 ML"}]},{"@type":"WebSite","@id":"https:\/\/paracherkaoui.ma\/#website","url":"https:\/\/paracherkaoui.ma\/","name":"Paracherkaoui.ma","description":"Achetez en ligne sur Paracherkaoui.ma","potentialAction":[{"@type":"SearchAction","target":{"@type":"EntryPoint","urlTemplate":"https:\/\/paracherkaoui.ma\/?s={search_term_string}"},"query-input":{"@type":"PropertyValueSpecification","valueRequired":true,"valueName":"search_term_string"}}],"inLanguage":"fr-FR"}]}},"_links":{"self":[{"href":"https:\/\/paracherkaoui.ma\/index.php\/wp-json\/wp\/v2\/product\/25284","targetHints":{"allow":["GET"]}}],"collection":[{"href":"https:\/\/paracherkaoui.ma\/index.php\/wp-json\/wp\/v2\/product"}],"about":[{"href":"https:\/\/paracherkaoui.ma\/index.php\/wp-json\/wp\/v2\/types\/product"}],"replies":[{"embeddable":true,"href":"https:\/\/paracherkaoui.ma\/index.php\/wp-json\/wp\/v2\/comments?post=25284"}],"version-history":[{"count":1,"href":"https:\/\/paracherkaoui.ma\/index.php\/wp-json\/wp\/v2\/product\/25284\/revisions"}],"predecessor-version":[{"id":25316,"href":"https:\/\/paracherkaoui.ma\/index.php\/wp-json\/wp\/v2\/product\/25284\/revisions\/25316"}],"wp:featuredmedia":[{"embeddable":true,"href":"https:\/\/paracherkaoui.ma\/index.php\/wp-json\/wp\/v2\/media\/25315"}],"wp:attachment":[{"href":"https:\/\/paracherkaoui.ma\/index.php\/wp-json\/wp\/v2\/media?parent=25284"}],"wp:term":[{"taxonomy":"product_brand","embeddable":true,"href":"https:\/\/paracherkaoui.ma\/index.php\/wp-json\/wp\/v2\/product_brand?post=25284"},{"taxonomy":"product_cat","embeddable":true,"href":"https:\/\/paracherkaoui.ma\/index.php\/wp-json\/wp\/v2\/product_cat?post=25284"},{"taxonomy":"product_tag","embeddable":true,"href":"https:\/\/paracherkaoui.ma\/index.php\/wp-json\/wp\/v2\/product_tag?post=25284"}],"curies":[{"name":"wp","href":"https:\/\/api.w.org\/{rel}","templated":true}]}}