{"id":25119,"date":"2025-12-12T18:22:03","date_gmt":"2025-12-12T17:22:03","guid":{"rendered":"https:\/\/test.ecbeaute.com\/?post_type=product&#038;p=25119"},"modified":"2025-12-12T18:22:05","modified_gmt":"2025-12-12T17:22:05","slug":"rilastil-d-clar-creme-depigmentante-quotidienne-40-ml","status":"publish","type":"product","link":"https:\/\/paracherkaoui.ma\/index.php\/produit\/rilastil-d-clar-creme-depigmentante-quotidienne-40-ml\/","title":{"rendered":"RILASTIL D CLAR CREME DEPIGMENTANTE QUOTIDIENNE 40 ML"},"content":{"rendered":"<p>Rilastil D-Clar Cr\u00e8me D\u00e9pigmentante Quotidienne r\u00e9duit les hyperchromies, les taches solaires, le m\u00e9lasma, les hyperchromies induites par certains m\u00e9dicaments ou post-inflammatoire (acn\u00e9) et, gr\u00e2ce \u00e0 son action lissante, elle combat le teint terne et irr\u00e9gulier.<br \/>\n&#8211; Hydroxy-Resv\u00e9ratrol: pour effectuer une action d\u00e9pigmentante efficace et progressive qui unifie le teint<br \/>\n&#8211; Complexe Clari-tech (Vit.C high tech, Vit.PP et Tetrapeptide-30): pour rendre la peau lumineuse et uniforme et pour r\u00e9duire les taches brunes<br \/>\n&#8211; Vitamine E, Gamma Oryzanol: pour prot\u00e9ger la peau des dommages oxydatifs, en pr\u00e9venant l&rsquo;hyperpigmentation caus\u00e9e par la pollution de l&rsquo;environnement<br \/>\n&#8211; ADN de sodium et acide hyaluronique: pour restaurer l&rsquo;\u00e9lasticit\u00e9 de la peau.<\/p>\n","protected":false},"excerpt":{"rendered":"<p>Rilastil D-Clar Cr\u00e8me D\u00e9pigmentante Quotidienne r\u00e9duit les hyperchromies, les taches solaires, le m\u00e9lasma, les hyperchromies induites par certains m\u00e9dicaments ou<\/p>\n","protected":false},"featured_media":25154,"comment_status":"open","ping_status":"closed","template":"","meta":[],"product_brand":[393],"product_cat":[502],"product_tag":[],"class_list":{"0":"post-25119","1":"product","2":"type-product","3":"status-publish","4":"has-post-thumbnail","6":"product_brand-rilastil","7":"product_cat-soins-anti-imperfections","9":"first","10":"instock","11":"sale","12":"shipping-taxable","13":"purchasable","14":"product-type-simple"},"yoast_head":"<!-- This site is optimized with the Yoast SEO plugin v26.6 - https:\/\/yoast.com\/wordpress\/plugins\/seo\/ -->\r\n<title>RILASTIL D CLAR CREME DEPIGMENTANTE QUOTIDIENNE 40 ML - Paracherkaoui.ma<\/title>\r\n<meta name=\"robots\" content=\"index, follow, max-snippet:-1, max-image-preview:large, max-video-preview:-1\" \/>\r\n<link rel=\"canonical\" href=\"https:\/\/paracherkaoui.ma\/index.php\/produit\/rilastil-d-clar-creme-depigmentante-quotidienne-40-ml\/\" \/>\r\n<meta property=\"og:locale\" content=\"fr_FR\" \/>\r\n<meta property=\"og:type\" content=\"article\" \/>\r\n<meta property=\"og:title\" content=\"RILASTIL D CLAR CREME DEPIGMENTANTE QUOTIDIENNE 40 ML - Paracherkaoui.ma\" \/>\r\n<meta property=\"og:description\" content=\"Rilastil D-Clar Cr\u00e8me D\u00e9pigmentante Quotidienne r\u00e9duit les hyperchromies, les taches solaires, le m\u00e9lasma, les hyperchromies induites par certains m\u00e9dicaments ou\" \/>\r\n<meta property=\"og:url\" content=\"https:\/\/paracherkaoui.ma\/index.php\/produit\/rilastil-d-clar-creme-depigmentante-quotidienne-40-ml\/\" \/>\r\n<meta property=\"og:site_name\" content=\"Paracherkaoui.ma\" \/>\r\n<meta property=\"article:modified_time\" content=\"2025-12-12T17:22:05+00:00\" \/>\r\n<meta property=\"og:image\" content=\"https:\/\/paracherkaoui.ma\/wp-content\/uploads\/2025\/12\/rilastil-d-clar-creme-depigmentante-quotidienne-40-ml.jpg\" \/>\r\n\t<meta property=\"og:image:width\" content=\"700\" \/>\r\n\t<meta property=\"og:image:height\" content=\"700\" \/>\r\n\t<meta property=\"og:image:type\" content=\"image\/jpeg\" \/>\r\n<meta name=\"twitter:card\" content=\"summary_large_image\" \/>\r\n<meta name=\"twitter:label1\" content=\"Dur\u00e9e de lecture estim\u00e9e\" \/>\n\t<meta name=\"twitter:data1\" content=\"1 minute\" \/>\r\n<script type=\"application\/ld+json\" class=\"yoast-schema-graph\">{\"@context\":\"https:\/\/schema.org\",\"@graph\":[{\"@type\":\"WebPage\",\"@id\":\"https:\/\/paracherkaoui.ma\/index.php\/produit\/rilastil-d-clar-creme-depigmentante-quotidienne-40-ml\/\",\"url\":\"https:\/\/paracherkaoui.ma\/index.php\/produit\/rilastil-d-clar-creme-depigmentante-quotidienne-40-ml\/\",\"name\":\"RILASTIL D CLAR CREME DEPIGMENTANTE QUOTIDIENNE 40 ML - Paracherkaoui.ma\",\"isPartOf\":{\"@id\":\"https:\/\/paracherkaoui.ma\/#website\"},\"primaryImageOfPage\":{\"@id\":\"https:\/\/paracherkaoui.ma\/index.php\/produit\/rilastil-d-clar-creme-depigmentante-quotidienne-40-ml\/#primaryimage\"},\"image\":{\"@id\":\"https:\/\/paracherkaoui.ma\/index.php\/produit\/rilastil-d-clar-creme-depigmentante-quotidienne-40-ml\/#primaryimage\"},\"thumbnailUrl\":\"https:\/\/paracherkaoui.ma\/wp-content\/uploads\/2025\/12\/rilastil-d-clar-creme-depigmentante-quotidienne-40-ml.jpg\",\"datePublished\":\"2025-12-12T17:22:03+00:00\",\"dateModified\":\"2025-12-12T17:22:05+00:00\",\"breadcrumb\":{\"@id\":\"https:\/\/paracherkaoui.ma\/index.php\/produit\/rilastil-d-clar-creme-depigmentante-quotidienne-40-ml\/#breadcrumb\"},\"inLanguage\":\"fr-FR\",\"potentialAction\":[{\"@type\":\"ReadAction\",\"target\":[\"https:\/\/paracherkaoui.ma\/index.php\/produit\/rilastil-d-clar-creme-depigmentante-quotidienne-40-ml\/\"]}]},{\"@type\":\"ImageObject\",\"inLanguage\":\"fr-FR\",\"@id\":\"https:\/\/paracherkaoui.ma\/index.php\/produit\/rilastil-d-clar-creme-depigmentante-quotidienne-40-ml\/#primaryimage\",\"url\":\"https:\/\/paracherkaoui.ma\/wp-content\/uploads\/2025\/12\/rilastil-d-clar-creme-depigmentante-quotidienne-40-ml.jpg\",\"contentUrl\":\"https:\/\/paracherkaoui.ma\/wp-content\/uploads\/2025\/12\/rilastil-d-clar-creme-depigmentante-quotidienne-40-ml.jpg\",\"width\":700,\"height\":700},{\"@type\":\"BreadcrumbList\",\"@id\":\"https:\/\/paracherkaoui.ma\/index.php\/produit\/rilastil-d-clar-creme-depigmentante-quotidienne-40-ml\/#breadcrumb\",\"itemListElement\":[{\"@type\":\"ListItem\",\"position\":1,\"name\":\"Accueil\",\"item\":\"https:\/\/paracherkaoui.ma\/\"},{\"@type\":\"ListItem\",\"position\":2,\"name\":\"Boutique\",\"item\":\"https:\/\/paracherkaoui.ma\/index.php\/boutique\/\"},{\"@type\":\"ListItem\",\"position\":3,\"name\":\"RILASTIL D CLAR CREME DEPIGMENTANTE QUOTIDIENNE 40 ML\"}]},{\"@type\":\"WebSite\",\"@id\":\"https:\/\/paracherkaoui.ma\/#website\",\"url\":\"https:\/\/paracherkaoui.ma\/\",\"name\":\"Paracherkaoui.ma\",\"description\":\"Achetez en ligne sur Paracherkaoui.ma\",\"potentialAction\":[{\"@type\":\"SearchAction\",\"target\":{\"@type\":\"EntryPoint\",\"urlTemplate\":\"https:\/\/paracherkaoui.ma\/?s={search_term_string}\"},\"query-input\":{\"@type\":\"PropertyValueSpecification\",\"valueRequired\":true,\"valueName\":\"search_term_string\"}}],\"inLanguage\":\"fr-FR\"}]}<\/script>\r\n<!-- \/ Yoast SEO plugin. -->","yoast_head_json":{"title":"RILASTIL D CLAR CREME DEPIGMENTANTE QUOTIDIENNE 40 ML - Paracherkaoui.ma","robots":{"index":"index","follow":"follow","max-snippet":"max-snippet:-1","max-image-preview":"max-image-preview:large","max-video-preview":"max-video-preview:-1"},"canonical":"https:\/\/paracherkaoui.ma\/index.php\/produit\/rilastil-d-clar-creme-depigmentante-quotidienne-40-ml\/","og_locale":"fr_FR","og_type":"article","og_title":"RILASTIL D CLAR CREME DEPIGMENTANTE QUOTIDIENNE 40 ML - Paracherkaoui.ma","og_description":"Rilastil D-Clar Cr\u00e8me D\u00e9pigmentante Quotidienne r\u00e9duit les hyperchromies, les taches solaires, le m\u00e9lasma, les hyperchromies induites par certains m\u00e9dicaments ou","og_url":"https:\/\/paracherkaoui.ma\/index.php\/produit\/rilastil-d-clar-creme-depigmentante-quotidienne-40-ml\/","og_site_name":"Paracherkaoui.ma","article_modified_time":"2025-12-12T17:22:05+00:00","og_image":[{"width":700,"height":700,"url":"https:\/\/paracherkaoui.ma\/wp-content\/uploads\/2025\/12\/rilastil-d-clar-creme-depigmentante-quotidienne-40-ml.jpg","type":"image\/jpeg"}],"twitter_card":"summary_large_image","twitter_misc":{"Dur\u00e9e de lecture estim\u00e9e":"1 minute"},"schema":{"@context":"https:\/\/schema.org","@graph":[{"@type":"WebPage","@id":"https:\/\/paracherkaoui.ma\/index.php\/produit\/rilastil-d-clar-creme-depigmentante-quotidienne-40-ml\/","url":"https:\/\/paracherkaoui.ma\/index.php\/produit\/rilastil-d-clar-creme-depigmentante-quotidienne-40-ml\/","name":"RILASTIL D CLAR CREME DEPIGMENTANTE QUOTIDIENNE 40 ML - Paracherkaoui.ma","isPartOf":{"@id":"https:\/\/paracherkaoui.ma\/#website"},"primaryImageOfPage":{"@id":"https:\/\/paracherkaoui.ma\/index.php\/produit\/rilastil-d-clar-creme-depigmentante-quotidienne-40-ml\/#primaryimage"},"image":{"@id":"https:\/\/paracherkaoui.ma\/index.php\/produit\/rilastil-d-clar-creme-depigmentante-quotidienne-40-ml\/#primaryimage"},"thumbnailUrl":"https:\/\/paracherkaoui.ma\/wp-content\/uploads\/2025\/12\/rilastil-d-clar-creme-depigmentante-quotidienne-40-ml.jpg","datePublished":"2025-12-12T17:22:03+00:00","dateModified":"2025-12-12T17:22:05+00:00","breadcrumb":{"@id":"https:\/\/paracherkaoui.ma\/index.php\/produit\/rilastil-d-clar-creme-depigmentante-quotidienne-40-ml\/#breadcrumb"},"inLanguage":"fr-FR","potentialAction":[{"@type":"ReadAction","target":["https:\/\/paracherkaoui.ma\/index.php\/produit\/rilastil-d-clar-creme-depigmentante-quotidienne-40-ml\/"]}]},{"@type":"ImageObject","inLanguage":"fr-FR","@id":"https:\/\/paracherkaoui.ma\/index.php\/produit\/rilastil-d-clar-creme-depigmentante-quotidienne-40-ml\/#primaryimage","url":"https:\/\/paracherkaoui.ma\/wp-content\/uploads\/2025\/12\/rilastil-d-clar-creme-depigmentante-quotidienne-40-ml.jpg","contentUrl":"https:\/\/paracherkaoui.ma\/wp-content\/uploads\/2025\/12\/rilastil-d-clar-creme-depigmentante-quotidienne-40-ml.jpg","width":700,"height":700},{"@type":"BreadcrumbList","@id":"https:\/\/paracherkaoui.ma\/index.php\/produit\/rilastil-d-clar-creme-depigmentante-quotidienne-40-ml\/#breadcrumb","itemListElement":[{"@type":"ListItem","position":1,"name":"Accueil","item":"https:\/\/paracherkaoui.ma\/"},{"@type":"ListItem","position":2,"name":"Boutique","item":"https:\/\/paracherkaoui.ma\/index.php\/boutique\/"},{"@type":"ListItem","position":3,"name":"RILASTIL D CLAR CREME DEPIGMENTANTE QUOTIDIENNE 40 ML"}]},{"@type":"WebSite","@id":"https:\/\/paracherkaoui.ma\/#website","url":"https:\/\/paracherkaoui.ma\/","name":"Paracherkaoui.ma","description":"Achetez en ligne sur Paracherkaoui.ma","potentialAction":[{"@type":"SearchAction","target":{"@type":"EntryPoint","urlTemplate":"https:\/\/paracherkaoui.ma\/?s={search_term_string}"},"query-input":{"@type":"PropertyValueSpecification","valueRequired":true,"valueName":"search_term_string"}}],"inLanguage":"fr-FR"}]}},"_links":{"self":[{"href":"https:\/\/paracherkaoui.ma\/index.php\/wp-json\/wp\/v2\/product\/25119","targetHints":{"allow":["GET"]}}],"collection":[{"href":"https:\/\/paracherkaoui.ma\/index.php\/wp-json\/wp\/v2\/product"}],"about":[{"href":"https:\/\/paracherkaoui.ma\/index.php\/wp-json\/wp\/v2\/types\/product"}],"replies":[{"embeddable":true,"href":"https:\/\/paracherkaoui.ma\/index.php\/wp-json\/wp\/v2\/comments?post=25119"}],"version-history":[{"count":1,"href":"https:\/\/paracherkaoui.ma\/index.php\/wp-json\/wp\/v2\/product\/25119\/revisions"}],"predecessor-version":[{"id":25155,"href":"https:\/\/paracherkaoui.ma\/index.php\/wp-json\/wp\/v2\/product\/25119\/revisions\/25155"}],"wp:featuredmedia":[{"embeddable":true,"href":"https:\/\/paracherkaoui.ma\/index.php\/wp-json\/wp\/v2\/media\/25154"}],"wp:attachment":[{"href":"https:\/\/paracherkaoui.ma\/index.php\/wp-json\/wp\/v2\/media?parent=25119"}],"wp:term":[{"taxonomy":"product_brand","embeddable":true,"href":"https:\/\/paracherkaoui.ma\/index.php\/wp-json\/wp\/v2\/product_brand?post=25119"},{"taxonomy":"product_cat","embeddable":true,"href":"https:\/\/paracherkaoui.ma\/index.php\/wp-json\/wp\/v2\/product_cat?post=25119"},{"taxonomy":"product_tag","embeddable":true,"href":"https:\/\/paracherkaoui.ma\/index.php\/wp-json\/wp\/v2\/product_tag?post=25119"}],"curies":[{"name":"wp","href":"https:\/\/api.w.org\/{rel}","templated":true}]}}