{"id":25070,"date":"2025-12-12T18:21:48","date_gmt":"2025-12-12T17:21:48","guid":{"rendered":"https:\/\/test.ecbeaute.com\/?post_type=product&#038;p=25070"},"modified":"2025-12-12T18:21:52","modified_gmt":"2025-12-12T17:21:52","slug":"eye-care-creme-purifiante-30-ml","status":"publish","type":"product","link":"https:\/\/paracherkaoui.ma\/index.php\/produit\/eye-care-creme-purifiante-30-ml\/","title":{"rendered":"EYE CARE CREME PURIFIANTE 30 ML"},"content":{"rendered":"<p>Sa formule unique repose sur le complexe Cleanskin, un m\u00e9lange puissant de zinc, de cuivre et de propolis. Ce trio d\u2019ingr\u00e9dients agit en synergie pour r\u00e9duire les exc\u00e8s de s\u00e9bum (anti-hypers\u00e9borrh\u00e9e) et \u00e9liminer les imperfections dues \u00e0 l\u2019hyperk\u00e9ratose. R\u00e9sultat : une peau purifi\u00e9e en profondeur, avec une r\u00e9duction notable des inflammations.<br \/>\nUn actif matifiant int\u00e9gr\u00e9 dans cette cr\u00e8me \u00e9limine les brillances pour offrir un fini doux et soyeux. Vous b\u00e9n\u00e9ficiez ainsi d\u2019une matit\u00e9 extr\u00eame tout au long de la journ\u00e9e, pour un teint frais et uniforme.<br \/>\nGr\u00e2ce \u00e0 sa texture l\u00e9g\u00e8re et rafra\u00eechissante, la Cr\u00e8me Purifiante Eye Care est facile \u00e0 appliquer et p\u00e9n\u00e8tre rapidement dans la peau. D\u00e8s les premi\u00e8res applications, elle lisse le grain de peau et laisse une sensation de confort durable.<br \/>\nIndications<br \/>\nConvient aux peaux grasses et \u00e0 probl\u00e8mes.<br \/>\nId\u00e9ale pour lutter contre les imperfections, les exc\u00e8s de s\u00e9bum et les brillances.<br \/>\nComposition<br \/>\nAqua (Water), Stearoxy Dimethicone, Glycerin, Glyceryl Stearate, Methylmethacrylate Crosspolymer, Butylene Glycol, Isododecane, Polyacrylate-13, Cetyl Caprylate, Bis-PEG\/PPG-16\/16 PEG\/PPG-16\/16 Dimethicone, PEG-100 Stearate, Sorbitan Stearate, Zinc PCA, Polyisobutene, Cetearyl Ethylhexanoate, Copper PCA, Tocopheryl Acetate, Dimethicone\/Bis-Isobutyl PPG-20Crosspolymer, Caprylic\/Capric Glycerides, PEG-60 Almond Glycerides, Caprylyl Glycol, Allantoin, Xanthan Gum, Polysorbate 20, Propolis Extract, Potassium Sorbate, Carbomer, Nordihydroguaiaretic Acid, Oleanolic Acid, Sodium Bisulfite (CPG02)<br \/>\nConseils d&rsquo;utilisation<br \/>\nNettoyez votre visage en profondeur et s\u00e9chez le soigneusement.<br \/>\nAppliquez uniform\u00e9ment la cr\u00e8me matin et soir sur l\u2019ensemble du visage.<br \/>\nPatientez quelques instants avant d\u2019appliquer votre maquillage ou vos produits de soin suppl\u00e9mentaires.<\/p>\n","protected":false},"excerpt":{"rendered":"<p>Sa formule unique repose sur le complexe Cleanskin, un m\u00e9lange puissant de zinc, de cuivre et de propolis. Ce trio<\/p>\n","protected":false},"featured_media":25101,"comment_status":"open","ping_status":"closed","template":"","meta":[],"product_brand":[278],"product_cat":[502],"product_tag":[],"class_list":{"0":"post-25070","1":"product","2":"type-product","3":"status-publish","4":"has-post-thumbnail","6":"product_brand-eye-care","7":"product_cat-soins-anti-imperfections","9":"first","10":"instock","11":"shipping-taxable","12":"purchasable","13":"product-type-simple"},"yoast_head":"<!-- This site is optimized with the Yoast SEO plugin v26.6 - https:\/\/yoast.com\/wordpress\/plugins\/seo\/ -->\r\n<title>EYE CARE CREME PURIFIANTE 30 ML - Paracherkaoui.ma<\/title>\r\n<meta name=\"robots\" content=\"index, follow, max-snippet:-1, max-image-preview:large, max-video-preview:-1\" \/>\r\n<link rel=\"canonical\" href=\"https:\/\/paracherkaoui.ma\/index.php\/produit\/eye-care-creme-purifiante-30-ml\/\" \/>\r\n<meta property=\"og:locale\" content=\"fr_FR\" \/>\r\n<meta property=\"og:type\" content=\"article\" \/>\r\n<meta property=\"og:title\" content=\"EYE CARE CREME PURIFIANTE 30 ML - Paracherkaoui.ma\" \/>\r\n<meta property=\"og:description\" content=\"Sa formule unique repose sur le complexe Cleanskin, un m\u00e9lange puissant de zinc, de cuivre et de propolis. Ce trio\" \/>\r\n<meta property=\"og:url\" content=\"https:\/\/paracherkaoui.ma\/index.php\/produit\/eye-care-creme-purifiante-30-ml\/\" \/>\r\n<meta property=\"og:site_name\" content=\"Paracherkaoui.ma\" \/>\r\n<meta property=\"article:modified_time\" content=\"2025-12-12T17:21:52+00:00\" \/>\r\n<meta property=\"og:image\" content=\"https:\/\/paracherkaoui.ma\/wp-content\/uploads\/2025\/12\/eye-care-eye-care-creme-purifiante-30-ml-soins-anti-imperfections.jpg\" \/>\r\n\t<meta property=\"og:image:width\" content=\"700\" \/>\r\n\t<meta property=\"og:image:height\" content=\"700\" \/>\r\n\t<meta property=\"og:image:type\" content=\"image\/jpeg\" \/>\r\n<meta name=\"twitter:card\" content=\"summary_large_image\" \/>\r\n<meta name=\"twitter:label1\" content=\"Dur\u00e9e de lecture estim\u00e9e\" \/>\n\t<meta name=\"twitter:data1\" content=\"1 minute\" \/>\r\n<script type=\"application\/ld+json\" class=\"yoast-schema-graph\">{\"@context\":\"https:\/\/schema.org\",\"@graph\":[{\"@type\":\"WebPage\",\"@id\":\"https:\/\/paracherkaoui.ma\/index.php\/produit\/eye-care-creme-purifiante-30-ml\/\",\"url\":\"https:\/\/paracherkaoui.ma\/index.php\/produit\/eye-care-creme-purifiante-30-ml\/\",\"name\":\"EYE CARE CREME PURIFIANTE 30 ML - Paracherkaoui.ma\",\"isPartOf\":{\"@id\":\"https:\/\/paracherkaoui.ma\/#website\"},\"primaryImageOfPage\":{\"@id\":\"https:\/\/paracherkaoui.ma\/index.php\/produit\/eye-care-creme-purifiante-30-ml\/#primaryimage\"},\"image\":{\"@id\":\"https:\/\/paracherkaoui.ma\/index.php\/produit\/eye-care-creme-purifiante-30-ml\/#primaryimage\"},\"thumbnailUrl\":\"https:\/\/paracherkaoui.ma\/wp-content\/uploads\/2025\/12\/eye-care-eye-care-creme-purifiante-30-ml-soins-anti-imperfections.jpg\",\"datePublished\":\"2025-12-12T17:21:48+00:00\",\"dateModified\":\"2025-12-12T17:21:52+00:00\",\"breadcrumb\":{\"@id\":\"https:\/\/paracherkaoui.ma\/index.php\/produit\/eye-care-creme-purifiante-30-ml\/#breadcrumb\"},\"inLanguage\":\"fr-FR\",\"potentialAction\":[{\"@type\":\"ReadAction\",\"target\":[\"https:\/\/paracherkaoui.ma\/index.php\/produit\/eye-care-creme-purifiante-30-ml\/\"]}]},{\"@type\":\"ImageObject\",\"inLanguage\":\"fr-FR\",\"@id\":\"https:\/\/paracherkaoui.ma\/index.php\/produit\/eye-care-creme-purifiante-30-ml\/#primaryimage\",\"url\":\"https:\/\/paracherkaoui.ma\/wp-content\/uploads\/2025\/12\/eye-care-eye-care-creme-purifiante-30-ml-soins-anti-imperfections.jpg\",\"contentUrl\":\"https:\/\/paracherkaoui.ma\/wp-content\/uploads\/2025\/12\/eye-care-eye-care-creme-purifiante-30-ml-soins-anti-imperfections.jpg\",\"width\":700,\"height\":700},{\"@type\":\"BreadcrumbList\",\"@id\":\"https:\/\/paracherkaoui.ma\/index.php\/produit\/eye-care-creme-purifiante-30-ml\/#breadcrumb\",\"itemListElement\":[{\"@type\":\"ListItem\",\"position\":1,\"name\":\"Accueil\",\"item\":\"https:\/\/paracherkaoui.ma\/\"},{\"@type\":\"ListItem\",\"position\":2,\"name\":\"Boutique\",\"item\":\"https:\/\/paracherkaoui.ma\/index.php\/boutique\/\"},{\"@type\":\"ListItem\",\"position\":3,\"name\":\"EYE CARE CREME PURIFIANTE 30 ML\"}]},{\"@type\":\"WebSite\",\"@id\":\"https:\/\/paracherkaoui.ma\/#website\",\"url\":\"https:\/\/paracherkaoui.ma\/\",\"name\":\"Paracherkaoui.ma\",\"description\":\"Achetez en ligne sur Paracherkaoui.ma\",\"potentialAction\":[{\"@type\":\"SearchAction\",\"target\":{\"@type\":\"EntryPoint\",\"urlTemplate\":\"https:\/\/paracherkaoui.ma\/?s={search_term_string}\"},\"query-input\":{\"@type\":\"PropertyValueSpecification\",\"valueRequired\":true,\"valueName\":\"search_term_string\"}}],\"inLanguage\":\"fr-FR\"}]}<\/script>\r\n<!-- \/ Yoast SEO plugin. -->","yoast_head_json":{"title":"EYE CARE CREME PURIFIANTE 30 ML - Paracherkaoui.ma","robots":{"index":"index","follow":"follow","max-snippet":"max-snippet:-1","max-image-preview":"max-image-preview:large","max-video-preview":"max-video-preview:-1"},"canonical":"https:\/\/paracherkaoui.ma\/index.php\/produit\/eye-care-creme-purifiante-30-ml\/","og_locale":"fr_FR","og_type":"article","og_title":"EYE CARE CREME PURIFIANTE 30 ML - Paracherkaoui.ma","og_description":"Sa formule unique repose sur le complexe Cleanskin, un m\u00e9lange puissant de zinc, de cuivre et de propolis. Ce trio","og_url":"https:\/\/paracherkaoui.ma\/index.php\/produit\/eye-care-creme-purifiante-30-ml\/","og_site_name":"Paracherkaoui.ma","article_modified_time":"2025-12-12T17:21:52+00:00","og_image":[{"width":700,"height":700,"url":"https:\/\/paracherkaoui.ma\/wp-content\/uploads\/2025\/12\/eye-care-eye-care-creme-purifiante-30-ml-soins-anti-imperfections.jpg","type":"image\/jpeg"}],"twitter_card":"summary_large_image","twitter_misc":{"Dur\u00e9e de lecture estim\u00e9e":"1 minute"},"schema":{"@context":"https:\/\/schema.org","@graph":[{"@type":"WebPage","@id":"https:\/\/paracherkaoui.ma\/index.php\/produit\/eye-care-creme-purifiante-30-ml\/","url":"https:\/\/paracherkaoui.ma\/index.php\/produit\/eye-care-creme-purifiante-30-ml\/","name":"EYE CARE CREME PURIFIANTE 30 ML - Paracherkaoui.ma","isPartOf":{"@id":"https:\/\/paracherkaoui.ma\/#website"},"primaryImageOfPage":{"@id":"https:\/\/paracherkaoui.ma\/index.php\/produit\/eye-care-creme-purifiante-30-ml\/#primaryimage"},"image":{"@id":"https:\/\/paracherkaoui.ma\/index.php\/produit\/eye-care-creme-purifiante-30-ml\/#primaryimage"},"thumbnailUrl":"https:\/\/paracherkaoui.ma\/wp-content\/uploads\/2025\/12\/eye-care-eye-care-creme-purifiante-30-ml-soins-anti-imperfections.jpg","datePublished":"2025-12-12T17:21:48+00:00","dateModified":"2025-12-12T17:21:52+00:00","breadcrumb":{"@id":"https:\/\/paracherkaoui.ma\/index.php\/produit\/eye-care-creme-purifiante-30-ml\/#breadcrumb"},"inLanguage":"fr-FR","potentialAction":[{"@type":"ReadAction","target":["https:\/\/paracherkaoui.ma\/index.php\/produit\/eye-care-creme-purifiante-30-ml\/"]}]},{"@type":"ImageObject","inLanguage":"fr-FR","@id":"https:\/\/paracherkaoui.ma\/index.php\/produit\/eye-care-creme-purifiante-30-ml\/#primaryimage","url":"https:\/\/paracherkaoui.ma\/wp-content\/uploads\/2025\/12\/eye-care-eye-care-creme-purifiante-30-ml-soins-anti-imperfections.jpg","contentUrl":"https:\/\/paracherkaoui.ma\/wp-content\/uploads\/2025\/12\/eye-care-eye-care-creme-purifiante-30-ml-soins-anti-imperfections.jpg","width":700,"height":700},{"@type":"BreadcrumbList","@id":"https:\/\/paracherkaoui.ma\/index.php\/produit\/eye-care-creme-purifiante-30-ml\/#breadcrumb","itemListElement":[{"@type":"ListItem","position":1,"name":"Accueil","item":"https:\/\/paracherkaoui.ma\/"},{"@type":"ListItem","position":2,"name":"Boutique","item":"https:\/\/paracherkaoui.ma\/index.php\/boutique\/"},{"@type":"ListItem","position":3,"name":"EYE CARE CREME PURIFIANTE 30 ML"}]},{"@type":"WebSite","@id":"https:\/\/paracherkaoui.ma\/#website","url":"https:\/\/paracherkaoui.ma\/","name":"Paracherkaoui.ma","description":"Achetez en ligne sur Paracherkaoui.ma","potentialAction":[{"@type":"SearchAction","target":{"@type":"EntryPoint","urlTemplate":"https:\/\/paracherkaoui.ma\/?s={search_term_string}"},"query-input":{"@type":"PropertyValueSpecification","valueRequired":true,"valueName":"search_term_string"}}],"inLanguage":"fr-FR"}]}},"_links":{"self":[{"href":"https:\/\/paracherkaoui.ma\/index.php\/wp-json\/wp\/v2\/product\/25070","targetHints":{"allow":["GET"]}}],"collection":[{"href":"https:\/\/paracherkaoui.ma\/index.php\/wp-json\/wp\/v2\/product"}],"about":[{"href":"https:\/\/paracherkaoui.ma\/index.php\/wp-json\/wp\/v2\/types\/product"}],"replies":[{"embeddable":true,"href":"https:\/\/paracherkaoui.ma\/index.php\/wp-json\/wp\/v2\/comments?post=25070"}],"version-history":[{"count":1,"href":"https:\/\/paracherkaoui.ma\/index.php\/wp-json\/wp\/v2\/product\/25070\/revisions"}],"predecessor-version":[{"id":25102,"href":"https:\/\/paracherkaoui.ma\/index.php\/wp-json\/wp\/v2\/product\/25070\/revisions\/25102"}],"wp:featuredmedia":[{"embeddable":true,"href":"https:\/\/paracherkaoui.ma\/index.php\/wp-json\/wp\/v2\/media\/25101"}],"wp:attachment":[{"href":"https:\/\/paracherkaoui.ma\/index.php\/wp-json\/wp\/v2\/media?parent=25070"}],"wp:term":[{"taxonomy":"product_brand","embeddable":true,"href":"https:\/\/paracherkaoui.ma\/index.php\/wp-json\/wp\/v2\/product_brand?post=25070"},{"taxonomy":"product_cat","embeddable":true,"href":"https:\/\/paracherkaoui.ma\/index.php\/wp-json\/wp\/v2\/product_cat?post=25070"},{"taxonomy":"product_tag","embeddable":true,"href":"https:\/\/paracherkaoui.ma\/index.php\/wp-json\/wp\/v2\/product_tag?post=25070"}],"curies":[{"name":"wp","href":"https:\/\/api.w.org\/{rel}","templated":true}]}}