{"id":25063,"date":"2025-12-12T18:21:48","date_gmt":"2025-12-12T17:21:48","guid":{"rendered":"https:\/\/test.ecbeaute.com\/?post_type=product&#038;p=25063"},"modified":"2025-12-12T18:21:50","modified_gmt":"2025-12-12T17:21:50","slug":"centaurea-serum-depigmentant-intensif-30-ml","status":"publish","type":"product","link":"https:\/\/paracherkaoui.ma\/index.php\/produit\/centaurea-serum-depigmentant-intensif-30-ml\/","title":{"rendered":"CENTAUREA SERUM DEPIGMENTANT INTENSIF 30 ML"},"content":{"rendered":"<p>Le s\u00e9rum d\u00e9pigmentant intensif Centaurea est un soin apportant une solution pour la prise en charge des taches brunes et de l\u2019hyperpigmentation cutan\u00e9e, notamment dans les cas suivants : M\u00e9lasma (masque de grossesse), dyschromie (t\u00e2ches de vieillesse), lentigo solaire, marques cicatricielles post-inflammatoires (acn\u00e9,\u2026..). Gr\u00e2ce \u00e0 l\u2019Alpha Arbutine, la Niacinamide et l&rsquo;acide glycolique, le s\u00e9rum d\u00e9pigmentant Centaurea a une action compl\u00e8te sur : -la d\u00e9pigmentation des taches brunes -le renouvellement cellulaire -la diminution de production de m\u00e9lanine. La pr\u00e9sence de la vitamine E allanto\u00efne permet \u00e9galement de bien hydrater la peau pour compl\u00e9ter l\u2019action d\u00e9pigmentante. Convient \u00e0 tous les types de peaux Peut s\u2019utiliser toute l\u2019ann\u00e9e.<br \/>\nConseils d&rsquo;tulisation:<br \/>\nSur peau propre et avant tout autre soin, appliquez quelques gouttes de s\u00e9rum Centaurea matin et\/ou soir pour recouvrir toutes les zones \u00e0 traiter : visage, d\u00e9collet\u00e9, mains\u2026 Appliquer en tapotant sur les zones \u00e0 traiter. Ne pas le faire p\u00e9n\u00e9trer en l\u2019\u00e9talant comme une cr\u00e8me. Attendre 20 min environ avant d\u2019appliquer un \u00e9cran solaire ou toute autre cr\u00e8me.<\/p>\n","protected":false},"excerpt":{"rendered":"<p>Le s\u00e9rum d\u00e9pigmentant intensif Centaurea est un soin apportant une solution pour la prise en charge des taches brunes et<\/p>\n","protected":false},"featured_media":25088,"comment_status":"open","ping_status":"closed","template":"","meta":[],"product_brand":[263],"product_cat":[502],"product_tag":[],"class_list":{"0":"post-25063","1":"product","2":"type-product","3":"status-publish","4":"has-post-thumbnail","6":"product_brand-centaurea","7":"product_cat-soins-anti-imperfections","9":"first","10":"instock","11":"sale","12":"shipping-taxable","13":"purchasable","14":"product-type-simple"},"yoast_head":"<!-- This site is optimized with the Yoast SEO plugin v26.6 - https:\/\/yoast.com\/wordpress\/plugins\/seo\/ -->\r\n<title>CENTAUREA SERUM DEPIGMENTANT INTENSIF 30 ML - Paracherkaoui.ma<\/title>\r\n<meta name=\"robots\" content=\"index, follow, max-snippet:-1, max-image-preview:large, max-video-preview:-1\" \/>\r\n<link rel=\"canonical\" href=\"https:\/\/paracherkaoui.ma\/index.php\/produit\/centaurea-serum-depigmentant-intensif-30-ml\/\" \/>\r\n<meta property=\"og:locale\" content=\"fr_FR\" \/>\r\n<meta property=\"og:type\" content=\"article\" \/>\r\n<meta property=\"og:title\" content=\"CENTAUREA SERUM DEPIGMENTANT INTENSIF 30 ML - Paracherkaoui.ma\" \/>\r\n<meta property=\"og:description\" content=\"Le s\u00e9rum d\u00e9pigmentant intensif Centaurea est un soin apportant une solution pour la prise en charge des taches brunes et\" \/>\r\n<meta property=\"og:url\" content=\"https:\/\/paracherkaoui.ma\/index.php\/produit\/centaurea-serum-depigmentant-intensif-30-ml\/\" \/>\r\n<meta property=\"og:site_name\" content=\"Paracherkaoui.ma\" \/>\r\n<meta property=\"article:modified_time\" content=\"2025-12-12T17:21:50+00:00\" \/>\r\n<meta property=\"og:image\" content=\"https:\/\/paracherkaoui.ma\/wp-content\/uploads\/2025\/12\/centaurea-centaurea-serum-depigmentant-intensif-30-ml-cremes-depigmentantes.jpg\" \/>\r\n\t<meta property=\"og:image:width\" content=\"700\" \/>\r\n\t<meta property=\"og:image:height\" content=\"700\" \/>\r\n\t<meta property=\"og:image:type\" content=\"image\/jpeg\" \/>\r\n<meta name=\"twitter:card\" content=\"summary_large_image\" \/>\r\n<meta name=\"twitter:label1\" content=\"Dur\u00e9e de lecture estim\u00e9e\" \/>\n\t<meta name=\"twitter:data1\" content=\"1 minute\" \/>\r\n<script type=\"application\/ld+json\" class=\"yoast-schema-graph\">{\"@context\":\"https:\/\/schema.org\",\"@graph\":[{\"@type\":\"WebPage\",\"@id\":\"https:\/\/paracherkaoui.ma\/index.php\/produit\/centaurea-serum-depigmentant-intensif-30-ml\/\",\"url\":\"https:\/\/paracherkaoui.ma\/index.php\/produit\/centaurea-serum-depigmentant-intensif-30-ml\/\",\"name\":\"CENTAUREA SERUM DEPIGMENTANT INTENSIF 30 ML - Paracherkaoui.ma\",\"isPartOf\":{\"@id\":\"https:\/\/paracherkaoui.ma\/#website\"},\"primaryImageOfPage\":{\"@id\":\"https:\/\/paracherkaoui.ma\/index.php\/produit\/centaurea-serum-depigmentant-intensif-30-ml\/#primaryimage\"},\"image\":{\"@id\":\"https:\/\/paracherkaoui.ma\/index.php\/produit\/centaurea-serum-depigmentant-intensif-30-ml\/#primaryimage\"},\"thumbnailUrl\":\"https:\/\/paracherkaoui.ma\/wp-content\/uploads\/2025\/12\/centaurea-centaurea-serum-depigmentant-intensif-30-ml-cremes-depigmentantes.jpg\",\"datePublished\":\"2025-12-12T17:21:48+00:00\",\"dateModified\":\"2025-12-12T17:21:50+00:00\",\"breadcrumb\":{\"@id\":\"https:\/\/paracherkaoui.ma\/index.php\/produit\/centaurea-serum-depigmentant-intensif-30-ml\/#breadcrumb\"},\"inLanguage\":\"fr-FR\",\"potentialAction\":[{\"@type\":\"ReadAction\",\"target\":[\"https:\/\/paracherkaoui.ma\/index.php\/produit\/centaurea-serum-depigmentant-intensif-30-ml\/\"]}]},{\"@type\":\"ImageObject\",\"inLanguage\":\"fr-FR\",\"@id\":\"https:\/\/paracherkaoui.ma\/index.php\/produit\/centaurea-serum-depigmentant-intensif-30-ml\/#primaryimage\",\"url\":\"https:\/\/paracherkaoui.ma\/wp-content\/uploads\/2025\/12\/centaurea-centaurea-serum-depigmentant-intensif-30-ml-cremes-depigmentantes.jpg\",\"contentUrl\":\"https:\/\/paracherkaoui.ma\/wp-content\/uploads\/2025\/12\/centaurea-centaurea-serum-depigmentant-intensif-30-ml-cremes-depigmentantes.jpg\",\"width\":700,\"height\":700},{\"@type\":\"BreadcrumbList\",\"@id\":\"https:\/\/paracherkaoui.ma\/index.php\/produit\/centaurea-serum-depigmentant-intensif-30-ml\/#breadcrumb\",\"itemListElement\":[{\"@type\":\"ListItem\",\"position\":1,\"name\":\"Accueil\",\"item\":\"https:\/\/paracherkaoui.ma\/\"},{\"@type\":\"ListItem\",\"position\":2,\"name\":\"Boutique\",\"item\":\"https:\/\/paracherkaoui.ma\/index.php\/boutique\/\"},{\"@type\":\"ListItem\",\"position\":3,\"name\":\"CENTAUREA SERUM DEPIGMENTANT INTENSIF 30 ML\"}]},{\"@type\":\"WebSite\",\"@id\":\"https:\/\/paracherkaoui.ma\/#website\",\"url\":\"https:\/\/paracherkaoui.ma\/\",\"name\":\"Paracherkaoui.ma\",\"description\":\"Achetez en ligne sur Paracherkaoui.ma\",\"potentialAction\":[{\"@type\":\"SearchAction\",\"target\":{\"@type\":\"EntryPoint\",\"urlTemplate\":\"https:\/\/paracherkaoui.ma\/?s={search_term_string}\"},\"query-input\":{\"@type\":\"PropertyValueSpecification\",\"valueRequired\":true,\"valueName\":\"search_term_string\"}}],\"inLanguage\":\"fr-FR\"}]}<\/script>\r\n<!-- \/ Yoast SEO plugin. -->","yoast_head_json":{"title":"CENTAUREA SERUM DEPIGMENTANT INTENSIF 30 ML - Paracherkaoui.ma","robots":{"index":"index","follow":"follow","max-snippet":"max-snippet:-1","max-image-preview":"max-image-preview:large","max-video-preview":"max-video-preview:-1"},"canonical":"https:\/\/paracherkaoui.ma\/index.php\/produit\/centaurea-serum-depigmentant-intensif-30-ml\/","og_locale":"fr_FR","og_type":"article","og_title":"CENTAUREA SERUM DEPIGMENTANT INTENSIF 30 ML - Paracherkaoui.ma","og_description":"Le s\u00e9rum d\u00e9pigmentant intensif Centaurea est un soin apportant une solution pour la prise en charge des taches brunes et","og_url":"https:\/\/paracherkaoui.ma\/index.php\/produit\/centaurea-serum-depigmentant-intensif-30-ml\/","og_site_name":"Paracherkaoui.ma","article_modified_time":"2025-12-12T17:21:50+00:00","og_image":[{"width":700,"height":700,"url":"https:\/\/paracherkaoui.ma\/wp-content\/uploads\/2025\/12\/centaurea-centaurea-serum-depigmentant-intensif-30-ml-cremes-depigmentantes.jpg","type":"image\/jpeg"}],"twitter_card":"summary_large_image","twitter_misc":{"Dur\u00e9e de lecture estim\u00e9e":"1 minute"},"schema":{"@context":"https:\/\/schema.org","@graph":[{"@type":"WebPage","@id":"https:\/\/paracherkaoui.ma\/index.php\/produit\/centaurea-serum-depigmentant-intensif-30-ml\/","url":"https:\/\/paracherkaoui.ma\/index.php\/produit\/centaurea-serum-depigmentant-intensif-30-ml\/","name":"CENTAUREA SERUM DEPIGMENTANT INTENSIF 30 ML - Paracherkaoui.ma","isPartOf":{"@id":"https:\/\/paracherkaoui.ma\/#website"},"primaryImageOfPage":{"@id":"https:\/\/paracherkaoui.ma\/index.php\/produit\/centaurea-serum-depigmentant-intensif-30-ml\/#primaryimage"},"image":{"@id":"https:\/\/paracherkaoui.ma\/index.php\/produit\/centaurea-serum-depigmentant-intensif-30-ml\/#primaryimage"},"thumbnailUrl":"https:\/\/paracherkaoui.ma\/wp-content\/uploads\/2025\/12\/centaurea-centaurea-serum-depigmentant-intensif-30-ml-cremes-depigmentantes.jpg","datePublished":"2025-12-12T17:21:48+00:00","dateModified":"2025-12-12T17:21:50+00:00","breadcrumb":{"@id":"https:\/\/paracherkaoui.ma\/index.php\/produit\/centaurea-serum-depigmentant-intensif-30-ml\/#breadcrumb"},"inLanguage":"fr-FR","potentialAction":[{"@type":"ReadAction","target":["https:\/\/paracherkaoui.ma\/index.php\/produit\/centaurea-serum-depigmentant-intensif-30-ml\/"]}]},{"@type":"ImageObject","inLanguage":"fr-FR","@id":"https:\/\/paracherkaoui.ma\/index.php\/produit\/centaurea-serum-depigmentant-intensif-30-ml\/#primaryimage","url":"https:\/\/paracherkaoui.ma\/wp-content\/uploads\/2025\/12\/centaurea-centaurea-serum-depigmentant-intensif-30-ml-cremes-depigmentantes.jpg","contentUrl":"https:\/\/paracherkaoui.ma\/wp-content\/uploads\/2025\/12\/centaurea-centaurea-serum-depigmentant-intensif-30-ml-cremes-depigmentantes.jpg","width":700,"height":700},{"@type":"BreadcrumbList","@id":"https:\/\/paracherkaoui.ma\/index.php\/produit\/centaurea-serum-depigmentant-intensif-30-ml\/#breadcrumb","itemListElement":[{"@type":"ListItem","position":1,"name":"Accueil","item":"https:\/\/paracherkaoui.ma\/"},{"@type":"ListItem","position":2,"name":"Boutique","item":"https:\/\/paracherkaoui.ma\/index.php\/boutique\/"},{"@type":"ListItem","position":3,"name":"CENTAUREA SERUM DEPIGMENTANT INTENSIF 30 ML"}]},{"@type":"WebSite","@id":"https:\/\/paracherkaoui.ma\/#website","url":"https:\/\/paracherkaoui.ma\/","name":"Paracherkaoui.ma","description":"Achetez en ligne sur Paracherkaoui.ma","potentialAction":[{"@type":"SearchAction","target":{"@type":"EntryPoint","urlTemplate":"https:\/\/paracherkaoui.ma\/?s={search_term_string}"},"query-input":{"@type":"PropertyValueSpecification","valueRequired":true,"valueName":"search_term_string"}}],"inLanguage":"fr-FR"}]}},"_links":{"self":[{"href":"https:\/\/paracherkaoui.ma\/index.php\/wp-json\/wp\/v2\/product\/25063","targetHints":{"allow":["GET"]}}],"collection":[{"href":"https:\/\/paracherkaoui.ma\/index.php\/wp-json\/wp\/v2\/product"}],"about":[{"href":"https:\/\/paracherkaoui.ma\/index.php\/wp-json\/wp\/v2\/types\/product"}],"replies":[{"embeddable":true,"href":"https:\/\/paracherkaoui.ma\/index.php\/wp-json\/wp\/v2\/comments?post=25063"}],"version-history":[{"count":1,"href":"https:\/\/paracherkaoui.ma\/index.php\/wp-json\/wp\/v2\/product\/25063\/revisions"}],"predecessor-version":[{"id":25089,"href":"https:\/\/paracherkaoui.ma\/index.php\/wp-json\/wp\/v2\/product\/25063\/revisions\/25089"}],"wp:featuredmedia":[{"embeddable":true,"href":"https:\/\/paracherkaoui.ma\/index.php\/wp-json\/wp\/v2\/media\/25088"}],"wp:attachment":[{"href":"https:\/\/paracherkaoui.ma\/index.php\/wp-json\/wp\/v2\/media?parent=25063"}],"wp:term":[{"taxonomy":"product_brand","embeddable":true,"href":"https:\/\/paracherkaoui.ma\/index.php\/wp-json\/wp\/v2\/product_brand?post=25063"},{"taxonomy":"product_cat","embeddable":true,"href":"https:\/\/paracherkaoui.ma\/index.php\/wp-json\/wp\/v2\/product_cat?post=25063"},{"taxonomy":"product_tag","embeddable":true,"href":"https:\/\/paracherkaoui.ma\/index.php\/wp-json\/wp\/v2\/product_tag?post=25063"}],"curies":[{"name":"wp","href":"https:\/\/api.w.org\/{rel}","templated":true}]}}