{"id":25062,"date":"2025-12-12T18:21:48","date_gmt":"2025-12-12T17:21:48","guid":{"rendered":"https:\/\/test.ecbeaute.com\/?post_type=product&#038;p=25062"},"modified":"2025-12-12T18:21:50","modified_gmt":"2025-12-12T17:21:50","slug":"noreva-sensidiane-creme-apaisante-riche-40ml","status":"publish","type":"product","link":"https:\/\/paracherkaoui.ma\/index.php\/produit\/noreva-sensidiane-creme-apaisante-riche-40ml\/","title":{"rendered":"NOREVA SENSIDIANE CREME APAISANTE RICHE 40ML"},"content":{"rendered":"<p>Sensidiane cr\u00e8me apaisante texture riche apporte l\u2019hydratation quotidienne optimale n\u00e9cessaire aux peaux s\u00e8ches, sensibles et r\u00e9actives. Agissant comme un bouclier protecteur, ce soin haute tol\u00e9rance renforce la peau en profondeur et lui permet de lutter contre les flushes, les rougeurs et les agressions ext\u00e9rieures. Sa texture onctueuse procure un v\u00e9ritable plaisir d\u2019utilisation. Durablement prot\u00e9g\u00e9es, les peaux m\u00eame sensibles et intol\u00e9rantes retrouvent souplesse, douceur et confort.<br \/>\nConseil d&rsquo;utilisation:<br \/>\nSe nettoyer le visage le matin avec le Lait apaisant. Appliquer le S\u00e9rum apaisant avant de poser la Cr\u00e8me apaisante riche.<br \/>\nComposition:<br \/>\nQUA (WATER), C21-28 ALKANE, GOSSYPIUM HERBACEUM (COTTON) SEED OIL, GLYCERIN, BUTYLENE GLYCOL, BUTYROSPERMUM PARKII (SHEA) BUTTER, NEOPENTYL GLYCOL DIHEPTANOATE, CETYL ALCOHOL, GLYCERYL STEARATE, ISODODECANE, PENTYLENE GLYCOL, PEG-75 STEARATE, ALUMINUM STARCH OCTENYLSUCCINATE,HYDROXYETHYL ACRYLATE\/ SODIUM ACRYLOYLDIMETHYL TAURATE COPOLYMER, METHYLPROPANEDIOL, HYDROGENATED POLYISOBUTENE, CETETH-20, ETHYLHEXYLGLYCERIN, STEARETH-20, CHLORPHENESIN, CAPRYLHYDROXAMIC ACID, ALLANTOIN, DIMETHICONE, DISODIUM EDTA, FICUS CARICA (FIG) FRUIT EXTRACT, POLYSORBATE 60, SORBITAN ISOSTEARATE, SODIUM HYDROXIDE, SODIUM BENZOATE, XANTHAN GUM, POTASSIUM SORBATE, DEXTRAN, PALMITOYL TRIPEPTIDE-8.<\/p>\n","protected":false},"excerpt":{"rendered":"<p>Sensidiane cr\u00e8me apaisante texture riche apporte l\u2019hydratation quotidienne optimale n\u00e9cessaire aux peaux s\u00e8ches, sensibles et r\u00e9actives. Agissant comme un bouclier<\/p>\n","protected":false},"featured_media":25086,"comment_status":"open","ping_status":"closed","template":"","meta":[],"product_brand":[403],"product_cat":[502],"product_tag":[],"class_list":{"0":"post-25062","1":"product","2":"type-product","3":"status-publish","4":"has-post-thumbnail","6":"product_brand-noreva","7":"product_cat-soins-anti-imperfections","9":"first","10":"instock","11":"sale","12":"shipping-taxable","13":"purchasable","14":"product-type-simple"},"yoast_head":"<!-- This site is optimized with the Yoast SEO plugin v26.6 - https:\/\/yoast.com\/wordpress\/plugins\/seo\/ -->\r\n<title>NOREVA SENSIDIANE CREME APAISANTE RICHE 40ML - Paracherkaoui.ma<\/title>\r\n<meta name=\"robots\" content=\"index, follow, max-snippet:-1, max-image-preview:large, max-video-preview:-1\" \/>\r\n<link rel=\"canonical\" href=\"https:\/\/paracherkaoui.ma\/index.php\/produit\/noreva-sensidiane-creme-apaisante-riche-40ml\/\" \/>\r\n<meta property=\"og:locale\" content=\"fr_FR\" \/>\r\n<meta property=\"og:type\" content=\"article\" \/>\r\n<meta property=\"og:title\" content=\"NOREVA SENSIDIANE CREME APAISANTE RICHE 40ML - Paracherkaoui.ma\" \/>\r\n<meta property=\"og:description\" content=\"Sensidiane cr\u00e8me apaisante texture riche apporte l\u2019hydratation quotidienne optimale n\u00e9cessaire aux peaux s\u00e8ches, sensibles et r\u00e9actives. Agissant comme un bouclier\" \/>\r\n<meta property=\"og:url\" content=\"https:\/\/paracherkaoui.ma\/index.php\/produit\/noreva-sensidiane-creme-apaisante-riche-40ml\/\" \/>\r\n<meta property=\"og:site_name\" content=\"Paracherkaoui.ma\" \/>\r\n<meta property=\"article:modified_time\" content=\"2025-12-12T17:21:50+00:00\" \/>\r\n<meta property=\"og:image\" content=\"https:\/\/paracherkaoui.ma\/wp-content\/uploads\/2025\/12\/noreva-sensidiane-creme-apaisante-riche-40ml.jpg\" \/>\r\n\t<meta property=\"og:image:width\" content=\"700\" \/>\r\n\t<meta property=\"og:image:height\" content=\"700\" \/>\r\n\t<meta property=\"og:image:type\" content=\"image\/jpeg\" \/>\r\n<meta name=\"twitter:card\" content=\"summary_large_image\" \/>\r\n<meta name=\"twitter:label1\" content=\"Dur\u00e9e de lecture estim\u00e9e\" \/>\n\t<meta name=\"twitter:data1\" content=\"1 minute\" \/>\r\n<script type=\"application\/ld+json\" class=\"yoast-schema-graph\">{\"@context\":\"https:\/\/schema.org\",\"@graph\":[{\"@type\":\"WebPage\",\"@id\":\"https:\/\/paracherkaoui.ma\/index.php\/produit\/noreva-sensidiane-creme-apaisante-riche-40ml\/\",\"url\":\"https:\/\/paracherkaoui.ma\/index.php\/produit\/noreva-sensidiane-creme-apaisante-riche-40ml\/\",\"name\":\"NOREVA SENSIDIANE CREME APAISANTE RICHE 40ML - Paracherkaoui.ma\",\"isPartOf\":{\"@id\":\"https:\/\/paracherkaoui.ma\/#website\"},\"primaryImageOfPage\":{\"@id\":\"https:\/\/paracherkaoui.ma\/index.php\/produit\/noreva-sensidiane-creme-apaisante-riche-40ml\/#primaryimage\"},\"image\":{\"@id\":\"https:\/\/paracherkaoui.ma\/index.php\/produit\/noreva-sensidiane-creme-apaisante-riche-40ml\/#primaryimage\"},\"thumbnailUrl\":\"https:\/\/paracherkaoui.ma\/wp-content\/uploads\/2025\/12\/noreva-sensidiane-creme-apaisante-riche-40ml.jpg\",\"datePublished\":\"2025-12-12T17:21:48+00:00\",\"dateModified\":\"2025-12-12T17:21:50+00:00\",\"breadcrumb\":{\"@id\":\"https:\/\/paracherkaoui.ma\/index.php\/produit\/noreva-sensidiane-creme-apaisante-riche-40ml\/#breadcrumb\"},\"inLanguage\":\"fr-FR\",\"potentialAction\":[{\"@type\":\"ReadAction\",\"target\":[\"https:\/\/paracherkaoui.ma\/index.php\/produit\/noreva-sensidiane-creme-apaisante-riche-40ml\/\"]}]},{\"@type\":\"ImageObject\",\"inLanguage\":\"fr-FR\",\"@id\":\"https:\/\/paracherkaoui.ma\/index.php\/produit\/noreva-sensidiane-creme-apaisante-riche-40ml\/#primaryimage\",\"url\":\"https:\/\/paracherkaoui.ma\/wp-content\/uploads\/2025\/12\/noreva-sensidiane-creme-apaisante-riche-40ml.jpg\",\"contentUrl\":\"https:\/\/paracherkaoui.ma\/wp-content\/uploads\/2025\/12\/noreva-sensidiane-creme-apaisante-riche-40ml.jpg\",\"width\":700,\"height\":700},{\"@type\":\"BreadcrumbList\",\"@id\":\"https:\/\/paracherkaoui.ma\/index.php\/produit\/noreva-sensidiane-creme-apaisante-riche-40ml\/#breadcrumb\",\"itemListElement\":[{\"@type\":\"ListItem\",\"position\":1,\"name\":\"Accueil\",\"item\":\"https:\/\/paracherkaoui.ma\/\"},{\"@type\":\"ListItem\",\"position\":2,\"name\":\"Boutique\",\"item\":\"https:\/\/paracherkaoui.ma\/index.php\/boutique\/\"},{\"@type\":\"ListItem\",\"position\":3,\"name\":\"NOREVA SENSIDIANE CREME APAISANTE RICHE 40ML\"}]},{\"@type\":\"WebSite\",\"@id\":\"https:\/\/paracherkaoui.ma\/#website\",\"url\":\"https:\/\/paracherkaoui.ma\/\",\"name\":\"Paracherkaoui.ma\",\"description\":\"Achetez en ligne sur Paracherkaoui.ma\",\"potentialAction\":[{\"@type\":\"SearchAction\",\"target\":{\"@type\":\"EntryPoint\",\"urlTemplate\":\"https:\/\/paracherkaoui.ma\/?s={search_term_string}\"},\"query-input\":{\"@type\":\"PropertyValueSpecification\",\"valueRequired\":true,\"valueName\":\"search_term_string\"}}],\"inLanguage\":\"fr-FR\"}]}<\/script>\r\n<!-- \/ Yoast SEO plugin. -->","yoast_head_json":{"title":"NOREVA SENSIDIANE CREME APAISANTE RICHE 40ML - Paracherkaoui.ma","robots":{"index":"index","follow":"follow","max-snippet":"max-snippet:-1","max-image-preview":"max-image-preview:large","max-video-preview":"max-video-preview:-1"},"canonical":"https:\/\/paracherkaoui.ma\/index.php\/produit\/noreva-sensidiane-creme-apaisante-riche-40ml\/","og_locale":"fr_FR","og_type":"article","og_title":"NOREVA SENSIDIANE CREME APAISANTE RICHE 40ML - Paracherkaoui.ma","og_description":"Sensidiane cr\u00e8me apaisante texture riche apporte l\u2019hydratation quotidienne optimale n\u00e9cessaire aux peaux s\u00e8ches, sensibles et r\u00e9actives. Agissant comme un bouclier","og_url":"https:\/\/paracherkaoui.ma\/index.php\/produit\/noreva-sensidiane-creme-apaisante-riche-40ml\/","og_site_name":"Paracherkaoui.ma","article_modified_time":"2025-12-12T17:21:50+00:00","og_image":[{"width":700,"height":700,"url":"https:\/\/paracherkaoui.ma\/wp-content\/uploads\/2025\/12\/noreva-sensidiane-creme-apaisante-riche-40ml.jpg","type":"image\/jpeg"}],"twitter_card":"summary_large_image","twitter_misc":{"Dur\u00e9e de lecture estim\u00e9e":"1 minute"},"schema":{"@context":"https:\/\/schema.org","@graph":[{"@type":"WebPage","@id":"https:\/\/paracherkaoui.ma\/index.php\/produit\/noreva-sensidiane-creme-apaisante-riche-40ml\/","url":"https:\/\/paracherkaoui.ma\/index.php\/produit\/noreva-sensidiane-creme-apaisante-riche-40ml\/","name":"NOREVA SENSIDIANE CREME APAISANTE RICHE 40ML - Paracherkaoui.ma","isPartOf":{"@id":"https:\/\/paracherkaoui.ma\/#website"},"primaryImageOfPage":{"@id":"https:\/\/paracherkaoui.ma\/index.php\/produit\/noreva-sensidiane-creme-apaisante-riche-40ml\/#primaryimage"},"image":{"@id":"https:\/\/paracherkaoui.ma\/index.php\/produit\/noreva-sensidiane-creme-apaisante-riche-40ml\/#primaryimage"},"thumbnailUrl":"https:\/\/paracherkaoui.ma\/wp-content\/uploads\/2025\/12\/noreva-sensidiane-creme-apaisante-riche-40ml.jpg","datePublished":"2025-12-12T17:21:48+00:00","dateModified":"2025-12-12T17:21:50+00:00","breadcrumb":{"@id":"https:\/\/paracherkaoui.ma\/index.php\/produit\/noreva-sensidiane-creme-apaisante-riche-40ml\/#breadcrumb"},"inLanguage":"fr-FR","potentialAction":[{"@type":"ReadAction","target":["https:\/\/paracherkaoui.ma\/index.php\/produit\/noreva-sensidiane-creme-apaisante-riche-40ml\/"]}]},{"@type":"ImageObject","inLanguage":"fr-FR","@id":"https:\/\/paracherkaoui.ma\/index.php\/produit\/noreva-sensidiane-creme-apaisante-riche-40ml\/#primaryimage","url":"https:\/\/paracherkaoui.ma\/wp-content\/uploads\/2025\/12\/noreva-sensidiane-creme-apaisante-riche-40ml.jpg","contentUrl":"https:\/\/paracherkaoui.ma\/wp-content\/uploads\/2025\/12\/noreva-sensidiane-creme-apaisante-riche-40ml.jpg","width":700,"height":700},{"@type":"BreadcrumbList","@id":"https:\/\/paracherkaoui.ma\/index.php\/produit\/noreva-sensidiane-creme-apaisante-riche-40ml\/#breadcrumb","itemListElement":[{"@type":"ListItem","position":1,"name":"Accueil","item":"https:\/\/paracherkaoui.ma\/"},{"@type":"ListItem","position":2,"name":"Boutique","item":"https:\/\/paracherkaoui.ma\/index.php\/boutique\/"},{"@type":"ListItem","position":3,"name":"NOREVA SENSIDIANE CREME APAISANTE RICHE 40ML"}]},{"@type":"WebSite","@id":"https:\/\/paracherkaoui.ma\/#website","url":"https:\/\/paracherkaoui.ma\/","name":"Paracherkaoui.ma","description":"Achetez en ligne sur Paracherkaoui.ma","potentialAction":[{"@type":"SearchAction","target":{"@type":"EntryPoint","urlTemplate":"https:\/\/paracherkaoui.ma\/?s={search_term_string}"},"query-input":{"@type":"PropertyValueSpecification","valueRequired":true,"valueName":"search_term_string"}}],"inLanguage":"fr-FR"}]}},"_links":{"self":[{"href":"https:\/\/paracherkaoui.ma\/index.php\/wp-json\/wp\/v2\/product\/25062","targetHints":{"allow":["GET"]}}],"collection":[{"href":"https:\/\/paracherkaoui.ma\/index.php\/wp-json\/wp\/v2\/product"}],"about":[{"href":"https:\/\/paracherkaoui.ma\/index.php\/wp-json\/wp\/v2\/types\/product"}],"replies":[{"embeddable":true,"href":"https:\/\/paracherkaoui.ma\/index.php\/wp-json\/wp\/v2\/comments?post=25062"}],"version-history":[{"count":1,"href":"https:\/\/paracherkaoui.ma\/index.php\/wp-json\/wp\/v2\/product\/25062\/revisions"}],"predecessor-version":[{"id":25087,"href":"https:\/\/paracherkaoui.ma\/index.php\/wp-json\/wp\/v2\/product\/25062\/revisions\/25087"}],"wp:featuredmedia":[{"embeddable":true,"href":"https:\/\/paracherkaoui.ma\/index.php\/wp-json\/wp\/v2\/media\/25086"}],"wp:attachment":[{"href":"https:\/\/paracherkaoui.ma\/index.php\/wp-json\/wp\/v2\/media?parent=25062"}],"wp:term":[{"taxonomy":"product_brand","embeddable":true,"href":"https:\/\/paracherkaoui.ma\/index.php\/wp-json\/wp\/v2\/product_brand?post=25062"},{"taxonomy":"product_cat","embeddable":true,"href":"https:\/\/paracherkaoui.ma\/index.php\/wp-json\/wp\/v2\/product_cat?post=25062"},{"taxonomy":"product_tag","embeddable":true,"href":"https:\/\/paracherkaoui.ma\/index.php\/wp-json\/wp\/v2\/product_tag?post=25062"}],"curies":[{"name":"wp","href":"https:\/\/api.w.org\/{rel}","templated":true}]}}