{"id":25000,"date":"2025-12-12T18:21:41","date_gmt":"2025-12-12T17:21:41","guid":{"rendered":"https:\/\/test.ecbeaute.com\/?post_type=product&#038;p=25000"},"modified":"2025-12-12T18:21:46","modified_gmt":"2025-12-12T17:21:46","slug":"nuhanciam-anti-imperfections-stop-boutons-15ml","status":"publish","type":"product","link":"https:\/\/paracherkaoui.ma\/index.php\/produit\/nuhanciam-anti-imperfections-stop-boutons-15ml\/","title":{"rendered":"NUHANCIAM ANTI IMPERFECTIONS STOP BOUTONS 15ML"},"content":{"rendered":"<p>Ce soin cibl\u00e9 est destin\u00e9 aux imperfections localis\u00e9es, install\u00e9es et persistantes. Tr\u00e8s vite, les boutons s\u2019ass\u00e8chent, leur volume et leur taille diminuent. L\u2019apparition de marques r\u00e9siduelles est r\u00e9duite. Jour apr\u00e8s jour, les imperfections se r\u00e9sorbent.<br \/>\nLa texture oil free du Stop Boutons est non com\u00e9dog\u00e8ne, parfaitement adapt\u00e9e \u00e0 la correction des imperfections des peaux \u00e0 tendance acn\u00e9ique.<br \/>\nCe produit contient 85% d&rsquo;ingr\u00e9dients d&rsquo;origine naturelle.<br \/>\nConseils d&rsquo;utilisation :<br \/>\nPr\u00e9levez une petite goutte de produit et r\u00e9partissez-la avec la pulpe du doigt sur les imperfections en petits tapotements doux. Si vous avez de nombreuses imperfections et que vous devez reprendre du produit, utilisez un autre doigt afin de ne pas contaminer le produit dans le tube.<br \/>\nComposition :<br \/>\nAQUA (WATER), PROPANEDIOL, ISOPENTYLDIOL, GLYCERIN, NIACINAMIDE, POLYGLYCERYL-2 STEARATE, GLYCERYL STEARATE, STEARYL ALCOHOL, SALICYLIC ACID, ZINC PCA, BAKUCHIOL, DIMETHICONE, CAPRYLYL GLYCOL, XANTHAN GUM, HYDROXYETHYL ACRYLATE\/SODIUM ACRYLOYLDIMETHYL TAURATE COPOLYMER, SODIUM HYDROXIDE, SQUALANE, ETHYLHEXYLGLYCERIN, POLYSORBATE 60, SORBITAN ISOSTEARATE.<\/p>\n","protected":false},"excerpt":{"rendered":"<p>Ce soin cibl\u00e9 est destin\u00e9 aux imperfections localis\u00e9es, install\u00e9es et persistantes. Tr\u00e8s vite, les boutons s\u2019ass\u00e8chent, leur volume et leur<\/p>\n","protected":false},"featured_media":25042,"comment_status":"open","ping_status":"closed","template":"","meta":[],"product_brand":[311],"product_cat":[502],"product_tag":[],"class_list":{"0":"post-25000","1":"product","2":"type-product","3":"status-publish","4":"has-post-thumbnail","6":"product_brand-nuhanciam","7":"product_cat-soins-anti-imperfections","9":"first","10":"instock","11":"sale","12":"shipping-taxable","13":"purchasable","14":"product-type-simple"},"yoast_head":"<!-- This site is optimized with the Yoast SEO plugin v26.6 - https:\/\/yoast.com\/wordpress\/plugins\/seo\/ -->\r\n<title>NUHANCIAM ANTI IMPERFECTIONS STOP BOUTONS 15ML - Paracherkaoui.ma<\/title>\r\n<meta name=\"robots\" content=\"index, follow, max-snippet:-1, max-image-preview:large, max-video-preview:-1\" \/>\r\n<link rel=\"canonical\" href=\"https:\/\/paracherkaoui.ma\/index.php\/produit\/nuhanciam-anti-imperfections-stop-boutons-15ml\/\" \/>\r\n<meta property=\"og:locale\" content=\"fr_FR\" \/>\r\n<meta property=\"og:type\" content=\"article\" \/>\r\n<meta property=\"og:title\" content=\"NUHANCIAM ANTI IMPERFECTIONS STOP BOUTONS 15ML - Paracherkaoui.ma\" \/>\r\n<meta property=\"og:description\" content=\"Ce soin cibl\u00e9 est destin\u00e9 aux imperfections localis\u00e9es, install\u00e9es et persistantes. Tr\u00e8s vite, les boutons s\u2019ass\u00e8chent, leur volume et leur\" \/>\r\n<meta property=\"og:url\" content=\"https:\/\/paracherkaoui.ma\/index.php\/produit\/nuhanciam-anti-imperfections-stop-boutons-15ml\/\" \/>\r\n<meta property=\"og:site_name\" content=\"Paracherkaoui.ma\" \/>\r\n<meta property=\"article:modified_time\" content=\"2025-12-12T17:21:46+00:00\" \/>\r\n<meta property=\"og:image\" content=\"https:\/\/paracherkaoui.ma\/wp-content\/uploads\/2025\/12\/nuhanciam-anti-imperfections-stop-boutons-15ml.jpg\" \/>\r\n\t<meta property=\"og:image:width\" content=\"700\" \/>\r\n\t<meta property=\"og:image:height\" content=\"700\" \/>\r\n\t<meta property=\"og:image:type\" content=\"image\/jpeg\" \/>\r\n<meta name=\"twitter:card\" content=\"summary_large_image\" \/>\r\n<meta name=\"twitter:label1\" content=\"Dur\u00e9e de lecture estim\u00e9e\" \/>\n\t<meta name=\"twitter:data1\" content=\"1 minute\" \/>\r\n<script type=\"application\/ld+json\" class=\"yoast-schema-graph\">{\"@context\":\"https:\/\/schema.org\",\"@graph\":[{\"@type\":\"WebPage\",\"@id\":\"https:\/\/paracherkaoui.ma\/index.php\/produit\/nuhanciam-anti-imperfections-stop-boutons-15ml\/\",\"url\":\"https:\/\/paracherkaoui.ma\/index.php\/produit\/nuhanciam-anti-imperfections-stop-boutons-15ml\/\",\"name\":\"NUHANCIAM ANTI IMPERFECTIONS STOP BOUTONS 15ML - Paracherkaoui.ma\",\"isPartOf\":{\"@id\":\"https:\/\/paracherkaoui.ma\/#website\"},\"primaryImageOfPage\":{\"@id\":\"https:\/\/paracherkaoui.ma\/index.php\/produit\/nuhanciam-anti-imperfections-stop-boutons-15ml\/#primaryimage\"},\"image\":{\"@id\":\"https:\/\/paracherkaoui.ma\/index.php\/produit\/nuhanciam-anti-imperfections-stop-boutons-15ml\/#primaryimage\"},\"thumbnailUrl\":\"https:\/\/paracherkaoui.ma\/wp-content\/uploads\/2025\/12\/nuhanciam-anti-imperfections-stop-boutons-15ml.jpg\",\"datePublished\":\"2025-12-12T17:21:41+00:00\",\"dateModified\":\"2025-12-12T17:21:46+00:00\",\"breadcrumb\":{\"@id\":\"https:\/\/paracherkaoui.ma\/index.php\/produit\/nuhanciam-anti-imperfections-stop-boutons-15ml\/#breadcrumb\"},\"inLanguage\":\"fr-FR\",\"potentialAction\":[{\"@type\":\"ReadAction\",\"target\":[\"https:\/\/paracherkaoui.ma\/index.php\/produit\/nuhanciam-anti-imperfections-stop-boutons-15ml\/\"]}]},{\"@type\":\"ImageObject\",\"inLanguage\":\"fr-FR\",\"@id\":\"https:\/\/paracherkaoui.ma\/index.php\/produit\/nuhanciam-anti-imperfections-stop-boutons-15ml\/#primaryimage\",\"url\":\"https:\/\/paracherkaoui.ma\/wp-content\/uploads\/2025\/12\/nuhanciam-anti-imperfections-stop-boutons-15ml.jpg\",\"contentUrl\":\"https:\/\/paracherkaoui.ma\/wp-content\/uploads\/2025\/12\/nuhanciam-anti-imperfections-stop-boutons-15ml.jpg\",\"width\":700,\"height\":700},{\"@type\":\"BreadcrumbList\",\"@id\":\"https:\/\/paracherkaoui.ma\/index.php\/produit\/nuhanciam-anti-imperfections-stop-boutons-15ml\/#breadcrumb\",\"itemListElement\":[{\"@type\":\"ListItem\",\"position\":1,\"name\":\"Accueil\",\"item\":\"https:\/\/paracherkaoui.ma\/\"},{\"@type\":\"ListItem\",\"position\":2,\"name\":\"Boutique\",\"item\":\"https:\/\/paracherkaoui.ma\/index.php\/boutique\/\"},{\"@type\":\"ListItem\",\"position\":3,\"name\":\"NUHANCIAM ANTI IMPERFECTIONS STOP BOUTONS 15ML\"}]},{\"@type\":\"WebSite\",\"@id\":\"https:\/\/paracherkaoui.ma\/#website\",\"url\":\"https:\/\/paracherkaoui.ma\/\",\"name\":\"Paracherkaoui.ma\",\"description\":\"Achetez en ligne sur Paracherkaoui.ma\",\"potentialAction\":[{\"@type\":\"SearchAction\",\"target\":{\"@type\":\"EntryPoint\",\"urlTemplate\":\"https:\/\/paracherkaoui.ma\/?s={search_term_string}\"},\"query-input\":{\"@type\":\"PropertyValueSpecification\",\"valueRequired\":true,\"valueName\":\"search_term_string\"}}],\"inLanguage\":\"fr-FR\"}]}<\/script>\r\n<!-- \/ Yoast SEO plugin. -->","yoast_head_json":{"title":"NUHANCIAM ANTI IMPERFECTIONS STOP BOUTONS 15ML - Paracherkaoui.ma","robots":{"index":"index","follow":"follow","max-snippet":"max-snippet:-1","max-image-preview":"max-image-preview:large","max-video-preview":"max-video-preview:-1"},"canonical":"https:\/\/paracherkaoui.ma\/index.php\/produit\/nuhanciam-anti-imperfections-stop-boutons-15ml\/","og_locale":"fr_FR","og_type":"article","og_title":"NUHANCIAM ANTI IMPERFECTIONS STOP BOUTONS 15ML - Paracherkaoui.ma","og_description":"Ce soin cibl\u00e9 est destin\u00e9 aux imperfections localis\u00e9es, install\u00e9es et persistantes. Tr\u00e8s vite, les boutons s\u2019ass\u00e8chent, leur volume et leur","og_url":"https:\/\/paracherkaoui.ma\/index.php\/produit\/nuhanciam-anti-imperfections-stop-boutons-15ml\/","og_site_name":"Paracherkaoui.ma","article_modified_time":"2025-12-12T17:21:46+00:00","og_image":[{"width":700,"height":700,"url":"https:\/\/paracherkaoui.ma\/wp-content\/uploads\/2025\/12\/nuhanciam-anti-imperfections-stop-boutons-15ml.jpg","type":"image\/jpeg"}],"twitter_card":"summary_large_image","twitter_misc":{"Dur\u00e9e de lecture estim\u00e9e":"1 minute"},"schema":{"@context":"https:\/\/schema.org","@graph":[{"@type":"WebPage","@id":"https:\/\/paracherkaoui.ma\/index.php\/produit\/nuhanciam-anti-imperfections-stop-boutons-15ml\/","url":"https:\/\/paracherkaoui.ma\/index.php\/produit\/nuhanciam-anti-imperfections-stop-boutons-15ml\/","name":"NUHANCIAM ANTI IMPERFECTIONS STOP BOUTONS 15ML - Paracherkaoui.ma","isPartOf":{"@id":"https:\/\/paracherkaoui.ma\/#website"},"primaryImageOfPage":{"@id":"https:\/\/paracherkaoui.ma\/index.php\/produit\/nuhanciam-anti-imperfections-stop-boutons-15ml\/#primaryimage"},"image":{"@id":"https:\/\/paracherkaoui.ma\/index.php\/produit\/nuhanciam-anti-imperfections-stop-boutons-15ml\/#primaryimage"},"thumbnailUrl":"https:\/\/paracherkaoui.ma\/wp-content\/uploads\/2025\/12\/nuhanciam-anti-imperfections-stop-boutons-15ml.jpg","datePublished":"2025-12-12T17:21:41+00:00","dateModified":"2025-12-12T17:21:46+00:00","breadcrumb":{"@id":"https:\/\/paracherkaoui.ma\/index.php\/produit\/nuhanciam-anti-imperfections-stop-boutons-15ml\/#breadcrumb"},"inLanguage":"fr-FR","potentialAction":[{"@type":"ReadAction","target":["https:\/\/paracherkaoui.ma\/index.php\/produit\/nuhanciam-anti-imperfections-stop-boutons-15ml\/"]}]},{"@type":"ImageObject","inLanguage":"fr-FR","@id":"https:\/\/paracherkaoui.ma\/index.php\/produit\/nuhanciam-anti-imperfections-stop-boutons-15ml\/#primaryimage","url":"https:\/\/paracherkaoui.ma\/wp-content\/uploads\/2025\/12\/nuhanciam-anti-imperfections-stop-boutons-15ml.jpg","contentUrl":"https:\/\/paracherkaoui.ma\/wp-content\/uploads\/2025\/12\/nuhanciam-anti-imperfections-stop-boutons-15ml.jpg","width":700,"height":700},{"@type":"BreadcrumbList","@id":"https:\/\/paracherkaoui.ma\/index.php\/produit\/nuhanciam-anti-imperfections-stop-boutons-15ml\/#breadcrumb","itemListElement":[{"@type":"ListItem","position":1,"name":"Accueil","item":"https:\/\/paracherkaoui.ma\/"},{"@type":"ListItem","position":2,"name":"Boutique","item":"https:\/\/paracherkaoui.ma\/index.php\/boutique\/"},{"@type":"ListItem","position":3,"name":"NUHANCIAM ANTI IMPERFECTIONS STOP BOUTONS 15ML"}]},{"@type":"WebSite","@id":"https:\/\/paracherkaoui.ma\/#website","url":"https:\/\/paracherkaoui.ma\/","name":"Paracherkaoui.ma","description":"Achetez en ligne sur Paracherkaoui.ma","potentialAction":[{"@type":"SearchAction","target":{"@type":"EntryPoint","urlTemplate":"https:\/\/paracherkaoui.ma\/?s={search_term_string}"},"query-input":{"@type":"PropertyValueSpecification","valueRequired":true,"valueName":"search_term_string"}}],"inLanguage":"fr-FR"}]}},"_links":{"self":[{"href":"https:\/\/paracherkaoui.ma\/index.php\/wp-json\/wp\/v2\/product\/25000","targetHints":{"allow":["GET"]}}],"collection":[{"href":"https:\/\/paracherkaoui.ma\/index.php\/wp-json\/wp\/v2\/product"}],"about":[{"href":"https:\/\/paracherkaoui.ma\/index.php\/wp-json\/wp\/v2\/types\/product"}],"replies":[{"embeddable":true,"href":"https:\/\/paracherkaoui.ma\/index.php\/wp-json\/wp\/v2\/comments?post=25000"}],"version-history":[{"count":1,"href":"https:\/\/paracherkaoui.ma\/index.php\/wp-json\/wp\/v2\/product\/25000\/revisions"}],"predecessor-version":[{"id":25043,"href":"https:\/\/paracherkaoui.ma\/index.php\/wp-json\/wp\/v2\/product\/25000\/revisions\/25043"}],"wp:featuredmedia":[{"embeddable":true,"href":"https:\/\/paracherkaoui.ma\/index.php\/wp-json\/wp\/v2\/media\/25042"}],"wp:attachment":[{"href":"https:\/\/paracherkaoui.ma\/index.php\/wp-json\/wp\/v2\/media?parent=25000"}],"wp:term":[{"taxonomy":"product_brand","embeddable":true,"href":"https:\/\/paracherkaoui.ma\/index.php\/wp-json\/wp\/v2\/product_brand?post=25000"},{"taxonomy":"product_cat","embeddable":true,"href":"https:\/\/paracherkaoui.ma\/index.php\/wp-json\/wp\/v2\/product_cat?post=25000"},{"taxonomy":"product_tag","embeddable":true,"href":"https:\/\/paracherkaoui.ma\/index.php\/wp-json\/wp\/v2\/product_tag?post=25000"}],"curies":[{"name":"wp","href":"https:\/\/api.w.org\/{rel}","templated":true}]}}