{"id":24984,"date":"2025-12-12T18:21:37","date_gmt":"2025-12-12T17:21:37","guid":{"rendered":"https:\/\/test.ecbeaute.com\/?post_type=product&#038;p=24984"},"modified":"2025-12-12T18:21:44","modified_gmt":"2025-12-12T17:21:44","slug":"dcp-koproz-az-creme-concentree-intense-50-ml","status":"publish","type":"product","link":"https:\/\/paracherkaoui.ma\/index.php\/produit\/dcp-koproz-az-creme-concentree-intense-50-ml\/","title":{"rendered":"DCP KOPROZ AZ CREME CONCENTREE INTENSE 50 ML"},"content":{"rendered":"<p>Gr\u00e2ce \u00e0 sa formule enrichie en acide az\u00e9la\u00efque (15%), en gel d\u2019Aloe Vera (10%) et en extrait d\u2019Arnica (2%), ce soin offre une solution efficace et naturelle pour les peaux sensibles, r\u00e9actives ou sujettes \u00e0 la couperose.<br \/>\nSon action concentr\u00e9e permet \u00e0 la peau de retrouver rapidement un aspect plus uniforme, tout en apportant confort et hydratation. Elle aide \u00e9galement \u00e0 r\u00e9duire les inflammations localis\u00e9es, rendant ce produit indispensable pour les peaux pr\u00e9sentant des irritations fr\u00e9quentes. Parfaitement adapt\u00e9e \u00e0 un usage quotidien, cette cr\u00e8me douce mais puissante agit en profondeur pour restaurer l\u2019\u00e9quilibre naturel de la peau.<br \/>\nComposition<br \/>\nAqua, Azelaic Acid, Aloe Barbadensis Leaf Juice, Propylene Glycol, Cetearyl Alcohol, Dicetyl Phosphate, Ceteth-10 Phosphate, Triethanolamine, Coco Caprylate\/Caprate, Niacinamide, Arnica Montana Flower Extract, Glycerin, Stearate, Silica, Glycerin, Phenoxyethanol, Ethylhexylglycerin, Calendula Officinalis Flower Extract, Propanediol, Bisabolol, Tocopherol, Disodium EDTA, CI 26100, Xanthan Gum.<br \/>\nCette cr\u00e8me est un alli\u00e9 pr\u00e9cieux pour une peau apais\u00e9e et prot\u00e9g\u00e9e au quotidien.<br \/>\nConseils d&rsquo;utilisation<br \/>\nApplication : Appliquez une noisette de la cr\u00e8me sur une peau propre et s\u00e8che, en insistant sur les zones affect\u00e9es par les rougeurs ou irritations.<br \/>\nFr\u00e9quence : Utilisez matin et soir pour une efficacit\u00e9 optimale. Combinez avec un \u00e9cran solaire KOPROZ 50+ en journ\u00e9e pour prot\u00e9ger la peau des UV.<br \/>\nPr\u00e9cautions : Usage externe uniquement. \u00c9vitez le contact avec les yeux. Conservez le produit \u00e0 l\u2019abri de la chaleur et de l\u2019humidit\u00e9.<\/p>\n","protected":false},"excerpt":{"rendered":"<p>Gr\u00e2ce \u00e0 sa formule enrichie en acide az\u00e9la\u00efque (15%), en gel d\u2019Aloe Vera (10%) et en extrait d\u2019Arnica (2%), ce<\/p>\n","protected":false},"featured_media":25017,"comment_status":"open","ping_status":"closed","template":"","meta":[],"product_brand":[257],"product_cat":[502],"product_tag":[],"class_list":{"0":"post-24984","1":"product","2":"type-product","3":"status-publish","4":"has-post-thumbnail","6":"product_brand-dcpderm","7":"product_cat-soins-anti-imperfections","9":"first","10":"instock","11":"sale","12":"shipping-taxable","13":"purchasable","14":"product-type-simple"},"yoast_head":"<!-- This site is optimized with the Yoast SEO plugin v26.6 - https:\/\/yoast.com\/wordpress\/plugins\/seo\/ -->\r\n<title>DCP KOPROZ AZ CREME CONCENTREE INTENSE 50 ML - Paracherkaoui.ma<\/title>\r\n<meta name=\"robots\" content=\"index, follow, max-snippet:-1, max-image-preview:large, max-video-preview:-1\" \/>\r\n<link rel=\"canonical\" href=\"https:\/\/paracherkaoui.ma\/index.php\/produit\/dcp-koproz-az-creme-concentree-intense-50-ml\/\" \/>\r\n<meta property=\"og:locale\" content=\"fr_FR\" \/>\r\n<meta property=\"og:type\" content=\"article\" \/>\r\n<meta property=\"og:title\" content=\"DCP KOPROZ AZ CREME CONCENTREE INTENSE 50 ML - Paracherkaoui.ma\" \/>\r\n<meta property=\"og:description\" content=\"Gr\u00e2ce \u00e0 sa formule enrichie en acide az\u00e9la\u00efque (15%), en gel d\u2019Aloe Vera (10%) et en extrait d\u2019Arnica (2%), ce\" \/>\r\n<meta property=\"og:url\" content=\"https:\/\/paracherkaoui.ma\/index.php\/produit\/dcp-koproz-az-creme-concentree-intense-50-ml\/\" \/>\r\n<meta property=\"og:site_name\" content=\"Paracherkaoui.ma\" \/>\r\n<meta property=\"article:modified_time\" content=\"2025-12-12T17:21:44+00:00\" \/>\r\n<meta property=\"og:image\" content=\"https:\/\/paracherkaoui.ma\/wp-content\/uploads\/2025\/12\/dcpderm-dcp-koproz-az-creme-concentree-intense-50-ml-soins-anti-rougeurs.jpg\" \/>\r\n\t<meta property=\"og:image:width\" content=\"700\" \/>\r\n\t<meta property=\"og:image:height\" content=\"700\" \/>\r\n\t<meta property=\"og:image:type\" content=\"image\/jpeg\" \/>\r\n<meta name=\"twitter:card\" content=\"summary_large_image\" \/>\r\n<meta name=\"twitter:label1\" content=\"Dur\u00e9e de lecture estim\u00e9e\" \/>\n\t<meta name=\"twitter:data1\" content=\"1 minute\" \/>\r\n<script type=\"application\/ld+json\" class=\"yoast-schema-graph\">{\"@context\":\"https:\/\/schema.org\",\"@graph\":[{\"@type\":\"WebPage\",\"@id\":\"https:\/\/paracherkaoui.ma\/index.php\/produit\/dcp-koproz-az-creme-concentree-intense-50-ml\/\",\"url\":\"https:\/\/paracherkaoui.ma\/index.php\/produit\/dcp-koproz-az-creme-concentree-intense-50-ml\/\",\"name\":\"DCP KOPROZ AZ CREME CONCENTREE INTENSE 50 ML - Paracherkaoui.ma\",\"isPartOf\":{\"@id\":\"https:\/\/paracherkaoui.ma\/#website\"},\"primaryImageOfPage\":{\"@id\":\"https:\/\/paracherkaoui.ma\/index.php\/produit\/dcp-koproz-az-creme-concentree-intense-50-ml\/#primaryimage\"},\"image\":{\"@id\":\"https:\/\/paracherkaoui.ma\/index.php\/produit\/dcp-koproz-az-creme-concentree-intense-50-ml\/#primaryimage\"},\"thumbnailUrl\":\"https:\/\/paracherkaoui.ma\/wp-content\/uploads\/2025\/12\/dcpderm-dcp-koproz-az-creme-concentree-intense-50-ml-soins-anti-rougeurs.jpg\",\"datePublished\":\"2025-12-12T17:21:37+00:00\",\"dateModified\":\"2025-12-12T17:21:44+00:00\",\"breadcrumb\":{\"@id\":\"https:\/\/paracherkaoui.ma\/index.php\/produit\/dcp-koproz-az-creme-concentree-intense-50-ml\/#breadcrumb\"},\"inLanguage\":\"fr-FR\",\"potentialAction\":[{\"@type\":\"ReadAction\",\"target\":[\"https:\/\/paracherkaoui.ma\/index.php\/produit\/dcp-koproz-az-creme-concentree-intense-50-ml\/\"]}]},{\"@type\":\"ImageObject\",\"inLanguage\":\"fr-FR\",\"@id\":\"https:\/\/paracherkaoui.ma\/index.php\/produit\/dcp-koproz-az-creme-concentree-intense-50-ml\/#primaryimage\",\"url\":\"https:\/\/paracherkaoui.ma\/wp-content\/uploads\/2025\/12\/dcpderm-dcp-koproz-az-creme-concentree-intense-50-ml-soins-anti-rougeurs.jpg\",\"contentUrl\":\"https:\/\/paracherkaoui.ma\/wp-content\/uploads\/2025\/12\/dcpderm-dcp-koproz-az-creme-concentree-intense-50-ml-soins-anti-rougeurs.jpg\",\"width\":700,\"height\":700},{\"@type\":\"BreadcrumbList\",\"@id\":\"https:\/\/paracherkaoui.ma\/index.php\/produit\/dcp-koproz-az-creme-concentree-intense-50-ml\/#breadcrumb\",\"itemListElement\":[{\"@type\":\"ListItem\",\"position\":1,\"name\":\"Accueil\",\"item\":\"https:\/\/paracherkaoui.ma\/\"},{\"@type\":\"ListItem\",\"position\":2,\"name\":\"Boutique\",\"item\":\"https:\/\/paracherkaoui.ma\/index.php\/boutique\/\"},{\"@type\":\"ListItem\",\"position\":3,\"name\":\"DCP KOPROZ AZ CREME CONCENTREE INTENSE 50 ML\"}]},{\"@type\":\"WebSite\",\"@id\":\"https:\/\/paracherkaoui.ma\/#website\",\"url\":\"https:\/\/paracherkaoui.ma\/\",\"name\":\"Paracherkaoui.ma\",\"description\":\"Achetez en ligne sur Paracherkaoui.ma\",\"potentialAction\":[{\"@type\":\"SearchAction\",\"target\":{\"@type\":\"EntryPoint\",\"urlTemplate\":\"https:\/\/paracherkaoui.ma\/?s={search_term_string}\"},\"query-input\":{\"@type\":\"PropertyValueSpecification\",\"valueRequired\":true,\"valueName\":\"search_term_string\"}}],\"inLanguage\":\"fr-FR\"}]}<\/script>\r\n<!-- \/ Yoast SEO plugin. -->","yoast_head_json":{"title":"DCP KOPROZ AZ CREME CONCENTREE INTENSE 50 ML - Paracherkaoui.ma","robots":{"index":"index","follow":"follow","max-snippet":"max-snippet:-1","max-image-preview":"max-image-preview:large","max-video-preview":"max-video-preview:-1"},"canonical":"https:\/\/paracherkaoui.ma\/index.php\/produit\/dcp-koproz-az-creme-concentree-intense-50-ml\/","og_locale":"fr_FR","og_type":"article","og_title":"DCP KOPROZ AZ CREME CONCENTREE INTENSE 50 ML - Paracherkaoui.ma","og_description":"Gr\u00e2ce \u00e0 sa formule enrichie en acide az\u00e9la\u00efque (15%), en gel d\u2019Aloe Vera (10%) et en extrait d\u2019Arnica (2%), ce","og_url":"https:\/\/paracherkaoui.ma\/index.php\/produit\/dcp-koproz-az-creme-concentree-intense-50-ml\/","og_site_name":"Paracherkaoui.ma","article_modified_time":"2025-12-12T17:21:44+00:00","og_image":[{"width":700,"height":700,"url":"https:\/\/paracherkaoui.ma\/wp-content\/uploads\/2025\/12\/dcpderm-dcp-koproz-az-creme-concentree-intense-50-ml-soins-anti-rougeurs.jpg","type":"image\/jpeg"}],"twitter_card":"summary_large_image","twitter_misc":{"Dur\u00e9e de lecture estim\u00e9e":"1 minute"},"schema":{"@context":"https:\/\/schema.org","@graph":[{"@type":"WebPage","@id":"https:\/\/paracherkaoui.ma\/index.php\/produit\/dcp-koproz-az-creme-concentree-intense-50-ml\/","url":"https:\/\/paracherkaoui.ma\/index.php\/produit\/dcp-koproz-az-creme-concentree-intense-50-ml\/","name":"DCP KOPROZ AZ CREME CONCENTREE INTENSE 50 ML - Paracherkaoui.ma","isPartOf":{"@id":"https:\/\/paracherkaoui.ma\/#website"},"primaryImageOfPage":{"@id":"https:\/\/paracherkaoui.ma\/index.php\/produit\/dcp-koproz-az-creme-concentree-intense-50-ml\/#primaryimage"},"image":{"@id":"https:\/\/paracherkaoui.ma\/index.php\/produit\/dcp-koproz-az-creme-concentree-intense-50-ml\/#primaryimage"},"thumbnailUrl":"https:\/\/paracherkaoui.ma\/wp-content\/uploads\/2025\/12\/dcpderm-dcp-koproz-az-creme-concentree-intense-50-ml-soins-anti-rougeurs.jpg","datePublished":"2025-12-12T17:21:37+00:00","dateModified":"2025-12-12T17:21:44+00:00","breadcrumb":{"@id":"https:\/\/paracherkaoui.ma\/index.php\/produit\/dcp-koproz-az-creme-concentree-intense-50-ml\/#breadcrumb"},"inLanguage":"fr-FR","potentialAction":[{"@type":"ReadAction","target":["https:\/\/paracherkaoui.ma\/index.php\/produit\/dcp-koproz-az-creme-concentree-intense-50-ml\/"]}]},{"@type":"ImageObject","inLanguage":"fr-FR","@id":"https:\/\/paracherkaoui.ma\/index.php\/produit\/dcp-koproz-az-creme-concentree-intense-50-ml\/#primaryimage","url":"https:\/\/paracherkaoui.ma\/wp-content\/uploads\/2025\/12\/dcpderm-dcp-koproz-az-creme-concentree-intense-50-ml-soins-anti-rougeurs.jpg","contentUrl":"https:\/\/paracherkaoui.ma\/wp-content\/uploads\/2025\/12\/dcpderm-dcp-koproz-az-creme-concentree-intense-50-ml-soins-anti-rougeurs.jpg","width":700,"height":700},{"@type":"BreadcrumbList","@id":"https:\/\/paracherkaoui.ma\/index.php\/produit\/dcp-koproz-az-creme-concentree-intense-50-ml\/#breadcrumb","itemListElement":[{"@type":"ListItem","position":1,"name":"Accueil","item":"https:\/\/paracherkaoui.ma\/"},{"@type":"ListItem","position":2,"name":"Boutique","item":"https:\/\/paracherkaoui.ma\/index.php\/boutique\/"},{"@type":"ListItem","position":3,"name":"DCP KOPROZ AZ CREME CONCENTREE INTENSE 50 ML"}]},{"@type":"WebSite","@id":"https:\/\/paracherkaoui.ma\/#website","url":"https:\/\/paracherkaoui.ma\/","name":"Paracherkaoui.ma","description":"Achetez en ligne sur Paracherkaoui.ma","potentialAction":[{"@type":"SearchAction","target":{"@type":"EntryPoint","urlTemplate":"https:\/\/paracherkaoui.ma\/?s={search_term_string}"},"query-input":{"@type":"PropertyValueSpecification","valueRequired":true,"valueName":"search_term_string"}}],"inLanguage":"fr-FR"}]}},"_links":{"self":[{"href":"https:\/\/paracherkaoui.ma\/index.php\/wp-json\/wp\/v2\/product\/24984","targetHints":{"allow":["GET"]}}],"collection":[{"href":"https:\/\/paracherkaoui.ma\/index.php\/wp-json\/wp\/v2\/product"}],"about":[{"href":"https:\/\/paracherkaoui.ma\/index.php\/wp-json\/wp\/v2\/types\/product"}],"replies":[{"embeddable":true,"href":"https:\/\/paracherkaoui.ma\/index.php\/wp-json\/wp\/v2\/comments?post=24984"}],"version-history":[{"count":1,"href":"https:\/\/paracherkaoui.ma\/index.php\/wp-json\/wp\/v2\/product\/24984\/revisions"}],"predecessor-version":[{"id":25018,"href":"https:\/\/paracherkaoui.ma\/index.php\/wp-json\/wp\/v2\/product\/24984\/revisions\/25018"}],"wp:featuredmedia":[{"embeddable":true,"href":"https:\/\/paracherkaoui.ma\/index.php\/wp-json\/wp\/v2\/media\/25017"}],"wp:attachment":[{"href":"https:\/\/paracherkaoui.ma\/index.php\/wp-json\/wp\/v2\/media?parent=24984"}],"wp:term":[{"taxonomy":"product_brand","embeddable":true,"href":"https:\/\/paracherkaoui.ma\/index.php\/wp-json\/wp\/v2\/product_brand?post=24984"},{"taxonomy":"product_cat","embeddable":true,"href":"https:\/\/paracherkaoui.ma\/index.php\/wp-json\/wp\/v2\/product_cat?post=24984"},{"taxonomy":"product_tag","embeddable":true,"href":"https:\/\/paracherkaoui.ma\/index.php\/wp-json\/wp\/v2\/product_tag?post=24984"}],"curies":[{"name":"wp","href":"https:\/\/api.w.org\/{rel}","templated":true}]}}