{"id":24922,"date":"2025-12-12T18:21:27","date_gmt":"2025-12-12T17:21:27","guid":{"rendered":"https:\/\/test.ecbeaute.com\/?post_type=product&#038;p=24922"},"modified":"2025-12-12T18:21:31","modified_gmt":"2025-12-12T17:21:31","slug":"lea-nature-eau-thermale-jonzac-pure-soin-purifiant-anti-imperfections-50-ml","status":"publish","type":"product","link":"https:\/\/paracherkaoui.ma\/index.php\/produit\/lea-nature-eau-thermale-jonzac-pure-soin-purifiant-anti-imperfections-50-ml\/","title":{"rendered":"LEA NATURE EAU THERMALE JONZAC PURE SOIN PURIFIANT ANTI IMPERFECTIONS 50 ML"},"content":{"rendered":"<p>Le soin purifiant anti-imperfections Pure est un alli\u00e9 incontournable pour les peaux mixtes \u00e0 grasses \u00e0 imperfections. Gr\u00e2ce \u00e0 sa formulation riche en eau thermale de Jonzac et en algue purifiante et r\u00e9g\u00e9n\u00e9rante, il hydrate la peau tout en favorisant l\u2019\u00e9limination des boutons et points noirs. Sa poudre de bambou matifiante aide \u00e0 r\u00e9guler l\u2019exc\u00e8s de s\u00e9bum pour un fini mat imm\u00e9diat et durable.<br \/>\nConseils d&rsquo;utilisation:<br \/>\nAppliquez le soin purifiant Jonzac matin et\/ou soir sur le visage et le cou parfaitement nettoy\u00e9s avec l&rsquo;eau micellaire purifiante Pure. Excellente base de maquillage.<\/p>\n","protected":false},"excerpt":{"rendered":"<p>Le soin purifiant anti-imperfections Pure est un alli\u00e9 incontournable pour les peaux mixtes \u00e0 grasses \u00e0 imperfections. Gr\u00e2ce \u00e0 sa<\/p>\n","protected":false},"featured_media":24965,"comment_status":"open","ping_status":"closed","template":"","meta":[],"product_brand":[373],"product_cat":[502],"product_tag":[],"class_list":{"0":"post-24922","1":"product","2":"type-product","3":"status-publish","4":"has-post-thumbnail","6":"product_brand-lea-nature","7":"product_cat-soins-anti-imperfections","9":"first","10":"instock","11":"sale","12":"shipping-taxable","13":"purchasable","14":"product-type-simple"},"yoast_head":"<!-- This site is optimized with the Yoast SEO plugin v26.6 - https:\/\/yoast.com\/wordpress\/plugins\/seo\/ -->\r\n<title>LEA NATURE EAU THERMALE JONZAC PURE SOIN PURIFIANT ANTI IMPERFECTIONS 50 ML - Paracherkaoui.ma<\/title>\r\n<meta name=\"robots\" content=\"index, follow, max-snippet:-1, max-image-preview:large, max-video-preview:-1\" \/>\r\n<link rel=\"canonical\" href=\"https:\/\/paracherkaoui.ma\/index.php\/produit\/lea-nature-eau-thermale-jonzac-pure-soin-purifiant-anti-imperfections-50-ml\/\" \/>\r\n<meta property=\"og:locale\" content=\"fr_FR\" \/>\r\n<meta property=\"og:type\" content=\"article\" \/>\r\n<meta property=\"og:title\" content=\"LEA NATURE EAU THERMALE JONZAC PURE SOIN PURIFIANT ANTI IMPERFECTIONS 50 ML - Paracherkaoui.ma\" \/>\r\n<meta property=\"og:description\" content=\"Le soin purifiant anti-imperfections Pure est un alli\u00e9 incontournable pour les peaux mixtes \u00e0 grasses \u00e0 imperfections. Gr\u00e2ce \u00e0 sa\" \/>\r\n<meta property=\"og:url\" content=\"https:\/\/paracherkaoui.ma\/index.php\/produit\/lea-nature-eau-thermale-jonzac-pure-soin-purifiant-anti-imperfections-50-ml\/\" \/>\r\n<meta property=\"og:site_name\" content=\"Paracherkaoui.ma\" \/>\r\n<meta property=\"article:modified_time\" content=\"2025-12-12T17:21:31+00:00\" \/>\r\n<meta property=\"og:image\" content=\"https:\/\/paracherkaoui.ma\/wp-content\/uploads\/2025\/12\/lea-nature-lea-nature-eau-thermale-jonzac-pure-soin-purifiant-anti-imperfections-50-ml-soins-anti-imperfections.jpg\" \/>\r\n\t<meta property=\"og:image:width\" content=\"700\" \/>\r\n\t<meta property=\"og:image:height\" content=\"700\" \/>\r\n\t<meta property=\"og:image:type\" content=\"image\/jpeg\" \/>\r\n<meta name=\"twitter:card\" content=\"summary_large_image\" \/>\r\n<script type=\"application\/ld+json\" class=\"yoast-schema-graph\">{\"@context\":\"https:\/\/schema.org\",\"@graph\":[{\"@type\":\"WebPage\",\"@id\":\"https:\/\/paracherkaoui.ma\/index.php\/produit\/lea-nature-eau-thermale-jonzac-pure-soin-purifiant-anti-imperfections-50-ml\/\",\"url\":\"https:\/\/paracherkaoui.ma\/index.php\/produit\/lea-nature-eau-thermale-jonzac-pure-soin-purifiant-anti-imperfections-50-ml\/\",\"name\":\"LEA NATURE EAU THERMALE JONZAC PURE SOIN PURIFIANT ANTI IMPERFECTIONS 50 ML - Paracherkaoui.ma\",\"isPartOf\":{\"@id\":\"https:\/\/paracherkaoui.ma\/#website\"},\"primaryImageOfPage\":{\"@id\":\"https:\/\/paracherkaoui.ma\/index.php\/produit\/lea-nature-eau-thermale-jonzac-pure-soin-purifiant-anti-imperfections-50-ml\/#primaryimage\"},\"image\":{\"@id\":\"https:\/\/paracherkaoui.ma\/index.php\/produit\/lea-nature-eau-thermale-jonzac-pure-soin-purifiant-anti-imperfections-50-ml\/#primaryimage\"},\"thumbnailUrl\":\"https:\/\/paracherkaoui.ma\/wp-content\/uploads\/2025\/12\/lea-nature-lea-nature-eau-thermale-jonzac-pure-soin-purifiant-anti-imperfections-50-ml-soins-anti-imperfections.jpg\",\"datePublished\":\"2025-12-12T17:21:27+00:00\",\"dateModified\":\"2025-12-12T17:21:31+00:00\",\"breadcrumb\":{\"@id\":\"https:\/\/paracherkaoui.ma\/index.php\/produit\/lea-nature-eau-thermale-jonzac-pure-soin-purifiant-anti-imperfections-50-ml\/#breadcrumb\"},\"inLanguage\":\"fr-FR\",\"potentialAction\":[{\"@type\":\"ReadAction\",\"target\":[\"https:\/\/paracherkaoui.ma\/index.php\/produit\/lea-nature-eau-thermale-jonzac-pure-soin-purifiant-anti-imperfections-50-ml\/\"]}]},{\"@type\":\"ImageObject\",\"inLanguage\":\"fr-FR\",\"@id\":\"https:\/\/paracherkaoui.ma\/index.php\/produit\/lea-nature-eau-thermale-jonzac-pure-soin-purifiant-anti-imperfections-50-ml\/#primaryimage\",\"url\":\"https:\/\/paracherkaoui.ma\/wp-content\/uploads\/2025\/12\/lea-nature-lea-nature-eau-thermale-jonzac-pure-soin-purifiant-anti-imperfections-50-ml-soins-anti-imperfections.jpg\",\"contentUrl\":\"https:\/\/paracherkaoui.ma\/wp-content\/uploads\/2025\/12\/lea-nature-lea-nature-eau-thermale-jonzac-pure-soin-purifiant-anti-imperfections-50-ml-soins-anti-imperfections.jpg\",\"width\":700,\"height\":700},{\"@type\":\"BreadcrumbList\",\"@id\":\"https:\/\/paracherkaoui.ma\/index.php\/produit\/lea-nature-eau-thermale-jonzac-pure-soin-purifiant-anti-imperfections-50-ml\/#breadcrumb\",\"itemListElement\":[{\"@type\":\"ListItem\",\"position\":1,\"name\":\"Accueil\",\"item\":\"https:\/\/paracherkaoui.ma\/\"},{\"@type\":\"ListItem\",\"position\":2,\"name\":\"Boutique\",\"item\":\"https:\/\/paracherkaoui.ma\/index.php\/boutique\/\"},{\"@type\":\"ListItem\",\"position\":3,\"name\":\"LEA NATURE EAU THERMALE JONZAC PURE SOIN PURIFIANT ANTI IMPERFECTIONS 50 ML\"}]},{\"@type\":\"WebSite\",\"@id\":\"https:\/\/paracherkaoui.ma\/#website\",\"url\":\"https:\/\/paracherkaoui.ma\/\",\"name\":\"Paracherkaoui.ma\",\"description\":\"Achetez en ligne sur Paracherkaoui.ma\",\"potentialAction\":[{\"@type\":\"SearchAction\",\"target\":{\"@type\":\"EntryPoint\",\"urlTemplate\":\"https:\/\/paracherkaoui.ma\/?s={search_term_string}\"},\"query-input\":{\"@type\":\"PropertyValueSpecification\",\"valueRequired\":true,\"valueName\":\"search_term_string\"}}],\"inLanguage\":\"fr-FR\"}]}<\/script>\r\n<!-- \/ Yoast SEO plugin. -->","yoast_head_json":{"title":"LEA NATURE EAU THERMALE JONZAC PURE SOIN PURIFIANT ANTI IMPERFECTIONS 50 ML - Paracherkaoui.ma","robots":{"index":"index","follow":"follow","max-snippet":"max-snippet:-1","max-image-preview":"max-image-preview:large","max-video-preview":"max-video-preview:-1"},"canonical":"https:\/\/paracherkaoui.ma\/index.php\/produit\/lea-nature-eau-thermale-jonzac-pure-soin-purifiant-anti-imperfections-50-ml\/","og_locale":"fr_FR","og_type":"article","og_title":"LEA NATURE EAU THERMALE JONZAC PURE SOIN PURIFIANT ANTI IMPERFECTIONS 50 ML - Paracherkaoui.ma","og_description":"Le soin purifiant anti-imperfections Pure est un alli\u00e9 incontournable pour les peaux mixtes \u00e0 grasses \u00e0 imperfections. Gr\u00e2ce \u00e0 sa","og_url":"https:\/\/paracherkaoui.ma\/index.php\/produit\/lea-nature-eau-thermale-jonzac-pure-soin-purifiant-anti-imperfections-50-ml\/","og_site_name":"Paracherkaoui.ma","article_modified_time":"2025-12-12T17:21:31+00:00","og_image":[{"width":700,"height":700,"url":"https:\/\/paracherkaoui.ma\/wp-content\/uploads\/2025\/12\/lea-nature-lea-nature-eau-thermale-jonzac-pure-soin-purifiant-anti-imperfections-50-ml-soins-anti-imperfections.jpg","type":"image\/jpeg"}],"twitter_card":"summary_large_image","schema":{"@context":"https:\/\/schema.org","@graph":[{"@type":"WebPage","@id":"https:\/\/paracherkaoui.ma\/index.php\/produit\/lea-nature-eau-thermale-jonzac-pure-soin-purifiant-anti-imperfections-50-ml\/","url":"https:\/\/paracherkaoui.ma\/index.php\/produit\/lea-nature-eau-thermale-jonzac-pure-soin-purifiant-anti-imperfections-50-ml\/","name":"LEA NATURE EAU THERMALE JONZAC PURE SOIN PURIFIANT ANTI IMPERFECTIONS 50 ML - Paracherkaoui.ma","isPartOf":{"@id":"https:\/\/paracherkaoui.ma\/#website"},"primaryImageOfPage":{"@id":"https:\/\/paracherkaoui.ma\/index.php\/produit\/lea-nature-eau-thermale-jonzac-pure-soin-purifiant-anti-imperfections-50-ml\/#primaryimage"},"image":{"@id":"https:\/\/paracherkaoui.ma\/index.php\/produit\/lea-nature-eau-thermale-jonzac-pure-soin-purifiant-anti-imperfections-50-ml\/#primaryimage"},"thumbnailUrl":"https:\/\/paracherkaoui.ma\/wp-content\/uploads\/2025\/12\/lea-nature-lea-nature-eau-thermale-jonzac-pure-soin-purifiant-anti-imperfections-50-ml-soins-anti-imperfections.jpg","datePublished":"2025-12-12T17:21:27+00:00","dateModified":"2025-12-12T17:21:31+00:00","breadcrumb":{"@id":"https:\/\/paracherkaoui.ma\/index.php\/produit\/lea-nature-eau-thermale-jonzac-pure-soin-purifiant-anti-imperfections-50-ml\/#breadcrumb"},"inLanguage":"fr-FR","potentialAction":[{"@type":"ReadAction","target":["https:\/\/paracherkaoui.ma\/index.php\/produit\/lea-nature-eau-thermale-jonzac-pure-soin-purifiant-anti-imperfections-50-ml\/"]}]},{"@type":"ImageObject","inLanguage":"fr-FR","@id":"https:\/\/paracherkaoui.ma\/index.php\/produit\/lea-nature-eau-thermale-jonzac-pure-soin-purifiant-anti-imperfections-50-ml\/#primaryimage","url":"https:\/\/paracherkaoui.ma\/wp-content\/uploads\/2025\/12\/lea-nature-lea-nature-eau-thermale-jonzac-pure-soin-purifiant-anti-imperfections-50-ml-soins-anti-imperfections.jpg","contentUrl":"https:\/\/paracherkaoui.ma\/wp-content\/uploads\/2025\/12\/lea-nature-lea-nature-eau-thermale-jonzac-pure-soin-purifiant-anti-imperfections-50-ml-soins-anti-imperfections.jpg","width":700,"height":700},{"@type":"BreadcrumbList","@id":"https:\/\/paracherkaoui.ma\/index.php\/produit\/lea-nature-eau-thermale-jonzac-pure-soin-purifiant-anti-imperfections-50-ml\/#breadcrumb","itemListElement":[{"@type":"ListItem","position":1,"name":"Accueil","item":"https:\/\/paracherkaoui.ma\/"},{"@type":"ListItem","position":2,"name":"Boutique","item":"https:\/\/paracherkaoui.ma\/index.php\/boutique\/"},{"@type":"ListItem","position":3,"name":"LEA NATURE EAU THERMALE JONZAC PURE SOIN PURIFIANT ANTI IMPERFECTIONS 50 ML"}]},{"@type":"WebSite","@id":"https:\/\/paracherkaoui.ma\/#website","url":"https:\/\/paracherkaoui.ma\/","name":"Paracherkaoui.ma","description":"Achetez en ligne sur Paracherkaoui.ma","potentialAction":[{"@type":"SearchAction","target":{"@type":"EntryPoint","urlTemplate":"https:\/\/paracherkaoui.ma\/?s={search_term_string}"},"query-input":{"@type":"PropertyValueSpecification","valueRequired":true,"valueName":"search_term_string"}}],"inLanguage":"fr-FR"}]}},"_links":{"self":[{"href":"https:\/\/paracherkaoui.ma\/index.php\/wp-json\/wp\/v2\/product\/24922","targetHints":{"allow":["GET"]}}],"collection":[{"href":"https:\/\/paracherkaoui.ma\/index.php\/wp-json\/wp\/v2\/product"}],"about":[{"href":"https:\/\/paracherkaoui.ma\/index.php\/wp-json\/wp\/v2\/types\/product"}],"replies":[{"embeddable":true,"href":"https:\/\/paracherkaoui.ma\/index.php\/wp-json\/wp\/v2\/comments?post=24922"}],"version-history":[{"count":1,"href":"https:\/\/paracherkaoui.ma\/index.php\/wp-json\/wp\/v2\/product\/24922\/revisions"}],"predecessor-version":[{"id":24966,"href":"https:\/\/paracherkaoui.ma\/index.php\/wp-json\/wp\/v2\/product\/24922\/revisions\/24966"}],"wp:featuredmedia":[{"embeddable":true,"href":"https:\/\/paracherkaoui.ma\/index.php\/wp-json\/wp\/v2\/media\/24965"}],"wp:attachment":[{"href":"https:\/\/paracherkaoui.ma\/index.php\/wp-json\/wp\/v2\/media?parent=24922"}],"wp:term":[{"taxonomy":"product_brand","embeddable":true,"href":"https:\/\/paracherkaoui.ma\/index.php\/wp-json\/wp\/v2\/product_brand?post=24922"},{"taxonomy":"product_cat","embeddable":true,"href":"https:\/\/paracherkaoui.ma\/index.php\/wp-json\/wp\/v2\/product_cat?post=24922"},{"taxonomy":"product_tag","embeddable":true,"href":"https:\/\/paracherkaoui.ma\/index.php\/wp-json\/wp\/v2\/product_tag?post=24922"}],"curies":[{"name":"wp","href":"https:\/\/api.w.org\/{rel}","templated":true}]}}