{"id":24843,"date":"2025-12-12T18:21:20","date_gmt":"2025-12-12T17:21:20","guid":{"rendered":"https:\/\/test.ecbeaute.com\/?post_type=product&#038;p=24843"},"modified":"2025-12-12T18:21:24","modified_gmt":"2025-12-12T17:21:24","slug":"eneomey-light-renew-gel-depigmentant-anti-age-30-ml","status":"publish","type":"product","link":"https:\/\/paracherkaoui.ma\/index.php\/produit\/eneomey-light-renew-gel-depigmentant-anti-age-30-ml\/","title":{"rendered":"ENEOMEY LIGHT RENEW GEL DEPIGMENTANT ANTI AGE 30 ML"},"content":{"rendered":"<p>L\u2019\u00e2ge avan\u00e7ant et les intemp\u00e9ries ralentissent le renouvellement naturel de l\u2019\u00e9piderme. Ainsi, la peau manque de vitalit\u00e9. Elle se rel\u00e2che facilement et perd son \u00e9lasticit\u00e9.<br \/>\nSoucieux de relancer le m\u00e9canisme naturel de r\u00e9paration de la peau, le laboratoire Eneomey cr\u00e9e le produit cosm\u00e9tique Light Renew Gel, d\u00e9di\u00e9 \u00e0 r\u00e9duire les diff\u00e9rents signes du vieillissement cutan\u00e9.<br \/>\nLight Renew Gel exfolie les imperfections pigmentaires, r\u00e9gule la production de m\u00e9lanine et pr\u00e9vient les taches de vieillesse.<br \/>\nDescription\u00a0:<br \/>\nLe light renew gel qui se pr\u00e9sente dans un flacon de 30 ml, permet de lutter contre les taches et le teint irr\u00e9gulier gr\u00e2ce \u00e0 l\u2019association de l\u2019action d\u00e9pigmentant de l\u2019acide phytique \u00e0 celle stimulante de l\u2019acide glycolique. Il homog\u00e9n\u00e9ise le teint, att\u00e9nue les taches et r\u00e9duit les imperfections pour procurer une mine radieuse et \u00e9clatante.<br \/>\nAppliquez Light Renew Gel matin et soir sur la zone \u00e0 traiter pendant 3 mois, apr\u00e8s un nettoyage du visage avec Soft Cleanser.<br \/>\nPour potentialiser le traitement, utilisez daylight C20 en cr\u00e8me de jour.<br \/>\nEnsuite, une application par jour pendant un an est conseill\u00e9e.<\/p>\n","protected":false},"excerpt":{"rendered":"<p>L\u2019\u00e2ge avan\u00e7ant et les intemp\u00e9ries ralentissent le renouvellement naturel de l\u2019\u00e9piderme. Ainsi, la peau manque de vitalit\u00e9. Elle se rel\u00e2che<\/p>\n","protected":false},"featured_media":24890,"comment_status":"open","ping_status":"closed","template":"","meta":[],"product_brand":[412],"product_cat":[502],"product_tag":[],"class_list":{"0":"post-24843","1":"product","2":"type-product","3":"status-publish","4":"has-post-thumbnail","6":"product_brand-eneomey","7":"product_cat-soins-anti-imperfections","9":"first","10":"instock","11":"sale","12":"shipping-taxable","13":"purchasable","14":"product-type-simple"},"yoast_head":"<!-- This site is optimized with the Yoast SEO plugin v26.6 - https:\/\/yoast.com\/wordpress\/plugins\/seo\/ -->\r\n<title>ENEOMEY LIGHT RENEW GEL DEPIGMENTANT ANTI AGE 30 ML - Paracherkaoui.ma<\/title>\r\n<meta name=\"robots\" content=\"index, follow, max-snippet:-1, max-image-preview:large, max-video-preview:-1\" \/>\r\n<link rel=\"canonical\" href=\"https:\/\/paracherkaoui.ma\/index.php\/produit\/eneomey-light-renew-gel-depigmentant-anti-age-30-ml\/\" \/>\r\n<meta property=\"og:locale\" content=\"fr_FR\" \/>\r\n<meta property=\"og:type\" content=\"article\" \/>\r\n<meta property=\"og:title\" content=\"ENEOMEY LIGHT RENEW GEL DEPIGMENTANT ANTI AGE 30 ML - Paracherkaoui.ma\" \/>\r\n<meta property=\"og:description\" content=\"L\u2019\u00e2ge avan\u00e7ant et les intemp\u00e9ries ralentissent le renouvellement naturel de l\u2019\u00e9piderme. Ainsi, la peau manque de vitalit\u00e9. Elle se rel\u00e2che\" \/>\r\n<meta property=\"og:url\" content=\"https:\/\/paracherkaoui.ma\/index.php\/produit\/eneomey-light-renew-gel-depigmentant-anti-age-30-ml\/\" \/>\r\n<meta property=\"og:site_name\" content=\"Paracherkaoui.ma\" \/>\r\n<meta property=\"article:modified_time\" content=\"2025-12-12T17:21:24+00:00\" \/>\r\n<meta property=\"og:image\" content=\"https:\/\/paracherkaoui.ma\/wp-content\/uploads\/2025\/12\/eneomey-eneomey-light-renew-gel-depigmentant-anti-age-30-ml-cremes-eclats.jpg\" \/>\r\n\t<meta property=\"og:image:width\" content=\"700\" \/>\r\n\t<meta property=\"og:image:height\" content=\"700\" \/>\r\n\t<meta property=\"og:image:type\" content=\"image\/jpeg\" \/>\r\n<meta name=\"twitter:card\" content=\"summary_large_image\" \/>\r\n<meta name=\"twitter:label1\" content=\"Dur\u00e9e de lecture estim\u00e9e\" \/>\n\t<meta name=\"twitter:data1\" content=\"1 minute\" \/>\r\n<script type=\"application\/ld+json\" class=\"yoast-schema-graph\">{\"@context\":\"https:\/\/schema.org\",\"@graph\":[{\"@type\":\"WebPage\",\"@id\":\"https:\/\/paracherkaoui.ma\/index.php\/produit\/eneomey-light-renew-gel-depigmentant-anti-age-30-ml\/\",\"url\":\"https:\/\/paracherkaoui.ma\/index.php\/produit\/eneomey-light-renew-gel-depigmentant-anti-age-30-ml\/\",\"name\":\"ENEOMEY LIGHT RENEW GEL DEPIGMENTANT ANTI AGE 30 ML - Paracherkaoui.ma\",\"isPartOf\":{\"@id\":\"https:\/\/paracherkaoui.ma\/#website\"},\"primaryImageOfPage\":{\"@id\":\"https:\/\/paracherkaoui.ma\/index.php\/produit\/eneomey-light-renew-gel-depigmentant-anti-age-30-ml\/#primaryimage\"},\"image\":{\"@id\":\"https:\/\/paracherkaoui.ma\/index.php\/produit\/eneomey-light-renew-gel-depigmentant-anti-age-30-ml\/#primaryimage\"},\"thumbnailUrl\":\"https:\/\/paracherkaoui.ma\/wp-content\/uploads\/2025\/12\/eneomey-eneomey-light-renew-gel-depigmentant-anti-age-30-ml-cremes-eclats.jpg\",\"datePublished\":\"2025-12-12T17:21:20+00:00\",\"dateModified\":\"2025-12-12T17:21:24+00:00\",\"breadcrumb\":{\"@id\":\"https:\/\/paracherkaoui.ma\/index.php\/produit\/eneomey-light-renew-gel-depigmentant-anti-age-30-ml\/#breadcrumb\"},\"inLanguage\":\"fr-FR\",\"potentialAction\":[{\"@type\":\"ReadAction\",\"target\":[\"https:\/\/paracherkaoui.ma\/index.php\/produit\/eneomey-light-renew-gel-depigmentant-anti-age-30-ml\/\"]}]},{\"@type\":\"ImageObject\",\"inLanguage\":\"fr-FR\",\"@id\":\"https:\/\/paracherkaoui.ma\/index.php\/produit\/eneomey-light-renew-gel-depigmentant-anti-age-30-ml\/#primaryimage\",\"url\":\"https:\/\/paracherkaoui.ma\/wp-content\/uploads\/2025\/12\/eneomey-eneomey-light-renew-gel-depigmentant-anti-age-30-ml-cremes-eclats.jpg\",\"contentUrl\":\"https:\/\/paracherkaoui.ma\/wp-content\/uploads\/2025\/12\/eneomey-eneomey-light-renew-gel-depigmentant-anti-age-30-ml-cremes-eclats.jpg\",\"width\":700,\"height\":700},{\"@type\":\"BreadcrumbList\",\"@id\":\"https:\/\/paracherkaoui.ma\/index.php\/produit\/eneomey-light-renew-gel-depigmentant-anti-age-30-ml\/#breadcrumb\",\"itemListElement\":[{\"@type\":\"ListItem\",\"position\":1,\"name\":\"Accueil\",\"item\":\"https:\/\/paracherkaoui.ma\/\"},{\"@type\":\"ListItem\",\"position\":2,\"name\":\"Boutique\",\"item\":\"https:\/\/paracherkaoui.ma\/index.php\/boutique\/\"},{\"@type\":\"ListItem\",\"position\":3,\"name\":\"ENEOMEY LIGHT RENEW GEL DEPIGMENTANT ANTI AGE 30 ML\"}]},{\"@type\":\"WebSite\",\"@id\":\"https:\/\/paracherkaoui.ma\/#website\",\"url\":\"https:\/\/paracherkaoui.ma\/\",\"name\":\"Paracherkaoui.ma\",\"description\":\"Achetez en ligne sur Paracherkaoui.ma\",\"potentialAction\":[{\"@type\":\"SearchAction\",\"target\":{\"@type\":\"EntryPoint\",\"urlTemplate\":\"https:\/\/paracherkaoui.ma\/?s={search_term_string}\"},\"query-input\":{\"@type\":\"PropertyValueSpecification\",\"valueRequired\":true,\"valueName\":\"search_term_string\"}}],\"inLanguage\":\"fr-FR\"}]}<\/script>\r\n<!-- \/ Yoast SEO plugin. -->","yoast_head_json":{"title":"ENEOMEY LIGHT RENEW GEL DEPIGMENTANT ANTI AGE 30 ML - Paracherkaoui.ma","robots":{"index":"index","follow":"follow","max-snippet":"max-snippet:-1","max-image-preview":"max-image-preview:large","max-video-preview":"max-video-preview:-1"},"canonical":"https:\/\/paracherkaoui.ma\/index.php\/produit\/eneomey-light-renew-gel-depigmentant-anti-age-30-ml\/","og_locale":"fr_FR","og_type":"article","og_title":"ENEOMEY LIGHT RENEW GEL DEPIGMENTANT ANTI AGE 30 ML - Paracherkaoui.ma","og_description":"L\u2019\u00e2ge avan\u00e7ant et les intemp\u00e9ries ralentissent le renouvellement naturel de l\u2019\u00e9piderme. Ainsi, la peau manque de vitalit\u00e9. Elle se rel\u00e2che","og_url":"https:\/\/paracherkaoui.ma\/index.php\/produit\/eneomey-light-renew-gel-depigmentant-anti-age-30-ml\/","og_site_name":"Paracherkaoui.ma","article_modified_time":"2025-12-12T17:21:24+00:00","og_image":[{"width":700,"height":700,"url":"https:\/\/paracherkaoui.ma\/wp-content\/uploads\/2025\/12\/eneomey-eneomey-light-renew-gel-depigmentant-anti-age-30-ml-cremes-eclats.jpg","type":"image\/jpeg"}],"twitter_card":"summary_large_image","twitter_misc":{"Dur\u00e9e de lecture estim\u00e9e":"1 minute"},"schema":{"@context":"https:\/\/schema.org","@graph":[{"@type":"WebPage","@id":"https:\/\/paracherkaoui.ma\/index.php\/produit\/eneomey-light-renew-gel-depigmentant-anti-age-30-ml\/","url":"https:\/\/paracherkaoui.ma\/index.php\/produit\/eneomey-light-renew-gel-depigmentant-anti-age-30-ml\/","name":"ENEOMEY LIGHT RENEW GEL DEPIGMENTANT ANTI AGE 30 ML - Paracherkaoui.ma","isPartOf":{"@id":"https:\/\/paracherkaoui.ma\/#website"},"primaryImageOfPage":{"@id":"https:\/\/paracherkaoui.ma\/index.php\/produit\/eneomey-light-renew-gel-depigmentant-anti-age-30-ml\/#primaryimage"},"image":{"@id":"https:\/\/paracherkaoui.ma\/index.php\/produit\/eneomey-light-renew-gel-depigmentant-anti-age-30-ml\/#primaryimage"},"thumbnailUrl":"https:\/\/paracherkaoui.ma\/wp-content\/uploads\/2025\/12\/eneomey-eneomey-light-renew-gel-depigmentant-anti-age-30-ml-cremes-eclats.jpg","datePublished":"2025-12-12T17:21:20+00:00","dateModified":"2025-12-12T17:21:24+00:00","breadcrumb":{"@id":"https:\/\/paracherkaoui.ma\/index.php\/produit\/eneomey-light-renew-gel-depigmentant-anti-age-30-ml\/#breadcrumb"},"inLanguage":"fr-FR","potentialAction":[{"@type":"ReadAction","target":["https:\/\/paracherkaoui.ma\/index.php\/produit\/eneomey-light-renew-gel-depigmentant-anti-age-30-ml\/"]}]},{"@type":"ImageObject","inLanguage":"fr-FR","@id":"https:\/\/paracherkaoui.ma\/index.php\/produit\/eneomey-light-renew-gel-depigmentant-anti-age-30-ml\/#primaryimage","url":"https:\/\/paracherkaoui.ma\/wp-content\/uploads\/2025\/12\/eneomey-eneomey-light-renew-gel-depigmentant-anti-age-30-ml-cremes-eclats.jpg","contentUrl":"https:\/\/paracherkaoui.ma\/wp-content\/uploads\/2025\/12\/eneomey-eneomey-light-renew-gel-depigmentant-anti-age-30-ml-cremes-eclats.jpg","width":700,"height":700},{"@type":"BreadcrumbList","@id":"https:\/\/paracherkaoui.ma\/index.php\/produit\/eneomey-light-renew-gel-depigmentant-anti-age-30-ml\/#breadcrumb","itemListElement":[{"@type":"ListItem","position":1,"name":"Accueil","item":"https:\/\/paracherkaoui.ma\/"},{"@type":"ListItem","position":2,"name":"Boutique","item":"https:\/\/paracherkaoui.ma\/index.php\/boutique\/"},{"@type":"ListItem","position":3,"name":"ENEOMEY LIGHT RENEW GEL DEPIGMENTANT ANTI AGE 30 ML"}]},{"@type":"WebSite","@id":"https:\/\/paracherkaoui.ma\/#website","url":"https:\/\/paracherkaoui.ma\/","name":"Paracherkaoui.ma","description":"Achetez en ligne sur Paracherkaoui.ma","potentialAction":[{"@type":"SearchAction","target":{"@type":"EntryPoint","urlTemplate":"https:\/\/paracherkaoui.ma\/?s={search_term_string}"},"query-input":{"@type":"PropertyValueSpecification","valueRequired":true,"valueName":"search_term_string"}}],"inLanguage":"fr-FR"}]}},"_links":{"self":[{"href":"https:\/\/paracherkaoui.ma\/index.php\/wp-json\/wp\/v2\/product\/24843","targetHints":{"allow":["GET"]}}],"collection":[{"href":"https:\/\/paracherkaoui.ma\/index.php\/wp-json\/wp\/v2\/product"}],"about":[{"href":"https:\/\/paracherkaoui.ma\/index.php\/wp-json\/wp\/v2\/types\/product"}],"replies":[{"embeddable":true,"href":"https:\/\/paracherkaoui.ma\/index.php\/wp-json\/wp\/v2\/comments?post=24843"}],"version-history":[{"count":1,"href":"https:\/\/paracherkaoui.ma\/index.php\/wp-json\/wp\/v2\/product\/24843\/revisions"}],"predecessor-version":[{"id":24891,"href":"https:\/\/paracherkaoui.ma\/index.php\/wp-json\/wp\/v2\/product\/24843\/revisions\/24891"}],"wp:featuredmedia":[{"embeddable":true,"href":"https:\/\/paracherkaoui.ma\/index.php\/wp-json\/wp\/v2\/media\/24890"}],"wp:attachment":[{"href":"https:\/\/paracherkaoui.ma\/index.php\/wp-json\/wp\/v2\/media?parent=24843"}],"wp:term":[{"taxonomy":"product_brand","embeddable":true,"href":"https:\/\/paracherkaoui.ma\/index.php\/wp-json\/wp\/v2\/product_brand?post=24843"},{"taxonomy":"product_cat","embeddable":true,"href":"https:\/\/paracherkaoui.ma\/index.php\/wp-json\/wp\/v2\/product_cat?post=24843"},{"taxonomy":"product_tag","embeddable":true,"href":"https:\/\/paracherkaoui.ma\/index.php\/wp-json\/wp\/v2\/product_tag?post=24843"}],"curies":[{"name":"wp","href":"https:\/\/api.w.org\/{rel}","templated":true}]}}