{"id":24770,"date":"2025-12-12T18:21:11","date_gmt":"2025-12-12T17:21:11","guid":{"rendered":"https:\/\/test.ecbeaute.com\/?post_type=product&#038;p=24770"},"modified":"2025-12-12T18:21:17","modified_gmt":"2025-12-12T17:21:17","slug":"anubis-w-shining-line-creme-eclaircissante-60-ml","status":"publish","type":"product","link":"https:\/\/paracherkaoui.ma\/index.php\/produit\/anubis-w-shining-line-creme-eclaircissante-60-ml\/","title":{"rendered":"ANUBIS W SHINING LINE CREME ECLAIRCISSANTE 60 ML"},"content":{"rendered":"<p>Cr\u00e8me protectrice blanchissante \u00e0 texture non grasse<br \/>\nAbsorption rapide et avec double \u00e9cran solaire. Il aide \u00e0 d\u00e9pigmenter, corriger et uniformiser la peau en am\u00e9liorant sa luminosit\u00e9 en procurant un teint plus uniforme tout en att\u00e9nuant et en pr\u00e9venant l&rsquo;apparition de taches. Il est \u00e9galement d\u00e9congestionnant et apaisant, il est donc id\u00e9al pour un usage quotidien.<br \/>\nConseils d&rsquo;utilisqtion:<br \/>\nAplliquer mqtin et ou soir<\/p>\n","protected":false},"excerpt":{"rendered":"<p>Cr\u00e8me protectrice blanchissante \u00e0 texture non grasse Absorption rapide et avec double \u00e9cran solaire. Il aide \u00e0 d\u00e9pigmenter, corriger et<\/p>\n","protected":false},"featured_media":24812,"comment_status":"open","ping_status":"closed","template":"","meta":[],"product_brand":[376],"product_cat":[502],"product_tag":[],"class_list":{"0":"post-24770","1":"product","2":"type-product","3":"status-publish","4":"has-post-thumbnail","6":"product_brand-anubis","7":"product_cat-soins-anti-imperfections","9":"first","10":"instock","11":"sale","12":"shipping-taxable","13":"purchasable","14":"product-type-simple"},"yoast_head":"<!-- This site is optimized with the Yoast SEO plugin v26.6 - https:\/\/yoast.com\/wordpress\/plugins\/seo\/ -->\r\n<title>ANUBIS W SHINING LINE CREME ECLAIRCISSANTE 60 ML - Paracherkaoui.ma<\/title>\r\n<meta name=\"robots\" content=\"index, follow, max-snippet:-1, max-image-preview:large, max-video-preview:-1\" \/>\r\n<link rel=\"canonical\" href=\"https:\/\/paracherkaoui.ma\/index.php\/produit\/anubis-w-shining-line-creme-eclaircissante-60-ml\/\" \/>\r\n<meta property=\"og:locale\" content=\"fr_FR\" \/>\r\n<meta property=\"og:type\" content=\"article\" \/>\r\n<meta property=\"og:title\" content=\"ANUBIS W SHINING LINE CREME ECLAIRCISSANTE 60 ML - Paracherkaoui.ma\" \/>\r\n<meta property=\"og:description\" content=\"Cr\u00e8me protectrice blanchissante \u00e0 texture non grasse Absorption rapide et avec double \u00e9cran solaire. Il aide \u00e0 d\u00e9pigmenter, corriger et\" \/>\r\n<meta property=\"og:url\" content=\"https:\/\/paracherkaoui.ma\/index.php\/produit\/anubis-w-shining-line-creme-eclaircissante-60-ml\/\" \/>\r\n<meta property=\"og:site_name\" content=\"Paracherkaoui.ma\" \/>\r\n<meta property=\"article:modified_time\" content=\"2025-12-12T17:21:17+00:00\" \/>\r\n<meta property=\"og:image\" content=\"https:\/\/paracherkaoui.ma\/wp-content\/uploads\/2025\/12\/anubis-anubis-w-shining-line-creme-eclaircissante-60-ml-cremes-depigmentantes.jpg\" \/>\r\n\t<meta property=\"og:image:width\" content=\"700\" \/>\r\n\t<meta property=\"og:image:height\" content=\"700\" \/>\r\n\t<meta property=\"og:image:type\" content=\"image\/jpeg\" \/>\r\n<meta name=\"twitter:card\" content=\"summary_large_image\" \/>\r\n<script type=\"application\/ld+json\" class=\"yoast-schema-graph\">{\"@context\":\"https:\/\/schema.org\",\"@graph\":[{\"@type\":\"WebPage\",\"@id\":\"https:\/\/paracherkaoui.ma\/index.php\/produit\/anubis-w-shining-line-creme-eclaircissante-60-ml\/\",\"url\":\"https:\/\/paracherkaoui.ma\/index.php\/produit\/anubis-w-shining-line-creme-eclaircissante-60-ml\/\",\"name\":\"ANUBIS W SHINING LINE CREME ECLAIRCISSANTE 60 ML - Paracherkaoui.ma\",\"isPartOf\":{\"@id\":\"https:\/\/paracherkaoui.ma\/#website\"},\"primaryImageOfPage\":{\"@id\":\"https:\/\/paracherkaoui.ma\/index.php\/produit\/anubis-w-shining-line-creme-eclaircissante-60-ml\/#primaryimage\"},\"image\":{\"@id\":\"https:\/\/paracherkaoui.ma\/index.php\/produit\/anubis-w-shining-line-creme-eclaircissante-60-ml\/#primaryimage\"},\"thumbnailUrl\":\"https:\/\/paracherkaoui.ma\/wp-content\/uploads\/2025\/12\/anubis-anubis-w-shining-line-creme-eclaircissante-60-ml-cremes-depigmentantes.jpg\",\"datePublished\":\"2025-12-12T17:21:11+00:00\",\"dateModified\":\"2025-12-12T17:21:17+00:00\",\"breadcrumb\":{\"@id\":\"https:\/\/paracherkaoui.ma\/index.php\/produit\/anubis-w-shining-line-creme-eclaircissante-60-ml\/#breadcrumb\"},\"inLanguage\":\"fr-FR\",\"potentialAction\":[{\"@type\":\"ReadAction\",\"target\":[\"https:\/\/paracherkaoui.ma\/index.php\/produit\/anubis-w-shining-line-creme-eclaircissante-60-ml\/\"]}]},{\"@type\":\"ImageObject\",\"inLanguage\":\"fr-FR\",\"@id\":\"https:\/\/paracherkaoui.ma\/index.php\/produit\/anubis-w-shining-line-creme-eclaircissante-60-ml\/#primaryimage\",\"url\":\"https:\/\/paracherkaoui.ma\/wp-content\/uploads\/2025\/12\/anubis-anubis-w-shining-line-creme-eclaircissante-60-ml-cremes-depigmentantes.jpg\",\"contentUrl\":\"https:\/\/paracherkaoui.ma\/wp-content\/uploads\/2025\/12\/anubis-anubis-w-shining-line-creme-eclaircissante-60-ml-cremes-depigmentantes.jpg\",\"width\":700,\"height\":700},{\"@type\":\"BreadcrumbList\",\"@id\":\"https:\/\/paracherkaoui.ma\/index.php\/produit\/anubis-w-shining-line-creme-eclaircissante-60-ml\/#breadcrumb\",\"itemListElement\":[{\"@type\":\"ListItem\",\"position\":1,\"name\":\"Accueil\",\"item\":\"https:\/\/paracherkaoui.ma\/\"},{\"@type\":\"ListItem\",\"position\":2,\"name\":\"Boutique\",\"item\":\"https:\/\/paracherkaoui.ma\/index.php\/boutique\/\"},{\"@type\":\"ListItem\",\"position\":3,\"name\":\"ANUBIS W SHINING LINE CREME ECLAIRCISSANTE 60 ML\"}]},{\"@type\":\"WebSite\",\"@id\":\"https:\/\/paracherkaoui.ma\/#website\",\"url\":\"https:\/\/paracherkaoui.ma\/\",\"name\":\"Paracherkaoui.ma\",\"description\":\"Achetez en ligne sur Paracherkaoui.ma\",\"potentialAction\":[{\"@type\":\"SearchAction\",\"target\":{\"@type\":\"EntryPoint\",\"urlTemplate\":\"https:\/\/paracherkaoui.ma\/?s={search_term_string}\"},\"query-input\":{\"@type\":\"PropertyValueSpecification\",\"valueRequired\":true,\"valueName\":\"search_term_string\"}}],\"inLanguage\":\"fr-FR\"}]}<\/script>\r\n<!-- \/ Yoast SEO plugin. -->","yoast_head_json":{"title":"ANUBIS W SHINING LINE CREME ECLAIRCISSANTE 60 ML - Paracherkaoui.ma","robots":{"index":"index","follow":"follow","max-snippet":"max-snippet:-1","max-image-preview":"max-image-preview:large","max-video-preview":"max-video-preview:-1"},"canonical":"https:\/\/paracherkaoui.ma\/index.php\/produit\/anubis-w-shining-line-creme-eclaircissante-60-ml\/","og_locale":"fr_FR","og_type":"article","og_title":"ANUBIS W SHINING LINE CREME ECLAIRCISSANTE 60 ML - Paracherkaoui.ma","og_description":"Cr\u00e8me protectrice blanchissante \u00e0 texture non grasse Absorption rapide et avec double \u00e9cran solaire. Il aide \u00e0 d\u00e9pigmenter, corriger et","og_url":"https:\/\/paracherkaoui.ma\/index.php\/produit\/anubis-w-shining-line-creme-eclaircissante-60-ml\/","og_site_name":"Paracherkaoui.ma","article_modified_time":"2025-12-12T17:21:17+00:00","og_image":[{"width":700,"height":700,"url":"https:\/\/paracherkaoui.ma\/wp-content\/uploads\/2025\/12\/anubis-anubis-w-shining-line-creme-eclaircissante-60-ml-cremes-depigmentantes.jpg","type":"image\/jpeg"}],"twitter_card":"summary_large_image","schema":{"@context":"https:\/\/schema.org","@graph":[{"@type":"WebPage","@id":"https:\/\/paracherkaoui.ma\/index.php\/produit\/anubis-w-shining-line-creme-eclaircissante-60-ml\/","url":"https:\/\/paracherkaoui.ma\/index.php\/produit\/anubis-w-shining-line-creme-eclaircissante-60-ml\/","name":"ANUBIS W SHINING LINE CREME ECLAIRCISSANTE 60 ML - Paracherkaoui.ma","isPartOf":{"@id":"https:\/\/paracherkaoui.ma\/#website"},"primaryImageOfPage":{"@id":"https:\/\/paracherkaoui.ma\/index.php\/produit\/anubis-w-shining-line-creme-eclaircissante-60-ml\/#primaryimage"},"image":{"@id":"https:\/\/paracherkaoui.ma\/index.php\/produit\/anubis-w-shining-line-creme-eclaircissante-60-ml\/#primaryimage"},"thumbnailUrl":"https:\/\/paracherkaoui.ma\/wp-content\/uploads\/2025\/12\/anubis-anubis-w-shining-line-creme-eclaircissante-60-ml-cremes-depigmentantes.jpg","datePublished":"2025-12-12T17:21:11+00:00","dateModified":"2025-12-12T17:21:17+00:00","breadcrumb":{"@id":"https:\/\/paracherkaoui.ma\/index.php\/produit\/anubis-w-shining-line-creme-eclaircissante-60-ml\/#breadcrumb"},"inLanguage":"fr-FR","potentialAction":[{"@type":"ReadAction","target":["https:\/\/paracherkaoui.ma\/index.php\/produit\/anubis-w-shining-line-creme-eclaircissante-60-ml\/"]}]},{"@type":"ImageObject","inLanguage":"fr-FR","@id":"https:\/\/paracherkaoui.ma\/index.php\/produit\/anubis-w-shining-line-creme-eclaircissante-60-ml\/#primaryimage","url":"https:\/\/paracherkaoui.ma\/wp-content\/uploads\/2025\/12\/anubis-anubis-w-shining-line-creme-eclaircissante-60-ml-cremes-depigmentantes.jpg","contentUrl":"https:\/\/paracherkaoui.ma\/wp-content\/uploads\/2025\/12\/anubis-anubis-w-shining-line-creme-eclaircissante-60-ml-cremes-depigmentantes.jpg","width":700,"height":700},{"@type":"BreadcrumbList","@id":"https:\/\/paracherkaoui.ma\/index.php\/produit\/anubis-w-shining-line-creme-eclaircissante-60-ml\/#breadcrumb","itemListElement":[{"@type":"ListItem","position":1,"name":"Accueil","item":"https:\/\/paracherkaoui.ma\/"},{"@type":"ListItem","position":2,"name":"Boutique","item":"https:\/\/paracherkaoui.ma\/index.php\/boutique\/"},{"@type":"ListItem","position":3,"name":"ANUBIS W SHINING LINE CREME ECLAIRCISSANTE 60 ML"}]},{"@type":"WebSite","@id":"https:\/\/paracherkaoui.ma\/#website","url":"https:\/\/paracherkaoui.ma\/","name":"Paracherkaoui.ma","description":"Achetez en ligne sur Paracherkaoui.ma","potentialAction":[{"@type":"SearchAction","target":{"@type":"EntryPoint","urlTemplate":"https:\/\/paracherkaoui.ma\/?s={search_term_string}"},"query-input":{"@type":"PropertyValueSpecification","valueRequired":true,"valueName":"search_term_string"}}],"inLanguage":"fr-FR"}]}},"_links":{"self":[{"href":"https:\/\/paracherkaoui.ma\/index.php\/wp-json\/wp\/v2\/product\/24770","targetHints":{"allow":["GET"]}}],"collection":[{"href":"https:\/\/paracherkaoui.ma\/index.php\/wp-json\/wp\/v2\/product"}],"about":[{"href":"https:\/\/paracherkaoui.ma\/index.php\/wp-json\/wp\/v2\/types\/product"}],"replies":[{"embeddable":true,"href":"https:\/\/paracherkaoui.ma\/index.php\/wp-json\/wp\/v2\/comments?post=24770"}],"version-history":[{"count":1,"href":"https:\/\/paracherkaoui.ma\/index.php\/wp-json\/wp\/v2\/product\/24770\/revisions"}],"predecessor-version":[{"id":24813,"href":"https:\/\/paracherkaoui.ma\/index.php\/wp-json\/wp\/v2\/product\/24770\/revisions\/24813"}],"wp:featuredmedia":[{"embeddable":true,"href":"https:\/\/paracherkaoui.ma\/index.php\/wp-json\/wp\/v2\/media\/24812"}],"wp:attachment":[{"href":"https:\/\/paracherkaoui.ma\/index.php\/wp-json\/wp\/v2\/media?parent=24770"}],"wp:term":[{"taxonomy":"product_brand","embeddable":true,"href":"https:\/\/paracherkaoui.ma\/index.php\/wp-json\/wp\/v2\/product_brand?post=24770"},{"taxonomy":"product_cat","embeddable":true,"href":"https:\/\/paracherkaoui.ma\/index.php\/wp-json\/wp\/v2\/product_cat?post=24770"},{"taxonomy":"product_tag","embeddable":true,"href":"https:\/\/paracherkaoui.ma\/index.php\/wp-json\/wp\/v2\/product_tag?post=24770"}],"curies":[{"name":"wp","href":"https:\/\/api.w.org\/{rel}","templated":true}]}}