{"id":24768,"date":"2025-12-12T18:21:10","date_gmt":"2025-12-12T17:21:10","guid":{"rendered":"https:\/\/test.ecbeaute.com\/?post_type=product&#038;p=24768"},"modified":"2025-12-12T18:21:17","modified_gmt":"2025-12-12T17:21:17","slug":"caudalie-vinoperfect-creme-nuit-glycolique-anti-taches-50-ml","status":"publish","type":"product","link":"https:\/\/paracherkaoui.ma\/index.php\/produit\/caudalie-vinoperfect-creme-nuit-glycolique-anti-taches-50-ml\/","title":{"rendered":"CAUDALIE VINOPERFECT CREME NUIT GLYCOLIQUE ANTI TACHES 50 ML"},"content":{"rendered":"<p>La Cr\u00e8me Nuit Vinoperfect \u00e9claircissante agit comme un peeling doux tout au long de la nuit pour r\u00e9v\u00e9ler une peau \u00e9clatante au r\u00e9veil. Nuit apr\u00e8s nuit, les taches sont visiblement r\u00e9duites et le teint est unifi\u00e9.<br \/>\nR\u00e9sultats visibles d\u00e8s la premi\u00e8re nuit !*<br \/>\nSa fragrance phyto-aromatique, fra\u00eeche et subtile, associe des notes vertes de bergamote, orange douce, mandarine et bois de citronnier.<br \/>\nB\u00e9n\u00e9fices<br \/>\nCorrige les taches<br \/>\nRedonne \u00e9clat et luminosit\u00e9<br \/>\nUniformise le teint<br \/>\nLisse et affine le grain de peau<br \/>\nHydrate<br \/>\nFormule<br \/>\n95% d\u2019ingr\u00e9dients d\u2019origine naturelle.<br \/>\nNon com\u00e9dog\u00e8ne. Adapt\u00e9e aux peaux sensibles. Test\u00e9e sous contr\u00f4le dermatologique.<br \/>\nEt comme tous les produits Caudalie, sans parab\u00e8nes, ph\u00e9noxy\u00e9thanol, phtalates, huiles min\u00e9rales, ingr\u00e9dients d\u2019origine animale.<br \/>\nConseils d&rsquo;utilisation:<br \/>\nAppliquer le soir apr\u00e8s le s\u00e9rum, sur le visage et le cou.<br \/>\n\u00c9viter le contour des yeux.<br \/>\nLes conseils de la vinoth\u00e9rapeute :<br \/>\nPour un r\u00e9sultat optimis\u00e9, peut s\u2019utiliser en masque de nuit si appliqu\u00e9 en couche \u00e9paisse. Ne pas rincer.<\/p>\n","protected":false},"excerpt":{"rendered":"<p>La Cr\u00e8me Nuit Vinoperfect \u00e9claircissante agit comme un peeling doux tout au long de la nuit pour r\u00e9v\u00e9ler une peau<\/p>\n","protected":false},"featured_media":24808,"comment_status":"open","ping_status":"closed","template":"","meta":[],"product_brand":[358],"product_cat":[502],"product_tag":[],"class_list":{"0":"post-24768","1":"product","2":"type-product","3":"status-publish","4":"has-post-thumbnail","6":"product_brand-caudalie","7":"product_cat-soins-anti-imperfections","9":"first","10":"instock","11":"shipping-taxable","12":"purchasable","13":"product-type-simple"},"yoast_head":"<!-- This site is optimized with the Yoast SEO plugin v26.6 - https:\/\/yoast.com\/wordpress\/plugins\/seo\/ -->\r\n<title>CAUDALIE VINOPERFECT CREME NUIT GLYCOLIQUE ANTI TACHES 50 ML - Paracherkaoui.ma<\/title>\r\n<meta name=\"robots\" content=\"index, follow, max-snippet:-1, max-image-preview:large, max-video-preview:-1\" \/>\r\n<link rel=\"canonical\" href=\"https:\/\/paracherkaoui.ma\/index.php\/produit\/caudalie-vinoperfect-creme-nuit-glycolique-anti-taches-50-ml\/\" \/>\r\n<meta property=\"og:locale\" content=\"fr_FR\" \/>\r\n<meta property=\"og:type\" content=\"article\" \/>\r\n<meta property=\"og:title\" content=\"CAUDALIE VINOPERFECT CREME NUIT GLYCOLIQUE ANTI TACHES 50 ML - Paracherkaoui.ma\" \/>\r\n<meta property=\"og:description\" content=\"La Cr\u00e8me Nuit Vinoperfect \u00e9claircissante agit comme un peeling doux tout au long de la nuit pour r\u00e9v\u00e9ler une peau\" \/>\r\n<meta property=\"og:url\" content=\"https:\/\/paracherkaoui.ma\/index.php\/produit\/caudalie-vinoperfect-creme-nuit-glycolique-anti-taches-50-ml\/\" \/>\r\n<meta property=\"og:site_name\" content=\"Paracherkaoui.ma\" \/>\r\n<meta property=\"article:modified_time\" content=\"2025-12-12T17:21:17+00:00\" \/>\r\n<meta property=\"og:image\" content=\"https:\/\/paracherkaoui.ma\/wp-content\/uploads\/2025\/12\/caudalie-vinoperfect-creme-nuit-glycolique-anti-taches-50-ml.jpg\" \/>\r\n\t<meta property=\"og:image:width\" content=\"700\" \/>\r\n\t<meta property=\"og:image:height\" content=\"700\" \/>\r\n\t<meta property=\"og:image:type\" content=\"image\/jpeg\" \/>\r\n<meta name=\"twitter:card\" content=\"summary_large_image\" \/>\r\n<meta name=\"twitter:label1\" content=\"Dur\u00e9e de lecture estim\u00e9e\" \/>\n\t<meta name=\"twitter:data1\" content=\"1 minute\" \/>\r\n<script type=\"application\/ld+json\" class=\"yoast-schema-graph\">{\"@context\":\"https:\/\/schema.org\",\"@graph\":[{\"@type\":\"WebPage\",\"@id\":\"https:\/\/paracherkaoui.ma\/index.php\/produit\/caudalie-vinoperfect-creme-nuit-glycolique-anti-taches-50-ml\/\",\"url\":\"https:\/\/paracherkaoui.ma\/index.php\/produit\/caudalie-vinoperfect-creme-nuit-glycolique-anti-taches-50-ml\/\",\"name\":\"CAUDALIE VINOPERFECT CREME NUIT GLYCOLIQUE ANTI TACHES 50 ML - Paracherkaoui.ma\",\"isPartOf\":{\"@id\":\"https:\/\/paracherkaoui.ma\/#website\"},\"primaryImageOfPage\":{\"@id\":\"https:\/\/paracherkaoui.ma\/index.php\/produit\/caudalie-vinoperfect-creme-nuit-glycolique-anti-taches-50-ml\/#primaryimage\"},\"image\":{\"@id\":\"https:\/\/paracherkaoui.ma\/index.php\/produit\/caudalie-vinoperfect-creme-nuit-glycolique-anti-taches-50-ml\/#primaryimage\"},\"thumbnailUrl\":\"https:\/\/paracherkaoui.ma\/wp-content\/uploads\/2025\/12\/caudalie-vinoperfect-creme-nuit-glycolique-anti-taches-50-ml.jpg\",\"datePublished\":\"2025-12-12T17:21:10+00:00\",\"dateModified\":\"2025-12-12T17:21:17+00:00\",\"breadcrumb\":{\"@id\":\"https:\/\/paracherkaoui.ma\/index.php\/produit\/caudalie-vinoperfect-creme-nuit-glycolique-anti-taches-50-ml\/#breadcrumb\"},\"inLanguage\":\"fr-FR\",\"potentialAction\":[{\"@type\":\"ReadAction\",\"target\":[\"https:\/\/paracherkaoui.ma\/index.php\/produit\/caudalie-vinoperfect-creme-nuit-glycolique-anti-taches-50-ml\/\"]}]},{\"@type\":\"ImageObject\",\"inLanguage\":\"fr-FR\",\"@id\":\"https:\/\/paracherkaoui.ma\/index.php\/produit\/caudalie-vinoperfect-creme-nuit-glycolique-anti-taches-50-ml\/#primaryimage\",\"url\":\"https:\/\/paracherkaoui.ma\/wp-content\/uploads\/2025\/12\/caudalie-vinoperfect-creme-nuit-glycolique-anti-taches-50-ml.jpg\",\"contentUrl\":\"https:\/\/paracherkaoui.ma\/wp-content\/uploads\/2025\/12\/caudalie-vinoperfect-creme-nuit-glycolique-anti-taches-50-ml.jpg\",\"width\":700,\"height\":700},{\"@type\":\"BreadcrumbList\",\"@id\":\"https:\/\/paracherkaoui.ma\/index.php\/produit\/caudalie-vinoperfect-creme-nuit-glycolique-anti-taches-50-ml\/#breadcrumb\",\"itemListElement\":[{\"@type\":\"ListItem\",\"position\":1,\"name\":\"Accueil\",\"item\":\"https:\/\/paracherkaoui.ma\/\"},{\"@type\":\"ListItem\",\"position\":2,\"name\":\"Boutique\",\"item\":\"https:\/\/paracherkaoui.ma\/index.php\/boutique\/\"},{\"@type\":\"ListItem\",\"position\":3,\"name\":\"CAUDALIE VINOPERFECT CREME NUIT GLYCOLIQUE ANTI TACHES 50 ML\"}]},{\"@type\":\"WebSite\",\"@id\":\"https:\/\/paracherkaoui.ma\/#website\",\"url\":\"https:\/\/paracherkaoui.ma\/\",\"name\":\"Paracherkaoui.ma\",\"description\":\"Achetez en ligne sur Paracherkaoui.ma\",\"potentialAction\":[{\"@type\":\"SearchAction\",\"target\":{\"@type\":\"EntryPoint\",\"urlTemplate\":\"https:\/\/paracherkaoui.ma\/?s={search_term_string}\"},\"query-input\":{\"@type\":\"PropertyValueSpecification\",\"valueRequired\":true,\"valueName\":\"search_term_string\"}}],\"inLanguage\":\"fr-FR\"}]}<\/script>\r\n<!-- \/ Yoast SEO plugin. -->","yoast_head_json":{"title":"CAUDALIE VINOPERFECT CREME NUIT GLYCOLIQUE ANTI TACHES 50 ML - Paracherkaoui.ma","robots":{"index":"index","follow":"follow","max-snippet":"max-snippet:-1","max-image-preview":"max-image-preview:large","max-video-preview":"max-video-preview:-1"},"canonical":"https:\/\/paracherkaoui.ma\/index.php\/produit\/caudalie-vinoperfect-creme-nuit-glycolique-anti-taches-50-ml\/","og_locale":"fr_FR","og_type":"article","og_title":"CAUDALIE VINOPERFECT CREME NUIT GLYCOLIQUE ANTI TACHES 50 ML - Paracherkaoui.ma","og_description":"La Cr\u00e8me Nuit Vinoperfect \u00e9claircissante agit comme un peeling doux tout au long de la nuit pour r\u00e9v\u00e9ler une peau","og_url":"https:\/\/paracherkaoui.ma\/index.php\/produit\/caudalie-vinoperfect-creme-nuit-glycolique-anti-taches-50-ml\/","og_site_name":"Paracherkaoui.ma","article_modified_time":"2025-12-12T17:21:17+00:00","og_image":[{"width":700,"height":700,"url":"https:\/\/paracherkaoui.ma\/wp-content\/uploads\/2025\/12\/caudalie-vinoperfect-creme-nuit-glycolique-anti-taches-50-ml.jpg","type":"image\/jpeg"}],"twitter_card":"summary_large_image","twitter_misc":{"Dur\u00e9e de lecture estim\u00e9e":"1 minute"},"schema":{"@context":"https:\/\/schema.org","@graph":[{"@type":"WebPage","@id":"https:\/\/paracherkaoui.ma\/index.php\/produit\/caudalie-vinoperfect-creme-nuit-glycolique-anti-taches-50-ml\/","url":"https:\/\/paracherkaoui.ma\/index.php\/produit\/caudalie-vinoperfect-creme-nuit-glycolique-anti-taches-50-ml\/","name":"CAUDALIE VINOPERFECT CREME NUIT GLYCOLIQUE ANTI TACHES 50 ML - Paracherkaoui.ma","isPartOf":{"@id":"https:\/\/paracherkaoui.ma\/#website"},"primaryImageOfPage":{"@id":"https:\/\/paracherkaoui.ma\/index.php\/produit\/caudalie-vinoperfect-creme-nuit-glycolique-anti-taches-50-ml\/#primaryimage"},"image":{"@id":"https:\/\/paracherkaoui.ma\/index.php\/produit\/caudalie-vinoperfect-creme-nuit-glycolique-anti-taches-50-ml\/#primaryimage"},"thumbnailUrl":"https:\/\/paracherkaoui.ma\/wp-content\/uploads\/2025\/12\/caudalie-vinoperfect-creme-nuit-glycolique-anti-taches-50-ml.jpg","datePublished":"2025-12-12T17:21:10+00:00","dateModified":"2025-12-12T17:21:17+00:00","breadcrumb":{"@id":"https:\/\/paracherkaoui.ma\/index.php\/produit\/caudalie-vinoperfect-creme-nuit-glycolique-anti-taches-50-ml\/#breadcrumb"},"inLanguage":"fr-FR","potentialAction":[{"@type":"ReadAction","target":["https:\/\/paracherkaoui.ma\/index.php\/produit\/caudalie-vinoperfect-creme-nuit-glycolique-anti-taches-50-ml\/"]}]},{"@type":"ImageObject","inLanguage":"fr-FR","@id":"https:\/\/paracherkaoui.ma\/index.php\/produit\/caudalie-vinoperfect-creme-nuit-glycolique-anti-taches-50-ml\/#primaryimage","url":"https:\/\/paracherkaoui.ma\/wp-content\/uploads\/2025\/12\/caudalie-vinoperfect-creme-nuit-glycolique-anti-taches-50-ml.jpg","contentUrl":"https:\/\/paracherkaoui.ma\/wp-content\/uploads\/2025\/12\/caudalie-vinoperfect-creme-nuit-glycolique-anti-taches-50-ml.jpg","width":700,"height":700},{"@type":"BreadcrumbList","@id":"https:\/\/paracherkaoui.ma\/index.php\/produit\/caudalie-vinoperfect-creme-nuit-glycolique-anti-taches-50-ml\/#breadcrumb","itemListElement":[{"@type":"ListItem","position":1,"name":"Accueil","item":"https:\/\/paracherkaoui.ma\/"},{"@type":"ListItem","position":2,"name":"Boutique","item":"https:\/\/paracherkaoui.ma\/index.php\/boutique\/"},{"@type":"ListItem","position":3,"name":"CAUDALIE VINOPERFECT CREME NUIT GLYCOLIQUE ANTI TACHES 50 ML"}]},{"@type":"WebSite","@id":"https:\/\/paracherkaoui.ma\/#website","url":"https:\/\/paracherkaoui.ma\/","name":"Paracherkaoui.ma","description":"Achetez en ligne sur Paracherkaoui.ma","potentialAction":[{"@type":"SearchAction","target":{"@type":"EntryPoint","urlTemplate":"https:\/\/paracherkaoui.ma\/?s={search_term_string}"},"query-input":{"@type":"PropertyValueSpecification","valueRequired":true,"valueName":"search_term_string"}}],"inLanguage":"fr-FR"}]}},"_links":{"self":[{"href":"https:\/\/paracherkaoui.ma\/index.php\/wp-json\/wp\/v2\/product\/24768","targetHints":{"allow":["GET"]}}],"collection":[{"href":"https:\/\/paracherkaoui.ma\/index.php\/wp-json\/wp\/v2\/product"}],"about":[{"href":"https:\/\/paracherkaoui.ma\/index.php\/wp-json\/wp\/v2\/types\/product"}],"replies":[{"embeddable":true,"href":"https:\/\/paracherkaoui.ma\/index.php\/wp-json\/wp\/v2\/comments?post=24768"}],"version-history":[{"count":1,"href":"https:\/\/paracherkaoui.ma\/index.php\/wp-json\/wp\/v2\/product\/24768\/revisions"}],"predecessor-version":[{"id":24809,"href":"https:\/\/paracherkaoui.ma\/index.php\/wp-json\/wp\/v2\/product\/24768\/revisions\/24809"}],"wp:featuredmedia":[{"embeddable":true,"href":"https:\/\/paracherkaoui.ma\/index.php\/wp-json\/wp\/v2\/media\/24808"}],"wp:attachment":[{"href":"https:\/\/paracherkaoui.ma\/index.php\/wp-json\/wp\/v2\/media?parent=24768"}],"wp:term":[{"taxonomy":"product_brand","embeddable":true,"href":"https:\/\/paracherkaoui.ma\/index.php\/wp-json\/wp\/v2\/product_brand?post=24768"},{"taxonomy":"product_cat","embeddable":true,"href":"https:\/\/paracherkaoui.ma\/index.php\/wp-json\/wp\/v2\/product_cat?post=24768"},{"taxonomy":"product_tag","embeddable":true,"href":"https:\/\/paracherkaoui.ma\/index.php\/wp-json\/wp\/v2\/product_tag?post=24768"}],"curies":[{"name":"wp","href":"https:\/\/api.w.org\/{rel}","templated":true}]}}