{"id":24762,"date":"2025-12-12T18:21:10","date_gmt":"2025-12-12T17:21:10","guid":{"rendered":"https:\/\/test.ecbeaute.com\/?post_type=product&#038;p=24762"},"modified":"2025-12-12T18:21:15","modified_gmt":"2025-12-12T17:21:15","slug":"acm-depiwhite-s-soin-photo-protecteur-eclaircissant-spf50-50-ml-3","status":"publish","type":"product","link":"https:\/\/paracherkaoui.ma\/index.php\/produit\/acm-depiwhite-s-soin-photo-protecteur-eclaircissant-spf50-50-ml-3\/","title":{"rendered":"ACM DEPIWHITE S SOIN PHOTO PROTECTEUR ECLAIRCISSANT SPF50 50 ML"},"content":{"rendered":"<p>DESCRIPTIONS :<br \/>\nACM D\u00e9piwhite.S Ecran solaire spf50 Gr\u00e2ce \u00e0 son association de filtres organiques et d\u2019\u00e9crans min\u00e9raux, il permet de :<br \/>\n\u2022couvrir un large spectre UVA\/UVB.<br \/>\n\u2022pr\u00e9venir les dommages cellulaires li\u00e9s \u00e0 l\u2019exposition solaire.<br \/>\n\u2022pr\u00e9venir et freiner l\u2019accentuation des taches.<br \/>\nSon association d\u2019actifs v\u00e9g\u00e9taux prend en charge les d\u00e9sordres pigmentaires.<br \/>\nConseils d&rsquo;utilisation:<br \/>\nAppliquer g\u00e9n\u00e9reusement 30 minutes avant toute exposition solaire. Renouveler l&rsquo;application r\u00e9guli\u00e8rement surtout apr\u00e8s avoir transpir\u00e9, nag\u00e9 ou vous \u00eatre essuy\u00e9. Ne restez pas trop longtemps au soleil m\u00eame si vous utilisez un produit de protection solaire car il ne vous prot\u00e8ge pas totalement. La surexposition au soleil est dangereuse pour la sant\u00e9.<\/p>\n","protected":false},"excerpt":{"rendered":"<p>DESCRIPTIONS : ACM D\u00e9piwhite.S Ecran solaire spf50 Gr\u00e2ce \u00e0 son association de filtres organiques et d\u2019\u00e9crans min\u00e9raux, il permet de<\/p>\n","protected":false},"featured_media":11821,"comment_status":"open","ping_status":"closed","template":"","meta":[],"product_brand":[142],"product_cat":[502],"product_tag":[],"class_list":{"0":"post-24762","1":"product","2":"type-product","3":"status-publish","4":"has-post-thumbnail","6":"product_brand-acm","7":"product_cat-soins-anti-imperfections","9":"first","10":"instock","11":"sale","12":"shipping-taxable","13":"purchasable","14":"product-type-simple"},"yoast_head":"<!-- This site is optimized with the Yoast SEO plugin v26.6 - https:\/\/yoast.com\/wordpress\/plugins\/seo\/ -->\r\n<title>ACM DEPIWHITE S SOIN PHOTO PROTECTEUR ECLAIRCISSANT SPF50 50 ML - Paracherkaoui.ma<\/title>\r\n<meta name=\"robots\" content=\"index, follow, max-snippet:-1, max-image-preview:large, max-video-preview:-1\" \/>\r\n<link rel=\"canonical\" href=\"https:\/\/paracherkaoui.ma\/index.php\/produit\/acm-depiwhite-s-soin-photo-protecteur-eclaircissant-spf50-50-ml-3\/\" \/>\r\n<meta property=\"og:locale\" content=\"fr_FR\" \/>\r\n<meta property=\"og:type\" content=\"article\" \/>\r\n<meta property=\"og:title\" content=\"ACM DEPIWHITE S SOIN PHOTO PROTECTEUR ECLAIRCISSANT SPF50 50 ML - Paracherkaoui.ma\" \/>\r\n<meta property=\"og:description\" content=\"DESCRIPTIONS : ACM D\u00e9piwhite.S Ecran solaire spf50 Gr\u00e2ce \u00e0 son association de filtres organiques et d\u2019\u00e9crans min\u00e9raux, il permet de\" \/>\r\n<meta property=\"og:url\" content=\"https:\/\/paracherkaoui.ma\/index.php\/produit\/acm-depiwhite-s-soin-photo-protecteur-eclaircissant-spf50-50-ml-3\/\" \/>\r\n<meta property=\"og:site_name\" content=\"Paracherkaoui.ma\" \/>\r\n<meta property=\"article:modified_time\" content=\"2025-12-12T17:21:15+00:00\" \/>\r\n<meta property=\"og:image\" content=\"https:\/\/paracherkaoui.ma\/wp-content\/uploads\/2025\/12\/acm-acm-depiwhite-s-soin-photo-protecteur-eclaircissant-spf50-50-ml-cremes-jour.jpg\" \/>\r\n\t<meta property=\"og:image:width\" content=\"700\" \/>\r\n\t<meta property=\"og:image:height\" content=\"700\" \/>\r\n\t<meta property=\"og:image:type\" content=\"image\/jpeg\" \/>\r\n<meta name=\"twitter:card\" content=\"summary_large_image\" \/>\r\n<meta name=\"twitter:label1\" content=\"Dur\u00e9e de lecture estim\u00e9e\" \/>\n\t<meta name=\"twitter:data1\" content=\"1 minute\" \/>\r\n<script type=\"application\/ld+json\" class=\"yoast-schema-graph\">{\"@context\":\"https:\/\/schema.org\",\"@graph\":[{\"@type\":\"WebPage\",\"@id\":\"https:\/\/paracherkaoui.ma\/index.php\/produit\/acm-depiwhite-s-soin-photo-protecteur-eclaircissant-spf50-50-ml-3\/\",\"url\":\"https:\/\/paracherkaoui.ma\/index.php\/produit\/acm-depiwhite-s-soin-photo-protecteur-eclaircissant-spf50-50-ml-3\/\",\"name\":\"ACM DEPIWHITE S SOIN PHOTO PROTECTEUR ECLAIRCISSANT SPF50 50 ML - Paracherkaoui.ma\",\"isPartOf\":{\"@id\":\"https:\/\/paracherkaoui.ma\/#website\"},\"primaryImageOfPage\":{\"@id\":\"https:\/\/paracherkaoui.ma\/index.php\/produit\/acm-depiwhite-s-soin-photo-protecteur-eclaircissant-spf50-50-ml-3\/#primaryimage\"},\"image\":{\"@id\":\"https:\/\/paracherkaoui.ma\/index.php\/produit\/acm-depiwhite-s-soin-photo-protecteur-eclaircissant-spf50-50-ml-3\/#primaryimage\"},\"thumbnailUrl\":\"https:\/\/paracherkaoui.ma\/wp-content\/uploads\/2025\/12\/acm-acm-depiwhite-s-soin-photo-protecteur-eclaircissant-spf50-50-ml-cremes-jour.jpg\",\"datePublished\":\"2025-12-12T17:21:10+00:00\",\"dateModified\":\"2025-12-12T17:21:15+00:00\",\"breadcrumb\":{\"@id\":\"https:\/\/paracherkaoui.ma\/index.php\/produit\/acm-depiwhite-s-soin-photo-protecteur-eclaircissant-spf50-50-ml-3\/#breadcrumb\"},\"inLanguage\":\"fr-FR\",\"potentialAction\":[{\"@type\":\"ReadAction\",\"target\":[\"https:\/\/paracherkaoui.ma\/index.php\/produit\/acm-depiwhite-s-soin-photo-protecteur-eclaircissant-spf50-50-ml-3\/\"]}]},{\"@type\":\"ImageObject\",\"inLanguage\":\"fr-FR\",\"@id\":\"https:\/\/paracherkaoui.ma\/index.php\/produit\/acm-depiwhite-s-soin-photo-protecteur-eclaircissant-spf50-50-ml-3\/#primaryimage\",\"url\":\"https:\/\/paracherkaoui.ma\/wp-content\/uploads\/2025\/12\/acm-acm-depiwhite-s-soin-photo-protecteur-eclaircissant-spf50-50-ml-cremes-jour.jpg\",\"contentUrl\":\"https:\/\/paracherkaoui.ma\/wp-content\/uploads\/2025\/12\/acm-acm-depiwhite-s-soin-photo-protecteur-eclaircissant-spf50-50-ml-cremes-jour.jpg\",\"width\":700,\"height\":700},{\"@type\":\"BreadcrumbList\",\"@id\":\"https:\/\/paracherkaoui.ma\/index.php\/produit\/acm-depiwhite-s-soin-photo-protecteur-eclaircissant-spf50-50-ml-3\/#breadcrumb\",\"itemListElement\":[{\"@type\":\"ListItem\",\"position\":1,\"name\":\"Accueil\",\"item\":\"https:\/\/paracherkaoui.ma\/\"},{\"@type\":\"ListItem\",\"position\":2,\"name\":\"Boutique\",\"item\":\"https:\/\/paracherkaoui.ma\/index.php\/boutique\/\"},{\"@type\":\"ListItem\",\"position\":3,\"name\":\"ACM DEPIWHITE S SOIN PHOTO PROTECTEUR ECLAIRCISSANT SPF50 50 ML\"}]},{\"@type\":\"WebSite\",\"@id\":\"https:\/\/paracherkaoui.ma\/#website\",\"url\":\"https:\/\/paracherkaoui.ma\/\",\"name\":\"Paracherkaoui.ma\",\"description\":\"Achetez en ligne sur Paracherkaoui.ma\",\"potentialAction\":[{\"@type\":\"SearchAction\",\"target\":{\"@type\":\"EntryPoint\",\"urlTemplate\":\"https:\/\/paracherkaoui.ma\/?s={search_term_string}\"},\"query-input\":{\"@type\":\"PropertyValueSpecification\",\"valueRequired\":true,\"valueName\":\"search_term_string\"}}],\"inLanguage\":\"fr-FR\"}]}<\/script>\r\n<!-- \/ Yoast SEO plugin. -->","yoast_head_json":{"title":"ACM DEPIWHITE S SOIN PHOTO PROTECTEUR ECLAIRCISSANT SPF50 50 ML - Paracherkaoui.ma","robots":{"index":"index","follow":"follow","max-snippet":"max-snippet:-1","max-image-preview":"max-image-preview:large","max-video-preview":"max-video-preview:-1"},"canonical":"https:\/\/paracherkaoui.ma\/index.php\/produit\/acm-depiwhite-s-soin-photo-protecteur-eclaircissant-spf50-50-ml-3\/","og_locale":"fr_FR","og_type":"article","og_title":"ACM DEPIWHITE S SOIN PHOTO PROTECTEUR ECLAIRCISSANT SPF50 50 ML - Paracherkaoui.ma","og_description":"DESCRIPTIONS : ACM D\u00e9piwhite.S Ecran solaire spf50 Gr\u00e2ce \u00e0 son association de filtres organiques et d\u2019\u00e9crans min\u00e9raux, il permet de","og_url":"https:\/\/paracherkaoui.ma\/index.php\/produit\/acm-depiwhite-s-soin-photo-protecteur-eclaircissant-spf50-50-ml-3\/","og_site_name":"Paracherkaoui.ma","article_modified_time":"2025-12-12T17:21:15+00:00","og_image":[{"width":700,"height":700,"url":"https:\/\/paracherkaoui.ma\/wp-content\/uploads\/2025\/12\/acm-acm-depiwhite-s-soin-photo-protecteur-eclaircissant-spf50-50-ml-cremes-jour.jpg","type":"image\/jpeg"}],"twitter_card":"summary_large_image","twitter_misc":{"Dur\u00e9e de lecture estim\u00e9e":"1 minute"},"schema":{"@context":"https:\/\/schema.org","@graph":[{"@type":"WebPage","@id":"https:\/\/paracherkaoui.ma\/index.php\/produit\/acm-depiwhite-s-soin-photo-protecteur-eclaircissant-spf50-50-ml-3\/","url":"https:\/\/paracherkaoui.ma\/index.php\/produit\/acm-depiwhite-s-soin-photo-protecteur-eclaircissant-spf50-50-ml-3\/","name":"ACM DEPIWHITE S SOIN PHOTO PROTECTEUR ECLAIRCISSANT SPF50 50 ML - Paracherkaoui.ma","isPartOf":{"@id":"https:\/\/paracherkaoui.ma\/#website"},"primaryImageOfPage":{"@id":"https:\/\/paracherkaoui.ma\/index.php\/produit\/acm-depiwhite-s-soin-photo-protecteur-eclaircissant-spf50-50-ml-3\/#primaryimage"},"image":{"@id":"https:\/\/paracherkaoui.ma\/index.php\/produit\/acm-depiwhite-s-soin-photo-protecteur-eclaircissant-spf50-50-ml-3\/#primaryimage"},"thumbnailUrl":"https:\/\/paracherkaoui.ma\/wp-content\/uploads\/2025\/12\/acm-acm-depiwhite-s-soin-photo-protecteur-eclaircissant-spf50-50-ml-cremes-jour.jpg","datePublished":"2025-12-12T17:21:10+00:00","dateModified":"2025-12-12T17:21:15+00:00","breadcrumb":{"@id":"https:\/\/paracherkaoui.ma\/index.php\/produit\/acm-depiwhite-s-soin-photo-protecteur-eclaircissant-spf50-50-ml-3\/#breadcrumb"},"inLanguage":"fr-FR","potentialAction":[{"@type":"ReadAction","target":["https:\/\/paracherkaoui.ma\/index.php\/produit\/acm-depiwhite-s-soin-photo-protecteur-eclaircissant-spf50-50-ml-3\/"]}]},{"@type":"ImageObject","inLanguage":"fr-FR","@id":"https:\/\/paracherkaoui.ma\/index.php\/produit\/acm-depiwhite-s-soin-photo-protecteur-eclaircissant-spf50-50-ml-3\/#primaryimage","url":"https:\/\/paracherkaoui.ma\/wp-content\/uploads\/2025\/12\/acm-acm-depiwhite-s-soin-photo-protecteur-eclaircissant-spf50-50-ml-cremes-jour.jpg","contentUrl":"https:\/\/paracherkaoui.ma\/wp-content\/uploads\/2025\/12\/acm-acm-depiwhite-s-soin-photo-protecteur-eclaircissant-spf50-50-ml-cremes-jour.jpg","width":700,"height":700},{"@type":"BreadcrumbList","@id":"https:\/\/paracherkaoui.ma\/index.php\/produit\/acm-depiwhite-s-soin-photo-protecteur-eclaircissant-spf50-50-ml-3\/#breadcrumb","itemListElement":[{"@type":"ListItem","position":1,"name":"Accueil","item":"https:\/\/paracherkaoui.ma\/"},{"@type":"ListItem","position":2,"name":"Boutique","item":"https:\/\/paracherkaoui.ma\/index.php\/boutique\/"},{"@type":"ListItem","position":3,"name":"ACM DEPIWHITE S SOIN PHOTO PROTECTEUR ECLAIRCISSANT SPF50 50 ML"}]},{"@type":"WebSite","@id":"https:\/\/paracherkaoui.ma\/#website","url":"https:\/\/paracherkaoui.ma\/","name":"Paracherkaoui.ma","description":"Achetez en ligne sur Paracherkaoui.ma","potentialAction":[{"@type":"SearchAction","target":{"@type":"EntryPoint","urlTemplate":"https:\/\/paracherkaoui.ma\/?s={search_term_string}"},"query-input":{"@type":"PropertyValueSpecification","valueRequired":true,"valueName":"search_term_string"}}],"inLanguage":"fr-FR"}]}},"_links":{"self":[{"href":"https:\/\/paracherkaoui.ma\/index.php\/wp-json\/wp\/v2\/product\/24762","targetHints":{"allow":["GET"]}}],"collection":[{"href":"https:\/\/paracherkaoui.ma\/index.php\/wp-json\/wp\/v2\/product"}],"about":[{"href":"https:\/\/paracherkaoui.ma\/index.php\/wp-json\/wp\/v2\/types\/product"}],"replies":[{"embeddable":true,"href":"https:\/\/paracherkaoui.ma\/index.php\/wp-json\/wp\/v2\/comments?post=24762"}],"version-history":[{"count":1,"href":"https:\/\/paracherkaoui.ma\/index.php\/wp-json\/wp\/v2\/product\/24762\/revisions"}],"predecessor-version":[{"id":24800,"href":"https:\/\/paracherkaoui.ma\/index.php\/wp-json\/wp\/v2\/product\/24762\/revisions\/24800"}],"wp:featuredmedia":[{"embeddable":true,"href":"https:\/\/paracherkaoui.ma\/index.php\/wp-json\/wp\/v2\/media\/11821"}],"wp:attachment":[{"href":"https:\/\/paracherkaoui.ma\/index.php\/wp-json\/wp\/v2\/media?parent=24762"}],"wp:term":[{"taxonomy":"product_brand","embeddable":true,"href":"https:\/\/paracherkaoui.ma\/index.php\/wp-json\/wp\/v2\/product_brand?post=24762"},{"taxonomy":"product_cat","embeddable":true,"href":"https:\/\/paracherkaoui.ma\/index.php\/wp-json\/wp\/v2\/product_cat?post=24762"},{"taxonomy":"product_tag","embeddable":true,"href":"https:\/\/paracherkaoui.ma\/index.php\/wp-json\/wp\/v2\/product_tag?post=24762"}],"curies":[{"name":"wp","href":"https:\/\/api.w.org\/{rel}","templated":true}]}}