{"id":24754,"date":"2025-12-12T18:21:09","date_gmt":"2025-12-12T17:21:09","guid":{"rendered":"https:\/\/test.ecbeaute.com\/?post_type=product&#038;p=24754"},"modified":"2025-12-12T18:21:13","modified_gmt":"2025-12-12T17:21:13","slug":"uriage-pruriced-gel-frais-apaisant-100-ml-2","status":"publish","type":"product","link":"https:\/\/paracherkaoui.ma\/index.php\/produit\/uriage-pruriced-gel-frais-apaisant-100-ml-2\/","title":{"rendered":"URIAGE PRURICED GEL FRAIS APAISANT 100 ML"},"content":{"rendered":"<p>Les zones pileuses ou les plis cutan\u00e9s sont souvent des zones o\u00f9 la peau n&rsquo;est pas bien a\u00e9r\u00e9e et peut entra\u00eener des mac\u00e9rations ou des \u00e9chauffements de la peau. Il en r\u00e9sulte rapidement des d\u00e9mangeaisons d\u00e9sagr\u00e9ables. Les Laboratoires URIAGE mettent \u00e0 votre disposition un Gel Apaisant : PRURICED GEL.<br \/>\nLe Gel PRURICED contient :<br \/>\nDe la Calamine<br \/>\nElle va dans les quelques minutes qui suivent l&rsquo;application procurer apaisement de la zone concern\u00e9e.<br \/>\nDu Glycocolle<br \/>\nIl permet aussi de calmer les sensations d&rsquo;inconfort.<br \/>\nDe l&rsquo;Eau Thermale d&rsquo;Uriage<br \/>\nElle intensifie le soulagement gr\u00e2ce \u00e0 ses propri\u00e9t\u00e9s apaisantes exceptionnelles.<br \/>\nConseils d&rsquo;utilisation<br \/>\nAppliquez en fine couche sur les zones concern\u00e9es aussi souvent que n\u00e9cessaire.<\/p>\n","protected":false},"excerpt":{"rendered":"<p>Les zones pileuses ou les plis cutan\u00e9s sont souvent des zones o\u00f9 la peau n&rsquo;est pas bien a\u00e9r\u00e9e et peut<\/p>\n","protected":false},"featured_media":13656,"comment_status":"open","ping_status":"closed","template":"","meta":[],"product_brand":[130],"product_cat":[502],"product_tag":[],"class_list":{"0":"post-24754","1":"product","2":"type-product","3":"status-publish","4":"has-post-thumbnail","6":"product_brand-uriage","7":"product_cat-soins-anti-imperfections","9":"first","10":"instock","11":"sale","12":"shipping-taxable","13":"purchasable","14":"product-type-simple"},"yoast_head":"<!-- This site is optimized with the Yoast SEO plugin v26.6 - https:\/\/yoast.com\/wordpress\/plugins\/seo\/ -->\r\n<title>URIAGE PRURICED GEL FRAIS APAISANT 100 ML - Paracherkaoui.ma<\/title>\r\n<meta name=\"robots\" content=\"index, follow, max-snippet:-1, max-image-preview:large, max-video-preview:-1\" \/>\r\n<link rel=\"canonical\" href=\"https:\/\/paracherkaoui.ma\/index.php\/produit\/uriage-pruriced-gel-frais-apaisant-100-ml-2\/\" \/>\r\n<meta property=\"og:locale\" content=\"fr_FR\" \/>\r\n<meta property=\"og:type\" content=\"article\" \/>\r\n<meta property=\"og:title\" content=\"URIAGE PRURICED GEL FRAIS APAISANT 100 ML - Paracherkaoui.ma\" \/>\r\n<meta property=\"og:description\" content=\"Les zones pileuses ou les plis cutan\u00e9s sont souvent des zones o\u00f9 la peau n&rsquo;est pas bien a\u00e9r\u00e9e et peut\" \/>\r\n<meta property=\"og:url\" content=\"https:\/\/paracherkaoui.ma\/index.php\/produit\/uriage-pruriced-gel-frais-apaisant-100-ml-2\/\" \/>\r\n<meta property=\"og:site_name\" content=\"Paracherkaoui.ma\" \/>\r\n<meta property=\"article:modified_time\" content=\"2025-12-12T17:21:13+00:00\" \/>\r\n<meta property=\"og:image\" content=\"https:\/\/paracherkaoui.ma\/wp-content\/uploads\/2025\/12\/uriage-uriage-pruriced-gel-frais-apaisant-100-ml-soins-anti-rougeurs.jpg\" \/>\r\n\t<meta property=\"og:image:width\" content=\"700\" \/>\r\n\t<meta property=\"og:image:height\" content=\"700\" \/>\r\n\t<meta property=\"og:image:type\" content=\"image\/jpeg\" \/>\r\n<meta name=\"twitter:card\" content=\"summary_large_image\" \/>\r\n<meta name=\"twitter:label1\" content=\"Dur\u00e9e de lecture estim\u00e9e\" \/>\n\t<meta name=\"twitter:data1\" content=\"1 minute\" \/>\r\n<script type=\"application\/ld+json\" class=\"yoast-schema-graph\">{\"@context\":\"https:\/\/schema.org\",\"@graph\":[{\"@type\":\"WebPage\",\"@id\":\"https:\/\/paracherkaoui.ma\/index.php\/produit\/uriage-pruriced-gel-frais-apaisant-100-ml-2\/\",\"url\":\"https:\/\/paracherkaoui.ma\/index.php\/produit\/uriage-pruriced-gel-frais-apaisant-100-ml-2\/\",\"name\":\"URIAGE PRURICED GEL FRAIS APAISANT 100 ML - Paracherkaoui.ma\",\"isPartOf\":{\"@id\":\"https:\/\/paracherkaoui.ma\/#website\"},\"primaryImageOfPage\":{\"@id\":\"https:\/\/paracherkaoui.ma\/index.php\/produit\/uriage-pruriced-gel-frais-apaisant-100-ml-2\/#primaryimage\"},\"image\":{\"@id\":\"https:\/\/paracherkaoui.ma\/index.php\/produit\/uriage-pruriced-gel-frais-apaisant-100-ml-2\/#primaryimage\"},\"thumbnailUrl\":\"https:\/\/paracherkaoui.ma\/wp-content\/uploads\/2025\/12\/uriage-uriage-pruriced-gel-frais-apaisant-100-ml-soins-anti-rougeurs.jpg\",\"datePublished\":\"2025-12-12T17:21:09+00:00\",\"dateModified\":\"2025-12-12T17:21:13+00:00\",\"breadcrumb\":{\"@id\":\"https:\/\/paracherkaoui.ma\/index.php\/produit\/uriage-pruriced-gel-frais-apaisant-100-ml-2\/#breadcrumb\"},\"inLanguage\":\"fr-FR\",\"potentialAction\":[{\"@type\":\"ReadAction\",\"target\":[\"https:\/\/paracherkaoui.ma\/index.php\/produit\/uriage-pruriced-gel-frais-apaisant-100-ml-2\/\"]}]},{\"@type\":\"ImageObject\",\"inLanguage\":\"fr-FR\",\"@id\":\"https:\/\/paracherkaoui.ma\/index.php\/produit\/uriage-pruriced-gel-frais-apaisant-100-ml-2\/#primaryimage\",\"url\":\"https:\/\/paracherkaoui.ma\/wp-content\/uploads\/2025\/12\/uriage-uriage-pruriced-gel-frais-apaisant-100-ml-soins-anti-rougeurs.jpg\",\"contentUrl\":\"https:\/\/paracherkaoui.ma\/wp-content\/uploads\/2025\/12\/uriage-uriage-pruriced-gel-frais-apaisant-100-ml-soins-anti-rougeurs.jpg\",\"width\":700,\"height\":700},{\"@type\":\"BreadcrumbList\",\"@id\":\"https:\/\/paracherkaoui.ma\/index.php\/produit\/uriage-pruriced-gel-frais-apaisant-100-ml-2\/#breadcrumb\",\"itemListElement\":[{\"@type\":\"ListItem\",\"position\":1,\"name\":\"Accueil\",\"item\":\"https:\/\/paracherkaoui.ma\/\"},{\"@type\":\"ListItem\",\"position\":2,\"name\":\"Boutique\",\"item\":\"https:\/\/paracherkaoui.ma\/index.php\/boutique\/\"},{\"@type\":\"ListItem\",\"position\":3,\"name\":\"URIAGE PRURICED GEL FRAIS APAISANT 100 ML\"}]},{\"@type\":\"WebSite\",\"@id\":\"https:\/\/paracherkaoui.ma\/#website\",\"url\":\"https:\/\/paracherkaoui.ma\/\",\"name\":\"Paracherkaoui.ma\",\"description\":\"Achetez en ligne sur Paracherkaoui.ma\",\"potentialAction\":[{\"@type\":\"SearchAction\",\"target\":{\"@type\":\"EntryPoint\",\"urlTemplate\":\"https:\/\/paracherkaoui.ma\/?s={search_term_string}\"},\"query-input\":{\"@type\":\"PropertyValueSpecification\",\"valueRequired\":true,\"valueName\":\"search_term_string\"}}],\"inLanguage\":\"fr-FR\"}]}<\/script>\r\n<!-- \/ Yoast SEO plugin. -->","yoast_head_json":{"title":"URIAGE PRURICED GEL FRAIS APAISANT 100 ML - Paracherkaoui.ma","robots":{"index":"index","follow":"follow","max-snippet":"max-snippet:-1","max-image-preview":"max-image-preview:large","max-video-preview":"max-video-preview:-1"},"canonical":"https:\/\/paracherkaoui.ma\/index.php\/produit\/uriage-pruriced-gel-frais-apaisant-100-ml-2\/","og_locale":"fr_FR","og_type":"article","og_title":"URIAGE PRURICED GEL FRAIS APAISANT 100 ML - Paracherkaoui.ma","og_description":"Les zones pileuses ou les plis cutan\u00e9s sont souvent des zones o\u00f9 la peau n&rsquo;est pas bien a\u00e9r\u00e9e et peut","og_url":"https:\/\/paracherkaoui.ma\/index.php\/produit\/uriage-pruriced-gel-frais-apaisant-100-ml-2\/","og_site_name":"Paracherkaoui.ma","article_modified_time":"2025-12-12T17:21:13+00:00","og_image":[{"width":700,"height":700,"url":"https:\/\/paracherkaoui.ma\/wp-content\/uploads\/2025\/12\/uriage-uriage-pruriced-gel-frais-apaisant-100-ml-soins-anti-rougeurs.jpg","type":"image\/jpeg"}],"twitter_card":"summary_large_image","twitter_misc":{"Dur\u00e9e de lecture estim\u00e9e":"1 minute"},"schema":{"@context":"https:\/\/schema.org","@graph":[{"@type":"WebPage","@id":"https:\/\/paracherkaoui.ma\/index.php\/produit\/uriage-pruriced-gel-frais-apaisant-100-ml-2\/","url":"https:\/\/paracherkaoui.ma\/index.php\/produit\/uriage-pruriced-gel-frais-apaisant-100-ml-2\/","name":"URIAGE PRURICED GEL FRAIS APAISANT 100 ML - Paracherkaoui.ma","isPartOf":{"@id":"https:\/\/paracherkaoui.ma\/#website"},"primaryImageOfPage":{"@id":"https:\/\/paracherkaoui.ma\/index.php\/produit\/uriage-pruriced-gel-frais-apaisant-100-ml-2\/#primaryimage"},"image":{"@id":"https:\/\/paracherkaoui.ma\/index.php\/produit\/uriage-pruriced-gel-frais-apaisant-100-ml-2\/#primaryimage"},"thumbnailUrl":"https:\/\/paracherkaoui.ma\/wp-content\/uploads\/2025\/12\/uriage-uriage-pruriced-gel-frais-apaisant-100-ml-soins-anti-rougeurs.jpg","datePublished":"2025-12-12T17:21:09+00:00","dateModified":"2025-12-12T17:21:13+00:00","breadcrumb":{"@id":"https:\/\/paracherkaoui.ma\/index.php\/produit\/uriage-pruriced-gel-frais-apaisant-100-ml-2\/#breadcrumb"},"inLanguage":"fr-FR","potentialAction":[{"@type":"ReadAction","target":["https:\/\/paracherkaoui.ma\/index.php\/produit\/uriage-pruriced-gel-frais-apaisant-100-ml-2\/"]}]},{"@type":"ImageObject","inLanguage":"fr-FR","@id":"https:\/\/paracherkaoui.ma\/index.php\/produit\/uriage-pruriced-gel-frais-apaisant-100-ml-2\/#primaryimage","url":"https:\/\/paracherkaoui.ma\/wp-content\/uploads\/2025\/12\/uriage-uriage-pruriced-gel-frais-apaisant-100-ml-soins-anti-rougeurs.jpg","contentUrl":"https:\/\/paracherkaoui.ma\/wp-content\/uploads\/2025\/12\/uriage-uriage-pruriced-gel-frais-apaisant-100-ml-soins-anti-rougeurs.jpg","width":700,"height":700},{"@type":"BreadcrumbList","@id":"https:\/\/paracherkaoui.ma\/index.php\/produit\/uriage-pruriced-gel-frais-apaisant-100-ml-2\/#breadcrumb","itemListElement":[{"@type":"ListItem","position":1,"name":"Accueil","item":"https:\/\/paracherkaoui.ma\/"},{"@type":"ListItem","position":2,"name":"Boutique","item":"https:\/\/paracherkaoui.ma\/index.php\/boutique\/"},{"@type":"ListItem","position":3,"name":"URIAGE PRURICED GEL FRAIS APAISANT 100 ML"}]},{"@type":"WebSite","@id":"https:\/\/paracherkaoui.ma\/#website","url":"https:\/\/paracherkaoui.ma\/","name":"Paracherkaoui.ma","description":"Achetez en ligne sur Paracherkaoui.ma","potentialAction":[{"@type":"SearchAction","target":{"@type":"EntryPoint","urlTemplate":"https:\/\/paracherkaoui.ma\/?s={search_term_string}"},"query-input":{"@type":"PropertyValueSpecification","valueRequired":true,"valueName":"search_term_string"}}],"inLanguage":"fr-FR"}]}},"_links":{"self":[{"href":"https:\/\/paracherkaoui.ma\/index.php\/wp-json\/wp\/v2\/product\/24754","targetHints":{"allow":["GET"]}}],"collection":[{"href":"https:\/\/paracherkaoui.ma\/index.php\/wp-json\/wp\/v2\/product"}],"about":[{"href":"https:\/\/paracherkaoui.ma\/index.php\/wp-json\/wp\/v2\/types\/product"}],"replies":[{"embeddable":true,"href":"https:\/\/paracherkaoui.ma\/index.php\/wp-json\/wp\/v2\/comments?post=24754"}],"version-history":[{"count":1,"href":"https:\/\/paracherkaoui.ma\/index.php\/wp-json\/wp\/v2\/product\/24754\/revisions"}],"predecessor-version":[{"id":24788,"href":"https:\/\/paracherkaoui.ma\/index.php\/wp-json\/wp\/v2\/product\/24754\/revisions\/24788"}],"wp:featuredmedia":[{"embeddable":true,"href":"https:\/\/paracherkaoui.ma\/index.php\/wp-json\/wp\/v2\/media\/13656"}],"wp:attachment":[{"href":"https:\/\/paracherkaoui.ma\/index.php\/wp-json\/wp\/v2\/media?parent=24754"}],"wp:term":[{"taxonomy":"product_brand","embeddable":true,"href":"https:\/\/paracherkaoui.ma\/index.php\/wp-json\/wp\/v2\/product_brand?post=24754"},{"taxonomy":"product_cat","embeddable":true,"href":"https:\/\/paracherkaoui.ma\/index.php\/wp-json\/wp\/v2\/product_cat?post=24754"},{"taxonomy":"product_tag","embeddable":true,"href":"https:\/\/paracherkaoui.ma\/index.php\/wp-json\/wp\/v2\/product_tag?post=24754"}],"curies":[{"name":"wp","href":"https:\/\/api.w.org\/{rel}","templated":true}]}}