{"id":24698,"date":"2025-12-12T18:21:03","date_gmt":"2025-12-12T17:21:03","guid":{"rendered":"https:\/\/test.ecbeaute.com\/?post_type=product&#038;p=24698"},"modified":"2025-12-12T18:21:08","modified_gmt":"2025-12-12T17:21:08","slug":"caudalie-vinoperfect-creme-eclat-anti-taches","status":"publish","type":"product","link":"https:\/\/paracherkaoui.ma\/index.php\/produit\/caudalie-vinoperfect-creme-eclat-anti-taches\/","title":{"rendered":"CAUDALIE VINOPERFECT CREME ECLAT ANTI TACHES"},"content":{"rendered":"<p>Enrichie en Vinif\u00e9rine et niacinamide, la Cr\u00e8me \u00c9clat Anti-taches Vinoperfect corrige et pr\u00e9vient tous les types de taches (soleil, vieillissement, cicatrices d&rsquo;acn\u00e9, tache brunes, masque de grossesse&#8230;) et unifie le teint. Ses nacres d&rsquo;origine naturelle offrent \u00e0 la peau un coup d&rsquo;\u00e9clat instantan\u00e9.<br \/>\nSa texture gel velout\u00e9e fond sur la peau pour lui apporter \u00e9clat et hydratation sans effet gras.<br \/>\nSa fragrance phyto-aromatique est fra\u00eeche et subtile, elle associe des notes vertes de bergamote, mandarine, feuille de citronnier, concombre et menthe fra\u00eeche.<br \/>\nB\u00e9n\u00e9fices<br \/>\nCorrige et pr\u00e9vient l&rsquo;apparence des taches<br \/>\nUnifie le teint<br \/>\nIllumine instantan\u00e9ment le teint<br \/>\nHydrate<br \/>\nFormule :<br \/>\n97% d&rsquo;ingr\u00e9dients d&rsquo;origine naturelle.<br \/>\nTest\u00e9 dermatologiquement. Convient aux peaux sensibles et aux femmes enceintes.<br \/>\nEt comme tous les produits Caudalie, sans parab\u00e8nes, ph\u00e9noxy\u00e9thanol, phtalates, huiles min\u00e9rales, ingr\u00e9dients d&rsquo;origine animale.<br \/>\nConseils d&rsquo;utilisation:<br \/>\nAppliquer le matin, sur le visage et le cou, seule ou apr\u00e8s votre s\u00e9rum.<\/p>\n","protected":false},"excerpt":{"rendered":"<p>Enrichie en Vinif\u00e9rine et niacinamide, la Cr\u00e8me \u00c9clat Anti-taches Vinoperfect corrige et pr\u00e9vient tous les types de taches (soleil, vieillissement,<\/p>\n","protected":false},"featured_media":24742,"comment_status":"open","ping_status":"closed","template":"","meta":[],"product_brand":[358],"product_cat":[502],"product_tag":[],"class_list":{"0":"post-24698","1":"product","2":"type-product","3":"status-publish","4":"has-post-thumbnail","6":"product_brand-caudalie","7":"product_cat-soins-anti-imperfections","9":"first","10":"instock","11":"shipping-taxable","12":"purchasable","13":"product-type-simple"},"yoast_head":"<!-- This site is optimized with the Yoast SEO plugin v26.6 - https:\/\/yoast.com\/wordpress\/plugins\/seo\/ -->\r\n<title>CAUDALIE VINOPERFECT CREME ECLAT ANTI TACHES - Paracherkaoui.ma<\/title>\r\n<meta name=\"robots\" content=\"index, follow, max-snippet:-1, max-image-preview:large, max-video-preview:-1\" \/>\r\n<link rel=\"canonical\" href=\"https:\/\/paracherkaoui.ma\/index.php\/produit\/caudalie-vinoperfect-creme-eclat-anti-taches\/\" \/>\r\n<meta property=\"og:locale\" content=\"fr_FR\" \/>\r\n<meta property=\"og:type\" content=\"article\" \/>\r\n<meta property=\"og:title\" content=\"CAUDALIE VINOPERFECT CREME ECLAT ANTI TACHES - Paracherkaoui.ma\" \/>\r\n<meta property=\"og:description\" content=\"Enrichie en Vinif\u00e9rine et niacinamide, la Cr\u00e8me \u00c9clat Anti-taches Vinoperfect corrige et pr\u00e9vient tous les types de taches (soleil, vieillissement,\" \/>\r\n<meta property=\"og:url\" content=\"https:\/\/paracherkaoui.ma\/index.php\/produit\/caudalie-vinoperfect-creme-eclat-anti-taches\/\" \/>\r\n<meta property=\"og:site_name\" content=\"Paracherkaoui.ma\" \/>\r\n<meta property=\"article:modified_time\" content=\"2025-12-12T17:21:08+00:00\" \/>\r\n<meta property=\"og:image\" content=\"https:\/\/paracherkaoui.ma\/wp-content\/uploads\/2025\/12\/caudalie-vinoperfect-creme-eclat-anti-taches.jpg\" \/>\r\n\t<meta property=\"og:image:width\" content=\"700\" \/>\r\n\t<meta property=\"og:image:height\" content=\"700\" \/>\r\n\t<meta property=\"og:image:type\" content=\"image\/jpeg\" \/>\r\n<meta name=\"twitter:card\" content=\"summary_large_image\" \/>\r\n<meta name=\"twitter:label1\" content=\"Dur\u00e9e de lecture estim\u00e9e\" \/>\n\t<meta name=\"twitter:data1\" content=\"1 minute\" \/>\r\n<script type=\"application\/ld+json\" class=\"yoast-schema-graph\">{\"@context\":\"https:\/\/schema.org\",\"@graph\":[{\"@type\":\"WebPage\",\"@id\":\"https:\/\/paracherkaoui.ma\/index.php\/produit\/caudalie-vinoperfect-creme-eclat-anti-taches\/\",\"url\":\"https:\/\/paracherkaoui.ma\/index.php\/produit\/caudalie-vinoperfect-creme-eclat-anti-taches\/\",\"name\":\"CAUDALIE VINOPERFECT CREME ECLAT ANTI TACHES - Paracherkaoui.ma\",\"isPartOf\":{\"@id\":\"https:\/\/paracherkaoui.ma\/#website\"},\"primaryImageOfPage\":{\"@id\":\"https:\/\/paracherkaoui.ma\/index.php\/produit\/caudalie-vinoperfect-creme-eclat-anti-taches\/#primaryimage\"},\"image\":{\"@id\":\"https:\/\/paracherkaoui.ma\/index.php\/produit\/caudalie-vinoperfect-creme-eclat-anti-taches\/#primaryimage\"},\"thumbnailUrl\":\"https:\/\/paracherkaoui.ma\/wp-content\/uploads\/2025\/12\/caudalie-vinoperfect-creme-eclat-anti-taches.jpg\",\"datePublished\":\"2025-12-12T17:21:03+00:00\",\"dateModified\":\"2025-12-12T17:21:08+00:00\",\"breadcrumb\":{\"@id\":\"https:\/\/paracherkaoui.ma\/index.php\/produit\/caudalie-vinoperfect-creme-eclat-anti-taches\/#breadcrumb\"},\"inLanguage\":\"fr-FR\",\"potentialAction\":[{\"@type\":\"ReadAction\",\"target\":[\"https:\/\/paracherkaoui.ma\/index.php\/produit\/caudalie-vinoperfect-creme-eclat-anti-taches\/\"]}]},{\"@type\":\"ImageObject\",\"inLanguage\":\"fr-FR\",\"@id\":\"https:\/\/paracherkaoui.ma\/index.php\/produit\/caudalie-vinoperfect-creme-eclat-anti-taches\/#primaryimage\",\"url\":\"https:\/\/paracherkaoui.ma\/wp-content\/uploads\/2025\/12\/caudalie-vinoperfect-creme-eclat-anti-taches.jpg\",\"contentUrl\":\"https:\/\/paracherkaoui.ma\/wp-content\/uploads\/2025\/12\/caudalie-vinoperfect-creme-eclat-anti-taches.jpg\",\"width\":700,\"height\":700},{\"@type\":\"BreadcrumbList\",\"@id\":\"https:\/\/paracherkaoui.ma\/index.php\/produit\/caudalie-vinoperfect-creme-eclat-anti-taches\/#breadcrumb\",\"itemListElement\":[{\"@type\":\"ListItem\",\"position\":1,\"name\":\"Accueil\",\"item\":\"https:\/\/paracherkaoui.ma\/\"},{\"@type\":\"ListItem\",\"position\":2,\"name\":\"Boutique\",\"item\":\"https:\/\/paracherkaoui.ma\/index.php\/boutique\/\"},{\"@type\":\"ListItem\",\"position\":3,\"name\":\"CAUDALIE VINOPERFECT CREME ECLAT ANTI TACHES\"}]},{\"@type\":\"WebSite\",\"@id\":\"https:\/\/paracherkaoui.ma\/#website\",\"url\":\"https:\/\/paracherkaoui.ma\/\",\"name\":\"Paracherkaoui.ma\",\"description\":\"Achetez en ligne sur Paracherkaoui.ma\",\"potentialAction\":[{\"@type\":\"SearchAction\",\"target\":{\"@type\":\"EntryPoint\",\"urlTemplate\":\"https:\/\/paracherkaoui.ma\/?s={search_term_string}\"},\"query-input\":{\"@type\":\"PropertyValueSpecification\",\"valueRequired\":true,\"valueName\":\"search_term_string\"}}],\"inLanguage\":\"fr-FR\"}]}<\/script>\r\n<!-- \/ Yoast SEO plugin. -->","yoast_head_json":{"title":"CAUDALIE VINOPERFECT CREME ECLAT ANTI TACHES - Paracherkaoui.ma","robots":{"index":"index","follow":"follow","max-snippet":"max-snippet:-1","max-image-preview":"max-image-preview:large","max-video-preview":"max-video-preview:-1"},"canonical":"https:\/\/paracherkaoui.ma\/index.php\/produit\/caudalie-vinoperfect-creme-eclat-anti-taches\/","og_locale":"fr_FR","og_type":"article","og_title":"CAUDALIE VINOPERFECT CREME ECLAT ANTI TACHES - Paracherkaoui.ma","og_description":"Enrichie en Vinif\u00e9rine et niacinamide, la Cr\u00e8me \u00c9clat Anti-taches Vinoperfect corrige et pr\u00e9vient tous les types de taches (soleil, vieillissement,","og_url":"https:\/\/paracherkaoui.ma\/index.php\/produit\/caudalie-vinoperfect-creme-eclat-anti-taches\/","og_site_name":"Paracherkaoui.ma","article_modified_time":"2025-12-12T17:21:08+00:00","og_image":[{"width":700,"height":700,"url":"https:\/\/paracherkaoui.ma\/wp-content\/uploads\/2025\/12\/caudalie-vinoperfect-creme-eclat-anti-taches.jpg","type":"image\/jpeg"}],"twitter_card":"summary_large_image","twitter_misc":{"Dur\u00e9e de lecture estim\u00e9e":"1 minute"},"schema":{"@context":"https:\/\/schema.org","@graph":[{"@type":"WebPage","@id":"https:\/\/paracherkaoui.ma\/index.php\/produit\/caudalie-vinoperfect-creme-eclat-anti-taches\/","url":"https:\/\/paracherkaoui.ma\/index.php\/produit\/caudalie-vinoperfect-creme-eclat-anti-taches\/","name":"CAUDALIE VINOPERFECT CREME ECLAT ANTI TACHES - Paracherkaoui.ma","isPartOf":{"@id":"https:\/\/paracherkaoui.ma\/#website"},"primaryImageOfPage":{"@id":"https:\/\/paracherkaoui.ma\/index.php\/produit\/caudalie-vinoperfect-creme-eclat-anti-taches\/#primaryimage"},"image":{"@id":"https:\/\/paracherkaoui.ma\/index.php\/produit\/caudalie-vinoperfect-creme-eclat-anti-taches\/#primaryimage"},"thumbnailUrl":"https:\/\/paracherkaoui.ma\/wp-content\/uploads\/2025\/12\/caudalie-vinoperfect-creme-eclat-anti-taches.jpg","datePublished":"2025-12-12T17:21:03+00:00","dateModified":"2025-12-12T17:21:08+00:00","breadcrumb":{"@id":"https:\/\/paracherkaoui.ma\/index.php\/produit\/caudalie-vinoperfect-creme-eclat-anti-taches\/#breadcrumb"},"inLanguage":"fr-FR","potentialAction":[{"@type":"ReadAction","target":["https:\/\/paracherkaoui.ma\/index.php\/produit\/caudalie-vinoperfect-creme-eclat-anti-taches\/"]}]},{"@type":"ImageObject","inLanguage":"fr-FR","@id":"https:\/\/paracherkaoui.ma\/index.php\/produit\/caudalie-vinoperfect-creme-eclat-anti-taches\/#primaryimage","url":"https:\/\/paracherkaoui.ma\/wp-content\/uploads\/2025\/12\/caudalie-vinoperfect-creme-eclat-anti-taches.jpg","contentUrl":"https:\/\/paracherkaoui.ma\/wp-content\/uploads\/2025\/12\/caudalie-vinoperfect-creme-eclat-anti-taches.jpg","width":700,"height":700},{"@type":"BreadcrumbList","@id":"https:\/\/paracherkaoui.ma\/index.php\/produit\/caudalie-vinoperfect-creme-eclat-anti-taches\/#breadcrumb","itemListElement":[{"@type":"ListItem","position":1,"name":"Accueil","item":"https:\/\/paracherkaoui.ma\/"},{"@type":"ListItem","position":2,"name":"Boutique","item":"https:\/\/paracherkaoui.ma\/index.php\/boutique\/"},{"@type":"ListItem","position":3,"name":"CAUDALIE VINOPERFECT CREME ECLAT ANTI TACHES"}]},{"@type":"WebSite","@id":"https:\/\/paracherkaoui.ma\/#website","url":"https:\/\/paracherkaoui.ma\/","name":"Paracherkaoui.ma","description":"Achetez en ligne sur Paracherkaoui.ma","potentialAction":[{"@type":"SearchAction","target":{"@type":"EntryPoint","urlTemplate":"https:\/\/paracherkaoui.ma\/?s={search_term_string}"},"query-input":{"@type":"PropertyValueSpecification","valueRequired":true,"valueName":"search_term_string"}}],"inLanguage":"fr-FR"}]}},"_links":{"self":[{"href":"https:\/\/paracherkaoui.ma\/index.php\/wp-json\/wp\/v2\/product\/24698","targetHints":{"allow":["GET"]}}],"collection":[{"href":"https:\/\/paracherkaoui.ma\/index.php\/wp-json\/wp\/v2\/product"}],"about":[{"href":"https:\/\/paracherkaoui.ma\/index.php\/wp-json\/wp\/v2\/types\/product"}],"replies":[{"embeddable":true,"href":"https:\/\/paracherkaoui.ma\/index.php\/wp-json\/wp\/v2\/comments?post=24698"}],"version-history":[{"count":1,"href":"https:\/\/paracherkaoui.ma\/index.php\/wp-json\/wp\/v2\/product\/24698\/revisions"}],"predecessor-version":[{"id":24743,"href":"https:\/\/paracherkaoui.ma\/index.php\/wp-json\/wp\/v2\/product\/24698\/revisions\/24743"}],"wp:featuredmedia":[{"embeddable":true,"href":"https:\/\/paracherkaoui.ma\/index.php\/wp-json\/wp\/v2\/media\/24742"}],"wp:attachment":[{"href":"https:\/\/paracherkaoui.ma\/index.php\/wp-json\/wp\/v2\/media?parent=24698"}],"wp:term":[{"taxonomy":"product_brand","embeddable":true,"href":"https:\/\/paracherkaoui.ma\/index.php\/wp-json\/wp\/v2\/product_brand?post=24698"},{"taxonomy":"product_cat","embeddable":true,"href":"https:\/\/paracherkaoui.ma\/index.php\/wp-json\/wp\/v2\/product_cat?post=24698"},{"taxonomy":"product_tag","embeddable":true,"href":"https:\/\/paracherkaoui.ma\/index.php\/wp-json\/wp\/v2\/product_tag?post=24698"}],"curies":[{"name":"wp","href":"https:\/\/api.w.org\/{rel}","templated":true}]}}