{"id":24696,"date":"2025-12-12T18:21:03","date_gmt":"2025-12-12T17:21:03","guid":{"rendered":"https:\/\/test.ecbeaute.com\/?post_type=product&#038;p=24696"},"modified":"2025-12-12T18:21:07","modified_gmt":"2025-12-12T17:21:07","slug":"isispharma-teen-derm-gel-sensitive-250-ml","status":"publish","type":"product","link":"https:\/\/paracherkaoui.ma\/index.php\/produit\/isispharma-teen-derm-gel-sensitive-250-ml\/","title":{"rendered":"ISISPHARMA TEEN DERM GEL SENSITIVE 250 ML"},"content":{"rendered":"<p>ISISPHARMA Teen Derm GEL sensitive<\/p>\n<p>Gel micro-exfoliant (micro-particules) traitant, nettoyant et s\u00e9bor\u00e9gulateur. Teen Derm Gel est sp\u00e9cialement formul\u00e9 pour r\u00e9aliser une micro exfoliation du relief cutan\u00e9.<\/p>\n<p>R\u00e9sultats :<\/p>\n<p>Purifiant et nettoyant, ce gel nettoie parfaitement les peaux grasses \u00e0 tendance acn\u00e9ique.<\/p>\n<p>UTILISATION:<\/p>\n<p>Appliquer quotidiennement matin et soir sur le visage l\u00e9g\u00e8rement humidif\u00e9. Faire mousser en massant par des mouvements circulaires 1 \u00e0 2 minutes puis rincer \u00e0 l&rsquo;eau ti\u00e8de et s\u00e9cher d\u00e9licatement.<\/p>\n<p>ISISPHARMA Teen Derm Gel Purifiant Moussant disponible au Maroc sur citymall votre parapharmacie au Maroc,d\u00e9couvrez toute la gamme isipharma aux meilleurs prix du Maroc sur citymall, livraison Express partout au Maroc<\/p>\n","protected":false},"excerpt":{"rendered":"<p>ISISPHARMA Teen Derm GEL sensitive Gel micro-exfoliant (micro-particules) traitant, nettoyant et s\u00e9bor\u00e9gulateur. Teen Derm Gel est sp\u00e9cialement formul\u00e9 pour r\u00e9aliser<\/p>\n","protected":false},"featured_media":24738,"comment_status":"open","ping_status":"closed","template":"","meta":[],"product_brand":[321],"product_cat":[502],"product_tag":[],"class_list":{"0":"post-24696","1":"product","2":"type-product","3":"status-publish","4":"has-post-thumbnail","6":"product_brand-isispharma","7":"product_cat-soins-anti-imperfections","9":"first","10":"instock","11":"sale","12":"shipping-taxable","13":"purchasable","14":"product-type-simple"},"yoast_head":"<!-- This site is optimized with the Yoast SEO plugin v26.6 - https:\/\/yoast.com\/wordpress\/plugins\/seo\/ -->\r\n<title>ISISPHARMA TEEN DERM GEL SENSITIVE 250 ML - Paracherkaoui.ma<\/title>\r\n<meta name=\"robots\" content=\"index, follow, max-snippet:-1, max-image-preview:large, max-video-preview:-1\" \/>\r\n<link rel=\"canonical\" href=\"https:\/\/paracherkaoui.ma\/index.php\/produit\/isispharma-teen-derm-gel-sensitive-250-ml\/\" \/>\r\n<meta property=\"og:locale\" content=\"fr_FR\" \/>\r\n<meta property=\"og:type\" content=\"article\" \/>\r\n<meta property=\"og:title\" content=\"ISISPHARMA TEEN DERM GEL SENSITIVE 250 ML - Paracherkaoui.ma\" \/>\r\n<meta property=\"og:description\" content=\"ISISPHARMA Teen Derm GEL sensitive Gel micro-exfoliant (micro-particules) traitant, nettoyant et s\u00e9bor\u00e9gulateur. Teen Derm Gel est sp\u00e9cialement formul\u00e9 pour r\u00e9aliser\" \/>\r\n<meta property=\"og:url\" content=\"https:\/\/paracherkaoui.ma\/index.php\/produit\/isispharma-teen-derm-gel-sensitive-250-ml\/\" \/>\r\n<meta property=\"og:site_name\" content=\"Paracherkaoui.ma\" \/>\r\n<meta property=\"article:modified_time\" content=\"2025-12-12T17:21:07+00:00\" \/>\r\n<meta property=\"og:image\" content=\"https:\/\/paracherkaoui.ma\/wp-content\/uploads\/2025\/12\/isispharma-isispharma-teen-derm-gel-sensitive-250-ml-soins-anti-imperfections.jpg\" \/>\r\n\t<meta property=\"og:image:width\" content=\"700\" \/>\r\n\t<meta property=\"og:image:height\" content=\"700\" \/>\r\n\t<meta property=\"og:image:type\" content=\"image\/jpeg\" \/>\r\n<meta name=\"twitter:card\" content=\"summary_large_image\" \/>\r\n<meta name=\"twitter:label1\" content=\"Dur\u00e9e de lecture estim\u00e9e\" \/>\n\t<meta name=\"twitter:data1\" content=\"1 minute\" \/>\r\n<script type=\"application\/ld+json\" class=\"yoast-schema-graph\">{\"@context\":\"https:\/\/schema.org\",\"@graph\":[{\"@type\":\"WebPage\",\"@id\":\"https:\/\/paracherkaoui.ma\/index.php\/produit\/isispharma-teen-derm-gel-sensitive-250-ml\/\",\"url\":\"https:\/\/paracherkaoui.ma\/index.php\/produit\/isispharma-teen-derm-gel-sensitive-250-ml\/\",\"name\":\"ISISPHARMA TEEN DERM GEL SENSITIVE 250 ML - Paracherkaoui.ma\",\"isPartOf\":{\"@id\":\"https:\/\/paracherkaoui.ma\/#website\"},\"primaryImageOfPage\":{\"@id\":\"https:\/\/paracherkaoui.ma\/index.php\/produit\/isispharma-teen-derm-gel-sensitive-250-ml\/#primaryimage\"},\"image\":{\"@id\":\"https:\/\/paracherkaoui.ma\/index.php\/produit\/isispharma-teen-derm-gel-sensitive-250-ml\/#primaryimage\"},\"thumbnailUrl\":\"https:\/\/paracherkaoui.ma\/wp-content\/uploads\/2025\/12\/isispharma-isispharma-teen-derm-gel-sensitive-250-ml-soins-anti-imperfections.jpg\",\"datePublished\":\"2025-12-12T17:21:03+00:00\",\"dateModified\":\"2025-12-12T17:21:07+00:00\",\"breadcrumb\":{\"@id\":\"https:\/\/paracherkaoui.ma\/index.php\/produit\/isispharma-teen-derm-gel-sensitive-250-ml\/#breadcrumb\"},\"inLanguage\":\"fr-FR\",\"potentialAction\":[{\"@type\":\"ReadAction\",\"target\":[\"https:\/\/paracherkaoui.ma\/index.php\/produit\/isispharma-teen-derm-gel-sensitive-250-ml\/\"]}]},{\"@type\":\"ImageObject\",\"inLanguage\":\"fr-FR\",\"@id\":\"https:\/\/paracherkaoui.ma\/index.php\/produit\/isispharma-teen-derm-gel-sensitive-250-ml\/#primaryimage\",\"url\":\"https:\/\/paracherkaoui.ma\/wp-content\/uploads\/2025\/12\/isispharma-isispharma-teen-derm-gel-sensitive-250-ml-soins-anti-imperfections.jpg\",\"contentUrl\":\"https:\/\/paracherkaoui.ma\/wp-content\/uploads\/2025\/12\/isispharma-isispharma-teen-derm-gel-sensitive-250-ml-soins-anti-imperfections.jpg\",\"width\":700,\"height\":700},{\"@type\":\"BreadcrumbList\",\"@id\":\"https:\/\/paracherkaoui.ma\/index.php\/produit\/isispharma-teen-derm-gel-sensitive-250-ml\/#breadcrumb\",\"itemListElement\":[{\"@type\":\"ListItem\",\"position\":1,\"name\":\"Accueil\",\"item\":\"https:\/\/paracherkaoui.ma\/\"},{\"@type\":\"ListItem\",\"position\":2,\"name\":\"Boutique\",\"item\":\"https:\/\/paracherkaoui.ma\/index.php\/boutique\/\"},{\"@type\":\"ListItem\",\"position\":3,\"name\":\"ISISPHARMA TEEN DERM GEL SENSITIVE 250 ML\"}]},{\"@type\":\"WebSite\",\"@id\":\"https:\/\/paracherkaoui.ma\/#website\",\"url\":\"https:\/\/paracherkaoui.ma\/\",\"name\":\"Paracherkaoui.ma\",\"description\":\"Achetez en ligne sur Paracherkaoui.ma\",\"potentialAction\":[{\"@type\":\"SearchAction\",\"target\":{\"@type\":\"EntryPoint\",\"urlTemplate\":\"https:\/\/paracherkaoui.ma\/?s={search_term_string}\"},\"query-input\":{\"@type\":\"PropertyValueSpecification\",\"valueRequired\":true,\"valueName\":\"search_term_string\"}}],\"inLanguage\":\"fr-FR\"}]}<\/script>\r\n<!-- \/ Yoast SEO plugin. -->","yoast_head_json":{"title":"ISISPHARMA TEEN DERM GEL SENSITIVE 250 ML - Paracherkaoui.ma","robots":{"index":"index","follow":"follow","max-snippet":"max-snippet:-1","max-image-preview":"max-image-preview:large","max-video-preview":"max-video-preview:-1"},"canonical":"https:\/\/paracherkaoui.ma\/index.php\/produit\/isispharma-teen-derm-gel-sensitive-250-ml\/","og_locale":"fr_FR","og_type":"article","og_title":"ISISPHARMA TEEN DERM GEL SENSITIVE 250 ML - Paracherkaoui.ma","og_description":"ISISPHARMA Teen Derm GEL sensitive Gel micro-exfoliant (micro-particules) traitant, nettoyant et s\u00e9bor\u00e9gulateur. Teen Derm Gel est sp\u00e9cialement formul\u00e9 pour r\u00e9aliser","og_url":"https:\/\/paracherkaoui.ma\/index.php\/produit\/isispharma-teen-derm-gel-sensitive-250-ml\/","og_site_name":"Paracherkaoui.ma","article_modified_time":"2025-12-12T17:21:07+00:00","og_image":[{"width":700,"height":700,"url":"https:\/\/paracherkaoui.ma\/wp-content\/uploads\/2025\/12\/isispharma-isispharma-teen-derm-gel-sensitive-250-ml-soins-anti-imperfections.jpg","type":"image\/jpeg"}],"twitter_card":"summary_large_image","twitter_misc":{"Dur\u00e9e de lecture estim\u00e9e":"1 minute"},"schema":{"@context":"https:\/\/schema.org","@graph":[{"@type":"WebPage","@id":"https:\/\/paracherkaoui.ma\/index.php\/produit\/isispharma-teen-derm-gel-sensitive-250-ml\/","url":"https:\/\/paracherkaoui.ma\/index.php\/produit\/isispharma-teen-derm-gel-sensitive-250-ml\/","name":"ISISPHARMA TEEN DERM GEL SENSITIVE 250 ML - Paracherkaoui.ma","isPartOf":{"@id":"https:\/\/paracherkaoui.ma\/#website"},"primaryImageOfPage":{"@id":"https:\/\/paracherkaoui.ma\/index.php\/produit\/isispharma-teen-derm-gel-sensitive-250-ml\/#primaryimage"},"image":{"@id":"https:\/\/paracherkaoui.ma\/index.php\/produit\/isispharma-teen-derm-gel-sensitive-250-ml\/#primaryimage"},"thumbnailUrl":"https:\/\/paracherkaoui.ma\/wp-content\/uploads\/2025\/12\/isispharma-isispharma-teen-derm-gel-sensitive-250-ml-soins-anti-imperfections.jpg","datePublished":"2025-12-12T17:21:03+00:00","dateModified":"2025-12-12T17:21:07+00:00","breadcrumb":{"@id":"https:\/\/paracherkaoui.ma\/index.php\/produit\/isispharma-teen-derm-gel-sensitive-250-ml\/#breadcrumb"},"inLanguage":"fr-FR","potentialAction":[{"@type":"ReadAction","target":["https:\/\/paracherkaoui.ma\/index.php\/produit\/isispharma-teen-derm-gel-sensitive-250-ml\/"]}]},{"@type":"ImageObject","inLanguage":"fr-FR","@id":"https:\/\/paracherkaoui.ma\/index.php\/produit\/isispharma-teen-derm-gel-sensitive-250-ml\/#primaryimage","url":"https:\/\/paracherkaoui.ma\/wp-content\/uploads\/2025\/12\/isispharma-isispharma-teen-derm-gel-sensitive-250-ml-soins-anti-imperfections.jpg","contentUrl":"https:\/\/paracherkaoui.ma\/wp-content\/uploads\/2025\/12\/isispharma-isispharma-teen-derm-gel-sensitive-250-ml-soins-anti-imperfections.jpg","width":700,"height":700},{"@type":"BreadcrumbList","@id":"https:\/\/paracherkaoui.ma\/index.php\/produit\/isispharma-teen-derm-gel-sensitive-250-ml\/#breadcrumb","itemListElement":[{"@type":"ListItem","position":1,"name":"Accueil","item":"https:\/\/paracherkaoui.ma\/"},{"@type":"ListItem","position":2,"name":"Boutique","item":"https:\/\/paracherkaoui.ma\/index.php\/boutique\/"},{"@type":"ListItem","position":3,"name":"ISISPHARMA TEEN DERM GEL SENSITIVE 250 ML"}]},{"@type":"WebSite","@id":"https:\/\/paracherkaoui.ma\/#website","url":"https:\/\/paracherkaoui.ma\/","name":"Paracherkaoui.ma","description":"Achetez en ligne sur Paracherkaoui.ma","potentialAction":[{"@type":"SearchAction","target":{"@type":"EntryPoint","urlTemplate":"https:\/\/paracherkaoui.ma\/?s={search_term_string}"},"query-input":{"@type":"PropertyValueSpecification","valueRequired":true,"valueName":"search_term_string"}}],"inLanguage":"fr-FR"}]}},"_links":{"self":[{"href":"https:\/\/paracherkaoui.ma\/index.php\/wp-json\/wp\/v2\/product\/24696","targetHints":{"allow":["GET"]}}],"collection":[{"href":"https:\/\/paracherkaoui.ma\/index.php\/wp-json\/wp\/v2\/product"}],"about":[{"href":"https:\/\/paracherkaoui.ma\/index.php\/wp-json\/wp\/v2\/types\/product"}],"replies":[{"embeddable":true,"href":"https:\/\/paracherkaoui.ma\/index.php\/wp-json\/wp\/v2\/comments?post=24696"}],"version-history":[{"count":1,"href":"https:\/\/paracherkaoui.ma\/index.php\/wp-json\/wp\/v2\/product\/24696\/revisions"}],"predecessor-version":[{"id":24739,"href":"https:\/\/paracherkaoui.ma\/index.php\/wp-json\/wp\/v2\/product\/24696\/revisions\/24739"}],"wp:featuredmedia":[{"embeddable":true,"href":"https:\/\/paracherkaoui.ma\/index.php\/wp-json\/wp\/v2\/media\/24738"}],"wp:attachment":[{"href":"https:\/\/paracherkaoui.ma\/index.php\/wp-json\/wp\/v2\/media?parent=24696"}],"wp:term":[{"taxonomy":"product_brand","embeddable":true,"href":"https:\/\/paracherkaoui.ma\/index.php\/wp-json\/wp\/v2\/product_brand?post=24696"},{"taxonomy":"product_cat","embeddable":true,"href":"https:\/\/paracherkaoui.ma\/index.php\/wp-json\/wp\/v2\/product_cat?post=24696"},{"taxonomy":"product_tag","embeddable":true,"href":"https:\/\/paracherkaoui.ma\/index.php\/wp-json\/wp\/v2\/product_tag?post=24696"}],"curies":[{"name":"wp","href":"https:\/\/api.w.org\/{rel}","templated":true}]}}