{"id":24616,"date":"2025-12-12T18:20:55","date_gmt":"2025-12-12T17:20:55","guid":{"rendered":"https:\/\/test.ecbeaute.com\/?post_type=product&#038;p=24616"},"modified":"2025-12-12T18:20:59","modified_gmt":"2025-12-12T17:20:59","slug":"novexpert-soin-peeling-eclat-vitamine-c-30-ml","status":"publish","type":"product","link":"https:\/\/paracherkaoui.ma\/index.php\/produit\/novexpert-soin-peeling-eclat-vitamine-c-30-ml\/","title":{"rendered":"NOVEXPERT SOIN PEELING ECLAT VITAMINE C 30 ML"},"content":{"rendered":"<p>Avec des r\u00e9sultats cliniquement prouv\u00e9s, ce soin est une solution id\u00e9ale pour ceux qui cherchent \u00e0 am\u00e9liorer visiblement la texture et l\u2019\u00e9clat de leur teint. Apr\u00e8s seulement 28 jours d\u2019utilisation quotidienne, la peau est jusqu\u2019\u00e0 33% plus lisse et les ridules sont r\u00e9duites pour 88% des utilisateurs. De plus, d\u00e8s la premi\u00e8re application, la peau para\u00eet instantan\u00e9ment plus douce, et en seulement 24 heures, le teint est plus lumineux. Au fil du temps, les pores sont visiblement resserr\u00e9s, offrant une peau plus lisse et affin\u00e9e.<br \/>\nCe peeling est \u00e9galement une excellente alternative aux soins plus abrasifs gr\u00e2ce \u00e0 sa formule douce mais puissante. Compar\u00e9 \u00e0 d&rsquo;autres acides exfoliants, tels que l&rsquo;acide glycolique ou lactique, le Soin Peeling \u00c9clat Vitamine C de Novexpert offre une efficacit\u00e9 renforc\u00e9e tout en respectant l&rsquo;int\u00e9grit\u00e9 de la peau.<br \/>\nComposition<br \/>\nAqua (Water)\u00b0, Lactic Acid\u00b0, Propanediol\u00b0, Sodium Citrate\u00b0, Glycerin\u00b0, 3-O-Ethyl Ascorbic Acid\u00b0, Lactobacillus Ferment\u00b0, Galactoarabinan\u00b0, Gluconolactone\u00b0, Sodium Hyaluronate\u00b0, Bacillus Ferment\u00b0, Laminaria Digitata Extract\u00b0, Helichrysum Italicum Extract\u00b0, Aloe Barbadensis Leaf Juice Powder\u00b0, Citric Acid\u00b0, Parfum (Fragrance)\u00b0, Xanthan Gum\u00b0<br \/>\nConseils d\u2019utilisation<br \/>\nUtilisez le Soin Peeling \u00c9clat Vitamine C uniquement le soir, apr\u00e8s avoir nettoy\u00e9 votre peau. Attendez 5 minutes apr\u00e8s le nettoyage pour appliquer le produit. Avec vos doigts ou un coton, appliquez une fine couche sur l\u2019ensemble du visage, en \u00e9vitant le contour des yeux. Ne rincez pas le produit. Pour des r\u00e9sultats optimaux, utilisez le soin tous les soirs pendant un mois au minimum. Attention, ne pas l\u2019appliquer en cas d\u2019exposition au soleil. Il est recommand\u00e9 d\u2019utiliser une cr\u00e8me solaire pendant la journ\u00e9e pour prot\u00e9ger la peau.<\/p>\n","protected":false},"excerpt":{"rendered":"<p>Avec des r\u00e9sultats cliniquement prouv\u00e9s, ce soin est une solution id\u00e9ale pour ceux qui cherchent \u00e0 am\u00e9liorer visiblement la texture<\/p>\n","protected":false},"featured_media":24655,"comment_status":"open","ping_status":"closed","template":"","meta":[],"product_brand":[349],"product_cat":[502],"product_tag":[],"class_list":{"0":"post-24616","1":"product","2":"type-product","3":"status-publish","4":"has-post-thumbnail","6":"product_brand-novexpert","7":"product_cat-soins-anti-imperfections","9":"first","10":"instock","11":"sale","12":"shipping-taxable","13":"purchasable","14":"product-type-simple"},"yoast_head":"<!-- This site is optimized with the Yoast SEO plugin v26.6 - https:\/\/yoast.com\/wordpress\/plugins\/seo\/ -->\r\n<title>NOVEXPERT SOIN PEELING ECLAT VITAMINE C 30 ML - Paracherkaoui.ma<\/title>\r\n<meta name=\"robots\" content=\"index, follow, max-snippet:-1, max-image-preview:large, max-video-preview:-1\" \/>\r\n<link rel=\"canonical\" href=\"https:\/\/paracherkaoui.ma\/index.php\/produit\/novexpert-soin-peeling-eclat-vitamine-c-30-ml\/\" \/>\r\n<meta property=\"og:locale\" content=\"fr_FR\" \/>\r\n<meta property=\"og:type\" content=\"article\" \/>\r\n<meta property=\"og:title\" content=\"NOVEXPERT SOIN PEELING ECLAT VITAMINE C 30 ML - Paracherkaoui.ma\" \/>\r\n<meta property=\"og:description\" content=\"Avec des r\u00e9sultats cliniquement prouv\u00e9s, ce soin est une solution id\u00e9ale pour ceux qui cherchent \u00e0 am\u00e9liorer visiblement la texture\" \/>\r\n<meta property=\"og:url\" content=\"https:\/\/paracherkaoui.ma\/index.php\/produit\/novexpert-soin-peeling-eclat-vitamine-c-30-ml\/\" \/>\r\n<meta property=\"og:site_name\" content=\"Paracherkaoui.ma\" \/>\r\n<meta property=\"article:modified_time\" content=\"2025-12-12T17:20:59+00:00\" \/>\r\n<meta property=\"og:image\" content=\"https:\/\/paracherkaoui.ma\/wp-content\/uploads\/2025\/12\/novexpert-novexpert-soin-peeling-eclat-vitamine-c-30-ml-soins-eclat-et-anti-taches.jpg\" \/>\r\n\t<meta property=\"og:image:width\" content=\"700\" \/>\r\n\t<meta property=\"og:image:height\" content=\"700\" \/>\r\n\t<meta property=\"og:image:type\" content=\"image\/jpeg\" \/>\r\n<meta name=\"twitter:card\" content=\"summary_large_image\" \/>\r\n<meta name=\"twitter:label1\" content=\"Dur\u00e9e de lecture estim\u00e9e\" \/>\n\t<meta name=\"twitter:data1\" content=\"1 minute\" \/>\r\n<script type=\"application\/ld+json\" class=\"yoast-schema-graph\">{\"@context\":\"https:\/\/schema.org\",\"@graph\":[{\"@type\":\"WebPage\",\"@id\":\"https:\/\/paracherkaoui.ma\/index.php\/produit\/novexpert-soin-peeling-eclat-vitamine-c-30-ml\/\",\"url\":\"https:\/\/paracherkaoui.ma\/index.php\/produit\/novexpert-soin-peeling-eclat-vitamine-c-30-ml\/\",\"name\":\"NOVEXPERT SOIN PEELING ECLAT VITAMINE C 30 ML - Paracherkaoui.ma\",\"isPartOf\":{\"@id\":\"https:\/\/paracherkaoui.ma\/#website\"},\"primaryImageOfPage\":{\"@id\":\"https:\/\/paracherkaoui.ma\/index.php\/produit\/novexpert-soin-peeling-eclat-vitamine-c-30-ml\/#primaryimage\"},\"image\":{\"@id\":\"https:\/\/paracherkaoui.ma\/index.php\/produit\/novexpert-soin-peeling-eclat-vitamine-c-30-ml\/#primaryimage\"},\"thumbnailUrl\":\"https:\/\/paracherkaoui.ma\/wp-content\/uploads\/2025\/12\/novexpert-novexpert-soin-peeling-eclat-vitamine-c-30-ml-soins-eclat-et-anti-taches.jpg\",\"datePublished\":\"2025-12-12T17:20:55+00:00\",\"dateModified\":\"2025-12-12T17:20:59+00:00\",\"breadcrumb\":{\"@id\":\"https:\/\/paracherkaoui.ma\/index.php\/produit\/novexpert-soin-peeling-eclat-vitamine-c-30-ml\/#breadcrumb\"},\"inLanguage\":\"fr-FR\",\"potentialAction\":[{\"@type\":\"ReadAction\",\"target\":[\"https:\/\/paracherkaoui.ma\/index.php\/produit\/novexpert-soin-peeling-eclat-vitamine-c-30-ml\/\"]}]},{\"@type\":\"ImageObject\",\"inLanguage\":\"fr-FR\",\"@id\":\"https:\/\/paracherkaoui.ma\/index.php\/produit\/novexpert-soin-peeling-eclat-vitamine-c-30-ml\/#primaryimage\",\"url\":\"https:\/\/paracherkaoui.ma\/wp-content\/uploads\/2025\/12\/novexpert-novexpert-soin-peeling-eclat-vitamine-c-30-ml-soins-eclat-et-anti-taches.jpg\",\"contentUrl\":\"https:\/\/paracherkaoui.ma\/wp-content\/uploads\/2025\/12\/novexpert-novexpert-soin-peeling-eclat-vitamine-c-30-ml-soins-eclat-et-anti-taches.jpg\",\"width\":700,\"height\":700},{\"@type\":\"BreadcrumbList\",\"@id\":\"https:\/\/paracherkaoui.ma\/index.php\/produit\/novexpert-soin-peeling-eclat-vitamine-c-30-ml\/#breadcrumb\",\"itemListElement\":[{\"@type\":\"ListItem\",\"position\":1,\"name\":\"Accueil\",\"item\":\"https:\/\/paracherkaoui.ma\/\"},{\"@type\":\"ListItem\",\"position\":2,\"name\":\"Boutique\",\"item\":\"https:\/\/paracherkaoui.ma\/index.php\/boutique\/\"},{\"@type\":\"ListItem\",\"position\":3,\"name\":\"NOVEXPERT SOIN PEELING ECLAT VITAMINE C 30 ML\"}]},{\"@type\":\"WebSite\",\"@id\":\"https:\/\/paracherkaoui.ma\/#website\",\"url\":\"https:\/\/paracherkaoui.ma\/\",\"name\":\"Paracherkaoui.ma\",\"description\":\"Achetez en ligne sur Paracherkaoui.ma\",\"potentialAction\":[{\"@type\":\"SearchAction\",\"target\":{\"@type\":\"EntryPoint\",\"urlTemplate\":\"https:\/\/paracherkaoui.ma\/?s={search_term_string}\"},\"query-input\":{\"@type\":\"PropertyValueSpecification\",\"valueRequired\":true,\"valueName\":\"search_term_string\"}}],\"inLanguage\":\"fr-FR\"}]}<\/script>\r\n<!-- \/ Yoast SEO plugin. -->","yoast_head_json":{"title":"NOVEXPERT SOIN PEELING ECLAT VITAMINE C 30 ML - Paracherkaoui.ma","robots":{"index":"index","follow":"follow","max-snippet":"max-snippet:-1","max-image-preview":"max-image-preview:large","max-video-preview":"max-video-preview:-1"},"canonical":"https:\/\/paracherkaoui.ma\/index.php\/produit\/novexpert-soin-peeling-eclat-vitamine-c-30-ml\/","og_locale":"fr_FR","og_type":"article","og_title":"NOVEXPERT SOIN PEELING ECLAT VITAMINE C 30 ML - Paracherkaoui.ma","og_description":"Avec des r\u00e9sultats cliniquement prouv\u00e9s, ce soin est une solution id\u00e9ale pour ceux qui cherchent \u00e0 am\u00e9liorer visiblement la texture","og_url":"https:\/\/paracherkaoui.ma\/index.php\/produit\/novexpert-soin-peeling-eclat-vitamine-c-30-ml\/","og_site_name":"Paracherkaoui.ma","article_modified_time":"2025-12-12T17:20:59+00:00","og_image":[{"width":700,"height":700,"url":"https:\/\/paracherkaoui.ma\/wp-content\/uploads\/2025\/12\/novexpert-novexpert-soin-peeling-eclat-vitamine-c-30-ml-soins-eclat-et-anti-taches.jpg","type":"image\/jpeg"}],"twitter_card":"summary_large_image","twitter_misc":{"Dur\u00e9e de lecture estim\u00e9e":"1 minute"},"schema":{"@context":"https:\/\/schema.org","@graph":[{"@type":"WebPage","@id":"https:\/\/paracherkaoui.ma\/index.php\/produit\/novexpert-soin-peeling-eclat-vitamine-c-30-ml\/","url":"https:\/\/paracherkaoui.ma\/index.php\/produit\/novexpert-soin-peeling-eclat-vitamine-c-30-ml\/","name":"NOVEXPERT SOIN PEELING ECLAT VITAMINE C 30 ML - Paracherkaoui.ma","isPartOf":{"@id":"https:\/\/paracherkaoui.ma\/#website"},"primaryImageOfPage":{"@id":"https:\/\/paracherkaoui.ma\/index.php\/produit\/novexpert-soin-peeling-eclat-vitamine-c-30-ml\/#primaryimage"},"image":{"@id":"https:\/\/paracherkaoui.ma\/index.php\/produit\/novexpert-soin-peeling-eclat-vitamine-c-30-ml\/#primaryimage"},"thumbnailUrl":"https:\/\/paracherkaoui.ma\/wp-content\/uploads\/2025\/12\/novexpert-novexpert-soin-peeling-eclat-vitamine-c-30-ml-soins-eclat-et-anti-taches.jpg","datePublished":"2025-12-12T17:20:55+00:00","dateModified":"2025-12-12T17:20:59+00:00","breadcrumb":{"@id":"https:\/\/paracherkaoui.ma\/index.php\/produit\/novexpert-soin-peeling-eclat-vitamine-c-30-ml\/#breadcrumb"},"inLanguage":"fr-FR","potentialAction":[{"@type":"ReadAction","target":["https:\/\/paracherkaoui.ma\/index.php\/produit\/novexpert-soin-peeling-eclat-vitamine-c-30-ml\/"]}]},{"@type":"ImageObject","inLanguage":"fr-FR","@id":"https:\/\/paracherkaoui.ma\/index.php\/produit\/novexpert-soin-peeling-eclat-vitamine-c-30-ml\/#primaryimage","url":"https:\/\/paracherkaoui.ma\/wp-content\/uploads\/2025\/12\/novexpert-novexpert-soin-peeling-eclat-vitamine-c-30-ml-soins-eclat-et-anti-taches.jpg","contentUrl":"https:\/\/paracherkaoui.ma\/wp-content\/uploads\/2025\/12\/novexpert-novexpert-soin-peeling-eclat-vitamine-c-30-ml-soins-eclat-et-anti-taches.jpg","width":700,"height":700},{"@type":"BreadcrumbList","@id":"https:\/\/paracherkaoui.ma\/index.php\/produit\/novexpert-soin-peeling-eclat-vitamine-c-30-ml\/#breadcrumb","itemListElement":[{"@type":"ListItem","position":1,"name":"Accueil","item":"https:\/\/paracherkaoui.ma\/"},{"@type":"ListItem","position":2,"name":"Boutique","item":"https:\/\/paracherkaoui.ma\/index.php\/boutique\/"},{"@type":"ListItem","position":3,"name":"NOVEXPERT SOIN PEELING ECLAT VITAMINE C 30 ML"}]},{"@type":"WebSite","@id":"https:\/\/paracherkaoui.ma\/#website","url":"https:\/\/paracherkaoui.ma\/","name":"Paracherkaoui.ma","description":"Achetez en ligne sur Paracherkaoui.ma","potentialAction":[{"@type":"SearchAction","target":{"@type":"EntryPoint","urlTemplate":"https:\/\/paracherkaoui.ma\/?s={search_term_string}"},"query-input":{"@type":"PropertyValueSpecification","valueRequired":true,"valueName":"search_term_string"}}],"inLanguage":"fr-FR"}]}},"_links":{"self":[{"href":"https:\/\/paracherkaoui.ma\/index.php\/wp-json\/wp\/v2\/product\/24616","targetHints":{"allow":["GET"]}}],"collection":[{"href":"https:\/\/paracherkaoui.ma\/index.php\/wp-json\/wp\/v2\/product"}],"about":[{"href":"https:\/\/paracherkaoui.ma\/index.php\/wp-json\/wp\/v2\/types\/product"}],"replies":[{"embeddable":true,"href":"https:\/\/paracherkaoui.ma\/index.php\/wp-json\/wp\/v2\/comments?post=24616"}],"version-history":[{"count":1,"href":"https:\/\/paracherkaoui.ma\/index.php\/wp-json\/wp\/v2\/product\/24616\/revisions"}],"predecessor-version":[{"id":24656,"href":"https:\/\/paracherkaoui.ma\/index.php\/wp-json\/wp\/v2\/product\/24616\/revisions\/24656"}],"wp:featuredmedia":[{"embeddable":true,"href":"https:\/\/paracherkaoui.ma\/index.php\/wp-json\/wp\/v2\/media\/24655"}],"wp:attachment":[{"href":"https:\/\/paracherkaoui.ma\/index.php\/wp-json\/wp\/v2\/media?parent=24616"}],"wp:term":[{"taxonomy":"product_brand","embeddable":true,"href":"https:\/\/paracherkaoui.ma\/index.php\/wp-json\/wp\/v2\/product_brand?post=24616"},{"taxonomy":"product_cat","embeddable":true,"href":"https:\/\/paracherkaoui.ma\/index.php\/wp-json\/wp\/v2\/product_cat?post=24616"},{"taxonomy":"product_tag","embeddable":true,"href":"https:\/\/paracherkaoui.ma\/index.php\/wp-json\/wp\/v2\/product_tag?post=24616"}],"curies":[{"name":"wp","href":"https:\/\/api.w.org\/{rel}","templated":true}]}}