{"id":24608,"date":"2025-12-12T18:20:54","date_gmt":"2025-12-12T17:20:54","guid":{"rendered":"https:\/\/test.ecbeaute.com\/?post_type=product&#038;p=24608"},"modified":"2025-12-12T18:20:58","modified_gmt":"2025-12-12T17:20:58","slug":"dermo-soin-dermine-creme-douceur-contre-les-rougeurs-80g","status":"publish","type":"product","link":"https:\/\/paracherkaoui.ma\/index.php\/produit\/dermo-soin-dermine-creme-douceur-contre-les-rougeurs-80g\/","title":{"rendered":"DERMO SOIN DERMINE CREME DOUCEUR CONTRE LES ROUGEURS 80G"},"content":{"rendered":"<p>Cr\u00e8me con\u00e7ue pour apaiser toute forme de rougeurs y compris les dermites de si\u00e8ge, gr\u00e2ce \u00e0 l\u2019association d\u2019oxyde de zinc, \u03b1bisabolol et l\u2019acide \u03b2glycerhetinique.<br \/>\nindications<br \/>\n-Eryth\u00e8me fessier -Mac\u00e9ration de la peau -Ger\u00e7ure de seins -Br\u00fblures superficielles et coup de soleil -Escarres<br \/>\nConseils d\u2019utilisation<br \/>\nAppliquer 4 \u00e0 8 fois par jour en couche \u00e9paisse, en cas de rougeurs. -Pour \u00e9viter l\u2019apparition des rougeurs, appliquer en couche mince \u00e0 chaque change.<br \/>\nAutres indications :<br \/>\nAppliquer Dermine en couche \u00e9paisse.<\/p>\n","protected":false},"excerpt":{"rendered":"<p>Cr\u00e8me con\u00e7ue pour apaiser toute forme de rougeurs y compris les dermites de si\u00e8ge, gr\u00e2ce \u00e0 l\u2019association d\u2019oxyde de zinc,<\/p>\n","protected":false},"featured_media":24643,"comment_status":"open","ping_status":"closed","template":"","meta":[],"product_brand":[319],"product_cat":[502],"product_tag":[],"class_list":{"0":"post-24608","1":"product","2":"type-product","3":"status-publish","4":"has-post-thumbnail","6":"product_brand-dermo-soin","7":"product_cat-soins-anti-imperfections","9":"first","10":"instock","11":"sale","12":"shipping-taxable","13":"purchasable","14":"product-type-simple"},"yoast_head":"<!-- This site is optimized with the Yoast SEO plugin v26.6 - https:\/\/yoast.com\/wordpress\/plugins\/seo\/ -->\r\n<title>DERMO SOIN DERMINE CREME DOUCEUR CONTRE LES ROUGEURS 80G - Paracherkaoui.ma<\/title>\r\n<meta name=\"robots\" content=\"index, follow, max-snippet:-1, max-image-preview:large, max-video-preview:-1\" \/>\r\n<link rel=\"canonical\" href=\"https:\/\/paracherkaoui.ma\/index.php\/produit\/dermo-soin-dermine-creme-douceur-contre-les-rougeurs-80g\/\" \/>\r\n<meta property=\"og:locale\" content=\"fr_FR\" \/>\r\n<meta property=\"og:type\" content=\"article\" \/>\r\n<meta property=\"og:title\" content=\"DERMO SOIN DERMINE CREME DOUCEUR CONTRE LES ROUGEURS 80G - Paracherkaoui.ma\" \/>\r\n<meta property=\"og:description\" content=\"Cr\u00e8me con\u00e7ue pour apaiser toute forme de rougeurs y compris les dermites de si\u00e8ge, gr\u00e2ce \u00e0 l\u2019association d\u2019oxyde de zinc,\" \/>\r\n<meta property=\"og:url\" content=\"https:\/\/paracherkaoui.ma\/index.php\/produit\/dermo-soin-dermine-creme-douceur-contre-les-rougeurs-80g\/\" \/>\r\n<meta property=\"og:site_name\" content=\"Paracherkaoui.ma\" \/>\r\n<meta property=\"article:modified_time\" content=\"2025-12-12T17:20:58+00:00\" \/>\r\n<meta property=\"og:image\" content=\"https:\/\/paracherkaoui.ma\/wp-content\/uploads\/2025\/12\/dermo-soin-dermine-creme-douceur-contre-les-rougeurs-80g.jpg\" \/>\r\n\t<meta property=\"og:image:width\" content=\"700\" \/>\r\n\t<meta property=\"og:image:height\" content=\"700\" \/>\r\n\t<meta property=\"og:image:type\" content=\"image\/jpeg\" \/>\r\n<meta name=\"twitter:card\" content=\"summary_large_image\" \/>\r\n<script type=\"application\/ld+json\" class=\"yoast-schema-graph\">{\"@context\":\"https:\/\/schema.org\",\"@graph\":[{\"@type\":\"WebPage\",\"@id\":\"https:\/\/paracherkaoui.ma\/index.php\/produit\/dermo-soin-dermine-creme-douceur-contre-les-rougeurs-80g\/\",\"url\":\"https:\/\/paracherkaoui.ma\/index.php\/produit\/dermo-soin-dermine-creme-douceur-contre-les-rougeurs-80g\/\",\"name\":\"DERMO SOIN DERMINE CREME DOUCEUR CONTRE LES ROUGEURS 80G - Paracherkaoui.ma\",\"isPartOf\":{\"@id\":\"https:\/\/paracherkaoui.ma\/#website\"},\"primaryImageOfPage\":{\"@id\":\"https:\/\/paracherkaoui.ma\/index.php\/produit\/dermo-soin-dermine-creme-douceur-contre-les-rougeurs-80g\/#primaryimage\"},\"image\":{\"@id\":\"https:\/\/paracherkaoui.ma\/index.php\/produit\/dermo-soin-dermine-creme-douceur-contre-les-rougeurs-80g\/#primaryimage\"},\"thumbnailUrl\":\"https:\/\/paracherkaoui.ma\/wp-content\/uploads\/2025\/12\/dermo-soin-dermine-creme-douceur-contre-les-rougeurs-80g.jpg\",\"datePublished\":\"2025-12-12T17:20:54+00:00\",\"dateModified\":\"2025-12-12T17:20:58+00:00\",\"breadcrumb\":{\"@id\":\"https:\/\/paracherkaoui.ma\/index.php\/produit\/dermo-soin-dermine-creme-douceur-contre-les-rougeurs-80g\/#breadcrumb\"},\"inLanguage\":\"fr-FR\",\"potentialAction\":[{\"@type\":\"ReadAction\",\"target\":[\"https:\/\/paracherkaoui.ma\/index.php\/produit\/dermo-soin-dermine-creme-douceur-contre-les-rougeurs-80g\/\"]}]},{\"@type\":\"ImageObject\",\"inLanguage\":\"fr-FR\",\"@id\":\"https:\/\/paracherkaoui.ma\/index.php\/produit\/dermo-soin-dermine-creme-douceur-contre-les-rougeurs-80g\/#primaryimage\",\"url\":\"https:\/\/paracherkaoui.ma\/wp-content\/uploads\/2025\/12\/dermo-soin-dermine-creme-douceur-contre-les-rougeurs-80g.jpg\",\"contentUrl\":\"https:\/\/paracherkaoui.ma\/wp-content\/uploads\/2025\/12\/dermo-soin-dermine-creme-douceur-contre-les-rougeurs-80g.jpg\",\"width\":700,\"height\":700},{\"@type\":\"BreadcrumbList\",\"@id\":\"https:\/\/paracherkaoui.ma\/index.php\/produit\/dermo-soin-dermine-creme-douceur-contre-les-rougeurs-80g\/#breadcrumb\",\"itemListElement\":[{\"@type\":\"ListItem\",\"position\":1,\"name\":\"Accueil\",\"item\":\"https:\/\/paracherkaoui.ma\/\"},{\"@type\":\"ListItem\",\"position\":2,\"name\":\"Boutique\",\"item\":\"https:\/\/paracherkaoui.ma\/index.php\/boutique\/\"},{\"@type\":\"ListItem\",\"position\":3,\"name\":\"DERMO SOIN DERMINE CREME DOUCEUR CONTRE LES ROUGEURS 80G\"}]},{\"@type\":\"WebSite\",\"@id\":\"https:\/\/paracherkaoui.ma\/#website\",\"url\":\"https:\/\/paracherkaoui.ma\/\",\"name\":\"Paracherkaoui.ma\",\"description\":\"Achetez en ligne sur Paracherkaoui.ma\",\"potentialAction\":[{\"@type\":\"SearchAction\",\"target\":{\"@type\":\"EntryPoint\",\"urlTemplate\":\"https:\/\/paracherkaoui.ma\/?s={search_term_string}\"},\"query-input\":{\"@type\":\"PropertyValueSpecification\",\"valueRequired\":true,\"valueName\":\"search_term_string\"}}],\"inLanguage\":\"fr-FR\"}]}<\/script>\r\n<!-- \/ Yoast SEO plugin. -->","yoast_head_json":{"title":"DERMO SOIN DERMINE CREME DOUCEUR CONTRE LES ROUGEURS 80G - Paracherkaoui.ma","robots":{"index":"index","follow":"follow","max-snippet":"max-snippet:-1","max-image-preview":"max-image-preview:large","max-video-preview":"max-video-preview:-1"},"canonical":"https:\/\/paracherkaoui.ma\/index.php\/produit\/dermo-soin-dermine-creme-douceur-contre-les-rougeurs-80g\/","og_locale":"fr_FR","og_type":"article","og_title":"DERMO SOIN DERMINE CREME DOUCEUR CONTRE LES ROUGEURS 80G - Paracherkaoui.ma","og_description":"Cr\u00e8me con\u00e7ue pour apaiser toute forme de rougeurs y compris les dermites de si\u00e8ge, gr\u00e2ce \u00e0 l\u2019association d\u2019oxyde de zinc,","og_url":"https:\/\/paracherkaoui.ma\/index.php\/produit\/dermo-soin-dermine-creme-douceur-contre-les-rougeurs-80g\/","og_site_name":"Paracherkaoui.ma","article_modified_time":"2025-12-12T17:20:58+00:00","og_image":[{"width":700,"height":700,"url":"https:\/\/paracherkaoui.ma\/wp-content\/uploads\/2025\/12\/dermo-soin-dermine-creme-douceur-contre-les-rougeurs-80g.jpg","type":"image\/jpeg"}],"twitter_card":"summary_large_image","schema":{"@context":"https:\/\/schema.org","@graph":[{"@type":"WebPage","@id":"https:\/\/paracherkaoui.ma\/index.php\/produit\/dermo-soin-dermine-creme-douceur-contre-les-rougeurs-80g\/","url":"https:\/\/paracherkaoui.ma\/index.php\/produit\/dermo-soin-dermine-creme-douceur-contre-les-rougeurs-80g\/","name":"DERMO SOIN DERMINE CREME DOUCEUR CONTRE LES ROUGEURS 80G - Paracherkaoui.ma","isPartOf":{"@id":"https:\/\/paracherkaoui.ma\/#website"},"primaryImageOfPage":{"@id":"https:\/\/paracherkaoui.ma\/index.php\/produit\/dermo-soin-dermine-creme-douceur-contre-les-rougeurs-80g\/#primaryimage"},"image":{"@id":"https:\/\/paracherkaoui.ma\/index.php\/produit\/dermo-soin-dermine-creme-douceur-contre-les-rougeurs-80g\/#primaryimage"},"thumbnailUrl":"https:\/\/paracherkaoui.ma\/wp-content\/uploads\/2025\/12\/dermo-soin-dermine-creme-douceur-contre-les-rougeurs-80g.jpg","datePublished":"2025-12-12T17:20:54+00:00","dateModified":"2025-12-12T17:20:58+00:00","breadcrumb":{"@id":"https:\/\/paracherkaoui.ma\/index.php\/produit\/dermo-soin-dermine-creme-douceur-contre-les-rougeurs-80g\/#breadcrumb"},"inLanguage":"fr-FR","potentialAction":[{"@type":"ReadAction","target":["https:\/\/paracherkaoui.ma\/index.php\/produit\/dermo-soin-dermine-creme-douceur-contre-les-rougeurs-80g\/"]}]},{"@type":"ImageObject","inLanguage":"fr-FR","@id":"https:\/\/paracherkaoui.ma\/index.php\/produit\/dermo-soin-dermine-creme-douceur-contre-les-rougeurs-80g\/#primaryimage","url":"https:\/\/paracherkaoui.ma\/wp-content\/uploads\/2025\/12\/dermo-soin-dermine-creme-douceur-contre-les-rougeurs-80g.jpg","contentUrl":"https:\/\/paracherkaoui.ma\/wp-content\/uploads\/2025\/12\/dermo-soin-dermine-creme-douceur-contre-les-rougeurs-80g.jpg","width":700,"height":700},{"@type":"BreadcrumbList","@id":"https:\/\/paracherkaoui.ma\/index.php\/produit\/dermo-soin-dermine-creme-douceur-contre-les-rougeurs-80g\/#breadcrumb","itemListElement":[{"@type":"ListItem","position":1,"name":"Accueil","item":"https:\/\/paracherkaoui.ma\/"},{"@type":"ListItem","position":2,"name":"Boutique","item":"https:\/\/paracherkaoui.ma\/index.php\/boutique\/"},{"@type":"ListItem","position":3,"name":"DERMO SOIN DERMINE CREME DOUCEUR CONTRE LES ROUGEURS 80G"}]},{"@type":"WebSite","@id":"https:\/\/paracherkaoui.ma\/#website","url":"https:\/\/paracherkaoui.ma\/","name":"Paracherkaoui.ma","description":"Achetez en ligne sur Paracherkaoui.ma","potentialAction":[{"@type":"SearchAction","target":{"@type":"EntryPoint","urlTemplate":"https:\/\/paracherkaoui.ma\/?s={search_term_string}"},"query-input":{"@type":"PropertyValueSpecification","valueRequired":true,"valueName":"search_term_string"}}],"inLanguage":"fr-FR"}]}},"_links":{"self":[{"href":"https:\/\/paracherkaoui.ma\/index.php\/wp-json\/wp\/v2\/product\/24608","targetHints":{"allow":["GET"]}}],"collection":[{"href":"https:\/\/paracherkaoui.ma\/index.php\/wp-json\/wp\/v2\/product"}],"about":[{"href":"https:\/\/paracherkaoui.ma\/index.php\/wp-json\/wp\/v2\/types\/product"}],"replies":[{"embeddable":true,"href":"https:\/\/paracherkaoui.ma\/index.php\/wp-json\/wp\/v2\/comments?post=24608"}],"version-history":[{"count":1,"href":"https:\/\/paracherkaoui.ma\/index.php\/wp-json\/wp\/v2\/product\/24608\/revisions"}],"predecessor-version":[{"id":24644,"href":"https:\/\/paracherkaoui.ma\/index.php\/wp-json\/wp\/v2\/product\/24608\/revisions\/24644"}],"wp:featuredmedia":[{"embeddable":true,"href":"https:\/\/paracherkaoui.ma\/index.php\/wp-json\/wp\/v2\/media\/24643"}],"wp:attachment":[{"href":"https:\/\/paracherkaoui.ma\/index.php\/wp-json\/wp\/v2\/media?parent=24608"}],"wp:term":[{"taxonomy":"product_brand","embeddable":true,"href":"https:\/\/paracherkaoui.ma\/index.php\/wp-json\/wp\/v2\/product_brand?post=24608"},{"taxonomy":"product_cat","embeddable":true,"href":"https:\/\/paracherkaoui.ma\/index.php\/wp-json\/wp\/v2\/product_cat?post=24608"},{"taxonomy":"product_tag","embeddable":true,"href":"https:\/\/paracherkaoui.ma\/index.php\/wp-json\/wp\/v2\/product_tag?post=24608"}],"curies":[{"name":"wp","href":"https:\/\/api.w.org\/{rel}","templated":true}]}}