{"id":24607,"date":"2025-12-12T18:20:54","date_gmt":"2025-12-12T17:20:54","guid":{"rendered":"https:\/\/test.ecbeaute.com\/?post_type=product&#038;p=24607"},"modified":"2025-12-12T18:20:58","modified_gmt":"2025-12-12T17:20:58","slug":"centaurea-creme-eclaircissante-spf-50-50-ml","status":"publish","type":"product","link":"https:\/\/paracherkaoui.ma\/index.php\/produit\/centaurea-creme-eclaircissante-spf-50-50-ml\/","title":{"rendered":"CENTAUREA CREME ECLAIRCISSANTE SPF 50+ 50 ML"},"content":{"rendered":"<p>Assure une efficacit\u00e9 \u00e9claircissante, anti-t\u00e2ches et pr\u00e9ventive optimale, gr\u00e2ce a son association d\u2019actifs sp\u00e9cifiques, CENTAUREA cr\u00e8me \u00e9claircissante att\u00e9nue ou \u00e9limine les t\u00e2ches brunes, limite leur r\u00e9apparition et unifie la couleur du teint en r\u00e9gulant la production de m\u00e9lanine, responsable des t\u00e2ches.<\/p>\n","protected":false},"excerpt":{"rendered":"<p>Assure une efficacit\u00e9 \u00e9claircissante, anti-t\u00e2ches et pr\u00e9ventive optimale, gr\u00e2ce a son association d\u2019actifs sp\u00e9cifiques, CENTAUREA cr\u00e8me \u00e9claircissante att\u00e9nue ou \u00e9limine<\/p>\n","protected":false},"featured_media":24641,"comment_status":"open","ping_status":"closed","template":"","meta":[],"product_brand":[263],"product_cat":[502],"product_tag":[],"class_list":{"0":"post-24607","1":"product","2":"type-product","3":"status-publish","4":"has-post-thumbnail","6":"product_brand-centaurea","7":"product_cat-soins-anti-imperfections","9":"first","10":"instock","11":"sale","12":"shipping-taxable","13":"purchasable","14":"product-type-simple"},"yoast_head":"<!-- This site is optimized with the Yoast SEO plugin v26.6 - https:\/\/yoast.com\/wordpress\/plugins\/seo\/ -->\r\n<title>CENTAUREA CREME ECLAIRCISSANTE SPF 50+ 50 ML - Paracherkaoui.ma<\/title>\r\n<meta name=\"robots\" content=\"index, follow, max-snippet:-1, max-image-preview:large, max-video-preview:-1\" \/>\r\n<link rel=\"canonical\" href=\"https:\/\/paracherkaoui.ma\/index.php\/produit\/centaurea-creme-eclaircissante-spf-50-50-ml\/\" \/>\r\n<meta property=\"og:locale\" content=\"fr_FR\" \/>\r\n<meta property=\"og:type\" content=\"article\" \/>\r\n<meta property=\"og:title\" content=\"CENTAUREA CREME ECLAIRCISSANTE SPF 50+ 50 ML - Paracherkaoui.ma\" \/>\r\n<meta property=\"og:description\" content=\"Assure une efficacit\u00e9 \u00e9claircissante, anti-t\u00e2ches et pr\u00e9ventive optimale, gr\u00e2ce a son association d\u2019actifs sp\u00e9cifiques, CENTAUREA cr\u00e8me \u00e9claircissante att\u00e9nue ou \u00e9limine\" \/>\r\n<meta property=\"og:url\" content=\"https:\/\/paracherkaoui.ma\/index.php\/produit\/centaurea-creme-eclaircissante-spf-50-50-ml\/\" \/>\r\n<meta property=\"og:site_name\" content=\"Paracherkaoui.ma\" \/>\r\n<meta property=\"article:modified_time\" content=\"2025-12-12T17:20:58+00:00\" \/>\r\n<meta property=\"og:image\" content=\"https:\/\/paracherkaoui.ma\/wp-content\/uploads\/2025\/12\/centaurea-centaurea-creme-eclaircissante-spf-50-50-ml-cremes-jour.jpg\" \/>\r\n\t<meta property=\"og:image:width\" content=\"700\" \/>\r\n\t<meta property=\"og:image:height\" content=\"700\" \/>\r\n\t<meta property=\"og:image:type\" content=\"image\/jpeg\" \/>\r\n<meta name=\"twitter:card\" content=\"summary_large_image\" \/>\r\n<script type=\"application\/ld+json\" class=\"yoast-schema-graph\">{\"@context\":\"https:\/\/schema.org\",\"@graph\":[{\"@type\":\"WebPage\",\"@id\":\"https:\/\/paracherkaoui.ma\/index.php\/produit\/centaurea-creme-eclaircissante-spf-50-50-ml\/\",\"url\":\"https:\/\/paracherkaoui.ma\/index.php\/produit\/centaurea-creme-eclaircissante-spf-50-50-ml\/\",\"name\":\"CENTAUREA CREME ECLAIRCISSANTE SPF 50+ 50 ML - Paracherkaoui.ma\",\"isPartOf\":{\"@id\":\"https:\/\/paracherkaoui.ma\/#website\"},\"primaryImageOfPage\":{\"@id\":\"https:\/\/paracherkaoui.ma\/index.php\/produit\/centaurea-creme-eclaircissante-spf-50-50-ml\/#primaryimage\"},\"image\":{\"@id\":\"https:\/\/paracherkaoui.ma\/index.php\/produit\/centaurea-creme-eclaircissante-spf-50-50-ml\/#primaryimage\"},\"thumbnailUrl\":\"https:\/\/paracherkaoui.ma\/wp-content\/uploads\/2025\/12\/centaurea-centaurea-creme-eclaircissante-spf-50-50-ml-cremes-jour.jpg\",\"datePublished\":\"2025-12-12T17:20:54+00:00\",\"dateModified\":\"2025-12-12T17:20:58+00:00\",\"breadcrumb\":{\"@id\":\"https:\/\/paracherkaoui.ma\/index.php\/produit\/centaurea-creme-eclaircissante-spf-50-50-ml\/#breadcrumb\"},\"inLanguage\":\"fr-FR\",\"potentialAction\":[{\"@type\":\"ReadAction\",\"target\":[\"https:\/\/paracherkaoui.ma\/index.php\/produit\/centaurea-creme-eclaircissante-spf-50-50-ml\/\"]}]},{\"@type\":\"ImageObject\",\"inLanguage\":\"fr-FR\",\"@id\":\"https:\/\/paracherkaoui.ma\/index.php\/produit\/centaurea-creme-eclaircissante-spf-50-50-ml\/#primaryimage\",\"url\":\"https:\/\/paracherkaoui.ma\/wp-content\/uploads\/2025\/12\/centaurea-centaurea-creme-eclaircissante-spf-50-50-ml-cremes-jour.jpg\",\"contentUrl\":\"https:\/\/paracherkaoui.ma\/wp-content\/uploads\/2025\/12\/centaurea-centaurea-creme-eclaircissante-spf-50-50-ml-cremes-jour.jpg\",\"width\":700,\"height\":700},{\"@type\":\"BreadcrumbList\",\"@id\":\"https:\/\/paracherkaoui.ma\/index.php\/produit\/centaurea-creme-eclaircissante-spf-50-50-ml\/#breadcrumb\",\"itemListElement\":[{\"@type\":\"ListItem\",\"position\":1,\"name\":\"Accueil\",\"item\":\"https:\/\/paracherkaoui.ma\/\"},{\"@type\":\"ListItem\",\"position\":2,\"name\":\"Boutique\",\"item\":\"https:\/\/paracherkaoui.ma\/index.php\/boutique\/\"},{\"@type\":\"ListItem\",\"position\":3,\"name\":\"CENTAUREA CREME ECLAIRCISSANTE SPF 50+ 50 ML\"}]},{\"@type\":\"WebSite\",\"@id\":\"https:\/\/paracherkaoui.ma\/#website\",\"url\":\"https:\/\/paracherkaoui.ma\/\",\"name\":\"Paracherkaoui.ma\",\"description\":\"Achetez en ligne sur Paracherkaoui.ma\",\"potentialAction\":[{\"@type\":\"SearchAction\",\"target\":{\"@type\":\"EntryPoint\",\"urlTemplate\":\"https:\/\/paracherkaoui.ma\/?s={search_term_string}\"},\"query-input\":{\"@type\":\"PropertyValueSpecification\",\"valueRequired\":true,\"valueName\":\"search_term_string\"}}],\"inLanguage\":\"fr-FR\"}]}<\/script>\r\n<!-- \/ Yoast SEO plugin. -->","yoast_head_json":{"title":"CENTAUREA CREME ECLAIRCISSANTE SPF 50+ 50 ML - Paracherkaoui.ma","robots":{"index":"index","follow":"follow","max-snippet":"max-snippet:-1","max-image-preview":"max-image-preview:large","max-video-preview":"max-video-preview:-1"},"canonical":"https:\/\/paracherkaoui.ma\/index.php\/produit\/centaurea-creme-eclaircissante-spf-50-50-ml\/","og_locale":"fr_FR","og_type":"article","og_title":"CENTAUREA CREME ECLAIRCISSANTE SPF 50+ 50 ML - Paracherkaoui.ma","og_description":"Assure une efficacit\u00e9 \u00e9claircissante, anti-t\u00e2ches et pr\u00e9ventive optimale, gr\u00e2ce a son association d\u2019actifs sp\u00e9cifiques, CENTAUREA cr\u00e8me \u00e9claircissante att\u00e9nue ou \u00e9limine","og_url":"https:\/\/paracherkaoui.ma\/index.php\/produit\/centaurea-creme-eclaircissante-spf-50-50-ml\/","og_site_name":"Paracherkaoui.ma","article_modified_time":"2025-12-12T17:20:58+00:00","og_image":[{"width":700,"height":700,"url":"https:\/\/paracherkaoui.ma\/wp-content\/uploads\/2025\/12\/centaurea-centaurea-creme-eclaircissante-spf-50-50-ml-cremes-jour.jpg","type":"image\/jpeg"}],"twitter_card":"summary_large_image","schema":{"@context":"https:\/\/schema.org","@graph":[{"@type":"WebPage","@id":"https:\/\/paracherkaoui.ma\/index.php\/produit\/centaurea-creme-eclaircissante-spf-50-50-ml\/","url":"https:\/\/paracherkaoui.ma\/index.php\/produit\/centaurea-creme-eclaircissante-spf-50-50-ml\/","name":"CENTAUREA CREME ECLAIRCISSANTE SPF 50+ 50 ML - Paracherkaoui.ma","isPartOf":{"@id":"https:\/\/paracherkaoui.ma\/#website"},"primaryImageOfPage":{"@id":"https:\/\/paracherkaoui.ma\/index.php\/produit\/centaurea-creme-eclaircissante-spf-50-50-ml\/#primaryimage"},"image":{"@id":"https:\/\/paracherkaoui.ma\/index.php\/produit\/centaurea-creme-eclaircissante-spf-50-50-ml\/#primaryimage"},"thumbnailUrl":"https:\/\/paracherkaoui.ma\/wp-content\/uploads\/2025\/12\/centaurea-centaurea-creme-eclaircissante-spf-50-50-ml-cremes-jour.jpg","datePublished":"2025-12-12T17:20:54+00:00","dateModified":"2025-12-12T17:20:58+00:00","breadcrumb":{"@id":"https:\/\/paracherkaoui.ma\/index.php\/produit\/centaurea-creme-eclaircissante-spf-50-50-ml\/#breadcrumb"},"inLanguage":"fr-FR","potentialAction":[{"@type":"ReadAction","target":["https:\/\/paracherkaoui.ma\/index.php\/produit\/centaurea-creme-eclaircissante-spf-50-50-ml\/"]}]},{"@type":"ImageObject","inLanguage":"fr-FR","@id":"https:\/\/paracherkaoui.ma\/index.php\/produit\/centaurea-creme-eclaircissante-spf-50-50-ml\/#primaryimage","url":"https:\/\/paracherkaoui.ma\/wp-content\/uploads\/2025\/12\/centaurea-centaurea-creme-eclaircissante-spf-50-50-ml-cremes-jour.jpg","contentUrl":"https:\/\/paracherkaoui.ma\/wp-content\/uploads\/2025\/12\/centaurea-centaurea-creme-eclaircissante-spf-50-50-ml-cremes-jour.jpg","width":700,"height":700},{"@type":"BreadcrumbList","@id":"https:\/\/paracherkaoui.ma\/index.php\/produit\/centaurea-creme-eclaircissante-spf-50-50-ml\/#breadcrumb","itemListElement":[{"@type":"ListItem","position":1,"name":"Accueil","item":"https:\/\/paracherkaoui.ma\/"},{"@type":"ListItem","position":2,"name":"Boutique","item":"https:\/\/paracherkaoui.ma\/index.php\/boutique\/"},{"@type":"ListItem","position":3,"name":"CENTAUREA CREME ECLAIRCISSANTE SPF 50+ 50 ML"}]},{"@type":"WebSite","@id":"https:\/\/paracherkaoui.ma\/#website","url":"https:\/\/paracherkaoui.ma\/","name":"Paracherkaoui.ma","description":"Achetez en ligne sur Paracherkaoui.ma","potentialAction":[{"@type":"SearchAction","target":{"@type":"EntryPoint","urlTemplate":"https:\/\/paracherkaoui.ma\/?s={search_term_string}"},"query-input":{"@type":"PropertyValueSpecification","valueRequired":true,"valueName":"search_term_string"}}],"inLanguage":"fr-FR"}]}},"_links":{"self":[{"href":"https:\/\/paracherkaoui.ma\/index.php\/wp-json\/wp\/v2\/product\/24607","targetHints":{"allow":["GET"]}}],"collection":[{"href":"https:\/\/paracherkaoui.ma\/index.php\/wp-json\/wp\/v2\/product"}],"about":[{"href":"https:\/\/paracherkaoui.ma\/index.php\/wp-json\/wp\/v2\/types\/product"}],"replies":[{"embeddable":true,"href":"https:\/\/paracherkaoui.ma\/index.php\/wp-json\/wp\/v2\/comments?post=24607"}],"version-history":[{"count":1,"href":"https:\/\/paracherkaoui.ma\/index.php\/wp-json\/wp\/v2\/product\/24607\/revisions"}],"predecessor-version":[{"id":24642,"href":"https:\/\/paracherkaoui.ma\/index.php\/wp-json\/wp\/v2\/product\/24607\/revisions\/24642"}],"wp:featuredmedia":[{"embeddable":true,"href":"https:\/\/paracherkaoui.ma\/index.php\/wp-json\/wp\/v2\/media\/24641"}],"wp:attachment":[{"href":"https:\/\/paracherkaoui.ma\/index.php\/wp-json\/wp\/v2\/media?parent=24607"}],"wp:term":[{"taxonomy":"product_brand","embeddable":true,"href":"https:\/\/paracherkaoui.ma\/index.php\/wp-json\/wp\/v2\/product_brand?post=24607"},{"taxonomy":"product_cat","embeddable":true,"href":"https:\/\/paracherkaoui.ma\/index.php\/wp-json\/wp\/v2\/product_cat?post=24607"},{"taxonomy":"product_tag","embeddable":true,"href":"https:\/\/paracherkaoui.ma\/index.php\/wp-json\/wp\/v2\/product_tag?post=24607"}],"curies":[{"name":"wp","href":"https:\/\/api.w.org\/{rel}","templated":true}]}}