{"id":24604,"date":"2025-12-12T18:20:54","date_gmt":"2025-12-12T17:20:54","guid":{"rendered":"https:\/\/test.ecbeaute.com\/?post_type=product&#038;p=24604"},"modified":"2025-12-12T18:20:57","modified_gmt":"2025-12-12T17:20:57","slug":"uriage-roseliane-cc-creme-spf50-teinte-claire-40ml-3","status":"publish","type":"product","link":"https:\/\/paracherkaoui.ma\/index.php\/produit\/uriage-roseliane-cc-creme-spf50-teinte-claire-40ml-3\/","title":{"rendered":"URIAGE ROSELIANE CC CREME SPF50+ TEINTE CLAIRE 40ML"},"content":{"rendered":"<p>Sp\u00e9cialement con\u00e7ue pour les peaux sensibles \u00e0 rougeurs, Ros\u00e9liane CC Cream SPF50+ est la premi\u00e8re cr\u00e8me qui allie la tr\u00e8s haute protection d\u2019un soin et la couvrance d\u2019un maquillage. Elle camoufle les rougeurs, unifie le teint et l\u2019illumine tout en apportant une tr\u00e8s haute protection solaire contre les UVA et UVB. Dot\u00e9e d\u2019une association exclusive d\u2019actifs brevet\u00e9s, elle hydrate, apaise durablement les sensations d\u2019\u00e9chauffement et restaure la barri\u00e8re cutan\u00e9e pour mieux prot\u00e9ger la peau des agressions ext\u00e9rieures.<br \/>\nApaise, restaure et hydrate durablement.<br \/>\nProt\u00e8ge des UVA\/UVB.<br \/>\nCamoufle les rougeurs et unifie le teint.<br \/>\nTexture fondante non grasse.<br \/>\nNon com\u00e9dog\u00e8ne.<br \/>\nTest\u00e9e dermatologiquement.<\/p>\n","protected":false},"excerpt":{"rendered":"<p>Sp\u00e9cialement con\u00e7ue pour les peaux sensibles \u00e0 rougeurs, Ros\u00e9liane CC Cream SPF50+ est la premi\u00e8re cr\u00e8me qui allie la tr\u00e8s<\/p>\n","protected":false},"featured_media":11643,"comment_status":"open","ping_status":"closed","template":"","meta":[],"product_brand":[130],"product_cat":[502],"product_tag":[],"class_list":{"0":"post-24604","1":"product","2":"type-product","3":"status-publish","4":"has-post-thumbnail","6":"product_brand-uriage","7":"product_cat-soins-anti-imperfections","9":"first","10":"instock","11":"sale","12":"shipping-taxable","13":"purchasable","14":"product-type-simple"},"yoast_head":"<!-- This site is optimized with the Yoast SEO plugin v26.6 - https:\/\/yoast.com\/wordpress\/plugins\/seo\/ -->\r\n<title>URIAGE ROSELIANE CC CREME SPF50+ TEINTE CLAIRE 40ML - Paracherkaoui.ma<\/title>\r\n<meta name=\"robots\" content=\"index, follow, max-snippet:-1, max-image-preview:large, max-video-preview:-1\" \/>\r\n<link rel=\"canonical\" href=\"https:\/\/paracherkaoui.ma\/index.php\/produit\/uriage-roseliane-cc-creme-spf50-teinte-claire-40ml-3\/\" \/>\r\n<meta property=\"og:locale\" content=\"fr_FR\" \/>\r\n<meta property=\"og:type\" content=\"article\" \/>\r\n<meta property=\"og:title\" content=\"URIAGE ROSELIANE CC CREME SPF50+ TEINTE CLAIRE 40ML - Paracherkaoui.ma\" \/>\r\n<meta property=\"og:description\" content=\"Sp\u00e9cialement con\u00e7ue pour les peaux sensibles \u00e0 rougeurs, Ros\u00e9liane CC Cream SPF50+ est la premi\u00e8re cr\u00e8me qui allie la tr\u00e8s\" \/>\r\n<meta property=\"og:url\" content=\"https:\/\/paracherkaoui.ma\/index.php\/produit\/uriage-roseliane-cc-creme-spf50-teinte-claire-40ml-3\/\" \/>\r\n<meta property=\"og:site_name\" content=\"Paracherkaoui.ma\" \/>\r\n<meta property=\"article:modified_time\" content=\"2025-12-12T17:20:57+00:00\" \/>\r\n<meta property=\"og:image\" content=\"https:\/\/paracherkaoui.ma\/wp-content\/uploads\/2025\/12\/uriage-roseliane-cc-creme-spf50-teinte-claire-40ml.jpg\" \/>\r\n\t<meta property=\"og:image:width\" content=\"700\" \/>\r\n\t<meta property=\"og:image:height\" content=\"700\" \/>\r\n\t<meta property=\"og:image:type\" content=\"image\/jpeg\" \/>\r\n<meta name=\"twitter:card\" content=\"summary_large_image\" \/>\r\n<meta name=\"twitter:label1\" content=\"Dur\u00e9e de lecture estim\u00e9e\" \/>\n\t<meta name=\"twitter:data1\" content=\"1 minute\" \/>\r\n<script type=\"application\/ld+json\" class=\"yoast-schema-graph\">{\"@context\":\"https:\/\/schema.org\",\"@graph\":[{\"@type\":\"WebPage\",\"@id\":\"https:\/\/paracherkaoui.ma\/index.php\/produit\/uriage-roseliane-cc-creme-spf50-teinte-claire-40ml-3\/\",\"url\":\"https:\/\/paracherkaoui.ma\/index.php\/produit\/uriage-roseliane-cc-creme-spf50-teinte-claire-40ml-3\/\",\"name\":\"URIAGE ROSELIANE CC CREME SPF50+ TEINTE CLAIRE 40ML - Paracherkaoui.ma\",\"isPartOf\":{\"@id\":\"https:\/\/paracherkaoui.ma\/#website\"},\"primaryImageOfPage\":{\"@id\":\"https:\/\/paracherkaoui.ma\/index.php\/produit\/uriage-roseliane-cc-creme-spf50-teinte-claire-40ml-3\/#primaryimage\"},\"image\":{\"@id\":\"https:\/\/paracherkaoui.ma\/index.php\/produit\/uriage-roseliane-cc-creme-spf50-teinte-claire-40ml-3\/#primaryimage\"},\"thumbnailUrl\":\"https:\/\/paracherkaoui.ma\/wp-content\/uploads\/2025\/12\/uriage-roseliane-cc-creme-spf50-teinte-claire-40ml.jpg\",\"datePublished\":\"2025-12-12T17:20:54+00:00\",\"dateModified\":\"2025-12-12T17:20:57+00:00\",\"breadcrumb\":{\"@id\":\"https:\/\/paracherkaoui.ma\/index.php\/produit\/uriage-roseliane-cc-creme-spf50-teinte-claire-40ml-3\/#breadcrumb\"},\"inLanguage\":\"fr-FR\",\"potentialAction\":[{\"@type\":\"ReadAction\",\"target\":[\"https:\/\/paracherkaoui.ma\/index.php\/produit\/uriage-roseliane-cc-creme-spf50-teinte-claire-40ml-3\/\"]}]},{\"@type\":\"ImageObject\",\"inLanguage\":\"fr-FR\",\"@id\":\"https:\/\/paracherkaoui.ma\/index.php\/produit\/uriage-roseliane-cc-creme-spf50-teinte-claire-40ml-3\/#primaryimage\",\"url\":\"https:\/\/paracherkaoui.ma\/wp-content\/uploads\/2025\/12\/uriage-roseliane-cc-creme-spf50-teinte-claire-40ml.jpg\",\"contentUrl\":\"https:\/\/paracherkaoui.ma\/wp-content\/uploads\/2025\/12\/uriage-roseliane-cc-creme-spf50-teinte-claire-40ml.jpg\",\"width\":700,\"height\":700},{\"@type\":\"BreadcrumbList\",\"@id\":\"https:\/\/paracherkaoui.ma\/index.php\/produit\/uriage-roseliane-cc-creme-spf50-teinte-claire-40ml-3\/#breadcrumb\",\"itemListElement\":[{\"@type\":\"ListItem\",\"position\":1,\"name\":\"Accueil\",\"item\":\"https:\/\/paracherkaoui.ma\/\"},{\"@type\":\"ListItem\",\"position\":2,\"name\":\"Boutique\",\"item\":\"https:\/\/paracherkaoui.ma\/index.php\/boutique\/\"},{\"@type\":\"ListItem\",\"position\":3,\"name\":\"URIAGE ROSELIANE CC CREME SPF50+ TEINTE CLAIRE 40ML\"}]},{\"@type\":\"WebSite\",\"@id\":\"https:\/\/paracherkaoui.ma\/#website\",\"url\":\"https:\/\/paracherkaoui.ma\/\",\"name\":\"Paracherkaoui.ma\",\"description\":\"Achetez en ligne sur Paracherkaoui.ma\",\"potentialAction\":[{\"@type\":\"SearchAction\",\"target\":{\"@type\":\"EntryPoint\",\"urlTemplate\":\"https:\/\/paracherkaoui.ma\/?s={search_term_string}\"},\"query-input\":{\"@type\":\"PropertyValueSpecification\",\"valueRequired\":true,\"valueName\":\"search_term_string\"}}],\"inLanguage\":\"fr-FR\"}]}<\/script>\r\n<!-- \/ Yoast SEO plugin. -->","yoast_head_json":{"title":"URIAGE ROSELIANE CC CREME SPF50+ TEINTE CLAIRE 40ML - Paracherkaoui.ma","robots":{"index":"index","follow":"follow","max-snippet":"max-snippet:-1","max-image-preview":"max-image-preview:large","max-video-preview":"max-video-preview:-1"},"canonical":"https:\/\/paracherkaoui.ma\/index.php\/produit\/uriage-roseliane-cc-creme-spf50-teinte-claire-40ml-3\/","og_locale":"fr_FR","og_type":"article","og_title":"URIAGE ROSELIANE CC CREME SPF50+ TEINTE CLAIRE 40ML - Paracherkaoui.ma","og_description":"Sp\u00e9cialement con\u00e7ue pour les peaux sensibles \u00e0 rougeurs, Ros\u00e9liane CC Cream SPF50+ est la premi\u00e8re cr\u00e8me qui allie la tr\u00e8s","og_url":"https:\/\/paracherkaoui.ma\/index.php\/produit\/uriage-roseliane-cc-creme-spf50-teinte-claire-40ml-3\/","og_site_name":"Paracherkaoui.ma","article_modified_time":"2025-12-12T17:20:57+00:00","og_image":[{"width":700,"height":700,"url":"https:\/\/paracherkaoui.ma\/wp-content\/uploads\/2025\/12\/uriage-roseliane-cc-creme-spf50-teinte-claire-40ml.jpg","type":"image\/jpeg"}],"twitter_card":"summary_large_image","twitter_misc":{"Dur\u00e9e de lecture estim\u00e9e":"1 minute"},"schema":{"@context":"https:\/\/schema.org","@graph":[{"@type":"WebPage","@id":"https:\/\/paracherkaoui.ma\/index.php\/produit\/uriage-roseliane-cc-creme-spf50-teinte-claire-40ml-3\/","url":"https:\/\/paracherkaoui.ma\/index.php\/produit\/uriage-roseliane-cc-creme-spf50-teinte-claire-40ml-3\/","name":"URIAGE ROSELIANE CC CREME SPF50+ TEINTE CLAIRE 40ML - Paracherkaoui.ma","isPartOf":{"@id":"https:\/\/paracherkaoui.ma\/#website"},"primaryImageOfPage":{"@id":"https:\/\/paracherkaoui.ma\/index.php\/produit\/uriage-roseliane-cc-creme-spf50-teinte-claire-40ml-3\/#primaryimage"},"image":{"@id":"https:\/\/paracherkaoui.ma\/index.php\/produit\/uriage-roseliane-cc-creme-spf50-teinte-claire-40ml-3\/#primaryimage"},"thumbnailUrl":"https:\/\/paracherkaoui.ma\/wp-content\/uploads\/2025\/12\/uriage-roseliane-cc-creme-spf50-teinte-claire-40ml.jpg","datePublished":"2025-12-12T17:20:54+00:00","dateModified":"2025-12-12T17:20:57+00:00","breadcrumb":{"@id":"https:\/\/paracherkaoui.ma\/index.php\/produit\/uriage-roseliane-cc-creme-spf50-teinte-claire-40ml-3\/#breadcrumb"},"inLanguage":"fr-FR","potentialAction":[{"@type":"ReadAction","target":["https:\/\/paracherkaoui.ma\/index.php\/produit\/uriage-roseliane-cc-creme-spf50-teinte-claire-40ml-3\/"]}]},{"@type":"ImageObject","inLanguage":"fr-FR","@id":"https:\/\/paracherkaoui.ma\/index.php\/produit\/uriage-roseliane-cc-creme-spf50-teinte-claire-40ml-3\/#primaryimage","url":"https:\/\/paracherkaoui.ma\/wp-content\/uploads\/2025\/12\/uriage-roseliane-cc-creme-spf50-teinte-claire-40ml.jpg","contentUrl":"https:\/\/paracherkaoui.ma\/wp-content\/uploads\/2025\/12\/uriage-roseliane-cc-creme-spf50-teinte-claire-40ml.jpg","width":700,"height":700},{"@type":"BreadcrumbList","@id":"https:\/\/paracherkaoui.ma\/index.php\/produit\/uriage-roseliane-cc-creme-spf50-teinte-claire-40ml-3\/#breadcrumb","itemListElement":[{"@type":"ListItem","position":1,"name":"Accueil","item":"https:\/\/paracherkaoui.ma\/"},{"@type":"ListItem","position":2,"name":"Boutique","item":"https:\/\/paracherkaoui.ma\/index.php\/boutique\/"},{"@type":"ListItem","position":3,"name":"URIAGE ROSELIANE CC CREME SPF50+ TEINTE CLAIRE 40ML"}]},{"@type":"WebSite","@id":"https:\/\/paracherkaoui.ma\/#website","url":"https:\/\/paracherkaoui.ma\/","name":"Paracherkaoui.ma","description":"Achetez en ligne sur Paracherkaoui.ma","potentialAction":[{"@type":"SearchAction","target":{"@type":"EntryPoint","urlTemplate":"https:\/\/paracherkaoui.ma\/?s={search_term_string}"},"query-input":{"@type":"PropertyValueSpecification","valueRequired":true,"valueName":"search_term_string"}}],"inLanguage":"fr-FR"}]}},"_links":{"self":[{"href":"https:\/\/paracherkaoui.ma\/index.php\/wp-json\/wp\/v2\/product\/24604","targetHints":{"allow":["GET"]}}],"collection":[{"href":"https:\/\/paracherkaoui.ma\/index.php\/wp-json\/wp\/v2\/product"}],"about":[{"href":"https:\/\/paracherkaoui.ma\/index.php\/wp-json\/wp\/v2\/types\/product"}],"replies":[{"embeddable":true,"href":"https:\/\/paracherkaoui.ma\/index.php\/wp-json\/wp\/v2\/comments?post=24604"}],"version-history":[{"count":1,"href":"https:\/\/paracherkaoui.ma\/index.php\/wp-json\/wp\/v2\/product\/24604\/revisions"}],"predecessor-version":[{"id":24637,"href":"https:\/\/paracherkaoui.ma\/index.php\/wp-json\/wp\/v2\/product\/24604\/revisions\/24637"}],"wp:featuredmedia":[{"embeddable":true,"href":"https:\/\/paracherkaoui.ma\/index.php\/wp-json\/wp\/v2\/media\/11643"}],"wp:attachment":[{"href":"https:\/\/paracherkaoui.ma\/index.php\/wp-json\/wp\/v2\/media?parent=24604"}],"wp:term":[{"taxonomy":"product_brand","embeddable":true,"href":"https:\/\/paracherkaoui.ma\/index.php\/wp-json\/wp\/v2\/product_brand?post=24604"},{"taxonomy":"product_cat","embeddable":true,"href":"https:\/\/paracherkaoui.ma\/index.php\/wp-json\/wp\/v2\/product_cat?post=24604"},{"taxonomy":"product_tag","embeddable":true,"href":"https:\/\/paracherkaoui.ma\/index.php\/wp-json\/wp\/v2\/product_tag?post=24604"}],"curies":[{"name":"wp","href":"https:\/\/api.w.org\/{rel}","templated":true}]}}