{"id":24599,"date":"2025-12-12T18:20:53","date_gmt":"2025-12-12T17:20:53","guid":{"rendered":"https:\/\/test.ecbeaute.com\/?post_type=product&#038;p=24599"},"modified":"2025-12-12T18:20:57","modified_gmt":"2025-12-12T17:20:57","slug":"avene-cleanance-serum-exfoliant-aha-30-ml","status":"publish","type":"product","link":"https:\/\/paracherkaoui.ma\/index.php\/produit\/avene-cleanance-serum-exfoliant-aha-30-ml\/","title":{"rendered":"AVENE CLEANANCE SERUM EXFOLIANT AHA 30 ML"},"content":{"rendered":"<p>AVENE Cleanance S\u00e9rum Exfoliant AHA : l&rsquo;alli\u00e9 des peaux \u00e9clatantes<br \/>\nTransformez la texture de votre peau avec AVENE Cleanance S\u00e9rum Exfoliant AHA, une innovation qui combine efficacit\u00e9 et douceur. Ce s\u00e9rum, formul\u00e9 avec un duo exclusif d&rsquo;acides naturels, promet des r\u00e9sultats visibles d\u00e8s 10 jours.<br \/>\nUne formule puissante et naturelle<br \/>\nAcide lactique et acide succinique : plus efficaces que l&rsquo;acide salicylique, ils r\u00e9duisent les imperfections, resserrent les pores et att\u00e9nuent les marques.<br \/>\nAcide glutamique : r\u00e9gule l&rsquo;exc\u00e8s de s\u00e9bum pour une peau moins brillante et mieux \u00e9quilibr\u00e9e.<br \/>\nEau thermale d&rsquo;Av\u00e8ne : apaise et renforce la barri\u00e8re cutan\u00e9e pour une peau confortable et \u00e9clatante.<br \/>\nTest\u00e9 sur les peaux sensibles et \u00e0 tendance acn\u00e9ique, ce s\u00e9rum est con\u00e7u avec 10 ingr\u00e9dients seulement, dont 99 % d&rsquo;origine naturelle. Sa texture l\u00e9g\u00e8re et non grasse p\u00e9n\u00e8tre rapidement pour une peau douce, affin\u00e9e et \u00e9clatante.<br \/>\nConseils d\u2019utilisation<br \/>\nAppliquez le s\u00e9rum le soir sur une peau propre et s\u00e8che, en \u00e9vitant le contour des yeux.<br \/>\nUtilisez-le seul ou sous votre cr\u00e8me hydratante adapt\u00e9e.<br \/>\nPensez \u00e0 appliquer une protection solaire le lendemain matin pour prot\u00e9ger votre peau.<br \/>\nUtilisez 2 \u00e0 3 fois par semaine si votre peau est tr\u00e8s sensible.<br \/>\nComposition :<br \/>\nAVENE THERMAL SPRING WATER (AVENE AQUA). GLYCERIN. PENTYLENE GLYCOL. SUCCINIC ACID. LACTIC ACID. SODIUM HYDROXIDE. GLUTAMIC ACID. SODIUM BENZOATE. WATER (AQUA). XANTHAN GUM<\/p>\n","protected":false},"excerpt":{"rendered":"<p>AVENE Cleanance S\u00e9rum Exfoliant AHA : l&rsquo;alli\u00e9 des peaux \u00e9clatantes Transformez la texture de votre peau avec AVENE Cleanance S\u00e9rum<\/p>\n","protected":false},"featured_media":24631,"comment_status":"open","ping_status":"closed","template":"","meta":[],"product_brand":[136],"product_cat":[502],"product_tag":[],"class_list":{"0":"post-24599","1":"product","2":"type-product","3":"status-publish","4":"has-post-thumbnail","6":"product_brand-avene","7":"product_cat-soins-anti-imperfections","9":"first","10":"instock","11":"sale","12":"shipping-taxable","13":"purchasable","14":"product-type-simple"},"yoast_head":"<!-- This site is optimized with the Yoast SEO plugin v26.6 - https:\/\/yoast.com\/wordpress\/plugins\/seo\/ -->\r\n<title>AVENE CLEANANCE SERUM EXFOLIANT AHA 30 ML - Paracherkaoui.ma<\/title>\r\n<meta name=\"robots\" content=\"index, follow, max-snippet:-1, max-image-preview:large, max-video-preview:-1\" \/>\r\n<link rel=\"canonical\" href=\"https:\/\/paracherkaoui.ma\/index.php\/produit\/avene-cleanance-serum-exfoliant-aha-30-ml\/\" \/>\r\n<meta property=\"og:locale\" content=\"fr_FR\" \/>\r\n<meta property=\"og:type\" content=\"article\" \/>\r\n<meta property=\"og:title\" content=\"AVENE CLEANANCE SERUM EXFOLIANT AHA 30 ML - Paracherkaoui.ma\" \/>\r\n<meta property=\"og:description\" content=\"AVENE Cleanance S\u00e9rum Exfoliant AHA : l&rsquo;alli\u00e9 des peaux \u00e9clatantes Transformez la texture de votre peau avec AVENE Cleanance S\u00e9rum\" \/>\r\n<meta property=\"og:url\" content=\"https:\/\/paracherkaoui.ma\/index.php\/produit\/avene-cleanance-serum-exfoliant-aha-30-ml\/\" \/>\r\n<meta property=\"og:site_name\" content=\"Paracherkaoui.ma\" \/>\r\n<meta property=\"article:modified_time\" content=\"2025-12-12T17:20:57+00:00\" \/>\r\n<meta property=\"og:image\" content=\"https:\/\/paracherkaoui.ma\/wp-content\/uploads\/2025\/12\/avene-cleanance-serum-exfoliant-aha-30-ml.jpg\" \/>\r\n\t<meta property=\"og:image:width\" content=\"700\" \/>\r\n\t<meta property=\"og:image:height\" content=\"700\" \/>\r\n\t<meta property=\"og:image:type\" content=\"image\/jpeg\" \/>\r\n<meta name=\"twitter:card\" content=\"summary_large_image\" \/>\r\n<meta name=\"twitter:label1\" content=\"Dur\u00e9e de lecture estim\u00e9e\" \/>\n\t<meta name=\"twitter:data1\" content=\"1 minute\" \/>\r\n<script type=\"application\/ld+json\" class=\"yoast-schema-graph\">{\"@context\":\"https:\/\/schema.org\",\"@graph\":[{\"@type\":\"WebPage\",\"@id\":\"https:\/\/paracherkaoui.ma\/index.php\/produit\/avene-cleanance-serum-exfoliant-aha-30-ml\/\",\"url\":\"https:\/\/paracherkaoui.ma\/index.php\/produit\/avene-cleanance-serum-exfoliant-aha-30-ml\/\",\"name\":\"AVENE CLEANANCE SERUM EXFOLIANT AHA 30 ML - Paracherkaoui.ma\",\"isPartOf\":{\"@id\":\"https:\/\/paracherkaoui.ma\/#website\"},\"primaryImageOfPage\":{\"@id\":\"https:\/\/paracherkaoui.ma\/index.php\/produit\/avene-cleanance-serum-exfoliant-aha-30-ml\/#primaryimage\"},\"image\":{\"@id\":\"https:\/\/paracherkaoui.ma\/index.php\/produit\/avene-cleanance-serum-exfoliant-aha-30-ml\/#primaryimage\"},\"thumbnailUrl\":\"https:\/\/paracherkaoui.ma\/wp-content\/uploads\/2025\/12\/avene-cleanance-serum-exfoliant-aha-30-ml.jpg\",\"datePublished\":\"2025-12-12T17:20:53+00:00\",\"dateModified\":\"2025-12-12T17:20:57+00:00\",\"breadcrumb\":{\"@id\":\"https:\/\/paracherkaoui.ma\/index.php\/produit\/avene-cleanance-serum-exfoliant-aha-30-ml\/#breadcrumb\"},\"inLanguage\":\"fr-FR\",\"potentialAction\":[{\"@type\":\"ReadAction\",\"target\":[\"https:\/\/paracherkaoui.ma\/index.php\/produit\/avene-cleanance-serum-exfoliant-aha-30-ml\/\"]}]},{\"@type\":\"ImageObject\",\"inLanguage\":\"fr-FR\",\"@id\":\"https:\/\/paracherkaoui.ma\/index.php\/produit\/avene-cleanance-serum-exfoliant-aha-30-ml\/#primaryimage\",\"url\":\"https:\/\/paracherkaoui.ma\/wp-content\/uploads\/2025\/12\/avene-cleanance-serum-exfoliant-aha-30-ml.jpg\",\"contentUrl\":\"https:\/\/paracherkaoui.ma\/wp-content\/uploads\/2025\/12\/avene-cleanance-serum-exfoliant-aha-30-ml.jpg\",\"width\":700,\"height\":700},{\"@type\":\"BreadcrumbList\",\"@id\":\"https:\/\/paracherkaoui.ma\/index.php\/produit\/avene-cleanance-serum-exfoliant-aha-30-ml\/#breadcrumb\",\"itemListElement\":[{\"@type\":\"ListItem\",\"position\":1,\"name\":\"Accueil\",\"item\":\"https:\/\/paracherkaoui.ma\/\"},{\"@type\":\"ListItem\",\"position\":2,\"name\":\"Boutique\",\"item\":\"https:\/\/paracherkaoui.ma\/index.php\/boutique\/\"},{\"@type\":\"ListItem\",\"position\":3,\"name\":\"AVENE CLEANANCE SERUM EXFOLIANT AHA 30 ML\"}]},{\"@type\":\"WebSite\",\"@id\":\"https:\/\/paracherkaoui.ma\/#website\",\"url\":\"https:\/\/paracherkaoui.ma\/\",\"name\":\"Paracherkaoui.ma\",\"description\":\"Achetez en ligne sur Paracherkaoui.ma\",\"potentialAction\":[{\"@type\":\"SearchAction\",\"target\":{\"@type\":\"EntryPoint\",\"urlTemplate\":\"https:\/\/paracherkaoui.ma\/?s={search_term_string}\"},\"query-input\":{\"@type\":\"PropertyValueSpecification\",\"valueRequired\":true,\"valueName\":\"search_term_string\"}}],\"inLanguage\":\"fr-FR\"}]}<\/script>\r\n<!-- \/ Yoast SEO plugin. -->","yoast_head_json":{"title":"AVENE CLEANANCE SERUM EXFOLIANT AHA 30 ML - Paracherkaoui.ma","robots":{"index":"index","follow":"follow","max-snippet":"max-snippet:-1","max-image-preview":"max-image-preview:large","max-video-preview":"max-video-preview:-1"},"canonical":"https:\/\/paracherkaoui.ma\/index.php\/produit\/avene-cleanance-serum-exfoliant-aha-30-ml\/","og_locale":"fr_FR","og_type":"article","og_title":"AVENE CLEANANCE SERUM EXFOLIANT AHA 30 ML - Paracherkaoui.ma","og_description":"AVENE Cleanance S\u00e9rum Exfoliant AHA : l&rsquo;alli\u00e9 des peaux \u00e9clatantes Transformez la texture de votre peau avec AVENE Cleanance S\u00e9rum","og_url":"https:\/\/paracherkaoui.ma\/index.php\/produit\/avene-cleanance-serum-exfoliant-aha-30-ml\/","og_site_name":"Paracherkaoui.ma","article_modified_time":"2025-12-12T17:20:57+00:00","og_image":[{"width":700,"height":700,"url":"https:\/\/paracherkaoui.ma\/wp-content\/uploads\/2025\/12\/avene-cleanance-serum-exfoliant-aha-30-ml.jpg","type":"image\/jpeg"}],"twitter_card":"summary_large_image","twitter_misc":{"Dur\u00e9e de lecture estim\u00e9e":"1 minute"},"schema":{"@context":"https:\/\/schema.org","@graph":[{"@type":"WebPage","@id":"https:\/\/paracherkaoui.ma\/index.php\/produit\/avene-cleanance-serum-exfoliant-aha-30-ml\/","url":"https:\/\/paracherkaoui.ma\/index.php\/produit\/avene-cleanance-serum-exfoliant-aha-30-ml\/","name":"AVENE CLEANANCE SERUM EXFOLIANT AHA 30 ML - Paracherkaoui.ma","isPartOf":{"@id":"https:\/\/paracherkaoui.ma\/#website"},"primaryImageOfPage":{"@id":"https:\/\/paracherkaoui.ma\/index.php\/produit\/avene-cleanance-serum-exfoliant-aha-30-ml\/#primaryimage"},"image":{"@id":"https:\/\/paracherkaoui.ma\/index.php\/produit\/avene-cleanance-serum-exfoliant-aha-30-ml\/#primaryimage"},"thumbnailUrl":"https:\/\/paracherkaoui.ma\/wp-content\/uploads\/2025\/12\/avene-cleanance-serum-exfoliant-aha-30-ml.jpg","datePublished":"2025-12-12T17:20:53+00:00","dateModified":"2025-12-12T17:20:57+00:00","breadcrumb":{"@id":"https:\/\/paracherkaoui.ma\/index.php\/produit\/avene-cleanance-serum-exfoliant-aha-30-ml\/#breadcrumb"},"inLanguage":"fr-FR","potentialAction":[{"@type":"ReadAction","target":["https:\/\/paracherkaoui.ma\/index.php\/produit\/avene-cleanance-serum-exfoliant-aha-30-ml\/"]}]},{"@type":"ImageObject","inLanguage":"fr-FR","@id":"https:\/\/paracherkaoui.ma\/index.php\/produit\/avene-cleanance-serum-exfoliant-aha-30-ml\/#primaryimage","url":"https:\/\/paracherkaoui.ma\/wp-content\/uploads\/2025\/12\/avene-cleanance-serum-exfoliant-aha-30-ml.jpg","contentUrl":"https:\/\/paracherkaoui.ma\/wp-content\/uploads\/2025\/12\/avene-cleanance-serum-exfoliant-aha-30-ml.jpg","width":700,"height":700},{"@type":"BreadcrumbList","@id":"https:\/\/paracherkaoui.ma\/index.php\/produit\/avene-cleanance-serum-exfoliant-aha-30-ml\/#breadcrumb","itemListElement":[{"@type":"ListItem","position":1,"name":"Accueil","item":"https:\/\/paracherkaoui.ma\/"},{"@type":"ListItem","position":2,"name":"Boutique","item":"https:\/\/paracherkaoui.ma\/index.php\/boutique\/"},{"@type":"ListItem","position":3,"name":"AVENE CLEANANCE SERUM EXFOLIANT AHA 30 ML"}]},{"@type":"WebSite","@id":"https:\/\/paracherkaoui.ma\/#website","url":"https:\/\/paracherkaoui.ma\/","name":"Paracherkaoui.ma","description":"Achetez en ligne sur Paracherkaoui.ma","potentialAction":[{"@type":"SearchAction","target":{"@type":"EntryPoint","urlTemplate":"https:\/\/paracherkaoui.ma\/?s={search_term_string}"},"query-input":{"@type":"PropertyValueSpecification","valueRequired":true,"valueName":"search_term_string"}}],"inLanguage":"fr-FR"}]}},"_links":{"self":[{"href":"https:\/\/paracherkaoui.ma\/index.php\/wp-json\/wp\/v2\/product\/24599","targetHints":{"allow":["GET"]}}],"collection":[{"href":"https:\/\/paracherkaoui.ma\/index.php\/wp-json\/wp\/v2\/product"}],"about":[{"href":"https:\/\/paracherkaoui.ma\/index.php\/wp-json\/wp\/v2\/types\/product"}],"replies":[{"embeddable":true,"href":"https:\/\/paracherkaoui.ma\/index.php\/wp-json\/wp\/v2\/comments?post=24599"}],"version-history":[{"count":1,"href":"https:\/\/paracherkaoui.ma\/index.php\/wp-json\/wp\/v2\/product\/24599\/revisions"}],"predecessor-version":[{"id":24632,"href":"https:\/\/paracherkaoui.ma\/index.php\/wp-json\/wp\/v2\/product\/24599\/revisions\/24632"}],"wp:featuredmedia":[{"embeddable":true,"href":"https:\/\/paracherkaoui.ma\/index.php\/wp-json\/wp\/v2\/media\/24631"}],"wp:attachment":[{"href":"https:\/\/paracherkaoui.ma\/index.php\/wp-json\/wp\/v2\/media?parent=24599"}],"wp:term":[{"taxonomy":"product_brand","embeddable":true,"href":"https:\/\/paracherkaoui.ma\/index.php\/wp-json\/wp\/v2\/product_brand?post=24599"},{"taxonomy":"product_cat","embeddable":true,"href":"https:\/\/paracherkaoui.ma\/index.php\/wp-json\/wp\/v2\/product_cat?post=24599"},{"taxonomy":"product_tag","embeddable":true,"href":"https:\/\/paracherkaoui.ma\/index.php\/wp-json\/wp\/v2\/product_tag?post=24599"}],"curies":[{"name":"wp","href":"https:\/\/api.w.org\/{rel}","templated":true}]}}