{"id":24561,"date":"2025-12-12T18:20:41","date_gmt":"2025-12-12T17:20:41","guid":{"rendered":"https:\/\/test.ecbeaute.com\/?post_type=product&#038;p=24561"},"modified":"2025-12-12T18:20:43","modified_gmt":"2025-12-12T17:20:43","slug":"avene-cleanance-femmes-soin-nuit-lissant-30-ml-2","status":"publish","type":"product","link":"https:\/\/paracherkaoui.ma\/index.php\/produit\/avene-cleanance-femmes-soin-nuit-lissant-30-ml-2\/","title":{"rendered":"AVENE CLEANANCE FEMMES SOIN NUIT LISSANT 30 ML"},"content":{"rendered":"<p>Destin\u00e9 aux peaux adultes \u00e0 imperfections, ce soin de nuit hydratant att\u00e9nue les imperfections, les taches et les marques r\u00e9siduelles, tout en contribuant \u00e0 lisser le grain de peau. Cleanance Women Soin nuit lissant pr\u00e9sente une efficacit\u00e9 \u00e0 plusieurs niveaux, gr\u00e2ce au Synovea\u2122 HR qui contribue \u00e0 r\u00e9duire les imperfections et limite l&rsquo;oxydation du s\u00e9bum* \u00e0 l&rsquo;origine de l&rsquo;apparition des points noirs et au R\u00e9tinald\u00e9hyde qui favorise l&rsquo;att\u00e9nuation des marques r\u00e9siduelles, et l&rsquo;Eau thermale d\u2019Av\u00e8ne aux propri\u00e9t\u00e9s apaisantes et anti-irritantes. Sa texture non grasse, douce et agr\u00e9able, enveloppe la peau et apporte du confort toute la nuit. Son parfum addictif rend ce soin incontournable \u00e0 appliquer seul ou apr\u00e8s le s\u00e9rum habituel, sur une peau parfaitement nettoy\u00e9e.<\/p>\n","protected":false},"excerpt":{"rendered":"<p>Destin\u00e9 aux peaux adultes \u00e0 imperfections, ce soin de nuit hydratant att\u00e9nue les imperfections, les taches et les marques r\u00e9siduelles,<\/p>\n","protected":false},"featured_media":13419,"comment_status":"open","ping_status":"closed","template":"","meta":[],"product_brand":[136],"product_cat":[502],"product_tag":[],"class_list":{"0":"post-24561","1":"product","2":"type-product","3":"status-publish","4":"has-post-thumbnail","6":"product_brand-avene","7":"product_cat-soins-anti-imperfections","9":"first","10":"instock","11":"sale","12":"shipping-taxable","13":"purchasable","14":"product-type-simple"},"yoast_head":"<!-- This site is optimized with the Yoast SEO plugin v26.6 - https:\/\/yoast.com\/wordpress\/plugins\/seo\/ -->\r\n<title>AVENE CLEANANCE FEMMES SOIN NUIT LISSANT 30 ML - Paracherkaoui.ma<\/title>\r\n<meta name=\"robots\" content=\"index, follow, max-snippet:-1, max-image-preview:large, max-video-preview:-1\" \/>\r\n<link rel=\"canonical\" href=\"https:\/\/paracherkaoui.ma\/index.php\/produit\/avene-cleanance-femmes-soin-nuit-lissant-30-ml-2\/\" \/>\r\n<meta property=\"og:locale\" content=\"fr_FR\" \/>\r\n<meta property=\"og:type\" content=\"article\" \/>\r\n<meta property=\"og:title\" content=\"AVENE CLEANANCE FEMMES SOIN NUIT LISSANT 30 ML - Paracherkaoui.ma\" \/>\r\n<meta property=\"og:description\" content=\"Destin\u00e9 aux peaux adultes \u00e0 imperfections, ce soin de nuit hydratant att\u00e9nue les imperfections, les taches et les marques r\u00e9siduelles,\" \/>\r\n<meta property=\"og:url\" content=\"https:\/\/paracherkaoui.ma\/index.php\/produit\/avene-cleanance-femmes-soin-nuit-lissant-30-ml-2\/\" \/>\r\n<meta property=\"og:site_name\" content=\"Paracherkaoui.ma\" \/>\r\n<meta property=\"article:modified_time\" content=\"2025-12-12T17:20:43+00:00\" \/>\r\n<meta property=\"og:image\" content=\"https:\/\/paracherkaoui.ma\/wp-content\/uploads\/2025\/12\/avene-avene-cleanance-femmes-soin-nuit-lissant-30-ml-soins-anti-imperfections.jpg\" \/>\r\n\t<meta property=\"og:image:width\" content=\"700\" \/>\r\n\t<meta property=\"og:image:height\" content=\"700\" \/>\r\n\t<meta property=\"og:image:type\" content=\"image\/jpeg\" \/>\r\n<meta name=\"twitter:card\" content=\"summary_large_image\" \/>\r\n<meta name=\"twitter:label1\" content=\"Dur\u00e9e de lecture estim\u00e9e\" \/>\n\t<meta name=\"twitter:data1\" content=\"1 minute\" \/>\r\n<script type=\"application\/ld+json\" class=\"yoast-schema-graph\">{\"@context\":\"https:\/\/schema.org\",\"@graph\":[{\"@type\":\"WebPage\",\"@id\":\"https:\/\/paracherkaoui.ma\/index.php\/produit\/avene-cleanance-femmes-soin-nuit-lissant-30-ml-2\/\",\"url\":\"https:\/\/paracherkaoui.ma\/index.php\/produit\/avene-cleanance-femmes-soin-nuit-lissant-30-ml-2\/\",\"name\":\"AVENE CLEANANCE FEMMES SOIN NUIT LISSANT 30 ML - Paracherkaoui.ma\",\"isPartOf\":{\"@id\":\"https:\/\/paracherkaoui.ma\/#website\"},\"primaryImageOfPage\":{\"@id\":\"https:\/\/paracherkaoui.ma\/index.php\/produit\/avene-cleanance-femmes-soin-nuit-lissant-30-ml-2\/#primaryimage\"},\"image\":{\"@id\":\"https:\/\/paracherkaoui.ma\/index.php\/produit\/avene-cleanance-femmes-soin-nuit-lissant-30-ml-2\/#primaryimage\"},\"thumbnailUrl\":\"https:\/\/paracherkaoui.ma\/wp-content\/uploads\/2025\/12\/avene-avene-cleanance-femmes-soin-nuit-lissant-30-ml-soins-anti-imperfections.jpg\",\"datePublished\":\"2025-12-12T17:20:41+00:00\",\"dateModified\":\"2025-12-12T17:20:43+00:00\",\"breadcrumb\":{\"@id\":\"https:\/\/paracherkaoui.ma\/index.php\/produit\/avene-cleanance-femmes-soin-nuit-lissant-30-ml-2\/#breadcrumb\"},\"inLanguage\":\"fr-FR\",\"potentialAction\":[{\"@type\":\"ReadAction\",\"target\":[\"https:\/\/paracherkaoui.ma\/index.php\/produit\/avene-cleanance-femmes-soin-nuit-lissant-30-ml-2\/\"]}]},{\"@type\":\"ImageObject\",\"inLanguage\":\"fr-FR\",\"@id\":\"https:\/\/paracherkaoui.ma\/index.php\/produit\/avene-cleanance-femmes-soin-nuit-lissant-30-ml-2\/#primaryimage\",\"url\":\"https:\/\/paracherkaoui.ma\/wp-content\/uploads\/2025\/12\/avene-avene-cleanance-femmes-soin-nuit-lissant-30-ml-soins-anti-imperfections.jpg\",\"contentUrl\":\"https:\/\/paracherkaoui.ma\/wp-content\/uploads\/2025\/12\/avene-avene-cleanance-femmes-soin-nuit-lissant-30-ml-soins-anti-imperfections.jpg\",\"width\":700,\"height\":700},{\"@type\":\"BreadcrumbList\",\"@id\":\"https:\/\/paracherkaoui.ma\/index.php\/produit\/avene-cleanance-femmes-soin-nuit-lissant-30-ml-2\/#breadcrumb\",\"itemListElement\":[{\"@type\":\"ListItem\",\"position\":1,\"name\":\"Accueil\",\"item\":\"https:\/\/paracherkaoui.ma\/\"},{\"@type\":\"ListItem\",\"position\":2,\"name\":\"Boutique\",\"item\":\"https:\/\/paracherkaoui.ma\/index.php\/boutique\/\"},{\"@type\":\"ListItem\",\"position\":3,\"name\":\"AVENE CLEANANCE FEMMES SOIN NUIT LISSANT 30 ML\"}]},{\"@type\":\"WebSite\",\"@id\":\"https:\/\/paracherkaoui.ma\/#website\",\"url\":\"https:\/\/paracherkaoui.ma\/\",\"name\":\"Paracherkaoui.ma\",\"description\":\"Achetez en ligne sur Paracherkaoui.ma\",\"potentialAction\":[{\"@type\":\"SearchAction\",\"target\":{\"@type\":\"EntryPoint\",\"urlTemplate\":\"https:\/\/paracherkaoui.ma\/?s={search_term_string}\"},\"query-input\":{\"@type\":\"PropertyValueSpecification\",\"valueRequired\":true,\"valueName\":\"search_term_string\"}}],\"inLanguage\":\"fr-FR\"}]}<\/script>\r\n<!-- \/ Yoast SEO plugin. -->","yoast_head_json":{"title":"AVENE CLEANANCE FEMMES SOIN NUIT LISSANT 30 ML - Paracherkaoui.ma","robots":{"index":"index","follow":"follow","max-snippet":"max-snippet:-1","max-image-preview":"max-image-preview:large","max-video-preview":"max-video-preview:-1"},"canonical":"https:\/\/paracherkaoui.ma\/index.php\/produit\/avene-cleanance-femmes-soin-nuit-lissant-30-ml-2\/","og_locale":"fr_FR","og_type":"article","og_title":"AVENE CLEANANCE FEMMES SOIN NUIT LISSANT 30 ML - Paracherkaoui.ma","og_description":"Destin\u00e9 aux peaux adultes \u00e0 imperfections, ce soin de nuit hydratant att\u00e9nue les imperfections, les taches et les marques r\u00e9siduelles,","og_url":"https:\/\/paracherkaoui.ma\/index.php\/produit\/avene-cleanance-femmes-soin-nuit-lissant-30-ml-2\/","og_site_name":"Paracherkaoui.ma","article_modified_time":"2025-12-12T17:20:43+00:00","og_image":[{"width":700,"height":700,"url":"https:\/\/paracherkaoui.ma\/wp-content\/uploads\/2025\/12\/avene-avene-cleanance-femmes-soin-nuit-lissant-30-ml-soins-anti-imperfections.jpg","type":"image\/jpeg"}],"twitter_card":"summary_large_image","twitter_misc":{"Dur\u00e9e de lecture estim\u00e9e":"1 minute"},"schema":{"@context":"https:\/\/schema.org","@graph":[{"@type":"WebPage","@id":"https:\/\/paracherkaoui.ma\/index.php\/produit\/avene-cleanance-femmes-soin-nuit-lissant-30-ml-2\/","url":"https:\/\/paracherkaoui.ma\/index.php\/produit\/avene-cleanance-femmes-soin-nuit-lissant-30-ml-2\/","name":"AVENE CLEANANCE FEMMES SOIN NUIT LISSANT 30 ML - Paracherkaoui.ma","isPartOf":{"@id":"https:\/\/paracherkaoui.ma\/#website"},"primaryImageOfPage":{"@id":"https:\/\/paracherkaoui.ma\/index.php\/produit\/avene-cleanance-femmes-soin-nuit-lissant-30-ml-2\/#primaryimage"},"image":{"@id":"https:\/\/paracherkaoui.ma\/index.php\/produit\/avene-cleanance-femmes-soin-nuit-lissant-30-ml-2\/#primaryimage"},"thumbnailUrl":"https:\/\/paracherkaoui.ma\/wp-content\/uploads\/2025\/12\/avene-avene-cleanance-femmes-soin-nuit-lissant-30-ml-soins-anti-imperfections.jpg","datePublished":"2025-12-12T17:20:41+00:00","dateModified":"2025-12-12T17:20:43+00:00","breadcrumb":{"@id":"https:\/\/paracherkaoui.ma\/index.php\/produit\/avene-cleanance-femmes-soin-nuit-lissant-30-ml-2\/#breadcrumb"},"inLanguage":"fr-FR","potentialAction":[{"@type":"ReadAction","target":["https:\/\/paracherkaoui.ma\/index.php\/produit\/avene-cleanance-femmes-soin-nuit-lissant-30-ml-2\/"]}]},{"@type":"ImageObject","inLanguage":"fr-FR","@id":"https:\/\/paracherkaoui.ma\/index.php\/produit\/avene-cleanance-femmes-soin-nuit-lissant-30-ml-2\/#primaryimage","url":"https:\/\/paracherkaoui.ma\/wp-content\/uploads\/2025\/12\/avene-avene-cleanance-femmes-soin-nuit-lissant-30-ml-soins-anti-imperfections.jpg","contentUrl":"https:\/\/paracherkaoui.ma\/wp-content\/uploads\/2025\/12\/avene-avene-cleanance-femmes-soin-nuit-lissant-30-ml-soins-anti-imperfections.jpg","width":700,"height":700},{"@type":"BreadcrumbList","@id":"https:\/\/paracherkaoui.ma\/index.php\/produit\/avene-cleanance-femmes-soin-nuit-lissant-30-ml-2\/#breadcrumb","itemListElement":[{"@type":"ListItem","position":1,"name":"Accueil","item":"https:\/\/paracherkaoui.ma\/"},{"@type":"ListItem","position":2,"name":"Boutique","item":"https:\/\/paracherkaoui.ma\/index.php\/boutique\/"},{"@type":"ListItem","position":3,"name":"AVENE CLEANANCE FEMMES SOIN NUIT LISSANT 30 ML"}]},{"@type":"WebSite","@id":"https:\/\/paracherkaoui.ma\/#website","url":"https:\/\/paracherkaoui.ma\/","name":"Paracherkaoui.ma","description":"Achetez en ligne sur Paracherkaoui.ma","potentialAction":[{"@type":"SearchAction","target":{"@type":"EntryPoint","urlTemplate":"https:\/\/paracherkaoui.ma\/?s={search_term_string}"},"query-input":{"@type":"PropertyValueSpecification","valueRequired":true,"valueName":"search_term_string"}}],"inLanguage":"fr-FR"}]}},"_links":{"self":[{"href":"https:\/\/paracherkaoui.ma\/index.php\/wp-json\/wp\/v2\/product\/24561","targetHints":{"allow":["GET"]}}],"collection":[{"href":"https:\/\/paracherkaoui.ma\/index.php\/wp-json\/wp\/v2\/product"}],"about":[{"href":"https:\/\/paracherkaoui.ma\/index.php\/wp-json\/wp\/v2\/types\/product"}],"replies":[{"embeddable":true,"href":"https:\/\/paracherkaoui.ma\/index.php\/wp-json\/wp\/v2\/comments?post=24561"}],"version-history":[{"count":1,"href":"https:\/\/paracherkaoui.ma\/index.php\/wp-json\/wp\/v2\/product\/24561\/revisions"}],"predecessor-version":[{"id":24586,"href":"https:\/\/paracherkaoui.ma\/index.php\/wp-json\/wp\/v2\/product\/24561\/revisions\/24586"}],"wp:featuredmedia":[{"embeddable":true,"href":"https:\/\/paracherkaoui.ma\/index.php\/wp-json\/wp\/v2\/media\/13419"}],"wp:attachment":[{"href":"https:\/\/paracherkaoui.ma\/index.php\/wp-json\/wp\/v2\/media?parent=24561"}],"wp:term":[{"taxonomy":"product_brand","embeddable":true,"href":"https:\/\/paracherkaoui.ma\/index.php\/wp-json\/wp\/v2\/product_brand?post=24561"},{"taxonomy":"product_cat","embeddable":true,"href":"https:\/\/paracherkaoui.ma\/index.php\/wp-json\/wp\/v2\/product_cat?post=24561"},{"taxonomy":"product_tag","embeddable":true,"href":"https:\/\/paracherkaoui.ma\/index.php\/wp-json\/wp\/v2\/product_tag?post=24561"}],"curies":[{"name":"wp","href":"https:\/\/api.w.org\/{rel}","templated":true}]}}